{"id":2453,"date":"2024-05-24T09:23:47","date_gmt":"2024-05-24T01:23:47","guid":{"rendered":"http:\/\/www.xminsulation.com\/?page_id=2453"},"modified":"2025-02-25T19:58:16","modified_gmt":"2025-02-25T11:58:16","slug":"custom-apg-cast-epoxy-resin-insulation-parts","status":"publish","type":"page","link":"https:\/\/www.xminsulation.com\/vi\/custom-apg-cast-epoxy-resin-insulation-parts\/","title":{"rendered":"Ph\u1ee5 ki\u1ec7n c\u00e1p"},"content":{"rendered":"<div data-elementor-type=\"wp-page\" data-elementor-id=\"2453\" class=\"elementor elementor-2453\">\r\n\t\t\t\t<div class=\"elementor-element elementor-element-15a761c e-flex e-con-boxed e-con e-parent\" data-id=\"15a761c\" data-element_type=\"container\">\r\n\t\t\t\t\t<div class=\"e-con-inner\">\r\n\t\t\t\t<div class=\"elementor-element elementor-element-3ebc2f3 elementor-widget elementor-widget-html\" data-id=\"3ebc2f3\" data-element_type=\"widget\" data-widget_type=\"html.default\">\r\n\t\t\t\t<div class=\"elementor-widget-container\">\r\n\t\t\t<br>\r\n<br>\r\n\t<style>\r\nh1, .entry-content h1, .entry-content h1 a {\r\n  \r\n    font-size: 5.3571428571429rem;\r\n    font-family: 'Montserrat',sans-serif;\r\n    line-height: 1.3em;color: #92c83e;font-weight: 400;\r\n}\r\n.elementor-2453 .elementor-element.elementor-element-39d1915 .elementor-image-box-wrapper .elementor-image-box-img {\r\n    width: 100%;\r\n}\r\n.elementor-2453 .elementor-element.elementor-element-03e6cbd .elementor-image-box-wrapper .elementor-image-box-img {\r\n    width: 100%;\r\n}\r\n.elementor-2453 .elementor-element.elementor-element-5d84de1 .elementor-image-box-wrapper .elementor-image-box-img {\r\n    width: 100%;\r\n}\r\n.elementor-2453 .elementor-element.elementor-element-f3fbdcc .elementor-image-box-wrapper .elementor-image-box-img {\r\n    width: 100%;\r\n}\r\n\t\r\n\t<\/style>\t\r\n<div id=\"content\" class=\"site-content\">\r\n<nav class=\"woocommerce-breadcrumb\" aria-label=\"v\u1ee5n b\u00e1nh m\u00ec\"><a href=\"\/vi\/\">Trang ch\u1ee7<\/a>&nbsp;\/&nbsp;<a href=\"\/vi\/danh-muc-san-pham\/products\/\">C\u00c1C S\u1ea2N PH\u1ea8M<\/a>&nbsp;\/ C\u00e1c b\u1ed9 ph\u1eadn c\u00e1ch nhi\u1ec7t b\u1eb1ng nh\u1ef1a Epoxy \u0111\u00fac APG t\u00f9y ch\u1ec9nh<\/nav>\r\n\r\n<header class=\"woocommerce-products-header\">\r\n\t\t\t<h1 class=\"woocommerce-products-header__title page-title\">Linh ki\u1ec7n c\u00e1ch nhi\u1ec7t b\u1eb1ng nh\u1ef1a Epoxy \u0111\u00fac APG t\u00f9y ch\u1ec9nh<\/h1>\r\n\t\r\n\t<\/header>\r\n\t<\/div>\r\n\t\r\n\t\t<\/div>\r\n\t\t\t\t<\/div>\r\n\t\t\t\t\t<\/div>\r\n\t\t\t\t<\/div>\r\n\t\t<div class=\"elementor-element elementor-element-5babf6c e-flex e-con-boxed e-con e-parent\" data-id=\"5babf6c\" data-element_type=\"container\">\r\n\t\t\t\t\t<div class=\"e-con-inner\">\r\n\t\t<div class=\"elementor-element elementor-element-e5bbe22 e-con-full e-flex e-con e-child\" data-id=\"e5bbe22\" data-element_type=\"container\">\r\n\t\t\t\t<div class=\"elementor-element elementor-element-39d1915 elementor-position-top elementor-widget elementor-widget-image-box\" data-id=\"39d1915\" data-element_type=\"widget\" data-widget_type=\"image-box.default\">\r\n\t\t\t\t<div class=\"elementor-widget-container\">\r\n\t\t\t<style>\/*! elementor - v3.21.0 - 25-04-2024 *\/\n.elementor-widget-image-box .elementor-image-box-content{width:100%}@media (min-width:768px){.elementor-widget-image-box.elementor-position-left .elementor-image-box-wrapper,.elementor-widget-image-box.elementor-position-right .elementor-image-box-wrapper{display:flex}.elementor-widget-image-box.elementor-position-right .elementor-image-box-wrapper{text-align:end;flex-direction:row-reverse}.elementor-widget-image-box.elementor-position-left .elementor-image-box-wrapper{text-align:start;flex-direction:row}.elementor-widget-image-box.elementor-position-top .elementor-image-box-img{margin:auto}.elementor-widget-image-box.elementor-vertical-align-top .elementor-image-box-wrapper{align-items:flex-start}.elementor-widget-image-box.elementor-vertical-align-middle .elementor-image-box-wrapper{align-items:center}.elementor-widget-image-box.elementor-vertical-align-bottom .elementor-image-box-wrapper{align-items:flex-end}}@media (max-width:767px){.elementor-widget-image-box .elementor-image-box-img{margin-left:auto!important;margin-right:auto!important;margin-bottom:15px}}.elementor-widget-image-box .elementor-image-box-img{display:inline-block}.elementor-widget-image-box .elementor-image-box-title a{color:inherit}.elementor-widget-image-box .elementor-image-box-wrapper{text-align:center}.elementor-widget-image-box .elementor-image-box-description{margin:0}<\/style><div class=\"elementor-image-box-wrapper\"><figure class=\"elementor-image-box-img\"><a href=\"\/vi\/danh-muc-san-pham\/products\/custom-medium-voltage-epoxy-resin-insulation-parts\/pole-series\/\" tabindex=\"-1\"><img fetchpriority=\"high\" decoding=\"async\" width=\"640\" height=\"640\" src=\"https:\/\/www.xminsulation.com\/wp-content\/uploads\/2024\/12\/\u56fe\u72471-1.png\" class=\"attachment-full size-full wp-image-3170\" alt=\"\" srcset=\"https:\/\/www.xminsulation.com\/wp-content\/uploads\/2024\/12\/\u56fe\u72471-1.png 640w, https:\/\/www.xminsulation.com\/wp-content\/uploads\/2024\/12\/\u56fe\u72471-1-300x300.png 300w, https:\/\/www.xminsulation.com\/wp-content\/uploads\/2024\/12\/\u56fe\u72471-1-150x150.png 150w, https:\/\/www.xminsulation.com\/wp-content\/uploads\/2024\/12\/\u56fe\u72471-1-12x12.png 12w, https:\/\/www.xminsulation.com\/wp-content\/uploads\/2024\/12\/\u56fe\u72471-1-600x600.png 600w, https:\/\/www.xminsulation.com\/wp-content\/uploads\/2024\/12\/\u56fe\u72471-1-100x100.png 100w\" sizes=\"(max-width: 640px) 100vw, 640px\" \/><\/a><\/figure><div class=\"elementor-image-box-content\"><h6 class=\"elementor-image-box-title\"><a href=\"\/vi\/danh-muc-san-pham\/products\/custom-medium-voltage-epoxy-resin-insulation-parts\/pole-series\/\">D\u00f2ng C\u1ef1c<\/a><\/h6><p class=\"elementor-image-box-description\"><div class=\"elementor-button-wrapper\">\n\t\t\t<a class=\"elementor-button elementor-button-link elementor-size-sm\" href=\"\/vi\/danh-muc-san-pham\/products\/custom-medium-voltage-epoxy-resin-insulation-parts\/pole-series\/\">\n\t\t\t\t\t\t<span class=\"elementor-button-content-wrapper\">\n\t\t\t\t\t\t\t\t\t<span class=\"elementor-button-text\">\u0110\u1ecdc th\u00eam<\/span>\n\t\t\t\t\t<\/span>\n\t\t\t\t\t<\/a>\n\t\t<\/div><\/p><\/div><\/div>\t\t<\/div>\r\n\t\t\t\t<\/div>\r\n\t\t\t\t<\/div>\r\n\t\t<div class=\"elementor-element elementor-element-2cdffd2 e-con-full e-flex e-con e-child\" data-id=\"2cdffd2\" data-element_type=\"container\">\r\n\t\t\t\t<div class=\"elementor-element elementor-element-03e6cbd elementor-position-top elementor-widget elementor-widget-image-box\" data-id=\"03e6cbd\" data-element_type=\"widget\" data-widget_type=\"image-box.default\">\r\n\t\t\t\t<div class=\"elementor-widget-container\">\r\n\t\t\t<div class=\"elementor-image-box-wrapper\"><figure class=\"elementor-image-box-img\"><a href=\"\/vi\/danh-muc-san-pham\/products\/custom-medium-voltage-epoxy-resin-insulation-parts\/insulated-bushing-series\/\" tabindex=\"-1\"><img decoding=\"async\" width=\"640\" height=\"640\" src=\"https:\/\/www.xminsulation.com\/wp-content\/uploads\/2024\/12\/\u56fe\u72472-1.png\" class=\"attachment-full size-full wp-image-3171\" alt=\"\" srcset=\"https:\/\/www.xminsulation.com\/wp-content\/uploads\/2024\/12\/\u56fe\u72472-1.png 640w, https:\/\/www.xminsulation.com\/wp-content\/uploads\/2024\/12\/\u56fe\u72472-1-300x300.png 300w, https:\/\/www.xminsulation.com\/wp-content\/uploads\/2024\/12\/\u56fe\u72472-1-150x150.png 150w, https:\/\/www.xminsulation.com\/wp-content\/uploads\/2024\/12\/\u56fe\u72472-1-12x12.png 12w, https:\/\/www.xminsulation.com\/wp-content\/uploads\/2024\/12\/\u56fe\u72472-1-600x600.png 600w, https:\/\/www.xminsulation.com\/wp-content\/uploads\/2024\/12\/\u56fe\u72472-1-100x100.png 100w\" sizes=\"(max-width: 640px) 100vw, 640px\" \/><\/a><\/figure><div class=\"elementor-image-box-content\"><h6 class=\"elementor-image-box-title\"><a href=\"\/vi\/danh-muc-san-pham\/products\/custom-medium-voltage-epoxy-resin-insulation-parts\/insulated-bushing-series\/\">D\u00f2ng \u1ed1ng l\u00f3t c\u00e1ch \u0111i\u1ec7n<\/a><\/h6><p class=\"elementor-image-box-description\"><div class=\"elementor-button-wrapper\">\n\t\t\t<a class=\"elementor-button elementor-button-link elementor-size-sm\" href=\"\/vi\/danh-muc-san-pham\/products\/custom-medium-voltage-epoxy-resin-insulation-parts\/insulated-bushing-series\/\">\n\t\t\t\t\t\t<span class=\"elementor-button-content-wrapper\">\n\t\t\t\t\t\t\t\t\t<span class=\"elementor-button-text\">\u0110\u1ecdc th\u00eam<\/span>\n\t\t\t\t\t<\/span>\n\t\t\t\t\t<\/a>\n\t\t<\/div><\/p><\/div><\/div>\t\t<\/div>\r\n\t\t\t\t<\/div>\r\n\t\t\t\t<\/div>\r\n\t\t<div class=\"elementor-element elementor-element-0355f79 e-con-full e-flex e-con e-child\" data-id=\"0355f79\" data-element_type=\"container\">\r\n\t\t\t\t<div class=\"elementor-element elementor-element-5d84de1 elementor-position-top elementor-widget elementor-widget-image-box\" data-id=\"5d84de1\" data-element_type=\"widget\" data-widget_type=\"image-box.default\">\r\n\t\t\t\t<div class=\"elementor-widget-container\">\r\n\t\t\t<div class=\"elementor-image-box-wrapper\"><figure class=\"elementor-image-box-img\"><a href=\"\/vi\/danh-muc-san-pham\/products\/custom-medium-voltage-epoxy-resin-insulation-parts\/insulator-series\/\" tabindex=\"-1\"><img decoding=\"async\" width=\"550\" height=\"550\" src=\"https:\/\/www.xminsulation.com\/wp-content\/uploads\/2024\/12\/\u56fe\u72473.png\" class=\"attachment-full size-full wp-image-3172\" alt=\"\" srcset=\"https:\/\/www.xminsulation.com\/wp-content\/uploads\/2024\/12\/\u56fe\u72473.png 550w, https:\/\/www.xminsulation.com\/wp-content\/uploads\/2024\/12\/\u56fe\u72473-300x300.png 300w, https:\/\/www.xminsulation.com\/wp-content\/uploads\/2024\/12\/\u56fe\u72473-150x150.png 150w, https:\/\/www.xminsulation.com\/wp-content\/uploads\/2024\/12\/\u56fe\u72473-12x12.png 12w, https:\/\/www.xminsulation.com\/wp-content\/uploads\/2024\/12\/\u56fe\u72473-100x100.png 100w\" sizes=\"(max-width: 550px) 100vw, 550px\" \/><\/a><\/figure><div class=\"elementor-image-box-content\"><h6 class=\"elementor-image-box-title\"><a href=\"\/vi\/danh-muc-san-pham\/products\/custom-medium-voltage-epoxy-resin-insulation-parts\/insulator-series\/\">D\u00f2ng c\u00e1ch \u0111i\u1ec7n<\/a><\/h6><p class=\"elementor-image-box-description\"><div class=\"elementor-button-wrapper\">\n\t\t\t<a class=\"elementor-button elementor-button-link elementor-size-sm\" href=\"\/vi\/danh-muc-san-pham\/products\/custom-medium-voltage-epoxy-resin-insulation-parts\/insulator-series\/\">\n\t\t\t\t\t\t<span class=\"elementor-button-content-wrapper\">\n\t\t\t\t\t\t\t\t\t<span class=\"elementor-button-text\">\u0110\u1ecdc th\u00eam<\/span>\n\t\t\t\t\t<\/span>\n\t\t\t\t\t<\/a>\n\t\t<\/div><\/p><\/div><\/div>\t\t<\/div>\r\n\t\t\t\t<\/div>\r\n\t\t\t\t<\/div>\r\n\t\t<div class=\"elementor-element elementor-element-02f3845 e-con-full e-flex e-con e-child\" data-id=\"02f3845\" data-element_type=\"container\">\r\n\t\t\t\t<div class=\"elementor-element elementor-element-f3fbdcc elementor-position-top elementor-widget elementor-widget-image-box\" data-id=\"f3fbdcc\" data-element_type=\"widget\" data-widget_type=\"image-box.default\">\r\n\t\t\t\t<div class=\"elementor-widget-container\">\r\n\t\t\t<div class=\"elementor-image-box-wrapper\"><figure class=\"elementor-image-box-img\"><a href=\"\/vi\/danh-muc-san-pham\/products\/custom-medium-voltage-epoxy-resin-insulation-parts\/inner-cone-series\/\" tabindex=\"-1\"><img loading=\"lazy\" decoding=\"async\" width=\"700\" height=\"700\" src=\"https:\/\/www.xminsulation.com\/wp-content\/uploads\/2024\/12\/\u56fe\u72474.png\" class=\"attachment-full size-full wp-image-3173\" alt=\"\" srcset=\"https:\/\/www.xminsulation.com\/wp-content\/uploads\/2024\/12\/\u56fe\u72474.png 700w, https:\/\/www.xminsulation.com\/wp-content\/uploads\/2024\/12\/\u56fe\u72474-300x300.png 300w, https:\/\/www.xminsulation.com\/wp-content\/uploads\/2024\/12\/\u56fe\u72474-150x150.png 150w, https:\/\/www.xminsulation.com\/wp-content\/uploads\/2024\/12\/\u56fe\u72474-12x12.png 12w, https:\/\/www.xminsulation.com\/wp-content\/uploads\/2024\/12\/\u56fe\u72474-600x600.png 600w, https:\/\/www.xminsulation.com\/wp-content\/uploads\/2024\/12\/\u56fe\u72474-100x100.png 100w\" sizes=\"(max-width: 700px) 100vw, 700px\" \/><\/a><\/figure><div class=\"elementor-image-box-content\"><h6 class=\"elementor-image-box-title\"><a href=\"\/vi\/danh-muc-san-pham\/products\/custom-medium-voltage-epoxy-resin-insulation-parts\/inner-cone-series\/\">D\u00f2ng n\u00f3n b\u00ean trong<\/a><\/h6><p class=\"elementor-image-box-description\"><div class=\"elementor-button-wrapper\">\n\t\t\t<a class=\"elementor-button elementor-button-link elementor-size-sm\" href=\"\/vi\/danh-muc-san-pham\/products\/custom-medium-voltage-epoxy-resin-insulation-parts\/inner-cone-series\/\">\n\t\t\t\t\t\t<span class=\"elementor-button-content-wrapper\">\n\t\t\t\t\t\t\t\t\t<span class=\"elementor-button-text\">\u0110\u1ecdc th\u00eam<\/span>\n\t\t\t\t\t<\/span>\n\t\t\t\t\t<\/a>\n\t\t<\/div><\/p><\/div><\/div>\t\t<\/div>\r\n\t\t\t\t<\/div>\r\n\t\t\t\t<\/div>\r\n\t\t<div class=\"elementor-element elementor-element-12868d5 e-con-full e-flex e-con e-child\" data-id=\"12868d5\" data-element_type=\"container\">\r\n\t\t\t\t<div class=\"elementor-element elementor-element-f0ded28 elementor-position-top elementor-widget elementor-widget-image-box\" data-id=\"f0ded28\" data-element_type=\"widget\" data-widget_type=\"image-box.default\">\r\n\t\t\t\t<div class=\"elementor-widget-container\">\r\n\t\t\t<div class=\"elementor-image-box-wrapper\"><figure class=\"elementor-image-box-img\"><a href=\"\/vi\/danh-muc-san-pham\/products\/custom-medium-voltage-epoxy-resin-insulation-parts\/fuse-barrel-series\/\" tabindex=\"-1\"><img loading=\"lazy\" decoding=\"async\" width=\"803\" height=\"803\" src=\"https:\/\/www.xminsulation.com\/wp-content\/uploads\/2024\/12\/\u56fe\u72475.png\" class=\"attachment-full size-full wp-image-3174\" alt=\"\" srcset=\"https:\/\/www.xminsulation.com\/wp-content\/uploads\/2024\/12\/\u56fe\u72475.png 803w, https:\/\/www.xminsulation.com\/wp-content\/uploads\/2024\/12\/\u56fe\u72475-300x300.png 300w, https:\/\/www.xminsulation.com\/wp-content\/uploads\/2024\/12\/\u56fe\u72475-150x150.png 150w, https:\/\/www.xminsulation.com\/wp-content\/uploads\/2024\/12\/\u56fe\u72475-768x768.png 768w, https:\/\/www.xminsulation.com\/wp-content\/uploads\/2024\/12\/\u56fe\u72475-12x12.png 12w, https:\/\/www.xminsulation.com\/wp-content\/uploads\/2024\/12\/\u56fe\u72475-600x600.png 600w, https:\/\/www.xminsulation.com\/wp-content\/uploads\/2024\/12\/\u56fe\u72475-100x100.png 100w\" sizes=\"(max-width: 803px) 100vw, 803px\" \/><\/a><\/figure><div class=\"elementor-image-box-content\"><h6 class=\"elementor-image-box-title\"><a href=\"\/vi\/danh-muc-san-pham\/products\/custom-medium-voltage-epoxy-resin-insulation-parts\/fuse-barrel-series\/\">D\u00f2ng th\u00f9ng c\u1ea7u ch\u00ec<\/a><\/h6><p class=\"elementor-image-box-description\"><div class=\"elementor-button-wrapper\">\n\t\t\t<a class=\"elementor-button elementor-button-link elementor-size-sm\" href=\"\/vi\/danh-muc-san-pham\/products\/custom-medium-voltage-epoxy-resin-insulation-parts\/fuse-barrel-series\/\">\n\t\t\t\t\t\t<span class=\"elementor-button-content-wrapper\">\n\t\t\t\t\t\t\t\t\t<span class=\"elementor-button-text\">\u0110\u1ecdc th\u00eam<\/span>\n\t\t\t\t\t<\/span>\n\t\t\t\t\t<\/a>\n\t\t<\/div><\/p><\/div><\/div>\t\t<\/div>\r\n\t\t\t\t<\/div>\r\n\t\t\t\t<\/div>\r\n\t\t\t\t\t<\/div>\r\n\t\t\t\t<\/div>\r\n\t\t\t\t<\/div>","protected":false},"excerpt":{"rendered":"<p>Home&nbsp;\/&nbsp;PRODUCTS&nbsp;\/&nbsp;Custom APG Cast Epoxy Resin Insulation Parts Custom APG Cast Epoxy Resin Insulation Parts Pole Series Read more Insulated Bushing Series Read more Insulator Series Read more Inner Cone Series Read more Fuse Barrel Series Read more<\/p>","protected":false},"author":1,"featured_media":0,"parent":0,"menu_order":0,"comment_status":"closed","ping_status":"closed","template":"","meta":{"site-sidebar-layout":"no-sidebar","site-content-layout":"page-builder","ast-site-content-layout":"full-width-container","site-content-style":"default","site-sidebar-style":"default","ast-global-header-display":"","ast-banner-title-visibility":"","ast-main-header-display":"","ast-hfb-above-header-display":"","ast-hfb-below-header-display":"","ast-hfb-mobile-header-display":"","site-post-title":"disabled","ast-breadcrumbs-content":"","ast-featured-img":"disabled","footer-sml-layout":"","theme-transparent-header-meta":"","adv-header-id-meta":"","stick-header-meta":"","header-above-stick-meta":"","header-main-stick-meta":"","header-below-stick-meta":"","astra-migrate-meta-layouts":"set","ast-page-background-enabled":"default","ast-page-background-meta":{"desktop":{"background-color":"","background-image":"","background-repeat":"repeat","background-position":"center center","background-size":"auto","background-attachment":"scroll","background-type":"","background-media":"","overlay-type":"","overlay-color":"","overlay-gradient":""},"tablet":{"background-color":"","background-image":"","background-repeat":"repeat","background-position":"center center","background-size":"auto","background-attachment":"scroll","background-type":"","background-media":"","overlay-type":"","overlay-color":"","overlay-gradient":""},"mobile":{"background-color":"","background-image":"","background-repeat":"repeat","background-position":"center center","background-size":"auto","background-attachment":"scroll","background-type":"","background-media":"","overlay-type":"","overlay-color":"","overlay-gradient":""}},"ast-content-background-meta":{"desktop":{"background-color":"var(--ast-global-color-5)","background-image":"","background-repeat":"repeat","background-position":"center center","background-size":"auto","background-attachment":"scroll","background-type":"","background-media":"","overlay-type":"","overlay-color":"","overlay-gradient":""},"tablet":{"background-color":"var(--ast-global-color-5)","background-image":"","background-repeat":"repeat","background-position":"center center","background-size":"auto","background-attachment":"scroll","background-type":"","background-media":"","overlay-type":"","overlay-color":"","overlay-gradient":""},"mobile":{"background-color":"var(--ast-global-color-5)","background-image":"","background-repeat":"repeat","background-position":"center center","background-size":"auto","background-attachment":"scroll","background-type":"","background-media":"","overlay-type":"","overlay-color":"","overlay-gradient":""}},"footnotes":""},"class_list":["post-2453","page","type-page","status-publish","hentry"],"_links":{"self":[{"href":"https:\/\/www.xminsulation.com\/vi\/wp-json\/wp\/v2\/pages\/2453","targetHints":{"allow":["GET"]}}],"collection":[{"href":"https:\/\/www.xminsulation.com\/vi\/wp-json\/wp\/v2\/pages"}],"about":[{"href":"https:\/\/www.xminsulation.com\/vi\/wp-json\/wp\/v2\/types\/page"}],"author":[{"embeddable":true,"href":"https:\/\/www.xminsulation.com\/vi\/wp-json\/wp\/v2\/users\/1"}],"replies":[{"embeddable":true,"href":"https:\/\/www.xminsulation.com\/vi\/wp-json\/wp\/v2\/comments?post=2453"}],"version-history":[{"count":16,"href":"https:\/\/www.xminsulation.com\/vi\/wp-json\/wp\/v2\/pages\/2453\/revisions"}],"predecessor-version":[{"id":3706,"href":"https:\/\/www.xminsulation.com\/vi\/wp-json\/wp\/v2\/pages\/2453\/revisions\/3706"}],"wp:attachment":[{"href":"https:\/\/www.xminsulation.com\/vi\/wp-json\/wp\/v2\/media?parent=2453"}],"curies":[{"name":"wp","href":"https:\/\/api.w.org\/{rel}","templated":true}]}}