{"id":884,"date":"2024-04-29T08:48:47","date_gmt":"2024-04-29T00:48:47","guid":{"rendered":"http:\/\/www.xminsulation.com\/?post_type=product&#038;p=884"},"modified":"2024-05-24T10:12:57","modified_gmt":"2024-05-24T02:12:57","slug":"offer-technical-support-and-technical-verification-services-for-medium-voltage-power-distribution-to-foreign-customers","status":"publish","type":"product","link":"https:\/\/www.xminsulation.com\/tr\/product\/offer-technical-support-and-technical-verification-services-for-medium-voltage-power-distribution-to-foreign-customers\/","title":{"rendered":"Yabanc\u0131 M\u00fc\u015fterilere Orta Gerilim Enerji Da\u011f\u0131t\u0131m\u0131 \u0130\u00e7in Teknik Destek ve Teknik Do\u011frulama Hizmetleri Sunun"},"content":{"rendered":"<p>Sadece proje i\u015f birli\u011fi yap\u0131p eksiksiz bir \u00e7\u00f6z\u00fcm seti sunmakla kalmay\u0131p, ayn\u0131 zamanda sat\u0131n alma temsilciniz olarak da hizmet verebiliriz. Ayr\u0131ca, \u00fcretim, test, kurulum, devreye alma ve di\u011fer hizmetlerin tam setini sa\u011flamak gibi teknik dan\u0131\u015fmanl\u0131k ve teknik hizmetler de sa\u011flayabiliriz. Ayr\u0131ca, yabanc\u0131 m\u00fc\u015fteriler i\u00e7in \u00fcretim ve imalat e\u011fitimi sa\u011flayabilir ve yabanc\u0131 m\u00fc\u015fterilere yerelle\u015ftirilmi\u015f \u00fcretim ve imalat\u0131n uygulanmas\u0131nda destek sa\u011flayabiliriz.<\/p>\n<p>Kullan\u0131mda olan bir \u00fcr\u00fcn, \u00fcretimde olan bir \u00fcr\u00fcn veya geli\u015ftirilmekte olan bir \u00fcr\u00fcn olmas\u0131 fark etmez, \u00fcr\u00fcn, teknoloji veya tasar\u0131mda ne t\u00fcr sorunlar veya zorluklarla kar\u015f\u0131la\u015f\u0131rsan\u0131z kar\u015f\u0131la\u015f\u0131n, yeter ki bu orta gerilim g\u00fc\u00e7 da\u011f\u0131t\u0131m kategorisine ait olsun, istedi\u011finiz zaman bize gelebilirsiniz ve biz de bunu \u00e7\u00f6zmek i\u00e7in elimizden geleni yapaca\u011f\u0131z.<\/p>\n<p>Yabanc\u0131 m\u00fc\u015fteriler yeni bir \u00fcr\u00fcn veya \u00e7\u00f6z\u00fcm benimsemek istediklerinde, bunu daha \u00f6nce hi\u00e7 yapmam\u0131\u015flard\u0131r ve bunun ger\u00e7ekten uygulanabilir olup olmad\u0131\u011f\u0131n\u0131 de\u011ferlendirmek i\u00e7in ilgili sonu\u00e7lara sahip de\u011fillerdir. \u00c7ok emin de\u011fillerdir ve bunu aceleyle uygulamaya cesaret edemezler, ancak ayn\u0131 zamanda kolayca pes etmeye de yana\u015fmazlar. Dahas\u0131, yabanc\u0131 end\u00fcstriyel zincirlerin yukar\u0131 ve a\u015fa\u011f\u0131 ak\u0131\u015f destek tesislerinin \u00c7in&#039;deki kadar eksiksiz olmamas\u0131, ilgili bile\u015fenlerin veya yedek par\u00e7alar\u0131n yeterince bol olmamas\u0131 ve basit \u00f6zelle\u015ftirmenin yeterince kolay ve h\u0131zl\u0131 olmamas\u0131 vb. nedeniyle, baz\u0131 \u00f6nemli yeni \u00fcr\u00fcn geli\u015ftirme projeleri yaln\u0131zca tekrar tekrar ertelenebilir.<\/p>\n<p>Siz de bu t\u00fcr sorunlar ya\u015f\u0131yorsan\u0131z, l\u00fctfen yard\u0131m istemekten \u00e7ekinmeyin! K\u0131demli bir Ar-Ge ekibimiz var ve bir\u00e7ok teknik uzman\u0131n 20 y\u0131l\u0131 a\u015fk\u0131n sekt\u00f6r deneyimi var. Ba\u015f m\u00fchendisimiz sadece orta gerilim ve al\u00e7ak gerilim konusunda uzman de\u011fil, ayn\u0131 zamanda anahtarlar\u0131n ve bile\u015fenlerin, \u00e7al\u0131\u015fma mekanizmalar\u0131n\u0131n, kal\u0131plar\u0131n, makinelerin, komple ekipman setlerinin vb. tasar\u0131m\u0131, geli\u015ftirilmesi ve \u00fcretimi konusunda da derin bilgiye sahip. Orta gerilim ve al\u00e7ak gerilim teknolojilerini entegre edebilme ve birden fazla disiplini ve s\u00fcreci m\u00fckemmel bir \u015fekilde entegre edebilme konusundaki benzersiz avantaj\u0131m\u0131z, \u00c7in&#039;in eksiksiz end\u00fcstriyel destek tesisleri ve eksiksiz test cihazlar\u0131m\u0131z ve di\u011fer elveri\u015fli ko\u015fullarla birle\u015fti\u011finde, do\u011frulama sonu\u00e7lar\u0131n\u0131 h\u0131zl\u0131 bir \u015fekilde sa\u011flaman\u0131za ve bir sonraki ad\u0131m planlar\u0131n\u0131n veya gerekli ayarlamalar\u0131n onaylanmas\u0131 ve ortadan kald\u0131r\u0131lmas\u0131 i\u00e7in g\u00fcvenilir bir temel sa\u011flaman\u0131za yard\u0131mc\u0131 olabilir.<\/p>\n<p>Son birka\u00e7 y\u0131ld\u0131r, bu t\u00fcr yard\u0131m\u0131 birka\u00e7 yabanc\u0131 m\u00fc\u015fteriye ba\u015far\u0131yla sa\u011flad\u0131k ve hepsi verimlili\u011fimize \u015fa\u015f\u0131rd\u0131! K\u0131demli bir \u0130talyan m\u00fchendis, 4 y\u0131ldan uzun s\u00fcredir \u00e7ok d\u00fc\u015f\u00fcnd\u00fcklerini s\u00f6yledi. \u00d6n do\u011frulaman\u0131n olmamas\u0131 nedeniyle tasar\u0131m tekrar tekrar de\u011fi\u015ftirildi, ancak proje her zaman ayn\u0131 yolda kald\u0131. Bize teknik g\u00f6steri g\u00f6revini verdikten sonra, y\u0131llard\u0131r istedikleri cevab\u0131 almam\u0131z bir aydan az s\u00fcrd\u00fc.<\/p>\n<p>\u0130\u015fbirli\u011fimiz sayesinde m\u00fc\u015fterilerimizin sadece k\u00fc\u00e7\u00fck bir miktar para harcayarak istedikleri sonu\u00e7lara en k\u0131sa s\u00fcrede ula\u015fmalar\u0131, ayn\u0131 zamanda bir sonraki ad\u0131m i\u00e7in y\u00f6n g\u00f6stermeleri sa\u011flan\u0131yor.<\/p>\n<p>Baz\u0131 belirli end\u00fcstrilere, \u00f6zel ama\u00e7lara vb. dayanarak, bu \u00fcr\u00fcnler veya teknolojiler i\u00e7in ilgili bilgi ve deneyime sahip olmayabiliriz. \u00c7al\u0131\u015fmay\u0131 \u015firketinizin sa\u011flad\u0131\u011f\u0131 belirli gereksinimlere g\u00f6re ger\u00e7ekle\u015ftirece\u011fiz veya baz\u0131lar\u0131 \u00c7inli meslekta\u015flar\u0131m\u0131za veya \u00f6\u011fretmenlerimize veya Uzmanlara vb. dan\u0131\u015fmam\u0131z\u0131 gerektirebilir, m\u00fc\u015fterilere maksimum d\u00fczeyde i\u015fbirli\u011fi yapmak ve hizmet etmek i\u00e7in kendimizi olabildi\u011fince \u00f6\u011frenecek ve geli\u015ftirece\u011fiz.<\/p>\n<p>\u0130htiya\u00e7lar\u0131n\u0131z oldu\u011fu s\u00fcrece taleplerinize cevap verece\u011fiz, \u00f6n g\u00f6sterimlerde aktif olarak yard\u0131mc\u0131 olaca\u011f\u0131z ve teknik deste\u011fin her t\u00fcrl\u00fc y\u00f6n\u00fcn\u00fc eksiksiz sa\u011flayaca\u011f\u0131z!<\/p>\n<p>E\u011fer teknik departman\u0131m\u0131z\u0131n bir \u00fcyesi de\u011filseniz ve teknik departman\u0131n\u0131zda benzer sorunlar veya ihtiya\u00e7lar varsa, l\u00fctfen bu makaleyi teknik ekibinize iletin; b\u00f6ylece yeni \u00e7\u00f6z\u00fcm\u00fcn erken ve sorunsuz bir \u015fekilde uygulanmas\u0131n\u0131 te\u015fvik etmi\u015f olursunuz.<\/p>\n<p><img fetchpriority=\"high\" decoding=\"async\" class=\"alignnone wp-image-885 size-full\" src=\"http:\/\/www.xminsulation.com\/wp-content\/uploads\/2024\/04\/\u56fe\u72471.png\" alt=\"\" width=\"1064\" height=\"770\" srcset=\"https:\/\/www.xminsulation.com\/wp-content\/uploads\/2024\/04\/\u56fe\u72471.png 1064w, https:\/\/www.xminsulation.com\/wp-content\/uploads\/2024\/04\/\u56fe\u72471-300x217.png 300w, https:\/\/www.xminsulation.com\/wp-content\/uploads\/2024\/04\/\u56fe\u72471-1024x741.png 1024w, https:\/\/www.xminsulation.com\/wp-content\/uploads\/2024\/04\/\u56fe\u72471-768x556.png 768w, https:\/\/www.xminsulation.com\/wp-content\/uploads\/2024\/04\/\u56fe\u72471-600x434.png 600w\" sizes=\"(max-width: 1064px) 100vw, 1064px\" \/><\/p>\n<p>&nbsp;<\/p>","protected":false},"excerpt":{"rendered":"<p>We can not only carry out project cooperation and provide a complete set of solutions, but also serve as your purchasing agent. We can also provide technical consultation and technical services, such as providing a full set of production, testing, installation, commissioning and other services. In addition, we can also provide production and manufacturing training [&hellip;]<\/p>","protected":false},"featured_media":885,"template":"","meta":{"site-sidebar-layout":"default","site-content-layout":"","ast-site-content-layout":"default","site-content-style":"default","site-sidebar-style":"default","ast-global-header-display":"","ast-banner-title-visibility":"","ast-main-header-display":"","ast-hfb-above-header-display":"","ast-hfb-below-header-display":"","ast-hfb-mobile-header-display":"","site-post-title":"disabled","ast-breadcrumbs-content":"","ast-featured-img":"","footer-sml-layout":"","theme-transparent-header-meta":"default","adv-header-id-meta":"","stick-header-meta":"","header-above-stick-meta":"","header-main-stick-meta":"","header-below-stick-meta":"","astra-migrate-meta-layouts":"set","ast-page-background-enabled":"default","ast-page-background-meta":{"desktop":{"background-color":"","background-image":"","background-repeat":"repeat","background-position":"center center","background-size":"auto","background-attachment":"scroll","background-type":"","background-media":"","overlay-type":"","overlay-color":"","overlay-gradient":""},"tablet":{"background-color":"","background-image":"","background-repeat":"repeat","background-position":"center center","background-size":"auto","background-attachment":"scroll","background-type":"","background-media":"","overlay-type":"","overlay-color":"","overlay-gradient":""},"mobile":{"background-color":"","background-image":"","background-repeat":"repeat","background-position":"center center","background-size":"auto","background-attachment":"scroll","background-type":"","background-media":"","overlay-type":"","overlay-color":"","overlay-gradient":""}},"ast-content-background-meta":{"desktop":{"background-color":"var(--ast-global-color-5)","background-image":"","background-repeat":"repeat","background-position":"center center","background-size":"auto","background-attachment":"scroll","background-type":"","background-media":"","overlay-type":"","overlay-color":"","overlay-gradient":""},"tablet":{"background-color":"var(--ast-global-color-5)","background-image":"","background-repeat":"repeat","background-position":"center center","background-size":"auto","background-attachment":"scroll","background-type":"","background-media":"","overlay-type":"","overlay-color":"","overlay-gradient":""},"mobile":{"background-color":"var(--ast-global-color-5)","background-image":"","background-repeat":"repeat","background-position":"center center","background-size":"auto","background-attachment":"scroll","background-type":"","background-media":"","overlay-type":"","overlay-color":"","overlay-gradient":""}}},"product_cat":[49],"product_tag":[],"class_list":{"0":"post-884","1":"product","2":"type-product","3":"status-publish","4":"has-post-thumbnail","6":"product_cat-offer-technical-support-and-technical-verification-services","7":"desktop-align-left","8":"tablet-align-left","9":"mobile-align-left","11":"first","12":"instock","13":"shipping-taxable","14":"product-type-simple"},"_links":{"self":[{"href":"https:\/\/www.xminsulation.com\/tr\/wp-json\/wp\/v2\/product\/884","targetHints":{"allow":["GET"]}}],"collection":[{"href":"https:\/\/www.xminsulation.com\/tr\/wp-json\/wp\/v2\/product"}],"about":[{"href":"https:\/\/www.xminsulation.com\/tr\/wp-json\/wp\/v2\/types\/product"}],"wp:featuredmedia":[{"embeddable":true,"href":"https:\/\/www.xminsulation.com\/tr\/wp-json\/wp\/v2\/media\/885"}],"wp:attachment":[{"href":"https:\/\/www.xminsulation.com\/tr\/wp-json\/wp\/v2\/media?parent=884"}],"wp:term":[{"taxonomy":"product_cat","embeddable":true,"href":"https:\/\/www.xminsulation.com\/tr\/wp-json\/wp\/v2\/product_cat?post=884"},{"taxonomy":"product_tag","embeddable":true,"href":"https:\/\/www.xminsulation.com\/tr\/wp-json\/wp\/v2\/product_tag?post=884"}],"curies":[{"name":"wp","href":"https:\/\/api.w.org\/{rel}","templated":true}]}}