{"id":4081,"date":"2025-07-19T10:47:57","date_gmt":"2025-07-19T02:47:57","guid":{"rendered":"https:\/\/www.xminsulation.com\/?post_type=product&#038;p=4081"},"modified":"2025-07-19T10:47:58","modified_gmt":"2025-07-19T02:47:58","slug":"indoor-sf6-load-break-switch-lbs-sm6-type-cubicle-with-vcb","status":"publish","type":"product","link":"https:\/\/www.xminsulation.com\/tr\/product\/indoor-sf6-load-break-switch-lbs-sm6-type-cubicle-with-vcb\/","title":{"rendered":"Kapal\u0131 Alan SF6 Y\u00fck Ay\u0131r\u0131c\u0131 Anahtar\u0131 LBS SM6 Tipi VCB&#039;li H\u00fccre"},"content":{"rendered":"<p><img fetchpriority=\"high\" decoding=\"async\" class=\"size-full wp-image-4082 aligncenter\" src=\"https:\/\/www.xminsulation.com\/wp-content\/uploads\/2025\/07\/\u56fe\u724740-1.png\" alt=\"\" width=\"892\" height=\"1452\" srcset=\"https:\/\/www.xminsulation.com\/wp-content\/uploads\/2025\/07\/\u56fe\u724740-1.png 892w, https:\/\/www.xminsulation.com\/wp-content\/uploads\/2025\/07\/\u56fe\u724740-1-184x300.png 184w, https:\/\/www.xminsulation.com\/wp-content\/uploads\/2025\/07\/\u56fe\u724740-1-629x1024.png 629w, https:\/\/www.xminsulation.com\/wp-content\/uploads\/2025\/07\/\u56fe\u724740-1-768x1250.png 768w, https:\/\/www.xminsulation.com\/wp-content\/uploads\/2025\/07\/\u56fe\u724740-1-7x12.png 7w, https:\/\/www.xminsulation.com\/wp-content\/uploads\/2025\/07\/\u56fe\u724740-1-600x977.png 600w\" sizes=\"(max-width: 892px) 100vw, 892px\" \/> <img decoding=\"async\" class=\"size-full wp-image-4083 aligncenter\" src=\"https:\/\/www.xminsulation.com\/wp-content\/uploads\/2025\/07\/\u56fe\u724741-1.png\" alt=\"\" width=\"671\" height=\"1184\" srcset=\"https:\/\/www.xminsulation.com\/wp-content\/uploads\/2025\/07\/\u56fe\u724741-1.png 671w, https:\/\/www.xminsulation.com\/wp-content\/uploads\/2025\/07\/\u56fe\u724741-1-170x300.png 170w, https:\/\/www.xminsulation.com\/wp-content\/uploads\/2025\/07\/\u56fe\u724741-1-580x1024.png 580w, https:\/\/www.xminsulation.com\/wp-content\/uploads\/2025\/07\/\u56fe\u724741-1-7x12.png 7w, https:\/\/www.xminsulation.com\/wp-content\/uploads\/2025\/07\/\u56fe\u724741-1-600x1059.png 600w\" sizes=\"(max-width: 671px) 100vw, 671px\" \/> <img decoding=\"async\" class=\"size-full wp-image-4084 aligncenter\" src=\"https:\/\/www.xminsulation.com\/wp-content\/uploads\/2025\/07\/\u56fe\u724742-1.png\" alt=\"\" width=\"981\" height=\"754\" srcset=\"https:\/\/www.xminsulation.com\/wp-content\/uploads\/2025\/07\/\u56fe\u724742-1.png 981w, https:\/\/www.xminsulation.com\/wp-content\/uploads\/2025\/07\/\u56fe\u724742-1-300x231.png 300w, https:\/\/www.xminsulation.com\/wp-content\/uploads\/2025\/07\/\u56fe\u724742-1-768x590.png 768w, https:\/\/www.xminsulation.com\/wp-content\/uploads\/2025\/07\/\u56fe\u724742-1-16x12.png 16w, https:\/\/www.xminsulation.com\/wp-content\/uploads\/2025\/07\/\u56fe\u724742-1-600x461.png 600w\" sizes=\"(max-width: 981px) 100vw, 981px\" \/><\/p>\n<h2><strong><b>Genel Bak\u0131\u015f<\/b><\/strong><\/h2>\n<p>SM6 tipi kabinler i\u00e7 mekanlarda kullan\u0131ma uygun olarak tasarlanm\u0131\u015ft\u0131r.<\/p>\n<p>\u00dc\u00e7 fazl\u0131 AC 50Hz\/60Hz halka \u015febekesi veya terminali ile \u00e7al\u0131\u015fan elektrik santralleri ve end\u00fcstriyel elektrik ekipmanlar\u0131 i\u00e7in idealdir. 10kV-40,5kV OG g\u00fc\u00e7 sistemlerinde y\u00fck kontrol hatt\u0131 korumas\u0131 olarak kullan\u0131l\u0131r. Y\u00fck anahtar\u0131, y\u00fck ak\u0131m\u0131n\u0131, kapal\u0131 devre ak\u0131m\u0131n\u0131, y\u00fcks\u00fcz trafo ve kablo \u015farj ak\u0131m\u0131n\u0131 anahtarlar; bu kombine elektrikli cihaz, nominal k\u0131sa devre kesme ak\u0131m\u0131na kadar t\u00fcm ak\u0131mlar\u0131 kesebilir ve halka \u015febeke \u00fcniteleri ve kutu tipi trafo merkezleri gibi komple elektrik ekipman\u0131 setleri i\u00e7in uygundur.<\/p>\n<p>\u00d6zellikle kentsel yerle\u015fim alanlar\u0131, k\u00fc\u00e7\u00fck sekonder trafo merkezleri, \u015falt merkezleri, sanayi ve maden i\u015fletmeleri, b\u00fcy\u00fck al\u0131\u015fveri\u015f merkezleri, havaalanlar\u0131, metrolar, hastaneler, stadyumlar ve di\u011fer mekanlarda elektrik da\u011f\u0131t\u0131m\u0131 i\u00e7in uygundur.<\/p>\n<p>Kompakt boyutlar\u0131: 375 mm ila 750 mm geni\u015flik; 1600 mm y\u00fckseklik; 840 mm derinlik. Bu sayede k\u00fc\u00e7\u00fck odalara veya prefabrik trafo merkezlerine kolayca monte edilebilirler.<\/p>\n<h2><strong><b>Temel \u00d6zellik<\/b><\/strong><strong><b>S<\/b><\/strong><\/h2>\n<ul>\n<li>Kompakt tasar\u0131m ve tip testinden ge\u00e7mi\u015ftir.<\/li>\n<li>Y\u00fcksek seviyede operat\u00f6r g\u00fcvenli\u011fi, y\u00fcksek seviyede i\u015fletme g\u00fcvenilirli\u011fi.<\/li>\n<li>Mod\u00fcler tasar\u0131m s\u0131n\u0131rs\u0131z montaj olana\u011f\u0131 sa\u011flar.<\/li>\n<li>Daha d\u00fc\u015f\u00fck bak\u0131m maliyeti.<\/li>\n<li>Uzaktan kumanda ve izlemeye uygundur.<\/li>\n<li>\u0130lgili IEC ve EN standartlar\u0131na uyun.<\/li>\n<\/ul>\n<h2><strong><b>Emniyet<\/b><\/strong><\/h2>\n<p>&nbsp;<\/p>\n<ul>\n<li>Termal ve dinamik etkilere kar\u015f\u0131 dayan\u0131kl\u0131 tasar\u0131m\u0131 sayesinde i\u00e7 arklara dayan\u0131kl\u0131d\u0131r,<\/li>\n<li>\u00d6n paneldeki g\u00f6zetleme penceresi sayesinde Topraklama Anahtar\u0131n\u0131n (KAPALI veya A\u00c7IK) konumunu g\u00f6rsel olarak kontrol etme imk\u00e2n\u0131.<\/li>\n<li>Ard\u0131\u015f\u0131k kilitleme sistemleri hatal\u0131 \u00e7al\u0131\u015fmay\u0131 \u00f6nler. Kablo b\u00f6lmesine ve sigorta b\u00f6lmesine eri\u015fim, yaln\u0131zca ilgili topraklama anahtar\u0131\/anahtarlar\u0131 toprakl\u0131 konumda oldu\u011funda m\u00fcmk\u00fcnd\u00fcr.<\/li>\n<\/ul>\n<h2><strong><b>Ba\u015fl\u0131ca Uygulama Alanlar\u0131<\/b><\/strong><\/h2>\n<ul>\n<li>\u0130kincil Elektrik Da\u011f\u0131t\u0131m \u015eebekeleri.<\/li>\n<li>OG\/AG Da\u011f\u0131t\u0131m Trafo Merkezi.<\/li>\n<li>R\u00fczgar ve G\u00fcne\u015f Enerjisi Santralleri.<\/li>\n<li>Ticari Uygulamalar: Limanlar, tren istasyonlar\u0131, havaalanlar\u0131, hastaneler, okullar, oteller, al\u0131\u015fveri\u015f merkezleri, ticaret merkezleri, tatil kompleksleri.<\/li>\n<li>End\u00fcstriyel Uygulamalar: Su, demir ve \u00e7elik, otomotiv, petrol ve gaz.<\/li>\n<\/ul>\n<h2><strong><b>Teknik Parametreler<\/b><\/strong><\/h2>\n<p><img loading=\"lazy\" decoding=\"async\" class=\"size-full wp-image-4085 aligncenter\" src=\"https:\/\/www.xminsulation.com\/wp-content\/uploads\/2025\/07\/\u56fe\u724743-1.png\" alt=\"\" width=\"1356\" height=\"1302\" srcset=\"https:\/\/www.xminsulation.com\/wp-content\/uploads\/2025\/07\/\u56fe\u724743-1.png 1356w, https:\/\/www.xminsulation.com\/wp-content\/uploads\/2025\/07\/\u56fe\u724743-1-300x288.png 300w, https:\/\/www.xminsulation.com\/wp-content\/uploads\/2025\/07\/\u56fe\u724743-1-1024x983.png 1024w, https:\/\/www.xminsulation.com\/wp-content\/uploads\/2025\/07\/\u56fe\u724743-1-768x737.png 768w, https:\/\/www.xminsulation.com\/wp-content\/uploads\/2025\/07\/\u56fe\u724743-1-12x12.png 12w, https:\/\/www.xminsulation.com\/wp-content\/uploads\/2025\/07\/\u56fe\u724743-1-600x576.png 600w\" sizes=\"(max-width: 1356px) 100vw, 1356px\" \/><\/p>\n<h2><strong><b>Yan Monteli Vakumlu Devre Kesici<\/b><\/strong><\/h2>\n<p><img loading=\"lazy\" decoding=\"async\" class=\"size-full wp-image-4086 aligncenter\" src=\"https:\/\/www.xminsulation.com\/wp-content\/uploads\/2025\/07\/\u56fe\u724744-1.png\" alt=\"\" width=\"965\" height=\"796\" srcset=\"https:\/\/www.xminsulation.com\/wp-content\/uploads\/2025\/07\/\u56fe\u724744-1.png 965w, https:\/\/www.xminsulation.com\/wp-content\/uploads\/2025\/07\/\u56fe\u724744-1-300x247.png 300w, https:\/\/www.xminsulation.com\/wp-content\/uploads\/2025\/07\/\u56fe\u724744-1-768x634.png 768w, https:\/\/www.xminsulation.com\/wp-content\/uploads\/2025\/07\/\u56fe\u724744-1-15x12.png 15w, https:\/\/www.xminsulation.com\/wp-content\/uploads\/2025\/07\/\u56fe\u724744-1-600x495.png 600w\" sizes=\"(max-width: 965px) 100vw, 965px\" \/><\/p>\n<h2><strong><b>CB Panelinin Yap\u0131s\u0131<\/b><\/strong><\/h2>\n<p><img loading=\"lazy\" decoding=\"async\" class=\"size-full wp-image-4087 aligncenter\" src=\"https:\/\/www.xminsulation.com\/wp-content\/uploads\/2025\/07\/\u56fe\u724745-1.png\" alt=\"\" width=\"408\" height=\"634\" srcset=\"https:\/\/www.xminsulation.com\/wp-content\/uploads\/2025\/07\/\u56fe\u724745-1.png 408w, https:\/\/www.xminsulation.com\/wp-content\/uploads\/2025\/07\/\u56fe\u724745-1-193x300.png 193w, https:\/\/www.xminsulation.com\/wp-content\/uploads\/2025\/07\/\u56fe\u724745-1-8x12.png 8w\" sizes=\"(max-width: 408px) 100vw, 408px\" \/><\/p>\n<h2><strong><b>Farkl\u0131 Fonksiyonlar \u0130\u00e7in Birimler<\/b><\/strong><\/h2>\n<p><strong><b> <img loading=\"lazy\" decoding=\"async\" class=\"size-full wp-image-4088 aligncenter\" src=\"https:\/\/www.xminsulation.com\/wp-content\/uploads\/2025\/07\/\u56fe\u724746-2.png\" alt=\"\" width=\"1221\" height=\"713\" srcset=\"https:\/\/www.xminsulation.com\/wp-content\/uploads\/2025\/07\/\u56fe\u724746-2.png 1221w, https:\/\/www.xminsulation.com\/wp-content\/uploads\/2025\/07\/\u56fe\u724746-2-300x175.png 300w, https:\/\/www.xminsulation.com\/wp-content\/uploads\/2025\/07\/\u56fe\u724746-2-1024x598.png 1024w, https:\/\/www.xminsulation.com\/wp-content\/uploads\/2025\/07\/\u56fe\u724746-2-768x448.png 768w, https:\/\/www.xminsulation.com\/wp-content\/uploads\/2025\/07\/\u56fe\u724746-2-18x12.png 18w, https:\/\/www.xminsulation.com\/wp-content\/uploads\/2025\/07\/\u56fe\u724746-2-600x350.png 600w\" sizes=\"(max-width: 1221px) 100vw, 1221px\" \/><\/b><\/strong><\/p>\n<h2><strong><b>Kurulum ve <\/b><\/strong><strong><b>Komisyon<\/b><\/strong><strong><b>inmek<\/b><\/strong><\/h2>\n<ol>\n<li>Kurulum ve hata ay\u0131klamadan \u00f6nce, kullan\u0131m k\u0131lavuzunu dikkatlice okudu\u011funuzdan ve a\u015fa\u011f\u0131daki haz\u0131rl\u0131klar\u0131 yapt\u0131\u011f\u0131n\u0131zdan emin olun: \u0130lk olarak, g\u00f6r\u00fcn\u00fcmde herhangi bir hasar olup olmad\u0131\u011f\u0131n\u0131 kontrol edin. Hasarl\u0131 \u00fcr\u00fcnler derhal durdurulmal\u0131d\u0131r. \u0130kinci ad\u0131m, nakliye veya di\u011fer nedenlerle \u00fcr\u00fcn\u00fcn y\u00fczeyinde olu\u015fan kirlili\u011fi gidermektir.<\/li>\n<li>\u0130\u015fletme mekanizmas\u0131 ve \u015falter g\u00f6vdesi monte edilirken bunlar\u0131n sa\u011flam bir \u015fekilde sabitlenmesi sa\u011flanmal\u0131, ba\u011flant\u0131 par\u00e7alar\u0131 \u015falter g\u00f6vdesinin i\u015fletme \u015faft\u0131na sa\u011flam bir \u015fekilde sabitlenmeli, y\u00fck \u015falterini ba\u011flayan elemanlar da \u015falter g\u00f6vdesine sa\u011flam bir \u015fekilde sabitlenmelidir.<\/li>\n<li>Kurulum tamamland\u0131ktan sonra, y\u00fck anahtar\u0131n\u0131n a\u00e7\u0131k konumda oldu\u011funu do\u011frulay\u0131n, \u00e7al\u0131\u015fma kolunu panelin \u00fcst ucundaki topraklama \u00e7al\u0131\u015fma deli\u011fine yerle\u015ftirin ve kolu saat y\u00f6n\u00fcnde 180 derece \u00e7evirin. Topraklama kapatma i\u015flemini ger\u00e7ekle\u015ftirmek i\u00e7in kolu saat y\u00f6n\u00fcn\u00fcn tersine 180 derece \u00e7evirin. Topraklama anahtar\u0131n\u0131n kapanmas\u0131n\u0131 tamamlay\u0131n.<\/li>\n<li>Kapatma i\u015flemini ger\u00e7ekle\u015ftirirken, \u00f6ncelikle y\u00fck anahtar\u0131n\u0131n a\u00e7\u0131k konumda oldu\u011fundan emin olun, ard\u0131ndan \u00e7al\u0131\u015fma kolunu panelin alt ucundaki y\u00fck anahtar\u0131 \u00e7al\u0131\u015fma deli\u011fine yerle\u015ftirin ve \u00e7al\u0131\u015fma kolunu saat y\u00f6n\u00fcnde 180\u2033 d\u00f6nd\u00fcrerek y\u00fck anahtar\u0131n\u0131n kapatma i\u015flemini tamamlay\u0131n.<\/li>\n<li>Y\u00fck anahtar\u0131n\u0131 kapal\u0131 konumdan a\u00e7\u0131k konuma getirme i\u015flemi s\u0131ras\u0131nda, K tipi \u00e7al\u0131\u015fma mekanizmas\u0131n\u0131 kullan\u0131n, \u00e7al\u0131\u015fma kolunu y\u00fck anahtar\u0131n\u0131n \u00e7al\u0131\u015fma deli\u011fine yerle\u015ftirin ve a\u00e7ma i\u015flemini ger\u00e7ekle\u015ftirmek i\u00e7in kolu saat y\u00f6n\u00fcn\u00fcn tersine 180\u2033 d\u00f6nd\u00fcr\u00fcn; A tipi \u00e7al\u0131\u015fma mekanizmas\u0131 i\u00e7in, \u00e7al\u0131\u015fma mekanizmas\u0131, y\u00fck anahtar\u0131n\u0131 a\u00e7mak i\u00e7in a\u00e7ma d\u00fc\u011fmesine bas\u0131n, g\u00f6zlem penceresinden anahtar\u0131n konumunun do\u011fru olup olmad\u0131\u011f\u0131n\u0131 ve ilgili g\u00f6zlem talimatlar\u0131n\u0131n gereksinimleri kar\u015f\u0131lay\u0131p kar\u015f\u0131lamad\u0131\u011f\u0131n\u0131 kontrol edin.<\/li>\n<li>Not: Topraklama veya y\u00fck sadece \u015falter a\u00e7\u0131k konumdayken kapat\u0131labilir!<\/li>\n<\/ol>\n<h2><strong><b>Bak\u0131m ve \u00d6zen<\/b><\/strong><\/h2>\n<p>Ortam\u0131n kurulum ve i\u015fletme talimatlar\u0131n\u0131n gerekliliklerini kar\u015f\u0131lad\u0131\u011f\u0131 normal kullan\u0131m ko\u015fullar\u0131nda, \u015falter g\u00f6vdesinin 20 y\u0131l bak\u0131m gerektirmemesi garanti edilir. \u00c7evresel farkl\u0131l\u0131klar nedeniyle, y\u00fck \u015falterinde gerekli muayene ve bak\u0131m \u00e7al\u0131\u015fmalar\u0131 hala gereklidir.<\/p>\n<ol>\n<li>\u00c7al\u0131\u015fma ortam\u0131na g\u00f6re Haziran-Aral\u0131k aylar\u0131 aras\u0131nda yal\u0131t\u0131m \u00f6rt\u00fcs\u00fcn\u00fcn uygun g\u00f6rsel muayenesini yap\u0131n, kirli ve nemli y\u00fczeyleri temizleyin.<\/li>\n<li>Normal \u00e7al\u0131\u015fmas\u0131n\u0131 sa\u011flamak i\u00e7in y\u0131lda 1-2 kez \u00e7al\u0131\u015fma mekanizmas\u0131n\u0131n ya\u011flama ve \u00e7al\u0131\u015fma muayenesini yap\u0131n.<\/li>\n<li>Bas\u0131n\u00e7 g\u00f6stergesi bulunan y\u00fck anahtarlar\u0131nda bas\u0131n\u00e7 g\u00f6stergelerinin okumalar\u0131 zaman zaman kontrol edilmelidir.<\/li>\n<li>Y\u00fck anahtar\u0131 sigorta kombinasyon cihaz\u0131ndan bir ar\u0131za ak\u0131m\u0131 ge\u00e7ti\u011finde ve bir faz sigortas\u0131 att\u0131\u011f\u0131nda, \u00fc\u00e7 fazl\u0131 sigortalar\u0131n t\u00fcm\u00fc de\u011fi\u015ftirilmelidir. De\u011fi\u015ftirirken, de\u011fi\u015ftirmeden \u00f6nce topraklama anahtar\u0131 kapat\u0131lmal\u0131 ve \u00fc\u00e7 fazl\u0131 sigortalar\u0131n t\u00fcm\u00fcn\u00fcn yerine tak\u0131ld\u0131\u011f\u0131ndan emin olunmal\u0131d\u0131r.<\/li>\n<\/ol>\n<p>&nbsp;<\/p>\n<h2>\u25c6\u00d6zel \u00d6zelle\u015ftirme<\/h2>\n<p>Yukar\u0131daki parametreler tipik verilerdir; Mevcut stiller \u00f6zel taleplerinizi kar\u015f\u0131lam\u0131yorsa, l\u00fctfen \u00f6zel bir tasar\u0131m i\u00e7in bizimle ileti\u015fime ge\u00e7in. Ki\u015fiselle\u015ftirilmi\u015f ki\u015fiselle\u015ftirme geli\u015ftirme ve \u00fcretim becerilerimiz, d\u00fcnyan\u0131n her yerindeki m\u00fc\u015fterilerimize \u00f6zel \u00e7\u00f6z\u00fcmler sunmam\u0131za olanak tan\u0131yor.<\/p>\n<p>&nbsp;<\/p>\n<p>&nbsp;<\/p>","protected":false},"excerpt":{"rendered":"<p>Overview SM6\u00a0type cubicles are designed for indoor installations. It is good for power stations and industrial electrical equipment powered by three-phase AC 50Hz\/60Hz ring network or terminal It is used as load control line protection for 10kV-40.5kV MV power system. The load switch switches load current, closed-loop current, no-load transformer and cable charging current; the [&hellip;]<\/p>","protected":false},"featured_media":4089,"template":"","meta":{"site-sidebar-layout":"default","site-content-layout":"","ast-site-content-layout":"default","site-content-style":"default","site-sidebar-style":"default","ast-global-header-display":"","ast-banner-title-visibility":"","ast-main-header-display":"","ast-hfb-above-header-display":"","ast-hfb-below-header-display":"","ast-hfb-mobile-header-display":"","site-post-title":"","ast-breadcrumbs-content":"","ast-featured-img":"","footer-sml-layout":"","theme-transparent-header-meta":"default","adv-header-id-meta":"","stick-header-meta":"","header-above-stick-meta":"","header-main-stick-meta":"","header-below-stick-meta":"","astra-migrate-meta-layouts":"set","ast-page-background-enabled":"default","ast-page-background-meta":{"desktop":{"background-color":"","background-image":"","background-repeat":"repeat","background-position":"center center","background-size":"auto","background-attachment":"scroll","background-type":"","background-media":"","overlay-type":"","overlay-color":"","overlay-gradient":""},"tablet":{"background-color":"","background-image":"","background-repeat":"repeat","background-position":"center center","background-size":"auto","background-attachment":"scroll","background-type":"","background-media":"","overlay-type":"","overlay-color":"","overlay-gradient":""},"mobile":{"background-color":"","background-image":"","background-repeat":"repeat","background-position":"center center","background-size":"auto","background-attachment":"scroll","background-type":"","background-media":"","overlay-type":"","overlay-color":"","overlay-gradient":""}},"ast-content-background-meta":{"desktop":{"background-color":"var(--ast-global-color-5)","background-image":"","background-repeat":"repeat","background-position":"center center","background-size":"auto","background-attachment":"scroll","background-type":"","background-media":"","overlay-type":"","overlay-color":"","overlay-gradient":""},"tablet":{"background-color":"var(--ast-global-color-5)","background-image":"","background-repeat":"repeat","background-position":"center center","background-size":"auto","background-attachment":"scroll","background-type":"","background-media":"","overlay-type":"","overlay-color":"","overlay-gradient":""},"mobile":{"background-color":"var(--ast-global-color-5)","background-image":"","background-repeat":"repeat","background-position":"center center","background-size":"auto","background-attachment":"scroll","background-type":"","background-media":"","overlay-type":"","overlay-color":"","overlay-gradient":""}}},"product_cat":[67],"product_tag":[],"class_list":{"0":"post-4081","1":"product","2":"type-product","3":"status-publish","4":"has-post-thumbnail","6":"product_cat-10-40-5kv-indoor-sf6-load-break-switch-lbs-sm6-type-cubicle","7":"desktop-align-left","8":"tablet-align-left","9":"mobile-align-left","11":"first","12":"instock","13":"shipping-taxable","14":"product-type-simple"},"_links":{"self":[{"href":"https:\/\/www.xminsulation.com\/tr\/wp-json\/wp\/v2\/product\/4081","targetHints":{"allow":["GET"]}}],"collection":[{"href":"https:\/\/www.xminsulation.com\/tr\/wp-json\/wp\/v2\/product"}],"about":[{"href":"https:\/\/www.xminsulation.com\/tr\/wp-json\/wp\/v2\/types\/product"}],"wp:featuredmedia":[{"embeddable":true,"href":"https:\/\/www.xminsulation.com\/tr\/wp-json\/wp\/v2\/media\/4089"}],"wp:attachment":[{"href":"https:\/\/www.xminsulation.com\/tr\/wp-json\/wp\/v2\/media?parent=4081"}],"wp:term":[{"taxonomy":"product_cat","embeddable":true,"href":"https:\/\/www.xminsulation.com\/tr\/wp-json\/wp\/v2\/product_cat?post=4081"},{"taxonomy":"product_tag","embeddable":true,"href":"https:\/\/www.xminsulation.com\/tr\/wp-json\/wp\/v2\/product_tag?post=4081"}],"curies":[{"name":"wp","href":"https:\/\/api.w.org\/{rel}","templated":true}]}}