{"id":3913,"date":"2025-07-11T10:58:15","date_gmt":"2025-07-11T02:58:15","guid":{"rendered":"https:\/\/www.xminsulation.com\/?post_type=product&#038;p=3913"},"modified":"2025-07-19T09:42:58","modified_gmt":"2025-07-19T01:42:58","slug":"10-36kv-630a-1250a-side-mounted-circuit-breaker-for-lbs-cubicle","status":"publish","type":"product","link":"https:\/\/www.xminsulation.com\/tr\/product\/10-36kv-630a-1250a-side-mounted-circuit-breaker-for-lbs-cubicle\/","title":{"rendered":"LBS B\u00f6lme i\u00e7in 10-36kV 630A\/1250A Yan Montajl\u0131 Devre Kesici"},"content":{"rendered":"<p><img fetchpriority=\"high\" decoding=\"async\" class=\"size-full wp-image-3914 aligncenter\" src=\"https:\/\/www.xminsulation.com\/wp-content\/uploads\/2025\/07\/\u56fe\u724759.png\" alt=\"\" width=\"965\" height=\"796\" srcset=\"https:\/\/www.xminsulation.com\/wp-content\/uploads\/2025\/07\/\u56fe\u724759.png 965w, https:\/\/www.xminsulation.com\/wp-content\/uploads\/2025\/07\/\u56fe\u724759-300x247.png 300w, https:\/\/www.xminsulation.com\/wp-content\/uploads\/2025\/07\/\u56fe\u724759-768x634.png 768w, https:\/\/www.xminsulation.com\/wp-content\/uploads\/2025\/07\/\u56fe\u724759-15x12.png 15w, https:\/\/www.xminsulation.com\/wp-content\/uploads\/2025\/07\/\u56fe\u724759-600x495.png 600w\" sizes=\"(max-width: 965px) 100vw, 965px\" \/> <img decoding=\"async\" class=\"size-full wp-image-3915 aligncenter\" src=\"https:\/\/www.xminsulation.com\/wp-content\/uploads\/2025\/07\/\u56fe\u724760.png\" alt=\"\" width=\"1999\" height=\"1498\" srcset=\"https:\/\/www.xminsulation.com\/wp-content\/uploads\/2025\/07\/\u56fe\u724760.png 1999w, https:\/\/www.xminsulation.com\/wp-content\/uploads\/2025\/07\/\u56fe\u724760-300x225.png 300w, https:\/\/www.xminsulation.com\/wp-content\/uploads\/2025\/07\/\u56fe\u724760-1024x767.png 1024w, https:\/\/www.xminsulation.com\/wp-content\/uploads\/2025\/07\/\u56fe\u724760-768x576.png 768w, https:\/\/www.xminsulation.com\/wp-content\/uploads\/2025\/07\/\u56fe\u724760-1536x1151.png 1536w, https:\/\/www.xminsulation.com\/wp-content\/uploads\/2025\/07\/\u56fe\u724760-16x12.png 16w, https:\/\/www.xminsulation.com\/wp-content\/uploads\/2025\/07\/\u56fe\u724760-600x450.png 600w\" sizes=\"(max-width: 1999px) 100vw, 1999px\" \/><\/p>\n<h2><strong><b>Genel Bak\u0131\u015f<\/b><\/strong><\/h2>\n<p>10-36kV 630A\/1250A yandan montajl\u0131 tek izolasyonlu devre kesiciler, giri\u015f veya \u00e7\u0131k\u0131\u015f b\u00f6lmesinin bir par\u00e7as\u0131d\u0131r ve tek b\u00f6lmeli izolasyon devre kesicisi olarak adland\u0131r\u0131l\u0131r.<\/p>\n<p>Bu mod\u00fclat\u00f6r \u00fcnitesi 36 kV&#039;a kadar olan sekonder da\u011f\u0131t\u0131m sisteminde OG\/AG trafo merkezinin OG b\u00f6l\u00fcm\u00fcnde kullan\u0131l\u0131r.<\/p>\n<h2><strong><b>Ba\u015fvuru<\/b><\/strong><\/h2>\n<p>Yan montajl\u0131 ve \u00e7ekmeceli tek izolasyonlu devre kesici \u00fcnitesi olup, giri\u015f veya \u00e7\u0131k\u0131\u015f fideri olarak da kullan\u0131l\u0131r.<\/p>\n<p>Genellikle tasar\u0131m veya da\u011f\u0131t\u0131m sistemine uygun olarak IM, IMC, QM, QMC, CM vb. gibi k\u00fcbik \u00fcr\u00fcn yelpazesinin di\u011fer par\u00e7alar\u0131yla birlikte sisteme monte edilir.<\/p>\n<p><img decoding=\"async\" class=\"size-full wp-image-3916 aligncenter\" src=\"https:\/\/www.xminsulation.com\/wp-content\/uploads\/2025\/07\/\u56fe\u724761.png\" alt=\"\" width=\"703\" height=\"854\" srcset=\"https:\/\/www.xminsulation.com\/wp-content\/uploads\/2025\/07\/\u56fe\u724761.png 703w, https:\/\/www.xminsulation.com\/wp-content\/uploads\/2025\/07\/\u56fe\u724761-247x300.png 247w, https:\/\/www.xminsulation.com\/wp-content\/uploads\/2025\/07\/\u56fe\u724761-10x12.png 10w, https:\/\/www.xminsulation.com\/wp-content\/uploads\/2025\/07\/\u56fe\u724761-600x729.png 600w\" sizes=\"(max-width: 703px) 100vw, 703px\" \/><\/p>\n<h2><strong><b>Teknik Parametreler<\/b><\/strong><\/h2>\n<p><img loading=\"lazy\" decoding=\"async\" class=\"size-full wp-image-3917 aligncenter\" src=\"https:\/\/www.xminsulation.com\/wp-content\/uploads\/2025\/07\/\u56fe\u724762.png\" alt=\"\" width=\"1712\" height=\"1000\" srcset=\"https:\/\/www.xminsulation.com\/wp-content\/uploads\/2025\/07\/\u56fe\u724762.png 1712w, https:\/\/www.xminsulation.com\/wp-content\/uploads\/2025\/07\/\u56fe\u724762-300x175.png 300w, https:\/\/www.xminsulation.com\/wp-content\/uploads\/2025\/07\/\u56fe\u724762-1024x598.png 1024w, https:\/\/www.xminsulation.com\/wp-content\/uploads\/2025\/07\/\u56fe\u724762-768x449.png 768w, https:\/\/www.xminsulation.com\/wp-content\/uploads\/2025\/07\/\u56fe\u724762-1536x897.png 1536w, https:\/\/www.xminsulation.com\/wp-content\/uploads\/2025\/07\/\u56fe\u724762-18x12.png 18w, https:\/\/www.xminsulation.com\/wp-content\/uploads\/2025\/07\/\u56fe\u724762-600x350.png 600w\" sizes=\"(max-width: 1712px) 100vw, 1712px\" \/><\/p>\n<h2><strong><b>CB Panelinin Yap\u0131s\u0131<\/b><\/strong><\/h2>\n<p><img loading=\"lazy\" decoding=\"async\" class=\"size-full wp-image-3918 aligncenter\" src=\"https:\/\/www.xminsulation.com\/wp-content\/uploads\/2025\/07\/\u56fe\u724763.png\" alt=\"\" width=\"562\" height=\"724\" srcset=\"https:\/\/www.xminsulation.com\/wp-content\/uploads\/2025\/07\/\u56fe\u724763.png 562w, https:\/\/www.xminsulation.com\/wp-content\/uploads\/2025\/07\/\u56fe\u724763-233x300.png 233w, https:\/\/www.xminsulation.com\/wp-content\/uploads\/2025\/07\/\u56fe\u724763-9x12.png 9w\" sizes=\"(max-width: 562px) 100vw, 562px\" \/> <img loading=\"lazy\" decoding=\"async\" class=\"size-full wp-image-3919 aligncenter\" src=\"https:\/\/www.xminsulation.com\/wp-content\/uploads\/2025\/07\/\u56fe\u724764.png\" alt=\"\" width=\"408\" height=\"634\" srcset=\"https:\/\/www.xminsulation.com\/wp-content\/uploads\/2025\/07\/\u56fe\u724764.png 408w, https:\/\/www.xminsulation.com\/wp-content\/uploads\/2025\/07\/\u56fe\u724764-193x300.png 193w, https:\/\/www.xminsulation.com\/wp-content\/uploads\/2025\/07\/\u56fe\u724764-8x12.png 8w\" sizes=\"(max-width: 408px) 100vw, 408px\" \/><\/p>\n<h2><strong><b>Farkl\u0131 Fonksiyonlar \u0130\u00e7in Birimler<\/b><\/strong><\/h2>\n<p><strong><b> <img loading=\"lazy\" decoding=\"async\" class=\"size-full wp-image-3920 aligncenter\" src=\"https:\/\/www.xminsulation.com\/wp-content\/uploads\/2025\/07\/\u56fe\u724765.png\" alt=\"\" width=\"1221\" height=\"713\" srcset=\"https:\/\/www.xminsulation.com\/wp-content\/uploads\/2025\/07\/\u56fe\u724765.png 1221w, https:\/\/www.xminsulation.com\/wp-content\/uploads\/2025\/07\/\u56fe\u724765-300x175.png 300w, https:\/\/www.xminsulation.com\/wp-content\/uploads\/2025\/07\/\u56fe\u724765-1024x598.png 1024w, https:\/\/www.xminsulation.com\/wp-content\/uploads\/2025\/07\/\u56fe\u724765-768x448.png 768w, https:\/\/www.xminsulation.com\/wp-content\/uploads\/2025\/07\/\u56fe\u724765-18x12.png 18w, https:\/\/www.xminsulation.com\/wp-content\/uploads\/2025\/07\/\u56fe\u724765-600x350.png 600w\" sizes=\"(max-width: 1221px) 100vw, 1221px\" \/><\/b><\/strong><\/p>\n<h2><strong><b>Kurulum \u00d6rne\u011fi<\/b><\/strong><\/h2>\n<p>&nbsp;<\/p>\n<p><img loading=\"lazy\" decoding=\"async\" class=\"size-full wp-image-3921 aligncenter\" src=\"https:\/\/www.xminsulation.com\/wp-content\/uploads\/2025\/07\/\u56fe\u724766.png\" alt=\"\" width=\"2122\" height=\"1176\" srcset=\"https:\/\/www.xminsulation.com\/wp-content\/uploads\/2025\/07\/\u56fe\u724766.png 2122w, https:\/\/www.xminsulation.com\/wp-content\/uploads\/2025\/07\/\u56fe\u724766-300x166.png 300w, https:\/\/www.xminsulation.com\/wp-content\/uploads\/2025\/07\/\u56fe\u724766-1024x567.png 1024w, https:\/\/www.xminsulation.com\/wp-content\/uploads\/2025\/07\/\u56fe\u724766-768x426.png 768w, https:\/\/www.xminsulation.com\/wp-content\/uploads\/2025\/07\/\u56fe\u724766-1536x851.png 1536w, https:\/\/www.xminsulation.com\/wp-content\/uploads\/2025\/07\/\u56fe\u724766-2048x1135.png 2048w, https:\/\/www.xminsulation.com\/wp-content\/uploads\/2025\/07\/\u56fe\u724766-18x10.png 18w, https:\/\/www.xminsulation.com\/wp-content\/uploads\/2025\/07\/\u56fe\u724766-600x333.png 600w\" sizes=\"(max-width: 2122px) 100vw, 2122px\" \/><\/p>\n<h2>\u25c6\u00d6zel \u00d6zelle\u015ftirme<\/h2>\n<p>Yukar\u0131daki parametreler tipik verilerdir; Mevcut stiller \u00f6zel taleplerinizi kar\u015f\u0131lam\u0131yorsa, l\u00fctfen \u00f6zel bir tasar\u0131m i\u00e7in bizimle ileti\u015fime ge\u00e7in. Ki\u015fiselle\u015ftirilmi\u015f ki\u015fiselle\u015ftirme geli\u015ftirme ve \u00fcretim becerilerimiz, d\u00fcnyan\u0131n her yerindeki m\u00fc\u015fterilerimize \u00f6zel \u00e7\u00f6z\u00fcmler sunmam\u0131za olanak tan\u0131yor.<\/p>\n<p>&nbsp;<\/p>","protected":false},"excerpt":{"rendered":"<p>Overview 10-36kV 630A\/1250A side-mounted single isolation circuit breaker\u00a0are parts of incoming or outgoing cubicle\u00a0and called as single section isolation circuit breaker. This modulator unit is used for the MV section of MV\/LV substation in secondary distribution system up to 36\u00a0kV. Application It\u00a0is side-mounted and withdrawable single isolation circuit breaker unit and it is also used [&hellip;]<\/p>","protected":false},"featured_media":4034,"template":"","meta":{"site-sidebar-layout":"default","site-content-layout":"","ast-site-content-layout":"default","site-content-style":"default","site-sidebar-style":"default","ast-global-header-display":"","ast-banner-title-visibility":"","ast-main-header-display":"","ast-hfb-above-header-display":"","ast-hfb-below-header-display":"","ast-hfb-mobile-header-display":"","site-post-title":"","ast-breadcrumbs-content":"","ast-featured-img":"","footer-sml-layout":"","theme-transparent-header-meta":"default","adv-header-id-meta":"","stick-header-meta":"","header-above-stick-meta":"","header-main-stick-meta":"","header-below-stick-meta":"","astra-migrate-meta-layouts":"set","ast-page-background-enabled":"default","ast-page-background-meta":{"desktop":{"background-color":"","background-image":"","background-repeat":"repeat","background-position":"center center","background-size":"auto","background-attachment":"scroll","background-type":"","background-media":"","overlay-type":"","overlay-color":"","overlay-gradient":""},"tablet":{"background-color":"","background-image":"","background-repeat":"repeat","background-position":"center center","background-size":"auto","background-attachment":"scroll","background-type":"","background-media":"","overlay-type":"","overlay-color":"","overlay-gradient":""},"mobile":{"background-color":"","background-image":"","background-repeat":"repeat","background-position":"center center","background-size":"auto","background-attachment":"scroll","background-type":"","background-media":"","overlay-type":"","overlay-color":"","overlay-gradient":""}},"ast-content-background-meta":{"desktop":{"background-color":"var(--ast-global-color-5)","background-image":"","background-repeat":"repeat","background-position":"center center","background-size":"auto","background-attachment":"scroll","background-type":"","background-media":"","overlay-type":"","overlay-color":"","overlay-gradient":""},"tablet":{"background-color":"var(--ast-global-color-5)","background-image":"","background-repeat":"repeat","background-position":"center center","background-size":"auto","background-attachment":"scroll","background-type":"","background-media":"","overlay-type":"","overlay-color":"","overlay-gradient":""},"mobile":{"background-color":"var(--ast-global-color-5)","background-image":"","background-repeat":"repeat","background-position":"center center","background-size":"auto","background-attachment":"scroll","background-type":"","background-media":"","overlay-type":"","overlay-color":"","overlay-gradient":""}}},"product_cat":[35],"product_tag":[],"class_list":{"0":"post-3913","1":"product","2":"type-product","3":"status-publish","4":"has-post-thumbnail","6":"product_cat-10-40-5kv-indoor-sf6-load-break-switch-flrn36-lbs","7":"desktop-align-left","8":"tablet-align-left","9":"mobile-align-left","11":"first","12":"instock","13":"shipping-taxable","14":"product-type-simple"},"_links":{"self":[{"href":"https:\/\/www.xminsulation.com\/tr\/wp-json\/wp\/v2\/product\/3913","targetHints":{"allow":["GET"]}}],"collection":[{"href":"https:\/\/www.xminsulation.com\/tr\/wp-json\/wp\/v2\/product"}],"about":[{"href":"https:\/\/www.xminsulation.com\/tr\/wp-json\/wp\/v2\/types\/product"}],"wp:featuredmedia":[{"embeddable":true,"href":"https:\/\/www.xminsulation.com\/tr\/wp-json\/wp\/v2\/media\/4034"}],"wp:attachment":[{"href":"https:\/\/www.xminsulation.com\/tr\/wp-json\/wp\/v2\/media?parent=3913"}],"wp:term":[{"taxonomy":"product_cat","embeddable":true,"href":"https:\/\/www.xminsulation.com\/tr\/wp-json\/wp\/v2\/product_cat?post=3913"},{"taxonomy":"product_tag","embeddable":true,"href":"https:\/\/www.xminsulation.com\/tr\/wp-json\/wp\/v2\/product_tag?post=3913"}],"curies":[{"name":"wp","href":"https:\/\/api.w.org\/{rel}","templated":true}]}}