{"id":3843,"date":"2025-07-10T08:31:35","date_gmt":"2025-07-10T00:31:35","guid":{"rendered":"https:\/\/www.xminsulation.com\/?post_type=product&#038;p=3843"},"modified":"2025-07-18T11:12:37","modified_gmt":"2025-07-18T03:12:37","slug":"24kv-eco-friendly-vacuum-circuit-breaker-ais-vcb-sf6-free","status":"publish","type":"product","link":"https:\/\/www.xminsulation.com\/tr\/product\/24kv-eco-friendly-vacuum-circuit-breaker-ais-vcb-sf6-free\/","title":{"rendered":"24kV ECO-Friendly Vacuum Circuit Breaker AIS VCB (SF6-Free)"},"content":{"rendered":"<p><img fetchpriority=\"high\" decoding=\"async\" class=\"size-full wp-image-3844 aligncenter\" src=\"https:\/\/www.xminsulation.com\/wp-content\/uploads\/2025\/07\/\u56fe\u72472.png\" alt=\"\" width=\"1101\" height=\"1237\" srcset=\"https:\/\/www.xminsulation.com\/wp-content\/uploads\/2025\/07\/\u56fe\u72472.png 1101w, https:\/\/www.xminsulation.com\/wp-content\/uploads\/2025\/07\/\u56fe\u72472-267x300.png 267w, https:\/\/www.xminsulation.com\/wp-content\/uploads\/2025\/07\/\u56fe\u72472-911x1024.png 911w, https:\/\/www.xminsulation.com\/wp-content\/uploads\/2025\/07\/\u56fe\u72472-768x863.png 768w, https:\/\/www.xminsulation.com\/wp-content\/uploads\/2025\/07\/\u56fe\u72472-11x12.png 11w, https:\/\/www.xminsulation.com\/wp-content\/uploads\/2025\/07\/\u56fe\u72472-600x674.png 600w\" sizes=\"(max-width: 1101px) 100vw, 1101px\" \/> <img decoding=\"async\" class=\"size-full wp-image-3845 aligncenter\" src=\"https:\/\/www.xminsulation.com\/wp-content\/uploads\/2025\/07\/\u56fe\u72473.png\" alt=\"\" width=\"1231\" height=\"1327\" srcset=\"https:\/\/www.xminsulation.com\/wp-content\/uploads\/2025\/07\/\u56fe\u72473.png 1231w, https:\/\/www.xminsulation.com\/wp-content\/uploads\/2025\/07\/\u56fe\u72473-278x300.png 278w, https:\/\/www.xminsulation.com\/wp-content\/uploads\/2025\/07\/\u56fe\u72473-950x1024.png 950w, https:\/\/www.xminsulation.com\/wp-content\/uploads\/2025\/07\/\u56fe\u72473-768x828.png 768w, https:\/\/www.xminsulation.com\/wp-content\/uploads\/2025\/07\/\u56fe\u72473-11x12.png 11w, https:\/\/www.xminsulation.com\/wp-content\/uploads\/2025\/07\/\u56fe\u72473-600x647.png 600w\" sizes=\"(max-width: 1231px) 100vw, 1231px\" \/><\/p>\n<h2><strong><b>P<\/b><\/strong><strong><b>\u00fcr\u00fcn <\/b><\/strong><strong><b>D<\/b><\/strong><strong><b>a\u00e7\u0131klama<\/b><\/strong><\/h2>\n<p>Orta gerilim g\u00fc\u00e7 da\u011f\u0131t\u0131m sistemlerinde, \u015fu anda en yayg\u0131n kullan\u0131lan halka a\u011f dolaplar\u0131 aras\u0131nda SF6 gaz yal\u0131t\u0131ml\u0131 halka a\u011f dolaplar\u0131, kat\u0131 yal\u0131t\u0131ml\u0131 halka a\u011f dolaplar\u0131 ve \u00e7evre dostu gaz yal\u0131t\u0131ml\u0131 halka a\u011f dolaplar\u0131 yer almaktad\u0131r. Ancak, SF6&#039;n\u0131n sera gaz\u0131 emisyon sorunu ve kat\u0131 yal\u0131t\u0131m malzemelerinin geri d\u00f6n\u00fc\u015ft\u00fcr\u00fclmesinin zorlu\u011fu nedeniyle, SF6 gaz yal\u0131t\u0131ml\u0131 halka ana \u00fcnitesi ve kat\u0131 yal\u0131t\u0131ml\u0131 halka ana \u00fcnitesinin uygulamas\u0131 s\u0131n\u0131rl\u0131 olacakt\u0131r. Ye\u015fil ve \u00e7evre dostu kalk\u0131nma kavram\u0131n\u0131n k\u00fcresel olarak tan\u0131t\u0131lmas\u0131yla, en son \u00e7evre koruma kavramlar\u0131na ve gereksinimlerine uyan tamamen yal\u0131t\u0131ml\u0131 \u00e7evre dostu gaz halka ana \u00fcniteleri tarihi geli\u015fim f\u0131rsatlar\u0131na \u00f6nc\u00fcl\u00fck edecektir!<\/p>\n<p>IE-EcoAir-12\/24kV 630A serisi \u00e7evre dostu anahtarlar, geleneksel SF6 gaz yal\u0131t\u0131m\u0131n\u0131n yerini almak \u00fczere geli\u015ftirilen yeni nesil \u201cflor\u00fcrs\u00fcz ve d\u00fc\u015f\u00fck kat\u0131 at\u0131kl\u0131\u201d ye\u015fil \u00e7evre dostu devre kesici anahtarlar\u0131 ve \u00e7evre dostu gaz yal\u0131t\u0131ml\u0131 halka ana \u00fcniteleridir.<\/p>\n<p>\u00c7evre dostu devre kesici anahtar\u0131, entegre y\u00fcksek mukavemetli uzunlamas\u0131na bir kiri\u015f kullan\u0131r ve vakum ark s\u00f6nd\u00fcrme odas\u0131 uzunlamas\u0131na kiri\u015f yap\u0131s\u0131na sar\u0131l\u0131r. G\u00fcvenilir yap\u0131 ve basit hata ay\u0131klama avantajlar\u0131na sahiptir. B\u0131\u00e7ak anahtar\u0131n\u0131n a\u00e7ma, kapama ve topraklama i\u015flemlerini entegre bir izolasyon mili ile izole eder. Makine taraf\u0131ndan tahrik edilen ba\u015fka bir kol iletimi yoktur, \u00e7al\u0131\u015fma pozisyonu daha hassast\u0131r ve izolasyon mekanizmas\u0131n\u0131n \u00e7al\u0131\u015fma kuvveti daha hafiftir. Devre kesicinin ana \u015faft\u0131, y\u00fcksek mekanik mukavemete ve g\u00fc\u00e7l\u00fc yal\u0131t\u0131m performans\u0131na sahip epoksi fiberglas tetik \u00e7ubu\u011fundan yap\u0131lm\u0131\u015ft\u0131r. Ala\u015f\u0131ml\u0131 braket ve \u015fanz\u0131man kam\u0131 arac\u0131l\u0131\u011f\u0131yla vakum ark s\u00f6nd\u00fcrme odas\u0131n\u0131n a\u00e7ma ve kapama eylemleri ger\u00e7ekle\u015ftirilir. Fazlar, s\u00fcr\u00fcnme mesafesini art\u0131rmak i\u00e7in silikon \u015femsiye etekleriyle g\u00fc\u00e7lendirilmi\u015ftir. \u00c7evre dostu devre kesici anahtar\u0131, yaln\u0131zca kapal\u0131 hava odas\u0131 yap\u0131s\u0131na sahip halka ana \u00fcniteleri i\u00e7in de\u011fil, ayn\u0131 zamanda normal bas\u0131n\u00e7l\u0131 metal kapal\u0131 halka ana \u00fcniteleri i\u00e7in de uygundur.<\/p>\n<p>\u00c7evre dostu gaz yal\u0131t\u0131m\u0131 ve vakumlu kesme \u00e7\u00f6z\u00fcm\u00fc kullan\u0131larak, avantajlar\u0131n birle\u015fimi genel olarak y\u00fcksek performansa sahiptir. Birincil devre gazla kapat\u0131lm\u0131\u015ft\u0131r, y\u00fcksek bas\u0131n\u00e7l\u0131 bile\u015fenler irtifadan etkilenmez, tamamen bak\u0131m gerektirmez ve g\u00fc\u00e7l\u00fc \u00e7evresel uyum yetene\u011fine sahiptir. Kabin boyutu k\u00fc\u00e7\u00fckt\u00fcr ve yerle\u015fim alan\u0131 gereksinimi d\u00fc\u015f\u00fckt\u00fcr. \u00dcr\u00fcnler elektrik \u015febekelerinde, b\u00fcy\u00fck end\u00fcstrilerde, rayl\u0131 ula\u015f\u0131mda, ticari binalarda ve di\u011fer kullan\u0131m senaryolar\u0131nda kullan\u0131labilir.<\/p>\n<p>Bu \u00fcr\u00fcn esas olarak 10-24kV orta gerilim da\u011f\u0131t\u0131m \u015febekesi sistemlerinde elektrik enerjisini almak ve da\u011f\u0131tmak i\u00e7in i\u00e7 ve d\u0131\u015f halka \u015febeke anahtarlama ekipmanlar\u0131nda kullan\u0131l\u0131r. \u00dcst geni\u015fleme, yan geni\u015fleme ve ortak kutu (maksimum \u00fc\u00e7 \u00fcnite) halka \u015febeke kabini \u00e7\u00f6z\u00fcmleri i\u00e7in uygundur. \u00dcst ve alt izolasyon \u00e7\u00f6z\u00fcmlerinin par\u00e7a ortak oran\u0131 90%&#039;den daha fazlas\u0131na ula\u015f\u0131r. \u00dcr\u00fcn y\u00fcksek stabiliteye ve g\u00fc\u00e7l\u00fc \u00e7ok y\u00f6nl\u00fcl\u00fc\u011fe sahiptir ve tip test gereksinimlerini tam olarak kar\u015f\u0131lar.<\/p>\n<h2><strong><b>\u00dcr\u00fcn <\/b><\/strong><strong><b>\u00d6zellikler<\/b><\/strong><\/h2>\n<p>&nbsp;<\/p>\n<ol>\n<li>\n<h3><strong><b> Ye\u015fil ve <\/b><\/strong><strong><b>e<\/b><\/strong><strong><b>\u00e7evresel olarak <\/b><\/strong><strong><b>F<\/b><\/strong><strong><b>dost\u00e7a.<\/b><\/strong><\/h3>\n<\/li>\n<\/ol>\n<p>Yal\u0131t\u0131m gaz\u0131 olarak kuru bas\u0131n\u00e7l\u0131 hava kullan\u0131l\u0131r, bu da y\u00fcksek iyonla\u015fma alan g\u00fcc\u00fcne ve bozulma alan g\u00fcc\u00fcne sahiptir. Bozulmadan sonra yal\u0131t\u0131m performans\u0131n\u0131 h\u0131zla geri y\u00fckleyebilir. \u0130yi kimyasal kararl\u0131l\u0131\u011fa sahiptir, yan\u0131c\u0131 de\u011fildir, patlay\u0131c\u0131 de\u011fildir, eskimez, a\u015f\u0131nd\u0131r\u0131c\u0131 de\u011fildir ve de\u015farjdan kolayca etkilenmez. Ayr\u0131\u015f\u0131r, b\u00fcy\u00fck \u00f6zg\u00fcl \u0131s\u0131 kapasitesine, iyi termal iletkenli\u011fe ve ak\u0131\u015fkanl\u0131\u011fa sahiptir. Bu \u00e7evre dostu yal\u0131t\u0131m gaz\u0131 sadece toksik olmayan ve zarars\u0131z olmakla kalmaz, ayn\u0131 zamanda hava kirlili\u011fine neden olmadan do\u011frudan atmosfere de\u015farj edilebilir. Ayr\u0131ca iyi elektriksel \u00f6zelliklere ve kararl\u0131l\u0131\u011fa sahiptir ve sentetik i\u015fleme, ekipman \u00e7al\u0131\u015fmas\u0131, ark, su buhar\u0131 ve di\u011fer ko\u015fullarda kullan\u0131labilir. D\u0131\u015f fakt\u00f6rlerin birle\u015fik etkisi alt\u0131nda ve son ayr\u0131\u015fma ve d\u00f6n\u00fc\u015f\u00fcm s\u00fcreci s\u0131ras\u0131nda insanlara ve \u00e7evreye toksik veya zararl\u0131 maddeler \u00fcretilmeyecektir. Anahtar termoplastik malzemeden yap\u0131lm\u0131\u015ft\u0131r ve geri d\u00f6n\u00fc\u015ft\u00fcr\u00fclebilir. SF6 sera gaz\u0131 emisyonu yoktur ve kat\u0131 at\u0131k geri d\u00f6n\u00fc\u015f\u00fcm\u00fc gibi \u00e7evre \u00fczerinde hi\u00e7bir etkisi yoktur.<\/p>\n<ol start=\"2\">\n<li>\n<h3><strong><b> Kompakt <\/b><\/strong><strong><b>S<\/b><\/strong><strong><b>ad\u0131mlamak.<\/b><\/strong><\/h3>\n<\/li>\n<\/ol>\n<p>Kompakt \u015falt dolab\u0131, tipik 24kV \u00e7\u00f6z\u00fcm dolab\u0131 geni\u015fli\u011fi sadece yakla\u015f\u0131k 460mm&#039;dir, dolap boyutu k\u00fc\u00e7\u00fckt\u00fcr ve yerle\u015fim alan\u0131 gereksinimi d\u00fc\u015f\u00fckt\u00fcr. G\u00fcvenilir duvar montaj\u0131, dolab\u0131n \u00f6n\u00fcnde sadece 1m \u00e7al\u0131\u015fma kanal\u0131.<\/p>\n<ol start=\"3\">\n<li>\n<h3><strong><b> Bak\u0131m-<\/b><\/strong><strong><b>F<\/b><\/strong><strong><b>ree.<\/b><\/strong><\/h3>\n<\/li>\n<\/ol>\n<p>Uzun \u00f6m\u00fcrl\u00fc, bak\u0131m gerektirmeyen vakumlu ark s\u00f6nd\u00fcr\u00fcc\u00fc kullan\u0131larak, ana iletken par\u00e7a d\u0131\u015f ortamdan etkilenmez ve sahada bir SF6 gaz ka\u00e7a\u011f\u0131 alarm cihaz\u0131 yap\u0131land\u0131rmaya gerek kalmaz. Ana devre sabit olarak ba\u011flan\u0131r ve ya\u015fam d\u00f6ng\u00fcs\u00fc boyunca raf i\u00e7i ve raf d\u0131\u015f\u0131 bak\u0131m\u0131 gerektirmez. \u00d6zellikle plato, k\u0131y\u0131, da\u011f, y\u00fcksek kirlilik ve di\u011fer alanlardaki uygulamalar i\u00e7in uygundur.<\/p>\n<ol start=\"4\">\n<li>\n<h3><strong><b> Zeki.<\/b><\/strong><\/h3>\n<\/li>\n<\/ol>\n<p>\u0130kincil ekipmanlarla entegrasyon, ak\u0131ll\u0131 da\u011f\u0131t\u0131m \u015febekesinin ihtiya\u00e7lar\u0131n\u0131 kar\u015f\u0131lamak i\u00e7in \u00e7evrimi\u00e7i izleme, uzaktan kontrol ve ekipmanlar\u0131n korunmas\u0131n\u0131 ger\u00e7ekle\u015ftirebilir.<\/p>\n<ol start=\"5\">\n<li>\n<h3><strong><b> Mod\u00fclerlik.<\/b><\/strong><\/h3>\n<\/li>\n<\/ol>\n<p>Yan geni\u015fleme ve \u00fcst geni\u015fleme y\u00f6ntemleri vard\u0131r. Geni\u015fleme esnek ve kullan\u0131\u015fl\u0131d\u0131r ve State Grid&#039;in standartla\u015ft\u0131r\u0131lm\u0131\u015f \u00f6zelle\u015ftirme plan\u0131na tamamen uygundur.<\/p>\n<ol start=\"6\">\n<li>\n<h3><strong><b> G\u00fcvenlik.<\/b><\/strong><\/h3>\n<\/li>\n<\/ol>\n<p>B\u00f6l\u00fcnm\u00fc\u015f fazl\u0131 bir yal\u0131t\u0131m yap\u0131s\u0131 benimseyerek, faz-faz k\u0131sa devre patlamas\u0131 riski yoktur; SF6 i\u00e7ermeyen teknoloji, yal\u0131t\u0131m\u0131n ve ark s\u00f6nd\u00fcrme yeteneklerinin zay\u0131flamas\u0131na yol a\u00e7abilecek SF6 gaz\u0131 s\u0131z\u0131nt\u0131s\u0131n\u0131 \u00f6nler, bunun sonucunda k\u0131r\u0131lma hatas\u0131 ve kutu patlamas\u0131 riski ortaya \u00e7\u0131kar; tam bir &quot;be\u015f \u00f6nleme&quot; kilitleme yap\u0131s\u0131na sahiptir, g\u00fcvenli ve kullan\u0131m\u0131 kolayd\u0131r.<\/p>\n<p><img decoding=\"async\" class=\"size-full wp-image-3846 aligncenter\" src=\"https:\/\/www.xminsulation.com\/wp-content\/uploads\/2025\/07\/\u56fe\u72474.png\" alt=\"\" width=\"1972\" height=\"1590\" srcset=\"https:\/\/www.xminsulation.com\/wp-content\/uploads\/2025\/07\/\u56fe\u72474.png 1972w, https:\/\/www.xminsulation.com\/wp-content\/uploads\/2025\/07\/\u56fe\u72474-300x242.png 300w, https:\/\/www.xminsulation.com\/wp-content\/uploads\/2025\/07\/\u56fe\u72474-1024x826.png 1024w, https:\/\/www.xminsulation.com\/wp-content\/uploads\/2025\/07\/\u56fe\u72474-768x619.png 768w, https:\/\/www.xminsulation.com\/wp-content\/uploads\/2025\/07\/\u56fe\u72474-1536x1238.png 1536w, https:\/\/www.xminsulation.com\/wp-content\/uploads\/2025\/07\/\u56fe\u72474-15x12.png 15w, https:\/\/www.xminsulation.com\/wp-content\/uploads\/2025\/07\/\u56fe\u72474-600x484.png 600w\" sizes=\"(max-width: 1972px) 100vw, 1972px\" \/><\/p>\n<h2><strong><b>\u0130\u015fletim <\/b><\/strong><strong><b>C<\/b><\/strong><strong><b>ko\u015fullar<\/b><\/strong><\/h2>\n<p>&nbsp;<\/p>\n<p>Normal \u00e7evre ko\u015fullar\u0131:<\/p>\n<p>IE-EcoAir-24kV\/630A genel olarak normal i\u00e7 mekan ko\u015fullar\u0131nda \u00e7al\u0131\u015f\u0131r\/hizmet verir ve IEC 62271-1 ve GB3906&#039;ya uygundur.<\/p>\n<p>\u00d6zel ko\u015fullar \u015fu \u015fekildedir:<\/p>\n<p>Ortam s\u0131cakl\u0131\u011f\u0131:<\/p>\n<p>Maksimum s\u0131cakl\u0131k: +40\u2103.<\/p>\n<p>Maksimum s\u0131cakl\u0131k (24 saatlik ortalama): +35\u00b0C.<\/p>\n<p>Minimum s\u0131cakl\u0131k: -40\u2103.<\/p>\n<p>nem:<\/p>\n<p>24 saat boyunca \u00f6l\u00e7\u00fclen en y\u00fcksek ortalama ba\u011f\u0131l nem: 95%.<\/p>\n<p>Bir ay boyunca \u00f6l\u00e7\u00fclen en y\u00fcksek ortalama ba\u011f\u0131l nem: 90%.<\/p>\n<p>Gaz bas\u0131nc\u0131n\u0131 d\u00fc\u015f\u00fcrmeden kurulum maksimum y\u00fcksekli\u011fi 1500 metredir. Kurulum y\u00fcksekli\u011fi 2500 metreyi ge\u00e7ti\u011finde l\u00fctfen sat\u0131\u015f \u00f6ncesi teknoloji ile ileti\u015fime ge\u00e7in.<\/p>\n<p>\u00d6zel ko\u015fullar:<\/p>\n<p>\u00c7al\u0131\u015fma IEC62271-1 ve GB3906 standartlar\u0131n\u0131n gerekliliklerine uygun olmal\u0131d\u0131r. \u00d6zel \u00e7al\u0131\u015fma ko\u015fullar\u0131 i\u00e7in son kullan\u0131c\u0131 ve \u00fcretici bir anla\u015fmaya varmal\u0131d\u0131r. \u00d6zel zorlu \u00e7al\u0131\u015fma ortamlar\u0131 s\u00f6z konusuysa \u00fcreticiye dan\u0131\u015f\u0131lmal\u0131d\u0131r. \u00d6rne\u011fin, elektrikli ekipman 1.500 metrenin \u00fczerindeki bir rak\u0131ma kuruldu\u011funda, atmosfer bas\u0131nc\u0131 d\u00fc\u015fecek ve hava kutusunun \u015fi\u015fmesine neden olacakt\u0131r.<\/p>\n<p>&nbsp;<\/p>\n<h2><strong><b>Hava Tank\u0131 ve \u015ealter Kabininin Boyutsal \u00c7izimi<\/b><\/strong><\/h2>\n<p><strong><b>\u00a0<\/b><\/strong><\/p>\n<p><img loading=\"lazy\" decoding=\"async\" class=\"size-full wp-image-3847 aligncenter\" src=\"https:\/\/www.xminsulation.com\/wp-content\/uploads\/2025\/07\/\u56fe\u72475.png\" alt=\"\" width=\"1925\" height=\"1498\" srcset=\"https:\/\/www.xminsulation.com\/wp-content\/uploads\/2025\/07\/\u56fe\u72475.png 1925w, https:\/\/www.xminsulation.com\/wp-content\/uploads\/2025\/07\/\u56fe\u72475-300x233.png 300w, https:\/\/www.xminsulation.com\/wp-content\/uploads\/2025\/07\/\u56fe\u72475-1024x797.png 1024w, https:\/\/www.xminsulation.com\/wp-content\/uploads\/2025\/07\/\u56fe\u72475-768x598.png 768w, https:\/\/www.xminsulation.com\/wp-content\/uploads\/2025\/07\/\u56fe\u72475-1536x1195.png 1536w, https:\/\/www.xminsulation.com\/wp-content\/uploads\/2025\/07\/\u56fe\u72475-15x12.png 15w, https:\/\/www.xminsulation.com\/wp-content\/uploads\/2025\/07\/\u56fe\u72475-600x467.png 600w\" sizes=\"(max-width: 1925px) 100vw, 1925px\" \/> <img loading=\"lazy\" decoding=\"async\" class=\"size-full wp-image-3848 aligncenter\" src=\"https:\/\/www.xminsulation.com\/wp-content\/uploads\/2025\/07\/\u56fe\u72476.png\" alt=\"\" width=\"1505\" height=\"1837\" srcset=\"https:\/\/www.xminsulation.com\/wp-content\/uploads\/2025\/07\/\u56fe\u72476.png 1505w, https:\/\/www.xminsulation.com\/wp-content\/uploads\/2025\/07\/\u56fe\u72476-246x300.png 246w, https:\/\/www.xminsulation.com\/wp-content\/uploads\/2025\/07\/\u56fe\u72476-839x1024.png 839w, https:\/\/www.xminsulation.com\/wp-content\/uploads\/2025\/07\/\u56fe\u72476-768x937.png 768w, https:\/\/www.xminsulation.com\/wp-content\/uploads\/2025\/07\/\u56fe\u72476-1258x1536.png 1258w, https:\/\/www.xminsulation.com\/wp-content\/uploads\/2025\/07\/\u56fe\u72476-10x12.png 10w, https:\/\/www.xminsulation.com\/wp-content\/uploads\/2025\/07\/\u56fe\u72476-600x732.png 600w\" sizes=\"(max-width: 1505px) 100vw, 1505px\" \/><\/p>\n<h2><strong><b>\u0130\u00e7 Yap\u0131<\/b><\/strong><\/h2>\n<p>&nbsp;<\/p>\n<p><img loading=\"lazy\" decoding=\"async\" class=\"size-full wp-image-3849 aligncenter\" src=\"https:\/\/www.xminsulation.com\/wp-content\/uploads\/2025\/07\/\u56fe\u72477.png\" alt=\"\" width=\"1065\" height=\"786\" srcset=\"https:\/\/www.xminsulation.com\/wp-content\/uploads\/2025\/07\/\u56fe\u72477.png 1065w, https:\/\/www.xminsulation.com\/wp-content\/uploads\/2025\/07\/\u56fe\u72477-300x221.png 300w, https:\/\/www.xminsulation.com\/wp-content\/uploads\/2025\/07\/\u56fe\u72477-1024x756.png 1024w, https:\/\/www.xminsulation.com\/wp-content\/uploads\/2025\/07\/\u56fe\u72477-768x567.png 768w, https:\/\/www.xminsulation.com\/wp-content\/uploads\/2025\/07\/\u56fe\u72477-16x12.png 16w, https:\/\/www.xminsulation.com\/wp-content\/uploads\/2025\/07\/\u56fe\u72477-600x443.png 600w\" sizes=\"(max-width: 1065px) 100vw, 1065px\" \/><\/p>\n<p>1\uff0cSide expansion casing.<\/p>\n<p>2\uff0cCircuit breaker (load switch).<\/p>\n<p>3\uff0cThree-station isolation switch.<\/p>\n<p>4\uff0cBusbar.<\/p>\n<p>5\uff0cEntry bushing.<\/p>\n<p>6\uff0cAir tank.<\/p>\n<p>7\uff0cMonometer.<\/p>\n<p>8\uff0cCircuit breaker (load switch) mechanism.<\/p>\n<p>9\uff0cObservation light.<\/p>\n<p>10\uff0cThree-station isolation mechanism.<\/p>\n<p>11\uff0cGround observation window.<\/p>\n<p><strong><b>\u00a0<\/b><\/strong><\/p>\n<h2><strong><b>\u00dcr\u00fcn Bak\u0131m\u0131<\/b><\/strong><\/h2>\n<p><strong><b>\u00a0<\/b><\/strong><\/p>\n<p>IE-EcoAir-24kV 630A&#039;n\u0131n i\u00e7indeki t\u00fcm bile\u015fenler beyan edilen \u00fcr\u00fcn \u00f6mr\u00fc boyunca bak\u0131m gerektirmez.<\/p>\n<p>\u0130\u015fletme ve kablo montaj\u0131nda emniyet garantisi sa\u011flamak i\u00e7in izolasyon ve topraklama konumlar\u0131na dikkat edilmelidir.<\/p>\n<p>Sistem devresi atmosferden tamamen izole edilmi\u015f olup, operat\u00f6r ve ekipmanlar\u0131n g\u00fcvenli\u011fini sa\u011flamak amac\u0131yla hava kutusu \u00fczerinde \u00f6zel bir ark bas\u0131n\u00e7 tahliye kanal\u0131 tasarlanm\u0131\u015ft\u0131r.<\/p>\n<p>Mekanik par\u00e7a hava kutusunun d\u0131\u015f\u0131nda ve \u00f6n panelin arkas\u0131nda yer al\u0131r, bu da \u00e7al\u0131\u015ft\u0131rmay\u0131 ve de\u011fi\u015ftirmeyi kolayla\u015ft\u0131r\u0131r. Mekanik par\u00e7an\u0131n y\u00fczeyi korozyon \u00f6nleyici i\u015flemden ge\u00e7irilmi\u015f ve hareketli par\u00e7alar\u0131 fabrikadan \u00e7\u0131kmadan \u00f6nce ya\u011flanm\u0131\u015ft\u0131r, bu da \u00fcr\u00fcn\u00fcn ya\u015fam d\u00f6ng\u00fcs\u00fcn\u00fcn kullan\u0131m\u0131n\u0131 kar\u015f\u0131layabilir. A\u015f\u0131r\u0131 ortamlarda (toz, kum ve kir) inceleme, bak\u0131m ve baz\u0131 durumlarda de\u011fi\u015ftirme gerekebilir.<\/p>\n<p>&nbsp;<\/p>\n<h2>\u25c6\u00d6zel \u00d6zelle\u015ftirme<\/h2>\n<p>Yukar\u0131daki parametreler tipik verilerdir; Mevcut stiller \u00f6zel taleplerinizi kar\u015f\u0131lam\u0131yorsa, l\u00fctfen \u00f6zel bir tasar\u0131m i\u00e7in bizimle ileti\u015fime ge\u00e7in. Ki\u015fiselle\u015ftirilmi\u015f ki\u015fiselle\u015ftirme geli\u015ftirme ve \u00fcretim becerilerimiz, d\u00fcnyan\u0131n her yerindeki m\u00fc\u015fterilerimize \u00f6zel \u00e7\u00f6z\u00fcmler sunmam\u0131za olanak tan\u0131yor.<\/p>","protected":false},"excerpt":{"rendered":"<p>Product Description In medium-voltage power distribution systems, the most commonly used ring network cabinets currently include SF6 gas insulated ring network cabinets, solid insulated ring network cabinets and environmentally friendly gas insulated ring network cabinets. However, due to the greenhouse gas emission problem of SF6 and the difficulty of recycling solid insulation materials, the application [&hellip;]<\/p>","protected":false},"featured_media":3850,"template":"","meta":{"site-sidebar-layout":"default","site-content-layout":"","ast-site-content-layout":"default","site-content-style":"default","site-sidebar-style":"default","ast-global-header-display":"","ast-banner-title-visibility":"","ast-main-header-display":"","ast-hfb-above-header-display":"","ast-hfb-below-header-display":"","ast-hfb-mobile-header-display":"","site-post-title":"","ast-breadcrumbs-content":"","ast-featured-img":"","footer-sml-layout":"","theme-transparent-header-meta":"default","adv-header-id-meta":"","stick-header-meta":"","header-above-stick-meta":"","header-main-stick-meta":"","header-below-stick-meta":"","astra-migrate-meta-layouts":"set","ast-page-background-enabled":"default","ast-page-background-meta":{"desktop":{"background-color":"","background-image":"","background-repeat":"repeat","background-position":"center center","background-size":"auto","background-attachment":"scroll","background-type":"","background-media":"","overlay-type":"","overlay-color":"","overlay-gradient":""},"tablet":{"background-color":"","background-image":"","background-repeat":"repeat","background-position":"center center","background-size":"auto","background-attachment":"scroll","background-type":"","background-media":"","overlay-type":"","overlay-color":"","overlay-gradient":""},"mobile":{"background-color":"","background-image":"","background-repeat":"repeat","background-position":"center center","background-size":"auto","background-attachment":"scroll","background-type":"","background-media":"","overlay-type":"","overlay-color":"","overlay-gradient":""}},"ast-content-background-meta":{"desktop":{"background-color":"var(--ast-global-color-5)","background-image":"","background-repeat":"repeat","background-position":"center center","background-size":"auto","background-attachment":"scroll","background-type":"","background-media":"","overlay-type":"","overlay-color":"","overlay-gradient":""},"tablet":{"background-color":"var(--ast-global-color-5)","background-image":"","background-repeat":"repeat","background-position":"center center","background-size":"auto","background-attachment":"scroll","background-type":"","background-media":"","overlay-type":"","overlay-color":"","overlay-gradient":""},"mobile":{"background-color":"var(--ast-global-color-5)","background-image":"","background-repeat":"repeat","background-position":"center center","background-size":"auto","background-attachment":"scroll","background-type":"","background-media":"","overlay-type":"","overlay-color":"","overlay-gradient":""}}},"product_cat":[29],"product_tag":[],"class_list":{"0":"post-3843","1":"product","2":"type-product","3":"status-publish","4":"has-post-thumbnail","6":"product_cat-10-24kv-eco-friendly-vacuum-circuit-breaker-sf6-free","7":"desktop-align-left","8":"tablet-align-left","9":"mobile-align-left","11":"first","12":"instock","13":"shipping-taxable","14":"product-type-simple"},"_links":{"self":[{"href":"https:\/\/www.xminsulation.com\/tr\/wp-json\/wp\/v2\/product\/3843","targetHints":{"allow":["GET"]}}],"collection":[{"href":"https:\/\/www.xminsulation.com\/tr\/wp-json\/wp\/v2\/product"}],"about":[{"href":"https:\/\/www.xminsulation.com\/tr\/wp-json\/wp\/v2\/types\/product"}],"wp:featuredmedia":[{"embeddable":true,"href":"https:\/\/www.xminsulation.com\/tr\/wp-json\/wp\/v2\/media\/3850"}],"wp:attachment":[{"href":"https:\/\/www.xminsulation.com\/tr\/wp-json\/wp\/v2\/media?parent=3843"}],"wp:term":[{"taxonomy":"product_cat","embeddable":true,"href":"https:\/\/www.xminsulation.com\/tr\/wp-json\/wp\/v2\/product_cat?post=3843"},{"taxonomy":"product_tag","embeddable":true,"href":"https:\/\/www.xminsulation.com\/tr\/wp-json\/wp\/v2\/product_tag?post=3843"}],"curies":[{"name":"wp","href":"https:\/\/api.w.org\/{rel}","templated":true}]}}