{"id":3774,"date":"2025-06-20T10:07:14","date_gmt":"2025-06-20T02:07:14","guid":{"rendered":"https:\/\/www.xminsulation.com\/?post_type=product&#038;p=3774"},"modified":"2025-06-20T10:07:14","modified_gmt":"2025-06-20T02:07:14","slug":"transformer-bushings-combined-resin-silicon-bushings","status":"publish","type":"product","link":"https:\/\/www.xminsulation.com\/tr\/product\/transformer-bushings-combined-resin-silicon-bushings\/","title":{"rendered":"Transformat\u00f6r Bur\u00e7lar\u0131 Kombine Re\u00e7ine Silikon Bur\u00e7lar"},"content":{"rendered":"<p>Porselen Olmayan Tip, Sadece Silikon \/ Epoksi Re\u00e7ine<\/p>\n<p>10-40.5kV aras\u0131 voltaj, 200A-4000A aras\u0131 ak\u0131m<\/p>\n<p>IEC \/ IEEE Standard\u0131<\/p>\n<p><strong><b> <img fetchpriority=\"high\" decoding=\"async\" class=\"alignnone size-full wp-image-3775\" src=\"https:\/\/www.xminsulation.com\/wp-content\/uploads\/2025\/06\/\u56fe\u72476.png\" alt=\"\" width=\"1244\" height=\"853\" srcset=\"https:\/\/www.xminsulation.com\/wp-content\/uploads\/2025\/06\/\u56fe\u72476.png 1244w, https:\/\/www.xminsulation.com\/wp-content\/uploads\/2025\/06\/\u56fe\u72476-300x206.png 300w, https:\/\/www.xminsulation.com\/wp-content\/uploads\/2025\/06\/\u56fe\u72476-1024x702.png 1024w, https:\/\/www.xminsulation.com\/wp-content\/uploads\/2025\/06\/\u56fe\u72476-768x527.png 768w, https:\/\/www.xminsulation.com\/wp-content\/uploads\/2025\/06\/\u56fe\u72476-18x12.png 18w, https:\/\/www.xminsulation.com\/wp-content\/uploads\/2025\/06\/\u56fe\u72476-600x411.png 600w\" sizes=\"(max-width: 1244px) 100vw, 1244px\" \/><\/b><\/strong><\/p>\n<h2><strong><b>Ana <\/b><\/strong><strong><b>\u00d6zellikler<\/b><\/strong><\/h2>\n<p>Silikon kau\u00e7uk muhafaza t\u00fcm enjeksiyonla \u015fekillendirilmi\u015ftir. \u0130yi hidrofobisite g\u00f6\u00e7\u00fc ve toprak direncine sahip olmas\u0131n\u0131n yan\u0131 s\u0131ra m\u00fckemmel elektriksel yal\u0131t\u0131m \u00f6zellikleri ve ya\u015flanma direncine sahiptir, bu da y\u00fcksek gerilim iletim hatlar\u0131n\u0131n g\u00fcvenli \u00e7al\u0131\u015fmas\u0131n\u0131 sa\u011flamak i\u00e7in kirlilik s\u0131\u00e7ramas\u0131 kazalar\u0131n\u0131 etkili bir \u015fekilde \u00f6nleyebilir.<\/p>\n<p>Modifiye edilmi\u015f fiberglas takviyeli epoksi re\u00e7ine \u00e7ubuk, y\u00fcksek s\u0131cakl\u0131\u011fa, stres korozyonuna ve asit sald\u0131r\u0131s\u0131na kar\u015f\u0131 iyi direncin yan\u0131 s\u0131ra ince s\u00f6n\u00fcmleme etkisi, y\u00fcksek \u00e7ekme dayan\u0131m\u0131 (&gt;1200Mpa) ve s\u00fcr\u00fcnme ve yorulma ar\u0131zas\u0131na kar\u015f\u0131 direnci nedeniyle kullan\u0131l\u0131r; bu da izolat\u00f6rlerin i\u00e7 yal\u0131t\u0131m kalitesini ve mekanik dayan\u0131kl\u0131l\u0131\u011f\u0131n\u0131 etkili bir \u015fekilde sa\u011flar.<\/p>\n<p>U\u00e7 ba\u011flant\u0131 par\u00e7alar\u0131, sesle \u00e7al\u0131\u015ft\u0131r\u0131lan yer de\u011fi\u015ftirme tipi s\u0131k\u0131\u015ft\u0131rma aletiyle fiberglas \u00e7ubu\u011fa s\u0131k\u0131\u015ft\u0131r\u0131l\u0131r. Bu s\u0131k\u0131\u015ft\u0131rma tekni\u011fine sahip izolat\u00f6rler y\u00fcksek mekanik mukavemete ve k\u00fc\u00e7\u00fck da\u011f\u0131l\u0131ma sahiptir. \u00dcretim ve montaj i\u00e7in en geli\u015fmi\u015f otomatik genel enjeksiyon kal\u0131plama tekni\u011fi ve s\u0131k\u0131\u015ft\u0131rma ba\u011flant\u0131 y\u00f6ntemi al\u0131n\u0131r ve t\u00fcm s\u0131k\u0131\u015ft\u0131rma prosed\u00fcr\u00fc bilgisayar taraf\u0131ndan kontrol edilir ve s\u0131k\u0131\u015ft\u0131rma sonucu her \u00fcr\u00fcn\u00fcn nitelikli oldu\u011fundan emin olmak i\u00e7in ultrasonik dedekt\u00f6r taraf\u0131ndan izlenir.<\/p>\n<p>Her t\u00fcrl\u00fc m\u00fc\u015fteri ihtiyac\u0131na\/\u015fartnamesine g\u00f6re, birden fazla ba\u011flant\u0131 stili ve \u00f6zel \u00e7\u00f6z\u00fcmler sunuyoruz.<\/p>\n<p>&nbsp;<\/p>\n<p><img decoding=\"async\" class=\"size-full wp-image-3776 aligncenter\" src=\"https:\/\/www.xminsulation.com\/wp-content\/uploads\/2025\/06\/\u56fe\u72477.png\" alt=\"\" width=\"775\" height=\"1722\" srcset=\"https:\/\/www.xminsulation.com\/wp-content\/uploads\/2025\/06\/\u56fe\u72477.png 775w, https:\/\/www.xminsulation.com\/wp-content\/uploads\/2025\/06\/\u56fe\u72477-135x300.png 135w, https:\/\/www.xminsulation.com\/wp-content\/uploads\/2025\/06\/\u56fe\u72477-461x1024.png 461w, https:\/\/www.xminsulation.com\/wp-content\/uploads\/2025\/06\/\u56fe\u72477-768x1706.png 768w, https:\/\/www.xminsulation.com\/wp-content\/uploads\/2025\/06\/\u56fe\u72477-691x1536.png 691w, https:\/\/www.xminsulation.com\/wp-content\/uploads\/2025\/06\/\u56fe\u72477-5x12.png 5w, https:\/\/www.xminsulation.com\/wp-content\/uploads\/2025\/06\/\u56fe\u72477-600x1333.png 600w\" sizes=\"(max-width: 775px) 100vw, 775px\" \/><\/p>\n<p style=\"text-align: center;\">CRS (IEC) CRS \u0130\u00c7\u0130N (24-36KV\/250-630A)<\/p>\n<p>&nbsp;<\/p>\n<p><img decoding=\"async\" class=\"size-full wp-image-3777 aligncenter\" src=\"https:\/\/www.xminsulation.com\/wp-content\/uploads\/2025\/06\/\u56fe\u72478.png\" alt=\"\" width=\"679\" height=\"809\" srcset=\"https:\/\/www.xminsulation.com\/wp-content\/uploads\/2025\/06\/\u56fe\u72478.png 679w, https:\/\/www.xminsulation.com\/wp-content\/uploads\/2025\/06\/\u56fe\u72478-252x300.png 252w, https:\/\/www.xminsulation.com\/wp-content\/uploads\/2025\/06\/\u56fe\u72478-10x12.png 10w, https:\/\/www.xminsulation.com\/wp-content\/uploads\/2025\/06\/\u56fe\u72478-600x715.png 600w\" sizes=\"(max-width: 679px) 100vw, 679px\" \/><\/p>\n<p style=\"text-align: center;\">CRS (IEEE)-25-34,5kV 3000A<\/p>\n<p>&nbsp;<\/p>\n<p><img loading=\"lazy\" decoding=\"async\" class=\"size-full wp-image-3778 aligncenter\" src=\"https:\/\/www.xminsulation.com\/wp-content\/uploads\/2025\/06\/\u56fe\u72479.png\" alt=\"\" width=\"868\" height=\"1292\" srcset=\"https:\/\/www.xminsulation.com\/wp-content\/uploads\/2025\/06\/\u56fe\u72479.png 868w, https:\/\/www.xminsulation.com\/wp-content\/uploads\/2025\/06\/\u56fe\u72479-202x300.png 202w, https:\/\/www.xminsulation.com\/wp-content\/uploads\/2025\/06\/\u56fe\u72479-688x1024.png 688w, https:\/\/www.xminsulation.com\/wp-content\/uploads\/2025\/06\/\u56fe\u72479-768x1143.png 768w, https:\/\/www.xminsulation.com\/wp-content\/uploads\/2025\/06\/\u56fe\u72479-8x12.png 8w, https:\/\/www.xminsulation.com\/wp-content\/uploads\/2025\/06\/\u56fe\u72479-600x893.png 600w\" sizes=\"(max-width: 868px) 100vw, 868px\" \/> <img loading=\"lazy\" decoding=\"async\" class=\"size-full wp-image-3779 aligncenter\" src=\"https:\/\/www.xminsulation.com\/wp-content\/uploads\/2025\/06\/\u56fe\u724710.png\" alt=\"\" width=\"930\" height=\"815\" srcset=\"https:\/\/www.xminsulation.com\/wp-content\/uploads\/2025\/06\/\u56fe\u724710.png 930w, https:\/\/www.xminsulation.com\/wp-content\/uploads\/2025\/06\/\u56fe\u724710-300x263.png 300w, https:\/\/www.xminsulation.com\/wp-content\/uploads\/2025\/06\/\u56fe\u724710-768x673.png 768w, https:\/\/www.xminsulation.com\/wp-content\/uploads\/2025\/06\/\u56fe\u724710-14x12.png 14w, https:\/\/www.xminsulation.com\/wp-content\/uploads\/2025\/06\/\u56fe\u724710-600x526.png 600w\" sizes=\"(max-width: 930px) 100vw, 930px\" \/><\/p>\n<p>&nbsp;<\/p>\n<p>&nbsp;<\/p>\n<p>&nbsp;<\/p>\n<h2 class=\"wxts\">\u25c6\u00d6zel \u00d6zelle\u015ftirme<\/h2>\n<p>Yukar\u0131daki parametreler tipik verilerdir; Mevcut stiller \u00f6zel taleplerinizi kar\u015f\u0131lam\u0131yorsa, l\u00fctfen \u00f6zel bir tasar\u0131m i\u00e7in bizimle ileti\u015fime ge\u00e7in. Ki\u015fiselle\u015ftirilmi\u015f ki\u015fiselle\u015ftirme geli\u015ftirme ve \u00fcretim becerilerimiz, d\u00fcnyan\u0131n her yerindeki m\u00fc\u015fterilerimize \u00f6zel \u00e7\u00f6z\u00fcmler sunmam\u0131za olanak tan\u0131yor.<\/p>\n<p>&nbsp;<\/p>\n<p>&nbsp;<\/p>\n<p>&nbsp;<\/p>","protected":false},"excerpt":{"rendered":"<p>Non-Porcelain Type, Silicon \/ Epoxy Resin Only Voltage from 10-40.5kV, Current from 200A-4000A IEC \/ IEEE Standard Main Features The silicone rubber housing taken shape by whole injection. It has good hydrophobicity migration and soil resistance, as well as excellent electrical insulation properties and aging resistance, which could prevent effectively those accidents of pollution flashover [&hellip;]<\/p>","protected":false},"featured_media":3780,"template":"","meta":{"site-sidebar-layout":"default","site-content-layout":"","ast-site-content-layout":"default","site-content-style":"default","site-sidebar-style":"default","ast-global-header-display":"","ast-banner-title-visibility":"","ast-main-header-display":"","ast-hfb-above-header-display":"","ast-hfb-below-header-display":"","ast-hfb-mobile-header-display":"","site-post-title":"","ast-breadcrumbs-content":"","ast-featured-img":"","footer-sml-layout":"","theme-transparent-header-meta":"default","adv-header-id-meta":"","stick-header-meta":"","header-above-stick-meta":"","header-main-stick-meta":"","header-below-stick-meta":"","astra-migrate-meta-layouts":"set","ast-page-background-enabled":"default","ast-page-background-meta":{"desktop":{"background-color":"","background-image":"","background-repeat":"repeat","background-position":"center center","background-size":"auto","background-attachment":"scroll","background-type":"","background-media":"","overlay-type":"","overlay-color":"","overlay-gradient":""},"tablet":{"background-color":"","background-image":"","background-repeat":"repeat","background-position":"center center","background-size":"auto","background-attachment":"scroll","background-type":"","background-media":"","overlay-type":"","overlay-color":"","overlay-gradient":""},"mobile":{"background-color":"","background-image":"","background-repeat":"repeat","background-position":"center center","background-size":"auto","background-attachment":"scroll","background-type":"","background-media":"","overlay-type":"","overlay-color":"","overlay-gradient":""}},"ast-content-background-meta":{"desktop":{"background-color":"var(--ast-global-color-5)","background-image":"","background-repeat":"repeat","background-position":"center center","background-size":"auto","background-attachment":"scroll","background-type":"","background-media":"","overlay-type":"","overlay-color":"","overlay-gradient":""},"tablet":{"background-color":"var(--ast-global-color-5)","background-image":"","background-repeat":"repeat","background-position":"center center","background-size":"auto","background-attachment":"scroll","background-type":"","background-media":"","overlay-type":"","overlay-color":"","overlay-gradient":""},"mobile":{"background-color":"var(--ast-global-color-5)","background-image":"","background-repeat":"repeat","background-position":"center center","background-size":"auto","background-attachment":"scroll","background-type":"","background-media":"","overlay-type":"","overlay-color":"","overlay-gradient":""}}},"product_cat":[66],"product_tag":[],"class_list":{"0":"post-3774","1":"product","2":"type-product","3":"status-publish","4":"has-post-thumbnail","6":"product_cat-non-porcelain-composite-transformer-bushings","7":"desktop-align-left","8":"tablet-align-left","9":"mobile-align-left","11":"first","12":"instock","13":"shipping-taxable","14":"product-type-simple"},"_links":{"self":[{"href":"https:\/\/www.xminsulation.com\/tr\/wp-json\/wp\/v2\/product\/3774","targetHints":{"allow":["GET"]}}],"collection":[{"href":"https:\/\/www.xminsulation.com\/tr\/wp-json\/wp\/v2\/product"}],"about":[{"href":"https:\/\/www.xminsulation.com\/tr\/wp-json\/wp\/v2\/types\/product"}],"wp:featuredmedia":[{"embeddable":true,"href":"https:\/\/www.xminsulation.com\/tr\/wp-json\/wp\/v2\/media\/3780"}],"wp:attachment":[{"href":"https:\/\/www.xminsulation.com\/tr\/wp-json\/wp\/v2\/media?parent=3774"}],"wp:term":[{"taxonomy":"product_cat","embeddable":true,"href":"https:\/\/www.xminsulation.com\/tr\/wp-json\/wp\/v2\/product_cat?post=3774"},{"taxonomy":"product_tag","embeddable":true,"href":"https:\/\/www.xminsulation.com\/tr\/wp-json\/wp\/v2\/product_tag?post=3774"}],"curies":[{"name":"wp","href":"https:\/\/api.w.org\/{rel}","templated":true}]}}