{"id":3768,"date":"2025-06-20T10:01:45","date_gmt":"2025-06-20T02:01:45","guid":{"rendered":"https:\/\/www.xminsulation.com\/?post_type=product&#038;p=3768"},"modified":"2025-06-20T10:01:45","modified_gmt":"2025-06-20T02:01:45","slug":"transformer-bushings-hollow-core-sbc-bushing-series","status":"publish","type":"product","link":"https:\/\/www.xminsulation.com\/tr\/product\/transformer-bushings-hollow-core-sbc-bushing-series\/","title":{"rendered":"Transformat\u00f6r Bur\u00e7lar\u0131 \u0130\u00e7i Bo\u015f SBC Bur\u00e7 Serisi"},"content":{"rendered":"<p>Porselen Olmayan Tip, Sadece Silikon \/ Epoksi Re\u00e7ine<\/p>\n<p>10-40.5kV aras\u0131 voltaj, 200A-4000A aras\u0131 ak\u0131m<\/p>\n<p>IEC \/ IEEE Standard\u0131<\/p>\n<p><img fetchpriority=\"high\" decoding=\"async\" class=\"size-full wp-image-3769 aligncenter\" src=\"https:\/\/www.xminsulation.com\/wp-content\/uploads\/2025\/06\/\u56fe\u72471.png\" alt=\"\" width=\"1534\" height=\"1474\" srcset=\"https:\/\/www.xminsulation.com\/wp-content\/uploads\/2025\/06\/\u56fe\u72471.png 1534w, https:\/\/www.xminsulation.com\/wp-content\/uploads\/2025\/06\/\u56fe\u72471-300x288.png 300w, https:\/\/www.xminsulation.com\/wp-content\/uploads\/2025\/06\/\u56fe\u72471-1024x984.png 1024w, https:\/\/www.xminsulation.com\/wp-content\/uploads\/2025\/06\/\u56fe\u72471-768x738.png 768w, https:\/\/www.xminsulation.com\/wp-content\/uploads\/2025\/06\/\u56fe\u72471-12x12.png 12w, https:\/\/www.xminsulation.com\/wp-content\/uploads\/2025\/06\/\u56fe\u72471-600x577.png 600w\" sizes=\"(max-width: 1534px) 100vw, 1534px\" \/><\/p>\n<h2><strong><b>Ana <\/b><\/strong><strong><b>\u00d6zellikler<\/b><\/strong><\/h2>\n<p>SBC bur\u00e7lar\u0131 kapasitif olmayan derecelendirilmi\u015ftir ve ya\u011f dolu transformat\u00f6rler i\u00e7in uygundur. EN50180&#039;e dayal\u0131 bak\u0131m gerektirmeyen, i\u00e7i bo\u015f \u00e7ekirdekli, s\u0131v\u0131 dolu bur\u00e7lard\u0131r ve IEC 60137&#039;ye g\u00f6re test edilmi\u015ftir. Yal\u0131t\u0131m g\u00f6vdesi, modern bir s\u0131v\u0131 silikon sistemi (LSR) arac\u0131l\u0131\u011f\u0131yla birinci s\u0131n\u0131f silikonla doldurulmu\u015f bir fiberglas t\u00fcpten olu\u015fur. Bu yenilik\u00e7i \u00fcr\u00fcn tasar\u0131m\u0131, do\u011frudan kompozit g\u00f6vdeye entegre edilmi\u015f bir flan\u015f sayesinde optimum performans\u0131 garanti eder. Bu, burcun mukavemetini art\u0131r\u0131r ve ya\u011f s\u0131z\u0131nt\u0131s\u0131 riskini azalt\u0131r.<\/p>\n<p>Hem i\u00e7 hem de d\u0131\u015f mekan uygulamalar\u0131 i\u00e7in tasarlanan SBC bur\u00e7 serisi, a\u015f\u0131r\u0131 \u00e7evre ko\u015fullar\u0131nda (\u00f6rne\u011fin; a\u015f\u0131r\u0131 kirli alanlar, \u00e7ok so\u011fuk\/s\u0131cak ortam s\u0131cakl\u0131klar\u0131, \u00e7ok a\u015f\u0131nd\u0131r\u0131c\u0131\/agresif ortamlar, vb.) bile \u00e7al\u0131\u015fabilir.<\/p>\n<p>Her t\u00fcrl\u00fc m\u00fc\u015fteri ihtiyac\u0131na\/\u015fartnamesine g\u00f6re, birden fazla ba\u011flant\u0131 stili ve \u00f6zel \u00e7\u00f6z\u00fcmler sunuyoruz.<\/p>\n<p><img decoding=\"async\" class=\"size-full wp-image-3770 aligncenter\" src=\"https:\/\/www.xminsulation.com\/wp-content\/uploads\/2025\/06\/\u56fe\u72472.png\" alt=\"\" width=\"828\" height=\"1156\" srcset=\"https:\/\/www.xminsulation.com\/wp-content\/uploads\/2025\/06\/\u56fe\u72472.png 828w, https:\/\/www.xminsulation.com\/wp-content\/uploads\/2025\/06\/\u56fe\u72472-215x300.png 215w, https:\/\/www.xminsulation.com\/wp-content\/uploads\/2025\/06\/\u56fe\u72472-733x1024.png 733w, https:\/\/www.xminsulation.com\/wp-content\/uploads\/2025\/06\/\u56fe\u72472-768x1072.png 768w, https:\/\/www.xminsulation.com\/wp-content\/uploads\/2025\/06\/\u56fe\u72472-9x12.png 9w, https:\/\/www.xminsulation.com\/wp-content\/uploads\/2025\/06\/\u56fe\u72472-600x838.png 600w\" sizes=\"(max-width: 828px) 100vw, 828px\" \/><\/p>\n<h2><strong><b>\u0130\u00e7 Yap\u0131<\/b><\/strong><\/h2>\n<p><img decoding=\"async\" class=\"size-full wp-image-3771 aligncenter\" src=\"https:\/\/www.xminsulation.com\/wp-content\/uploads\/2025\/06\/\u56fe\u72473.png\" alt=\"\" width=\"452\" height=\"1324\" srcset=\"https:\/\/www.xminsulation.com\/wp-content\/uploads\/2025\/06\/\u56fe\u72473.png 452w, https:\/\/www.xminsulation.com\/wp-content\/uploads\/2025\/06\/\u56fe\u72473-102x300.png 102w, https:\/\/www.xminsulation.com\/wp-content\/uploads\/2025\/06\/\u56fe\u72473-350x1024.png 350w, https:\/\/www.xminsulation.com\/wp-content\/uploads\/2025\/06\/\u56fe\u72473-4x12.png 4w\" sizes=\"(max-width: 452px) 100vw, 452px\" \/><\/p>\n<h2><strong><b>Boyutlar<\/b><\/strong><\/h2>\n<p><img loading=\"lazy\" decoding=\"async\" class=\"size-full wp-image-3772 alignnone\" src=\"https:\/\/www.xminsulation.com\/wp-content\/uploads\/2025\/06\/\u56fe\u72474.png\" alt=\"\" width=\"2568\" height=\"2188\" srcset=\"https:\/\/www.xminsulation.com\/wp-content\/uploads\/2025\/06\/\u56fe\u72474.png 2568w, https:\/\/www.xminsulation.com\/wp-content\/uploads\/2025\/06\/\u56fe\u72474-300x256.png 300w, https:\/\/www.xminsulation.com\/wp-content\/uploads\/2025\/06\/\u56fe\u72474-1024x872.png 1024w, https:\/\/www.xminsulation.com\/wp-content\/uploads\/2025\/06\/\u56fe\u72474-768x654.png 768w, https:\/\/www.xminsulation.com\/wp-content\/uploads\/2025\/06\/\u56fe\u72474-1536x1309.png 1536w, https:\/\/www.xminsulation.com\/wp-content\/uploads\/2025\/06\/\u56fe\u72474-2048x1745.png 2048w, https:\/\/www.xminsulation.com\/wp-content\/uploads\/2025\/06\/\u56fe\u72474-14x12.png 14w, https:\/\/www.xminsulation.com\/wp-content\/uploads\/2025\/06\/\u56fe\u72474-600x511.png 600w\" sizes=\"(max-width: 2568px) 100vw, 2568px\" \/><\/p>\n<h2 class=\"wxts\">\u25c6\u00d6zel \u00d6zelle\u015ftirme<\/h2>\n<p>Yukar\u0131daki parametreler tipik verilerdir; Mevcut stiller \u00f6zel taleplerinizi kar\u015f\u0131lam\u0131yorsa, l\u00fctfen \u00f6zel bir tasar\u0131m i\u00e7in bizimle ileti\u015fime ge\u00e7in. Ki\u015fiselle\u015ftirilmi\u015f ki\u015fiselle\u015ftirme geli\u015ftirme ve \u00fcretim becerilerimiz, d\u00fcnyan\u0131n her yerindeki m\u00fc\u015fterilerimize \u00f6zel \u00e7\u00f6z\u00fcmler sunmam\u0131za olanak tan\u0131yor.<\/p>\n<p>&nbsp;<\/p>","protected":false},"excerpt":{"rendered":"<p>Non-Porcelain Type, Silicon \/ Epoxy Resin Only Voltage from 10-40.5kV, Current from 200A-4000A IEC \/ IEEE Standard Main Features SBC\u00a0bushings are non-capacitive graded and suitable for oil-filled transformers.\u00a0They\u00a0are maintenance-free, hollow-core,liquid-filled bushings based on EN50180, and are tested in accordance with IEC 60137. The insulating body consists of a fiberglass tube that is filled with premium [&hellip;]<\/p>","protected":false},"featured_media":3773,"template":"","meta":{"site-sidebar-layout":"default","site-content-layout":"","ast-site-content-layout":"default","site-content-style":"default","site-sidebar-style":"default","ast-global-header-display":"","ast-banner-title-visibility":"","ast-main-header-display":"","ast-hfb-above-header-display":"","ast-hfb-below-header-display":"","ast-hfb-mobile-header-display":"","site-post-title":"","ast-breadcrumbs-content":"","ast-featured-img":"","footer-sml-layout":"","theme-transparent-header-meta":"default","adv-header-id-meta":"","stick-header-meta":"","header-above-stick-meta":"","header-main-stick-meta":"","header-below-stick-meta":"","astra-migrate-meta-layouts":"set","ast-page-background-enabled":"default","ast-page-background-meta":{"desktop":{"background-color":"","background-image":"","background-repeat":"repeat","background-position":"center center","background-size":"auto","background-attachment":"scroll","background-type":"","background-media":"","overlay-type":"","overlay-color":"","overlay-gradient":""},"tablet":{"background-color":"","background-image":"","background-repeat":"repeat","background-position":"center center","background-size":"auto","background-attachment":"scroll","background-type":"","background-media":"","overlay-type":"","overlay-color":"","overlay-gradient":""},"mobile":{"background-color":"","background-image":"","background-repeat":"repeat","background-position":"center center","background-size":"auto","background-attachment":"scroll","background-type":"","background-media":"","overlay-type":"","overlay-color":"","overlay-gradient":""}},"ast-content-background-meta":{"desktop":{"background-color":"var(--ast-global-color-5)","background-image":"","background-repeat":"repeat","background-position":"center center","background-size":"auto","background-attachment":"scroll","background-type":"","background-media":"","overlay-type":"","overlay-color":"","overlay-gradient":""},"tablet":{"background-color":"var(--ast-global-color-5)","background-image":"","background-repeat":"repeat","background-position":"center center","background-size":"auto","background-attachment":"scroll","background-type":"","background-media":"","overlay-type":"","overlay-color":"","overlay-gradient":""},"mobile":{"background-color":"var(--ast-global-color-5)","background-image":"","background-repeat":"repeat","background-position":"center center","background-size":"auto","background-attachment":"scroll","background-type":"","background-media":"","overlay-type":"","overlay-color":"","overlay-gradient":""}}},"product_cat":[66],"product_tag":[],"class_list":{"0":"post-3768","1":"product","2":"type-product","3":"status-publish","4":"has-post-thumbnail","6":"product_cat-non-porcelain-composite-transformer-bushings","7":"desktop-align-left","8":"tablet-align-left","9":"mobile-align-left","11":"first","12":"instock","13":"shipping-taxable","14":"product-type-simple"},"_links":{"self":[{"href":"https:\/\/www.xminsulation.com\/tr\/wp-json\/wp\/v2\/product\/3768","targetHints":{"allow":["GET"]}}],"collection":[{"href":"https:\/\/www.xminsulation.com\/tr\/wp-json\/wp\/v2\/product"}],"about":[{"href":"https:\/\/www.xminsulation.com\/tr\/wp-json\/wp\/v2\/types\/product"}],"wp:featuredmedia":[{"embeddable":true,"href":"https:\/\/www.xminsulation.com\/tr\/wp-json\/wp\/v2\/media\/3773"}],"wp:attachment":[{"href":"https:\/\/www.xminsulation.com\/tr\/wp-json\/wp\/v2\/media?parent=3768"}],"wp:term":[{"taxonomy":"product_cat","embeddable":true,"href":"https:\/\/www.xminsulation.com\/tr\/wp-json\/wp\/v2\/product_cat?post=3768"},{"taxonomy":"product_tag","embeddable":true,"href":"https:\/\/www.xminsulation.com\/tr\/wp-json\/wp\/v2\/product_tag?post=3768"}],"curies":[{"name":"wp","href":"https:\/\/api.w.org\/{rel}","templated":true}]}}