{"id":3498,"date":"2024-12-13T10:17:43","date_gmt":"2024-12-13T02:17:43","guid":{"rendered":"https:\/\/www.xminsulation.com\/?post_type=product&#038;p=3498"},"modified":"2024-12-13T10:17:43","modified_gmt":"2024-12-13T02:17:43","slug":"insulated-bushing-series-012","status":"publish","type":"product","link":"https:\/\/www.xminsulation.com\/tr\/product\/insulated-bushing-series-012\/","title":{"rendered":"Yal\u0131t\u0131ml\u0131 Bur\u00e7 Serisi 012"},"content":{"rendered":"<p><img fetchpriority=\"high\" decoding=\"async\" class=\"alignnone wp-image-3282 size-full\" src=\"https:\/\/www.xminsulation.com\/wp-content\/uploads\/2024\/12\/\u7edd\u7f18\u5957\u7ba1\u7cfb\u52175.png\" alt=\"\" width=\"605\" height=\"631\" srcset=\"https:\/\/www.xminsulation.com\/wp-content\/uploads\/2024\/12\/\u7edd\u7f18\u5957\u7ba1\u7cfb\u52175.png 605w, https:\/\/www.xminsulation.com\/wp-content\/uploads\/2024\/12\/\u7edd\u7f18\u5957\u7ba1\u7cfb\u52175-288x300.png 288w, https:\/\/www.xminsulation.com\/wp-content\/uploads\/2024\/12\/\u7edd\u7f18\u5957\u7ba1\u7cfb\u52175-12x12.png 12w, https:\/\/www.xminsulation.com\/wp-content\/uploads\/2024\/12\/\u7edd\u7f18\u5957\u7ba1\u7cfb\u52175-600x626.png 600w\" sizes=\"(max-width: 605px) 100vw, 605px\" \/><\/p>\n<p><img decoding=\"async\" class=\"alignnone wp-image-3283 size-full\" src=\"https:\/\/www.xminsulation.com\/wp-content\/uploads\/2024\/12\/\u7edd\u7f18\u5957\u7ba1\u7cfb\u52177.png\" alt=\"\" width=\"643\" height=\"675\" srcset=\"https:\/\/www.xminsulation.com\/wp-content\/uploads\/2024\/12\/\u7edd\u7f18\u5957\u7ba1\u7cfb\u52177.png 643w, https:\/\/www.xminsulation.com\/wp-content\/uploads\/2024\/12\/\u7edd\u7f18\u5957\u7ba1\u7cfb\u52177-286x300.png 286w, https:\/\/www.xminsulation.com\/wp-content\/uploads\/2024\/12\/\u7edd\u7f18\u5957\u7ba1\u7cfb\u52177-11x12.png 11w, https:\/\/www.xminsulation.com\/wp-content\/uploads\/2024\/12\/\u7edd\u7f18\u5957\u7ba1\u7cfb\u52177-600x630.png 600w\" sizes=\"(max-width: 643px) 100vw, 643px\" \/><\/p>\n<p><img decoding=\"async\" class=\"alignnone wp-image-3284 size-full\" src=\"https:\/\/www.xminsulation.com\/wp-content\/uploads\/2024\/12\/\u7edd\u7f18\u5957\u7ba1\u7cfb\u52179.png\" alt=\"\" width=\"265\" height=\"494\" srcset=\"https:\/\/www.xminsulation.com\/wp-content\/uploads\/2024\/12\/\u7edd\u7f18\u5957\u7ba1\u7cfb\u52179.png 265w, https:\/\/www.xminsulation.com\/wp-content\/uploads\/2024\/12\/\u7edd\u7f18\u5957\u7ba1\u7cfb\u52179-161x300.png 161w, https:\/\/www.xminsulation.com\/wp-content\/uploads\/2024\/12\/\u7edd\u7f18\u5957\u7ba1\u7cfb\u52179-6x12.png 6w\" sizes=\"(max-width: 265px) 100vw, 265px\" \/><\/p>","protected":false},"excerpt":{"rendered":"","protected":false},"featured_media":3499,"template":"","meta":{"site-sidebar-layout":"default","site-content-layout":"","ast-site-content-layout":"default","site-content-style":"default","site-sidebar-style":"default","ast-global-header-display":"","ast-banner-title-visibility":"","ast-main-header-display":"","ast-hfb-above-header-display":"","ast-hfb-below-header-display":"","ast-hfb-mobile-header-display":"","site-post-title":"","ast-breadcrumbs-content":"","ast-featured-img":"","footer-sml-layout":"","theme-transparent-header-meta":"default","adv-header-id-meta":"","stick-header-meta":"","header-above-stick-meta":"","header-main-stick-meta":"","header-below-stick-meta":"","astra-migrate-meta-layouts":"set","ast-page-background-enabled":"default","ast-page-background-meta":{"desktop":{"background-color":"","background-image":"","background-repeat":"repeat","background-position":"center center","background-size":"auto","background-attachment":"scroll","background-type":"","background-media":"","overlay-type":"","overlay-color":"","overlay-gradient":""},"tablet":{"background-color":"","background-image":"","background-repeat":"repeat","background-position":"center center","background-size":"auto","background-attachment":"scroll","background-type":"","background-media":"","overlay-type":"","overlay-color":"","overlay-gradient":""},"mobile":{"background-color":"","background-image":"","background-repeat":"repeat","background-position":"center center","background-size":"auto","background-attachment":"scroll","background-type":"","background-media":"","overlay-type":"","overlay-color":"","overlay-gradient":""}},"ast-content-background-meta":{"desktop":{"background-color":"var(--ast-global-color-5)","background-image":"","background-repeat":"repeat","background-position":"center center","background-size":"auto","background-attachment":"scroll","background-type":"","background-media":"","overlay-type":"","overlay-color":"","overlay-gradient":""},"tablet":{"background-color":"var(--ast-global-color-5)","background-image":"","background-repeat":"repeat","background-position":"center center","background-size":"auto","background-attachment":"scroll","background-type":"","background-media":"","overlay-type":"","overlay-color":"","overlay-gradient":""},"mobile":{"background-color":"var(--ast-global-color-5)","background-image":"","background-repeat":"repeat","background-position":"center center","background-size":"auto","background-attachment":"scroll","background-type":"","background-media":"","overlay-type":"","overlay-color":"","overlay-gradient":""}}},"product_cat":[63],"product_tag":[],"class_list":{"0":"post-3498","1":"product","2":"type-product","3":"status-publish","4":"has-post-thumbnail","6":"product_cat-insulated-bushing-series","7":"desktop-align-left","8":"tablet-align-left","9":"mobile-align-left","11":"first","12":"instock","13":"shipping-taxable","14":"product-type-simple"},"_links":{"self":[{"href":"https:\/\/www.xminsulation.com\/tr\/wp-json\/wp\/v2\/product\/3498","targetHints":{"allow":["GET"]}}],"collection":[{"href":"https:\/\/www.xminsulation.com\/tr\/wp-json\/wp\/v2\/product"}],"about":[{"href":"https:\/\/www.xminsulation.com\/tr\/wp-json\/wp\/v2\/types\/product"}],"wp:featuredmedia":[{"embeddable":true,"href":"https:\/\/www.xminsulation.com\/tr\/wp-json\/wp\/v2\/media\/3499"}],"wp:attachment":[{"href":"https:\/\/www.xminsulation.com\/tr\/wp-json\/wp\/v2\/media?parent=3498"}],"wp:term":[{"taxonomy":"product_cat","embeddable":true,"href":"https:\/\/www.xminsulation.com\/tr\/wp-json\/wp\/v2\/product_cat?post=3498"},{"taxonomy":"product_tag","embeddable":true,"href":"https:\/\/www.xminsulation.com\/tr\/wp-json\/wp\/v2\/product_tag?post=3498"}],"curies":[{"name":"wp","href":"https:\/\/api.w.org\/{rel}","templated":true}]}}