{"id":3123,"date":"2024-09-13T23:49:09","date_gmt":"2024-09-13T15:49:09","guid":{"rendered":"https:\/\/www.xminsulation.com\/?post_type=product&#038;p=3123"},"modified":"2024-09-13T23:49:09","modified_gmt":"2024-09-13T15:49:09","slug":"40-5kv-630a-1250a-new-energy-vacuum-circuit-breaker-vcb","status":"publish","type":"product","link":"https:\/\/www.xminsulation.com\/tr\/product\/40-5kv-630a-1250a-new-energy-vacuum-circuit-breaker-vcb\/","title":{"rendered":"40.5kV 630A\/1250A Yeni Enerji Vakum Devre Kesici VCB"},"content":{"rendered":"<p><img fetchpriority=\"high\" decoding=\"async\" class=\"alignnone wp-image-3124 size-full\" src=\"https:\/\/www.xminsulation.com\/wp-content\/uploads\/2024\/09\/\u56fe\u72471-1.png\" alt=\"\" width=\"1500\" height=\"1500\" srcset=\"https:\/\/www.xminsulation.com\/wp-content\/uploads\/2024\/09\/\u56fe\u72471-1.png 1500w, https:\/\/www.xminsulation.com\/wp-content\/uploads\/2024\/09\/\u56fe\u72471-1-300x300.png 300w, https:\/\/www.xminsulation.com\/wp-content\/uploads\/2024\/09\/\u56fe\u72471-1-1024x1024.png 1024w, https:\/\/www.xminsulation.com\/wp-content\/uploads\/2024\/09\/\u56fe\u72471-1-150x150.png 150w, https:\/\/www.xminsulation.com\/wp-content\/uploads\/2024\/09\/\u56fe\u72471-1-768x768.png 768w, https:\/\/www.xminsulation.com\/wp-content\/uploads\/2024\/09\/\u56fe\u72471-1-12x12.png 12w, https:\/\/www.xminsulation.com\/wp-content\/uploads\/2024\/09\/\u56fe\u72471-1-600x600.png 600w, https:\/\/www.xminsulation.com\/wp-content\/uploads\/2024\/09\/\u56fe\u72471-1-100x100.png 100w\" sizes=\"(max-width: 1500px) 100vw, 1500px\" \/><\/p>\n<h2><strong><b>Genel bilgi<\/b><\/strong><\/h2>\n<p>40.5kV 630A\/1250A i\u00e7 mekan AC y\u00fcksek gerilim vakum devre kesicisi, AC 50Hz\/60Hz, anma gerilimi 40.5kV g\u00fc\u00e7 iletim ve da\u011f\u0131t\u0131m \u015febekesi i\u00e7in uygun, r\u00fczgar enerjisi \u00fcretimi, g\u00fcne\u015f enerjisi \u00fcretimi, enerji depolama santralleri ve kentsel da\u011f\u0131t\u0131m \u015febekesi sistemi projelerinde yayg\u0131n olarak kullan\u0131lan yeni nesil 40.5kV kombine vakum devre kesicisidir (izolasyon, vakum devre kesici, Entegre topraklama tipi). Bu \u00fcr\u00fcn k\u00fc\u00e7\u00fck boyutlu, kurulumu kolay, kullan\u0131m\u0131 basittir ve uzun mesafe kontrol\u00fc sa\u011flayabilir. Yap\u0131s\u0131 bilimsel ve makul, eylemi esnek ve g\u00fcvenilirdir ve belirgin izolasyon k\u0131r\u0131klar\u0131na sahiptir. Tam mekanik ve elektriksel kilitleme cihazlar\u0131na sahiptir ve son derece y\u00fcksek operasyonel g\u00fcvenilirli\u011fe ve hizmet \u00f6mr\u00fcne sahiptir. \u0130lgili \u015falt dolab\u0131 ile g\u00fcvenli g\u00fc\u00e7 da\u011f\u0131t\u0131m i\u015flevlerini ger\u00e7ekle\u015ftirebilir ve operat\u00f6rlerin ve ekipmanlar\u0131n g\u00fcvenli\u011fini sa\u011flayabilir.<\/p>\n<p><img decoding=\"async\" class=\"alignnone wp-image-3125 size-full\" src=\"https:\/\/www.xminsulation.com\/wp-content\/uploads\/2024\/09\/\u56fe\u72472-1.png\" alt=\"\" width=\"1496\" height=\"1728\" srcset=\"https:\/\/www.xminsulation.com\/wp-content\/uploads\/2024\/09\/\u56fe\u72472-1.png 1496w, https:\/\/www.xminsulation.com\/wp-content\/uploads\/2024\/09\/\u56fe\u72472-1-260x300.png 260w, https:\/\/www.xminsulation.com\/wp-content\/uploads\/2024\/09\/\u56fe\u72472-1-887x1024.png 887w, https:\/\/www.xminsulation.com\/wp-content\/uploads\/2024\/09\/\u56fe\u72472-1-768x887.png 768w, https:\/\/www.xminsulation.com\/wp-content\/uploads\/2024\/09\/\u56fe\u72472-1-1330x1536.png 1330w, https:\/\/www.xminsulation.com\/wp-content\/uploads\/2024\/09\/\u56fe\u72472-1-10x12.png 10w, https:\/\/www.xminsulation.com\/wp-content\/uploads\/2024\/09\/\u56fe\u72472-1-600x693.png 600w\" sizes=\"(max-width: 1496px) 100vw, 1496px\" \/> <img decoding=\"async\" class=\"alignnone wp-image-3126 size-full\" src=\"https:\/\/www.xminsulation.com\/wp-content\/uploads\/2024\/09\/\u56fe\u72473-1.png\" alt=\"\" width=\"1464\" height=\"1042\" srcset=\"https:\/\/www.xminsulation.com\/wp-content\/uploads\/2024\/09\/\u56fe\u72473-1.png 1464w, https:\/\/www.xminsulation.com\/wp-content\/uploads\/2024\/09\/\u56fe\u72473-1-300x214.png 300w, https:\/\/www.xminsulation.com\/wp-content\/uploads\/2024\/09\/\u56fe\u72473-1-1024x729.png 1024w, https:\/\/www.xminsulation.com\/wp-content\/uploads\/2024\/09\/\u56fe\u72473-1-768x547.png 768w, https:\/\/www.xminsulation.com\/wp-content\/uploads\/2024\/09\/\u56fe\u72473-1-18x12.png 18w, https:\/\/www.xminsulation.com\/wp-content\/uploads\/2024\/09\/\u56fe\u72473-1-600x427.png 600w\" sizes=\"(max-width: 1464px) 100vw, 1464px\" \/><\/p>\n<h2><strong><b>Kullan\u0131m \u015eartlar\u0131<\/b><\/strong><\/h2>\n<p>&nbsp;<\/p>\n<p>Ortam s\u0131cakl\u0131\u011f\u0131: \u00fcst s\u0131n\u0131r +40\u2103; alt s\u0131n\u0131r -15\u2103; rak\u0131m: rak\u0131m \u22641000m;<\/p>\n<p>Ba\u011f\u0131l nem: G\u00fcnl\u00fck ortalama de\u011fer en fazla 95%, ayl\u0131k ortalama de\u011fer en fazla 90%; deprem \u015fiddeti: en fazla 8 derece;<\/p>\n<p>Yang\u0131n, patlama, kimyasal korozyon ve \u015fiddetli titre\u015fim riski yoktur; kirlilik seviyesi: Seviye I.<\/p>\n<p>Not: \u00d6zel kullan\u0131m ortam\u0131 gereksinimleri varsa, sipari\u015f detaylar\u0131nda a\u00e7\u0131k\u00e7a belirtilmelidir.<\/p>\n<p>&nbsp;<\/p>\n<h2><strong><b>VCB Boyut Diyagram\u0131<\/b><\/strong><\/h2>\n<p><img loading=\"lazy\" decoding=\"async\" class=\"alignnone wp-image-3127 size-full\" src=\"https:\/\/www.xminsulation.com\/wp-content\/uploads\/2024\/09\/\u56fe\u72474-1.png\" alt=\"\" width=\"921\" height=\"674\" srcset=\"https:\/\/www.xminsulation.com\/wp-content\/uploads\/2024\/09\/\u56fe\u72474-1.png 921w, https:\/\/www.xminsulation.com\/wp-content\/uploads\/2024\/09\/\u56fe\u72474-1-300x220.png 300w, https:\/\/www.xminsulation.com\/wp-content\/uploads\/2024\/09\/\u56fe\u72474-1-768x562.png 768w, https:\/\/www.xminsulation.com\/wp-content\/uploads\/2024\/09\/\u56fe\u72474-1-16x12.png 16w, https:\/\/www.xminsulation.com\/wp-content\/uploads\/2024\/09\/\u56fe\u72474-1-600x439.png 600w\" sizes=\"(max-width: 921px) 100vw, 921px\" \/> <img loading=\"lazy\" decoding=\"async\" class=\"alignnone wp-image-3128 size-large\" src=\"https:\/\/www.xminsulation.com\/wp-content\/uploads\/2024\/09\/\u56fe\u72475-1-1024x704.png\" alt=\"\" width=\"1024\" height=\"704\" srcset=\"https:\/\/www.xminsulation.com\/wp-content\/uploads\/2024\/09\/\u56fe\u72475-1-1024x704.png 1024w, https:\/\/www.xminsulation.com\/wp-content\/uploads\/2024\/09\/\u56fe\u72475-1-300x206.png 300w, https:\/\/www.xminsulation.com\/wp-content\/uploads\/2024\/09\/\u56fe\u72475-1-768x528.png 768w, https:\/\/www.xminsulation.com\/wp-content\/uploads\/2024\/09\/\u56fe\u72475-1-18x12.png 18w, https:\/\/www.xminsulation.com\/wp-content\/uploads\/2024\/09\/\u56fe\u72475-1-600x413.png 600w, https:\/\/www.xminsulation.com\/wp-content\/uploads\/2024\/09\/\u56fe\u72475-1.png 1159w\" sizes=\"(max-width: 1024px) 100vw, 1024px\" \/> <img loading=\"lazy\" decoding=\"async\" class=\"alignnone wp-image-3129 size-full\" src=\"https:\/\/www.xminsulation.com\/wp-content\/uploads\/2024\/09\/\u56fe\u72476-1.png\" alt=\"\" width=\"941\" height=\"443\" srcset=\"https:\/\/www.xminsulation.com\/wp-content\/uploads\/2024\/09\/\u56fe\u72476-1.png 941w, https:\/\/www.xminsulation.com\/wp-content\/uploads\/2024\/09\/\u56fe\u72476-1-300x141.png 300w, https:\/\/www.xminsulation.com\/wp-content\/uploads\/2024\/09\/\u56fe\u72476-1-768x362.png 768w, https:\/\/www.xminsulation.com\/wp-content\/uploads\/2024\/09\/\u56fe\u72476-1-18x8.png 18w, https:\/\/www.xminsulation.com\/wp-content\/uploads\/2024\/09\/\u56fe\u72476-1-600x282.png 600w\" sizes=\"(max-width: 941px) 100vw, 941px\" \/><\/p>\n<h2><strong><b>D\u00fczenlemek<\/b><\/strong><strong><b>ation<\/b><\/strong><\/h2>\n<p>&nbsp;<\/p>\n<p>\u00dcr\u00fcn, izolasyon anahtar\u0131n\u0131n a\u00e7\u0131l\u0131p kapanma durumunun g\u00f6zlemlenebilece\u011fi metal bir \u00e7er\u00e7eveye monte edilmelidir. Raftaki montaj deliklerinden ge\u00e7mek ve sabit \u00e7er\u00e7eveye ba\u011flamak i\u00e7in alt\u0131 adet M16 c\u0131vata kullan\u0131n. Montaj s\u0131ras\u0131nda izolasyon anahtar\u0131 ve ark s\u00f6nd\u00fcrme odas\u0131 a\u00e7\u0131k durumda olmal\u0131d\u0131r.<\/p>\n<p>Montajdan \u00f6nce, yal\u0131t\u0131m par\u00e7alar\u0131 ve iletken kontaklar \u00fczerindeki ya\u011f\u0131 ve tozu silmek i\u00e7in temiz ve yumu\u015fak bir bez kullan\u0131n. Her d\u00f6nen par\u00e7a n\u00f6tr antifriz ya\u011flay\u0131c\u0131 ile kaplanmal\u0131 ve ba\u011flant\u0131 elemanlar\u0131 s\u0131k\u0131lmal\u0131d\u0131r. Montaj s\u0131ras\u0131nda, baran\u0131n anahtar terminallerine herhangi bir d\u0131\u015f kuvvet uygulamas\u0131na izin verilmez. Bara ile anahtar aras\u0131ndaki temas y\u00fczeyi d\u00fcz olmal\u0131d\u0131r.<\/p>\n<p>&nbsp;<\/p>\n<h2><strong><b>M<\/b><\/strong><strong><b>bak\u0131m<\/b><\/strong><\/h2>\n<p>&nbsp;<\/p>\n<p>Bak\u0131m \u00e7al\u0131\u015fmas\u0131, anahtarlama ekipman\u0131n\u0131n g\u00fcvenli, g\u00fcvenilir ve s\u00fcrekli \u00e7al\u0131\u015fmas\u0131n\u0131 sa\u011flamak, iyi \u00e7al\u0131\u015fma ko\u015fullar\u0131n\u0131 s\u00fcrd\u00fcrmek ve hizmet \u00f6mr\u00fcn\u00fc uzatmak i\u00e7in kullan\u0131l\u0131r. Genellikle muayene, bak\u0131m ve onar\u0131m olarak ayr\u0131labilir. Bak\u0131m yapmadan \u00f6nce, t\u00fcm g\u00fc\u00e7 kaynaklar\u0131n\u0131n (birincil devre ve ikincil devre) ba\u011flant\u0131s\u0131n\u0131n kesildi\u011finden, \u015falt cihaz\u0131n\u0131n g\u00fcvenilir bir \u015fekilde toprakland\u0131\u011f\u0131ndan ve sens\u00f6r\u00fcn de\u015farj durumunda oldu\u011fundan emin olun.<\/p>\n<p>&nbsp;<\/p>\n<ol>\n<li>Ekipman\u0131n ger\u00e7ek durumunu belirlemek i\u00e7in kontrol edin.<\/li>\n<li>Normal \u00e7al\u0131\u015fma ko\u015fullar\u0131nda \u015falt cihazlar\u0131n\u0131n fabrikadan \u00e7\u0131kt\u0131ktan sonra bir y\u0131l sonra veya 1.500 i\u015flemden sonra (hangisi \u00f6nce ger\u00e7ekle\u015firse) muayene ettirilmesi gerekmektedir.<\/li>\n<li>G\u00f6r\u00fcn\u00fcm denetimi: yal\u0131t\u0131m par\u00e7alar\u0131n\u0131n y\u00fczeyinde kir, nem, korozyon veya de\u015farj olup olmad\u0131\u011f\u0131n\u0131 kontrol etmek; yal\u0131t\u0131m temas noktalar\u0131n\u0131n temas\u0131n\u0131n g\u00fcvenilir olup olmad\u0131\u011f\u0131n\u0131; ba\u011flant\u0131 elemanlar\u0131n\u0131n gev\u015fek olup olmad\u0131\u011f\u0131n\u0131; konum g\u00f6stergesinin ger\u00e7ek durumla tutarl\u0131 olup olmad\u0131\u011f\u0131n\u0131 ve ba\u011flant\u0131 \u00e7ubu\u011funda, d\u00f6nen \u015faftta ve kolda deformasyon olmad\u0131\u011f\u0131n\u0131 kontrol etmek. \u00c7atlak yok ve \u015faft pimleri tam; de\u015farj yok, anormal g\u00fcr\u00fclt\u00fc yok, hasar yok ve ark s\u00f6nd\u00fcrme odas\u0131nda renk bozulmas\u0131 yok; ikincil kablolama iyi k\u0131vr\u0131lm\u0131\u015f ve a\u015f\u0131r\u0131 \u0131s\u0131nma, renk bozulmas\u0131 veya tel k\u0131r\u0131lmas\u0131 yok.<\/li>\n<li>Muayene s\u0131ras\u0131nda anormal bir durum tespit edilirse \u015falt cihazlar\u0131n\u0131n bak\u0131m\u0131 veya onar\u0131m\u0131 yap\u0131lmal\u0131d\u0131r.<\/li>\n<\/ol>\n<p>&nbsp;<\/p>\n<ol start=\"2\">\n<li>Bak\u0131m\u0131n\u0131 yap\u0131n, ekipman\u0131n\u0131z\u0131 iyi \u00e7al\u0131\u015fma ko\u015fullar\u0131nda tutun ve ekipman\u0131n kullan\u0131m \u00f6mr\u00fcn\u00fc uzat\u0131n.<\/li>\n<li>Normal \u00e7al\u0131\u015fma \u015fartlar\u0131nda \u015falt cihazlar\u0131n\u0131n gerekli bak\u0131m periyodu, devreye al\u0131nmas\u0131ndan itibaren iki y\u0131lda birdir.<\/li>\n<li>Bak\u0131m \u00e7al\u0131\u015fmalar\u0131 yap\u0131lmadan \u00f6nce \u00e7al\u0131\u015fma alan\u0131 ilgili y\u00f6netmeliklere uygun olarak izole edilmeli ve ba\u015fkalar\u0131n\u0131n \u015falteri yanl\u0131\u015f \u00e7al\u0131\u015ft\u0131rmas\u0131n\u0131 \u00f6nleyecek g\u00fcvenlik ayarlar\u0131 yap\u0131lmal\u0131d\u0131r.<\/li>\n<li>Temizlik: Yal\u0131t\u0131m par\u00e7alar\u0131n\u0131n ve temas noktalar\u0131n\u0131n y\u00fczeyindeki toz ve hafif kirleri temizlemek i\u00e7in kuru ve yumu\u015fak bir bez kullan\u0131n. \u00c7\u0131kar\u0131lmas\u0131 zor olan kirleri zay\u0131f alkali bir temizlik maddesiyle temizleyin ve kurulay\u0131n.<\/li>\n<li>Ya\u011flama: \u015ealt cihazlar\u0131n\u0131n iletim k\u0131sm\u0131 dahil.<\/li>\n<li>S\u0131kma: Muayene s\u0131ras\u0131nda bulunan somun veya c\u0131vatalar\u0131 s\u0131k\u0131n ve s\u0131kma i\u015faretleri uygulay\u0131n.<\/li>\n<li>\u00c7al\u0131\u015ft\u0131rma: \u015ealt cihaz\u0131nda a\u00e7ma-kapama i\u015flemlerini yap\u0131n, a\u00e7ma-kapama talimatlar\u0131n\u0131n do\u011fru olup olmad\u0131\u011f\u0131n\u0131 kontrol edin ve elektrikli komponentlerin anahtarlanmas\u0131n\u0131n normal olup olmad\u0131\u011f\u0131n\u0131 kontrol edin.<\/li>\n<\/ol>\n<p>&nbsp;<\/p>\n<ol start=\"3\">\n<li>Ekipman\u0131n normal i\u015flevini onar\u0131n ve yeniden sa\u011flay\u0131n.<\/li>\n<li>Muayene veya bak\u0131m s\u0131ras\u0131nda \u015falterde herhangi bir anormallik tespit edilirse, \u015falter ekipmanlar\u0131nda gerekli onar\u0131mlar\u0131n yap\u0131lmas\u0131 gerekir.<\/li>\n<li>Bak\u0131m personelinin bak\u0131m \u00e7al\u0131\u015fmalar\u0131 s\u0131ras\u0131nda elektrik beslemesini geri y\u00fckleme riskini almamas\u0131na dikkat edin.<\/li>\n<li>Bak\u0131m i\u015flemleri mutlaka bu \u015falt cihazlar\u0131 hakk\u0131nda \u00f6zel e\u011fitim alm\u0131\u015f ve detayl\u0131 bilgiye sahip personel veya firmam\u0131z\u0131n sat\u0131\u015f sonras\u0131 m\u00fchendisleri taraf\u0131ndan yap\u0131lmal\u0131d\u0131r.<\/li>\n<\/ol>\n<h2><strong><b>Toplu ta\u015f\u0131ma <\/b><\/strong><strong><b>&amp;<\/b><\/strong><strong><b>\u00a0<\/b><\/strong><strong><b>S<\/b><\/strong><strong><b>depolama<\/b><\/strong><\/h2>\n<p>&nbsp;<\/p>\n<ol>\n<li>\u00dcr\u00fcn ambalaj\u0131 darbeye ve neme dayan\u0131kl\u0131 \u00f6nlemler almal\u0131d\u0131r. Anahtar\u0131 ta\u015f\u0131ma ve nakletme i\u015flemi s\u0131ras\u0131nda, devrilme veya \u00e7arpmaya izin verilmez. Anahtar\u0131 kald\u0131r\u0131rken, odak noktas\u0131 yaln\u0131zca \u00e7er\u00e7eve \u00fczerinde olmal\u0131d\u0131r.<\/li>\n<li>\u00dcr\u00fcn zararl\u0131 gaz a\u015f\u0131nmas\u0131 olmayan kuru ve havaland\u0131r\u0131lm\u0131\u015f bir odada saklanmal\u0131d\u0131r. Uzun s\u00fcre saklanacaksa, \u015falterin d\u00f6nen k\u0131sm\u0131na d\u00fc\u015f\u00fck s\u0131cakl\u0131kta gres uygulanmal\u0131 ve gereksinimleri kar\u015f\u0131lay\u0131p kar\u015f\u0131lamad\u0131\u011f\u0131 d\u00fczenli olarak kontrol edilmelidir.<\/li>\n<\/ol>","protected":false},"excerpt":{"rendered":"<p>General Information The 40.5kV 630A\/1250A\u00a0indoor AC high-voltage vacuum circuit breaker is a new generation of 40.5kV combined vacuum circuit breaker (isolation, vacuum circuit breaker, Integrated grounding type), suitable for AC 50Hz\/60Hz, rated voltage 40.5kV power transmission and distribution network, widely used in wind power generation, solar power generation, energy storage power stations and urban distribution [&hellip;]<\/p>","protected":false},"featured_media":3130,"template":"","meta":{"site-sidebar-layout":"default","site-content-layout":"","ast-site-content-layout":"default","site-content-style":"default","site-sidebar-style":"default","ast-global-header-display":"","ast-banner-title-visibility":"","ast-main-header-display":"","ast-hfb-above-header-display":"","ast-hfb-below-header-display":"","ast-hfb-mobile-header-display":"","site-post-title":"","ast-breadcrumbs-content":"","ast-featured-img":"","footer-sml-layout":"","theme-transparent-header-meta":"default","adv-header-id-meta":"","stick-header-meta":"","header-above-stick-meta":"","header-main-stick-meta":"","header-below-stick-meta":"","astra-migrate-meta-layouts":"set","ast-page-background-enabled":"default","ast-page-background-meta":{"desktop":{"background-color":"","background-image":"","background-repeat":"repeat","background-position":"center center","background-size":"auto","background-attachment":"scroll","background-type":"","background-media":"","overlay-type":"","overlay-color":"","overlay-gradient":""},"tablet":{"background-color":"","background-image":"","background-repeat":"repeat","background-position":"center center","background-size":"auto","background-attachment":"scroll","background-type":"","background-media":"","overlay-type":"","overlay-color":"","overlay-gradient":""},"mobile":{"background-color":"","background-image":"","background-repeat":"repeat","background-position":"center center","background-size":"auto","background-attachment":"scroll","background-type":"","background-media":"","overlay-type":"","overlay-color":"","overlay-gradient":""}},"ast-content-background-meta":{"desktop":{"background-color":"var(--ast-global-color-5)","background-image":"","background-repeat":"repeat","background-position":"center center","background-size":"auto","background-attachment":"scroll","background-type":"","background-media":"","overlay-type":"","overlay-color":"","overlay-gradient":""},"tablet":{"background-color":"var(--ast-global-color-5)","background-image":"","background-repeat":"repeat","background-position":"center center","background-size":"auto","background-attachment":"scroll","background-type":"","background-media":"","overlay-type":"","overlay-color":"","overlay-gradient":""},"mobile":{"background-color":"var(--ast-global-color-5)","background-image":"","background-repeat":"repeat","background-position":"center center","background-size":"auto","background-attachment":"scroll","background-type":"","background-media":"","overlay-type":"","overlay-color":"","overlay-gradient":""}}},"product_cat":[59],"product_tag":[],"class_list":{"0":"post-3123","1":"product","2":"type-product","3":"status-publish","4":"has-post-thumbnail","6":"product_cat-40-5kv-630a-1250a-new-energy-vacuum-circuit-breaker-vcb","7":"desktop-align-left","8":"tablet-align-left","9":"mobile-align-left","11":"first","12":"instock","13":"shipping-taxable","14":"product-type-simple"},"_links":{"self":[{"href":"https:\/\/www.xminsulation.com\/tr\/wp-json\/wp\/v2\/product\/3123","targetHints":{"allow":["GET"]}}],"collection":[{"href":"https:\/\/www.xminsulation.com\/tr\/wp-json\/wp\/v2\/product"}],"about":[{"href":"https:\/\/www.xminsulation.com\/tr\/wp-json\/wp\/v2\/types\/product"}],"wp:featuredmedia":[{"embeddable":true,"href":"https:\/\/www.xminsulation.com\/tr\/wp-json\/wp\/v2\/media\/3130"}],"wp:attachment":[{"href":"https:\/\/www.xminsulation.com\/tr\/wp-json\/wp\/v2\/media?parent=3123"}],"wp:term":[{"taxonomy":"product_cat","embeddable":true,"href":"https:\/\/www.xminsulation.com\/tr\/wp-json\/wp\/v2\/product_cat?post=3123"},{"taxonomy":"product_tag","embeddable":true,"href":"https:\/\/www.xminsulation.com\/tr\/wp-json\/wp\/v2\/product_tag?post=3123"}],"curies":[{"name":"wp","href":"https:\/\/api.w.org\/{rel}","templated":true}]}}