{"id":3101,"date":"2024-05-12T17:40:23","date_gmt":"2024-05-12T09:40:23","guid":{"rendered":"https:\/\/www.xminsulation.com\/?post_type=product&#038;p=3101"},"modified":"2024-09-13T17:56:08","modified_gmt":"2024-09-13T09:56:08","slug":"3-ways-or-4-ways-indoor-outdoor-ring-main-unit-rmu","status":"publish","type":"product","link":"https:\/\/www.xminsulation.com\/tr\/product\/3-ways-or-4-ways-indoor-outdoor-ring-main-unit-rmu\/","title":{"rendered":"3 YOLLU VEYA 4 YOLLU \u0130\u00c7 VE DI\u015e HALKA ANA \u00dcN\u0130TE RMU"},"content":{"rendered":"<p><img fetchpriority=\"high\" decoding=\"async\" class=\"alignnone wp-image-3102 size-large\" src=\"https:\/\/www.xminsulation.com\/wp-content\/uploads\/2024\/09\/\u56fe\u724713-1024x1024.png\" alt=\"\" width=\"1024\" height=\"1024\" srcset=\"https:\/\/www.xminsulation.com\/wp-content\/uploads\/2024\/09\/\u56fe\u724713-1024x1024.png 1024w, https:\/\/www.xminsulation.com\/wp-content\/uploads\/2024\/09\/\u56fe\u724713-300x300.png 300w, https:\/\/www.xminsulation.com\/wp-content\/uploads\/2024\/09\/\u56fe\u724713-150x150.png 150w, https:\/\/www.xminsulation.com\/wp-content\/uploads\/2024\/09\/\u56fe\u724713-768x768.png 768w, https:\/\/www.xminsulation.com\/wp-content\/uploads\/2024\/09\/\u56fe\u724713-12x12.png 12w, https:\/\/www.xminsulation.com\/wp-content\/uploads\/2024\/09\/\u56fe\u724713-600x600.png 600w, https:\/\/www.xminsulation.com\/wp-content\/uploads\/2024\/09\/\u56fe\u724713-100x100.png 100w, https:\/\/www.xminsulation.com\/wp-content\/uploads\/2024\/09\/\u56fe\u724713.png 1200w\" sizes=\"(max-width: 1024px) 100vw, 1024px\" \/> <img decoding=\"async\" class=\"alignnone wp-image-3103 size-full\" src=\"https:\/\/www.xminsulation.com\/wp-content\/uploads\/2024\/09\/\u56fe\u724714.png\" alt=\"\" width=\"832\" height=\"844\" srcset=\"https:\/\/www.xminsulation.com\/wp-content\/uploads\/2024\/09\/\u56fe\u724714.png 832w, https:\/\/www.xminsulation.com\/wp-content\/uploads\/2024\/09\/\u56fe\u724714-296x300.png 296w, https:\/\/www.xminsulation.com\/wp-content\/uploads\/2024\/09\/\u56fe\u724714-768x779.png 768w, https:\/\/www.xminsulation.com\/wp-content\/uploads\/2024\/09\/\u56fe\u724714-12x12.png 12w, https:\/\/www.xminsulation.com\/wp-content\/uploads\/2024\/09\/\u56fe\u724714-600x609.png 600w, https:\/\/www.xminsulation.com\/wp-content\/uploads\/2024\/09\/\u56fe\u724714-100x100.png 100w\" sizes=\"(max-width: 832px) 100vw, 832px\" \/> <img decoding=\"async\" class=\"alignnone wp-image-3104 size-full\" src=\"https:\/\/www.xminsulation.com\/wp-content\/uploads\/2024\/09\/\u56fe\u724715.png\" alt=\"\" width=\"1670\" height=\"1802\" srcset=\"https:\/\/www.xminsulation.com\/wp-content\/uploads\/2024\/09\/\u56fe\u724715.png 1670w, https:\/\/www.xminsulation.com\/wp-content\/uploads\/2024\/09\/\u56fe\u724715-278x300.png 278w, https:\/\/www.xminsulation.com\/wp-content\/uploads\/2024\/09\/\u56fe\u724715-949x1024.png 949w, https:\/\/www.xminsulation.com\/wp-content\/uploads\/2024\/09\/\u56fe\u724715-768x829.png 768w, https:\/\/www.xminsulation.com\/wp-content\/uploads\/2024\/09\/\u56fe\u724715-1423x1536.png 1423w, https:\/\/www.xminsulation.com\/wp-content\/uploads\/2024\/09\/\u56fe\u724715-11x12.png 11w, https:\/\/www.xminsulation.com\/wp-content\/uploads\/2024\/09\/\u56fe\u724715-600x647.png 600w\" sizes=\"(max-width: 1670px) 100vw, 1670px\" \/> <img loading=\"lazy\" decoding=\"async\" class=\"alignnone wp-image-3105 size-full\" src=\"https:\/\/www.xminsulation.com\/wp-content\/uploads\/2024\/09\/\u56fe\u724716.png\" alt=\"\" width=\"640\" height=\"818\" srcset=\"https:\/\/www.xminsulation.com\/wp-content\/uploads\/2024\/09\/\u56fe\u724716.png 640w, https:\/\/www.xminsulation.com\/wp-content\/uploads\/2024\/09\/\u56fe\u724716-235x300.png 235w, https:\/\/www.xminsulation.com\/wp-content\/uploads\/2024\/09\/\u56fe\u724716-9x12.png 9w, https:\/\/www.xminsulation.com\/wp-content\/uploads\/2024\/09\/\u56fe\u724716-600x767.png 600w\" sizes=\"(max-width: 640px) 100vw, 640px\" \/><\/p>\n<p>Bir\u00a0<a href=\"https:\/\/en.wikipedia.org\/wiki\/Ring_main_unit\">RMU<\/a>\u00a0giri\u015f ve \u00e7\u0131k\u0131\u015f kablo b\u00f6lmeleri i\u00e7eren orta gerilim kabinidir. Bu ayr\u0131 b\u00f6lmeleri, trafolara giden kablolara ba\u011fl\u0131 tek kesicilerle izole eder. Her b\u00f6lmede y\u00fck kesiciler ve koruyucu sigortalar tak\u0131l\u0131d\u0131r. RMU kabinleri standart olarak iki, d\u00f6rt ve alt\u0131 b\u00f6lmeli kurulumlarda gelir.<\/p>\n<p>Her kabin, farkl\u0131 ama\u00e7lara sahip olabilen farkl\u0131 tipte anahtarlar i\u00e7erecektir. \u00d6rne\u011fin, bir anahtar bir da\u011f\u0131t\u0131m trafosunu beslerken di\u011feri bir y\u00fcke ba\u011flanabilir. Bu son derece kompakt g\u00fc\u00e7 da\u011f\u0131t\u0131m \u00fcniteleri orta gerilim g\u00fc\u00e7 durumlar\u0131 i\u00e7in kullan\u0131l\u0131r. RMU&#039;lar \u00e7e\u015fitli yap\u0131land\u0131rmalar i\u00e7in in\u015fa edilebilir ve g\u00fcn\u00fcm\u00fczde en yayg\u0131n kullan\u0131lan\u0131 24 kV da\u011f\u0131t\u0131m \u015febekesidir. Her kabinin veya \u00fcnitenin tamamen kapal\u0131 bir sistem oldu\u011funu fark etmek \u00f6nemlidir.<\/p>\n<p>Her RMU \u015falt cihaz\u0131n\u0131n \u00fc\u00e7 ana i\u015flevi vard\u0131r. Devreyi anahtarlama i\u015flevlerine g\u00f6re kontrol eder, ar\u0131zal\u0131 ekipman\u0131 kalan devreden izole eder ve devreyi k\u0131sa devre ar\u0131zalar\u0131ndan, topraklama ar\u0131za ak\u0131m\u0131ndan ve a\u015f\u0131r\u0131 y\u00fcklerden korur.<\/p>\n<p>RMU&#039;lar\u0131n i\u00e7indeki teknoloji sayesinde elektrik kesintilerini azaltmada ve s\u00fcrekli bir elektrik tedariki sa\u011flaman\u0131zda b\u00fcy\u00fck bir rol oynarlar.<\/p>\n<h2><strong><b>RMU&#039;lar\u0131n Avantajlar\u0131<\/b><\/strong><\/h2>\n<p>&nbsp;<\/p>\n<p>RMU&#039;lar g\u00fc\u00e7 da\u011f\u0131t\u0131m\u0131n\u0131n \u00e7e\u015fitli zorluklar\u0131n\u0131 y\u00f6netmenize yard\u0131mc\u0131 olmak i\u00e7in idealdir. Bu hepsi bir arada \u00e7\u00f6z\u00fcmler, \u00e7e\u015fitli voltajlar i\u00e7in kurulumu kolay olan g\u00fcvenli \u015falt cihazlar\u0131d\u0131r.<\/p>\n<p>Zorlu \u00e7evre ko\u015fullar\u0131na dayanacak \u015fekilde \u00fcretilmi\u015flerdir ve hem i\u00e7 hem de d\u0131\u015f mekanlara yerle\u015ftirilebilirler. Bu RMU sistemleri a\u015f\u0131r\u0131 y\u00fck ak\u0131m\u0131 ar\u0131za ak\u0131mlar\u0131na, faz-faz ar\u0131za ak\u0131mlar\u0131na ve toprak temas ak\u0131mlar\u0131na kar\u015f\u0131 geli\u015fmi\u015f koruma sunar.<\/p>\n<p>Neredeyse hi\u00e7 bak\u0131m gerektirmeyen bu kompakt \u00fcniteler ortalama 20 y\u0131l dayan\u0131r. Devreye alma a\u015famas\u0131nda bir \u015feylerin ters gitti\u011fini tam olarak bilmenizi sa\u011flayan dahili kendi kendini test etme \u00f6zellikleriyle entegre olan bu RMU&#039;lar, optimum kalitede koruma sa\u011flar. Donan\u0131ml\u0131 ak\u0131ll\u0131 elektronik ve ileti\u015fim yetenekleriyle RMU&#039;lar, geleneksel RMU&#039;lardan \u00e7ok daha \u00fcst\u00fcnd\u00fcr.<\/p>\n<p>RMU&#039;lar herhangi bir da\u011f\u0131t\u0131m y\u00f6netim sistemiyle entegre edilmesi \u00e7ok kolayd\u0131r ve Ak\u0131ll\u0131 \u015eebeke \u00e7\u00f6z\u00fcmlerini t\u00fcm operat\u00f6rler i\u00e7in \u00e7ocuk oyunca\u011f\u0131 haline getirir. Daha da iyisi, veri g\u00fcvenli\u011fi seviyeniz hakk\u0131nda endi\u015felenmenize gerek kalmadan \u015febeke ba\u011flant\u0131s\u0131n\u0131n keyfini \u00e7\u0131karabilirsiniz. RMU&#039;lar hem maliyet hem de zaman a\u00e7\u0131s\u0131ndan etkilidir; bunlar 21. y\u00fczy\u0131lda \u00e7ok de\u011ferli \u00f6zelliklerdir.<\/p>\n<h2><strong><b>Halka Ana \u00dcnitelerin Uygulamalar\u0131<\/b><\/strong><\/h2>\n<p>&nbsp;<\/p>\n<p>RMU&#039;lar, orta gerilim g\u00fc\u00e7 da\u011f\u0131t\u0131m\u0131n\u0131n gerekli oldu\u011fu \u00e7ok say\u0131da yeralt\u0131 kablo iletim \u015febekesi uygulamas\u0131nda kullan\u0131l\u0131r. S\u00fcrekli ve g\u00fcvenilir bir g\u00fc\u00e7 kayna\u011f\u0131na ihtiya\u00e7 duyan ve \u00fcnitenin daha y\u00fcksek \u00f6n maliyetini kar\u015f\u0131layabilen end\u00fcstriler i\u00e7in son derece talep g\u00f6rmektedirler.<\/p>\n<p>Bunlara konut kompleksleri, i\u015f merkezleri, hastaneler, tatil k\u00f6yleri, havaalanlar\u0131, metrolar, g\u00fcne\u015f enerjisi santralleri, r\u00fczgar enerjisi santralleri, k\u00fc\u00e7\u00fck ikincil trafo merkezleri ve \u00e7ok daha fazlas\u0131 dahildir. G\u00fc\u00e7 kayna\u011f\u0131ndaki herhangi bir kesintinin manuel veya otomatik anahtarlama ile an\u0131nda de\u011fi\u015ftirilebilmesi nedeniyle kesinti s\u00fcresini en aza indirmek i\u00e7in idealdirler.<\/p>\n<p><strong><b>Ana \u00d6zellik<\/b><\/strong><strong><b>RMU&#039;lar\u0131n say\u0131s\u0131<\/b><\/strong><\/p>\n<p>1.Trafonun h\u0131zl\u0131 ve do\u011fru korunmas\u0131.<\/p>\n<p>2.Kendinden g\u00fc\u00e7 alan koruma r\u00f6lesi.<\/p>\n<p>3.Topraklama hatas\u0131 g\u00f6stergesi.<\/p>\n<p>4.Anahtar ve kesicilerin uzaktan kontrol\u00fc, \u00f6l\u00e7\u00fcm\u00fc ve haberle\u015fmesi.<\/p>\n<p>5. Kompakt yap\u0131.<\/p>\n<p>6.En y\u00fcksek \u00fcr\u00fcn kalitesi.<\/p>\n<p>7.Y\u00fcksek derecede operasyonel g\u00fcvenlik.<\/p>\n<p>8.Daha kolay gelecek uzant\u0131s\u0131<\/p>\n<p>9.Bak\u0131m gerektirmez.<\/p>\n<p>10.D\u00fc\u015f\u00fck ya\u015fam d\u00f6ng\u00fcs\u00fc maliyetleri.<\/p>\n<p>&nbsp;<\/p>\n<h2><strong><b>Teknik Parametreler<\/b><\/strong><\/h2>\n<p><strong><b> <img loading=\"lazy\" decoding=\"async\" class=\"alignnone wp-image-3106 size-full\" src=\"https:\/\/www.xminsulation.com\/wp-content\/uploads\/2024\/09\/\u56fe\u724717.png\" alt=\"\" width=\"1374\" height=\"1838\" srcset=\"https:\/\/www.xminsulation.com\/wp-content\/uploads\/2024\/09\/\u56fe\u724717.png 1374w, https:\/\/www.xminsulation.com\/wp-content\/uploads\/2024\/09\/\u56fe\u724717-224x300.png 224w, https:\/\/www.xminsulation.com\/wp-content\/uploads\/2024\/09\/\u56fe\u724717-765x1024.png 765w, https:\/\/www.xminsulation.com\/wp-content\/uploads\/2024\/09\/\u56fe\u724717-768x1027.png 768w, https:\/\/www.xminsulation.com\/wp-content\/uploads\/2024\/09\/\u56fe\u724717-1148x1536.png 1148w, https:\/\/www.xminsulation.com\/wp-content\/uploads\/2024\/09\/\u56fe\u724717-9x12.png 9w, https:\/\/www.xminsulation.com\/wp-content\/uploads\/2024\/09\/\u56fe\u724717-600x803.png 600w\" sizes=\"(max-width: 1374px) 100vw, 1374px\" \/><\/b><\/strong><\/p>\n<h2><strong><b>Birincil Kablolama \u015eemas\u0131<\/b><\/strong><\/h2>\n<p>&nbsp;<\/p>\n<p>M\u00fc\u015fteriler CCC, VVV, CCV, CVC, CVV veya CCCC, VVVV, CCVV, CVVC gibi 3 yollu veya 4 yollu rmu&#039;nun \u00fccretsiz kombinasyonlar\u0131n\u0131 talep edebilirler. A\u015fa\u011f\u0131da bir CVC \u00f6rne\u011fi verilmi\u015ftir.<\/p>\n<p><img loading=\"lazy\" decoding=\"async\" class=\"alignnone wp-image-3107 size-full\" src=\"https:\/\/www.xminsulation.com\/wp-content\/uploads\/2024\/09\/\u56fe\u724718.png\" alt=\"\" width=\"1239\" height=\"707\" srcset=\"https:\/\/www.xminsulation.com\/wp-content\/uploads\/2024\/09\/\u56fe\u724718.png 1239w, https:\/\/www.xminsulation.com\/wp-content\/uploads\/2024\/09\/\u56fe\u724718-300x171.png 300w, https:\/\/www.xminsulation.com\/wp-content\/uploads\/2024\/09\/\u56fe\u724718-1024x584.png 1024w, https:\/\/www.xminsulation.com\/wp-content\/uploads\/2024\/09\/\u56fe\u724718-768x438.png 768w, https:\/\/www.xminsulation.com\/wp-content\/uploads\/2024\/09\/\u56fe\u724718-18x10.png 18w, https:\/\/www.xminsulation.com\/wp-content\/uploads\/2024\/09\/\u56fe\u724718-600x342.png 600w\" sizes=\"(max-width: 1239px) 100vw, 1239px\" \/><\/p>\n<h2><strong><b>\u00dcr\u00fcn Yap\u0131 \u015eemas\u0131<\/b><\/strong><\/h2>\n<p><img loading=\"lazy\" decoding=\"async\" class=\"alignnone wp-image-3108 size-full\" src=\"https:\/\/www.xminsulation.com\/wp-content\/uploads\/2024\/09\/\u56fe\u724719.png\" alt=\"\" width=\"947\" height=\"662\" srcset=\"https:\/\/www.xminsulation.com\/wp-content\/uploads\/2024\/09\/\u56fe\u724719.png 947w, https:\/\/www.xminsulation.com\/wp-content\/uploads\/2024\/09\/\u56fe\u724719-300x210.png 300w, https:\/\/www.xminsulation.com\/wp-content\/uploads\/2024\/09\/\u56fe\u724719-768x537.png 768w, https:\/\/www.xminsulation.com\/wp-content\/uploads\/2024\/09\/\u56fe\u724719-18x12.png 18w, https:\/\/www.xminsulation.com\/wp-content\/uploads\/2024\/09\/\u56fe\u724719-600x419.png 600w\" sizes=\"(max-width: 947px) 100vw, 947px\" \/><\/p>\n<h2><strong><b>Boyutlar Ekran\u0131<\/b><\/strong><\/h2>\n<p><strong><b> <img loading=\"lazy\" decoding=\"async\" class=\"alignnone wp-image-3109 size-full\" src=\"https:\/\/www.xminsulation.com\/wp-content\/uploads\/2024\/09\/\u56fe\u724720.png\" alt=\"\" width=\"1086\" height=\"711\" srcset=\"https:\/\/www.xminsulation.com\/wp-content\/uploads\/2024\/09\/\u56fe\u724720.png 1086w, https:\/\/www.xminsulation.com\/wp-content\/uploads\/2024\/09\/\u56fe\u724720-300x196.png 300w, https:\/\/www.xminsulation.com\/wp-content\/uploads\/2024\/09\/\u56fe\u724720-1024x670.png 1024w, https:\/\/www.xminsulation.com\/wp-content\/uploads\/2024\/09\/\u56fe\u724720-768x503.png 768w, https:\/\/www.xminsulation.com\/wp-content\/uploads\/2024\/09\/\u56fe\u724720-18x12.png 18w, https:\/\/www.xminsulation.com\/wp-content\/uploads\/2024\/09\/\u56fe\u724720-600x393.png 600w\" sizes=\"(max-width: 1086px) 100vw, 1086px\" \/> <img loading=\"lazy\" decoding=\"async\" class=\"alignnone wp-image-3110 size-full\" src=\"https:\/\/www.xminsulation.com\/wp-content\/uploads\/2024\/09\/\u56fe\u724721.png\" alt=\"\" width=\"1233\" height=\"723\" srcset=\"https:\/\/www.xminsulation.com\/wp-content\/uploads\/2024\/09\/\u56fe\u724721.png 1233w, https:\/\/www.xminsulation.com\/wp-content\/uploads\/2024\/09\/\u56fe\u724721-300x176.png 300w, https:\/\/www.xminsulation.com\/wp-content\/uploads\/2024\/09\/\u56fe\u724721-1024x600.png 1024w, https:\/\/www.xminsulation.com\/wp-content\/uploads\/2024\/09\/\u56fe\u724721-768x450.png 768w, https:\/\/www.xminsulation.com\/wp-content\/uploads\/2024\/09\/\u56fe\u724721-18x12.png 18w, https:\/\/www.xminsulation.com\/wp-content\/uploads\/2024\/09\/\u56fe\u724721-600x352.png 600w\" sizes=\"(max-width: 1233px) 100vw, 1233px\" \/> <img loading=\"lazy\" decoding=\"async\" class=\"alignnone wp-image-3111 size-full\" src=\"https:\/\/www.xminsulation.com\/wp-content\/uploads\/2024\/09\/\u56fe\u724722.png\" alt=\"\" width=\"1002\" height=\"506\" srcset=\"https:\/\/www.xminsulation.com\/wp-content\/uploads\/2024\/09\/\u56fe\u724722.png 1002w, https:\/\/www.xminsulation.com\/wp-content\/uploads\/2024\/09\/\u56fe\u724722-300x151.png 300w, https:\/\/www.xminsulation.com\/wp-content\/uploads\/2024\/09\/\u56fe\u724722-768x388.png 768w, https:\/\/www.xminsulation.com\/wp-content\/uploads\/2024\/09\/\u56fe\u724722-18x9.png 18w, https:\/\/www.xminsulation.com\/wp-content\/uploads\/2024\/09\/\u56fe\u724722-600x303.png 600w\" sizes=\"(max-width: 1002px) 100vw, 1002px\" \/><\/b><\/strong><\/p>\n<p>&nbsp;<\/p>\n<p>&nbsp;<\/p>\n<p>&nbsp;<\/p>","protected":false},"excerpt":{"rendered":"<p>An\u00a0RMU\u00a0is a medium voltage cabinet containing input and output cable compartments. It isolates these individual compartments with single breakers connected to cables that go out to transformers. Each compartment has load breakers and protective fuses installed. RMU cabinets come standard in two, four, and six-compartment setups. Each cabinet will contain different types of switches that [&hellip;]<\/p>","protected":false},"featured_media":3112,"template":"","meta":{"site-sidebar-layout":"default","site-content-layout":"","ast-site-content-layout":"default","site-content-style":"default","site-sidebar-style":"default","ast-global-header-display":"","ast-banner-title-visibility":"","ast-main-header-display":"","ast-hfb-above-header-display":"","ast-hfb-below-header-display":"","ast-hfb-mobile-header-display":"","site-post-title":"","ast-breadcrumbs-content":"","ast-featured-img":"","footer-sml-layout":"","theme-transparent-header-meta":"default","adv-header-id-meta":"","stick-header-meta":"","header-above-stick-meta":"","header-main-stick-meta":"","header-below-stick-meta":"","astra-migrate-meta-layouts":"set","ast-page-background-enabled":"default","ast-page-background-meta":{"desktop":{"background-color":"","background-image":"","background-repeat":"repeat","background-position":"center center","background-size":"auto","background-attachment":"scroll","background-type":"","background-media":"","overlay-type":"","overlay-color":"","overlay-gradient":""},"tablet":{"background-color":"","background-image":"","background-repeat":"repeat","background-position":"center center","background-size":"auto","background-attachment":"scroll","background-type":"","background-media":"","overlay-type":"","overlay-color":"","overlay-gradient":""},"mobile":{"background-color":"","background-image":"","background-repeat":"repeat","background-position":"center center","background-size":"auto","background-attachment":"scroll","background-type":"","background-media":"","overlay-type":"","overlay-color":"","overlay-gradient":""}},"ast-content-background-meta":{"desktop":{"background-color":"var(--ast-global-color-5)","background-image":"","background-repeat":"repeat","background-position":"center center","background-size":"auto","background-attachment":"scroll","background-type":"","background-media":"","overlay-type":"","overlay-color":"","overlay-gradient":""},"tablet":{"background-color":"var(--ast-global-color-5)","background-image":"","background-repeat":"repeat","background-position":"center center","background-size":"auto","background-attachment":"scroll","background-type":"","background-media":"","overlay-type":"","overlay-color":"","overlay-gradient":""},"mobile":{"background-color":"var(--ast-global-color-5)","background-image":"","background-repeat":"repeat","background-position":"center center","background-size":"auto","background-attachment":"scroll","background-type":"","background-media":"","overlay-type":"","overlay-color":"","overlay-gradient":""}}},"product_cat":[34],"product_tag":[],"class_list":{"0":"post-3101","1":"product","2":"type-product","3":"status-publish","4":"has-post-thumbnail","6":"product_cat-10-40-5kv-sf6-gas-insulated-switchgear-gis-rmu","7":"desktop-align-left","8":"tablet-align-left","9":"mobile-align-left","11":"first","12":"instock","13":"shipping-taxable","14":"product-type-simple"},"_links":{"self":[{"href":"https:\/\/www.xminsulation.com\/tr\/wp-json\/wp\/v2\/product\/3101","targetHints":{"allow":["GET"]}}],"collection":[{"href":"https:\/\/www.xminsulation.com\/tr\/wp-json\/wp\/v2\/product"}],"about":[{"href":"https:\/\/www.xminsulation.com\/tr\/wp-json\/wp\/v2\/types\/product"}],"wp:featuredmedia":[{"embeddable":true,"href":"https:\/\/www.xminsulation.com\/tr\/wp-json\/wp\/v2\/media\/3112"}],"wp:attachment":[{"href":"https:\/\/www.xminsulation.com\/tr\/wp-json\/wp\/v2\/media?parent=3101"}],"wp:term":[{"taxonomy":"product_cat","embeddable":true,"href":"https:\/\/www.xminsulation.com\/tr\/wp-json\/wp\/v2\/product_cat?post=3101"},{"taxonomy":"product_tag","embeddable":true,"href":"https:\/\/www.xminsulation.com\/tr\/wp-json\/wp\/v2\/product_tag?post=3101"}],"curies":[{"name":"wp","href":"https:\/\/api.w.org\/{rel}","templated":true}]}}