{"id":2978,"date":"2024-05-30T11:57:47","date_gmt":"2024-05-30T03:57:47","guid":{"rendered":"https:\/\/www.xminsulation.com\/?post_type=product&#038;p=2978"},"modified":"2024-05-30T11:57:48","modified_gmt":"2024-05-30T03:57:48","slug":"outsourced-high-voltage-products-from-66kv-110kv-126kv","status":"publish","type":"product","link":"https:\/\/www.xminsulation.com\/tr\/product\/outsourced-high-voltage-products-from-66kv-110kv-126kv\/","title":{"rendered":"66kV-110kV-126kV aras\u0131 D\u0131\u015f Kaynakl\u0131 Y\u00fcksek Gerilim \u00dcr\u00fcnleri"},"content":{"rendered":"<p><img fetchpriority=\"high\" decoding=\"async\" class=\"alignnone wp-image-2979 size-full\" src=\"https:\/\/www.xminsulation.com\/wp-content\/uploads\/2024\/05\/\u56fe\u72471-7.png\" alt=\"\" width=\"715\" height=\"884\" srcset=\"https:\/\/www.xminsulation.com\/wp-content\/uploads\/2024\/05\/\u56fe\u72471-7.png 715w, https:\/\/www.xminsulation.com\/wp-content\/uploads\/2024\/05\/\u56fe\u72471-7-243x300.png 243w, https:\/\/www.xminsulation.com\/wp-content\/uploads\/2024\/05\/\u56fe\u72471-7-10x12.png 10w, https:\/\/www.xminsulation.com\/wp-content\/uploads\/2024\/05\/\u56fe\u72471-7-600x742.png 600w\" sizes=\"(max-width: 715px) 100vw, 715px\" \/><\/p>\n<h2><strong><b>K\u0131sa A\u00e7\u0131klama<\/b><\/strong><\/h2>\n<p>\u00dcr\u00fcnlerimizin hepsi orta gerilimlidir. Ancak, m\u00fc\u015fteriler ara s\u0131ra 66kV&#039;den 72,5kV&#039;ye, 110kV&#039;den 126kV&#039;ye kadar de\u011fi\u015fen y\u00fcksek gerilimli \u00fcr\u00fcnler tedarik etmemizi isterler. Sonu\u00e7 olarak, zaman zaman a\u015f\u0131r\u0131 gerilim koruyucular, devre kesiciler, d\u0131\u015f mekan kesme anahtarlar\u0131, ak\u0131m trafolar\u0131 dahil olmak \u00fczere y\u00fcksek gerilimli \u00fcr\u00fcnler tedarik eder ve sat\u0131n al\u0131r\u0131z.<\/p>\n<p>Y\u0131llard\u0131r s\u00fcregelen i\u015f birliklerimiz sonucunda y\u00fcksek gerilim \u00fcr\u00fcnleri \u00fcreticileriyle g\u00fc\u00e7l\u00fc ili\u015fkiler kurduk.<\/p>\n<p>E\u011fer bu tarz \u015feyleri sizin i\u00e7in sat\u0131n almam\u0131z\u0131 istiyorsan\u0131z, l\u00fctfen \u00f6zelliklerinizi bize e-postayla g\u00f6nderin.<\/p>\n<p>A\u015fa\u011f\u0131da bilgilerinize sunulan \u00fcr\u00fcnler.<\/p>\n<ol>\n<li><b><\/b><strong><b>Ba\u011flant\u0131 Kesme Anahtarlar\u0131 Ay\u0131r\u0131c\u0131lar<\/b><\/strong><\/li>\n<\/ol>\n<p><img decoding=\"async\" class=\"alignnone wp-image-2981 size-large\" src=\"https:\/\/www.xminsulation.com\/wp-content\/uploads\/2024\/05\/\u56fe\u72472-8-914x1024.png\" alt=\"\" width=\"914\" height=\"1024\" srcset=\"https:\/\/www.xminsulation.com\/wp-content\/uploads\/2024\/05\/\u56fe\u72472-8-914x1024.png 914w, https:\/\/www.xminsulation.com\/wp-content\/uploads\/2024\/05\/\u56fe\u72472-8-268x300.png 268w, https:\/\/www.xminsulation.com\/wp-content\/uploads\/2024\/05\/\u56fe\u72472-8-768x861.png 768w, https:\/\/www.xminsulation.com\/wp-content\/uploads\/2024\/05\/\u56fe\u72472-8-1370x1536.png 1370w, https:\/\/www.xminsulation.com\/wp-content\/uploads\/2024\/05\/\u56fe\u72472-8-1827x2048.png 1827w, https:\/\/www.xminsulation.com\/wp-content\/uploads\/2024\/05\/\u56fe\u72472-8-11x12.png 11w, https:\/\/www.xminsulation.com\/wp-content\/uploads\/2024\/05\/\u56fe\u72472-8-600x672.png 600w\" sizes=\"(max-width: 914px) 100vw, 914px\" \/> <img decoding=\"async\" class=\"alignnone wp-image-2982 size-full\" src=\"https:\/\/www.xminsulation.com\/wp-content\/uploads\/2024\/05\/\u56fe\u72473-7.png\" alt=\"\" width=\"715\" height=\"884\" srcset=\"https:\/\/www.xminsulation.com\/wp-content\/uploads\/2024\/05\/\u56fe\u72473-7.png 715w, https:\/\/www.xminsulation.com\/wp-content\/uploads\/2024\/05\/\u56fe\u72473-7-243x300.png 243w, https:\/\/www.xminsulation.com\/wp-content\/uploads\/2024\/05\/\u56fe\u72473-7-10x12.png 10w, https:\/\/www.xminsulation.com\/wp-content\/uploads\/2024\/05\/\u56fe\u72473-7-600x742.png 600w\" sizes=\"(max-width: 715px) 100vw, 715px\" \/><\/p>\n<ol start=\"2\">\n<li><b><\/b><strong><b>Ak\u0131m Trafolar\u0131 HV CT<\/b><\/strong><\/li>\n<\/ol>\n<p><img loading=\"lazy\" decoding=\"async\" class=\"alignnone wp-image-2983 size-large\" src=\"https:\/\/www.xminsulation.com\/wp-content\/uploads\/2024\/05\/\u56fe\u72474-7-1024x791.png\" alt=\"\" width=\"1024\" height=\"791\" srcset=\"https:\/\/www.xminsulation.com\/wp-content\/uploads\/2024\/05\/\u56fe\u72474-7-1024x791.png 1024w, https:\/\/www.xminsulation.com\/wp-content\/uploads\/2024\/05\/\u56fe\u72474-7-300x232.png 300w, https:\/\/www.xminsulation.com\/wp-content\/uploads\/2024\/05\/\u56fe\u72474-7-768x593.png 768w, https:\/\/www.xminsulation.com\/wp-content\/uploads\/2024\/05\/\u56fe\u72474-7-1536x1187.png 1536w, https:\/\/www.xminsulation.com\/wp-content\/uploads\/2024\/05\/\u56fe\u72474-7-2048x1583.png 2048w, https:\/\/www.xminsulation.com\/wp-content\/uploads\/2024\/05\/\u56fe\u72474-7-16x12.png 16w, https:\/\/www.xminsulation.com\/wp-content\/uploads\/2024\/05\/\u56fe\u72474-7-600x464.png 600w\" sizes=\"(max-width: 1024px) 100vw, 1024px\" \/> <img loading=\"lazy\" decoding=\"async\" class=\"alignnone wp-image-2984 size-full\" src=\"https:\/\/www.xminsulation.com\/wp-content\/uploads\/2024\/05\/\u56fe\u72475.jpg\" alt=\"\" width=\"1080\" height=\"1558\" srcset=\"https:\/\/www.xminsulation.com\/wp-content\/uploads\/2024\/05\/\u56fe\u72475.jpg 1080w, https:\/\/www.xminsulation.com\/wp-content\/uploads\/2024\/05\/\u56fe\u72475-208x300.jpg 208w, https:\/\/www.xminsulation.com\/wp-content\/uploads\/2024\/05\/\u56fe\u72475-710x1024.jpg 710w, https:\/\/www.xminsulation.com\/wp-content\/uploads\/2024\/05\/\u56fe\u72475-768x1108.jpg 768w, https:\/\/www.xminsulation.com\/wp-content\/uploads\/2024\/05\/\u56fe\u72475-1065x1536.jpg 1065w, https:\/\/www.xminsulation.com\/wp-content\/uploads\/2024\/05\/\u56fe\u72475-8x12.jpg 8w, https:\/\/www.xminsulation.com\/wp-content\/uploads\/2024\/05\/\u56fe\u72475-600x866.jpg 600w\" sizes=\"(max-width: 1080px) 100vw, 1080px\" \/><\/p>\n<ol start=\"3\">\n<li><b><\/b><strong><b>SF6 Devre Kesici CB<\/b><\/strong><\/li>\n<\/ol>\n<p><img loading=\"lazy\" decoding=\"async\" class=\"alignnone wp-image-2985 size-full\" src=\"https:\/\/www.xminsulation.com\/wp-content\/uploads\/2024\/05\/\u56fe\u72476-7.png\" alt=\"\" width=\"1480\" height=\"2020\" srcset=\"https:\/\/www.xminsulation.com\/wp-content\/uploads\/2024\/05\/\u56fe\u72476-7.png 1480w, https:\/\/www.xminsulation.com\/wp-content\/uploads\/2024\/05\/\u56fe\u72476-7-220x300.png 220w, https:\/\/www.xminsulation.com\/wp-content\/uploads\/2024\/05\/\u56fe\u72476-7-750x1024.png 750w, https:\/\/www.xminsulation.com\/wp-content\/uploads\/2024\/05\/\u56fe\u72476-7-768x1048.png 768w, https:\/\/www.xminsulation.com\/wp-content\/uploads\/2024\/05\/\u56fe\u72476-7-1125x1536.png 1125w, https:\/\/www.xminsulation.com\/wp-content\/uploads\/2024\/05\/\u56fe\u72476-7-9x12.png 9w, https:\/\/www.xminsulation.com\/wp-content\/uploads\/2024\/05\/\u56fe\u72476-7-600x819.png 600w\" sizes=\"(max-width: 1480px) 100vw, 1480px\" \/> <img loading=\"lazy\" decoding=\"async\" class=\"alignnone wp-image-2986 size-full\" src=\"https:\/\/www.xminsulation.com\/wp-content\/uploads\/2024\/05\/\u56fe\u72477-8.png\" alt=\"\" width=\"1284\" height=\"1732\" srcset=\"https:\/\/www.xminsulation.com\/wp-content\/uploads\/2024\/05\/\u56fe\u72477-8.png 1284w, https:\/\/www.xminsulation.com\/wp-content\/uploads\/2024\/05\/\u56fe\u72477-8-222x300.png 222w, https:\/\/www.xminsulation.com\/wp-content\/uploads\/2024\/05\/\u56fe\u72477-8-759x1024.png 759w, https:\/\/www.xminsulation.com\/wp-content\/uploads\/2024\/05\/\u56fe\u72477-8-768x1036.png 768w, https:\/\/www.xminsulation.com\/wp-content\/uploads\/2024\/05\/\u56fe\u72477-8-1139x1536.png 1139w, https:\/\/www.xminsulation.com\/wp-content\/uploads\/2024\/05\/\u56fe\u72477-8-9x12.png 9w, https:\/\/www.xminsulation.com\/wp-content\/uploads\/2024\/05\/\u56fe\u72477-8-600x809.png 600w\" sizes=\"(max-width: 1284px) 100vw, 1284px\" \/> <img loading=\"lazy\" decoding=\"async\" class=\"alignnone wp-image-2987 size-full\" src=\"https:\/\/www.xminsulation.com\/wp-content\/uploads\/2024\/05\/\u56fe\u72478-8.png\" alt=\"\" width=\"1132\" height=\"844\" srcset=\"https:\/\/www.xminsulation.com\/wp-content\/uploads\/2024\/05\/\u56fe\u72478-8.png 1132w, https:\/\/www.xminsulation.com\/wp-content\/uploads\/2024\/05\/\u56fe\u72478-8-300x224.png 300w, https:\/\/www.xminsulation.com\/wp-content\/uploads\/2024\/05\/\u56fe\u72478-8-1024x763.png 1024w, https:\/\/www.xminsulation.com\/wp-content\/uploads\/2024\/05\/\u56fe\u72478-8-768x573.png 768w, https:\/\/www.xminsulation.com\/wp-content\/uploads\/2024\/05\/\u56fe\u72478-8-16x12.png 16w, https:\/\/www.xminsulation.com\/wp-content\/uploads\/2024\/05\/\u56fe\u72478-8-600x447.png 600w\" sizes=\"(max-width: 1132px) 100vw, 1132px\" \/> <img loading=\"lazy\" decoding=\"async\" class=\"alignnone wp-image-2988 size-full\" src=\"https:\/\/www.xminsulation.com\/wp-content\/uploads\/2024\/05\/\u56fe\u72479-7.png\" alt=\"\" width=\"960\" height=\"721\" srcset=\"https:\/\/www.xminsulation.com\/wp-content\/uploads\/2024\/05\/\u56fe\u72479-7.png 960w, https:\/\/www.xminsulation.com\/wp-content\/uploads\/2024\/05\/\u56fe\u72479-7-300x225.png 300w, https:\/\/www.xminsulation.com\/wp-content\/uploads\/2024\/05\/\u56fe\u72479-7-768x577.png 768w, https:\/\/www.xminsulation.com\/wp-content\/uploads\/2024\/05\/\u56fe\u72479-7-16x12.png 16w, https:\/\/www.xminsulation.com\/wp-content\/uploads\/2024\/05\/\u56fe\u72479-7-600x451.png 600w\" sizes=\"(max-width: 960px) 100vw, 960px\" \/><\/p>\n<ol start=\"4\">\n<li><b><\/b><strong><b>A\u015f\u0131r\u0131 Gerilim Korumalar\u0131<\/b><\/strong><\/li>\n<\/ol>\n<p><img loading=\"lazy\" decoding=\"async\" class=\"alignnone wp-image-2989 size-full\" src=\"https:\/\/www.xminsulation.com\/wp-content\/uploads\/2024\/05\/\u56fe\u724710-7.png\" alt=\"\" width=\"1192\" height=\"1359\" srcset=\"https:\/\/www.xminsulation.com\/wp-content\/uploads\/2024\/05\/\u56fe\u724710-7.png 1192w, https:\/\/www.xminsulation.com\/wp-content\/uploads\/2024\/05\/\u56fe\u724710-7-263x300.png 263w, https:\/\/www.xminsulation.com\/wp-content\/uploads\/2024\/05\/\u56fe\u724710-7-898x1024.png 898w, https:\/\/www.xminsulation.com\/wp-content\/uploads\/2024\/05\/\u56fe\u724710-7-768x876.png 768w, https:\/\/www.xminsulation.com\/wp-content\/uploads\/2024\/05\/\u56fe\u724710-7-11x12.png 11w, https:\/\/www.xminsulation.com\/wp-content\/uploads\/2024\/05\/\u56fe\u724710-7-600x684.png 600w\" sizes=\"(max-width: 1192px) 100vw, 1192px\" \/><\/p>\n<p><img loading=\"lazy\" decoding=\"async\" class=\"alignnone wp-image-2990 size-full\" src=\"https:\/\/www.xminsulation.com\/wp-content\/uploads\/2024\/05\/\u56fe\u724711.jpg\" alt=\"\" width=\"1279\" height=\"1704\" srcset=\"https:\/\/www.xminsulation.com\/wp-content\/uploads\/2024\/05\/\u56fe\u724711.jpg 1279w, https:\/\/www.xminsulation.com\/wp-content\/uploads\/2024\/05\/\u56fe\u724711-225x300.jpg 225w, https:\/\/www.xminsulation.com\/wp-content\/uploads\/2024\/05\/\u56fe\u724711-769x1024.jpg 769w, https:\/\/www.xminsulation.com\/wp-content\/uploads\/2024\/05\/\u56fe\u724711-768x1023.jpg 768w, https:\/\/www.xminsulation.com\/wp-content\/uploads\/2024\/05\/\u56fe\u724711-1153x1536.jpg 1153w, https:\/\/www.xminsulation.com\/wp-content\/uploads\/2024\/05\/\u56fe\u724711-9x12.jpg 9w, https:\/\/www.xminsulation.com\/wp-content\/uploads\/2024\/05\/\u56fe\u724711-600x799.jpg 600w\" sizes=\"(max-width: 1279px) 100vw, 1279px\" \/><\/p>\n<p><img loading=\"lazy\" decoding=\"async\" class=\"alignnone wp-image-2991 size-full\" src=\"https:\/\/www.xminsulation.com\/wp-content\/uploads\/2024\/05\/\u56fe\u724712.jpg\" alt=\"\" width=\"1400\" height=\"788\" srcset=\"https:\/\/www.xminsulation.com\/wp-content\/uploads\/2024\/05\/\u56fe\u724712.jpg 1400w, https:\/\/www.xminsulation.com\/wp-content\/uploads\/2024\/05\/\u56fe\u724712-300x169.jpg 300w, https:\/\/www.xminsulation.com\/wp-content\/uploads\/2024\/05\/\u56fe\u724712-1024x576.jpg 1024w, https:\/\/www.xminsulation.com\/wp-content\/uploads\/2024\/05\/\u56fe\u724712-768x432.jpg 768w, https:\/\/www.xminsulation.com\/wp-content\/uploads\/2024\/05\/\u56fe\u724712-18x10.jpg 18w, https:\/\/www.xminsulation.com\/wp-content\/uploads\/2024\/05\/\u56fe\u724712-600x338.jpg 600w\" sizes=\"(max-width: 1400px) 100vw, 1400px\" \/><\/p>\n<p>&nbsp;<\/p>\n<h2 class=\"wxts\">\u25c6\u00d6zel \u00d6zelle\u015ftirme<\/h2>\n<p>Yukar\u0131daki parametreler tipik verilerdir; Mevcut stiller \u00f6zel taleplerinizi kar\u015f\u0131lam\u0131yorsa, l\u00fctfen \u00f6zel bir tasar\u0131m i\u00e7in bizimle ileti\u015fime ge\u00e7in. Ki\u015fiselle\u015ftirilmi\u015f ki\u015fiselle\u015ftirme geli\u015ftirme ve \u00fcretim becerilerimiz, d\u00fcnyan\u0131n her yerindeki m\u00fc\u015fterilerimize \u00f6zel \u00e7\u00f6z\u00fcmler sunmam\u0131za olanak tan\u0131yor.<\/p>","protected":false},"excerpt":{"rendered":"<p>Brief Description Our goods are all medium voltage. However, clients occasionally ask us to source high voltage products for them, ranging from 66kV to 72.5kV to 110kV to 126kV. As a result, we source and buy high voltage products\u00a0from time to time, including surge arresters, circuit breakers, outdoor disconnecting switches, current transformers. We have built [&hellip;]<\/p>","protected":false},"featured_media":2980,"template":"","meta":{"site-sidebar-layout":"default","site-content-layout":"","ast-site-content-layout":"default","site-content-style":"default","site-sidebar-style":"default","ast-global-header-display":"","ast-banner-title-visibility":"","ast-main-header-display":"","ast-hfb-above-header-display":"","ast-hfb-below-header-display":"","ast-hfb-mobile-header-display":"","site-post-title":"","ast-breadcrumbs-content":"","ast-featured-img":"","footer-sml-layout":"","theme-transparent-header-meta":"default","adv-header-id-meta":"","stick-header-meta":"","header-above-stick-meta":"","header-main-stick-meta":"","header-below-stick-meta":"","astra-migrate-meta-layouts":"set","ast-page-background-enabled":"default","ast-page-background-meta":{"desktop":{"background-color":"","background-image":"","background-repeat":"repeat","background-position":"center center","background-size":"auto","background-attachment":"scroll","background-type":"","background-media":"","overlay-type":"","overlay-color":"","overlay-gradient":""},"tablet":{"background-color":"","background-image":"","background-repeat":"repeat","background-position":"center center","background-size":"auto","background-attachment":"scroll","background-type":"","background-media":"","overlay-type":"","overlay-color":"","overlay-gradient":""},"mobile":{"background-color":"","background-image":"","background-repeat":"repeat","background-position":"center center","background-size":"auto","background-attachment":"scroll","background-type":"","background-media":"","overlay-type":"","overlay-color":"","overlay-gradient":""}},"ast-content-background-meta":{"desktop":{"background-color":"var(--ast-global-color-5)","background-image":"","background-repeat":"repeat","background-position":"center center","background-size":"auto","background-attachment":"scroll","background-type":"","background-media":"","overlay-type":"","overlay-color":"","overlay-gradient":""},"tablet":{"background-color":"var(--ast-global-color-5)","background-image":"","background-repeat":"repeat","background-position":"center center","background-size":"auto","background-attachment":"scroll","background-type":"","background-media":"","overlay-type":"","overlay-color":"","overlay-gradient":""},"mobile":{"background-color":"var(--ast-global-color-5)","background-image":"","background-repeat":"repeat","background-position":"center center","background-size":"auto","background-attachment":"scroll","background-type":"","background-media":"","overlay-type":"","overlay-color":"","overlay-gradient":""}}},"product_cat":[50],"product_tag":[],"class_list":{"0":"post-2978","1":"product","2":"type-product","3":"status-publish","4":"has-post-thumbnail","6":"product_cat-offer-other-products-and-services","7":"desktop-align-left","8":"tablet-align-left","9":"mobile-align-left","11":"first","12":"instock","13":"shipping-taxable","14":"product-type-simple"},"_links":{"self":[{"href":"https:\/\/www.xminsulation.com\/tr\/wp-json\/wp\/v2\/product\/2978","targetHints":{"allow":["GET"]}}],"collection":[{"href":"https:\/\/www.xminsulation.com\/tr\/wp-json\/wp\/v2\/product"}],"about":[{"href":"https:\/\/www.xminsulation.com\/tr\/wp-json\/wp\/v2\/types\/product"}],"wp:featuredmedia":[{"embeddable":true,"href":"https:\/\/www.xminsulation.com\/tr\/wp-json\/wp\/v2\/media\/2980"}],"wp:attachment":[{"href":"https:\/\/www.xminsulation.com\/tr\/wp-json\/wp\/v2\/media?parent=2978"}],"wp:term":[{"taxonomy":"product_cat","embeddable":true,"href":"https:\/\/www.xminsulation.com\/tr\/wp-json\/wp\/v2\/product_cat?post=2978"},{"taxonomy":"product_tag","embeddable":true,"href":"https:\/\/www.xminsulation.com\/tr\/wp-json\/wp\/v2\/product_tag?post=2978"}],"curies":[{"name":"wp","href":"https:\/\/api.w.org\/{rel}","templated":true}]}}