{"id":2895,"date":"2024-05-13T11:18:40","date_gmt":"2024-05-13T03:18:40","guid":{"rendered":"http:\/\/ceshi.zptpu.com\/?post_type=product&#038;p=2895"},"modified":"2024-09-13T17:58:45","modified_gmt":"2024-09-13T09:58:45","slug":"10-24kv-outdoor-gis-switchgear-ring-main-unit-rmu","status":"publish","type":"product","link":"https:\/\/www.xminsulation.com\/tr\/product\/10-24kv-outdoor-gis-switchgear-ring-main-unit-rmu\/","title":{"rendered":"10-24kV D\u0131\u015f Mekan GIS \u015ealt Sistemi \u2013 Halka Ana \u00dcnitesi RMU"},"content":{"rendered":"<p><img fetchpriority=\"high\" decoding=\"async\" class=\"alignnone wp-image-2896 size-full\" src=\"http:\/\/www.xminsulation.com\/wp-content\/uploads\/2024\/05\/\u56fe\u724713-6.png\" alt=\"\" width=\"1000\" height=\"1000\" srcset=\"https:\/\/www.xminsulation.com\/wp-content\/uploads\/2024\/05\/\u56fe\u724713-6.png 1000w, https:\/\/www.xminsulation.com\/wp-content\/uploads\/2024\/05\/\u56fe\u724713-6-300x300.png 300w, https:\/\/www.xminsulation.com\/wp-content\/uploads\/2024\/05\/\u56fe\u724713-6-150x150.png 150w, https:\/\/www.xminsulation.com\/wp-content\/uploads\/2024\/05\/\u56fe\u724713-6-768x768.png 768w, https:\/\/www.xminsulation.com\/wp-content\/uploads\/2024\/05\/\u56fe\u724713-6-12x12.png 12w, https:\/\/www.xminsulation.com\/wp-content\/uploads\/2024\/05\/\u56fe\u724713-6-600x600.png 600w, https:\/\/www.xminsulation.com\/wp-content\/uploads\/2024\/05\/\u56fe\u724713-6-100x100.png 100w\" sizes=\"(max-width: 1000px) 100vw, 1000px\" \/> <img decoding=\"async\" class=\"alignnone wp-image-2897 size-full\" src=\"http:\/\/www.xminsulation.com\/wp-content\/uploads\/2024\/05\/\u56fe\u724714-5.png\" alt=\"\" width=\"1000\" height=\"1000\" srcset=\"https:\/\/www.xminsulation.com\/wp-content\/uploads\/2024\/05\/\u56fe\u724714-5.png 1000w, https:\/\/www.xminsulation.com\/wp-content\/uploads\/2024\/05\/\u56fe\u724714-5-300x300.png 300w, https:\/\/www.xminsulation.com\/wp-content\/uploads\/2024\/05\/\u56fe\u724714-5-150x150.png 150w, https:\/\/www.xminsulation.com\/wp-content\/uploads\/2024\/05\/\u56fe\u724714-5-768x768.png 768w, https:\/\/www.xminsulation.com\/wp-content\/uploads\/2024\/05\/\u56fe\u724714-5-12x12.png 12w, https:\/\/www.xminsulation.com\/wp-content\/uploads\/2024\/05\/\u56fe\u724714-5-600x600.png 600w, https:\/\/www.xminsulation.com\/wp-content\/uploads\/2024\/05\/\u56fe\u724714-5-100x100.png 100w\" sizes=\"(max-width: 1000px) 100vw, 1000px\" \/><\/p>\n<div style=\"width: 1762px;\" class=\"wp-video\"><!--[if lt IE 9]><script>document.createElement('video');<\/script><![endif]-->\n<video class=\"wp-video-shortcode\" id=\"video-2895-1\" width=\"1762\" height=\"761\" preload=\"metadata\" controls=\"controls\"><source type=\"video\/mp4\" src=\"http:\/\/www.xminsulation.com\/wp-content\/uploads\/2024\/05\/\u89c6\u98911-\u7ecf\u6d4e\u578b\u7ad9\u7acb\u5f0f\u6237\u5916\u73af\u7f51\u67dc_20240521_11430525.mp4?_=1\" \/><a href=\"http:\/\/www.xminsulation.com\/wp-content\/uploads\/2024\/05\/\u89c6\u98911-\u7ecf\u6d4e\u578b\u7ad9\u7acb\u5f0f\u6237\u5916\u73af\u7f51\u67dc_20240521_11430525.mp4\">http:\/\/www.xminsulation.com\/wp-content\/uploads\/2024\/05\/\u89c6\u98911-\u7ecf\u6d4e\u578b\u7ad9\u7acb\u5f0f\u6237\u5916\u73af\u7f51\u67dc_20240521_11430525.mp4<\/a><\/video><\/div>\n<div style=\"width: 1762px;\" class=\"wp-video\"><video class=\"wp-video-shortcode\" id=\"video-2895-2\" width=\"1762\" height=\"761\" preload=\"metadata\" controls=\"controls\"><source type=\"video\/mp4\" src=\"http:\/\/www.xminsulation.com\/wp-content\/uploads\/2024\/05\/\u89c6\u98912-\u7ecf\u6d4e\u578b\u7ad9\u7acb\u5f0f\u6237\u5916\u73af\u7f51\u67dc_20240521_11453174.mp4?_=2\" \/><a href=\"http:\/\/www.xminsulation.com\/wp-content\/uploads\/2024\/05\/\u89c6\u98912-\u7ecf\u6d4e\u578b\u7ad9\u7acb\u5f0f\u6237\u5916\u73af\u7f51\u67dc_20240521_11453174.mp4\">http:\/\/www.xminsulation.com\/wp-content\/uploads\/2024\/05\/\u89c6\u98912-\u7ecf\u6d4e\u578b\u7ad9\u7acb\u5f0f\u6237\u5916\u73af\u7f51\u67dc_20240521_11453174.mp4<\/a><\/video><\/div>\n<h2><strong><b>Genel bilgi<\/b><\/strong><\/h2>\n<p>Ekonomik Yan ve Arka Kablo Giri\u015fli RMU&#039;nun kablolar\u0131 yan ve arkadan girip \u00e7\u0131kar, \u00f6n tarafta kablo giri\u015fi veya \u00e7\u0131k\u0131\u015f\u0131 yoktur.<\/p>\n<p>D\u0131\u015f ve i\u00e7 mekan uygulamalar\u0131 i\u00e7in IP54 ile tamamen hava ko\u015fullar\u0131na dayan\u0131kl\u0131d\u0131r.<\/p>\n<p>Da\u011f\u0131t\u0131m panolar\u0131, trafo merkezleri, halka da\u011f\u0131t\u0131m \u015febekeleri ve end\u00fcstriyel ve ticari sahalara y\u00fcksek gerilim ba\u011flant\u0131lar\u0131 dahil olmak \u00fczere \u00e7ok \u00e7e\u015fitli uygulamalarda kullan\u0131lan geni\u015fletilebilir ve olduk\u00e7a esnek bir \u00fcnitedir. \u00dcniteler, ba\u011flant\u0131, tedarik, koruma ve b\u00f6l\u00fcmlendirme i\u00e7in m\u00fc\u015fteri gereksinimlerine uyacak \u015fekilde geli\u015ftirilmi\u015ftir.<\/p>\n<p>SF6 yal\u0131t\u0131ml\u0131, vakum devre kesici korumal\u0131 yan ve arka kablo sonland\u0131rmas\u0131, SF6 gaz yal\u0131t\u0131ml\u0131 RMU.<\/p>\n<p>T\u00fcm canl\u0131 par\u00e7alar\u0131 ve anahtarlama fonksiyonlar\u0131n\u0131 bar\u0131nd\u0131ran paslanmaz \u00e7elik tankl\u0131, tamamen kapal\u0131 bir sistemdir.<\/p>\n<p>Sabit atmosfer ko\u015fullar\u0131na sahip kapal\u0131 \u00e7elik tank, y\u00fcksek d\u00fczeyde g\u00fcvenilirlik, personel g\u00fcvenli\u011fi ve neredeyse hi\u00e7 bak\u0131m gerektirmeyen bir sistem sa\u011flar.<\/p>\n<p>M\u00fc\u015fteri spesifikasyonlar\u0131na g\u00f6re ek ekipmanlarla 3 yollu veya 4 yollu konfig\u00fcrasyonlar halinde tedarik edilebilir. M\u00fc\u015fteri konfig\u00fcrasyonlar\u0131na g\u00f6re serbest\u00e7e birle\u015ftirilebilir (CVC, CCV, CVV, CFF, CCC, VVV, CCVV vb.). 10\/24 kV da\u011f\u0131t\u0131m \u015febekelerindeki \u00e7o\u011fu anahtarlama uygulamas\u0131 i\u00e7in uygundurlar.<\/p>\n<p>Konsept, trafonun korunmas\u0131 i\u00e7in anahtar-sigorta kombinasyonu veya r\u00f6leli devre kesici se\u00e7ene\u011fi sunar. Entegre uzaktan kumanda ve izleme \u00fcnitesiyle birlikte sa\u011flanabilir.<\/p>\n<p>Bu \u00fcr\u00fcn IEC62271-200, IEC60420 standartlar\u0131na uygundur.<\/p>\n<h2><strong><b>\u00dcr\u00fcn \u00d6zellikleri<\/b><\/strong><\/h2>\n<ol>\n<li>Kilitleme \u00f6zelli\u011fi ile tam kilitlemeli \u00e7al\u0131\u015fma, operat\u00f6r g\u00fcvenli\u011fini sa\u011flar ve hatal\u0131 i\u015flemleri \u00f6nler.<\/li>\n<li>Serbest duran ve trafo montajl\u0131 tip.<\/li>\n<li>Ayarlanabilir paslanmaz \u00e7elik ayaklar.<\/li>\n<li>Kiosk gerektirmeden d\u0131\u015f mekanlara kurulum i\u00e7in IP54.<\/li>\n<li>T\u00fcm operasyonlar birliklerin \u00f6n cephesinden yap\u0131l\u0131yor.<\/li>\n<li>24 kV ve 630 A de\u011ferine kadar ikincil da\u011f\u0131t\u0131m uygulamalar\u0131 i\u00e7in tam olarak geni\u015fletilebilir ve geni\u015fletilemez se\u00e7enekler i\u00e7erir.<\/li>\n<li>Kablo kutular\u0131 dahil dahili ark korumas\u0131. Her iki taraftan geni\u015fletilebilir.<\/li>\n<li>Bak\u0131m gerektirmez ve d\u00fc\u015f\u00fck \u00e7evresel etkiye sahiptir.<\/li>\n<li>Yerel olarak monte edilen y\u0131ld\u0131r\u0131msavarlar.<\/li>\n<\/ol>\n<p><img decoding=\"async\" class=\"alignnone wp-image-2900 size-full\" src=\"http:\/\/www.xminsulation.com\/wp-content\/uploads\/2024\/05\/\u56fe\u724715-5.png\" alt=\"\" width=\"1432\" height=\"1320\" srcset=\"https:\/\/www.xminsulation.com\/wp-content\/uploads\/2024\/05\/\u56fe\u724715-5.png 1432w, https:\/\/www.xminsulation.com\/wp-content\/uploads\/2024\/05\/\u56fe\u724715-5-300x277.png 300w, https:\/\/www.xminsulation.com\/wp-content\/uploads\/2024\/05\/\u56fe\u724715-5-1024x944.png 1024w, https:\/\/www.xminsulation.com\/wp-content\/uploads\/2024\/05\/\u56fe\u724715-5-768x708.png 768w, https:\/\/www.xminsulation.com\/wp-content\/uploads\/2024\/05\/\u56fe\u724715-5-13x12.png 13w, https:\/\/www.xminsulation.com\/wp-content\/uploads\/2024\/05\/\u56fe\u724715-5-600x553.png 600w\" sizes=\"(max-width: 1432px) 100vw, 1432px\" \/><\/p>\n<h2><strong><b>Hizmet Ortam\u0131<\/b><\/strong><\/h2>\n<p>1.Hava s\u0131cakl\u0131\u011f\u0131: Maksimum s\u0131cakl\u0131k: +45\u2103; Minimum s\u0131cakl\u0131k: -20\u2103.<\/p>\n<p>2.Nem: Ayl\u0131k ortalama nem 95%; G\u00fcnl\u00fck ortalama nem 90%.<\/p>\n<p>3.Deniz seviyesinden y\u00fckseklik: Maksimum kurulum y\u00fcksekli\u011fi: 2500m.<\/p>\n<p>4.Ortam havas\u0131n\u0131n a\u015f\u0131nd\u0131r\u0131c\u0131 ve yan\u0131c\u0131 gaz, buhar vb. ile kirletilmemi\u015f olmas\u0131.<\/p>\n<p>5.S\u0131k s\u0131k \u015fiddetli sars\u0131nt\u0131 yapmay\u0131n.<\/p>\n<h2><strong><b>\u015ealt Ekipman\u0131 Boyutu<\/b><\/strong><\/h2>\n<p><img loading=\"lazy\" decoding=\"async\" class=\"alignnone wp-image-2901 size-full\" src=\"http:\/\/www.xminsulation.com\/wp-content\/uploads\/2024\/05\/\u56fe\u724716-6.png\" alt=\"\" width=\"984\" height=\"771\" srcset=\"https:\/\/www.xminsulation.com\/wp-content\/uploads\/2024\/05\/\u56fe\u724716-6.png 984w, https:\/\/www.xminsulation.com\/wp-content\/uploads\/2024\/05\/\u56fe\u724716-6-300x235.png 300w, https:\/\/www.xminsulation.com\/wp-content\/uploads\/2024\/05\/\u56fe\u724716-6-768x602.png 768w, https:\/\/www.xminsulation.com\/wp-content\/uploads\/2024\/05\/\u56fe\u724716-6-15x12.png 15w, https:\/\/www.xminsulation.com\/wp-content\/uploads\/2024\/05\/\u56fe\u724716-6-600x470.png 600w\" sizes=\"(max-width: 984px) 100vw, 984px\" \/> <img loading=\"lazy\" decoding=\"async\" class=\"alignnone wp-image-2902 size-full\" src=\"http:\/\/www.xminsulation.com\/wp-content\/uploads\/2024\/05\/\u56fe\u724717-3.png\" alt=\"\" width=\"986\" height=\"818\" srcset=\"https:\/\/www.xminsulation.com\/wp-content\/uploads\/2024\/05\/\u56fe\u724717-3.png 986w, https:\/\/www.xminsulation.com\/wp-content\/uploads\/2024\/05\/\u56fe\u724717-3-300x249.png 300w, https:\/\/www.xminsulation.com\/wp-content\/uploads\/2024\/05\/\u56fe\u724717-3-768x637.png 768w, https:\/\/www.xminsulation.com\/wp-content\/uploads\/2024\/05\/\u56fe\u724717-3-14x12.png 14w, https:\/\/www.xminsulation.com\/wp-content\/uploads\/2024\/05\/\u56fe\u724717-3-600x498.png 600w\" sizes=\"(max-width: 986px) 100vw, 986px\" \/><\/p>\n<h2><strong><b>GIS Gaz Tank\u0131<\/b><\/strong><\/h2>\n<p><strong><b> <img loading=\"lazy\" decoding=\"async\" class=\"alignnone wp-image-2903 size-full\" src=\"http:\/\/www.xminsulation.com\/wp-content\/uploads\/2024\/05\/\u56fe\u724718-5.png\" alt=\"\" width=\"1200\" height=\"1200\" srcset=\"https:\/\/www.xminsulation.com\/wp-content\/uploads\/2024\/05\/\u56fe\u724718-5.png 1200w, https:\/\/www.xminsulation.com\/wp-content\/uploads\/2024\/05\/\u56fe\u724718-5-300x300.png 300w, https:\/\/www.xminsulation.com\/wp-content\/uploads\/2024\/05\/\u56fe\u724718-5-1024x1024.png 1024w, https:\/\/www.xminsulation.com\/wp-content\/uploads\/2024\/05\/\u56fe\u724718-5-150x150.png 150w, https:\/\/www.xminsulation.com\/wp-content\/uploads\/2024\/05\/\u56fe\u724718-5-768x768.png 768w, https:\/\/www.xminsulation.com\/wp-content\/uploads\/2024\/05\/\u56fe\u724718-5-12x12.png 12w, https:\/\/www.xminsulation.com\/wp-content\/uploads\/2024\/05\/\u56fe\u724718-5-600x600.png 600w, https:\/\/www.xminsulation.com\/wp-content\/uploads\/2024\/05\/\u56fe\u724718-5-100x100.png 100w\" sizes=\"(max-width: 1200px) 100vw, 1200px\" \/> <img loading=\"lazy\" decoding=\"async\" class=\"alignnone wp-image-2904 size-full\" src=\"http:\/\/www.xminsulation.com\/wp-content\/uploads\/2024\/05\/\u56fe\u724719-4.png\" alt=\"\" width=\"1200\" height=\"1200\" srcset=\"https:\/\/www.xminsulation.com\/wp-content\/uploads\/2024\/05\/\u56fe\u724719-4.png 1200w, https:\/\/www.xminsulation.com\/wp-content\/uploads\/2024\/05\/\u56fe\u724719-4-300x300.png 300w, https:\/\/www.xminsulation.com\/wp-content\/uploads\/2024\/05\/\u56fe\u724719-4-1024x1024.png 1024w, https:\/\/www.xminsulation.com\/wp-content\/uploads\/2024\/05\/\u56fe\u724719-4-150x150.png 150w, https:\/\/www.xminsulation.com\/wp-content\/uploads\/2024\/05\/\u56fe\u724719-4-768x768.png 768w, https:\/\/www.xminsulation.com\/wp-content\/uploads\/2024\/05\/\u56fe\u724719-4-12x12.png 12w, https:\/\/www.xminsulation.com\/wp-content\/uploads\/2024\/05\/\u56fe\u724719-4-600x600.png 600w, https:\/\/www.xminsulation.com\/wp-content\/uploads\/2024\/05\/\u56fe\u724719-4-100x100.png 100w\" sizes=\"(max-width: 1200px) 100vw, 1200px\" \/> <img loading=\"lazy\" decoding=\"async\" class=\"alignnone wp-image-2905 size-full\" src=\"http:\/\/www.xminsulation.com\/wp-content\/uploads\/2024\/05\/\u56fe\u724720-6.png\" alt=\"\" width=\"1200\" height=\"1200\" srcset=\"https:\/\/www.xminsulation.com\/wp-content\/uploads\/2024\/05\/\u56fe\u724720-6.png 1200w, https:\/\/www.xminsulation.com\/wp-content\/uploads\/2024\/05\/\u56fe\u724720-6-300x300.png 300w, https:\/\/www.xminsulation.com\/wp-content\/uploads\/2024\/05\/\u56fe\u724720-6-1024x1024.png 1024w, https:\/\/www.xminsulation.com\/wp-content\/uploads\/2024\/05\/\u56fe\u724720-6-150x150.png 150w, https:\/\/www.xminsulation.com\/wp-content\/uploads\/2024\/05\/\u56fe\u724720-6-768x768.png 768w, https:\/\/www.xminsulation.com\/wp-content\/uploads\/2024\/05\/\u56fe\u724720-6-12x12.png 12w, https:\/\/www.xminsulation.com\/wp-content\/uploads\/2024\/05\/\u56fe\u724720-6-600x600.png 600w, https:\/\/www.xminsulation.com\/wp-content\/uploads\/2024\/05\/\u56fe\u724720-6-100x100.png 100w\" sizes=\"(max-width: 1200px) 100vw, 1200px\" \/><\/b><\/strong><\/p>\n<h2><strong><b>CVC Devre \u015eemas\u0131<\/b><\/strong><\/h2>\n<p><strong><b> <img loading=\"lazy\" decoding=\"async\" class=\"alignnone wp-image-2906 size-full\" src=\"http:\/\/www.xminsulation.com\/wp-content\/uploads\/2024\/05\/\u56fe\u724721-5.png\" alt=\"\" width=\"1193\" height=\"896\" srcset=\"https:\/\/www.xminsulation.com\/wp-content\/uploads\/2024\/05\/\u56fe\u724721-5.png 1193w, https:\/\/www.xminsulation.com\/wp-content\/uploads\/2024\/05\/\u56fe\u724721-5-300x225.png 300w, https:\/\/www.xminsulation.com\/wp-content\/uploads\/2024\/05\/\u56fe\u724721-5-1024x769.png 1024w, https:\/\/www.xminsulation.com\/wp-content\/uploads\/2024\/05\/\u56fe\u724721-5-768x577.png 768w, https:\/\/www.xminsulation.com\/wp-content\/uploads\/2024\/05\/\u56fe\u724721-5-16x12.png 16w, https:\/\/www.xminsulation.com\/wp-content\/uploads\/2024\/05\/\u56fe\u724721-5-600x451.png 600w\" sizes=\"(max-width: 1193px) 100vw, 1193px\" \/><\/b><\/strong><\/p>\n<h2>\u25c6\u00d6zel \u00d6zelle\u015ftirme<\/h2>\n<p>Yukar\u0131daki parametreler tipik verilerdir; Mevcut stiller \u00f6zel taleplerinizi kar\u015f\u0131lam\u0131yorsa, l\u00fctfen \u00f6zel bir tasar\u0131m i\u00e7in bizimle ileti\u015fime ge\u00e7in. Ki\u015fiselle\u015ftirilmi\u015f ki\u015fiselle\u015ftirme geli\u015ftirme ve \u00fcretim becerilerimiz, d\u00fcnyan\u0131n her yerindeki m\u00fc\u015fterilerimize \u00f6zel \u00e7\u00f6z\u00fcmler sunmam\u0131za olanak tan\u0131yor.<\/p>\n<p>&nbsp;<\/p>","protected":false},"excerpt":{"rendered":"<p>General Information Cost-Effective Side &amp; Rear Cable Entry RMU, its cables enter and exit from the side and rear, and there are no cable entries or exits on the front. It is fully weatherproof with IP54 for outdoor or indoor applications. It is extensible and highly flexible unit used in a wide range of applications [&hellip;]<\/p>","protected":false},"featured_media":2907,"template":"","meta":{"site-sidebar-layout":"default","site-content-layout":"","ast-site-content-layout":"default","site-content-style":"default","site-sidebar-style":"default","ast-global-header-display":"","ast-banner-title-visibility":"","ast-main-header-display":"","ast-hfb-above-header-display":"","ast-hfb-below-header-display":"","ast-hfb-mobile-header-display":"","site-post-title":"","ast-breadcrumbs-content":"","ast-featured-img":"","footer-sml-layout":"","theme-transparent-header-meta":"default","adv-header-id-meta":"","stick-header-meta":"","header-above-stick-meta":"","header-main-stick-meta":"","header-below-stick-meta":"","astra-migrate-meta-layouts":"set","ast-page-background-enabled":"default","ast-page-background-meta":{"desktop":{"background-color":"","background-image":"","background-repeat":"repeat","background-position":"center center","background-size":"auto","background-attachment":"scroll","background-type":"","background-media":"","overlay-type":"","overlay-color":"","overlay-gradient":""},"tablet":{"background-color":"","background-image":"","background-repeat":"repeat","background-position":"center center","background-size":"auto","background-attachment":"scroll","background-type":"","background-media":"","overlay-type":"","overlay-color":"","overlay-gradient":""},"mobile":{"background-color":"","background-image":"","background-repeat":"repeat","background-position":"center center","background-size":"auto","background-attachment":"scroll","background-type":"","background-media":"","overlay-type":"","overlay-color":"","overlay-gradient":""}},"ast-content-background-meta":{"desktop":{"background-color":"var(--ast-global-color-5)","background-image":"","background-repeat":"repeat","background-position":"center center","background-size":"auto","background-attachment":"scroll","background-type":"","background-media":"","overlay-type":"","overlay-color":"","overlay-gradient":""},"tablet":{"background-color":"var(--ast-global-color-5)","background-image":"","background-repeat":"repeat","background-position":"center center","background-size":"auto","background-attachment":"scroll","background-type":"","background-media":"","overlay-type":"","overlay-color":"","overlay-gradient":""},"mobile":{"background-color":"var(--ast-global-color-5)","background-image":"","background-repeat":"repeat","background-position":"center center","background-size":"auto","background-attachment":"scroll","background-type":"","background-media":"","overlay-type":"","overlay-color":"","overlay-gradient":""}}},"product_cat":[34],"product_tag":[],"class_list":{"0":"post-2895","1":"product","2":"type-product","3":"status-publish","4":"has-post-thumbnail","6":"product_cat-10-40-5kv-sf6-gas-insulated-switchgear-gis-rmu","7":"desktop-align-left","8":"tablet-align-left","9":"mobile-align-left","11":"first","12":"instock","13":"shipping-taxable","14":"product-type-simple"},"_links":{"self":[{"href":"https:\/\/www.xminsulation.com\/tr\/wp-json\/wp\/v2\/product\/2895","targetHints":{"allow":["GET"]}}],"collection":[{"href":"https:\/\/www.xminsulation.com\/tr\/wp-json\/wp\/v2\/product"}],"about":[{"href":"https:\/\/www.xminsulation.com\/tr\/wp-json\/wp\/v2\/types\/product"}],"wp:featuredmedia":[{"embeddable":true,"href":"https:\/\/www.xminsulation.com\/tr\/wp-json\/wp\/v2\/media\/2907"}],"wp:attachment":[{"href":"https:\/\/www.xminsulation.com\/tr\/wp-json\/wp\/v2\/media?parent=2895"}],"wp:term":[{"taxonomy":"product_cat","embeddable":true,"href":"https:\/\/www.xminsulation.com\/tr\/wp-json\/wp\/v2\/product_cat?post=2895"},{"taxonomy":"product_tag","embeddable":true,"href":"https:\/\/www.xminsulation.com\/tr\/wp-json\/wp\/v2\/product_tag?post=2895"}],"curies":[{"name":"wp","href":"https:\/\/api.w.org\/{rel}","templated":true}]}}