{"id":2258,"date":"2024-05-17T18:04:05","date_gmt":"2024-05-17T10:04:05","guid":{"rendered":"http:\/\/www.xminsulation.com\/?post_type=product&#038;p=2258"},"modified":"2024-05-17T18:04:06","modified_gmt":"2024-05-17T10:04:06","slug":"flw34-12-40-5kv-intelligent-outdoor-sf6-load-break-switch","status":"publish","type":"product","link":"https:\/\/www.xminsulation.com\/tr\/product\/flw34-12-40-5kv-intelligent-outdoor-sf6-load-break-switch\/","title":{"rendered":"FLW34-12\/40.5kV Ak\u0131ll\u0131 D\u0131\u015f Mekan SF6 Y\u00fck Kesme Anahtar\u0131"},"content":{"rendered":"<p><img fetchpriority=\"high\" decoding=\"async\" class=\"alignnone wp-image-2260 size-full\" src=\"http:\/\/www.xminsulation.com\/wp-content\/uploads\/2024\/05\/\u56fe\u7247164-2.png\" alt=\"\" width=\"1000\" height=\"744\" srcset=\"https:\/\/www.xminsulation.com\/wp-content\/uploads\/2024\/05\/\u56fe\u7247164-2.png 1000w, https:\/\/www.xminsulation.com\/wp-content\/uploads\/2024\/05\/\u56fe\u7247164-2-300x223.png 300w, https:\/\/www.xminsulation.com\/wp-content\/uploads\/2024\/05\/\u56fe\u7247164-2-768x571.png 768w, https:\/\/www.xminsulation.com\/wp-content\/uploads\/2024\/05\/\u56fe\u7247164-2-600x446.png 600w\" sizes=\"(max-width: 1000px) 100vw, 1000px\" \/> <img decoding=\"async\" class=\"alignnone wp-image-2261 size-full\" src=\"http:\/\/www.xminsulation.com\/wp-content\/uploads\/2024\/05\/\u56fe\u7247165-1.jpg\" alt=\"\" width=\"1000\" height=\"1000\" srcset=\"https:\/\/www.xminsulation.com\/wp-content\/uploads\/2024\/05\/\u56fe\u7247165-1.jpg 1000w, https:\/\/www.xminsulation.com\/wp-content\/uploads\/2024\/05\/\u56fe\u7247165-1-300x300.jpg 300w, https:\/\/www.xminsulation.com\/wp-content\/uploads\/2024\/05\/\u56fe\u7247165-1-150x150.jpg 150w, https:\/\/www.xminsulation.com\/wp-content\/uploads\/2024\/05\/\u56fe\u7247165-1-768x768.jpg 768w, https:\/\/www.xminsulation.com\/wp-content\/uploads\/2024\/05\/\u56fe\u7247165-1-600x600.jpg 600w, https:\/\/www.xminsulation.com\/wp-content\/uploads\/2024\/05\/\u56fe\u7247165-1-100x100.jpg 100w\" sizes=\"(max-width: 1000px) 100vw, 1000px\" \/> <img decoding=\"async\" class=\"alignnone wp-image-2262 size-full\" src=\"http:\/\/www.xminsulation.com\/wp-content\/uploads\/2024\/05\/\u56fe\u7247166-1.png\" alt=\"\" width=\"1000\" height=\"1415\" srcset=\"https:\/\/www.xminsulation.com\/wp-content\/uploads\/2024\/05\/\u56fe\u7247166-1.png 1000w, https:\/\/www.xminsulation.com\/wp-content\/uploads\/2024\/05\/\u56fe\u7247166-1-212x300.png 212w, https:\/\/www.xminsulation.com\/wp-content\/uploads\/2024\/05\/\u56fe\u7247166-1-724x1024.png 724w, https:\/\/www.xminsulation.com\/wp-content\/uploads\/2024\/05\/\u56fe\u7247166-1-768x1087.png 768w, https:\/\/www.xminsulation.com\/wp-content\/uploads\/2024\/05\/\u56fe\u7247166-1-600x849.png 600w\" sizes=\"(max-width: 1000px) 100vw, 1000px\" \/><\/p>\n<h2><strong><b>P<\/b><\/strong><strong><b>\u00fcr\u00fcn <\/b><\/strong><strong><b>D<\/b><\/strong><strong><b>a\u00e7\u0131klama<\/b><\/strong><\/h2>\n<p>FLW34-12\/40.5kV dire\u011fe monteli SF6 y\u00fck anahtar\u0131, birincil ve ikincil f\u00fczyon standartlar\u0131na uygun olarak geli\u015ftirilen dire\u011fe monteli anahtar \u00fcr\u00fcnlerinin eksiksiz bir setidir. Anahtar\u0131n kompakt bir yap\u0131s\u0131, makul bir d\u00fczeni ve eksiksiz i\u015flevleri vard\u0131r. T\u00fcm g\u00f6stergeler birincil ve ikincil f\u00fczyon teknik gereksinimlerini kar\u015f\u0131lar. A\u00e7\u0131k hava g\u00fc\u00e7 da\u011f\u0131t\u0131m otomasyonu dire\u011fe monteli anahtarlar i\u00e7in eksiksiz bir \u00fcr\u00fcn setidir. Y\u00fck anahtar\u0131, SF6 ark s\u00f6nd\u00fcrme prensibini benimser ve dahili y\u00fcksek hassasiyetli ak\u0131m trafolar\u0131, s\u0131f\u0131r dizi ak\u0131m trafolar\u0131 ve s\u0131f\u0131r dizi voltaj sens\u00f6rlerine sahiptir. Bu eksiksiz anahtar seti, orta gerilim da\u011f\u0131t\u0131m \u015febekelerinin kesme ve kapama sistemlerindeki y\u00fck ak\u0131mlar\u0131na ve a\u015f\u0131r\u0131 y\u00fcklere uygulanabilir. ak\u0131m, hatal\u0131 da\u011f\u0131t\u0131m hatt\u0131 b\u00f6l\u00fcmlerini otomatik olarak izole edebilmektedir.<\/p>\n<h2><strong><b>\u0130lk ve <\/b><\/strong><strong><b>S<\/b><\/strong><strong><b>ikinci <\/b><\/strong><strong><b>F<\/b><\/strong><strong><b>\u00fcnlem <\/b><\/strong><strong><b>F<\/b><\/strong><strong><b>\u00f6zellikler<\/b><\/strong><\/h2>\n<p><strong><b>Birincil SF6 <\/b><\/strong><strong><b>L<\/b><\/strong><strong><b>bo\u015f <\/b><\/strong><strong><b>S<\/b><\/strong><strong><b>cad\u0131 <\/b><\/strong><strong><b>P<\/b><\/strong><strong><b>sanat:<\/b><\/strong><\/p>\n<ol>\n<li>G\u00f6vde, iyi yal\u0131t\u0131m ve ark s\u00f6nd\u00fcrme \u00f6zelliklerine sahip y\u00fcksek safl\u0131kta (99.9%&#039;den fazla) SF6 gaz\u0131 kullan\u0131r. Son derece k\u0131sa ark s\u00f6nd\u00fcrme s\u00fcresine (1\/2 \u00e7evrim) ve iyi yal\u0131t\u0131m kurtarma \u00f6zelliklerine sahiptir ve \u00fcst\u00fcn yal\u0131t\u0131m performans\u0131na sahiptir. Ayr\u0131ca, y\u00fck ak\u0131m\u0131 kesildi\u011finde ark s\u00f6nd\u00fcrme s\u00fcresi \u00e7ok k\u0131sad\u0131r ve k\u0131r\u0131lma par\u00e7as\u0131n\u0131n temas t\u00fcketimi k\u00fc\u00e7\u00fckt\u00fcr, bu nedenle k\u0131r\u0131lma par\u00e7as\u0131n\u0131n bak\u0131m\u0131na ve de\u011fi\u015ftirilmesine gerek yoktur.<\/li>\n<li>\u015ealter kutusu, kal\u0131c\u0131 kullan\u0131m i\u00e7in korozyon direnci gereksinimlerini kar\u015f\u0131lamak amac\u0131yla 304 paslanmaz \u00e7elikten \u00fcretilmi\u015ftir.<\/li>\n<li>Yayl\u0131 enerji depolama \u00e7al\u0131\u015fma mekanizmas\u0131 benimsenmi\u015ftir, enerji depolama mekanik olarak s\u00fcrd\u00fcr\u00fcl\u00fcr ve manuel, elektrikli h\u0131zl\u0131 kapanma ve h\u0131zl\u0131 a\u00e7\u0131lma i\u015flemleri benimsenmi\u015ftir. 60 ms&#039;den daha k\u0131sa s\u00fcrede h\u0131zl\u0131 a\u00e7\u0131l\u0131p kapan\u0131r ve yedek koruma cihaz\u0131 korumas\u0131yla iyi bir uyumlulu\u011fa sahiptir.<\/li>\n<li>Bak\u0131m esnas\u0131nda olu\u015fabilecek ar\u0131zalar\u0131 \u00f6nlemek ve emniyet fakt\u00f6r\u00fcn\u00fc art\u0131rmak i\u00e7in manuel kilitleme mekanizmas\u0131 ile donat\u0131lm\u0131\u015ft\u0131r.<\/li>\n<li>Y\u00fcksek bas\u0131n\u00e7 tahliye cihaz\u0131 ile donat\u0131lm\u0131\u015f olup, kutu i\u00e7erisinde ani gaz bas\u0131nc\u0131 art\u0131\u015f\u0131 nedeniyle kutu i\u00e7erisinde herhangi bir i\u00e7 ar\u0131za meydana gelse bile kutu zarar g\u00f6rmez.<\/li>\n<\/ol>\n<p><strong><b>\u0130kincil <\/b><\/strong><strong><b>BEN<\/b><\/strong><strong><b>ak\u0131ll\u0131 <\/b><\/strong><strong><b>C<\/b><\/strong><strong><b>kontrolc\u00fc <\/b><\/strong><strong><b>P<\/b><\/strong><strong><b>sanat:<\/b><\/strong><\/p>\n<ol>\n<li>Tak ve \u00e7al\u0131\u015ft\u0131r \u00f6zelli\u011fini elde etmek i\u00e7in IEC 61850 standard\u0131na uyun.<\/li>\n<li>Y\u00fcksek performansl\u0131 dijital sinyal i\u015flemcisi ve b\u00fcy\u00fck \u00f6l\u00e7ekli alan programlanabilir mant\u0131k dizisi benimser, g\u00fc\u00e7l\u00fc ger\u00e7ek zamanl\u0131 veri i\u015fleme yeteneklerine ve zengin bellek kaynaklar\u0131na sahiptir ve geli\u015fmi\u015f uygulama yaz\u0131l\u0131m\u0131 ve ileti\u015fim, sistem y\u00f6netimi, insan-bilgisayar etkile\u015fimi ve di\u011fer i\u015flevlerin uygulama gereksinimlerini kar\u015f\u0131lar.<\/li>\n<li>\u0130htiya\u00e7lara g\u00f6re esnek bir \u015fekilde yap\u0131land\u0131r\u0131larak \u201ciki uzaktan\u201d veya \u201c\u00fc\u00e7 uzaktan\u201d fonksiyonlar\u0131n ger\u00e7ekle\u015ftirilmesine olanak sa\u011flanmaktad\u0131r.<\/li>\n<li>Mod\u00fcler ve standartla\u015ft\u0131r\u0131lm\u0131\u015f yap\u0131, y\u00fcksek h\u0131zl\u0131 ger\u00e7ek zamanl\u0131 seri veri yolu kullan\u0131m\u0131, esnek geni\u015fleme ve kolay bak\u0131m.<\/li>\n<li>Ger\u00e7ek zamanl\u0131 Linux i\u015fletim sistemine dayal\u0131 olarak, hiyerar\u015fik ve mod\u00fcler bir yaz\u0131l\u0131m yap\u0131s\u0131 benimser. Uygulamalar, a\u00e7\u0131k aray\u00fczler arac\u0131l\u0131\u011f\u0131yla temel kaynaklara ve verilere eri\u015fir, verileri uygulamalardan ay\u0131r\u0131r ve uygulamalar\u0131n dinamik olarak y\u00fcklenmesini ve bo\u015falt\u0131lmas\u0131n\u0131 destekler. Uygulamalar tak ve \u00e7al\u0131\u015ft\u0131r \u00f6zelli\u011fine sahiptir. \u00c7e\u015fitli ak\u0131ll\u0131 da\u011f\u0131t\u0131m a\u011f\u0131 uygulamalar\u0131 i\u00e7in birle\u015fik bir destek platformu sa\u011flar.<\/li>\n<\/ol>\n<h2><strong>Boyutlar<\/strong><\/h2>\n<p><img loading=\"lazy\" decoding=\"async\" class=\"alignnone wp-image-2263 size-large\" src=\"http:\/\/www.xminsulation.com\/wp-content\/uploads\/2024\/05\/\u56fe\u7247167-1-1024x731.png\" alt=\"\" width=\"1024\" height=\"731\" srcset=\"https:\/\/www.xminsulation.com\/wp-content\/uploads\/2024\/05\/\u56fe\u7247167-1-1024x731.png 1024w, https:\/\/www.xminsulation.com\/wp-content\/uploads\/2024\/05\/\u56fe\u7247167-1-300x214.png 300w, https:\/\/www.xminsulation.com\/wp-content\/uploads\/2024\/05\/\u56fe\u7247167-1-768x548.png 768w, https:\/\/www.xminsulation.com\/wp-content\/uploads\/2024\/05\/\u56fe\u7247167-1-1536x1096.png 1536w, https:\/\/www.xminsulation.com\/wp-content\/uploads\/2024\/05\/\u56fe\u7247167-1-2048x1462.png 2048w, https:\/\/www.xminsulation.com\/wp-content\/uploads\/2024\/05\/\u56fe\u7247167-1-600x428.png 600w\" sizes=\"(max-width: 1024px) 100vw, 1024px\" \/> <img loading=\"lazy\" decoding=\"async\" class=\"alignnone wp-image-2264 size-large\" src=\"http:\/\/www.xminsulation.com\/wp-content\/uploads\/2024\/05\/\u56fe\u7247168-1024x638.png\" alt=\"\" width=\"1024\" height=\"638\" srcset=\"https:\/\/www.xminsulation.com\/wp-content\/uploads\/2024\/05\/\u56fe\u7247168-1024x638.png 1024w, https:\/\/www.xminsulation.com\/wp-content\/uploads\/2024\/05\/\u56fe\u7247168-300x187.png 300w, https:\/\/www.xminsulation.com\/wp-content\/uploads\/2024\/05\/\u56fe\u7247168-768x478.png 768w, https:\/\/www.xminsulation.com\/wp-content\/uploads\/2024\/05\/\u56fe\u7247168-1536x957.png 1536w, https:\/\/www.xminsulation.com\/wp-content\/uploads\/2024\/05\/\u56fe\u7247168-600x374.png 600w, https:\/\/www.xminsulation.com\/wp-content\/uploads\/2024\/05\/\u56fe\u7247168.png 1920w\" sizes=\"(max-width: 1024px) 100vw, 1024px\" \/> <img loading=\"lazy\" decoding=\"async\" class=\"alignnone wp-image-2265 size-full\" src=\"http:\/\/www.xminsulation.com\/wp-content\/uploads\/2024\/05\/\u56fe\u7247169-1.png\" alt=\"\" width=\"852\" height=\"750\" srcset=\"https:\/\/www.xminsulation.com\/wp-content\/uploads\/2024\/05\/\u56fe\u7247169-1.png 852w, https:\/\/www.xminsulation.com\/wp-content\/uploads\/2024\/05\/\u56fe\u7247169-1-300x264.png 300w, https:\/\/www.xminsulation.com\/wp-content\/uploads\/2024\/05\/\u56fe\u7247169-1-768x676.png 768w, https:\/\/www.xminsulation.com\/wp-content\/uploads\/2024\/05\/\u56fe\u7247169-1-600x528.png 600w\" sizes=\"(max-width: 852px) 100vw, 852px\" \/> <img loading=\"lazy\" decoding=\"async\" class=\"alignnone wp-image-2266 size-full\" src=\"http:\/\/www.xminsulation.com\/wp-content\/uploads\/2024\/05\/\u56fe\u7247170-1.png\" alt=\"\" width=\"852\" height=\"744\" srcset=\"https:\/\/www.xminsulation.com\/wp-content\/uploads\/2024\/05\/\u56fe\u7247170-1.png 852w, https:\/\/www.xminsulation.com\/wp-content\/uploads\/2024\/05\/\u56fe\u7247170-1-300x262.png 300w, https:\/\/www.xminsulation.com\/wp-content\/uploads\/2024\/05\/\u56fe\u7247170-1-768x671.png 768w, https:\/\/www.xminsulation.com\/wp-content\/uploads\/2024\/05\/\u56fe\u7247170-1-600x524.png 600w\" sizes=\"(max-width: 852px) 100vw, 852px\" \/> <img loading=\"lazy\" decoding=\"async\" class=\"alignnone wp-image-2267 size-full\" src=\"http:\/\/www.xminsulation.com\/wp-content\/uploads\/2024\/05\/\u56fe\u7247171-1.png\" alt=\"\" width=\"852\" height=\"766\" srcset=\"https:\/\/www.xminsulation.com\/wp-content\/uploads\/2024\/05\/\u56fe\u7247171-1.png 852w, https:\/\/www.xminsulation.com\/wp-content\/uploads\/2024\/05\/\u56fe\u7247171-1-300x270.png 300w, https:\/\/www.xminsulation.com\/wp-content\/uploads\/2024\/05\/\u56fe\u7247171-1-768x690.png 768w, https:\/\/www.xminsulation.com\/wp-content\/uploads\/2024\/05\/\u56fe\u7247171-1-600x539.png 600w\" sizes=\"(max-width: 852px) 100vw, 852px\" \/> <img loading=\"lazy\" decoding=\"async\" class=\"alignnone wp-image-2268 size-full\" src=\"http:\/\/www.xminsulation.com\/wp-content\/uploads\/2024\/05\/\u56fe\u7247172-1.png\" alt=\"\" width=\"754\" height=\"828\" srcset=\"https:\/\/www.xminsulation.com\/wp-content\/uploads\/2024\/05\/\u56fe\u7247172-1.png 754w, https:\/\/www.xminsulation.com\/wp-content\/uploads\/2024\/05\/\u56fe\u7247172-1-273x300.png 273w, https:\/\/www.xminsulation.com\/wp-content\/uploads\/2024\/05\/\u56fe\u7247172-1-600x659.png 600w\" sizes=\"(max-width: 754px) 100vw, 754px\" \/><\/p>\n<h2><strong><b>Kurulum \u0130ll\u00fcstrasyonu<\/b><\/strong><\/h2>\n<p><img loading=\"lazy\" decoding=\"async\" class=\"alignnone wp-image-2269 size-full\" src=\"http:\/\/www.xminsulation.com\/wp-content\/uploads\/2024\/05\/\u56fe\u7247173-1.png\" alt=\"\" width=\"975\" height=\"837\" srcset=\"https:\/\/www.xminsulation.com\/wp-content\/uploads\/2024\/05\/\u56fe\u7247173-1.png 975w, https:\/\/www.xminsulation.com\/wp-content\/uploads\/2024\/05\/\u56fe\u7247173-1-300x258.png 300w, https:\/\/www.xminsulation.com\/wp-content\/uploads\/2024\/05\/\u56fe\u7247173-1-768x659.png 768w, https:\/\/www.xminsulation.com\/wp-content\/uploads\/2024\/05\/\u56fe\u7247173-1-600x515.png 600w\" sizes=\"(max-width: 975px) 100vw, 975px\" \/><\/p>\n<h2>\u25c6\u00d6zel \u00d6zelle\u015ftirme<\/h2>\n<p>Yukar\u0131daki parametreler tipik verilerdir; Mevcut stiller \u00f6zel taleplerinizi kar\u015f\u0131lam\u0131yorsa, l\u00fctfen \u00f6zel bir tasar\u0131m i\u00e7in bizimle ileti\u015fime ge\u00e7in. Ki\u015fiselle\u015ftirilmi\u015f ki\u015fiselle\u015ftirme geli\u015ftirme ve \u00fcretim becerilerimiz, d\u00fcnyan\u0131n her yerindeki m\u00fc\u015fterilerimize \u00f6zel \u00e7\u00f6z\u00fcmler sunmam\u0131za olanak tan\u0131yor.<\/p>\n<p>&nbsp;<\/p>","protected":false},"excerpt":{"rendered":"<p>Product Description FLW34-12\/40.5kV pole-mounted SF6 load switch is a complete set of pole-mounted switch products developed in accordance with primary and secondary fusion standards. The switch has a compact structure, reasonable layout, and complete functions. All indicators meet the primary and secondary fusion technical requirements. It is Complete set of products for outdoor power distribution [&hellip;]<\/p>","protected":false},"featured_media":2259,"template":"","meta":{"site-sidebar-layout":"default","site-content-layout":"","ast-site-content-layout":"default","site-content-style":"default","site-sidebar-style":"default","ast-global-header-display":"","ast-banner-title-visibility":"","ast-main-header-display":"","ast-hfb-above-header-display":"","ast-hfb-below-header-display":"","ast-hfb-mobile-header-display":"","site-post-title":"","ast-breadcrumbs-content":"","ast-featured-img":"","footer-sml-layout":"","theme-transparent-header-meta":"default","adv-header-id-meta":"","stick-header-meta":"","header-above-stick-meta":"","header-main-stick-meta":"","header-below-stick-meta":"","astra-migrate-meta-layouts":"set","ast-page-background-enabled":"default","ast-page-background-meta":{"desktop":{"background-color":"","background-image":"","background-repeat":"repeat","background-position":"center center","background-size":"auto","background-attachment":"scroll","background-type":"","background-media":"","overlay-type":"","overlay-color":"","overlay-gradient":""},"tablet":{"background-color":"","background-image":"","background-repeat":"repeat","background-position":"center center","background-size":"auto","background-attachment":"scroll","background-type":"","background-media":"","overlay-type":"","overlay-color":"","overlay-gradient":""},"mobile":{"background-color":"","background-image":"","background-repeat":"repeat","background-position":"center center","background-size":"auto","background-attachment":"scroll","background-type":"","background-media":"","overlay-type":"","overlay-color":"","overlay-gradient":""}},"ast-content-background-meta":{"desktop":{"background-color":"var(--ast-global-color-5)","background-image":"","background-repeat":"repeat","background-position":"center center","background-size":"auto","background-attachment":"scroll","background-type":"","background-media":"","overlay-type":"","overlay-color":"","overlay-gradient":""},"tablet":{"background-color":"var(--ast-global-color-5)","background-image":"","background-repeat":"repeat","background-position":"center center","background-size":"auto","background-attachment":"scroll","background-type":"","background-media":"","overlay-type":"","overlay-color":"","overlay-gradient":""},"mobile":{"background-color":"var(--ast-global-color-5)","background-image":"","background-repeat":"repeat","background-position":"center center","background-size":"auto","background-attachment":"scroll","background-type":"","background-media":"","overlay-type":"","overlay-color":"","overlay-gradient":""}}},"product_cat":[26],"product_tag":[],"class_list":{"0":"post-2258","1":"product","2":"type-product","3":"status-publish","4":"has-post-thumbnail","6":"product_cat-10-40-5kv-outdoor-intelligent-sf6-load-break-switch","7":"desktop-align-left","8":"tablet-align-left","9":"mobile-align-left","11":"first","12":"instock","13":"shipping-taxable","14":"product-type-simple"},"_links":{"self":[{"href":"https:\/\/www.xminsulation.com\/tr\/wp-json\/wp\/v2\/product\/2258","targetHints":{"allow":["GET"]}}],"collection":[{"href":"https:\/\/www.xminsulation.com\/tr\/wp-json\/wp\/v2\/product"}],"about":[{"href":"https:\/\/www.xminsulation.com\/tr\/wp-json\/wp\/v2\/types\/product"}],"wp:featuredmedia":[{"embeddable":true,"href":"https:\/\/www.xminsulation.com\/tr\/wp-json\/wp\/v2\/media\/2259"}],"wp:attachment":[{"href":"https:\/\/www.xminsulation.com\/tr\/wp-json\/wp\/v2\/media?parent=2258"}],"wp:term":[{"taxonomy":"product_cat","embeddable":true,"href":"https:\/\/www.xminsulation.com\/tr\/wp-json\/wp\/v2\/product_cat?post=2258"},{"taxonomy":"product_tag","embeddable":true,"href":"https:\/\/www.xminsulation.com\/tr\/wp-json\/wp\/v2\/product_tag?post=2258"}],"curies":[{"name":"wp","href":"https:\/\/api.w.org\/{rel}","templated":true}]}}