{"id":2067,"date":"2024-05-17T09:45:30","date_gmt":"2024-05-17T01:45:30","guid":{"rendered":"http:\/\/www.xminsulation.com\/?post_type=product&#038;p=2067"},"modified":"2024-05-23T21:53:26","modified_gmt":"2024-05-23T13:53:26","slug":"permanent-magnet-mechanism-magnetic-actuator","status":"publish","type":"product","link":"https:\/\/www.xminsulation.com\/tr\/product\/permanent-magnet-mechanism-magnetic-actuator\/","title":{"rendered":"Kal\u0131c\u0131 M\u0131knat\u0131s Mekanizmas\u0131 Manyetik Akt\u00fcat\u00f6r"},"content":{"rendered":"<p><img fetchpriority=\"high\" decoding=\"async\" class=\"alignnone wp-image-2068 size-full\" src=\"http:\/\/www.xminsulation.com\/wp-content\/uploads\/2024\/05\/\u56fe\u72471-3.png\" alt=\"\" width=\"1000\" height=\"1000\" srcset=\"https:\/\/www.xminsulation.com\/wp-content\/uploads\/2024\/05\/\u56fe\u72471-3.png 1000w, https:\/\/www.xminsulation.com\/wp-content\/uploads\/2024\/05\/\u56fe\u72471-3-300x300.png 300w, https:\/\/www.xminsulation.com\/wp-content\/uploads\/2024\/05\/\u56fe\u72471-3-150x150.png 150w, https:\/\/www.xminsulation.com\/wp-content\/uploads\/2024\/05\/\u56fe\u72471-3-768x768.png 768w, https:\/\/www.xminsulation.com\/wp-content\/uploads\/2024\/05\/\u56fe\u72471-3-600x600.png 600w, https:\/\/www.xminsulation.com\/wp-content\/uploads\/2024\/05\/\u56fe\u72471-3-100x100.png 100w\" sizes=\"(max-width: 1000px) 100vw, 1000px\" \/> <img decoding=\"async\" class=\"alignnone wp-image-2069 size-full\" src=\"http:\/\/www.xminsulation.com\/wp-content\/uploads\/2024\/05\/\u56fe\u72472-5.png\" alt=\"\" width=\"1000\" height=\"1000\" srcset=\"https:\/\/www.xminsulation.com\/wp-content\/uploads\/2024\/05\/\u56fe\u72472-5.png 1000w, https:\/\/www.xminsulation.com\/wp-content\/uploads\/2024\/05\/\u56fe\u72472-5-300x300.png 300w, https:\/\/www.xminsulation.com\/wp-content\/uploads\/2024\/05\/\u56fe\u72472-5-150x150.png 150w, https:\/\/www.xminsulation.com\/wp-content\/uploads\/2024\/05\/\u56fe\u72472-5-768x768.png 768w, https:\/\/www.xminsulation.com\/wp-content\/uploads\/2024\/05\/\u56fe\u72472-5-600x600.png 600w, https:\/\/www.xminsulation.com\/wp-content\/uploads\/2024\/05\/\u56fe\u72472-5-100x100.png 100w\" sizes=\"(max-width: 1000px) 100vw, 1000px\" \/> <img decoding=\"async\" class=\"alignnone wp-image-2070 size-full\" src=\"http:\/\/www.xminsulation.com\/wp-content\/uploads\/2024\/05\/\u56fe\u72473-4.png\" alt=\"\" width=\"1000\" height=\"1000\" srcset=\"https:\/\/www.xminsulation.com\/wp-content\/uploads\/2024\/05\/\u56fe\u72473-4.png 1000w, https:\/\/www.xminsulation.com\/wp-content\/uploads\/2024\/05\/\u56fe\u72473-4-300x300.png 300w, https:\/\/www.xminsulation.com\/wp-content\/uploads\/2024\/05\/\u56fe\u72473-4-150x150.png 150w, https:\/\/www.xminsulation.com\/wp-content\/uploads\/2024\/05\/\u56fe\u72473-4-768x768.png 768w, https:\/\/www.xminsulation.com\/wp-content\/uploads\/2024\/05\/\u56fe\u72473-4-600x600.png 600w, https:\/\/www.xminsulation.com\/wp-content\/uploads\/2024\/05\/\u56fe\u72473-4-100x100.png 100w\" sizes=\"(max-width: 1000px) 100vw, 1000px\" \/><\/p>\n<h2><strong><b>Genel bilgi<\/b><\/strong><\/h2>\n<p>Monostabil kal\u0131c\u0131 m\u0131knat\u0131s mekanizmas\u0131, metal malzemeler, mekanik ve g\u00fc\u00e7 elektromanyetik teknolojisi uygulama ara\u015ft\u0131rmalar\u0131n\u0131n ustas\u0131d\u0131r. \u00c7ekirdek, bir manyetik \u00e7ekirdek, bir uyarma bobini, bir i\u015flevsel yay ve di\u011fer par\u00e7alar\u0131 i\u00e7erir. K\u00fc\u00e7\u00fck bir boyuta ve d\u00fc\u015f\u00fck g\u00fc\u00e7 t\u00fcketimine sahiptir (geleneksel \u00fcr\u00fcnler kadar iyi de\u011fildir). 1\/4), basit yap\u0131s\u0131, h\u0131zl\u0131 tepki h\u0131z\u0131 ve parametre kaymas\u0131 olmamas\u0131 (dijital) ile en iyi orta gerilim devre kesici \u015falter kontrol \u00e7ipi teknolojisidir!<\/p>\n<p>\u00c7ekirdek malzeme, demir Fe, kobalt Co, manganez Mo ve di\u011fer \u00f6zel i\u015flemler gibi \u00e7e\u015fitli form\u00fcller kullan\u0131larak eritilir, d\u00f6v\u00fcl\u00fcr ve hassas bir \u015fekilde i\u015flenir; b\u00f6ylece malzemenin m\u00fcmk\u00fcn olan en iyi d\u00fczg\u00fcnl\u00fc\u011f\u00fc elde edilir ve benzersiz y\u00fcksek kaliteli manyetik haf\u0131za \u00f6zellikleri vurgulan\u0131r.<\/p>\n<h2><strong><b>\u00dcr\u00fcn \u00d6zellikleri<\/b><\/strong><\/h2>\n<ol>\n<li>G\u00fc\u00e7l\u00fc kesme kapasitesi, g\u00fcvenli ve g\u00fcvenilir. Mekanizman\u0131n kuvvet de\u011feri &gt;3500N&#039;dir. Kuvvet de\u011feri en iyi h\u0131zl\u0131 devre kesici mekanizmas\u0131yla e\u015fle\u015fir. Geleneksel ark s\u00f6nd\u00fcrme odas\u0131 ile donat\u0131lm\u0131\u015ft\u0131r ve g\u00fc\u00e7l\u00fc kesme kapasitesine sahiptir.<\/li>\n<li>H\u0131zl\u0131 aksiyon. \u015ealter g\u00f6vdesinin a\u00e7\u0131lma s\u00fcresi &lt;5ms, kapanma ve a\u00e7\u0131lma s\u00fcresi da\u011f\u0131l\u0131m\u0131 &lt;1ms olup, t\u00fcm hat boyunca \u00e7ok kademeli a\u015f\u0131r\u0131 hata korumas\u0131n\u0131 destekler.<\/li>\n<li>Ultra d\u00fc\u015f\u00fck g\u00fc\u00e7 t\u00fcketimi. Kapan\u0131\u015f ak\u0131m\u0131 &lt;20A, a\u00e7\u0131l\u0131\u015f ak\u0131m\u0131 &lt;1A, enerji depolama kapasitesi k\u00fc\u00e7\u00fck, geleneksel \u00fcr\u00fcnlerin 30%&#039;sinden daha az, k\u00fc\u00e7\u00fck boyutlu ve hafiftir.<\/li>\n<li>Hafif ve basit. Basit bir yap\u0131ya sahiptir, az say\u0131da par\u00e7adan olu\u015fur, hafiftir, g\u00fcvenilirdir ve sa\u011flamd\u0131r.<\/li>\n<li>Ultra geni\u015f s\u0131cakl\u0131k \u00e7al\u0131\u015fmas\u0131. Yeni geri d\u00f6n\u00fc\u015f\u00fcml\u00fc yar\u0131 sert manyetik ala\u015f\u0131m malzemesi, geleneksel \u00fcr\u00fcnlerin manyetik giderme s\u0131cakl\u0131\u011f\u0131n\u0131 100\u00b0C&#039;den 300\u00b0C&#039;nin \u00fczerine \u00e7\u0131kard\u0131 ve uzun vadeli manyetik kay\u0131p manyetik giderme zamanlamas\u0131 5%&#039;den daha azd\u0131r.<\/li>\n<li>S\u00fcper a\u015f\u0131nma direnci. Manyetik par\u00e7alar, y\u00fcksek genel sertlik ve g\u00fc\u00e7l\u00fc a\u015f\u0131nma direncine sahip entegre ala\u015f\u0131ml\u0131 malzemelerden tasarlanm\u0131\u015f ve \u00fcretilmi\u015ftir.<\/li>\n<\/ol>\n<h2><strong><b>\u00dcr\u00fcn Yap\u0131s\u0131<\/b><\/strong><\/h2>\n<p>Kal\u0131c\u0131 m\u0131knat\u0131s mekanizmas\u0131 hareketli demir \u00e7ekirdek, sabit demir \u00e7ekirdek, kal\u0131c\u0131 m\u0131knat\u0131s, bobin, tahrik mili ve sabit al\u00fcminyum plakadan olu\u015fur.<\/p>\n<p><img loading=\"lazy\" decoding=\"async\" class=\"alignnone wp-image-2071 size-full\" src=\"http:\/\/www.xminsulation.com\/wp-content\/uploads\/2024\/05\/\u56fe\u72474-4.png\" alt=\"\" width=\"743\" height=\"673\" srcset=\"https:\/\/www.xminsulation.com\/wp-content\/uploads\/2024\/05\/\u56fe\u72474-4.png 743w, https:\/\/www.xminsulation.com\/wp-content\/uploads\/2024\/05\/\u56fe\u72474-4-300x272.png 300w, https:\/\/www.xminsulation.com\/wp-content\/uploads\/2024\/05\/\u56fe\u72474-4-600x543.png 600w\" sizes=\"(max-width: 743px) 100vw, 743px\" \/><\/p>\n<h2><strong><b>B<\/b><\/strong><strong><b>\u00e7al\u0131\u015fma <\/b><\/strong><strong><b>P<\/b><\/strong><strong><b>ilke<\/b><\/strong><\/h2>\n<p>Kapatma s\u0131ras\u0131nda, enerji depolama g\u00fc\u00e7 kayna\u011f\u0131 \u00f6nce enerji depolama kapasit\u00f6r\u00fcn\u00fc \u015farj eder. Kapatma i\u015flemi yaln\u0131zca enerji depolama kapasit\u00f6r\u00fcn\u00fcn voltaj\u0131 90%&#039;den b\u00fcy\u00fck oldu\u011funda ger\u00e7ekle\u015ftirilebilir. Kapatma s\u0131ras\u0131nda, kontrol cihaz\u0131n\u0131n harici devresi bobine s\u00fcr\u00fc\u015f ak\u0131m\u0131 sa\u011flar ve kapasit\u00f6rde depolanan enerjiyi depolar. Elektrik enerjisi kal\u0131c\u0131 m\u0131knat\u0131s bobinine ileri y\u00f6nde akar ve hareketli demir \u00e7ekirdek elektromanyetik kuvvetin etkisi alt\u0131nda tamamen kapal\u0131 konuma ula\u015fana kadar kapanma y\u00f6n\u00fcnde hareket eder. Bu s\u0131rada, kal\u0131c\u0131 m\u0131knat\u0131s manyetik devresi kapan\u0131r ve hareketli demir \u00e7ekirdek tamamen \u00e7ekilir, bu da kapanmada ve etkiyi s\u00fcrd\u00fcrmede rol oynar.<\/p>\n<p>Kap\u0131 a\u00e7\u0131ld\u0131\u011f\u0131nda, kontrol\u00f6r kondansat\u00f6rde depolanan elektrik enerjisini kal\u0131c\u0131 m\u0131knat\u0131s bobinine ters y\u00f6nde d\u00f6ker. Bobin taraf\u0131ndan olu\u015fturulan ters manyetik alan, kal\u0131c\u0131 m\u0131knat\u0131s\u0131n manyetik alan\u0131n\u0131 dengeler. Tutma kuvveti, a\u015f\u0131r\u0131 hareket yay\u0131n\u0131n kuvvetinden daha k\u00fc\u00e7\u00fckt\u00fcr. A\u00e7ma yay\u0131n\u0131n etkisi alt\u0131nda, hareket eden demir \u00e7ekirdek mekanizman\u0131n ana g\u00f6vdesinden ayr\u0131l\u0131r ve hareket eden demir \u00e7ekirdek, devre kesiciyi a\u00e7\u0131k konumda tutmak i\u00e7in iletim \u015faft\u0131n\u0131 \u00e7al\u0131\u015ft\u0131r\u0131r.<\/p>\n<p><img loading=\"lazy\" decoding=\"async\" class=\"alignnone wp-image-2072 size-full\" src=\"http:\/\/www.xminsulation.com\/wp-content\/uploads\/2024\/05\/\u56fe\u72475-5.png\" alt=\"\" width=\"818\" height=\"274\" srcset=\"https:\/\/www.xminsulation.com\/wp-content\/uploads\/2024\/05\/\u56fe\u72475-5.png 818w, https:\/\/www.xminsulation.com\/wp-content\/uploads\/2024\/05\/\u56fe\u72475-5-300x100.png 300w, https:\/\/www.xminsulation.com\/wp-content\/uploads\/2024\/05\/\u56fe\u72475-5-768x257.png 768w, https:\/\/www.xminsulation.com\/wp-content\/uploads\/2024\/05\/\u56fe\u72475-5-600x201.png 600w\" sizes=\"(max-width: 818px) 100vw, 818px\" \/><\/p>\n<h2><strong><b>\u00dcr\u00fcn boyutu<\/b><\/strong><\/h2>\n<p><img loading=\"lazy\" decoding=\"async\" class=\"alignnone wp-image-2073 size-full\" src=\"http:\/\/www.xminsulation.com\/wp-content\/uploads\/2024\/05\/\u56fe\u72476-4.png\" alt=\"\" width=\"905\" height=\"745\" srcset=\"https:\/\/www.xminsulation.com\/wp-content\/uploads\/2024\/05\/\u56fe\u72476-4.png 905w, https:\/\/www.xminsulation.com\/wp-content\/uploads\/2024\/05\/\u56fe\u72476-4-300x247.png 300w, https:\/\/www.xminsulation.com\/wp-content\/uploads\/2024\/05\/\u56fe\u72476-4-768x632.png 768w, https:\/\/www.xminsulation.com\/wp-content\/uploads\/2024\/05\/\u56fe\u72476-4-600x494.png 600w\" sizes=\"(max-width: 905px) 100vw, 905px\" \/><\/p>\n<h2><strong><b>Sipari\u015f Talimatlar\u0131<\/b><\/strong><\/h2>\n<ol>\n<li>L\u00fctfen mekanizman\u0131n monostabil veya bistabil oldu\u011fundan emin olun.<\/li>\n<li>Mekanizman\u0131n kare, yuvarlak veya yar\u0131m kare ve yar\u0131m daire \u015feklinde olmas\u0131na dikkat edin.<\/li>\n<li>Mekanizman\u0131n \u00e7al\u0131\u015fma voltaj\u0131n\u0131n DC220V olup olmad\u0131\u011f\u0131n\u0131 teyit ediniz.<\/li>\n<li>L\u00fctfen kurulu\u015fun g\u00fczergah\u0131n\u0131 teyit edin.<\/li>\n<\/ol>\n<h2>\u25c6\u00d6zel \u00d6zelle\u015ftirme<\/h2>\n<p>Yukar\u0131daki parametreler tipik verilerdir; Mevcut stiller \u00f6zel taleplerinizi kar\u015f\u0131lam\u0131yorsa, l\u00fctfen \u00f6zel bir tasar\u0131m i\u00e7in bizimle ileti\u015fime ge\u00e7in. Ki\u015fiselle\u015ftirilmi\u015f ki\u015fiselle\u015ftirme geli\u015ftirme ve \u00fcretim becerilerimiz, d\u00fcnyan\u0131n her yerindeki m\u00fc\u015fterilerimize \u00f6zel \u00e7\u00f6z\u00fcmler sunmam\u0131za olanak tan\u0131yor.<\/p>","protected":false},"excerpt":{"rendered":"<p>General Information The monostable permanent magnet mechanism is a master of metal materials, mechanics, and power electromagnetic technology application research. The core includes a magnetic core, an excitation coil, a functional spring, and other parts. It has small size and low power consumption (not as good as conventional products). 1\/4), with simple structure, fast response [&hellip;]<\/p>","protected":false},"featured_media":2068,"template":"","meta":{"site-sidebar-layout":"default","site-content-layout":"","ast-site-content-layout":"default","site-content-style":"default","site-sidebar-style":"default","ast-global-header-display":"","ast-banner-title-visibility":"","ast-main-header-display":"","ast-hfb-above-header-display":"","ast-hfb-below-header-display":"","ast-hfb-mobile-header-display":"","site-post-title":"","ast-breadcrumbs-content":"","ast-featured-img":"","footer-sml-layout":"","theme-transparent-header-meta":"default","adv-header-id-meta":"","stick-header-meta":"","header-above-stick-meta":"","header-main-stick-meta":"","header-below-stick-meta":"","astra-migrate-meta-layouts":"set","ast-page-background-enabled":"default","ast-page-background-meta":{"desktop":{"background-color":"","background-image":"","background-repeat":"repeat","background-position":"center center","background-size":"auto","background-attachment":"scroll","background-type":"","background-media":"","overlay-type":"","overlay-color":"","overlay-gradient":""},"tablet":{"background-color":"","background-image":"","background-repeat":"repeat","background-position":"center center","background-size":"auto","background-attachment":"scroll","background-type":"","background-media":"","overlay-type":"","overlay-color":"","overlay-gradient":""},"mobile":{"background-color":"","background-image":"","background-repeat":"repeat","background-position":"center center","background-size":"auto","background-attachment":"scroll","background-type":"","background-media":"","overlay-type":"","overlay-color":"","overlay-gradient":""}},"ast-content-background-meta":{"desktop":{"background-color":"var(--ast-global-color-5)","background-image":"","background-repeat":"repeat","background-position":"center center","background-size":"auto","background-attachment":"scroll","background-type":"","background-media":"","overlay-type":"","overlay-color":"","overlay-gradient":""},"tablet":{"background-color":"var(--ast-global-color-5)","background-image":"","background-repeat":"repeat","background-position":"center center","background-size":"auto","background-attachment":"scroll","background-type":"","background-media":"","overlay-type":"","overlay-color":"","overlay-gradient":""},"mobile":{"background-color":"var(--ast-global-color-5)","background-image":"","background-repeat":"repeat","background-position":"center center","background-size":"auto","background-attachment":"scroll","background-type":"","background-media":"","overlay-type":"","overlay-color":"","overlay-gradient":""}}},"product_cat":[39],"product_tag":[],"class_list":{"0":"post-2067","1":"product","2":"type-product","3":"status-publish","4":"has-post-thumbnail","6":"product_cat-operating-mechanism","7":"desktop-align-left","8":"tablet-align-left","9":"mobile-align-left","11":"first","12":"instock","13":"shipping-taxable","14":"product-type-simple"},"_links":{"self":[{"href":"https:\/\/www.xminsulation.com\/tr\/wp-json\/wp\/v2\/product\/2067","targetHints":{"allow":["GET"]}}],"collection":[{"href":"https:\/\/www.xminsulation.com\/tr\/wp-json\/wp\/v2\/product"}],"about":[{"href":"https:\/\/www.xminsulation.com\/tr\/wp-json\/wp\/v2\/types\/product"}],"wp:featuredmedia":[{"embeddable":true,"href":"https:\/\/www.xminsulation.com\/tr\/wp-json\/wp\/v2\/media\/2068"}],"wp:attachment":[{"href":"https:\/\/www.xminsulation.com\/tr\/wp-json\/wp\/v2\/media?parent=2067"}],"wp:term":[{"taxonomy":"product_cat","embeddable":true,"href":"https:\/\/www.xminsulation.com\/tr\/wp-json\/wp\/v2\/product_cat?post=2067"},{"taxonomy":"product_tag","embeddable":true,"href":"https:\/\/www.xminsulation.com\/tr\/wp-json\/wp\/v2\/product_tag?post=2067"}],"curies":[{"name":"wp","href":"https:\/\/api.w.org\/{rel}","templated":true}]}}