{"id":1799,"date":"2024-05-11T20:57:53","date_gmt":"2024-05-11T12:57:53","guid":{"rendered":"http:\/\/www.xminsulation.com\/?post_type=product&#038;p=1799"},"modified":"2024-05-15T15:45:01","modified_gmt":"2024-05-15T07:45:01","slug":"32-15-6kv-outdoor-pole-mounted-vacuum-auto-recloser-2","status":"publish","type":"product","link":"https:\/\/www.xminsulation.com\/tr\/product\/32-15-6kv-outdoor-pole-mounted-vacuum-auto-recloser-2\/","title":{"rendered":"32-15.6kV A\u00e7\u0131k Hava Dire\u011fe Monte Vakumlu Otomatik Tekrar Kapat\u0131c\u0131"},"content":{"rendered":"<p><img fetchpriority=\"high\" decoding=\"async\" class=\"wp-image-1802 size-full aligncenter\" src=\"http:\/\/www.xminsulation.com\/wp-content\/uploads\/2024\/05\/\u56fe\u72471.jpg\" alt=\"\" width=\"1000\" height=\"560\" srcset=\"https:\/\/www.xminsulation.com\/wp-content\/uploads\/2024\/05\/\u56fe\u72471.jpg 1000w, https:\/\/www.xminsulation.com\/wp-content\/uploads\/2024\/05\/\u56fe\u72471-300x168.jpg 300w, https:\/\/www.xminsulation.com\/wp-content\/uploads\/2024\/05\/\u56fe\u72471-768x430.jpg 768w, https:\/\/www.xminsulation.com\/wp-content\/uploads\/2024\/05\/\u56fe\u72471-600x336.jpg 600w\" sizes=\"(max-width: 1000px) 100vw, 1000px\" \/> <img decoding=\"async\" class=\"wp-image-1803 size-full aligncenter\" src=\"http:\/\/www.xminsulation.com\/wp-content\/uploads\/2024\/05\/\u56fe\u72472-3.jpg\" alt=\"\" width=\"1000\" height=\"1000\" srcset=\"https:\/\/www.xminsulation.com\/wp-content\/uploads\/2024\/05\/\u56fe\u72472-3.jpg 1000w, https:\/\/www.xminsulation.com\/wp-content\/uploads\/2024\/05\/\u56fe\u72472-3-300x300.jpg 300w, https:\/\/www.xminsulation.com\/wp-content\/uploads\/2024\/05\/\u56fe\u72472-3-150x150.jpg 150w, https:\/\/www.xminsulation.com\/wp-content\/uploads\/2024\/05\/\u56fe\u72472-3-768x768.jpg 768w, https:\/\/www.xminsulation.com\/wp-content\/uploads\/2024\/05\/\u56fe\u72472-3-600x600.jpg 600w, https:\/\/www.xminsulation.com\/wp-content\/uploads\/2024\/05\/\u56fe\u72472-3-100x100.jpg 100w\" sizes=\"(max-width: 1000px) 100vw, 1000px\" \/> <img decoding=\"async\" class=\"wp-image-1804 size-full aligncenter\" src=\"http:\/\/www.xminsulation.com\/wp-content\/uploads\/2024\/05\/\u56fe\u72473.jpg\" alt=\"\" width=\"1000\" height=\"1023\" srcset=\"https:\/\/www.xminsulation.com\/wp-content\/uploads\/2024\/05\/\u56fe\u72473.jpg 1000w, https:\/\/www.xminsulation.com\/wp-content\/uploads\/2024\/05\/\u56fe\u72473-293x300.jpg 293w, https:\/\/www.xminsulation.com\/wp-content\/uploads\/2024\/05\/\u56fe\u72473-768x786.jpg 768w, https:\/\/www.xminsulation.com\/wp-content\/uploads\/2024\/05\/\u56fe\u72473-600x614.jpg 600w\" sizes=\"(max-width: 1000px) 100vw, 1000px\" \/><\/p>\n<h2><strong><b>P<\/b><\/strong><strong><b>\u00fcr\u00fcn <\/b><\/strong><strong><b>D<\/b><\/strong><strong><b>a\u00e7\u0131klama<\/b><\/strong><\/h2>\n<p>ZW32 serisi otomatik tekrar kapat\u0131c\u0131 d\u0131\u015f mekan AC y\u00fcksek gerilim vakum devre kesici (bundan sonra &quot;tekrar kapat\u0131c\u0131&quot; olarak an\u0131lacakt\u0131r) \u00fc\u00e7 fazl\u0131 AC 50Hz\/60Hz d\u0131\u015f mekan y\u00fcksek gerilim \u015falt cihaz\u0131d\u0131r. Esas olarak k\u0131rsal elektrik \u015febekelerinin ve kentsel elektrik \u015febekelerinin 10-35kV d\u0131\u015f mekan g\u00fc\u00e7 da\u011f\u0131t\u0131m sistemlerinde kullan\u0131l\u0131r. , y\u00fck ak\u0131m\u0131, a\u015f\u0131r\u0131 y\u00fck ak\u0131m\u0131 ve k\u0131sa devre ak\u0131m\u0131 ile birle\u015ftirilir ve di\u011fer benzer yerlerde de kullan\u0131labilir. ZW32 serisi d\u0131\u015f mekan AC y\u00fcksek gerilim vakum devre kesici, GB 1984 &quot;AC Y\u00fcksek Gerilim Devre Kesici&quot; ve Uluslararas\u0131 Elektroteknik Komisyonu IEC 60056 &quot;Y\u00fcksek Gerilim AC Devre Kesici&quot; gibi standartlara uygundur.<\/p>\n<h2><strong><b>Yap\u0131sal <\/b><\/strong><strong><b>F<\/b><\/strong><strong><b>ZW32&#039;nin \u00f6zellikleri <\/b><\/strong><strong><b>R<\/b><\/strong><strong><b>d\u0131\u015far\u0131 kapat\u0131c\u0131<\/b><\/strong><\/h2>\n<ol>\n<li>Tekrar kapat\u0131c\u0131, istikrarl\u0131 ve g\u00fcvenilir kesme performans\u0131, yanma ve patlama tehlikesi olmamas\u0131, bak\u0131m gerektirmemesi, k\u00fc\u00e7\u00fck boyut, hafiflik ve uzun hizmet \u00f6mr\u00fc \u00f6zelliklerine sahip \u00fc\u00e7 fazl\u0131 bir s\u00fctun yap\u0131s\u0131n\u0131 benimser.<\/li>\n<li>Recloser, nem ge\u00e7irmezlik ve yo\u011fu\u015fma \u00f6nleme performans\u0131n\u0131 iyile\u015ftirmeye yard\u0131mc\u0131 olan iyi s\u0131zd\u0131rmazl\u0131k performans\u0131na sahip tamamen kapal\u0131 bir yap\u0131 benimser. \u00d6zellikle so\u011fuk veya nemli alanlarda kullan\u0131m i\u00e7in uygundur.<\/li>\n<li>\u00dc\u00e7 fazl\u0131 direkler ve ak\u0131m trafolar\u0131 d\u0131\u015f mekan epoksi re\u00e7ine kat\u0131 izolasyonlu ve silikon silika jel ile sar\u0131lm\u0131\u015f olup; y\u00fcksek ve d\u00fc\u015f\u00fck s\u0131cakl\u0131klara, ultraviyole \u0131\u015f\u0131nlara ve ya\u015flanmaya kar\u015f\u0131 dayan\u0131kl\u0131d\u0131r.<\/li>\n<li>\u00c7al\u0131\u015fma mekanizmas\u0131 monostabil kal\u0131c\u0131 m\u0131knat\u0131s mekanizmas\u0131n\u0131 benimser, enerji depolama motoru d\u00fc\u015f\u00fck g\u00fcce, az say\u0131da par\u00e7aya ve y\u00fcksek g\u00fcvenilirli\u011fe sahiptir. \u00c7al\u0131\u015fma mekanizmas\u0131, \u00e7al\u0131\u015fma mekanizmas\u0131n\u0131n korozyon sorununu \u00e7\u00f6zen ve mekanizman\u0131n g\u00fcvenilirli\u011fini art\u0131ran kapal\u0131 bir mekanizma kutusuna yerle\u015ftirilir.<\/li>\n<li>Recloser&#039;\u0131n a\u00e7ma ve kapama i\u015flemleri manuel veya elektrikle ve uzaktan ger\u00e7ekle\u015ftirilebilir. G\u00fc\u00e7 da\u011f\u0131t\u0131m otomasyonunu ger\u00e7ekle\u015ftirmek i\u00e7in ak\u0131ll\u0131 kontrol\u00f6rlerle birlikte kullan\u0131labilir ve ayr\u0131ca otomatik recloser&#039;lar ve b\u00f6l\u00fcmleyiciler olu\u015fturmak i\u00e7in recloser kontrol\u00f6rleriyle birlikte kullan\u0131labilir.<\/li>\n<li>Recloser, a\u015f\u0131r\u0131 ak\u0131m veya k\u0131sa devre korumas\u0131 i\u00e7in \u00fc\u00e7 fazl\u0131 bir ak\u0131m trafosuyla donat\u0131labilir. \u00dc\u00e7 fazl\u0131 ak\u0131m trafosu 600:1A veya 800:1A olabilir; voltaj sinyallerini toplamak i\u00e7in 6 kapasitif sens\u00f6r tak\u0131labilir ve ikincil \u00e7\u0131k\u0131\u015f voltaj\u0131 3,25V\/\u221a3&#039;t\u00fcr; ayr\u0131ca ak\u0131ll\u0131 kontrol\u00f6rlere voltaj ve ak\u0131m toplama sinyalleri sa\u011flayabilir.<\/li>\n<li>Ak\u0131ll\u0131 bir kontrol\u00f6r ile e\u015fle\u015ftirildi\u011finde, otomatik tekrar kapatma fonksiyonunun yan\u0131 s\u0131ra uzaktan kumanda, telemetri, uzaktan sinyalizasyon ve uzaktan ayarlama ger\u00e7ekle\u015ftirilebilir.<\/li>\n<\/ol>\n<p><img loading=\"lazy\" decoding=\"async\" class=\"wp-image-1805 size-full aligncenter\" src=\"http:\/\/www.xminsulation.com\/wp-content\/uploads\/2024\/05\/\u56fe\u72474-2.png\" alt=\"\" width=\"694\" height=\"738\" srcset=\"https:\/\/www.xminsulation.com\/wp-content\/uploads\/2024\/05\/\u56fe\u72474-2.png 694w, https:\/\/www.xminsulation.com\/wp-content\/uploads\/2024\/05\/\u56fe\u72474-2-282x300.png 282w, https:\/\/www.xminsulation.com\/wp-content\/uploads\/2024\/05\/\u56fe\u72474-2-600x638.png 600w\" sizes=\"(max-width: 694px) 100vw, 694px\" \/> <img loading=\"lazy\" decoding=\"async\" class=\"wp-image-1806 size-full aligncenter\" src=\"http:\/\/www.xminsulation.com\/wp-content\/uploads\/2024\/05\/\u56fe\u72475-3.png\" alt=\"\" width=\"694\" height=\"504\" srcset=\"https:\/\/www.xminsulation.com\/wp-content\/uploads\/2024\/05\/\u56fe\u72475-3.png 694w, https:\/\/www.xminsulation.com\/wp-content\/uploads\/2024\/05\/\u56fe\u72475-3-300x218.png 300w, https:\/\/www.xminsulation.com\/wp-content\/uploads\/2024\/05\/\u56fe\u72475-3-600x436.png 600w\" sizes=\"(max-width: 694px) 100vw, 694px\" \/> <img loading=\"lazy\" decoding=\"async\" class=\"wp-image-1807 size-full aligncenter\" src=\"http:\/\/www.xminsulation.com\/wp-content\/uploads\/2024\/05\/\u56fe\u72476-2.png\" alt=\"\" width=\"754\" height=\"950\" srcset=\"https:\/\/www.xminsulation.com\/wp-content\/uploads\/2024\/05\/\u56fe\u72476-2.png 754w, https:\/\/www.xminsulation.com\/wp-content\/uploads\/2024\/05\/\u56fe\u72476-2-238x300.png 238w, https:\/\/www.xminsulation.com\/wp-content\/uploads\/2024\/05\/\u56fe\u72476-2-600x756.png 600w\" sizes=\"(max-width: 754px) 100vw, 754px\" \/><\/p>\n<h2><strong><b>Kullan\u0131m \u015eartlar\u0131<\/b><\/strong><\/h2>\n<p>1. Normal kullan\u0131m ko\u015fullar\u0131:<br \/>\na, Ortam hava s\u0131cakl\u0131\u011f\u0131: -40\u2103\uff5e+60\u2103;<br \/>\nb. Rak\u0131m: 2.000 metreden fazla olmamal\u0131d\u0131r;<br \/>\nc. \u00c7evredeki hava toz, duman, a\u015f\u0131nd\u0131r\u0131c\u0131 gazlar, buhar veya tuz spreyi ile kirlenmi\u015f olabilir;<br \/>\nd. R\u00fczgar h\u0131z\u0131 34 m\/s&#039;yi (silindir y\u00fczeyinde 700Pa&#039;ya e\u015fde\u011fer) a\u015fmamal\u0131d\u0131r;<br \/>\ne. \u015ealt ve kontrol ekipmanlar\u0131ndan kaynaklanan titre\u015fim veya zemin hareketi g\u00f6z ard\u0131 edilebilir;<br \/>\nf. Kirlilik seviyesi: Seviye III.<br \/>\n2. \u00d6zel kullan\u0131m ko\u015fullar\u0131:<br \/>\nRecloser yukar\u0131da belirtilenlerden farkl\u0131 normal kullan\u0131m ko\u015fullar\u0131nda kullan\u0131labilir. Bu durumda, kullan\u0131c\u0131n\u0131n gereksinimleri \u00fcreticiyle g\u00f6r\u00fc\u015f\u00fclmeli ve bir fikir birli\u011fine var\u0131lmal\u0131d\u0131r. Yukar\u0131daki normal kullan\u0131m ko\u015fullar\u0131 a\u015f\u0131l\u0131rsa, kullan\u0131c\u0131 \u00fcreticiyle g\u00f6r\u00fc\u015fmelidir.<\/p>\n<h2><strong><b>D\u0131\u015f g\u00f6r\u00fcn\u00fc\u015f <\/b><\/strong><strong><b>S<\/b><\/strong><strong><b>ve <\/b><\/strong><strong><b>P<\/b><\/strong><strong><b>\u00fcr\u00fcn <\/b><\/strong><strong><b>S<\/b><\/strong><strong><b>yap\u0131<\/b><\/strong><\/h2>\n<p><img loading=\"lazy\" decoding=\"async\" class=\"wp-image-1808 size-full aligncenter\" src=\"http:\/\/www.xminsulation.com\/wp-content\/uploads\/2024\/05\/\u56fe\u72477-2.png\" alt=\"\" width=\"1500\" height=\"1113\" srcset=\"https:\/\/www.xminsulation.com\/wp-content\/uploads\/2024\/05\/\u56fe\u72477-2.png 1500w, https:\/\/www.xminsulation.com\/wp-content\/uploads\/2024\/05\/\u56fe\u72477-2-300x223.png 300w, https:\/\/www.xminsulation.com\/wp-content\/uploads\/2024\/05\/\u56fe\u72477-2-1024x760.png 1024w, https:\/\/www.xminsulation.com\/wp-content\/uploads\/2024\/05\/\u56fe\u72477-2-768x570.png 768w, https:\/\/www.xminsulation.com\/wp-content\/uploads\/2024\/05\/\u56fe\u72477-2-600x445.png 600w\" sizes=\"(max-width: 1500px) 100vw, 1500px\" \/><\/p>\n<h2><strong><b>Dahili <\/b><\/strong><strong><b>S<\/b><\/strong><strong><b>yap\u0131 <\/b><\/strong><strong><b>D<\/b><\/strong><strong><b>diyagram<\/b><\/strong><\/h2>\n<p><img loading=\"lazy\" decoding=\"async\" class=\"wp-image-1809 size-full alignnone\" src=\"http:\/\/www.xminsulation.com\/wp-content\/uploads\/2024\/05\/\u56fe\u72478-2.png\" alt=\"\" width=\"1337\" height=\"1536\" srcset=\"https:\/\/www.xminsulation.com\/wp-content\/uploads\/2024\/05\/\u56fe\u72478-2.png 1337w, https:\/\/www.xminsulation.com\/wp-content\/uploads\/2024\/05\/\u56fe\u72478-2-261x300.png 261w, https:\/\/www.xminsulation.com\/wp-content\/uploads\/2024\/05\/\u56fe\u72478-2-891x1024.png 891w, https:\/\/www.xminsulation.com\/wp-content\/uploads\/2024\/05\/\u56fe\u72478-2-768x882.png 768w, https:\/\/www.xminsulation.com\/wp-content\/uploads\/2024\/05\/\u56fe\u72478-2-600x689.png 600w\" sizes=\"(max-width: 1337px) 100vw, 1337px\" \/><\/p>\n<h2><strong><b>Tekrar kapat\u0131c\u0131 <\/b><\/strong><strong><b>C<\/b><\/strong><strong><b>kontrolc\u00fc<\/b><\/strong><\/h2>\n<p>Recloser kontrol cihaz\u0131, mikroi\u015flem teknolojisini ve modern a\u011f ileti\u015fim teknolojisini birle\u015ftirir. \u00c7e\u015fitli ileti\u015fim protokollerini destekler ve bir ileti\u015fim a\u011f\u0131 olu\u015fturmak i\u00e7in birden fazla ileti\u015fim y\u00f6nteminin se\u00e7ilmesine olanak tan\u0131r. Anahtar, yerel olarak manuel veya uzaktan \u00e7al\u0131\u015ft\u0131r\u0131labilir veya ileti\u015fim a\u011f\u0131 \u00fczerinden uzaktan kontrol edilebilir. \u0130lgili recloser veya segmentasyon kontrol cihaz\u0131yla donat\u0131lm\u0131\u015fsa, recloser veya segmentasyon cihaz\u0131 olarak kullan\u0131labilir.<\/p>\n<h2><strong><b>\u015eematik <\/b><\/strong><strong><b>D<\/b><\/strong><strong><b>\u015femas\u0131 <\/b><\/strong><strong><b>C<\/b><\/strong><strong><b>ba\u011flant\u0131 <\/b><\/strong><strong><b>B<\/b><\/strong><strong><b>aras\u0131nda <\/b><\/strong><strong><b>R<\/b><\/strong><strong><b>d\u0131\u015flay\u0131c\u0131 ve <\/b><\/strong><strong><b>C<\/b><\/strong><strong><b>kontrolc\u00fc<\/b><\/strong><\/h2>\n<p><img loading=\"lazy\" decoding=\"async\" class=\"wp-image-1810 size-full aligncenter\" src=\"http:\/\/www.xminsulation.com\/wp-content\/uploads\/2024\/05\/\u56fe\u72479-2.png\" alt=\"\" width=\"1361\" height=\"1561\" srcset=\"https:\/\/www.xminsulation.com\/wp-content\/uploads\/2024\/05\/\u56fe\u72479-2.png 1361w, https:\/\/www.xminsulation.com\/wp-content\/uploads\/2024\/05\/\u56fe\u72479-2-262x300.png 262w, https:\/\/www.xminsulation.com\/wp-content\/uploads\/2024\/05\/\u56fe\u72479-2-893x1024.png 893w, https:\/\/www.xminsulation.com\/wp-content\/uploads\/2024\/05\/\u56fe\u72479-2-768x881.png 768w, https:\/\/www.xminsulation.com\/wp-content\/uploads\/2024\/05\/\u56fe\u72479-2-1339x1536.png 1339w, https:\/\/www.xminsulation.com\/wp-content\/uploads\/2024\/05\/\u56fe\u72479-2-600x688.png 600w\" sizes=\"(max-width: 1361px) 100vw, 1361px\" \/> <img loading=\"lazy\" decoding=\"async\" class=\"wp-image-1811 size-full aligncenter\" src=\"http:\/\/www.xminsulation.com\/wp-content\/uploads\/2024\/05\/\u56fe\u724710-2.png\" alt=\"\" width=\"563\" height=\"843\" srcset=\"https:\/\/www.xminsulation.com\/wp-content\/uploads\/2024\/05\/\u56fe\u724710-2.png 563w, https:\/\/www.xminsulation.com\/wp-content\/uploads\/2024\/05\/\u56fe\u724710-2-200x300.png 200w\" sizes=\"(max-width: 563px) 100vw, 563px\" \/><\/p>\n<h2><strong><b>Kurulum<\/b><\/strong><\/h2>\n<p><img loading=\"lazy\" decoding=\"async\" class=\"wp-image-1812 size-full aligncenter\" src=\"http:\/\/www.xminsulation.com\/wp-content\/uploads\/2024\/05\/\u56fe\u724711-2.png\" alt=\"\" width=\"1064\" height=\"878\" srcset=\"https:\/\/www.xminsulation.com\/wp-content\/uploads\/2024\/05\/\u56fe\u724711-2.png 1064w, https:\/\/www.xminsulation.com\/wp-content\/uploads\/2024\/05\/\u56fe\u724711-2-300x248.png 300w, https:\/\/www.xminsulation.com\/wp-content\/uploads\/2024\/05\/\u56fe\u724711-2-1024x845.png 1024w, https:\/\/www.xminsulation.com\/wp-content\/uploads\/2024\/05\/\u56fe\u724711-2-768x634.png 768w, https:\/\/www.xminsulation.com\/wp-content\/uploads\/2024\/05\/\u56fe\u724711-2-600x495.png 600w\" sizes=\"(max-width: 1064px) 100vw, 1064px\" \/> <img loading=\"lazy\" decoding=\"async\" class=\"wp-image-1813 size-full aligncenter\" src=\"http:\/\/www.xminsulation.com\/wp-content\/uploads\/2024\/05\/\u56fe\u724712-2.png\" alt=\"\" width=\"750\" height=\"851\" srcset=\"https:\/\/www.xminsulation.com\/wp-content\/uploads\/2024\/05\/\u56fe\u724712-2.png 750w, https:\/\/www.xminsulation.com\/wp-content\/uploads\/2024\/05\/\u56fe\u724712-2-264x300.png 264w, https:\/\/www.xminsulation.com\/wp-content\/uploads\/2024\/05\/\u56fe\u724712-2-600x681.png 600w\" sizes=\"(max-width: 750px) 100vw, 750px\" \/><\/p>\n<p>&nbsp;<\/p>\n<h2 class=\"wxts\">\u25c6\u00d6zel \u00d6zelle\u015ftirme<\/h2>\n<p>Yukar\u0131daki parametreler tipik verilerdir; Mevcut stiller \u00f6zel taleplerinizi kar\u015f\u0131lam\u0131yorsa, l\u00fctfen \u00f6zel bir tasar\u0131m i\u00e7in bizimle ileti\u015fime ge\u00e7in. Ki\u015fiselle\u015ftirilmi\u015f ki\u015fiselle\u015ftirme geli\u015ftirme ve \u00fcretim becerilerimiz, d\u00fcnyan\u0131n her yerindeki m\u00fc\u015fterilerimize \u00f6zel \u00e7\u00f6z\u00fcmler sunmam\u0131za olanak tan\u0131yor.<\/p>","protected":false},"excerpt":{"rendered":"<p>Product Description ZW32 series automatic recloser outdoor AC high-voltage vacuum circuit breaker (hereinafter referred to as &#8220;recloser&#8221;) is a three-phase AC 50Hz\/60Hz outdoor high-voltage switchgear. It is mainly used in 10-35kV outdoor power distribution systems of rural power grids and urban power grids. , combined with load current, overload current and short-circuit current, and can [&hellip;]<\/p>","protected":false},"featured_media":1801,"template":"","meta":{"site-sidebar-layout":"default","site-content-layout":"","ast-site-content-layout":"default","site-content-style":"default","site-sidebar-style":"default","ast-global-header-display":"","ast-banner-title-visibility":"","ast-main-header-display":"","ast-hfb-above-header-display":"","ast-hfb-below-header-display":"","ast-hfb-mobile-header-display":"","site-post-title":"","ast-breadcrumbs-content":"","ast-featured-img":"","footer-sml-layout":"","theme-transparent-header-meta":"default","adv-header-id-meta":"","stick-header-meta":"","header-above-stick-meta":"","header-main-stick-meta":"","header-below-stick-meta":"","astra-migrate-meta-layouts":"set","ast-page-background-enabled":"default","ast-page-background-meta":{"desktop":{"background-color":"","background-image":"","background-repeat":"repeat","background-position":"center center","background-size":"auto","background-attachment":"scroll","background-type":"","background-media":"","overlay-type":"","overlay-color":"","overlay-gradient":""},"tablet":{"background-color":"","background-image":"","background-repeat":"repeat","background-position":"center center","background-size":"auto","background-attachment":"scroll","background-type":"","background-media":"","overlay-type":"","overlay-color":"","overlay-gradient":""},"mobile":{"background-color":"","background-image":"","background-repeat":"repeat","background-position":"center center","background-size":"auto","background-attachment":"scroll","background-type":"","background-media":"","overlay-type":"","overlay-color":"","overlay-gradient":""}},"ast-content-background-meta":{"desktop":{"background-color":"var(--ast-global-color-5)","background-image":"","background-repeat":"repeat","background-position":"center center","background-size":"auto","background-attachment":"scroll","background-type":"","background-media":"","overlay-type":"","overlay-color":"","overlay-gradient":""},"tablet":{"background-color":"var(--ast-global-color-5)","background-image":"","background-repeat":"repeat","background-position":"center center","background-size":"auto","background-attachment":"scroll","background-type":"","background-media":"","overlay-type":"","overlay-color":"","overlay-gradient":""},"mobile":{"background-color":"var(--ast-global-color-5)","background-image":"","background-repeat":"repeat","background-position":"center center","background-size":"auto","background-attachment":"scroll","background-type":"","background-media":"","overlay-type":"","overlay-color":"","overlay-gradient":""}}},"product_cat":[24],"product_tag":[],"class_list":{"0":"post-1799","1":"product","2":"type-product","3":"status-publish","4":"has-post-thumbnail","6":"product_cat-10-40-5kv-outdoor-pole-mounted-vacuum-auto-recloser","7":"desktop-align-left","8":"tablet-align-left","9":"mobile-align-left","11":"first","12":"instock","13":"shipping-taxable","14":"product-type-simple"},"_links":{"self":[{"href":"https:\/\/www.xminsulation.com\/tr\/wp-json\/wp\/v2\/product\/1799","targetHints":{"allow":["GET"]}}],"collection":[{"href":"https:\/\/www.xminsulation.com\/tr\/wp-json\/wp\/v2\/product"}],"about":[{"href":"https:\/\/www.xminsulation.com\/tr\/wp-json\/wp\/v2\/types\/product"}],"wp:featuredmedia":[{"embeddable":true,"href":"https:\/\/www.xminsulation.com\/tr\/wp-json\/wp\/v2\/media\/1801"}],"wp:attachment":[{"href":"https:\/\/www.xminsulation.com\/tr\/wp-json\/wp\/v2\/media?parent=1799"}],"wp:term":[{"taxonomy":"product_cat","embeddable":true,"href":"https:\/\/www.xminsulation.com\/tr\/wp-json\/wp\/v2\/product_cat?post=1799"},{"taxonomy":"product_tag","embeddable":true,"href":"https:\/\/www.xminsulation.com\/tr\/wp-json\/wp\/v2\/product_tag?post=1799"}],"curies":[{"name":"wp","href":"https:\/\/api.w.org\/{rel}","templated":true}]}}