{"id":1626,"date":"2024-05-07T20:03:14","date_gmt":"2024-05-07T12:03:14","guid":{"rendered":"http:\/\/www.xminsulation.com\/?post_type=product&#038;p=1626"},"modified":"2024-05-15T15:48:05","modified_gmt":"2024-05-15T07:48:05","slug":"qjt-12-24-630a-shielded-fore-connector","status":"publish","type":"product","link":"https:\/\/www.xminsulation.com\/tr\/product\/qjt-12-24-630a-shielded-fore-connector\/","title":{"rendered":"QJT 12\/24-630A Ekranl\u0131 \u00d6n Konnekt\u00f6r"},"content":{"rendered":"<p><img fetchpriority=\"high\" decoding=\"async\" class=\"alignnone wp-image-1628 size-full\" src=\"http:\/\/www.xminsulation.com\/wp-content\/uploads\/2024\/05\/\u56fe\u7247352-1.jpg\" alt=\"\" width=\"535\" height=\"535\" srcset=\"https:\/\/www.xminsulation.com\/wp-content\/uploads\/2024\/05\/\u56fe\u7247352-1.jpg 535w, https:\/\/www.xminsulation.com\/wp-content\/uploads\/2024\/05\/\u56fe\u7247352-1-300x300.jpg 300w, https:\/\/www.xminsulation.com\/wp-content\/uploads\/2024\/05\/\u56fe\u7247352-1-150x150.jpg 150w, https:\/\/www.xminsulation.com\/wp-content\/uploads\/2024\/05\/\u56fe\u7247352-1-100x100.jpg 100w\" sizes=\"(max-width: 535px) 100vw, 535px\" \/><\/p>\n<h2><strong><b>Ba\u015fvuru<\/b><\/strong><\/h2>\n<p>1, Polimer kablolar\u0131n transformat\u00f6rlere, \u015falt cihazlar\u0131na, motorlara ve di\u011fer ekipmanlara \u00f6nceden kal\u0131planm\u0131\u015f ayr\u0131labilir konnekt\u00f6r ile ba\u011flanmas\u0131 i\u00e7in.<\/p>\n<p>2, \u0130\u00e7 ve d\u0131\u015f mekanlarda kurulum i\u00e7in.<\/p>\n<p>3,Sistem gerilimi 24 kV&#039;a kadar.<\/p>\n<p>4, S\u00fcrekli ak\u0131m 630A (8 saat boyunca 900 A a\u015f\u0131r\u0131 y\u00fck).<\/p>\n<p>5, Kablo bilgileri:<\/p>\n<p>a, Polimerik kablo(XLPE, EPR, vb.).<\/p>\n<p>b,Bak\u0131r veya al\u00fcminyum iletkenler.<\/p>\n<p>c,Yar\u0131 iletken veya metalik ekranlar.<\/p>\n<p>d,\u0130letken boyutu12kV25-120mm 24kV25-400mm.<\/p>\n<h2><strong><b>\u00d6zellikler<\/b><\/strong><\/h2>\n<p>1,Uygun bur\u00e7 veya tapa ile birle\u015ftirildi\u011finde tam ekranl\u0131 ve tam dalg\u0131\u00e7 ayr\u0131labilir ba\u011flant\u0131 sa\u011flar.<\/p>\n<p>2,Duruma g\u00f6re kullan\u0131labilir.<\/p>\n<p>3, Devre durumunu veya kurulum hatas\u0131 g\u00f6stergesini belirlemek i\u00e7in dahili kapasitif test noktas\u0131.<\/p>\n<p>4,Minimum faz bo\u015flu\u011fu gereksinimi yoktur.<\/p>\n<p>5,Montaj dikey, yatay veya bunlar\u0131n aras\u0131nda herhangi bir a\u00e7\u0131da olabilir.<\/p>\n<h2><strong><b>Kurulum<\/b><\/strong><\/h2>\n<p>1,Herhangi bir \u00f6zel alete gerek kalmadan.<\/p>\n<p>2, Dirsek konnekt\u00f6r\u00fcn\u00fcn montaj\u0131 tamamland\u0131\u011f\u0131nda, g\u00fc\u00e7 do\u011frudan sa\u011flanabilir.<\/p>\n<p>3,Kurulum Talimat Sayfas\u0131na g\u00f6re.<\/p>\n<p>4, Herhangi bir ba\u015fka \u00f6zel gereksiniminiz varsa l\u00fctfen sat\u0131\u015f m\u00fchendisimizle ileti\u015fime ge\u00e7in.<\/p>\n<p><img decoding=\"async\" class=\"alignnone wp-image-1629 size-full\" src=\"http:\/\/www.xminsulation.com\/wp-content\/uploads\/2024\/05\/\u56fe\u7247353.png\" alt=\"\" width=\"360\" height=\"651\" srcset=\"https:\/\/www.xminsulation.com\/wp-content\/uploads\/2024\/05\/\u56fe\u7247353.png 360w, https:\/\/www.xminsulation.com\/wp-content\/uploads\/2024\/05\/\u56fe\u7247353-166x300.png 166w\" sizes=\"(max-width: 360px) 100vw, 360px\" \/> <img decoding=\"async\" class=\"alignnone wp-image-1630 size-full\" src=\"http:\/\/www.xminsulation.com\/wp-content\/uploads\/2024\/05\/\u56fe\u7247354.png\" alt=\"\" width=\"238\" height=\"584\" srcset=\"https:\/\/www.xminsulation.com\/wp-content\/uploads\/2024\/05\/\u56fe\u7247354.png 238w, https:\/\/www.xminsulation.com\/wp-content\/uploads\/2024\/05\/\u56fe\u7247354-122x300.png 122w\" sizes=\"(max-width: 238px) 100vw, 238px\" \/><\/p>\n<h2><strong><b>\u00dcr\u00fcn Yap\u0131s\u0131<\/b><\/strong><\/h2>\n<ol>\n<li>\u0130K\u0130 BA\u015eLI V\u0130DA: Cihaz\u0131n bur\u00e7la iyi bir temas sa\u011flad\u0131\u011f\u0131ndan emin olun.<\/li>\n<li>YALITIM: Kal\u0131planm\u0131\u015f EPDM yal\u0131t\u0131m kau\u00e7u\u011fu, y\u00fcksek kaliteyi sa\u011flamak i\u00e7in \u015firket b\u00fcnyesinde form\u00fcle edilir ve kar\u0131\u015ft\u0131r\u0131l\u0131r.<\/li>\n<li>YALITKAN TAPASI: Kal\u0131planm\u0131\u015f epoksi yal\u0131t\u0131m tapas\u0131 m\u00fckemmel elektriksel, termal ve mekanik g\u00fcvenilirlik sa\u011flar.<\/li>\n<li>YARI \u0130LETKEN EK: Kal\u0131planm\u0131\u015f EPDM iletken kau\u00e7uk ekran elektriksel stresi kontrol eder.<\/li>\n<li>GER\u0130L\u0130M G\u0130DERME: D\u0131\u015f ekran\u0131n ve kablo adapt\u00f6r\u00fcn\u00fcn konfig\u00fcrasyonu kablo gerilim giderme sa\u011flar.<\/li>\n<li>TOPRAKLAMA G\u00d6Z\u00dc: Topraklama kablosunun ba\u011flanmas\u0131 i\u00e7in d\u0131\u015f ekrana kal\u0131planm\u0131\u015ft\u0131r.<\/li>\n<li>YARI \u0130LETKEN KALKAN: Kal\u0131planm\u0131\u015f EPDM iletken kau\u00e7uk, ekran\u0131 korumak i\u00e7in kablo ekran\u0131yla birle\u015fir<\/li>\n<\/ol>\n<p>s\u00fcreklili\u011fi sa\u011flamak ve montaj\u0131n toprak potansiyelinde olmas\u0131n\u0131 sa\u011flamak.<\/p>\n<ol start=\"8\">\n<li>\u0130LETKEN KABLO PABUCU: Al\u00fcminyum s\u0131k\u0131\u015ft\u0131rma konnekt\u00f6r\u00fc, maksimum d\u00fczeyde serin \u00e7al\u0131\u015fan bir konnekt\u00f6r sa\u011flamak i\u00e7in boyutland\u0131r\u0131lm\u0131\u015ft\u0131r.<\/li>\n<\/ol>\n<p>cari transfer.<\/p>\n<p><img loading=\"lazy\" decoding=\"async\" class=\"alignnone wp-image-1631 size-full\" src=\"http:\/\/www.xminsulation.com\/wp-content\/uploads\/2024\/05\/\u56fe\u7247355.png\" alt=\"\" width=\"1142\" height=\"570\" srcset=\"https:\/\/www.xminsulation.com\/wp-content\/uploads\/2024\/05\/\u56fe\u7247355.png 1142w, https:\/\/www.xminsulation.com\/wp-content\/uploads\/2024\/05\/\u56fe\u7247355-300x150.png 300w, https:\/\/www.xminsulation.com\/wp-content\/uploads\/2024\/05\/\u56fe\u7247355-1024x511.png 1024w, https:\/\/www.xminsulation.com\/wp-content\/uploads\/2024\/05\/\u56fe\u7247355-768x383.png 768w, https:\/\/www.xminsulation.com\/wp-content\/uploads\/2024\/05\/\u56fe\u7247355-600x299.png 600w\" sizes=\"(max-width: 1142px) 100vw, 1142px\" \/> <img loading=\"lazy\" decoding=\"async\" class=\"alignnone wp-image-1632 size-full\" src=\"http:\/\/www.xminsulation.com\/wp-content\/uploads\/2024\/05\/\u56fe\u7247356.png\" alt=\"\" width=\"1166\" height=\"616\" srcset=\"https:\/\/www.xminsulation.com\/wp-content\/uploads\/2024\/05\/\u56fe\u7247356.png 1166w, https:\/\/www.xminsulation.com\/wp-content\/uploads\/2024\/05\/\u56fe\u7247356-300x158.png 300w, https:\/\/www.xminsulation.com\/wp-content\/uploads\/2024\/05\/\u56fe\u7247356-1024x541.png 1024w, https:\/\/www.xminsulation.com\/wp-content\/uploads\/2024\/05\/\u56fe\u7247356-768x406.png 768w, https:\/\/www.xminsulation.com\/wp-content\/uploads\/2024\/05\/\u56fe\u7247356-600x317.png 600w\" sizes=\"(max-width: 1166px) 100vw, 1166px\" \/><\/p>\n<h2><strong><b>Avrupa <\/b><\/strong><strong><b>T<\/b><\/strong><strong><b>ac\u0131 verici <\/b><\/strong><strong><b>S<\/b><\/strong><strong><b>seri <\/b><\/strong><strong><b>C<\/b><\/strong><strong><b>h\u00fcnerli <\/b><\/strong><strong><b>C<\/b><\/strong><strong><b>ba\u011flant\u0131 eleman\u0131 <\/b><\/strong><strong><b>BEN<\/b><\/strong><strong><b>kurulum <\/b><\/strong><strong><b>BEN<\/b><\/strong><strong><b>talimatlar<\/b><\/strong><\/h2>\n<p><strong><b> <img loading=\"lazy\" decoding=\"async\" class=\"alignnone wp-image-1633 size-full\" src=\"http:\/\/www.xminsulation.com\/wp-content\/uploads\/2024\/05\/\u56fe\u7247357.png\" alt=\"\" width=\"796\" height=\"576\" srcset=\"https:\/\/www.xminsulation.com\/wp-content\/uploads\/2024\/05\/\u56fe\u7247357.png 796w, https:\/\/www.xminsulation.com\/wp-content\/uploads\/2024\/05\/\u56fe\u7247357-300x217.png 300w, https:\/\/www.xminsulation.com\/wp-content\/uploads\/2024\/05\/\u56fe\u7247357-768x556.png 768w, https:\/\/www.xminsulation.com\/wp-content\/uploads\/2024\/05\/\u56fe\u7247357-600x434.png 600w\" sizes=\"(max-width: 796px) 100vw, 796px\" \/><\/b><\/strong><\/p>\n<h2><strong><b>P<\/b><\/strong><strong><b>\u00fcr\u00fcn <\/b><\/strong><strong><b>D<\/b><\/strong><strong><b>a\u00e7\u0131klama<\/b><\/strong><\/h2>\n<p>Bu kablo ekleri serisi, tamamen yal\u0131t\u0131lm\u0131\u015f, tamamen korumal\u0131 ve su ge\u00e7irmez olan Avrupa tarz\u0131 dokunulabilir seri kablo ekleridir. Malzeme, uluslararas\u0131 olarak geli\u015fmi\u015f tam enjeksiyonlu \u00fc\u00e7 katmanl\u0131 kompozit kal\u0131plama i\u015flemi kullan\u0131larak ithal edilen silikon kau\u00e7uktur. DIN47636 standartlar\u0131n\u0131 kar\u015f\u0131layan ve 630A nominal ak\u0131ma sahip halka ana \u00fcniteler, kablo dal kutular\u0131 ve kutu tipi trafo merkezleri i\u00e7in uygundur. 15KV ve alt\u0131ndaki gerilim seviyelerine ba\u011flanabilir ve yal\u0131t\u0131m \u00e7ap\u0131 16-35mm (25-400) XLPE kablodur.<\/p>\n<p>Dokunmatik \u00f6n konnekt\u00f6r \u00fcr\u00fcn bile\u015fenleri: dokunmatik \u00f6n konnekt\u00f6r g\u00f6vdesi, gerilim konisi, s\u0131kma terminali, toka, yal\u0131t\u0131m fi\u015fi, u\u00e7 kapa\u011f\u0131, M16\/12 red\u00fcksiyon c\u0131vatas\u0131, somun, d\u00fcz pul, elastik pul, ya\u011flay\u0131c\u0131 silikon gres, topraklama teli, temizleme mendilleri.<\/p>\n<p>Dokunulabilen arka konnekt\u00f6r \u00fcr\u00fcn bile\u015fenleri: dokunulabilen arka konnekt\u00f6r g\u00f6vdesi, gerilim konisi, s\u0131kma terminali, toka, iletken \u00e7ubuk, M12 c\u0131vata, ya\u011flay\u0131c\u0131 silikon gres, topraklama teli, temizleme havlusu, Arka ba\u011flant\u0131l\u0131 parafudr \u00fcr\u00fcn bile\u015fenleri: arka ba\u011flant\u0131l\u0131 parafudr g\u00f6vdesi, iletken \u00e7ubuk, M12 c\u0131vata, ya\u011flay\u0131c\u0131 silikon gres, topraklama teli, temizleme havlusu.<\/p>\n<p>Montaj aletleri: lokma anahtar, ayarl\u0131 anahtar.<\/p>\n<p><strong><b>BEN<\/b><\/strong><strong><b>kurulum <\/b><\/strong><strong><b>S<\/b><\/strong><strong><b>ad\u0131mlar<\/b><\/strong><\/p>\n<ol>\n<li>\u00dc\u00e7 damarl\u0131 kablo faz ay\u0131rma i\u015flemi:<\/li>\n<\/ol>\n<p>1.1, Kabloyu dikey olarak yerle\u015ftirin ve faz ayr\u0131m\u0131n\u0131 kablo terminalinden 1,0-1,5 m uza\u011fa yap\u0131n. Bu b\u00f6l\u00fcmde d\u0131\u015f k\u0131l\u0131f\u0131 ve \u00e7elik z\u0131rh kemerini kesin. Ard\u0131ndan d\u0131\u015f k\u0131l\u0131f\u0131n 30 mm&#039;sini a\u015fa\u011f\u0131 do\u011fru soyun, i\u00e7 k\u0131l\u0131f\u0131n 10 mm&#039;sini yukar\u0131 do\u011fru b\u0131rak\u0131n ve fazla i\u00e7 k\u0131l\u0131f\u0131 ve dolguyu soyun. Bak\u0131r koruma band\u0131n\u0131n ve \u00e7elik z\u0131rh\u0131n ayr\u0131 topraklamas\u0131na dikkat edin.<\/p>\n<ol start=\"2\">\n<li>Tek damarl\u0131 kablo i\u015fleme:\n<ul>\n<li>, Kablo bak\u0131r koruma i\u015flemi: Kabloyu dikey olarak yerle\u015ftirin, kablonun \u00fcst k\u0131sm\u0131ndan a\u015fa\u011f\u0131ya do\u011fru 190 mm \u00f6l\u00e7\u00fcn, kablonun d\u0131\u015f k\u0131l\u0131f\u0131n\u0131 ve bak\u0131r koruma band\u0131n\u0131 soyun ve kablo koruma katman\u0131n\u0131 ortaya \u00e7\u0131kar\u0131n.<\/li>\n<li>, Kablo koruma katman\u0131 i\u015flemi: Kablonun \u00fcst\u00fcnden a\u015fa\u011f\u0131ya do\u011fru 165 mm \u00f6l\u00e7\u00fcn ve kablo koruma katman\u0131n\u0131 d\u00fczg\u00fcnce soyun. Koruma katman\u0131n\u0131 soyarken kablonun ana yal\u0131t\u0131m katman\u0131na zarar vermemeye dikkat edin! Ve bunu yal\u0131t\u0131m katman\u0131 ile koruma katman\u0131 aras\u0131ndaki ge\u00e7i\u015fte yap\u0131n. P\u00fcr\u00fczs\u00fcz ge\u00e7i\u015fler sa\u011flamak i\u00e7in p\u00fcr\u00fczs\u00fcz pahlar. Bu i\u015flem, kablonun p\u00fcr\u00fczs\u00fcz \u00e7al\u0131\u015fmas\u0131n\u0131 sa\u011flamak i\u00e7in \u00f6nemli bir ad\u0131md\u0131r!<\/li>\n<li>, Kablo yal\u0131t\u0131m katman\u0131 i\u015flemi: Kablonun \u00fcst\u00fcnden a\u015fa\u011f\u0131ya do\u011fru 52 mm \u00f6l\u00e7\u00fcn, kablo yal\u0131t\u0131m katman\u0131n\u0131 soyun ve kablo \u00e7ekirde\u011fini a\u00e7\u0131\u011fa \u00e7\u0131kar\u0131n. Daha sonra, gerilim konisi tak\u0131ld\u0131\u011f\u0131nda \u00e7izilmeleri \u00f6nlemek i\u00e7in yal\u0131t\u0131m katman\u0131n\u0131n \u00fcst\u00fcnden yakla\u015f\u0131k 3 mm uzakl\u0131kta d\u00fczg\u00fcn bir pah a\u00e7\u0131n.<\/li>\n<\/ul>\n<\/li>\n<\/ol>\n<p><img loading=\"lazy\" decoding=\"async\" class=\"alignnone wp-image-1634 size-full\" src=\"http:\/\/www.xminsulation.com\/wp-content\/uploads\/2024\/05\/\u56fe\u7247358.png\" alt=\"\" width=\"650\" height=\"667\" srcset=\"https:\/\/www.xminsulation.com\/wp-content\/uploads\/2024\/05\/\u56fe\u7247358.png 650w, https:\/\/www.xminsulation.com\/wp-content\/uploads\/2024\/05\/\u56fe\u7247358-292x300.png 292w, https:\/\/www.xminsulation.com\/wp-content\/uploads\/2024\/05\/\u56fe\u7247358-600x616.png 600w\" sizes=\"(max-width: 650px) 100vw, 650px\" \/><\/p>\n<p>&nbsp;<\/p>\n<ol start=\"3\">\n<li>Gerilim konisini ve s\u0131kma terminalini tak\u0131n:<\/li>\n<\/ol>\n<p>3.1 Tokay\u0131 tak\u0131n: Tokay\u0131 kablo korumas\u0131n\u0131n alt ucuna, bak\u0131r korumas\u0131na (yal\u0131t\u0131m borusunun \u00fcst ucu) yak\u0131n bir yere sar\u0131n ve ard\u0131ndan kilitleyin.<\/p>\n<p>Tokan\u0131n kablo faz\u0131na g\u00f6re ayr\u0131lm\u0131\u015f k\u0131rm\u0131z\u0131, sar\u0131 ve ye\u015fil olmak \u00fczere \u00fc\u00e7 rengi bulunmaktad\u0131r.<\/p>\n<p>3.2, Stres konisini tak\u0131n: Yal\u0131t\u0131m katman\u0131n\u0131n y\u00fczeyini ve stres konisinin i\u00e7 y\u00fczeyini temizleyin ve e\u015fit \u015fekilde silikon gres uygulay\u0131n. Ard\u0131ndan stres konisini tel \u00e7ekirde\u011finden yerle\u015ftirin ve alt y\u00fczey tokaya d\u00fcz olana kadar a\u015fa\u011f\u0131 do\u011fru itin.<\/p>\n<p>Not: Stres konisi geriye do\u011fru ayarlanamaz, siyah k\u0131s\u0131m a\u015fa\u011f\u0131 bakmal\u0131d\u0131r.<\/p>\n<p>3.3, S\u0131kma terminalini tak\u0131n: S\u0131kma terminalini tel \u00e7ekirde\u011fine yerle\u015ftirin ve terminal ba\u015fl\u0131\u011f\u0131 d\u00fczlemi man\u015fonun u\u00e7 y\u00fcz\u00fcne paralel olana kadar terminalin y\u00f6n\u00fcn\u00fc d\u00f6nd\u00fcr\u00fcn. Terminali, terminal ba\u015fl\u0131\u011f\u0131 konumundan terminal \u00fczerindeki s\u0131kma i\u015faretine g\u00f6re a\u015fa\u011f\u0131ya do\u011fru bast\u0131r\u0131n. (S\u0131n\u0131rlay\u0131c\u0131 bas\u0131n\u00e7 \u00f6nerilir). S\u0131kma i\u015flemi tamamland\u0131ktan sonra, s\u0131kma s\u0131ras\u0131nda olu\u015fan keskin kenarlar bir t\u00f6rp\u00fc ile d\u00fczeltilmeli ve temizlenmelidir. Not: Kablolarla ayn\u0131 \u00f6zelliklere sahip s\u0131kma terminalleri kullan\u0131lmas\u0131 gerekir. Bak\u0131r \u00e7ekirdekli kablolar i\u00e7in bak\u0131r terminaller ve al\u00fcminyum \u00e7ekirdekli kablolar i\u00e7in bak\u0131r-al\u00fcminyum ge\u00e7i\u015f terminalleri kullan\u0131n.<\/p>\n<p><img loading=\"lazy\" decoding=\"async\" class=\"alignnone wp-image-1635 size-full\" src=\"http:\/\/www.xminsulation.com\/wp-content\/uploads\/2024\/05\/\u56fe\u7247359.png\" alt=\"\" width=\"480\" height=\"391\" srcset=\"https:\/\/www.xminsulation.com\/wp-content\/uploads\/2024\/05\/\u56fe\u7247359.png 480w, https:\/\/www.xminsulation.com\/wp-content\/uploads\/2024\/05\/\u56fe\u7247359-300x244.png 300w\" sizes=\"(max-width: 480px) 100vw, 480px\" \/><\/p>\n<ol start=\"4\">\n<li>Avrupa tarz\u0131 dokunmatik \u00f6n konekt\u00f6r\u00fc tak\u0131n:<\/li>\n<\/ol>\n<p>4.1, Ekipman kasas\u0131n\u0131n vida deli\u011fini kontrol edin (standart di\u015f M16&#039;d\u0131r, de\u011filse l\u00fctfen ilgili de\u011fi\u015fiklikleri yapmak i\u00e7in \u015firketi zaman\u0131nda bilgilendirin), M16\/12 red\u00fcksiyon c\u0131vatas\u0131n\u0131 kasan\u0131n vida deli\u011fine vidalay\u0131n ve s\u0131k\u0131n. Kasaya vidalanan c\u0131vatan\u0131n derinli\u011fi en az 25 mm olmal\u0131d\u0131r.<\/p>\n<p>4.2 Ekipman man\u015fonunu, \u00f6n konekt\u00f6r\u00fc, s\u0131kma terminalini, gerilim konisini, yal\u0131t\u0131m tapas\u0131n\u0131 ve u\u00e7 kapa\u011f\u0131n\u0131 temizleyin ve gerilim konisinin d\u0131\u015f y\u00fczeyine, \u00f6n konekt\u00f6r\u00fcn i\u00e7 y\u00fczeyine, ekipman man\u015fonunun d\u0131\u015f y\u00fczeyine ve yal\u0131t\u0131m tapas\u0131n\u0131n d\u0131\u015f y\u00fczeyine e\u015fit \u015fekilde silikon gres uygulay\u0131n.<\/p>\n<p>4.3, K\u0131vr\u0131ml\u0131 terminalli kabloyu, terminalin \u00fcst k\u0131sm\u0131ndaki delik \u00f6n konekt\u00f6r\u00fcn ortas\u0131na gelene kadar \u00f6n konekt\u00f6r\u00fcn i\u00e7ine yerle\u015ftirin.<\/p>\n<p>4.4, \u00d6n konekt\u00f6r\u00fc ekipman kasas\u0131na yerle\u015ftirin ve red\u00fcksiyon c\u0131vatas\u0131 s\u0131kma terminalinin yuvarlak deli\u011finden ge\u00e7melidir.<\/p>\n<p>4.5, E\u011fer daha sonra arka konnekt\u00f6r veya paratoner takmak isterseniz l\u00fctfen kurulum ad\u0131m\u0131 5&#039;e ge\u00e7in.<\/p>\n<p>4.6, D\u00fcz rondelay\u0131, yayl\u0131 rondelay\u0131 ve somunu s\u0131ras\u0131yla c\u0131vataya yerle\u015ftirin, somunu lokma anahtarla s\u0131k\u0131n, ard\u0131ndan izolasyon tapas\u0131n\u0131 tak\u0131n ve u\u00e7 kapa\u011f\u0131 kapat\u0131n.<\/p>\n<p>4.7, \u00d6n konnekt\u00f6r g\u00f6vdesindeki topraklama kablosunun s\u0131k\u0131l\u0131\u011f\u0131n\u0131 kontrol edin. Gev\u015fekse, l\u00fctfen s\u0131k\u0131n. Topraklama kablosunun di\u011fer ucundaki sistem topra\u011f\u0131na iyi bir ba\u011flant\u0131 yap\u0131n.<\/p>\n<p>4.8, T\u00fcm ba\u011flant\u0131lar\u0131 kontrol edin ve yerinde olduklar\u0131n\u0131 onaylay\u0131n. Dokunmatik \u00f6n konekt\u00f6r tak\u0131l\u0131d\u0131r.<\/p>\n<p><img loading=\"lazy\" decoding=\"async\" class=\"alignnone wp-image-1636 size-full\" src=\"http:\/\/www.xminsulation.com\/wp-content\/uploads\/2024\/05\/\u56fe\u7247360.png\" alt=\"\" width=\"1137\" height=\"2009\" srcset=\"https:\/\/www.xminsulation.com\/wp-content\/uploads\/2024\/05\/\u56fe\u7247360.png 1137w, https:\/\/www.xminsulation.com\/wp-content\/uploads\/2024\/05\/\u56fe\u7247360-170x300.png 170w, https:\/\/www.xminsulation.com\/wp-content\/uploads\/2024\/05\/\u56fe\u7247360-580x1024.png 580w, https:\/\/www.xminsulation.com\/wp-content\/uploads\/2024\/05\/\u56fe\u7247360-768x1357.png 768w, https:\/\/www.xminsulation.com\/wp-content\/uploads\/2024\/05\/\u56fe\u7247360-869x1536.png 869w, https:\/\/www.xminsulation.com\/wp-content\/uploads\/2024\/05\/\u56fe\u7247360-600x1060.png 600w\" sizes=\"(max-width: 1137px) 100vw, 1137px\" \/><\/p>\n<ol start=\"5\">\n<li>Dokunmatik arka konekt\u00f6r\u00fc tak\u0131n:<\/li>\n<\/ol>\n<p>5.1, \u0130letken \u00e7ubu\u011fu \u00f6n ba\u011flant\u0131daki c\u0131vataya s\u0131kmak i\u00e7in bir anahtar kullan\u0131n, b\u00f6ylece iletken \u00e7ubu\u011fun kutup \u00f6n konnekt\u00f6r s\u0131kma terminaliyle iyi bir \u015fekilde temas etti\u011finden emin olun. Ard\u0131ndan M12 c\u0131vatalar\u0131n\u0131 s\u0131k\u0131n.<\/p>\n<p>5.2, 1, 2 ve 3. ad\u0131mlara g\u00f6re i\u015flenmi\u015f terminallerle kabloyu i\u00e7eri itin.<\/p>\n<p>Terminalin \u00fcst k\u0131sm\u0131ndaki delik arka konnekt\u00f6r\u00fcn ortas\u0131na gelene kadar konnekt\u00f6r\u00fc tak\u0131n.<\/p>\n<p>5.3, Tak\u0131lan kablonun arka konnekt\u00f6r\u00fcn\u00fc \u00f6n konnekt\u00f6rle hizalay\u0131n ve tak\u0131n. Garantili iletken \u00e7ubuk arka konnekt\u00f6r\u00fcn terminal y\u00fczeyiyle ayn\u0131 hizadad\u0131r ve c\u0131vata arka konnekt\u00f6r terminalinin yuvarlak deli\u011finden ge\u00e7er.<\/p>\n<p>5.4, Geni\u015fleme gerekiyorsa, arka eklemi takmak i\u00e7in ayn\u0131 y\u00f6ntemi izleyin veya<\/p>\n<p>y\u0131ld\u0131r\u0131msavar.<\/p>\n<p>5.5, Geni\u015fletmeye gerek yoksa, arka konekt\u00f6r\u00fc takmak i\u00e7in 4. ad\u0131mda 4.6-4.8 kurulum s\u0131ras\u0131n\u0131 izleyin.<\/p>\n<p><img loading=\"lazy\" decoding=\"async\" class=\"alignnone wp-image-1637 size-full\" src=\"http:\/\/www.xminsulation.com\/wp-content\/uploads\/2024\/05\/\u56fe\u7247361.png\" alt=\"\" width=\"472\" height=\"397\" srcset=\"https:\/\/www.xminsulation.com\/wp-content\/uploads\/2024\/05\/\u56fe\u7247361.png 472w, https:\/\/www.xminsulation.com\/wp-content\/uploads\/2024\/05\/\u56fe\u7247361-300x252.png 300w\" sizes=\"(max-width: 472px) 100vw, 472px\" \/><\/p>\n<ol start=\"6\">\n<li>Arka tarafa monte edilmi\u015f y\u0131ld\u0131r\u0131msavar\u0131n montaj\u0131:<\/li>\n<\/ol>\n<p>6.1. Parafudr d\u0131\u015f y\u00fczeyini temizleyin ve ya\u011flay\u0131c\u0131 silikon gres\u2019i e\u015fit \u015fekilde uygulay\u0131n.<\/p>\n<p>6.2, 5.1 ad\u0131mlar\u0131n\u0131 tekrarlay\u0131n.<\/p>\n<p>6.3. Parafudr\u2019u \u00f6n konnekt\u00f6r (veya arka konnekt\u00f6r) ile hizalay\u0131n ve tak\u0131n.<\/p>\n<p>6.4. Yal\u0131t\u0131m tapas\u0131n\u0131 ve u\u00e7 kapa\u011f\u0131n\u0131 ba\u011flamak i\u00e7in 4. ad\u0131m\u0131n 4.6-4.8 ad\u0131mlar\u0131n\u0131 tekrarlay\u0131n.<\/p>\n<p>6.5, Topraklama kablosunu sistem topraklama noktas\u0131na s\u0131k\u0131n.<\/p>\n<p><img loading=\"lazy\" decoding=\"async\" class=\"alignnone wp-image-1638 size-large\" src=\"http:\/\/www.xminsulation.com\/wp-content\/uploads\/2024\/05\/\u56fe\u7247362-1024x786.png\" alt=\"\" width=\"1024\" height=\"786\" srcset=\"https:\/\/www.xminsulation.com\/wp-content\/uploads\/2024\/05\/\u56fe\u7247362-1024x786.png 1024w, https:\/\/www.xminsulation.com\/wp-content\/uploads\/2024\/05\/\u56fe\u7247362-300x230.png 300w, https:\/\/www.xminsulation.com\/wp-content\/uploads\/2024\/05\/\u56fe\u7247362-768x589.png 768w, https:\/\/www.xminsulation.com\/wp-content\/uploads\/2024\/05\/\u56fe\u7247362-600x460.png 600w, https:\/\/www.xminsulation.com\/wp-content\/uploads\/2024\/05\/\u56fe\u7247362.png 1263w\" sizes=\"(max-width: 1024px) 100vw, 1024px\" \/> <img loading=\"lazy\" decoding=\"async\" class=\"alignnone wp-image-1639 size-full\" src=\"http:\/\/www.xminsulation.com\/wp-content\/uploads\/2024\/05\/\u56fe\u7247363.png\" alt=\"\" width=\"726\" height=\"379\" srcset=\"https:\/\/www.xminsulation.com\/wp-content\/uploads\/2024\/05\/\u56fe\u7247363.png 726w, https:\/\/www.xminsulation.com\/wp-content\/uploads\/2024\/05\/\u56fe\u7247363-300x157.png 300w, https:\/\/www.xminsulation.com\/wp-content\/uploads\/2024\/05\/\u56fe\u7247363-600x313.png 600w\" sizes=\"(max-width: 726px) 100vw, 726px\" \/><\/p>\n<p>1, \u8bbe\u5907\u6807\u51c6\u5957\u7ba1. Ekipman standart kasas\u0131.<\/p>\n<p>2, M16 c\u0131vata. M16 c\u0131vata.<\/p>\n<p>3, g\u00fcn. \u00d6n konekt\u00f6r.<\/p>\n<p>4, \u0130letken \u00e7ubuk.<\/p>\n<p>5, M16 c\u0131vata. M16 c\u0131vata.<\/p>\n<p>6, Arka konekt\u00f6r.<\/p>\n<p>7, \u540e\u63a5\u907f\u96f7\u5668. Arka paratoner.<\/p>\n<p>8, \u5e73\u57ab. D\u00fcz ped.<\/p>\n<p>9, \u5f39\u57ab. Yayl\u0131 ped.<\/p>\n<p>10, Ceviz.<\/p>\n<p>11, \u7edd\u7f18\u585e. Yal\u0131t\u0131m tapas\u0131.<\/p>\n<p>12, A\u011fustos. Arka u\u00e7 kapa\u011f\u0131.<\/p>\n<p>13, Ekim. S\u0131kma terminali.<\/p>\n<p>14, XLPE Kablo. XLPE Kablo.<\/p>\n<p>15, \u5e94\u529b\u9525. Stres konisi.<\/p>\n<p>16, Toka.<\/p>\n<div class=\"wxts\">\n<h2>\u25c6\u00d6zel \u00d6zelle\u015ftirme<\/h2>\n<p>Yukar\u0131daki parametreler tipik verilerdir; Mevcut stiller \u00f6zel taleplerinizi kar\u015f\u0131lam\u0131yorsa, l\u00fctfen \u00f6zel bir tasar\u0131m i\u00e7in bizimle ileti\u015fime ge\u00e7in. Ki\u015fiselle\u015ftirilmi\u015f ki\u015fiselle\u015ftirme geli\u015ftirme ve \u00fcretim becerilerimiz, d\u00fcnyan\u0131n her yerindeki m\u00fc\u015fterilerimize \u00f6zel \u00e7\u00f6z\u00fcmler sunmam\u0131za olanak tan\u0131yor.<\/p>\n<\/div>","protected":false},"excerpt":{"rendered":"<p>Application 1,For connection of\u00a0polymeric cable to transformers, switchgear, motors and other\u00a0equipment with a premoulded separable connector. 2,For indoor and outdoor installations. 3,System voltage up t0 24 kV. 4,Continuous cu rrent 630A(900 A ove rload for 8 hours). 5,Cable particulars: a,Polymeric cable(XLPE,EPR, etc.). b,Copper or aluminum conductors. c,Semiconducting or metallic screens. d,Conductor size12kV25-120mm 24kV25-400mm. Features 1,Provides [&hellip;]<\/p>","protected":false},"featured_media":1627,"template":"","meta":{"site-sidebar-layout":"default","site-content-layout":"","ast-site-content-layout":"default","site-content-style":"default","site-sidebar-style":"default","ast-global-header-display":"","ast-banner-title-visibility":"","ast-main-header-display":"","ast-hfb-above-header-display":"","ast-hfb-below-header-display":"","ast-hfb-mobile-header-display":"","site-post-title":"","ast-breadcrumbs-content":"","ast-featured-img":"","footer-sml-layout":"","theme-transparent-header-meta":"default","adv-header-id-meta":"","stick-header-meta":"","header-above-stick-meta":"","header-main-stick-meta":"","header-below-stick-meta":"","astra-migrate-meta-layouts":"set","ast-page-background-enabled":"default","ast-page-background-meta":{"desktop":{"background-color":"","background-image":"","background-repeat":"repeat","background-position":"center center","background-size":"auto","background-attachment":"scroll","background-type":"","background-media":"","overlay-type":"","overlay-color":"","overlay-gradient":""},"tablet":{"background-color":"","background-image":"","background-repeat":"repeat","background-position":"center center","background-size":"auto","background-attachment":"scroll","background-type":"","background-media":"","overlay-type":"","overlay-color":"","overlay-gradient":""},"mobile":{"background-color":"","background-image":"","background-repeat":"repeat","background-position":"center center","background-size":"auto","background-attachment":"scroll","background-type":"","background-media":"","overlay-type":"","overlay-color":"","overlay-gradient":""}},"ast-content-background-meta":{"desktop":{"background-color":"var(--ast-global-color-5)","background-image":"","background-repeat":"repeat","background-position":"center center","background-size":"auto","background-attachment":"scroll","background-type":"","background-media":"","overlay-type":"","overlay-color":"","overlay-gradient":""},"tablet":{"background-color":"var(--ast-global-color-5)","background-image":"","background-repeat":"repeat","background-position":"center center","background-size":"auto","background-attachment":"scroll","background-type":"","background-media":"","overlay-type":"","overlay-color":"","overlay-gradient":""},"mobile":{"background-color":"var(--ast-global-color-5)","background-image":"","background-repeat":"repeat","background-position":"center center","background-size":"auto","background-attachment":"scroll","background-type":"","background-media":"","overlay-type":"","overlay-color":"","overlay-gradient":""}}},"product_cat":[53],"product_tag":[],"class_list":{"0":"post-1626","1":"product","2":"type-product","3":"status-publish","4":"has-post-thumbnail","6":"product_cat-oushi","7":"desktop-align-left","8":"tablet-align-left","9":"mobile-align-left","11":"first","12":"instock","13":"shipping-taxable","14":"product-type-simple"},"_links":{"self":[{"href":"https:\/\/www.xminsulation.com\/tr\/wp-json\/wp\/v2\/product\/1626","targetHints":{"allow":["GET"]}}],"collection":[{"href":"https:\/\/www.xminsulation.com\/tr\/wp-json\/wp\/v2\/product"}],"about":[{"href":"https:\/\/www.xminsulation.com\/tr\/wp-json\/wp\/v2\/types\/product"}],"wp:featuredmedia":[{"embeddable":true,"href":"https:\/\/www.xminsulation.com\/tr\/wp-json\/wp\/v2\/media\/1627"}],"wp:attachment":[{"href":"https:\/\/www.xminsulation.com\/tr\/wp-json\/wp\/v2\/media?parent=1626"}],"wp:term":[{"taxonomy":"product_cat","embeddable":true,"href":"https:\/\/www.xminsulation.com\/tr\/wp-json\/wp\/v2\/product_cat?post=1626"},{"taxonomy":"product_tag","embeddable":true,"href":"https:\/\/www.xminsulation.com\/tr\/wp-json\/wp\/v2\/product_tag?post=1626"}],"curies":[{"name":"wp","href":"https:\/\/api.w.org\/{rel}","templated":true}]}}