{"id":1611,"date":"2024-05-07T19:53:22","date_gmt":"2024-05-07T11:53:22","guid":{"rendered":"http:\/\/www.xminsulation.com\/?post_type=product&#038;p=1611"},"modified":"2024-05-15T15:49:56","modified_gmt":"2024-05-15T07:49:56","slug":"tt-35kv-630a-t-cable-connector","status":"publish","type":"product","link":"https:\/\/www.xminsulation.com\/tr\/product\/tt-35kv-630a-t-cable-connector\/","title":{"rendered":"TT 35kV 630A T Kablo Konnekt\u00f6r\u00fc"},"content":{"rendered":"<p><img fetchpriority=\"high\" decoding=\"async\" class=\"alignnone wp-image-1613 size-large\" src=\"http:\/\/www.xminsulation.com\/wp-content\/uploads\/2024\/05\/\u56fe\u7247342-1-1024x1024.png\" alt=\"\" width=\"1024\" height=\"1024\" srcset=\"https:\/\/www.xminsulation.com\/wp-content\/uploads\/2024\/05\/\u56fe\u7247342-1-1024x1024.png 1024w, https:\/\/www.xminsulation.com\/wp-content\/uploads\/2024\/05\/\u56fe\u7247342-1-300x300.png 300w, https:\/\/www.xminsulation.com\/wp-content\/uploads\/2024\/05\/\u56fe\u7247342-1-150x150.png 150w, https:\/\/www.xminsulation.com\/wp-content\/uploads\/2024\/05\/\u56fe\u7247342-1-768x768.png 768w, https:\/\/www.xminsulation.com\/wp-content\/uploads\/2024\/05\/\u56fe\u7247342-1-600x600.png 600w, https:\/\/www.xminsulation.com\/wp-content\/uploads\/2024\/05\/\u56fe\u7247342-1-100x100.png 100w, https:\/\/www.xminsulation.com\/wp-content\/uploads\/2024\/05\/\u56fe\u7247342-1.png 1158w\" sizes=\"(max-width: 1024px) 100vw, 1024px\" \/><\/p>\n<h2><strong><b>Genel bilgi<\/b><\/strong><\/h2>\n<p>35kV 630A T Kablo Konnekt\u00f6r\u00fc, uygun bur\u00e7 veya fi\u015fle birle\u015ftirildi\u011finde tamamen ekranlanm\u0131\u015f ve tamamen dalg\u0131\u00e7 bir ba\u011flant\u0131 sa\u011flar. Polimerik kablonun transformat\u00f6rlere, \u015falt ekipmanlar\u0131na, motorlara ve \u00f6nceden kal\u0131planm\u0131\u015f ayr\u0131labilir bir konnekt\u00f6rle di\u011fer ekipmanlara ba\u011flanmas\u0131 i\u00e7in. \u0130ste\u011fe ba\u011fl\u0131 kapasitif test noktas\u0131, devre durumunun kolayca kontrol edilmesini veya bir ar\u0131za g\u00f6stergesinin tak\u0131lmas\u0131n\u0131 sa\u011flar. Bu 36kV 630AT Kablo Konnekt\u00f6r\u00fc, iyi kalitede EPDM taraf\u0131ndan yap\u0131l\u0131r.<\/p>\n<p><img decoding=\"async\" class=\"alignnone wp-image-1614 size-full\" src=\"http:\/\/www.xminsulation.com\/wp-content\/uploads\/2024\/05\/\u56fe\u7247343.png\" alt=\"\" width=\"892\" height=\"634\" srcset=\"https:\/\/www.xminsulation.com\/wp-content\/uploads\/2024\/05\/\u56fe\u7247343.png 892w, https:\/\/www.xminsulation.com\/wp-content\/uploads\/2024\/05\/\u56fe\u7247343-300x213.png 300w, https:\/\/www.xminsulation.com\/wp-content\/uploads\/2024\/05\/\u56fe\u7247343-768x546.png 768w, https:\/\/www.xminsulation.com\/wp-content\/uploads\/2024\/05\/\u56fe\u7247343-600x426.png 600w\" sizes=\"(max-width: 892px) 100vw, 892px\" \/> <img decoding=\"async\" class=\"alignnone wp-image-1615 size-full\" src=\"http:\/\/www.xminsulation.com\/wp-content\/uploads\/2024\/05\/\u56fe\u7247344.png\" alt=\"\" width=\"412\" height=\"706\" srcset=\"https:\/\/www.xminsulation.com\/wp-content\/uploads\/2024\/05\/\u56fe\u7247344.png 412w, https:\/\/www.xminsulation.com\/wp-content\/uploads\/2024\/05\/\u56fe\u7247344-175x300.png 175w\" sizes=\"(max-width: 412px) 100vw, 412px\" \/> <img loading=\"lazy\" decoding=\"async\" class=\"alignnone wp-image-1616 size-full\" src=\"http:\/\/www.xminsulation.com\/wp-content\/uploads\/2024\/05\/\u56fe\u7247345.png\" alt=\"\" width=\"401\" height=\"748\" srcset=\"https:\/\/www.xminsulation.com\/wp-content\/uploads\/2024\/05\/\u56fe\u7247345.png 401w, https:\/\/www.xminsulation.com\/wp-content\/uploads\/2024\/05\/\u56fe\u7247345-161x300.png 161w\" sizes=\"(max-width: 401px) 100vw, 401px\" \/><\/p>\n<h2><strong><b>\u00dcr\u00fcn Yap\u0131s\u0131<\/b><\/strong><\/h2>\n<ol>\n<li>YARI \u0130LETKEN KALKAN EK PAR\u00c7ASI: Yar\u0131 iletken ek par\u00e7a, yar\u0131 iletken EPDM&#039;den kal\u0131planm\u0131\u015ft\u0131r ve e\u015fle\u015fen y\u00fck kesme \u00fcr\u00fcn\u00fcn\u00fcn burnundaki elektriksel gerilimleri kontrol eder.<\/li>\n<li>EPDM YALITIM: Y\u00fcksek kaliteli k\u00fck\u00fcrtl\u00fc k\u00fcrlenmi\u015f EPDM yal\u0131t\u0131m\u0131, yal\u0131t\u0131m kau\u00e7u\u011funun \u00f6zelliklerinin tam kontrol\u00fc i\u00e7in \u015firket b\u00fcnyesinde kar\u0131\u015ft\u0131r\u0131l\u0131p form\u00fcle edilir.<\/li>\n<li>YARI \u0130LETKEN EK: Kal\u0131planm\u0131\u015f EPDM iletken kau\u00e7uk ekran elektriksel stresi kontrol eder.<\/li>\n<li>TOPRAKLAMA G\u00d6Z\u00dc: Topraklama kablosunun ba\u011flanmas\u0131 i\u00e7in d\u0131\u015f ekrana kal\u0131planm\u0131\u015ft\u0131r.<\/li>\n<li>GER\u0130L\u0130M G\u0130DERME: D\u0131\u015f ekran\u0131n ve kablo adapt\u00f6r\u00fcn\u00fcn konfig\u00fcrasyonu kablo gerilim giderme sa\u011flar.<\/li>\n<li>\u0130LETKEN KABLO PABUCU: Al\u00fcminyum s\u0131k\u0131\u015ft\u0131rma konnekt\u00f6r\u00fc, maksimum ak\u0131m transferi ile serin \u00e7al\u0131\u015fan bir konnekt\u00f6r sa\u011flamak i\u00e7in boyutland\u0131r\u0131lm\u0131\u015ft\u0131r.<\/li>\n<li>YALITIMLI TAPASI : Kal\u0131planm\u0131\u015f epoksi yal\u0131t\u0131m tapas\u0131 m\u00fckemmel elektriksel, termal ve mekanik g\u00fcvenilirlik sa\u011flar.<\/li>\n<li>\u0130K\u0130 BA\u015eLI V\u0130DA: Cihaz\u0131n bur\u00e7la iyi bir temas sa\u011flad\u0131\u011f\u0131ndan emin olun.<\/li>\n<\/ol>\n<p><img loading=\"lazy\" decoding=\"async\" class=\"alignnone wp-image-1617 size-large\" src=\"http:\/\/www.xminsulation.com\/wp-content\/uploads\/2024\/05\/\u56fe\u7247346-1024x631.png\" alt=\"\" width=\"1024\" height=\"631\" srcset=\"https:\/\/www.xminsulation.com\/wp-content\/uploads\/2024\/05\/\u56fe\u7247346-1024x631.png 1024w, https:\/\/www.xminsulation.com\/wp-content\/uploads\/2024\/05\/\u56fe\u7247346-300x185.png 300w, https:\/\/www.xminsulation.com\/wp-content\/uploads\/2024\/05\/\u56fe\u7247346-768x473.png 768w, https:\/\/www.xminsulation.com\/wp-content\/uploads\/2024\/05\/\u56fe\u7247346-600x370.png 600w, https:\/\/www.xminsulation.com\/wp-content\/uploads\/2024\/05\/\u56fe\u7247346.png 1366w\" sizes=\"(max-width: 1024px) 100vw, 1024px\" \/><\/p>\n<p>&nbsp;<\/p>\n<div class=\"wxts\">\n<h2>\u25c6\u00d6zel \u00d6zelle\u015ftirme<\/h2>\n<p>Yukar\u0131daki parametreler tipik verilerdir; Mevcut stiller \u00f6zel taleplerinizi kar\u015f\u0131lam\u0131yorsa, l\u00fctfen \u00f6zel bir tasar\u0131m i\u00e7in bizimle ileti\u015fime ge\u00e7in. Ki\u015fiselle\u015ftirilmi\u015f ki\u015fiselle\u015ftirme geli\u015ftirme ve \u00fcretim becerilerimiz, d\u00fcnyan\u0131n her yerindeki m\u00fc\u015fterilerimize \u00f6zel \u00e7\u00f6z\u00fcmler sunmam\u0131za olanak tan\u0131yor.<\/p>\n<\/div>","protected":false},"excerpt":{"rendered":"<p>General Information 35kV 630A T Cable Connector provides a fully screened and fully submersible connection when mated with the proper bushing or plug . For connection of polymeric cable to transformers, switchgear, motors, and other equipment with a premoulded separable connector. Optional capacitive test point allows for an easy check of the circuit status or [&hellip;]<\/p>","protected":false},"featured_media":1612,"template":"","meta":{"site-sidebar-layout":"default","site-content-layout":"","ast-site-content-layout":"default","site-content-style":"default","site-sidebar-style":"default","ast-global-header-display":"","ast-banner-title-visibility":"","ast-main-header-display":"","ast-hfb-above-header-display":"","ast-hfb-below-header-display":"","ast-hfb-mobile-header-display":"","site-post-title":"","ast-breadcrumbs-content":"","ast-featured-img":"","footer-sml-layout":"","theme-transparent-header-meta":"default","adv-header-id-meta":"","stick-header-meta":"","header-above-stick-meta":"","header-main-stick-meta":"","header-below-stick-meta":"","astra-migrate-meta-layouts":"set","ast-page-background-enabled":"default","ast-page-background-meta":{"desktop":{"background-color":"","background-image":"","background-repeat":"repeat","background-position":"center center","background-size":"auto","background-attachment":"scroll","background-type":"","background-media":"","overlay-type":"","overlay-color":"","overlay-gradient":""},"tablet":{"background-color":"","background-image":"","background-repeat":"repeat","background-position":"center center","background-size":"auto","background-attachment":"scroll","background-type":"","background-media":"","overlay-type":"","overlay-color":"","overlay-gradient":""},"mobile":{"background-color":"","background-image":"","background-repeat":"repeat","background-position":"center center","background-size":"auto","background-attachment":"scroll","background-type":"","background-media":"","overlay-type":"","overlay-color":"","overlay-gradient":""}},"ast-content-background-meta":{"desktop":{"background-color":"var(--ast-global-color-5)","background-image":"","background-repeat":"repeat","background-position":"center center","background-size":"auto","background-attachment":"scroll","background-type":"","background-media":"","overlay-type":"","overlay-color":"","overlay-gradient":""},"tablet":{"background-color":"var(--ast-global-color-5)","background-image":"","background-repeat":"repeat","background-position":"center center","background-size":"auto","background-attachment":"scroll","background-type":"","background-media":"","overlay-type":"","overlay-color":"","overlay-gradient":""},"mobile":{"background-color":"var(--ast-global-color-5)","background-image":"","background-repeat":"repeat","background-position":"center center","background-size":"auto","background-attachment":"scroll","background-type":"","background-media":"","overlay-type":"","overlay-color":"","overlay-gradient":""}}},"product_cat":[53],"product_tag":[],"class_list":{"0":"post-1611","1":"product","2":"type-product","3":"status-publish","4":"has-post-thumbnail","6":"product_cat-oushi","7":"desktop-align-left","8":"tablet-align-left","9":"mobile-align-left","11":"first","12":"instock","13":"shipping-taxable","14":"product-type-simple"},"_links":{"self":[{"href":"https:\/\/www.xminsulation.com\/tr\/wp-json\/wp\/v2\/product\/1611","targetHints":{"allow":["GET"]}}],"collection":[{"href":"https:\/\/www.xminsulation.com\/tr\/wp-json\/wp\/v2\/product"}],"about":[{"href":"https:\/\/www.xminsulation.com\/tr\/wp-json\/wp\/v2\/types\/product"}],"wp:featuredmedia":[{"embeddable":true,"href":"https:\/\/www.xminsulation.com\/tr\/wp-json\/wp\/v2\/media\/1612"}],"wp:attachment":[{"href":"https:\/\/www.xminsulation.com\/tr\/wp-json\/wp\/v2\/media?parent=1611"}],"wp:term":[{"taxonomy":"product_cat","embeddable":true,"href":"https:\/\/www.xminsulation.com\/tr\/wp-json\/wp\/v2\/product_cat?post=1611"},{"taxonomy":"product_tag","embeddable":true,"href":"https:\/\/www.xminsulation.com\/tr\/wp-json\/wp\/v2\/product_tag?post=1611"}],"curies":[{"name":"wp","href":"https:\/\/api.w.org\/{rel}","templated":true}]}}