{"id":1607,"date":"2024-05-07T19:50:09","date_gmt":"2024-05-07T11:50:09","guid":{"rendered":"http:\/\/www.xminsulation.com\/?post_type=product&#038;p=1607"},"modified":"2024-05-15T15:51:13","modified_gmt":"2024-05-15T07:51:13","slug":"zt-12kv24kv-250a-european-style-elbow-cable-connector","status":"publish","type":"product","link":"https:\/\/www.xminsulation.com\/tr\/product\/zt-12kv24kv-250a-european-style-elbow-cable-connector\/","title":{"rendered":"ZT 12kV(24kV) 250A Avrupa Tarz\u0131 Dirsek Kablo Konnekt\u00f6r\u00fc"},"content":{"rendered":"<p><img fetchpriority=\"high\" decoding=\"async\" class=\"alignnone wp-image-1609 size-full\" src=\"http:\/\/www.xminsulation.com\/wp-content\/uploads\/2024\/05\/\u56fe\u7247340-1.png\" alt=\"\" width=\"990\" height=\"990\" srcset=\"https:\/\/www.xminsulation.com\/wp-content\/uploads\/2024\/05\/\u56fe\u7247340-1.png 990w, https:\/\/www.xminsulation.com\/wp-content\/uploads\/2024\/05\/\u56fe\u7247340-1-300x300.png 300w, https:\/\/www.xminsulation.com\/wp-content\/uploads\/2024\/05\/\u56fe\u7247340-1-150x150.png 150w, https:\/\/www.xminsulation.com\/wp-content\/uploads\/2024\/05\/\u56fe\u7247340-1-768x768.png 768w, https:\/\/www.xminsulation.com\/wp-content\/uploads\/2024\/05\/\u56fe\u7247340-1-600x600.png 600w, https:\/\/www.xminsulation.com\/wp-content\/uploads\/2024\/05\/\u56fe\u7247340-1-100x100.png 100w\" sizes=\"(max-width: 990px) 100vw, 990px\" \/><\/p>\n<h2><strong><b>Genel bilgi<\/b><\/strong><\/h2>\n<p>LT-12 (24) \/250 tipi dirsek tipi kablo konnekt\u00f6r\u00fc, 250A DIN47636 standart kasan\u0131n, y\u00fcksek voltajl\u0131 kur\u015fun tel kablosunun ba\u011flant\u0131s\u0131na uygulan\u0131r. Test noktas\u0131na k\u0131sa devre ar\u0131za g\u00f6stergesi veya canl\u0131 monit\u00f6r tak\u0131labilir, h\u0131zl\u0131 ar\u0131za yeri tespiti veya hat \u015farj durumu g\u00f6stergesi elde edilebilir, \u015farj fi\u015fi kullan\u0131lamaz.<\/p>\n<p>12kV veya 24kV tasar\u0131m gereksinimlerine g\u00f6re gerilim s\u0131n\u0131f\u0131, anma ak\u0131m\u0131: 250A Kablo kesitinin uygulanmas\u0131: 35~150mm.<\/p>\n<p><img decoding=\"async\" class=\"alignnone wp-image-1610 size-full\" src=\"http:\/\/www.xminsulation.com\/wp-content\/uploads\/2024\/05\/\u56fe\u7247341.png\" alt=\"\" width=\"1221\" height=\"1364\" srcset=\"https:\/\/www.xminsulation.com\/wp-content\/uploads\/2024\/05\/\u56fe\u7247341.png 1221w, https:\/\/www.xminsulation.com\/wp-content\/uploads\/2024\/05\/\u56fe\u7247341-269x300.png 269w, https:\/\/www.xminsulation.com\/wp-content\/uploads\/2024\/05\/\u56fe\u7247341-917x1024.png 917w, https:\/\/www.xminsulation.com\/wp-content\/uploads\/2024\/05\/\u56fe\u7247341-768x858.png 768w, https:\/\/www.xminsulation.com\/wp-content\/uploads\/2024\/05\/\u56fe\u7247341-600x670.png 600w\" sizes=\"(max-width: 1221px) 100vw, 1221px\" \/><\/p>\n<p>&nbsp;<\/p>\n<h2 class=\"wxts\">\u25c6\u00d6zel \u00d6zelle\u015ftirme<\/h2>\n<p>Yukar\u0131daki parametreler tipik verilerdir; Mevcut stiller \u00f6zel taleplerinizi kar\u015f\u0131lam\u0131yorsa, l\u00fctfen \u00f6zel bir tasar\u0131m i\u00e7in bizimle ileti\u015fime ge\u00e7in. Ki\u015fiselle\u015ftirilmi\u015f ki\u015fiselle\u015ftirme geli\u015ftirme ve \u00fcretim becerilerimiz, d\u00fcnyan\u0131n her yerindeki m\u00fc\u015fterilerimize \u00f6zel \u00e7\u00f6z\u00fcmler sunmam\u0131za olanak tan\u0131yor.<\/p>","protected":false},"excerpt":{"rendered":"<p>General Information LT-12 (24) \/250 type elbow type cable connector is applied to the connection of the 250A DIN47636 standard casing, the high voltage lead wire cable. The test point can be installed short circuit fault indicator or live monitor, to achieve fast fault location or line charged state indicator, can not be charged plug. [&hellip;]<\/p>","protected":false},"featured_media":1608,"template":"","meta":{"site-sidebar-layout":"default","site-content-layout":"","ast-site-content-layout":"default","site-content-style":"default","site-sidebar-style":"default","ast-global-header-display":"","ast-banner-title-visibility":"","ast-main-header-display":"","ast-hfb-above-header-display":"","ast-hfb-below-header-display":"","ast-hfb-mobile-header-display":"","site-post-title":"","ast-breadcrumbs-content":"","ast-featured-img":"","footer-sml-layout":"","theme-transparent-header-meta":"default","adv-header-id-meta":"","stick-header-meta":"","header-above-stick-meta":"","header-main-stick-meta":"","header-below-stick-meta":"","astra-migrate-meta-layouts":"set","ast-page-background-enabled":"default","ast-page-background-meta":{"desktop":{"background-color":"","background-image":"","background-repeat":"repeat","background-position":"center center","background-size":"auto","background-attachment":"scroll","background-type":"","background-media":"","overlay-type":"","overlay-color":"","overlay-gradient":""},"tablet":{"background-color":"","background-image":"","background-repeat":"repeat","background-position":"center center","background-size":"auto","background-attachment":"scroll","background-type":"","background-media":"","overlay-type":"","overlay-color":"","overlay-gradient":""},"mobile":{"background-color":"","background-image":"","background-repeat":"repeat","background-position":"center center","background-size":"auto","background-attachment":"scroll","background-type":"","background-media":"","overlay-type":"","overlay-color":"","overlay-gradient":""}},"ast-content-background-meta":{"desktop":{"background-color":"var(--ast-global-color-5)","background-image":"","background-repeat":"repeat","background-position":"center center","background-size":"auto","background-attachment":"scroll","background-type":"","background-media":"","overlay-type":"","overlay-color":"","overlay-gradient":""},"tablet":{"background-color":"var(--ast-global-color-5)","background-image":"","background-repeat":"repeat","background-position":"center center","background-size":"auto","background-attachment":"scroll","background-type":"","background-media":"","overlay-type":"","overlay-color":"","overlay-gradient":""},"mobile":{"background-color":"var(--ast-global-color-5)","background-image":"","background-repeat":"repeat","background-position":"center center","background-size":"auto","background-attachment":"scroll","background-type":"","background-media":"","overlay-type":"","overlay-color":"","overlay-gradient":""}}},"product_cat":[53],"product_tag":[],"class_list":{"0":"post-1607","1":"product","2":"type-product","3":"status-publish","4":"has-post-thumbnail","6":"product_cat-oushi","7":"desktop-align-left","8":"tablet-align-left","9":"mobile-align-left","11":"first","12":"instock","13":"shipping-taxable","14":"product-type-simple"},"_links":{"self":[{"href":"https:\/\/www.xminsulation.com\/tr\/wp-json\/wp\/v2\/product\/1607","targetHints":{"allow":["GET"]}}],"collection":[{"href":"https:\/\/www.xminsulation.com\/tr\/wp-json\/wp\/v2\/product"}],"about":[{"href":"https:\/\/www.xminsulation.com\/tr\/wp-json\/wp\/v2\/types\/product"}],"wp:featuredmedia":[{"embeddable":true,"href":"https:\/\/www.xminsulation.com\/tr\/wp-json\/wp\/v2\/media\/1608"}],"wp:attachment":[{"href":"https:\/\/www.xminsulation.com\/tr\/wp-json\/wp\/v2\/media?parent=1607"}],"wp:term":[{"taxonomy":"product_cat","embeddable":true,"href":"https:\/\/www.xminsulation.com\/tr\/wp-json\/wp\/v2\/product_cat?post=1607"},{"taxonomy":"product_tag","embeddable":true,"href":"https:\/\/www.xminsulation.com\/tr\/wp-json\/wp\/v2\/product_tag?post=1607"}],"curies":[{"name":"wp","href":"https:\/\/api.w.org\/{rel}","templated":true}]}}