{"id":1584,"date":"2024-05-07T19:41:08","date_gmt":"2024-05-07T11:41:08","guid":{"rendered":"http:\/\/www.xminsulation.com\/?post_type=product&#038;p=1584"},"modified":"2024-05-15T15:55:04","modified_gmt":"2024-05-15T07:55:04","slug":"hblq-17-50-m-0-v-bushing-rear-surge-arrester","status":"publish","type":"product","link":"https:\/\/www.xminsulation.com\/tr\/product\/hblq-17-50-m-0-v-bushing-rear-surge-arrester\/","title":{"rendered":"HBLQ-17\/50 M.0.V Bur\u00e7lu Arka A\u015f\u0131r\u0131 Gerilim Korumas\u0131"},"content":{"rendered":"<p><img fetchpriority=\"high\" decoding=\"async\" class=\"alignnone wp-image-1586 size-full\" src=\"http:\/\/www.xminsulation.com\/wp-content\/uploads\/2024\/05\/\u56fe\u7247328-1.png\" alt=\"\" width=\"567\" height=\"567\" srcset=\"https:\/\/www.xminsulation.com\/wp-content\/uploads\/2024\/05\/\u56fe\u7247328-1.png 567w, https:\/\/www.xminsulation.com\/wp-content\/uploads\/2024\/05\/\u56fe\u7247328-1-300x300.png 300w, https:\/\/www.xminsulation.com\/wp-content\/uploads\/2024\/05\/\u56fe\u7247328-1-150x150.png 150w, https:\/\/www.xminsulation.com\/wp-content\/uploads\/2024\/05\/\u56fe\u7247328-1-100x100.png 100w\" sizes=\"(max-width: 567px) 100vw, 567px\" \/><\/p>\n<h2><strong><b>Genel bilgi<\/b><\/strong><\/h2>\n<p>17\/50kV MOV Bushing Parafudr, yar\u0131 iletken kalkan\u0131 kullanarak ki\u015finin g\u00fcvenli\u011fini ve ekipman\u0131n iyi \u00e7al\u0131\u015fmas\u0131n\u0131 sa\u011flamak i\u00e7in g\u00fcvenilir bir koruyucu orta gerilim \u015febekesi sa\u011flar, ayr\u0131ca ko\u015fullar alt\u0131nda \u00e7al\u0131\u015fabildiklerinden emin olmak i\u00e7in y\u00fcksek miktara sahiptirler.<\/p>\n<p>17\/50kV MOV Bushing Parafudr T arka konnekt\u00f6r\u00fc ile birlikte kullan\u0131labilir.<\/p>\n<p><img decoding=\"async\" class=\"alignnone wp-image-1587 size-full\" src=\"http:\/\/www.xminsulation.com\/wp-content\/uploads\/2024\/05\/\u56fe\u7247329.png\" alt=\"\" width=\"337\" height=\"627\" srcset=\"https:\/\/www.xminsulation.com\/wp-content\/uploads\/2024\/05\/\u56fe\u7247329.png 337w, https:\/\/www.xminsulation.com\/wp-content\/uploads\/2024\/05\/\u56fe\u7247329-161x300.png 161w\" sizes=\"(max-width: 337px) 100vw, 337px\" \/><\/p>\n<h2><strong><b>\u00dcr\u00fcn Yap\u0131s\u0131<\/b><\/strong><\/h2>\n<ol>\n<li>Yal\u0131t\u0131m katman\u0131: Prekast EPDM yal\u0131t\u0131m kau\u00e7u\u011funun kalitesinin kalitesini garanti alt\u0131na almak i\u00e7in benzersiz bir form\u00fclasyon ve kar\u0131\u015ft\u0131rma teknolojisi.<\/li>\n<li>D\u0131\u015f yar\u0131 iletken katman: IEEE592 standard\u0131na uygun \u00f6nceden \u00fcretilmi\u015f EPDM iletken kau\u00e7uk.<\/li>\n<li>y\u0131ld\u0131r\u0131mdan korunma \u00e7ekirde\u011fi: \u00f6zel i\u015f\u00e7ilikle i\u015flenmi\u015f \u00c7inko Oksit MOA&#039;dan olu\u015fur.<\/li>\n<li>bak\u0131r, bak\u0131r alt kapak alt kapak ve d\u0131\u015f iletken tabaka parafudr yak\u0131ndan, etkili su ge\u00e7irmez parafudr yapar ve y\u0131ld\u0131r\u0131m parafudr i\u00e7in topraklama sa\u011flar.<\/li>\n<li>Topraklama telinin alt ucu: gemideki topraklama parafudrlar\u0131, y\u0131ld\u0131r\u0131m darbe gerilimi i\u00e7in etkili bir \u015fekilde topraklama yapacakt\u0131r<\/li>\n<\/ol>\n<p>topraklama pozisyonuna getirildi.<\/p>\n<ol start=\"6\">\n<li>i\u00e7 yar\u0131 iletken katman: prefabrik EPDM iletken kau\u00e7uk etkili elektriksel gerilim kontrol\u00fc.<\/li>\n<li>\u00e7ift ba\u015fl\u0131 c\u0131vata: yak\u0131n koordinasyonu sa\u011flamak i\u00e7in kalayl\u0131 bak\u0131r iletken ve muhafaza c\u0131vatas\u0131.<\/li>\n<li>yal\u0131tkan u\u00e7 kapa\u011f\u0131: \u00dcr\u00fcn yal\u0131tkan bir s\u0131zd\u0131rmazl\u0131k etkisine sahiptir.<\/li>\n<\/ol>\n<p><img decoding=\"async\" class=\"alignnone wp-image-1588 size-full\" src=\"http:\/\/www.xminsulation.com\/wp-content\/uploads\/2024\/05\/\u56fe\u7247330.png\" alt=\"\" width=\"838\" height=\"216\" srcset=\"https:\/\/www.xminsulation.com\/wp-content\/uploads\/2024\/05\/\u56fe\u7247330.png 838w, https:\/\/www.xminsulation.com\/wp-content\/uploads\/2024\/05\/\u56fe\u7247330-300x77.png 300w, https:\/\/www.xminsulation.com\/wp-content\/uploads\/2024\/05\/\u56fe\u7247330-768x198.png 768w, https:\/\/www.xminsulation.com\/wp-content\/uploads\/2024\/05\/\u56fe\u7247330-600x155.png 600w\" sizes=\"(max-width: 838px) 100vw, 838px\" \/><\/p>\n<p>&nbsp;<\/p>\n<div class=\"wxts\">\n<h2>\u25c6\u00d6zel \u00d6zelle\u015ftirme<\/h2>\n<p>Yukar\u0131daki parametreler tipik verilerdir; Mevcut stiller \u00f6zel taleplerinizi kar\u015f\u0131lam\u0131yorsa, l\u00fctfen \u00f6zel bir tasar\u0131m i\u00e7in bizimle ileti\u015fime ge\u00e7in. Ki\u015fiselle\u015ftirilmi\u015f ki\u015fiselle\u015ftirme geli\u015ftirme ve \u00fcretim becerilerimiz, d\u00fcnyan\u0131n her yerindeki m\u00fc\u015fterilerimize \u00f6zel \u00e7\u00f6z\u00fcmler sunmam\u0131za olanak tan\u0131yor.<\/p>\n<\/div>","protected":false},"excerpt":{"rendered":"<p>General Information 17\/50kV M.O.V Bushing Surge Arrester provide a reliable protective medium voltage network . using the semi-conductive shield to make sure the person is safe and the equipment can work well, also they have the high quantity to make sure they can work in the Circumstances. The 17\/50kV M.O.V Bushing Surge\u00a0Arrester can be use [&hellip;]<\/p>","protected":false},"featured_media":1585,"template":"","meta":{"site-sidebar-layout":"default","site-content-layout":"","ast-site-content-layout":"default","site-content-style":"default","site-sidebar-style":"default","ast-global-header-display":"","ast-banner-title-visibility":"","ast-main-header-display":"","ast-hfb-above-header-display":"","ast-hfb-below-header-display":"","ast-hfb-mobile-header-display":"","site-post-title":"","ast-breadcrumbs-content":"","ast-featured-img":"","footer-sml-layout":"","theme-transparent-header-meta":"default","adv-header-id-meta":"","stick-header-meta":"","header-above-stick-meta":"","header-main-stick-meta":"","header-below-stick-meta":"","astra-migrate-meta-layouts":"set","ast-page-background-enabled":"default","ast-page-background-meta":{"desktop":{"background-color":"","background-image":"","background-repeat":"repeat","background-position":"center center","background-size":"auto","background-attachment":"scroll","background-type":"","background-media":"","overlay-type":"","overlay-color":"","overlay-gradient":""},"tablet":{"background-color":"","background-image":"","background-repeat":"repeat","background-position":"center center","background-size":"auto","background-attachment":"scroll","background-type":"","background-media":"","overlay-type":"","overlay-color":"","overlay-gradient":""},"mobile":{"background-color":"","background-image":"","background-repeat":"repeat","background-position":"center center","background-size":"auto","background-attachment":"scroll","background-type":"","background-media":"","overlay-type":"","overlay-color":"","overlay-gradient":""}},"ast-content-background-meta":{"desktop":{"background-color":"var(--ast-global-color-5)","background-image":"","background-repeat":"repeat","background-position":"center center","background-size":"auto","background-attachment":"scroll","background-type":"","background-media":"","overlay-type":"","overlay-color":"","overlay-gradient":""},"tablet":{"background-color":"var(--ast-global-color-5)","background-image":"","background-repeat":"repeat","background-position":"center center","background-size":"auto","background-attachment":"scroll","background-type":"","background-media":"","overlay-type":"","overlay-color":"","overlay-gradient":""},"mobile":{"background-color":"var(--ast-global-color-5)","background-image":"","background-repeat":"repeat","background-position":"center center","background-size":"auto","background-attachment":"scroll","background-type":"","background-media":"","overlay-type":"","overlay-color":"","overlay-gradient":""}}},"product_cat":[53],"product_tag":[],"class_list":{"0":"post-1584","1":"product","2":"type-product","3":"status-publish","4":"has-post-thumbnail","6":"product_cat-oushi","7":"desktop-align-left","8":"tablet-align-left","9":"mobile-align-left","11":"first","12":"instock","13":"shipping-taxable","14":"product-type-simple"},"_links":{"self":[{"href":"https:\/\/www.xminsulation.com\/tr\/wp-json\/wp\/v2\/product\/1584","targetHints":{"allow":["GET"]}}],"collection":[{"href":"https:\/\/www.xminsulation.com\/tr\/wp-json\/wp\/v2\/product"}],"about":[{"href":"https:\/\/www.xminsulation.com\/tr\/wp-json\/wp\/v2\/types\/product"}],"wp:featuredmedia":[{"embeddable":true,"href":"https:\/\/www.xminsulation.com\/tr\/wp-json\/wp\/v2\/media\/1585"}],"wp:attachment":[{"href":"https:\/\/www.xminsulation.com\/tr\/wp-json\/wp\/v2\/media?parent=1584"}],"wp:term":[{"taxonomy":"product_cat","embeddable":true,"href":"https:\/\/www.xminsulation.com\/tr\/wp-json\/wp\/v2\/product_cat?post=1584"},{"taxonomy":"product_tag","embeddable":true,"href":"https:\/\/www.xminsulation.com\/tr\/wp-json\/wp\/v2\/product_tag?post=1584"}],"curies":[{"name":"wp","href":"https:\/\/api.w.org\/{rel}","templated":true}]}}