{"id":1579,"date":"2024-05-07T18:04:56","date_gmt":"2024-05-07T10:04:56","guid":{"rendered":"http:\/\/www.xminsulation.com\/?post_type=product&#038;p=1579"},"modified":"2024-05-15T15:55:33","modified_gmt":"2024-05-15T07:55:33","slug":"hblq-26-66-24kv-elbow-surge-arrester","status":"publish","type":"product","link":"https:\/\/www.xminsulation.com\/tr\/product\/hblq-26-66-24kv-elbow-surge-arrester\/","title":{"rendered":"HBLQ \u2013 26\/66 24kV Dirsek Parafudr"},"content":{"rendered":"<h2><img fetchpriority=\"high\" decoding=\"async\" class=\"alignnone wp-image-1581 size-full\" src=\"http:\/\/www.xminsulation.com\/wp-content\/uploads\/2024\/05\/\u56fe\u7247325-1.png\" alt=\"\" width=\"592\" height=\"592\" srcset=\"https:\/\/www.xminsulation.com\/wp-content\/uploads\/2024\/05\/\u56fe\u7247325-1.png 592w, https:\/\/www.xminsulation.com\/wp-content\/uploads\/2024\/05\/\u56fe\u7247325-1-300x300.png 300w, https:\/\/www.xminsulation.com\/wp-content\/uploads\/2024\/05\/\u56fe\u7247325-1-150x150.png 150w, https:\/\/www.xminsulation.com\/wp-content\/uploads\/2024\/05\/\u56fe\u7247325-1-100x100.png 100w\" sizes=\"(max-width: 592px) 100vw, 592px\" \/><\/h2>\n<h2><strong><b>Genel bilgi<\/b><\/strong><\/h2>\n<p>26\/66kV MOV Bushing Parafudr, g\u00fcvenilir bir koruyucu orta gerilim \u015febekesi sa\u011flar. Yar\u0131 iletken kalkan\u0131 kullanarak ki\u015finin g\u00fcvenli\u011fini ve ekipman\u0131n iyi \u00e7al\u0131\u015fmas\u0131n\u0131 sa\u011flar, ayr\u0131ca ko\u015fullar alt\u0131nda \u00e7al\u0131\u015fabildiklerinden emin olmak i\u00e7in y\u00fcksek miktara sahiptirler.<\/p>\n<p>26\/66kV MOV Bushingli Parafudr T arka konnekt\u00f6r\u00fc ile birlikte kullan\u0131labilir.<\/p>\n<p><img decoding=\"async\" class=\"alignnone wp-image-1582 size-full\" src=\"http:\/\/www.xminsulation.com\/wp-content\/uploads\/2024\/05\/\u56fe\u7247326.png\" alt=\"\" width=\"325\" height=\"703\" srcset=\"https:\/\/www.xminsulation.com\/wp-content\/uploads\/2024\/05\/\u56fe\u7247326.png 325w, https:\/\/www.xminsulation.com\/wp-content\/uploads\/2024\/05\/\u56fe\u7247326-139x300.png 139w\" sizes=\"(max-width: 325px) 100vw, 325px\" \/><\/p>\n<h2><strong><b>\u00dcr\u00fcn Yap\u0131s\u0131<\/b><\/strong><\/h2>\n<ol>\n<li>EPDM YALITIM: Y\u00fcksek kaliteli k\u00fck\u00fcrtl\u00fc k\u00fcrlenmi\u015f EPDM yal\u0131t\u0131m\u0131, yal\u0131t\u0131m kau\u00e7u\u011funun \u00f6zelliklerinin tam kontrol\u00fc i\u00e7in \u015firket b\u00fcnyesinde kar\u0131\u015ft\u0131r\u0131l\u0131p form\u00fcle edilir.<\/li>\n<li>YARI \u0130LETKEN KALKAN: Kal\u0131planm\u0131\u015f yar\u0131 iletken EPDM kalkan\u0131 ANSI\/IEEE Standard\u0131 592 gereksinimlerini kar\u015f\u0131lar.<\/li>\n<li>TUTUCU \u00c7EK\u0130RDEK : \u00d6zel i\u015flemden ge\u00e7irilmi\u015f \u00e7inko oksit y\u0131ld\u0131r\u0131m tutucu vana diliminden olu\u015fur.<\/li>\n<li>PROB: Prob, di\u015fi kontaklar\u0131n birle\u015fmesiyle g\u00fcvenilir bir iletken yol sa\u011flar.<\/li>\n<li>TOPRAKLAMA TEL\u0130: (Daha b\u00fcy\u00fck topraklama teli i\u00e7in opsiyonel) Topraklama konumuna getirildikten sonra etkili darbe voltaj\u0131 i\u00e7in kullan\u0131l\u0131r.<\/li>\n<\/ol>\n<p><img decoding=\"async\" class=\"alignnone wp-image-1583 size-full\" src=\"http:\/\/www.xminsulation.com\/wp-content\/uploads\/2024\/05\/\u56fe\u7247327.png\" alt=\"\" width=\"1220\" height=\"370\" srcset=\"https:\/\/www.xminsulation.com\/wp-content\/uploads\/2024\/05\/\u56fe\u7247327.png 1220w, https:\/\/www.xminsulation.com\/wp-content\/uploads\/2024\/05\/\u56fe\u7247327-300x91.png 300w, https:\/\/www.xminsulation.com\/wp-content\/uploads\/2024\/05\/\u56fe\u7247327-1024x311.png 1024w, https:\/\/www.xminsulation.com\/wp-content\/uploads\/2024\/05\/\u56fe\u7247327-768x233.png 768w, https:\/\/www.xminsulation.com\/wp-content\/uploads\/2024\/05\/\u56fe\u7247327-600x182.png 600w\" sizes=\"(max-width: 1220px) 100vw, 1220px\" \/><\/p>\n<p>&nbsp;<\/p>\n<div class=\"wxts\">\n<h2>\u25c6\u00d6zel \u00d6zelle\u015ftirme<\/h2>\n<p>Yukar\u0131daki parametreler tipik verilerdir; Mevcut stiller \u00f6zel taleplerinizi kar\u015f\u0131lam\u0131yorsa, l\u00fctfen \u00f6zel bir tasar\u0131m i\u00e7in bizimle ileti\u015fime ge\u00e7in. Ki\u015fiselle\u015ftirilmi\u015f ki\u015fiselle\u015ftirme geli\u015ftirme ve \u00fcretim becerilerimiz, d\u00fcnyan\u0131n her yerindeki m\u00fc\u015fterilerimize \u00f6zel \u00e7\u00f6z\u00fcmler sunmam\u0131za olanak tan\u0131yor.<\/p>\n<\/div>","protected":false},"excerpt":{"rendered":"<p>General Information 26\/66kV M.O.V Bushing Surge Arrester provide a reliable protective medium voltage network . using the semi-conductive shield to make sure the person is safe and the equipment can work well , also they have the high quantity to make sure they can work in the Circumstances. The26\/66kV M.O.V Bushing Surge Arrester can be [&hellip;]<\/p>","protected":false},"featured_media":1580,"template":"","meta":{"site-sidebar-layout":"default","site-content-layout":"","ast-site-content-layout":"default","site-content-style":"default","site-sidebar-style":"default","ast-global-header-display":"","ast-banner-title-visibility":"","ast-main-header-display":"","ast-hfb-above-header-display":"","ast-hfb-below-header-display":"","ast-hfb-mobile-header-display":"","site-post-title":"","ast-breadcrumbs-content":"","ast-featured-img":"","footer-sml-layout":"","theme-transparent-header-meta":"default","adv-header-id-meta":"","stick-header-meta":"","header-above-stick-meta":"","header-main-stick-meta":"","header-below-stick-meta":"","astra-migrate-meta-layouts":"set","ast-page-background-enabled":"default","ast-page-background-meta":{"desktop":{"background-color":"","background-image":"","background-repeat":"repeat","background-position":"center center","background-size":"auto","background-attachment":"scroll","background-type":"","background-media":"","overlay-type":"","overlay-color":"","overlay-gradient":""},"tablet":{"background-color":"","background-image":"","background-repeat":"repeat","background-position":"center center","background-size":"auto","background-attachment":"scroll","background-type":"","background-media":"","overlay-type":"","overlay-color":"","overlay-gradient":""},"mobile":{"background-color":"","background-image":"","background-repeat":"repeat","background-position":"center center","background-size":"auto","background-attachment":"scroll","background-type":"","background-media":"","overlay-type":"","overlay-color":"","overlay-gradient":""}},"ast-content-background-meta":{"desktop":{"background-color":"var(--ast-global-color-5)","background-image":"","background-repeat":"repeat","background-position":"center center","background-size":"auto","background-attachment":"scroll","background-type":"","background-media":"","overlay-type":"","overlay-color":"","overlay-gradient":""},"tablet":{"background-color":"var(--ast-global-color-5)","background-image":"","background-repeat":"repeat","background-position":"center center","background-size":"auto","background-attachment":"scroll","background-type":"","background-media":"","overlay-type":"","overlay-color":"","overlay-gradient":""},"mobile":{"background-color":"var(--ast-global-color-5)","background-image":"","background-repeat":"repeat","background-position":"center center","background-size":"auto","background-attachment":"scroll","background-type":"","background-media":"","overlay-type":"","overlay-color":"","overlay-gradient":""}}},"product_cat":[53],"product_tag":[],"class_list":{"0":"post-1579","1":"product","2":"type-product","3":"status-publish","4":"has-post-thumbnail","6":"product_cat-oushi","7":"desktop-align-left","8":"tablet-align-left","9":"mobile-align-left","11":"first","12":"instock","13":"shipping-taxable","14":"product-type-simple"},"_links":{"self":[{"href":"https:\/\/www.xminsulation.com\/tr\/wp-json\/wp\/v2\/product\/1579","targetHints":{"allow":["GET"]}}],"collection":[{"href":"https:\/\/www.xminsulation.com\/tr\/wp-json\/wp\/v2\/product"}],"about":[{"href":"https:\/\/www.xminsulation.com\/tr\/wp-json\/wp\/v2\/types\/product"}],"wp:featuredmedia":[{"embeddable":true,"href":"https:\/\/www.xminsulation.com\/tr\/wp-json\/wp\/v2\/media\/1580"}],"wp:attachment":[{"href":"https:\/\/www.xminsulation.com\/tr\/wp-json\/wp\/v2\/media?parent=1579"}],"wp:term":[{"taxonomy":"product_cat","embeddable":true,"href":"https:\/\/www.xminsulation.com\/tr\/wp-json\/wp\/v2\/product_cat?post=1579"},{"taxonomy":"product_tag","embeddable":true,"href":"https:\/\/www.xminsulation.com\/tr\/wp-json\/wp\/v2\/product_tag?post=1579"}],"curies":[{"name":"wp","href":"https:\/\/api.w.org\/{rel}","templated":true}]}}