{"id":1574,"date":"2024-05-07T18:02:35","date_gmt":"2024-05-07T10:02:35","guid":{"rendered":"http:\/\/www.xminsulation.com\/?post_type=product&#038;p=1574"},"modified":"2024-05-15T15:56:01","modified_gmt":"2024-05-15T07:56:01","slug":"jym-12kv-24kv-630a-lnsulated-protective-cap","status":"publish","type":"product","link":"https:\/\/www.xminsulation.com\/tr\/product\/jym-12kv-24kv-630a-lnsulated-protective-cap\/","title":{"rendered":"JYM-12kV\/24kV 630A Yal\u0131t\u0131ml\u0131 Koruyucu Kapak"},"content":{"rendered":"<p><strong><b><img fetchpriority=\"high\" decoding=\"async\" class=\"alignnone wp-image-1576 size-full\" src=\"http:\/\/www.xminsulation.com\/wp-content\/uploads\/2024\/05\/\u56fe\u7247322-1.png\" alt=\"\" width=\"504\" height=\"504\" srcset=\"https:\/\/www.xminsulation.com\/wp-content\/uploads\/2024\/05\/\u56fe\u7247322-1.png 504w, https:\/\/www.xminsulation.com\/wp-content\/uploads\/2024\/05\/\u56fe\u7247322-1-300x300.png 300w, https:\/\/www.xminsulation.com\/wp-content\/uploads\/2024\/05\/\u56fe\u7247322-1-150x150.png 150w, https:\/\/www.xminsulation.com\/wp-content\/uploads\/2024\/05\/\u56fe\u7247322-1-100x100.png 100w\" sizes=\"(max-width: 504px) 100vw, 504px\" \/><\/b><\/strong><\/p>\n<h2><strong><b>Genel bilgi<\/b><\/strong><\/h2>\n<p>12KV\/24KV yal\u0131t\u0131m kapa\u011f\u0131, nokta kovan\u0131na bir aksesuard\u0131r. Nokta kovan\u0131 i\u00e7in yal\u0131t\u0131m zarf\u0131 ve nokta olmayan sorgulay\u0131c\u0131 eklem i\u00e7in toz ge\u00e7irmez ve nem ge\u00e7irmez zarf sa\u011flar.<\/p>\n<p>630A yal\u0131t\u0131m kapa\u011f\u0131 630A burcuna, baraya ve duvara as\u0131l\u0131 ekipmana tak\u0131labilir. Bara ve kablo konnekt\u00f6r\u00fc bekleme \u00e7\u0131k\u0131\u015f\u0131 i\u00e7in ayr\u0131ld\u0131\u011f\u0131nda, 630A yal\u0131t\u0131m kapa\u011f\u0131yla kapat\u0131lmal\u0131d\u0131r.<\/p>\n<p><img decoding=\"async\" class=\"alignnone wp-image-1577 size-full\" src=\"http:\/\/www.xminsulation.com\/wp-content\/uploads\/2024\/05\/\u56fe\u7247323.png\" alt=\"\" width=\"483\" height=\"392\" srcset=\"https:\/\/www.xminsulation.com\/wp-content\/uploads\/2024\/05\/\u56fe\u7247323.png 483w, https:\/\/www.xminsulation.com\/wp-content\/uploads\/2024\/05\/\u56fe\u7247323-300x243.png 300w\" sizes=\"(max-width: 483px) 100vw, 483px\" \/><\/p>\n<h2><strong><b>\u00dcr\u00fcn Yap\u0131s\u0131<\/b><\/strong><\/h2>\n<ol>\n<li>halkan\u0131n \u00e7al\u0131\u015fmas\u0131: paslanmaz \u00e7elikten yap\u0131lm\u0131\u015f, montaj\u0131 ve \u00e7al\u0131\u015fmas\u0131 rahat \u00fcr\u00fcnlerdir;<\/li>\n<li>yal\u0131t\u0131m katman\u0131: prekast EPDM yal\u0131t\u0131m kau\u00e7u\u011funun kalitesinin kalitesini garanti alt\u0131na almak i\u00e7in benzersiz bir form\u00fclasyon ve kar\u0131\u015ft\u0131rma teknolojisi;<\/li>\n<li>d\u0131\u015f yar\u0131 iletken katman: IEEE592 standard\u0131na g\u00f6re \u00f6nceden \u00fcretilmi\u015f EPDM iletken kau\u00e7uk;<\/li>\n<li>i\u00e7 di\u015f: M16-2 i\u00e7in i\u00e7 di\u015f;<\/li>\n<li>topraklama g\u00f6z\u00fc ile topraklanm\u0131\u015f: g\u00f6z, \u00fcr\u00fcnleri topraklama yapar.<\/li>\n<\/ol>\n<p><img decoding=\"async\" class=\"alignnone wp-image-1578 size-full\" src=\"http:\/\/www.xminsulation.com\/wp-content\/uploads\/2024\/05\/\u56fe\u7247324.png\" alt=\"\" width=\"1008\" height=\"278\" srcset=\"https:\/\/www.xminsulation.com\/wp-content\/uploads\/2024\/05\/\u56fe\u7247324.png 1008w, https:\/\/www.xminsulation.com\/wp-content\/uploads\/2024\/05\/\u56fe\u7247324-300x83.png 300w, https:\/\/www.xminsulation.com\/wp-content\/uploads\/2024\/05\/\u56fe\u7247324-768x212.png 768w, https:\/\/www.xminsulation.com\/wp-content\/uploads\/2024\/05\/\u56fe\u7247324-600x165.png 600w\" sizes=\"(max-width: 1008px) 100vw, 1008px\" \/><\/p>\n<p>&nbsp;<\/p>\n<div class=\"wxts\">\n<h2>\u25c6\u00d6zel \u00d6zelle\u015ftirme<\/h2>\n<p>Yukar\u0131daki parametreler tipik verilerdir; Mevcut stiller \u00f6zel taleplerinizi kar\u015f\u0131lam\u0131yorsa, l\u00fctfen \u00f6zel bir tasar\u0131m i\u00e7in bizimle ileti\u015fime ge\u00e7in. Ki\u015fiselle\u015ftirilmi\u015f ki\u015fiselle\u015ftirme geli\u015ftirme ve \u00fcretim becerilerimiz, d\u00fcnyan\u0131n her yerindeki m\u00fc\u015fterilerimize \u00f6zel \u00e7\u00f6z\u00fcmler sunmam\u0131za olanak tan\u0131yor.<\/p>\n<\/div>","protected":false},"excerpt":{"rendered":"<p>General Information The 12KV\/24KV insulating cap is an accessory to the point sleeve. It provides insulation envelope for the point sleeve and dust-proof and moisture-proof envelope for the non-point interrogative joint. The 630A insulating cap can be installed on the 630A bushing, bus bar and wall hanging equipment. When the bus bar and cable connector [&hellip;]<\/p>","protected":false},"featured_media":1575,"template":"","meta":{"site-sidebar-layout":"default","site-content-layout":"","ast-site-content-layout":"default","site-content-style":"default","site-sidebar-style":"default","ast-global-header-display":"","ast-banner-title-visibility":"","ast-main-header-display":"","ast-hfb-above-header-display":"","ast-hfb-below-header-display":"","ast-hfb-mobile-header-display":"","site-post-title":"","ast-breadcrumbs-content":"","ast-featured-img":"","footer-sml-layout":"","theme-transparent-header-meta":"default","adv-header-id-meta":"","stick-header-meta":"","header-above-stick-meta":"","header-main-stick-meta":"","header-below-stick-meta":"","astra-migrate-meta-layouts":"set","ast-page-background-enabled":"default","ast-page-background-meta":{"desktop":{"background-color":"","background-image":"","background-repeat":"repeat","background-position":"center center","background-size":"auto","background-attachment":"scroll","background-type":"","background-media":"","overlay-type":"","overlay-color":"","overlay-gradient":""},"tablet":{"background-color":"","background-image":"","background-repeat":"repeat","background-position":"center center","background-size":"auto","background-attachment":"scroll","background-type":"","background-media":"","overlay-type":"","overlay-color":"","overlay-gradient":""},"mobile":{"background-color":"","background-image":"","background-repeat":"repeat","background-position":"center center","background-size":"auto","background-attachment":"scroll","background-type":"","background-media":"","overlay-type":"","overlay-color":"","overlay-gradient":""}},"ast-content-background-meta":{"desktop":{"background-color":"var(--ast-global-color-5)","background-image":"","background-repeat":"repeat","background-position":"center center","background-size":"auto","background-attachment":"scroll","background-type":"","background-media":"","overlay-type":"","overlay-color":"","overlay-gradient":""},"tablet":{"background-color":"var(--ast-global-color-5)","background-image":"","background-repeat":"repeat","background-position":"center center","background-size":"auto","background-attachment":"scroll","background-type":"","background-media":"","overlay-type":"","overlay-color":"","overlay-gradient":""},"mobile":{"background-color":"var(--ast-global-color-5)","background-image":"","background-repeat":"repeat","background-position":"center center","background-size":"auto","background-attachment":"scroll","background-type":"","background-media":"","overlay-type":"","overlay-color":"","overlay-gradient":""}}},"product_cat":[53],"product_tag":[],"class_list":{"0":"post-1574","1":"product","2":"type-product","3":"status-publish","4":"has-post-thumbnail","6":"product_cat-oushi","7":"desktop-align-left","8":"tablet-align-left","9":"mobile-align-left","11":"first","12":"instock","13":"shipping-taxable","14":"product-type-simple"},"_links":{"self":[{"href":"https:\/\/www.xminsulation.com\/tr\/wp-json\/wp\/v2\/product\/1574","targetHints":{"allow":["GET"]}}],"collection":[{"href":"https:\/\/www.xminsulation.com\/tr\/wp-json\/wp\/v2\/product"}],"about":[{"href":"https:\/\/www.xminsulation.com\/tr\/wp-json\/wp\/v2\/types\/product"}],"wp:featuredmedia":[{"embeddable":true,"href":"https:\/\/www.xminsulation.com\/tr\/wp-json\/wp\/v2\/media\/1575"}],"wp:attachment":[{"href":"https:\/\/www.xminsulation.com\/tr\/wp-json\/wp\/v2\/media?parent=1574"}],"wp:term":[{"taxonomy":"product_cat","embeddable":true,"href":"https:\/\/www.xminsulation.com\/tr\/wp-json\/wp\/v2\/product_cat?post=1574"},{"taxonomy":"product_tag","embeddable":true,"href":"https:\/\/www.xminsulation.com\/tr\/wp-json\/wp\/v2\/product_tag?post=1574"}],"curies":[{"name":"wp","href":"https:\/\/api.w.org\/{rel}","templated":true}]}}