{"id":1546,"date":"2024-05-07T17:52:49","date_gmt":"2024-05-07T09:52:49","guid":{"rendered":"http:\/\/www.xminsulation.com\/?post_type=product&#038;p=1546"},"modified":"2024-05-15T16:06:46","modified_gmt":"2024-05-15T08:06:46","slug":"zt-15kv-200a-elbow-cable-connector","status":"publish","type":"product","link":"https:\/\/www.xminsulation.com\/tr\/product\/zt-15kv-200a-elbow-cable-connector\/","title":{"rendered":"ZT-15kV-200A Dirsek Kablo Konnekt\u00f6r\u00fc"},"content":{"rendered":"<p><img fetchpriority=\"high\" decoding=\"async\" class=\"alignnone wp-image-1548 size-full\" src=\"http:\/\/www.xminsulation.com\/wp-content\/uploads\/2024\/05\/\u56fe\u7247303-1.png\" alt=\"\" width=\"1000\" height=\"1000\" srcset=\"https:\/\/www.xminsulation.com\/wp-content\/uploads\/2024\/05\/\u56fe\u7247303-1.png 1000w, https:\/\/www.xminsulation.com\/wp-content\/uploads\/2024\/05\/\u56fe\u7247303-1-300x300.png 300w, https:\/\/www.xminsulation.com\/wp-content\/uploads\/2024\/05\/\u56fe\u7247303-1-150x150.png 150w, https:\/\/www.xminsulation.com\/wp-content\/uploads\/2024\/05\/\u56fe\u7247303-1-768x768.png 768w, https:\/\/www.xminsulation.com\/wp-content\/uploads\/2024\/05\/\u56fe\u7247303-1-600x600.png 600w, https:\/\/www.xminsulation.com\/wp-content\/uploads\/2024\/05\/\u56fe\u7247303-1-100x100.png 100w\" sizes=\"(max-width: 1000px) 100vw, 1000px\" \/><\/p>\n<h2><strong><b>Genel<\/b><\/strong><strong><b>\u00a0Bilgi<\/b><\/strong><\/h2>\n<p>15kV 200A y\u00fck kesme Dirsek Konnekt\u00f6r\u00fc, yeralt\u0131 kablosunu pad-mound trafo da\u011f\u0131t\u0131m g\u00fc\u00e7 sistemine, \u00e7evreleyen g\u00fc\u00e7 kayna\u011f\u0131 dal kutusuna, y\u00fck kesme bur\u00e7lar\u0131yla donat\u0131lm\u0131\u015f kablo dal kutusuna ba\u011flamak i\u00e7in tamamen korumal\u0131 ve yal\u0131t\u0131ml\u0131 bir tak-\u00e7\u0131kar sonland\u0131rmad\u0131r. Dirsek konnekt\u00f6r\u00fc ve bur\u00e7 ek par\u00e7as\u0131, t\u00fcm y\u00fck kesme ba\u011flant\u0131lar\u0131n\u0131n temel bile\u015fenlerini olu\u015fturur. N\u00fckleerdeki hatlar\u0131n talebini kar\u015f\u0131layabilir.<\/p>\n<p>Y\u00fck kesme Dirsekleri, y\u00fcksek kaliteli k\u00fck\u00fcrtl\u00fc k\u00fcrlenmi\u015f yal\u0131t\u0131m ve yar\u0131 iletken EPDM kau\u00e7uk kullan\u0131larak kal\u0131planm\u0131\u015ft\u0131r. Standart \u00f6zellikler aras\u0131nda bak\u0131r \u00fcst konnekt\u00f6r bulunur. Ablatif ark izleyici ucu ve paslanmaz \u00e7elik takviyeli \u00e7ekme g\u00f6z\u00fc olan kalay kapl\u0131 bak\u0131r y\u00fck kesme probu. Korozyona dayan\u0131kl\u0131 plastikten yap\u0131lm\u0131\u015f iste\u011fe ba\u011fl\u0131 kapasitif test noktas\u0131. Ar\u0131za g\u00f6stergeleriyle birlikte kullan\u0131m i\u00e7in mevcuttur. Mevcut iletken kesiti 15kV kablo i\u00e7in 25-150mm2&#039;dir. \u0130letken kutup W\/ARC s\u00f6nd\u00fcrme i\u015flevi.<\/p>\n<p><img decoding=\"async\" class=\"alignnone wp-image-1549 size-full\" src=\"http:\/\/www.xminsulation.com\/wp-content\/uploads\/2024\/05\/\u56fe\u7247304.png\" alt=\"\" width=\"424\" height=\"601\" srcset=\"https:\/\/www.xminsulation.com\/wp-content\/uploads\/2024\/05\/\u56fe\u7247304.png 424w, https:\/\/www.xminsulation.com\/wp-content\/uploads\/2024\/05\/\u56fe\u7247304-212x300.png 212w\" sizes=\"(max-width: 424px) 100vw, 424px\" \/> <img decoding=\"async\" class=\"alignnone wp-image-1550 size-full\" src=\"http:\/\/www.xminsulation.com\/wp-content\/uploads\/2024\/05\/\u56fe\u7247305.png\" alt=\"\" width=\"375\" height=\"679\" srcset=\"https:\/\/www.xminsulation.com\/wp-content\/uploads\/2024\/05\/\u56fe\u7247305.png 375w, https:\/\/www.xminsulation.com\/wp-content\/uploads\/2024\/05\/\u56fe\u7247305-166x300.png 166w\" sizes=\"(max-width: 375px) 100vw, 375px\" \/><\/p>\n<h2><strong><b>\u00dcr\u00fcn Yap\u0131s\u0131<\/b><\/strong><\/h2>\n<p>1\u3001PULLINGEYE: Pozitif t\u00fcfek kolu de\u011fi\u015ftirme i\u015flemleri i\u00e7in g\u00fc\u00e7lendirilmi\u015f paslanmaz \u00e7elik.<\/p>\n<p>2\u3001YALITIM: Tutarl\u0131 ve g\u00fcvenilir saha performans\u0131 i\u00e7in \u015firket b\u00fcnyesinde form\u00fcle edilmi\u015f, kar\u0131\u015ft\u0131r\u0131lm\u0131\u015f ve \u00f6\u011f\u00fct\u00fclm\u00fc\u015f y\u00fcksek kaliteli EPDM kau\u00e7uk.<\/p>\n<p>3\u3001YARI \u0130LETKEN EK: Y\u00fcksek kaliteli EPDM kau\u00e7uk, yal\u0131t\u0131m i\u00e7indeki elektriksel gerilimi e\u015fit \u015fekilde da\u011f\u0131tmak i\u00e7in &quot;ak\u0131m de\u011fi\u015fimi&quot; etraf\u0131nda p\u00fcr\u00fczs\u00fcz bir y\u00fczey olu\u015fturur.<\/p>\n<p>4\u3001TEST NOKTASI(\u0130STE\u011eE BA\u011eLI): Korozyona dayan\u0131kl\u0131, iletken elektrot, ar\u0131za g\u00f6stergelerinin uygulanmas\u0131 ve bir devrenin durumunun belirlenmesi i\u00e7in tutarl\u0131 kapasitif voltaj sa\u011flar (kapak g\u00f6sterilmemi\u015ftir)<\/p>\n<p>5\u3001YARI \u0130LETKEN KALKAN: Y\u00fcksek kaliteli EPDM kau\u00e7uk, IEEE Standard\u0131 592 gereksinimlerini kar\u015f\u0131layan koruyucu \u00f6n kalkan sa\u011flar.<\/p>\n<p>6\u3001LOADBREAK PROBU: Ark-ablatif u\u00e7lu (ark izleyici) kalay kapl\u0131 bak\u0131r prob<\/p>\n<p>7\u3001\u0130LETKEN KABLO PABUCU: Atalet kaynakl\u0131 al\u00fcminyum g\u00f6vde ve di\u015fli bak\u0131r pabu\u00e7, s\u0131kma i\u015flemini kolayla\u015ft\u0131r\u0131r ve y\u00fck kesme probu ile s\u0131k\u0131, g\u00fcvenilir bir elektrik ba\u011flant\u0131s\u0131 sa\u011flar.<\/p>\n<p><img loading=\"lazy\" decoding=\"async\" class=\"alignnone wp-image-1551 size-large\" src=\"http:\/\/www.xminsulation.com\/wp-content\/uploads\/2024\/05\/\u56fe\u7247306-1024x608.png\" alt=\"\" width=\"1024\" height=\"608\" srcset=\"https:\/\/www.xminsulation.com\/wp-content\/uploads\/2024\/05\/\u56fe\u7247306-1024x608.png 1024w, https:\/\/www.xminsulation.com\/wp-content\/uploads\/2024\/05\/\u56fe\u7247306-300x178.png 300w, https:\/\/www.xminsulation.com\/wp-content\/uploads\/2024\/05\/\u56fe\u7247306-768x456.png 768w, https:\/\/www.xminsulation.com\/wp-content\/uploads\/2024\/05\/\u56fe\u7247306-600x356.png 600w, https:\/\/www.xminsulation.com\/wp-content\/uploads\/2024\/05\/\u56fe\u7247306.png 1044w\" sizes=\"(max-width: 1024px) 100vw, 1024px\" \/><\/p>\n<p><strong><b>\u7f8e\u5f0f\u4ea7\u54c1\u8fd0\u7528\u5178\u578b\u5b9e\u5217<\/b><\/strong><\/p>\n<p><strong><b>Amerikan \u00fcr\u00fcnleri tipik bir s\u00fctun kullan\u0131r<\/b><\/strong><\/p>\n<p><img loading=\"lazy\" decoding=\"async\" class=\"alignnone wp-image-1552 size-full\" src=\"http:\/\/www.xminsulation.com\/wp-content\/uploads\/2024\/05\/\u56fe\u7247307.png\" alt=\"\" width=\"894\" height=\"773\" srcset=\"https:\/\/www.xminsulation.com\/wp-content\/uploads\/2024\/05\/\u56fe\u7247307.png 894w, https:\/\/www.xminsulation.com\/wp-content\/uploads\/2024\/05\/\u56fe\u7247307-300x259.png 300w, https:\/\/www.xminsulation.com\/wp-content\/uploads\/2024\/05\/\u56fe\u7247307-768x664.png 768w, https:\/\/www.xminsulation.com\/wp-content\/uploads\/2024\/05\/\u56fe\u7247307-600x519.png 600w\" sizes=\"(max-width: 894px) 100vw, 894px\" \/> <img loading=\"lazy\" decoding=\"async\" class=\"alignnone wp-image-1553 size-full\" src=\"http:\/\/www.xminsulation.com\/wp-content\/uploads\/2024\/05\/\u56fe\u7247308.png\" alt=\"\" width=\"703\" height=\"648\" srcset=\"https:\/\/www.xminsulation.com\/wp-content\/uploads\/2024\/05\/\u56fe\u7247308.png 703w, https:\/\/www.xminsulation.com\/wp-content\/uploads\/2024\/05\/\u56fe\u7247308-300x277.png 300w, https:\/\/www.xminsulation.com\/wp-content\/uploads\/2024\/05\/\u56fe\u7247308-600x553.png 600w\" sizes=\"(max-width: 703px) 100vw, 703px\" \/> <img loading=\"lazy\" decoding=\"async\" class=\"alignnone wp-image-1554 size-large\" src=\"http:\/\/www.xminsulation.com\/wp-content\/uploads\/2024\/05\/\u56fe\u7247309-1024x920.png\" alt=\"\" width=\"1024\" height=\"920\" srcset=\"https:\/\/www.xminsulation.com\/wp-content\/uploads\/2024\/05\/\u56fe\u7247309-1024x920.png 1024w, https:\/\/www.xminsulation.com\/wp-content\/uploads\/2024\/05\/\u56fe\u7247309-300x270.png 300w, https:\/\/www.xminsulation.com\/wp-content\/uploads\/2024\/05\/\u56fe\u7247309-768x690.png 768w, https:\/\/www.xminsulation.com\/wp-content\/uploads\/2024\/05\/\u56fe\u7247309-600x539.png 600w, https:\/\/www.xminsulation.com\/wp-content\/uploads\/2024\/05\/\u56fe\u7247309.png 1350w\" sizes=\"(max-width: 1024px) 100vw, 1024px\" \/><\/p>\n<h2><\/h2>\n<div class=\"wxts\">\n<h2>\u25c6\u00d6zel \u00d6zelle\u015ftirme<\/h2>\n<p>Yukar\u0131daki parametreler tipik verilerdir; Mevcut stiller \u00f6zel taleplerinizi kar\u015f\u0131lam\u0131yorsa, l\u00fctfen \u00f6zel bir tasar\u0131m i\u00e7in bizimle ileti\u015fime ge\u00e7in. Ki\u015fiselle\u015ftirilmi\u015f ki\u015fiselle\u015ftirme geli\u015ftirme ve \u00fcretim becerilerimiz, d\u00fcnyan\u0131n her yerindeki m\u00fc\u015fterilerimize \u00f6zel \u00e7\u00f6z\u00fcmler sunmam\u0131za olanak tan\u0131yor.<\/p>\n<\/div>","protected":false},"excerpt":{"rendered":"<p>General\u00a0Information 15kV 200A loadbreak\u00a0Elbow Connector is a fully-shielded and insulated plug- in termination for connecting underground cable to distribution power system of pad-mound transformer, surrounding power supply branch box, cable branch box equipped with loadbreak\u00a0bushings. The elbow connector and bushing insert comprise the essential components of all loadbreak\u00a0connections. It can meet the demand of lines [&hellip;]<\/p>","protected":false},"featured_media":1547,"template":"","meta":{"site-sidebar-layout":"default","site-content-layout":"","ast-site-content-layout":"default","site-content-style":"default","site-sidebar-style":"default","ast-global-header-display":"","ast-banner-title-visibility":"","ast-main-header-display":"","ast-hfb-above-header-display":"","ast-hfb-below-header-display":"","ast-hfb-mobile-header-display":"","site-post-title":"","ast-breadcrumbs-content":"","ast-featured-img":"","footer-sml-layout":"","theme-transparent-header-meta":"default","adv-header-id-meta":"","stick-header-meta":"","header-above-stick-meta":"","header-main-stick-meta":"","header-below-stick-meta":"","astra-migrate-meta-layouts":"set","ast-page-background-enabled":"default","ast-page-background-meta":{"desktop":{"background-color":"","background-image":"","background-repeat":"repeat","background-position":"center center","background-size":"auto","background-attachment":"scroll","background-type":"","background-media":"","overlay-type":"","overlay-color":"","overlay-gradient":""},"tablet":{"background-color":"","background-image":"","background-repeat":"repeat","background-position":"center center","background-size":"auto","background-attachment":"scroll","background-type":"","background-media":"","overlay-type":"","overlay-color":"","overlay-gradient":""},"mobile":{"background-color":"","background-image":"","background-repeat":"repeat","background-position":"center center","background-size":"auto","background-attachment":"scroll","background-type":"","background-media":"","overlay-type":"","overlay-color":"","overlay-gradient":""}},"ast-content-background-meta":{"desktop":{"background-color":"var(--ast-global-color-5)","background-image":"","background-repeat":"repeat","background-position":"center center","background-size":"auto","background-attachment":"scroll","background-type":"","background-media":"","overlay-type":"","overlay-color":"","overlay-gradient":""},"tablet":{"background-color":"var(--ast-global-color-5)","background-image":"","background-repeat":"repeat","background-position":"center center","background-size":"auto","background-attachment":"scroll","background-type":"","background-media":"","overlay-type":"","overlay-color":"","overlay-gradient":""},"mobile":{"background-color":"var(--ast-global-color-5)","background-image":"","background-repeat":"repeat","background-position":"center center","background-size":"auto","background-attachment":"scroll","background-type":"","background-media":"","overlay-type":"","overlay-color":"","overlay-gradient":""}}},"product_cat":[52],"product_tag":[],"class_list":{"0":"post-1546","1":"product","2":"type-product","3":"status-publish","4":"has-post-thumbnail","6":"product_cat-meishi","7":"desktop-align-left","8":"tablet-align-left","9":"mobile-align-left","11":"first","12":"instock","13":"shipping-taxable","14":"product-type-simple"},"_links":{"self":[{"href":"https:\/\/www.xminsulation.com\/tr\/wp-json\/wp\/v2\/product\/1546","targetHints":{"allow":["GET"]}}],"collection":[{"href":"https:\/\/www.xminsulation.com\/tr\/wp-json\/wp\/v2\/product"}],"about":[{"href":"https:\/\/www.xminsulation.com\/tr\/wp-json\/wp\/v2\/types\/product"}],"wp:featuredmedia":[{"embeddable":true,"href":"https:\/\/www.xminsulation.com\/tr\/wp-json\/wp\/v2\/media\/1547"}],"wp:attachment":[{"href":"https:\/\/www.xminsulation.com\/tr\/wp-json\/wp\/v2\/media?parent=1546"}],"wp:term":[{"taxonomy":"product_cat","embeddable":true,"href":"https:\/\/www.xminsulation.com\/tr\/wp-json\/wp\/v2\/product_cat?post=1546"},{"taxonomy":"product_tag","embeddable":true,"href":"https:\/\/www.xminsulation.com\/tr\/wp-json\/wp\/v2\/product_tag?post=1546"}],"curies":[{"name":"wp","href":"https:\/\/api.w.org\/{rel}","templated":true}]}}