{"id":1538,"date":"2024-05-07T17:48:57","date_gmt":"2024-05-07T09:48:57","guid":{"rendered":"http:\/\/www.xminsulation.com\/?post_type=product&#038;p=1538"},"modified":"2024-05-15T16:07:16","modified_gmt":"2024-05-15T08:07:16","slug":"zt-25kv-200a-elbow-cable-connector","status":"publish","type":"product","link":"https:\/\/www.xminsulation.com\/tr\/product\/zt-25kv-200a-elbow-cable-connector\/","title":{"rendered":"ZT-25kV-200A Dirsek Kablo Konnekt\u00f6r\u00fc"},"content":{"rendered":"<p><img fetchpriority=\"high\" decoding=\"async\" class=\"alignnone wp-image-1540 size-full\" src=\"http:\/\/www.xminsulation.com\/wp-content\/uploads\/2024\/05\/\u56fe\u7247297-1.png\" alt=\"\" width=\"739\" height=\"739\" srcset=\"https:\/\/www.xminsulation.com\/wp-content\/uploads\/2024\/05\/\u56fe\u7247297-1.png 739w, https:\/\/www.xminsulation.com\/wp-content\/uploads\/2024\/05\/\u56fe\u7247297-1-300x300.png 300w, https:\/\/www.xminsulation.com\/wp-content\/uploads\/2024\/05\/\u56fe\u7247297-1-150x150.png 150w, https:\/\/www.xminsulation.com\/wp-content\/uploads\/2024\/05\/\u56fe\u7247297-1-600x600.png 600w, https:\/\/www.xminsulation.com\/wp-content\/uploads\/2024\/05\/\u56fe\u7247297-1-100x100.png 100w\" sizes=\"(max-width: 739px) 100vw, 739px\" \/><\/p>\n<h2><strong><b>Genel bilgi<\/b><\/strong><\/h2>\n<p>25kV 200A y\u00fck kesme Dirsek Konnekt\u00f6r\u00fc, yer alt\u0131 kablosunu pad-mound trafo da\u011f\u0131t\u0131m g\u00fc\u00e7 sistemine, \u00e7evreleyen g\u00fc\u00e7 kayna\u011f\u0131 dal kutusuna, y\u00fck kesme bur\u00e7lar\u0131yla donat\u0131lm\u0131\u015f kablo dal kutusuna ba\u011flamak i\u00e7in tamamen korumal\u0131 ve yal\u0131t\u0131ml\u0131 bir tak-\u00e7\u0131kar sonland\u0131rmad\u0131r. Dirsek konnekt\u00f6r\u00fc ve bur\u00e7 ek par\u00e7as\u0131, t\u00fcm y\u00fck kesme ba\u011flant\u0131lar\u0131n\u0131n temel bile\u015fenlerini olu\u015fturur. N\u00fckleerdeki hatlar\u0131n talebini kar\u015f\u0131layabilir.<\/p>\n<p>Y\u00fck kesme Dirsekleri, y\u00fcksek kaliteli k\u00fck\u00fcrtl\u00fc k\u00fcrlenmi\u015f yal\u0131t\u0131m ve yar\u0131 iletken EPDM kau\u00e7uk kullan\u0131larak kal\u0131planm\u0131\u015ft\u0131r. Standart \u00f6zellikler aras\u0131nda bak\u0131r \u00fcst konnekt\u00f6r bulunur. Ablatif ark izleyici ucu ve paslanmaz \u00e7elik takviyeli \u00e7ekme g\u00f6z\u00fc olan kalay kapl\u0131 bak\u0131r y\u00fck kesme probu. Korozyona dayan\u0131kl\u0131 plastikten yap\u0131lm\u0131\u015f iste\u011fe ba\u011fl\u0131 kapasitif test noktas\u0131. Ar\u0131za g\u00f6stergeleriyle birlikte kullan\u0131m i\u00e7in mevcuttur. Mevcut iletken kesiti 25kV kablo i\u00e7in 25-150mm2&#039;dir. \u0130letken kutup W\/ARC s\u00f6nd\u00fcrme i\u015flevi.<\/p>\n<p><img decoding=\"async\" class=\"alignnone wp-image-1541 size-full\" src=\"http:\/\/www.xminsulation.com\/wp-content\/uploads\/2024\/05\/\u56fe\u7247298.png\" alt=\"\" width=\"414\" height=\"633\" srcset=\"https:\/\/www.xminsulation.com\/wp-content\/uploads\/2024\/05\/\u56fe\u7247298.png 414w, https:\/\/www.xminsulation.com\/wp-content\/uploads\/2024\/05\/\u56fe\u7247298-196x300.png 196w\" sizes=\"(max-width: 414px) 100vw, 414px\" \/> <img decoding=\"async\" class=\"alignnone wp-image-1542 size-full\" src=\"http:\/\/www.xminsulation.com\/wp-content\/uploads\/2024\/05\/\u56fe\u7247299.png\" alt=\"\" width=\"356\" height=\"618\" srcset=\"https:\/\/www.xminsulation.com\/wp-content\/uploads\/2024\/05\/\u56fe\u7247299.png 356w, https:\/\/www.xminsulation.com\/wp-content\/uploads\/2024\/05\/\u56fe\u7247299-173x300.png 173w\" sizes=\"(max-width: 356px) 100vw, 356px\" \/><\/p>\n<h2><strong><b>\u00dcr\u00fcn Yap\u0131s\u0131<\/b><\/strong><\/h2>\n<p>1\u3001PULLINGEYE: Pozitif t\u00fcfek kolu de\u011fi\u015ftirme i\u015flemleri i\u00e7in g\u00fc\u00e7lendirilmi\u015f paslanmaz \u00e7elik.<\/p>\n<p>2\u3001YALITIM: Tutarl\u0131 ve g\u00fcvenilir saha performans\u0131 i\u00e7in \u015firket b\u00fcnyesinde form\u00fcle edilmi\u015f, kar\u0131\u015ft\u0131r\u0131lm\u0131\u015f ve \u00f6\u011f\u00fct\u00fclm\u00fc\u015f y\u00fcksek kaliteli EPDM kau\u00e7uk.<\/p>\n<p>3\u3001YARI \u0130LETKEN EK: Y\u00fcksek kaliteli EPDM kau\u00e7uk, yal\u0131t\u0131m i\u00e7indeki elektriksel gerilimi e\u015fit \u015fekilde da\u011f\u0131tmak i\u00e7in &quot;ak\u0131m de\u011fi\u015fimi&quot; etraf\u0131nda p\u00fcr\u00fczs\u00fcz bir y\u00fczey olu\u015fturur.<\/p>\n<p>4\u3001TEST NOKTASI(\u0130STE\u011eE BA\u011eLI): Korozyona dayan\u0131kl\u0131, iletken elektrot, ar\u0131za g\u00f6stergelerinin uygulanmas\u0131 ve bir devrenin durumunun belirlenmesi i\u00e7in tutarl\u0131 kapasitif voltaj sa\u011flar(kapak g\u00f6sterilmemi\u015ftir).<\/p>\n<p>5\u3001YARI \u0130LETKEN KALKAN: Y\u00fcksek kaliteli EPDM kau\u00e7uk, IEEE Standard\u0131 592 gereksinimlerini kar\u015f\u0131layan koruyucu \u00f6n kalkan sa\u011flar.<\/p>\n<p>6\u3001LOADBREAKPROBE: Ark-ablatif u\u00e7lu (ark izleyici) kalay kapl\u0131 bak\u0131r prob.<\/p>\n<p>7\u3001\u0130LETKEN KABLO PABUCU: Atalet kaynakl\u0131 al\u00fcminyum g\u00f6vde ve di\u015fli bak\u0131r pabu\u00e7, s\u0131kma i\u015flemini kolayla\u015ft\u0131r\u0131r ve y\u00fck kesme probu ile s\u0131k\u0131, g\u00fcvenilir bir elektrik ba\u011flant\u0131s\u0131 sa\u011flar.<\/p>\n<p><img loading=\"lazy\" decoding=\"async\" class=\"alignnone wp-image-1543 size-large\" src=\"http:\/\/www.xminsulation.com\/wp-content\/uploads\/2024\/05\/\u56fe\u7247300-1024x541.png\" alt=\"\" width=\"1024\" height=\"541\" srcset=\"https:\/\/www.xminsulation.com\/wp-content\/uploads\/2024\/05\/\u56fe\u7247300-1024x541.png 1024w, https:\/\/www.xminsulation.com\/wp-content\/uploads\/2024\/05\/\u56fe\u7247300-300x159.png 300w, https:\/\/www.xminsulation.com\/wp-content\/uploads\/2024\/05\/\u56fe\u7247300-768x406.png 768w, https:\/\/www.xminsulation.com\/wp-content\/uploads\/2024\/05\/\u56fe\u7247300-600x317.png 600w, https:\/\/www.xminsulation.com\/wp-content\/uploads\/2024\/05\/\u56fe\u7247300.png 1112w\" sizes=\"(max-width: 1024px) 100vw, 1024px\" \/><\/p>\n<p><strong><b>200A Kablo Denetleyicisi<\/b><\/strong><\/p>\n<p><strong><b>200A Kablo aksesuarlar\u0131n\u0131n uygulanmas\u0131<\/b><\/strong><\/p>\n<p><img loading=\"lazy\" decoding=\"async\" class=\"alignnone wp-image-1544 size-large\" src=\"http:\/\/www.xminsulation.com\/wp-content\/uploads\/2024\/05\/\u56fe\u7247301-1024x702.png\" alt=\"\" width=\"1024\" height=\"702\" srcset=\"https:\/\/www.xminsulation.com\/wp-content\/uploads\/2024\/05\/\u56fe\u7247301-1024x702.png 1024w, https:\/\/www.xminsulation.com\/wp-content\/uploads\/2024\/05\/\u56fe\u7247301-300x206.png 300w, https:\/\/www.xminsulation.com\/wp-content\/uploads\/2024\/05\/\u56fe\u7247301-768x527.png 768w, https:\/\/www.xminsulation.com\/wp-content\/uploads\/2024\/05\/\u56fe\u7247301-600x412.png 600w, https:\/\/www.xminsulation.com\/wp-content\/uploads\/2024\/05\/\u56fe\u7247301.png 1350w\" sizes=\"(max-width: 1024px) 100vw, 1024px\" \/> <img loading=\"lazy\" decoding=\"async\" class=\"alignnone wp-image-1545 size-large\" src=\"http:\/\/www.xminsulation.com\/wp-content\/uploads\/2024\/05\/\u56fe\u7247302-1024x946.png\" alt=\"\" width=\"1024\" height=\"946\" srcset=\"https:\/\/www.xminsulation.com\/wp-content\/uploads\/2024\/05\/\u56fe\u7247302-1024x946.png 1024w, https:\/\/www.xminsulation.com\/wp-content\/uploads\/2024\/05\/\u56fe\u7247302-300x277.png 300w, https:\/\/www.xminsulation.com\/wp-content\/uploads\/2024\/05\/\u56fe\u7247302-768x709.png 768w, https:\/\/www.xminsulation.com\/wp-content\/uploads\/2024\/05\/\u56fe\u7247302-600x554.png 600w, https:\/\/www.xminsulation.com\/wp-content\/uploads\/2024\/05\/\u56fe\u7247302.png 1350w\" sizes=\"(max-width: 1024px) 100vw, 1024px\" \/><\/p>\n<p>&nbsp;<\/p>\n<div class=\"wxts\">\n<h2>\u25c6\u00d6zel \u00d6zelle\u015ftirme<\/h2>\n<p>Yukar\u0131daki parametreler tipik verilerdir; Mevcut stiller \u00f6zel taleplerinizi kar\u015f\u0131lam\u0131yorsa, l\u00fctfen \u00f6zel bir tasar\u0131m i\u00e7in bizimle ileti\u015fime ge\u00e7in. Ki\u015fiselle\u015ftirilmi\u015f ki\u015fiselle\u015ftirme geli\u015ftirme ve \u00fcretim becerilerimiz, d\u00fcnyan\u0131n her yerindeki m\u00fc\u015fterilerimize \u00f6zel \u00e7\u00f6z\u00fcmler sunmam\u0131za olanak tan\u0131yor.<\/p>\n<\/div>","protected":false},"excerpt":{"rendered":"<p>General Information 25kV 200A loadbreak Elbow Connector is a fully-shielded and insulated plug- in termination for connecting underground cable to distribution power system of pad-mound transformer, surrounding power supply branch box, cable branch box equipped with loadbreak bushings. The elbow connector and bushing insert comprise the essential components of all loadbreak connections. It can meet [&hellip;]<\/p>","protected":false},"featured_media":1539,"template":"","meta":{"site-sidebar-layout":"default","site-content-layout":"","ast-site-content-layout":"default","site-content-style":"default","site-sidebar-style":"default","ast-global-header-display":"","ast-banner-title-visibility":"","ast-main-header-display":"","ast-hfb-above-header-display":"","ast-hfb-below-header-display":"","ast-hfb-mobile-header-display":"","site-post-title":"","ast-breadcrumbs-content":"","ast-featured-img":"","footer-sml-layout":"","theme-transparent-header-meta":"default","adv-header-id-meta":"","stick-header-meta":"","header-above-stick-meta":"","header-main-stick-meta":"","header-below-stick-meta":"","astra-migrate-meta-layouts":"set","ast-page-background-enabled":"default","ast-page-background-meta":{"desktop":{"background-color":"","background-image":"","background-repeat":"repeat","background-position":"center center","background-size":"auto","background-attachment":"scroll","background-type":"","background-media":"","overlay-type":"","overlay-color":"","overlay-gradient":""},"tablet":{"background-color":"","background-image":"","background-repeat":"repeat","background-position":"center center","background-size":"auto","background-attachment":"scroll","background-type":"","background-media":"","overlay-type":"","overlay-color":"","overlay-gradient":""},"mobile":{"background-color":"","background-image":"","background-repeat":"repeat","background-position":"center center","background-size":"auto","background-attachment":"scroll","background-type":"","background-media":"","overlay-type":"","overlay-color":"","overlay-gradient":""}},"ast-content-background-meta":{"desktop":{"background-color":"var(--ast-global-color-5)","background-image":"","background-repeat":"repeat","background-position":"center center","background-size":"auto","background-attachment":"scroll","background-type":"","background-media":"","overlay-type":"","overlay-color":"","overlay-gradient":""},"tablet":{"background-color":"var(--ast-global-color-5)","background-image":"","background-repeat":"repeat","background-position":"center center","background-size":"auto","background-attachment":"scroll","background-type":"","background-media":"","overlay-type":"","overlay-color":"","overlay-gradient":""},"mobile":{"background-color":"var(--ast-global-color-5)","background-image":"","background-repeat":"repeat","background-position":"center center","background-size":"auto","background-attachment":"scroll","background-type":"","background-media":"","overlay-type":"","overlay-color":"","overlay-gradient":""}}},"product_cat":[52],"product_tag":[],"class_list":{"0":"post-1538","1":"product","2":"type-product","3":"status-publish","4":"has-post-thumbnail","6":"product_cat-meishi","7":"desktop-align-left","8":"tablet-align-left","9":"mobile-align-left","11":"first","12":"instock","13":"shipping-taxable","14":"product-type-simple"},"_links":{"self":[{"href":"https:\/\/www.xminsulation.com\/tr\/wp-json\/wp\/v2\/product\/1538","targetHints":{"allow":["GET"]}}],"collection":[{"href":"https:\/\/www.xminsulation.com\/tr\/wp-json\/wp\/v2\/product"}],"about":[{"href":"https:\/\/www.xminsulation.com\/tr\/wp-json\/wp\/v2\/types\/product"}],"wp:featuredmedia":[{"embeddable":true,"href":"https:\/\/www.xminsulation.com\/tr\/wp-json\/wp\/v2\/media\/1539"}],"wp:attachment":[{"href":"https:\/\/www.xminsulation.com\/tr\/wp-json\/wp\/v2\/media?parent=1538"}],"wp:term":[{"taxonomy":"product_cat","embeddable":true,"href":"https:\/\/www.xminsulation.com\/tr\/wp-json\/wp\/v2\/product_cat?post=1538"},{"taxonomy":"product_tag","embeddable":true,"href":"https:\/\/www.xminsulation.com\/tr\/wp-json\/wp\/v2\/product_tag?post=1538"}],"curies":[{"name":"wp","href":"https:\/\/api.w.org\/{rel}","templated":true}]}}