{"id":1509,"date":"2024-05-07T17:29:35","date_gmt":"2024-05-07T09:29:35","guid":{"rendered":"http:\/\/www.xminsulation.com\/?post_type=product&#038;p=1509"},"modified":"2024-05-15T16:10:29","modified_gmt":"2024-05-15T08:10:29","slug":"dtt-24kv-200a-single-pass-casing-joints","status":"publish","type":"product","link":"https:\/\/www.xminsulation.com\/tr\/product\/dtt-24kv-200a-single-pass-casing-joints\/","title":{"rendered":"DTT-24kV-200A Tek Ge\u00e7i\u015fli Muhafaza Ba\u011flant\u0131lar\u0131"},"content":{"rendered":"<p><img fetchpriority=\"high\" decoding=\"async\" class=\"alignnone wp-image-1511 size-full\" src=\"http:\/\/www.xminsulation.com\/wp-content\/uploads\/2024\/05\/\u56fe\u7247279-1.png\" alt=\"\" width=\"497\" height=\"497\" srcset=\"https:\/\/www.xminsulation.com\/wp-content\/uploads\/2024\/05\/\u56fe\u7247279-1.png 497w, https:\/\/www.xminsulation.com\/wp-content\/uploads\/2024\/05\/\u56fe\u7247279-1-300x300.png 300w, https:\/\/www.xminsulation.com\/wp-content\/uploads\/2024\/05\/\u56fe\u7247279-1-150x150.png 150w, https:\/\/www.xminsulation.com\/wp-content\/uploads\/2024\/05\/\u56fe\u7247279-1-100x100.png 100w\" sizes=\"(max-width: 497px) 100vw, 497px\" \/><\/p>\n<h2><strong><b>Genel bilgi<\/b><\/strong><\/h2>\n<p>24kV-200A tek ge\u00e7i\u015fli muhafaza ba\u011flant\u0131lar\u0131, entegre y\u00fck kesme burcuyla ayn\u0131 i\u015flevi sa\u011flamak i\u00e7in evrensel bir bur\u00e7 yuvas\u0131na vidalan\u0131r. Bur\u00e7 ek par\u00e7alar\u0131n\u0131n kullan\u0131lmas\u0131, saha kurulumunu ve de\u011fi\u015fimini m\u00fcmk\u00fcn ve verimli hale getirir. Bur\u00e7 ek par\u00e7alar\u0131 ve dirsek konnekt\u00f6rleri, t\u00fcm y\u00fck kesme ba\u011flant\u0131lar\u0131n\u0131n temel bile\u015fenlerini olu\u015fturur. Bur\u00e7 ek par\u00e7as\u0131, ek par\u00e7an\u0131n i\u00e7inde yaln\u0131zca bir ak\u0131m transfer noktas\u0131 i\u00e7eren patentli tamamen ak\u0131m yolunu kullan\u0131r. Ak\u0131m yolu tasar\u0131m\u0131n\u0131n karma\u015f\u0131k olmayan yap\u0131s\u0131, \u00fcst\u00fcn, g\u00fcvenilir performans sunar.<\/p>\n<p>Dahili bir bro\u015f pozitif tork kontroll\u00fc kuruluma olanak tan\u0131r. \u0130ste\u011fe ba\u011fl\u0131 kurulum tork aleti kullan\u0131larak bur\u00e7 ek par\u00e7as\u0131, bur\u00e7 yuvas\u0131 saplamas\u0131n\u0131 kazara k\u0131rma korkusu olmadan bur\u00e7 yuvas\u0131na d\u00fczg\u00fcn bir \u015fekilde s\u0131k\u0131labilir. Burcun yakas\u0131n\u0131n \u00e7evresinde bulunan Power&#039;a \u00f6zel mandal g\u00f6sterge halkas\u0131, bur\u00e7 ek par\u00e7as\u0131n\u0131n y\u00fck kesme dirse\u011fi kurulumunun tahmin edilmesini ortadan kald\u0131r\u0131r.<\/p>\n<p>Parlak sar\u0131 halka, dirse\u011fin ek par\u00e7aya d\u00fczg\u00fcn bir \u015fekilde tak\u0131l\u0131p tak\u0131lmad\u0131\u011f\u0131n\u0131 belirlemek i\u00e7in an\u0131nda geri bildirim sa\u011flar.<\/p>\n<p>Tek ge\u00e7i\u015fli muhafaza ba\u011flant\u0131lar\u0131, y\u00fcksek kaliteli k\u00fck\u00fcrtl\u00fc yal\u0131t\u0131m ve yar\u0131 iletken EPDM kau\u00e7uk kullan\u0131larak kal\u0131planm\u0131\u015ft\u0131r. Kar\u015f\u0131la\u015ft\u0131r\u0131labilir bir derecelendirilmi\u015f bile\u015fenle birle\u015ftirildi\u011finde, bur\u00e7 ek par\u00e7as\u0131 y\u00fck kesme i\u015flemi i\u00e7in tamamen korumal\u0131 ve dalg\u0131\u00e7 bir ba\u011flant\u0131 sa\u011flar.<\/p>\n<p><img decoding=\"async\" class=\"alignnone wp-image-1512 size-full\" src=\"http:\/\/www.xminsulation.com\/wp-content\/uploads\/2024\/05\/\u56fe\u7247280.png\" alt=\"\" width=\"418\" height=\"1058\" srcset=\"https:\/\/www.xminsulation.com\/wp-content\/uploads\/2024\/05\/\u56fe\u7247280.png 418w, https:\/\/www.xminsulation.com\/wp-content\/uploads\/2024\/05\/\u56fe\u7247280-119x300.png 119w, https:\/\/www.xminsulation.com\/wp-content\/uploads\/2024\/05\/\u56fe\u7247280-405x1024.png 405w\" sizes=\"(max-width: 418px) 100vw, 418px\" \/> <img decoding=\"async\" class=\"alignnone wp-image-1513 size-full\" src=\"http:\/\/www.xminsulation.com\/wp-content\/uploads\/2024\/05\/\u56fe\u7247281.png\" alt=\"\" width=\"1266\" height=\"260\" srcset=\"https:\/\/www.xminsulation.com\/wp-content\/uploads\/2024\/05\/\u56fe\u7247281.png 1266w, https:\/\/www.xminsulation.com\/wp-content\/uploads\/2024\/05\/\u56fe\u7247281-300x62.png 300w, https:\/\/www.xminsulation.com\/wp-content\/uploads\/2024\/05\/\u56fe\u7247281-1024x210.png 1024w, https:\/\/www.xminsulation.com\/wp-content\/uploads\/2024\/05\/\u56fe\u7247281-768x158.png 768w, https:\/\/www.xminsulation.com\/wp-content\/uploads\/2024\/05\/\u56fe\u7247281-600x123.png 600w\" sizes=\"(max-width: 1266px) 100vw, 1266px\" \/><\/p>\n<p>&nbsp;<\/p>\n<div class=\"wxts\">\n<h2>\u25c6\u00d6zel \u00d6zelle\u015ftirme<\/h2>\n<p>Yukar\u0131daki parametreler tipik verilerdir; Mevcut stiller \u00f6zel taleplerinizi kar\u015f\u0131lam\u0131yorsa, l\u00fctfen \u00f6zel bir tasar\u0131m i\u00e7in bizimle ileti\u015fime ge\u00e7in. Ki\u015fiselle\u015ftirilmi\u015f ki\u015fiselle\u015ftirme geli\u015ftirme ve \u00fcretim becerilerimiz, d\u00fcnyan\u0131n her yerindeki m\u00fc\u015fterilerimize \u00f6zel \u00e7\u00f6z\u00fcmler sunmam\u0131za olanak tan\u0131yor.<\/p>\n<\/div>","protected":false},"excerpt":{"rendered":"<p>General Information 24kV-200A single-pass casing joints threads into a universal bushing well to provide the same function as an integral loadbreak bushing. Using bushing inserts makes field installation and replacement possible and efficient. Bushing inserts and elbow connectors comprise the essential components of all loadbreak connections. The bushing Insert uses a patented wholly current path, [&hellip;]<\/p>","protected":false},"featured_media":1510,"template":"","meta":{"site-sidebar-layout":"default","site-content-layout":"","ast-site-content-layout":"default","site-content-style":"default","site-sidebar-style":"default","ast-global-header-display":"","ast-banner-title-visibility":"","ast-main-header-display":"","ast-hfb-above-header-display":"","ast-hfb-below-header-display":"","ast-hfb-mobile-header-display":"","site-post-title":"","ast-breadcrumbs-content":"","ast-featured-img":"","footer-sml-layout":"","theme-transparent-header-meta":"default","adv-header-id-meta":"","stick-header-meta":"","header-above-stick-meta":"","header-main-stick-meta":"","header-below-stick-meta":"","astra-migrate-meta-layouts":"set","ast-page-background-enabled":"default","ast-page-background-meta":{"desktop":{"background-color":"","background-image":"","background-repeat":"repeat","background-position":"center center","background-size":"auto","background-attachment":"scroll","background-type":"","background-media":"","overlay-type":"","overlay-color":"","overlay-gradient":""},"tablet":{"background-color":"","background-image":"","background-repeat":"repeat","background-position":"center center","background-size":"auto","background-attachment":"scroll","background-type":"","background-media":"","overlay-type":"","overlay-color":"","overlay-gradient":""},"mobile":{"background-color":"","background-image":"","background-repeat":"repeat","background-position":"center center","background-size":"auto","background-attachment":"scroll","background-type":"","background-media":"","overlay-type":"","overlay-color":"","overlay-gradient":""}},"ast-content-background-meta":{"desktop":{"background-color":"var(--ast-global-color-5)","background-image":"","background-repeat":"repeat","background-position":"center center","background-size":"auto","background-attachment":"scroll","background-type":"","background-media":"","overlay-type":"","overlay-color":"","overlay-gradient":""},"tablet":{"background-color":"var(--ast-global-color-5)","background-image":"","background-repeat":"repeat","background-position":"center center","background-size":"auto","background-attachment":"scroll","background-type":"","background-media":"","overlay-type":"","overlay-color":"","overlay-gradient":""},"mobile":{"background-color":"var(--ast-global-color-5)","background-image":"","background-repeat":"repeat","background-position":"center center","background-size":"auto","background-attachment":"scroll","background-type":"","background-media":"","overlay-type":"","overlay-color":"","overlay-gradient":""}}},"product_cat":[52],"product_tag":[],"class_list":{"0":"post-1509","1":"product","2":"type-product","3":"status-publish","4":"has-post-thumbnail","6":"product_cat-meishi","7":"desktop-align-left","8":"tablet-align-left","9":"mobile-align-left","11":"first","12":"instock","13":"shipping-taxable","14":"product-type-simple"},"_links":{"self":[{"href":"https:\/\/www.xminsulation.com\/tr\/wp-json\/wp\/v2\/product\/1509","targetHints":{"allow":["GET"]}}],"collection":[{"href":"https:\/\/www.xminsulation.com\/tr\/wp-json\/wp\/v2\/product"}],"about":[{"href":"https:\/\/www.xminsulation.com\/tr\/wp-json\/wp\/v2\/types\/product"}],"wp:featuredmedia":[{"embeddable":true,"href":"https:\/\/www.xminsulation.com\/tr\/wp-json\/wp\/v2\/media\/1510"}],"wp:attachment":[{"href":"https:\/\/www.xminsulation.com\/tr\/wp-json\/wp\/v2\/media?parent=1509"}],"wp:term":[{"taxonomy":"product_cat","embeddable":true,"href":"https:\/\/www.xminsulation.com\/tr\/wp-json\/wp\/v2\/product_cat?post=1509"},{"taxonomy":"product_tag","embeddable":true,"href":"https:\/\/www.xminsulation.com\/tr\/wp-json\/wp\/v2\/product_tag?post=1509"}],"curies":[{"name":"wp","href":"https:\/\/api.w.org\/{rel}","templated":true}]}}