{"id":1496,"date":"2024-05-07T17:24:33","date_gmt":"2024-05-07T09:24:33","guid":{"rendered":"http:\/\/www.xminsulation.com\/?post_type=product&#038;p=1496"},"modified":"2024-05-15T16:13:51","modified_gmt":"2024-05-15T08:13:51","slug":"tgz-15kv-24kv-200a-casing-seat","status":"publish","type":"product","link":"https:\/\/www.xminsulation.com\/tr\/product\/tgz-15kv-24kv-200a-casing-seat\/","title":{"rendered":"TGZ-15kV\/24kV-200A Muhafaza Yuvas\u0131"},"content":{"rendered":"<p><img fetchpriority=\"high\" decoding=\"async\" class=\"alignnone wp-image-1498 size-full\" src=\"http:\/\/www.xminsulation.com\/wp-content\/uploads\/2024\/05\/\u56fe\u7247272-1.jpg\" alt=\"\" width=\"697\" height=\"697\" srcset=\"https:\/\/www.xminsulation.com\/wp-content\/uploads\/2024\/05\/\u56fe\u7247272-1.jpg 697w, https:\/\/www.xminsulation.com\/wp-content\/uploads\/2024\/05\/\u56fe\u7247272-1-300x300.jpg 300w, https:\/\/www.xminsulation.com\/wp-content\/uploads\/2024\/05\/\u56fe\u7247272-1-150x150.jpg 150w, https:\/\/www.xminsulation.com\/wp-content\/uploads\/2024\/05\/\u56fe\u7247272-1-600x600.jpg 600w, https:\/\/www.xminsulation.com\/wp-content\/uploads\/2024\/05\/\u56fe\u7247272-1-100x100.jpg 100w\" sizes=\"(max-width: 697px) 100vw, 697px\" \/><\/p>\n<h2><strong><b>Genel<\/b><\/strong><strong><b>\u00a0Bilgi<\/b><\/strong><\/h2>\n<p>15kV\/24kV-200A muhafaza yuvas\u0131, ped montajl\u0131, dalg\u0131\u00e7 trafo, \u015falt cihazlar\u0131 vb. y\u00fcksek gerilim devrelerinde yayg\u0131n olarak kullan\u0131l\u0131r. Bir y\u00fck kesme burcu ek par\u00e7as\u0131, entegre bir y\u00fck kesme burcuyla ayn\u0131 i\u015flevi sa\u011flamak i\u00e7in \u00fcniversal bir bur\u00e7 yuvas\u0131na vidalan\u0131r. Bur\u00e7, tek ge\u00e7i\u015fli bur\u00e7 konnekt\u00f6r\u00fc, iki yollu bur\u00e7 konnekt\u00f6r\u00fc vb. gibi kablo aksesuarlar\u0131yla birlikte kullan\u0131l\u0131r.<\/p>\n<p>G\u00f6vde yuvas\u0131 y\u00fcksek kaliteli yal\u0131t\u0131m malzemesi kullan\u0131larak kal\u0131planm\u0131\u015f olup, benzer de\u011ferdeki \u00fcr\u00fcnlerle birle\u015ftirildi\u011finde tam korumal\u0131 bir yal\u0131t\u0131m ba\u011flant\u0131s\u0131 sa\u011flar.<\/p>\n<p><img decoding=\"async\" class=\"alignnone wp-image-1499 size-full\" src=\"http:\/\/www.xminsulation.com\/wp-content\/uploads\/2024\/05\/\u56fe\u7247273.png\" alt=\"\" width=\"388\" height=\"535\" srcset=\"https:\/\/www.xminsulation.com\/wp-content\/uploads\/2024\/05\/\u56fe\u7247273.png 388w, https:\/\/www.xminsulation.com\/wp-content\/uploads\/2024\/05\/\u56fe\u7247273-218x300.png 218w\" sizes=\"(max-width: 388px) 100vw, 388px\" \/> <img decoding=\"async\" class=\"alignnone wp-image-1500 size-full\" src=\"http:\/\/www.xminsulation.com\/wp-content\/uploads\/2024\/05\/\u56fe\u7247274.png\" alt=\"\" width=\"651\" height=\"392\" srcset=\"https:\/\/www.xminsulation.com\/wp-content\/uploads\/2024\/05\/\u56fe\u7247274.png 651w, https:\/\/www.xminsulation.com\/wp-content\/uploads\/2024\/05\/\u56fe\u7247274-300x181.png 300w, https:\/\/www.xminsulation.com\/wp-content\/uploads\/2024\/05\/\u56fe\u7247274-600x361.png 600w\" sizes=\"(max-width: 651px) 100vw, 651px\" \/> <img loading=\"lazy\" decoding=\"async\" class=\"alignnone wp-image-1501 size-full\" src=\"http:\/\/www.xminsulation.com\/wp-content\/uploads\/2024\/05\/\u56fe\u7247275.png\" alt=\"\" width=\"1162\" height=\"348\" srcset=\"https:\/\/www.xminsulation.com\/wp-content\/uploads\/2024\/05\/\u56fe\u7247275.png 1162w, https:\/\/www.xminsulation.com\/wp-content\/uploads\/2024\/05\/\u56fe\u7247275-300x90.png 300w, https:\/\/www.xminsulation.com\/wp-content\/uploads\/2024\/05\/\u56fe\u7247275-1024x307.png 1024w, https:\/\/www.xminsulation.com\/wp-content\/uploads\/2024\/05\/\u56fe\u7247275-768x230.png 768w, https:\/\/www.xminsulation.com\/wp-content\/uploads\/2024\/05\/\u56fe\u7247275-600x180.png 600w\" sizes=\"(max-width: 1162px) 100vw, 1162px\" \/><\/p>\n<p>&nbsp;<\/p>\n<div class=\"wxts\">\n<h2>\u25c6\u00d6zel \u00d6zelle\u015ftirme<\/h2>\n<p>Yukar\u0131daki parametreler tipik verilerdir; Mevcut stiller \u00f6zel taleplerinizi kar\u015f\u0131lam\u0131yorsa, l\u00fctfen \u00f6zel bir tasar\u0131m i\u00e7in bizimle ileti\u015fime ge\u00e7in. Ki\u015fiselle\u015ftirilmi\u015f ki\u015fiselle\u015ftirme geli\u015ftirme ve \u00fcretim becerilerimiz, d\u00fcnyan\u0131n her yerindeki m\u00fc\u015fterilerimize \u00f6zel \u00e7\u00f6z\u00fcmler sunmam\u0131za olanak tan\u0131yor.<\/p>\n<\/div>","protected":false},"excerpt":{"rendered":"<p>General\u00a0Information 15kV\/24kV-200A casing seat is widely used in the high-voltage circuit of the pad-mounted, submersible transformer, switch gears, etc.A loadbreak\u00a0bushing insert threads into a universal bushing well to provide the same function as an integral loadbreak\u00a0bushing. The bushing is used together with the cable accessories such as: single pass bushing connector, two-way bushing connector\u00a0etc. The [&hellip;]<\/p>","protected":false},"featured_media":1497,"template":"","meta":{"site-sidebar-layout":"default","site-content-layout":"","ast-site-content-layout":"default","site-content-style":"default","site-sidebar-style":"default","ast-global-header-display":"","ast-banner-title-visibility":"","ast-main-header-display":"","ast-hfb-above-header-display":"","ast-hfb-below-header-display":"","ast-hfb-mobile-header-display":"","site-post-title":"","ast-breadcrumbs-content":"","ast-featured-img":"","footer-sml-layout":"","theme-transparent-header-meta":"default","adv-header-id-meta":"","stick-header-meta":"","header-above-stick-meta":"","header-main-stick-meta":"","header-below-stick-meta":"","astra-migrate-meta-layouts":"set","ast-page-background-enabled":"default","ast-page-background-meta":{"desktop":{"background-color":"","background-image":"","background-repeat":"repeat","background-position":"center center","background-size":"auto","background-attachment":"scroll","background-type":"","background-media":"","overlay-type":"","overlay-color":"","overlay-gradient":""},"tablet":{"background-color":"","background-image":"","background-repeat":"repeat","background-position":"center center","background-size":"auto","background-attachment":"scroll","background-type":"","background-media":"","overlay-type":"","overlay-color":"","overlay-gradient":""},"mobile":{"background-color":"","background-image":"","background-repeat":"repeat","background-position":"center center","background-size":"auto","background-attachment":"scroll","background-type":"","background-media":"","overlay-type":"","overlay-color":"","overlay-gradient":""}},"ast-content-background-meta":{"desktop":{"background-color":"var(--ast-global-color-5)","background-image":"","background-repeat":"repeat","background-position":"center center","background-size":"auto","background-attachment":"scroll","background-type":"","background-media":"","overlay-type":"","overlay-color":"","overlay-gradient":""},"tablet":{"background-color":"var(--ast-global-color-5)","background-image":"","background-repeat":"repeat","background-position":"center center","background-size":"auto","background-attachment":"scroll","background-type":"","background-media":"","overlay-type":"","overlay-color":"","overlay-gradient":""},"mobile":{"background-color":"var(--ast-global-color-5)","background-image":"","background-repeat":"repeat","background-position":"center center","background-size":"auto","background-attachment":"scroll","background-type":"","background-media":"","overlay-type":"","overlay-color":"","overlay-gradient":""}}},"product_cat":[52],"product_tag":[],"class_list":{"0":"post-1496","1":"product","2":"type-product","3":"status-publish","4":"has-post-thumbnail","6":"product_cat-meishi","7":"desktop-align-left","8":"tablet-align-left","9":"mobile-align-left","11":"first","12":"instock","13":"downloadable","14":"shipping-taxable","15":"product-type-simple"},"_links":{"self":[{"href":"https:\/\/www.xminsulation.com\/tr\/wp-json\/wp\/v2\/product\/1496","targetHints":{"allow":["GET"]}}],"collection":[{"href":"https:\/\/www.xminsulation.com\/tr\/wp-json\/wp\/v2\/product"}],"about":[{"href":"https:\/\/www.xminsulation.com\/tr\/wp-json\/wp\/v2\/types\/product"}],"wp:featuredmedia":[{"embeddable":true,"href":"https:\/\/www.xminsulation.com\/tr\/wp-json\/wp\/v2\/media\/1497"}],"wp:attachment":[{"href":"https:\/\/www.xminsulation.com\/tr\/wp-json\/wp\/v2\/media?parent=1496"}],"wp:term":[{"taxonomy":"product_cat","embeddable":true,"href":"https:\/\/www.xminsulation.com\/tr\/wp-json\/wp\/v2\/product_cat?post=1496"},{"taxonomy":"product_tag","embeddable":true,"href":"https:\/\/www.xminsulation.com\/tr\/wp-json\/wp\/v2\/product_tag?post=1496"}],"curies":[{"name":"wp","href":"https:\/\/api.w.org\/{rel}","templated":true}]}}