{"id":1489,"date":"2024-05-07T17:22:05","date_gmt":"2024-05-07T09:22:05","guid":{"rendered":"http:\/\/www.xminsulation.com\/?post_type=product&#038;p=1489"},"modified":"2024-05-15T16:14:18","modified_gmt":"2024-05-15T08:14:18","slug":"jctgz-15kv-200a-insulated-bushing-extenders","status":"publish","type":"product","link":"https:\/\/www.xminsulation.com\/tr\/product\/jctgz-15kv-200a-insulated-bushing-extenders\/","title":{"rendered":"JCTGZ-15kV-200A Yal\u0131t\u0131ml\u0131 Bur\u00e7 Uzat\u0131c\u0131lar\u0131"},"content":{"rendered":"<p><img fetchpriority=\"high\" decoding=\"async\" class=\"alignnone wp-image-1491 size-full\" src=\"http:\/\/www.xminsulation.com\/wp-content\/uploads\/2024\/05\/\u56fe\u7247267-1.png\" alt=\"\" width=\"463\" height=\"463\" srcset=\"https:\/\/www.xminsulation.com\/wp-content\/uploads\/2024\/05\/\u56fe\u7247267-1.png 463w, https:\/\/www.xminsulation.com\/wp-content\/uploads\/2024\/05\/\u56fe\u7247267-1-300x300.png 300w, https:\/\/www.xminsulation.com\/wp-content\/uploads\/2024\/05\/\u56fe\u7247267-1-150x150.png 150w, https:\/\/www.xminsulation.com\/wp-content\/uploads\/2024\/05\/\u56fe\u7247267-1-100x100.png 100w\" sizes=\"(max-width: 463px) 100vw, 463px\" \/><\/p>\n<h2><strong><b>Genel bilgi<\/b><\/strong><\/h2>\n<p>Transformat\u00f6rler, d\u0131\u015f ortam kablo besleme dolab\u0131 ve anahtar dolab\u0131 i\u00e7in tasarlanm\u0131\u015f 15kV 200A yal\u0131t\u0131ml\u0131 bur\u00e7 geni\u015fleticiler. 200A \u00e7\u0131k\u0131\u015f hatt\u0131 i\u00e7in yal\u0131t\u0131ml\u0131d\u0131r. 200A 15kV Yal\u0131t\u0131ml\u0131 Bur\u00e7 Geni\u015fletici, tek ge\u00e7i\u015fli bur\u00e7 konnekt\u00f6r\u00fc, iki y\u00f6nl\u00fc bur\u00e7 konnekt\u00f6r\u00fc ve parafudr i\u00e7in tek ge\u00e7i\u015fli bur\u00e7 konnekt\u00f6r\u00fc ile ba\u011flan\u0131r.<\/p>\n<p>Bur\u00e7 Kuyusu, y\u00fcksek kaliteli yal\u0131t\u0131m malzemesi EPDM kullan\u0131larak kal\u0131planm\u0131\u015f olup, benzer dereceli \u00fcr\u00fcnlerle birle\u015ftirildi\u011finde tam korumal\u0131 bir yal\u0131t\u0131m ba\u011flant\u0131s\u0131 sa\u011flar.<\/p>\n<p><img decoding=\"async\" class=\"alignnone wp-image-1492 size-full\" src=\"http:\/\/www.xminsulation.com\/wp-content\/uploads\/2024\/05\/\u56fe\u7247268.png\" alt=\"\" width=\"299\" height=\"668\" srcset=\"https:\/\/www.xminsulation.com\/wp-content\/uploads\/2024\/05\/\u56fe\u7247268.png 299w, https:\/\/www.xminsulation.com\/wp-content\/uploads\/2024\/05\/\u56fe\u7247268-134x300.png 134w\" sizes=\"(max-width: 299px) 100vw, 299px\" \/> <img decoding=\"async\" class=\"alignnone wp-image-1493 size-full\" src=\"http:\/\/www.xminsulation.com\/wp-content\/uploads\/2024\/05\/\u56fe\u7247269.png\" alt=\"\" width=\"651\" height=\"392\" srcset=\"https:\/\/www.xminsulation.com\/wp-content\/uploads\/2024\/05\/\u56fe\u7247269.png 651w, https:\/\/www.xminsulation.com\/wp-content\/uploads\/2024\/05\/\u56fe\u7247269-300x181.png 300w, https:\/\/www.xminsulation.com\/wp-content\/uploads\/2024\/05\/\u56fe\u7247269-600x361.png 600w\" sizes=\"(max-width: 651px) 100vw, 651px\" \/> <img loading=\"lazy\" decoding=\"async\" class=\"alignnone wp-image-1494 size-full\" src=\"http:\/\/www.xminsulation.com\/wp-content\/uploads\/2024\/05\/\u56fe\u7247270.png\" alt=\"\" width=\"237\" height=\"532\" srcset=\"https:\/\/www.xminsulation.com\/wp-content\/uploads\/2024\/05\/\u56fe\u7247270.png 237w, https:\/\/www.xminsulation.com\/wp-content\/uploads\/2024\/05\/\u56fe\u7247270-134x300.png 134w\" sizes=\"(max-width: 237px) 100vw, 237px\" \/><\/p>\n<h2><strong><b>\u00dcr\u00fcn Yap\u0131s\u0131<\/b><\/strong><\/h2>\n<ol>\n<li>S\u0131zd\u0131rmazl\u0131k halkas\u0131 olu\u011fu: S\u0131zd\u0131rmazl\u0131k halkalar\u0131n\u0131 etkili bir \u015fekilde izole etmek ve s\u0131zd\u0131rmazl\u0131k sa\u011flamak i\u00e7in yerle\u015ftirmek i\u00e7in kullan\u0131l\u0131r.<\/li>\n<li>Geni\u015fletilmi\u015f k\u0131l\u0131f tutucunun g\u00f6vdesi: APG i\u015flemiyle epoksi re\u00e7ineden \u00fcretilmi\u015f olup, iyi mekanik ve elektriksel \u00f6zelliklere sahiptir.<\/li>\n<li>\u0130letken \u00e7ubuk: \u00d6zel teknoloji ile i\u015flenmi\u015f bak\u0131r iletken \u00e7ubuk, epoksi re\u00e7ine ile stabil bir \u015fekilde birle\u015ftirilebilir ve iyi iletkenli\u011fe sahiptir.<\/li>\n<\/ol>\n<p><strong><b> <img loading=\"lazy\" decoding=\"async\" class=\"alignnone wp-image-1495 size-full\" src=\"http:\/\/www.xminsulation.com\/wp-content\/uploads\/2024\/05\/\u56fe\u7247271.png\" alt=\"\" width=\"1016\" height=\"240\" srcset=\"https:\/\/www.xminsulation.com\/wp-content\/uploads\/2024\/05\/\u56fe\u7247271.png 1016w, https:\/\/www.xminsulation.com\/wp-content\/uploads\/2024\/05\/\u56fe\u7247271-300x71.png 300w, https:\/\/www.xminsulation.com\/wp-content\/uploads\/2024\/05\/\u56fe\u7247271-768x181.png 768w, https:\/\/www.xminsulation.com\/wp-content\/uploads\/2024\/05\/\u56fe\u7247271-600x142.png 600w\" sizes=\"(max-width: 1016px) 100vw, 1016px\" \/><\/b><\/strong><\/p>\n<p><strong><b>\u00a0<\/b><\/strong><\/p>\n<div class=\"wxts\">\n<h2>\u25c6\u00d6zel \u00d6zelle\u015ftirme<\/h2>\n<p>Yukar\u0131daki parametreler tipik verilerdir; Mevcut stiller \u00f6zel taleplerinizi kar\u015f\u0131lam\u0131yorsa, l\u00fctfen \u00f6zel bir tasar\u0131m i\u00e7in bizimle ileti\u015fime ge\u00e7in. Ki\u015fiselle\u015ftirilmi\u015f ki\u015fiselle\u015ftirme geli\u015ftirme ve \u00fcretim becerilerimiz, d\u00fcnyan\u0131n her yerindeki m\u00fc\u015fterilerimize \u00f6zel \u00e7\u00f6z\u00fcmler sunmam\u0131za olanak tan\u0131yor.<\/p>\n<\/div>","protected":false},"excerpt":{"rendered":"<p>General Information 15kV 200A insulated bushing extenders designed for transformers, outdoor surrounding cable supply cabinet and switch cabinet. Insulated for the 200A outgoing line. 200A 15kV Insulated Bushing Extender connect with single pass bushing connector, two-way bushing connector and single pass bushing connector for surge arrester. The Bushing Well is molded using high quality insulating [&hellip;]<\/p>","protected":false},"featured_media":1490,"template":"","meta":{"site-sidebar-layout":"default","site-content-layout":"","ast-site-content-layout":"default","site-content-style":"default","site-sidebar-style":"default","ast-global-header-display":"","ast-banner-title-visibility":"","ast-main-header-display":"","ast-hfb-above-header-display":"","ast-hfb-below-header-display":"","ast-hfb-mobile-header-display":"","site-post-title":"","ast-breadcrumbs-content":"","ast-featured-img":"","footer-sml-layout":"","theme-transparent-header-meta":"default","adv-header-id-meta":"","stick-header-meta":"","header-above-stick-meta":"","header-main-stick-meta":"","header-below-stick-meta":"","astra-migrate-meta-layouts":"set","ast-page-background-enabled":"default","ast-page-background-meta":{"desktop":{"background-color":"","background-image":"","background-repeat":"repeat","background-position":"center center","background-size":"auto","background-attachment":"scroll","background-type":"","background-media":"","overlay-type":"","overlay-color":"","overlay-gradient":""},"tablet":{"background-color":"","background-image":"","background-repeat":"repeat","background-position":"center center","background-size":"auto","background-attachment":"scroll","background-type":"","background-media":"","overlay-type":"","overlay-color":"","overlay-gradient":""},"mobile":{"background-color":"","background-image":"","background-repeat":"repeat","background-position":"center center","background-size":"auto","background-attachment":"scroll","background-type":"","background-media":"","overlay-type":"","overlay-color":"","overlay-gradient":""}},"ast-content-background-meta":{"desktop":{"background-color":"var(--ast-global-color-5)","background-image":"","background-repeat":"repeat","background-position":"center center","background-size":"auto","background-attachment":"scroll","background-type":"","background-media":"","overlay-type":"","overlay-color":"","overlay-gradient":""},"tablet":{"background-color":"var(--ast-global-color-5)","background-image":"","background-repeat":"repeat","background-position":"center center","background-size":"auto","background-attachment":"scroll","background-type":"","background-media":"","overlay-type":"","overlay-color":"","overlay-gradient":""},"mobile":{"background-color":"var(--ast-global-color-5)","background-image":"","background-repeat":"repeat","background-position":"center center","background-size":"auto","background-attachment":"scroll","background-type":"","background-media":"","overlay-type":"","overlay-color":"","overlay-gradient":""}}},"product_cat":[52],"product_tag":[],"class_list":{"0":"post-1489","1":"product","2":"type-product","3":"status-publish","4":"has-post-thumbnail","6":"product_cat-meishi","7":"desktop-align-left","8":"tablet-align-left","9":"mobile-align-left","11":"first","12":"instock","13":"shipping-taxable","14":"product-type-simple"},"_links":{"self":[{"href":"https:\/\/www.xminsulation.com\/tr\/wp-json\/wp\/v2\/product\/1489","targetHints":{"allow":["GET"]}}],"collection":[{"href":"https:\/\/www.xminsulation.com\/tr\/wp-json\/wp\/v2\/product"}],"about":[{"href":"https:\/\/www.xminsulation.com\/tr\/wp-json\/wp\/v2\/types\/product"}],"wp:featuredmedia":[{"embeddable":true,"href":"https:\/\/www.xminsulation.com\/tr\/wp-json\/wp\/v2\/media\/1490"}],"wp:attachment":[{"href":"https:\/\/www.xminsulation.com\/tr\/wp-json\/wp\/v2\/media?parent=1489"}],"wp:term":[{"taxonomy":"product_cat","embeddable":true,"href":"https:\/\/www.xminsulation.com\/tr\/wp-json\/wp\/v2\/product_cat?post=1489"},{"taxonomy":"product_tag","embeddable":true,"href":"https:\/\/www.xminsulation.com\/tr\/wp-json\/wp\/v2\/product_tag?post=1489"}],"curies":[{"name":"wp","href":"https:\/\/api.w.org\/{rel}","templated":true}]}}