{"id":1483,"date":"2024-05-07T17:19:21","date_gmt":"2024-05-07T09:19:21","guid":{"rendered":"http:\/\/www.xminsulation.com\/?post_type=product&#038;p=1483"},"modified":"2024-05-15T16:14:48","modified_gmt":"2024-05-15T08:14:48","slug":"jym-24kv-200a-insulated-protective-cap","status":"publish","type":"product","link":"https:\/\/www.xminsulation.com\/tr\/product\/jym-24kv-200a-insulated-protective-cap\/","title":{"rendered":"JYM-24kV-200A Yal\u0131t\u0131ml\u0131 Koruyucu Kapak"},"content":{"rendered":"<p><img fetchpriority=\"high\" decoding=\"async\" class=\"alignnone wp-image-1485 size-full\" src=\"http:\/\/www.xminsulation.com\/wp-content\/uploads\/2024\/05\/\u56fe\u7247263-1.png\" alt=\"\" width=\"529\" height=\"529\" srcset=\"https:\/\/www.xminsulation.com\/wp-content\/uploads\/2024\/05\/\u56fe\u7247263-1.png 529w, https:\/\/www.xminsulation.com\/wp-content\/uploads\/2024\/05\/\u56fe\u7247263-1-300x300.png 300w, https:\/\/www.xminsulation.com\/wp-content\/uploads\/2024\/05\/\u56fe\u7247263-1-150x150.png 150w, https:\/\/www.xminsulation.com\/wp-content\/uploads\/2024\/05\/\u56fe\u7247263-1-100x100.png 100w\" sizes=\"(max-width: 529px) 100vw, 529px\" \/><\/p>\n<h2><strong><b>Genel bilgi<\/b><\/strong><\/h2>\n<p>24kV-200A yal\u0131t\u0131ml\u0131 koruyucu kapak, y\u00fck kesme bur\u00e7 aray\u00fczlerini elektriksel olarak yal\u0131tmak ve mekanik olarak kapatmak i\u00e7in tasarlanm\u0131\u015f bir aksesuar cihazd\u0131r. Bir y\u00fck kesme \u00fcr\u00fcn\u00fcne e\u015fle\u015ftirildi\u011finde ve tahliye teli topra\u011fa ba\u011fland\u0131\u011f\u0131nda, Yal\u0131t\u0131ml\u0131 Koruyucu Kapak enerjili bur\u00e7lar i\u00e7in tamamen korumal\u0131 bir su alt\u0131 yal\u0131t\u0131m k\u0131l\u0131f\u0131 sa\u011flar.<\/p>\n<p>Yal\u0131t\u0131ml\u0131 Koruyucu Kapak, 200A bur\u00e7lar, ba\u011flant\u0131 noktalar\u0131 veya yal\u0131t\u0131ml\u0131 ara bur\u00e7lar \u00fczerine kal\u0131c\u0131 veya ge\u00e7ici montaj i\u00e7in kullan\u0131labilir.<\/p>\n<p><img decoding=\"async\" class=\"alignnone wp-image-1486 size-full\" src=\"http:\/\/www.xminsulation.com\/wp-content\/uploads\/2024\/05\/\u56fe\u7247264.png\" alt=\"\" width=\"800\" height=\"762\" srcset=\"https:\/\/www.xminsulation.com\/wp-content\/uploads\/2024\/05\/\u56fe\u7247264.png 800w, https:\/\/www.xminsulation.com\/wp-content\/uploads\/2024\/05\/\u56fe\u7247264-300x286.png 300w, https:\/\/www.xminsulation.com\/wp-content\/uploads\/2024\/05\/\u56fe\u7247264-768x732.png 768w, https:\/\/www.xminsulation.com\/wp-content\/uploads\/2024\/05\/\u56fe\u7247264-600x572.png 600w\" sizes=\"(max-width: 800px) 100vw, 800px\" \/> <img decoding=\"async\" class=\"alignnone wp-image-1487 size-full\" src=\"http:\/\/www.xminsulation.com\/wp-content\/uploads\/2024\/05\/\u56fe\u7247265.png\" alt=\"\" width=\"716\" height=\"754\" srcset=\"https:\/\/www.xminsulation.com\/wp-content\/uploads\/2024\/05\/\u56fe\u7247265.png 716w, https:\/\/www.xminsulation.com\/wp-content\/uploads\/2024\/05\/\u56fe\u7247265-285x300.png 285w, https:\/\/www.xminsulation.com\/wp-content\/uploads\/2024\/05\/\u56fe\u7247265-600x632.png 600w\" sizes=\"(max-width: 716px) 100vw, 716px\" \/><\/p>\n<h2><strong><b>\u00dcr\u00fcn Yap\u0131s\u0131<\/b><\/strong><\/h2>\n<p>1\u3001YALITIM: Tutarl\u0131 ve g\u00fcvenilir saha performans\u0131 i\u00e7in \u015firket i\u00e7inde form\u00fcle edilmi\u015f, kar\u0131\u015ft\u0131r\u0131lm\u0131\u015f ve kal\u0131planm\u0131\u015f y\u00fcksek kaliteli, peroksitle k\u00fcrlenmi\u015f EPDM kau\u00e7uk.<\/p>\n<p>2\u3001YARI \u0130LETKEN KALKAN: Y\u00fcksek kaliteli EPDM kau\u00e7uk, topraklaman\u0131n oldu\u011fundan emin olmak i\u00e7in koruyucu \u00f6n kalkan sa\u011flar.<\/p>\n<p>3\u3001TOPRAKLAMA G\u00d6Z\u00dc: \u00d6l\u00fc \u00f6n g\u00fcvenli\u011fi sa\u011flamak i\u00e7in topraklama telinin ba\u011flanmas\u0131 amac\u0131yla yar\u0131 iletken bir kalkan haline getirilmi\u015f \u00fc\u00e7 t\u0131rnak.<\/p>\n<p>4\u3001\u00c7EKME G\u00d6Z\u00dc: Pozitif t\u00fcfek \u00e7ubu\u011fu de\u011fi\u015ftirme i\u015flemleri i\u00e7in g\u00fc\u00e7lendirilmi\u015f paslanmaz \u00e7elik.<\/p>\n<p><img loading=\"lazy\" decoding=\"async\" class=\"alignnone wp-image-1488 size-full\" src=\"http:\/\/www.xminsulation.com\/wp-content\/uploads\/2024\/05\/\u56fe\u7247266.png\" alt=\"\" width=\"1000\" height=\"258\" srcset=\"https:\/\/www.xminsulation.com\/wp-content\/uploads\/2024\/05\/\u56fe\u7247266.png 1000w, https:\/\/www.xminsulation.com\/wp-content\/uploads\/2024\/05\/\u56fe\u7247266-300x77.png 300w, https:\/\/www.xminsulation.com\/wp-content\/uploads\/2024\/05\/\u56fe\u7247266-768x198.png 768w, https:\/\/www.xminsulation.com\/wp-content\/uploads\/2024\/05\/\u56fe\u7247266-600x155.png 600w\" sizes=\"(max-width: 1000px) 100vw, 1000px\" \/><\/p>\n<p>&nbsp;<\/p>\n<div class=\"wxts\">\n<h2>\u25c6\u00d6zel \u00d6zelle\u015ftirme<\/h2>\n<p>Yukar\u0131daki parametreler tipik verilerdir; Mevcut stiller \u00f6zel taleplerinizi kar\u015f\u0131lam\u0131yorsa, l\u00fctfen \u00f6zel bir tasar\u0131m i\u00e7in bizimle ileti\u015fime ge\u00e7in. Ki\u015fiselle\u015ftirilmi\u015f ki\u015fiselle\u015ftirme geli\u015ftirme ve \u00fcretim becerilerimiz, d\u00fcnyan\u0131n her yerindeki m\u00fc\u015fterilerimize \u00f6zel \u00e7\u00f6z\u00fcmler sunmam\u0131za olanak tan\u0131yor.<\/p>\n<\/div>","protected":false},"excerpt":{"rendered":"<p>General Information 24kV-200A insulated protective cap is an accessory device designed to electrically insulate and mechanically seal loadbreak bushing interfaces. When mated to a loadbreak product and the drain wire is attached to ground, the Insulated Protective Cap provides a fully shielded. submersible insulating cover for energized bushings. The Insulated Protective Cap can be used [&hellip;]<\/p>","protected":false},"featured_media":1484,"template":"","meta":{"site-sidebar-layout":"default","site-content-layout":"","ast-site-content-layout":"default","site-content-style":"default","site-sidebar-style":"default","ast-global-header-display":"","ast-banner-title-visibility":"","ast-main-header-display":"","ast-hfb-above-header-display":"","ast-hfb-below-header-display":"","ast-hfb-mobile-header-display":"","site-post-title":"","ast-breadcrumbs-content":"","ast-featured-img":"","footer-sml-layout":"","theme-transparent-header-meta":"default","adv-header-id-meta":"","stick-header-meta":"","header-above-stick-meta":"","header-main-stick-meta":"","header-below-stick-meta":"","astra-migrate-meta-layouts":"set","ast-page-background-enabled":"default","ast-page-background-meta":{"desktop":{"background-color":"","background-image":"","background-repeat":"repeat","background-position":"center center","background-size":"auto","background-attachment":"scroll","background-type":"","background-media":"","overlay-type":"","overlay-color":"","overlay-gradient":""},"tablet":{"background-color":"","background-image":"","background-repeat":"repeat","background-position":"center center","background-size":"auto","background-attachment":"scroll","background-type":"","background-media":"","overlay-type":"","overlay-color":"","overlay-gradient":""},"mobile":{"background-color":"","background-image":"","background-repeat":"repeat","background-position":"center center","background-size":"auto","background-attachment":"scroll","background-type":"","background-media":"","overlay-type":"","overlay-color":"","overlay-gradient":""}},"ast-content-background-meta":{"desktop":{"background-color":"var(--ast-global-color-5)","background-image":"","background-repeat":"repeat","background-position":"center center","background-size":"auto","background-attachment":"scroll","background-type":"","background-media":"","overlay-type":"","overlay-color":"","overlay-gradient":""},"tablet":{"background-color":"var(--ast-global-color-5)","background-image":"","background-repeat":"repeat","background-position":"center center","background-size":"auto","background-attachment":"scroll","background-type":"","background-media":"","overlay-type":"","overlay-color":"","overlay-gradient":""},"mobile":{"background-color":"var(--ast-global-color-5)","background-image":"","background-repeat":"repeat","background-position":"center center","background-size":"auto","background-attachment":"scroll","background-type":"","background-media":"","overlay-type":"","overlay-color":"","overlay-gradient":""}}},"product_cat":[52],"product_tag":[],"class_list":{"0":"post-1483","1":"product","2":"type-product","3":"status-publish","4":"has-post-thumbnail","6":"product_cat-meishi","7":"desktop-align-left","8":"tablet-align-left","9":"mobile-align-left","11":"first","12":"instock","13":"shipping-taxable","14":"product-type-simple"},"_links":{"self":[{"href":"https:\/\/www.xminsulation.com\/tr\/wp-json\/wp\/v2\/product\/1483","targetHints":{"allow":["GET"]}}],"collection":[{"href":"https:\/\/www.xminsulation.com\/tr\/wp-json\/wp\/v2\/product"}],"about":[{"href":"https:\/\/www.xminsulation.com\/tr\/wp-json\/wp\/v2\/types\/product"}],"wp:featuredmedia":[{"embeddable":true,"href":"https:\/\/www.xminsulation.com\/tr\/wp-json\/wp\/v2\/media\/1484"}],"wp:attachment":[{"href":"https:\/\/www.xminsulation.com\/tr\/wp-json\/wp\/v2\/media?parent=1483"}],"wp:term":[{"taxonomy":"product_cat","embeddable":true,"href":"https:\/\/www.xminsulation.com\/tr\/wp-json\/wp\/v2\/product_cat?post=1483"},{"taxonomy":"product_tag","embeddable":true,"href":"https:\/\/www.xminsulation.com\/tr\/wp-json\/wp\/v2\/product_tag?post=1483"}],"curies":[{"name":"wp","href":"https:\/\/api.w.org\/{rel}","templated":true}]}}