{"id":1458,"date":"2024-05-07T17:08:50","date_gmt":"2024-05-07T09:08:50","guid":{"rendered":"http:\/\/www.xminsulation.com\/?post_type=product&#038;p=1458"},"modified":"2024-05-15T16:17:35","modified_gmt":"2024-05-15T08:17:35","slug":"dtblq-17-50kv-200a-surge-arrester-insert","status":"publish","type":"product","link":"https:\/\/www.xminsulation.com\/tr\/product\/dtblq-17-50kv-200a-surge-arrester-insert\/","title":{"rendered":"DTBLQ-17\/50kV-200A Parafudr Eki"},"content":{"rendered":"<p><strong><b><img fetchpriority=\"high\" decoding=\"async\" class=\"alignnone wp-image-1460 size-full\" src=\"http:\/\/www.xminsulation.com\/wp-content\/uploads\/2024\/05\/\u56fe\u7247247-1.png\" alt=\"\" width=\"586\" height=\"586\" srcset=\"https:\/\/www.xminsulation.com\/wp-content\/uploads\/2024\/05\/\u56fe\u7247247-1.png 586w, https:\/\/www.xminsulation.com\/wp-content\/uploads\/2024\/05\/\u56fe\u7247247-1-300x300.png 300w, https:\/\/www.xminsulation.com\/wp-content\/uploads\/2024\/05\/\u56fe\u7247247-1-150x150.png 150w, https:\/\/www.xminsulation.com\/wp-content\/uploads\/2024\/05\/\u56fe\u7247247-1-100x100.png 100w\" sizes=\"(max-width: 586px) 100vw, 586px\" \/>\u00a0<\/b><\/strong><\/p>\n<h2><strong><b>Genel bilgi<\/b><\/strong><\/h2>\n<p>17\/50kV Parafudr Eki, trafo, \u015falt cihazlar\u0131 ve kablo ve di\u011ferleri gibi orta gerilim \u015febekelerinde yayg\u0131n olarak kullan\u0131l\u0131r. Bur\u00e7lu dirsek konnekt\u00f6r\u00fc ve yal\u0131t\u0131ml\u0131 koruyucu kapak gibi y\u00fck kesme kablosu aksesuarlar\u0131yla birlikte kullan\u0131l\u0131r.<\/p>\n<p><img decoding=\"async\" class=\"alignnone wp-image-1461 size-full\" src=\"http:\/\/www.xminsulation.com\/wp-content\/uploads\/2024\/05\/\u56fe\u7247248.png\" alt=\"\" width=\"958\" height=\"1106\" srcset=\"https:\/\/www.xminsulation.com\/wp-content\/uploads\/2024\/05\/\u56fe\u7247248.png 958w, https:\/\/www.xminsulation.com\/wp-content\/uploads\/2024\/05\/\u56fe\u7247248-260x300.png 260w, https:\/\/www.xminsulation.com\/wp-content\/uploads\/2024\/05\/\u56fe\u7247248-887x1024.png 887w, https:\/\/www.xminsulation.com\/wp-content\/uploads\/2024\/05\/\u56fe\u7247248-768x887.png 768w, https:\/\/www.xminsulation.com\/wp-content\/uploads\/2024\/05\/\u56fe\u7247248-600x693.png 600w\" sizes=\"(max-width: 958px) 100vw, 958px\" \/> <img decoding=\"async\" class=\"alignnone wp-image-1462 size-full\" src=\"http:\/\/www.xminsulation.com\/wp-content\/uploads\/2024\/05\/\u56fe\u7247249.png\" alt=\"\" width=\"772\" height=\"1054\" srcset=\"https:\/\/www.xminsulation.com\/wp-content\/uploads\/2024\/05\/\u56fe\u7247249.png 772w, https:\/\/www.xminsulation.com\/wp-content\/uploads\/2024\/05\/\u56fe\u7247249-220x300.png 220w, https:\/\/www.xminsulation.com\/wp-content\/uploads\/2024\/05\/\u56fe\u7247249-750x1024.png 750w, https:\/\/www.xminsulation.com\/wp-content\/uploads\/2024\/05\/\u56fe\u7247249-768x1049.png 768w, https:\/\/www.xminsulation.com\/wp-content\/uploads\/2024\/05\/\u56fe\u7247249-600x819.png 600w\" sizes=\"(max-width: 772px) 100vw, 772px\" \/><\/p>\n<h2><strong><b>\u00dcr\u00fcn Yap\u0131s\u0131<\/b><\/strong><\/h2>\n<p>1\u3001EPDM YALITIM: Y\u00fcksek kaliteli k\u00fck\u00fcrtl\u00fc k\u00fcrlenmi\u015f EPDM yal\u0131t\u0131m, yal\u0131t\u0131m kau\u00e7u\u011funun \u00f6zelliklerinin tam kontrol\u00fc i\u00e7in \u015firket i\u00e7inde kar\u0131\u015ft\u0131r\u0131l\u0131r ve form\u00fcle edilir.<\/p>\n<p>2\u3001YARI \u0130LETKEN KALKAN: Kal\u0131planm\u0131\u015f yar\u0131 iletken EPDM kalkan\u0131 ANSI\/IEEE Standard\u0131 592 gereksinimlerini kar\u015f\u0131lar.<\/p>\n<p>3\u3001TUTUCU \u00c7EK\u0130RDEK: \u00d6zel i\u015flemden ge\u00e7irilmi\u015f \u00e7inko oksit y\u0131ld\u0131r\u0131m tutucu vana diliminden olu\u015fur.<\/p>\n<p>4\u3001ARK S\u00d6ND\u00dcRME TERT\u0130BATI: Ark-ablatif plastik, y\u00fck kesme anahtarlama i\u015flemleri s\u0131ras\u0131nda ark s\u00f6nd\u00fcrme gaz\u0131 \u00fcretir.<\/p>\n<p>5\u3001PROB: Prob, di\u015fi kontaklar\u0131n birle\u015fmesiyle g\u00fcvenilir bir iletken yol sa\u011flar.<\/p>\n<p>6\u3001TOPRAKLAMA TEL\u0130: (Daha b\u00fcy\u00fck topraklama teli i\u00e7in opsiyonel) Topraklama konumuna ula\u015ft\u0131ktan sonra etkili darbe voltaj\u0131 i\u00e7in kullan\u0131l\u0131r.<\/p>\n<p><img loading=\"lazy\" decoding=\"async\" class=\"alignnone wp-image-1463 size-large\" src=\"http:\/\/www.xminsulation.com\/wp-content\/uploads\/2024\/05\/\u56fe\u7247250-1024x207.png\" alt=\"\" width=\"1024\" height=\"207\" srcset=\"https:\/\/www.xminsulation.com\/wp-content\/uploads\/2024\/05\/\u56fe\u7247250-1024x207.png 1024w, https:\/\/www.xminsulation.com\/wp-content\/uploads\/2024\/05\/\u56fe\u7247250-300x61.png 300w, https:\/\/www.xminsulation.com\/wp-content\/uploads\/2024\/05\/\u56fe\u7247250-768x155.png 768w, https:\/\/www.xminsulation.com\/wp-content\/uploads\/2024\/05\/\u56fe\u7247250-600x121.png 600w, https:\/\/www.xminsulation.com\/wp-content\/uploads\/2024\/05\/\u56fe\u7247250.png 1226w\" sizes=\"(max-width: 1024px) 100vw, 1024px\" \/><\/p>\n<p>&nbsp;<\/p>\n<div class=\"wxts\">\n<h2>\u25c6\u00d6zel \u00d6zelle\u015ftirme<\/h2>\n<p>Yukar\u0131daki parametreler tipik verilerdir; Mevcut stiller \u00f6zel taleplerinizi kar\u015f\u0131lam\u0131yorsa, l\u00fctfen \u00f6zel bir tasar\u0131m i\u00e7in bizimle ileti\u015fime ge\u00e7in. Ki\u015fiselle\u015ftirilmi\u015f ki\u015fiselle\u015ftirme geli\u015ftirme ve \u00fcretim becerilerimiz, d\u00fcnyan\u0131n her yerindeki m\u00fc\u015fterilerimize \u00f6zel \u00e7\u00f6z\u00fcmler sunmam\u0131za olanak tan\u0131yor.<\/p>\n<\/div>","protected":false},"excerpt":{"rendered":"<p>\u00a0 General Information 17\/50kV Surge Arrester Insert is widely used on medium voltage network, such as transformers switch gears and cable and others, Used together with loadbreak cable accessories such as bushing elbow connector and insulated protective cap. Product Structure 1\u3001EPDM INSULATION: High quality sulfur cured EPDM insulation is mixed and formulated in-house for complete [&hellip;]<\/p>","protected":false},"featured_media":1459,"template":"","meta":{"site-sidebar-layout":"default","site-content-layout":"","ast-site-content-layout":"default","site-content-style":"default","site-sidebar-style":"default","ast-global-header-display":"","ast-banner-title-visibility":"","ast-main-header-display":"","ast-hfb-above-header-display":"","ast-hfb-below-header-display":"","ast-hfb-mobile-header-display":"","site-post-title":"","ast-breadcrumbs-content":"","ast-featured-img":"","footer-sml-layout":"","theme-transparent-header-meta":"default","adv-header-id-meta":"","stick-header-meta":"","header-above-stick-meta":"","header-main-stick-meta":"","header-below-stick-meta":"","astra-migrate-meta-layouts":"set","ast-page-background-enabled":"default","ast-page-background-meta":{"desktop":{"background-color":"","background-image":"","background-repeat":"repeat","background-position":"center center","background-size":"auto","background-attachment":"scroll","background-type":"","background-media":"","overlay-type":"","overlay-color":"","overlay-gradient":""},"tablet":{"background-color":"","background-image":"","background-repeat":"repeat","background-position":"center center","background-size":"auto","background-attachment":"scroll","background-type":"","background-media":"","overlay-type":"","overlay-color":"","overlay-gradient":""},"mobile":{"background-color":"","background-image":"","background-repeat":"repeat","background-position":"center center","background-size":"auto","background-attachment":"scroll","background-type":"","background-media":"","overlay-type":"","overlay-color":"","overlay-gradient":""}},"ast-content-background-meta":{"desktop":{"background-color":"var(--ast-global-color-5)","background-image":"","background-repeat":"repeat","background-position":"center center","background-size":"auto","background-attachment":"scroll","background-type":"","background-media":"","overlay-type":"","overlay-color":"","overlay-gradient":""},"tablet":{"background-color":"var(--ast-global-color-5)","background-image":"","background-repeat":"repeat","background-position":"center center","background-size":"auto","background-attachment":"scroll","background-type":"","background-media":"","overlay-type":"","overlay-color":"","overlay-gradient":""},"mobile":{"background-color":"var(--ast-global-color-5)","background-image":"","background-repeat":"repeat","background-position":"center center","background-size":"auto","background-attachment":"scroll","background-type":"","background-media":"","overlay-type":"","overlay-color":"","overlay-gradient":""}}},"product_cat":[52],"product_tag":[],"class_list":{"0":"post-1458","1":"product","2":"type-product","3":"status-publish","4":"has-post-thumbnail","6":"product_cat-meishi","7":"desktop-align-left","8":"tablet-align-left","9":"mobile-align-left","11":"first","12":"instock","13":"shipping-taxable","14":"product-type-simple"},"_links":{"self":[{"href":"https:\/\/www.xminsulation.com\/tr\/wp-json\/wp\/v2\/product\/1458","targetHints":{"allow":["GET"]}}],"collection":[{"href":"https:\/\/www.xminsulation.com\/tr\/wp-json\/wp\/v2\/product"}],"about":[{"href":"https:\/\/www.xminsulation.com\/tr\/wp-json\/wp\/v2\/types\/product"}],"wp:featuredmedia":[{"embeddable":true,"href":"https:\/\/www.xminsulation.com\/tr\/wp-json\/wp\/v2\/media\/1459"}],"wp:attachment":[{"href":"https:\/\/www.xminsulation.com\/tr\/wp-json\/wp\/v2\/media?parent=1458"}],"wp:term":[{"taxonomy":"product_cat","embeddable":true,"href":"https:\/\/www.xminsulation.com\/tr\/wp-json\/wp\/v2\/product_cat?post=1458"},{"taxonomy":"product_tag","embeddable":true,"href":"https:\/\/www.xminsulation.com\/tr\/wp-json\/wp\/v2\/product_tag?post=1458"}],"curies":[{"name":"wp","href":"https:\/\/api.w.org\/{rel}","templated":true}]}}