{"id":1429,"date":"2024-05-07T16:55:11","date_gmt":"2024-05-07T08:55:11","guid":{"rendered":"http:\/\/www.xminsulation.com\/?post_type=product&#038;p=1429"},"modified":"2024-05-15T16:23:02","modified_gmt":"2024-05-15T08:23:02","slug":"ymp-15kv-200a-630a-special-shaped-busbar","status":"publish","type":"product","link":"https:\/\/www.xminsulation.com\/tr\/product\/ymp-15kv-200a-630a-special-shaped-busbar\/","title":{"rendered":"YMP-15kV 200A-630A \u00d6zel \u015eekilli Bara"},"content":{"rendered":"<p><img fetchpriority=\"high\" decoding=\"async\" class=\"alignnone wp-image-1431 size-full\" src=\"http:\/\/www.xminsulation.com\/wp-content\/uploads\/2024\/05\/\u56fe\u7247228-1.jpg\" alt=\"\" width=\"467\" height=\"467\" srcset=\"https:\/\/www.xminsulation.com\/wp-content\/uploads\/2024\/05\/\u56fe\u7247228-1.jpg 467w, https:\/\/www.xminsulation.com\/wp-content\/uploads\/2024\/05\/\u56fe\u7247228-1-300x300.jpg 300w, https:\/\/www.xminsulation.com\/wp-content\/uploads\/2024\/05\/\u56fe\u7247228-1-150x150.jpg 150w, https:\/\/www.xminsulation.com\/wp-content\/uploads\/2024\/05\/\u56fe\u7247228-1-100x100.jpg 100w\" sizes=\"(max-width: 467px) 100vw, 467px\" \/><\/p>\n<h2><strong><b>Genel bilgi<\/b><\/strong><\/h2>\n<p>200A\/600A \u00f6zel \u015fekilli bara, SF6 y\u00fck anahtarlar\u0131 veya vakum devre kesicileri olan kablo bran\u015fman kutular\u0131nda kullan\u0131l\u0131r. Yap\u0131, \u00e7e\u015fitli kablolama y\u00f6ntemlerini kar\u015f\u0131lamak i\u00e7in esnek ve de\u011fi\u015ftirilebilirdir. Birle\u015ftirilebilen iki yollu, \u00fc\u00e7 yollu ve d\u00f6rt yollu olmak \u00fczere Avrupa ve Amerikan stillerine ayr\u0131lm\u0131\u015ft\u0131r. 200 konnekt\u00f6r, 600 konnekt\u00f6r, 600A, 200A hibrit konnekt\u00f6rleri vard\u0131r ve kul\u00fcbe konnekt\u00f6r\u00fc bir Avrupa 630A konnekt\u00f6r\u00fcd\u00fcr. Tam yal\u0131t\u0131m ve tam s\u0131zd\u0131rmazl\u0131k elde etmek i\u00e7in bir \u00e7apraz konnekt\u00f6r ve bir T \u015feklinde konnekt\u00f6r arac\u0131l\u0131\u011f\u0131yla anahtar terminaline ba\u011flanabilir.<\/p>\n<p><img decoding=\"async\" class=\"alignnone wp-image-1432 size-full\" src=\"http:\/\/www.xminsulation.com\/wp-content\/uploads\/2024\/05\/\u56fe\u7247229.png\" alt=\"\" width=\"964\" height=\"1052\" srcset=\"https:\/\/www.xminsulation.com\/wp-content\/uploads\/2024\/05\/\u56fe\u7247229.png 964w, https:\/\/www.xminsulation.com\/wp-content\/uploads\/2024\/05\/\u56fe\u7247229-275x300.png 275w, https:\/\/www.xminsulation.com\/wp-content\/uploads\/2024\/05\/\u56fe\u7247229-938x1024.png 938w, https:\/\/www.xminsulation.com\/wp-content\/uploads\/2024\/05\/\u56fe\u7247229-768x838.png 768w, https:\/\/www.xminsulation.com\/wp-content\/uploads\/2024\/05\/\u56fe\u7247229-600x655.png 600w\" sizes=\"(max-width: 964px) 100vw, 964px\" \/><\/p>\n<p>&nbsp;<\/p>\n<p>&nbsp;<\/p>\n<div class=\"wxts\">\n<h2>\u25c6\u00d6zel \u00d6zelle\u015ftirme<\/h2>\n<p>Yukar\u0131daki parametreler tipik verilerdir; Mevcut stiller \u00f6zel taleplerinizi kar\u015f\u0131lam\u0131yorsa, l\u00fctfen \u00f6zel bir tasar\u0131m i\u00e7in bizimle ileti\u015fime ge\u00e7in. Ki\u015fiselle\u015ftirilmi\u015f ki\u015fiselle\u015ftirme geli\u015ftirme ve \u00fcretim becerilerimiz, d\u00fcnyan\u0131n her yerindeki m\u00fc\u015fterilerimize \u00f6zel \u00e7\u00f6z\u00fcmler sunmam\u0131za olanak tan\u0131yor.<\/p>\n<\/div>","protected":false},"excerpt":{"rendered":"<p>General Information 200A\/600A special-shaped busbar is used in cable branch boxes with SF6 load switches or vacuum circuit breakers. The structure is flexible and changeable to meet various wiring methods. It is divided into European and American styles, with two-way, three-way and four-way, which can be combined. It has 200 connectors, 600 connectors, 600A, 200A [&hellip;]<\/p>","protected":false},"featured_media":1430,"template":"","meta":{"site-sidebar-layout":"default","site-content-layout":"","ast-site-content-layout":"default","site-content-style":"default","site-sidebar-style":"default","ast-global-header-display":"","ast-banner-title-visibility":"","ast-main-header-display":"","ast-hfb-above-header-display":"","ast-hfb-below-header-display":"","ast-hfb-mobile-header-display":"","site-post-title":"","ast-breadcrumbs-content":"","ast-featured-img":"","footer-sml-layout":"","theme-transparent-header-meta":"default","adv-header-id-meta":"","stick-header-meta":"","header-above-stick-meta":"","header-main-stick-meta":"","header-below-stick-meta":"","astra-migrate-meta-layouts":"set","ast-page-background-enabled":"default","ast-page-background-meta":{"desktop":{"background-color":"","background-image":"","background-repeat":"repeat","background-position":"center center","background-size":"auto","background-attachment":"scroll","background-type":"","background-media":"","overlay-type":"","overlay-color":"","overlay-gradient":""},"tablet":{"background-color":"","background-image":"","background-repeat":"repeat","background-position":"center center","background-size":"auto","background-attachment":"scroll","background-type":"","background-media":"","overlay-type":"","overlay-color":"","overlay-gradient":""},"mobile":{"background-color":"","background-image":"","background-repeat":"repeat","background-position":"center center","background-size":"auto","background-attachment":"scroll","background-type":"","background-media":"","overlay-type":"","overlay-color":"","overlay-gradient":""}},"ast-content-background-meta":{"desktop":{"background-color":"var(--ast-global-color-5)","background-image":"","background-repeat":"repeat","background-position":"center center","background-size":"auto","background-attachment":"scroll","background-type":"","background-media":"","overlay-type":"","overlay-color":"","overlay-gradient":""},"tablet":{"background-color":"var(--ast-global-color-5)","background-image":"","background-repeat":"repeat","background-position":"center center","background-size":"auto","background-attachment":"scroll","background-type":"","background-media":"","overlay-type":"","overlay-color":"","overlay-gradient":""},"mobile":{"background-color":"var(--ast-global-color-5)","background-image":"","background-repeat":"repeat","background-position":"center center","background-size":"auto","background-attachment":"scroll","background-type":"","background-media":"","overlay-type":"","overlay-color":"","overlay-gradient":""}}},"product_cat":[52],"product_tag":[],"class_list":{"0":"post-1429","1":"product","2":"type-product","3":"status-publish","4":"has-post-thumbnail","6":"product_cat-meishi","7":"desktop-align-left","8":"tablet-align-left","9":"mobile-align-left","11":"first","12":"instock","13":"shipping-taxable","14":"product-type-simple"},"_links":{"self":[{"href":"https:\/\/www.xminsulation.com\/tr\/wp-json\/wp\/v2\/product\/1429","targetHints":{"allow":["GET"]}}],"collection":[{"href":"https:\/\/www.xminsulation.com\/tr\/wp-json\/wp\/v2\/product"}],"about":[{"href":"https:\/\/www.xminsulation.com\/tr\/wp-json\/wp\/v2\/types\/product"}],"wp:featuredmedia":[{"embeddable":true,"href":"https:\/\/www.xminsulation.com\/tr\/wp-json\/wp\/v2\/media\/1430"}],"wp:attachment":[{"href":"https:\/\/www.xminsulation.com\/tr\/wp-json\/wp\/v2\/media?parent=1429"}],"wp:term":[{"taxonomy":"product_cat","embeddable":true,"href":"https:\/\/www.xminsulation.com\/tr\/wp-json\/wp\/v2\/product_cat?post=1429"},{"taxonomy":"product_tag","embeddable":true,"href":"https:\/\/www.xminsulation.com\/tr\/wp-json\/wp\/v2\/product_tag?post=1429"}],"curies":[{"name":"wp","href":"https:\/\/api.w.org\/{rel}","templated":true}]}}