{"id":1365,"date":"2024-05-07T16:06:08","date_gmt":"2024-05-07T08:06:08","guid":{"rendered":"http:\/\/www.xminsulation.com\/?post_type=product&#038;p=1365"},"modified":"2024-05-15T16:28:50","modified_gmt":"2024-05-15T08:28:50","slug":"35kv-cold-shrinkable-power-cable-terminal","status":"publish","type":"product","link":"https:\/\/www.xminsulation.com\/tr\/product\/35kv-cold-shrinkable-power-cable-terminal\/","title":{"rendered":"35kV So\u011fukta Daralan G\u00fc\u00e7 Kablosu Terminali"},"content":{"rendered":"<h1><img fetchpriority=\"high\" decoding=\"async\" class=\"alignnone wp-image-1367 size-full\" src=\"http:\/\/www.xminsulation.com\/wp-content\/uploads\/2024\/05\/\u56fe\u7247185.png\" alt=\"\" width=\"1152\" height=\"824\" srcset=\"https:\/\/www.xminsulation.com\/wp-content\/uploads\/2024\/05\/\u56fe\u7247185.png 1152w, https:\/\/www.xminsulation.com\/wp-content\/uploads\/2024\/05\/\u56fe\u7247185-300x215.png 300w, https:\/\/www.xminsulation.com\/wp-content\/uploads\/2024\/05\/\u56fe\u7247185-1024x732.png 1024w, https:\/\/www.xminsulation.com\/wp-content\/uploads\/2024\/05\/\u56fe\u7247185-768x549.png 768w, https:\/\/www.xminsulation.com\/wp-content\/uploads\/2024\/05\/\u56fe\u7247185-600x429.png 600w\" sizes=\"(max-width: 1152px) 100vw, 1152px\" \/> <img decoding=\"async\" class=\"alignnone wp-image-1368 size-full\" src=\"http:\/\/www.xminsulation.com\/wp-content\/uploads\/2024\/05\/\u56fe\u7247186-1.png\" alt=\"\" width=\"1000\" height=\"1000\" srcset=\"https:\/\/www.xminsulation.com\/wp-content\/uploads\/2024\/05\/\u56fe\u7247186-1.png 1000w, https:\/\/www.xminsulation.com\/wp-content\/uploads\/2024\/05\/\u56fe\u7247186-1-300x300.png 300w, https:\/\/www.xminsulation.com\/wp-content\/uploads\/2024\/05\/\u56fe\u7247186-1-150x150.png 150w, https:\/\/www.xminsulation.com\/wp-content\/uploads\/2024\/05\/\u56fe\u7247186-1-768x768.png 768w, https:\/\/www.xminsulation.com\/wp-content\/uploads\/2024\/05\/\u56fe\u7247186-1-600x600.png 600w, https:\/\/www.xminsulation.com\/wp-content\/uploads\/2024\/05\/\u56fe\u7247186-1-100x100.png 100w\" sizes=\"(max-width: 1000px) 100vw, 1000px\" \/> <img decoding=\"async\" class=\"alignnone wp-image-1369 size-full\" src=\"http:\/\/www.xminsulation.com\/wp-content\/uploads\/2024\/05\/\u56fe\u7247187.png\" alt=\"\" width=\"1000\" height=\"1000\" srcset=\"https:\/\/www.xminsulation.com\/wp-content\/uploads\/2024\/05\/\u56fe\u7247187.png 1000w, https:\/\/www.xminsulation.com\/wp-content\/uploads\/2024\/05\/\u56fe\u7247187-300x300.png 300w, https:\/\/www.xminsulation.com\/wp-content\/uploads\/2024\/05\/\u56fe\u7247187-150x150.png 150w, https:\/\/www.xminsulation.com\/wp-content\/uploads\/2024\/05\/\u56fe\u7247187-768x768.png 768w, https:\/\/www.xminsulation.com\/wp-content\/uploads\/2024\/05\/\u56fe\u7247187-600x600.png 600w, https:\/\/www.xminsulation.com\/wp-content\/uploads\/2024\/05\/\u56fe\u7247187-100x100.png 100w\" sizes=\"(max-width: 1000px) 100vw, 1000px\" \/> <img loading=\"lazy\" decoding=\"async\" class=\"alignnone wp-image-1370 size-full\" src=\"http:\/\/www.xminsulation.com\/wp-content\/uploads\/2024\/05\/\u56fe\u7247188.png\" alt=\"\" width=\"988\" height=\"774\" srcset=\"https:\/\/www.xminsulation.com\/wp-content\/uploads\/2024\/05\/\u56fe\u7247188.png 988w, https:\/\/www.xminsulation.com\/wp-content\/uploads\/2024\/05\/\u56fe\u7247188-300x235.png 300w, https:\/\/www.xminsulation.com\/wp-content\/uploads\/2024\/05\/\u56fe\u7247188-768x602.png 768w, https:\/\/www.xminsulation.com\/wp-content\/uploads\/2024\/05\/\u56fe\u7247188-600x470.png 600w\" sizes=\"(max-width: 988px) 100vw, 988px\" \/><\/h1>\n<h2><strong><b>35kV Elektrik Kablosu<\/b><\/strong><\/h2>\n<h2><strong><b>35kV So\u011fuk B\u00fcz\u00fc\u015fmeli Kablo Ek Par\u00e7as\u0131 \/ 35kV So\u011fuk B\u00fcz\u00fc\u015fmeli G\u00fc\u00e7 Kablosu Terminali<\/b><\/strong><\/h2>\n<p>So\u011fuk b\u00fcz\u00fc\u015fmeli kablo ek yeri, hidrofobik performansa sahip s\u0131v\u0131 silikon kau\u00e7uk ve EPDM kau\u00e7uktan yap\u0131lm\u0131\u015ft\u0131r. Y\u00fcksek elastikiyet ve b\u00fcz\u00fclme yetene\u011fi, y\u00fck d\u00f6ng\u00fcs\u00fc alt\u0131nda geni\u015fleyen veya k\u00fc\u00e7\u00fclen kablo \u00e7aplar\u0131na yan\u0131t verebilen kau\u00e7uk ve kablo aras\u0131nda g\u00fc\u00e7l\u00fc ve sabit aktif bas\u0131n\u00e7 sa\u011flar.<\/p>\n<h2><strong>G\u00fc\u00e7 ve teknoloji<\/strong><\/h2>\n<p>So\u011fuk daralma kablo aksesuarlar\u0131, enjeksiyon kal\u0131plama ekipman\u0131 vulkanizasyon enjeksiyon kal\u0131plamas\u0131nda elastik malzemenin (genellikle silikon kau\u00e7uk ve EPDM kau\u00e7uk ile birlikte kullan\u0131l\u0131r) kullan\u0131lmas\u0131 ve ard\u0131ndan \u00e7e\u015fitli kablo aksesuarlar\u0131ndan olu\u015fan plastik spiral destekle geni\u015fletilmesi ve kaplanmas\u0131d\u0131r. Kurulum yerinde oldu\u011funda, \u00f6n genle\u015fme par\u00e7alar\u0131 i\u015flenmi\u015f kablonun ucuna veya eklemine k\u0131l\u0131flan\u0131r ve kablo yal\u0131t\u0131m\u0131na bast\u0131r\u0131lan i\u00e7 destekleyici plastik spiral \u015feridi (destek) \u00e7ekilir. Elastik geri tepme kuvveti ile oda s\u0131cakl\u0131\u011f\u0131nda oldu\u011fundan, b\u00fcz\u00fclmeyi \u0131s\u0131tmak i\u00e7in kullan\u0131lan \u0131s\u0131yla daralan kablo aksesuarlar\u0131 gibi olmaktan ziyade, genellikle so\u011fuk daralma kablo aksesuarlar\u0131 olarak bilinir. Erken so\u011fuk daralma kablo terminal ba\u015fl\u0131\u011f\u0131 sadece ek silikon kau\u00e7uk yal\u0131t\u0131m kullan\u0131lm\u0131\u015f ve daralma par\u00e7alar\u0131, elektrik alan\u0131 i\u015flemi hala paketin etraf\u0131ndaki stres koni tipi veya stres b\u00f6lgesini kullanmal\u0131d\u0131r.<\/p>\n<p>\u015eimdi genellikle so\u011fuk b\u00fcz\u00fclme gerilim kontrol t\u00fcp\u00fc benimsenir, gerilim seviyesi 10kV ila 35kV aras\u0131ndad\u0131r. So\u011fuk b\u00fcz\u00fclme kablo eklemi, 1 kV seviyesi yal\u0131t\u0131m\u0131 g\u00fc\u00e7lendirmek i\u00e7in so\u011fuk b\u00fcz\u00fclme yal\u0131t\u0131m t\u00fcp\u00fcn\u00fc kullan\u0131r, 10kV seviyesi yar\u0131 iletken kalkan\u0131n i\u00e7 ve d\u0131\u015f\u0131n\u0131 kullan\u0131r, eklem so\u011fuk b\u00fcz\u00fclme yal\u0131t\u0131m par\u00e7as\u0131. So\u011fuk b\u00fcz\u00fclme set dal\u0131 ile \u00fc\u00e7 \u00e7ekirdekli kablo terminali \u00e7atallanmas\u0131.<\/p>\n<h2><strong>So\u011fukta b\u00fcz\u00fc\u015febilen kablo aksesuarlar\u0131n\u0131n \u00f6zellikleri<\/strong><\/h2>\n<p>En geli\u015fmi\u015f so\u011fuk teknoloji ile donat\u0131lm\u0131\u015f, alev ve \u00f6zel aletler olmadan, sadece hat \u00e7ekirde\u011fi \u00e7ekilerek, elastik g\u00f6vde h\u0131zla b\u00fcz\u00fcl\u00fcp montaj yerine yak\u0131n olacakt\u0131r.<\/p>\n<p>Bir silikon kau\u00e7uk m\u00fckemmel yal\u0131t\u0131m ve y\u00fcksek elastikiyete sahiptir, kablo g\u00f6vdesinin kal\u0131nt\u0131lar\u0131n\u0131n montaj\u0131ndan sonra uygun radyal bas\u0131n\u00e7, aray\u00fcz ba\u011f\u0131, kablo solunumu ve ar\u0131zas\u0131 nedeniyle de\u011fil. Gerilim kontrol par\u00e7as\u0131 ve ana yal\u0131t\u0131m kompoziti entegre edilmi\u015ftir, bu da kablonun d\u0131\u015f koruma y\u00fczeyindeki elektriksel gerilim konsantrasyonu sorununu etkili bir \u015fekilde \u00e7\u00f6zer, bu da yal\u0131t\u0131m\u0131n g\u00fcvenilirli\u011fini ve i\u015flemin g\u00fcvenli\u011fini sa\u011flar. T\u00fcm \u00fcr\u00fcnler fabrikada \u00fcretilmi\u015ftir. \u00d6zel e\u011fitim olmadan, basit kurulum ve kullan\u0131m, yang\u0131n kullanmay\u0131n, zamandan ve emekten tasarruf sa\u011flayan, so\u011fukta b\u00fcz\u00fclebilir otomatik s\u0131f\u0131rlama teknolojisi, ter d\u00f6kmeden kolay kurulum, uygunsuz i\u015flemden kaynaklanan kalite kazas\u0131 nedeniyle b\u00fcy\u00fck \u00f6l\u00e7\u00fcde azal\u0131r, ancak ayn\u0131 zamanda \u00f6nceden \u00fcretilmi\u015f kablo aksesuarlar\u0131n\u0131n daralmas\u0131 s\u0131k\u0131 de\u011fildir veya i\u00e7eri girmez olgusunu da \u00e7\u00f6zer.<\/p>\n<h2><strong>\u00d6zet<\/strong><\/h2>\n<p>Terminal yal\u0131t\u0131m malzemesi y\u00fcksek kaliteli silikon kau\u00e7uk malzemeden yap\u0131lm\u0131\u015ft\u0131r ve iyi hidrofobik performansa sahiptir, yukar\u0131daki damlac\u0131klar a\u015fa\u011f\u0131 yuvarlanmaya haz\u0131r oldu\u011funda, iletken bir su filmi olu\u015fturmaz ve hidrofobik kendi kendini iyile\u015ftirme \u00f6zelliklerine sahiptir. Ayr\u0131ca, g\u00fc\u00e7l\u00fc bir yal\u0131t\u0131m, diren\u00e7, korozyon direnci ve UV direncine sahiptir, en b\u00fcy\u00fck avantaj\u0131 uzun s\u00fcreli istikrarl\u0131 performans kullan\u0131m\u0131n\u0131 sa\u011flamakt\u0131r. Uzun \u00f6m\u00fcr, kablo g\u00f6vdesiyle ayn\u0131 \u00f6m\u00fcr.<\/p>\n<p>Aksesuar kablo terminal ba\u015fl\u0131\u011f\u0131, kablo ana yal\u0131t\u0131m\u0131n\u0131 s\u0131k\u0131ca tutturan benzersiz bir malzeme form\u00fcl\u00fc ve \u00fcretim s\u00fcrecine sahiptir, kablonun g\u00f6vdesi sabit bir radyal bas\u0131n\u00e7, az miktarda k\u0131smi de\u015farj, y\u00fcksek ba\u015flang\u0131\u00e7 gerilimi sa\u011flar, darbe yal\u0131t\u0131m seviyesi mevcut standartlar\u0131n seviyesinden daha y\u00fcksektir ve kablo g\u00f6vdesi &#039;nefes&#039; al\u0131r.<\/p>\n<p>Ulusal standart GB50168-92 &#039;kablo hatt\u0131 yap\u0131m\u0131 ve kabul kodu b\u00f6l\u00fcm 6.1.3 \u015funlar\u0131 sa\u011flar: plastik yal\u0131t\u0131ml\u0131 g\u00fc\u00e7 kablosu terminalleri ve konekt\u00f6rlerinin imalat\u0131, toz ve d\u00f6k\u00fcnt\u00fclerin yal\u0131t\u0131ma d\u00fc\u015fmesini \u00f6nlemelidir. Sis veya ya\u011fmurda kesinlikle yasakt\u0131r\u201d. \u00dcretimde \u00e7evresel fakt\u00f6rlerin etkisine dikkat etmezsek, toz, kirlilikler nedeniyle kablo ba\u015f\u0131 yal\u0131t\u0131m\u0131, hava bo\u015flu\u011fu olu\u015fumu ve g\u00fc\u00e7l\u00fc elektrik alan\u0131 alt\u0131nda k\u0131smi de\u015farj (PD) meydana gelecek ve ard\u0131ndan yal\u0131t\u0131m bozulmas\u0131na, bunun sonucunda kablo ba\u015f\u0131 ar\u0131zas\u0131n\u0131n bozulmas\u0131na neden olacakt\u0131r. Nemli bir ortamda yap\u0131l\u0131rsa, kablonun nemden etkilenmesi kolayd\u0131r ve yal\u0131t\u0131m seviyesinde genel bir azalmaya neden olur. Ek olarak, nemin bo\u015flu\u011fa girmesi ve k\u0131smi de\u015farj\u0131n ortaya \u00e7\u0131kmas\u0131 da kolayd\u0131r.<\/p>\n<p><img loading=\"lazy\" decoding=\"async\" class=\"alignnone wp-image-1371 size-full\" src=\"http:\/\/www.xminsulation.com\/wp-content\/uploads\/2024\/05\/\u56fe\u7247189.png\" alt=\"\" width=\"750\" height=\"984\" srcset=\"https:\/\/www.xminsulation.com\/wp-content\/uploads\/2024\/05\/\u56fe\u7247189.png 750w, https:\/\/www.xminsulation.com\/wp-content\/uploads\/2024\/05\/\u56fe\u7247189-229x300.png 229w, https:\/\/www.xminsulation.com\/wp-content\/uploads\/2024\/05\/\u56fe\u7247189-600x787.png 600w\" sizes=\"(max-width: 750px) 100vw, 750px\" \/><\/p>\n<h2><strong>So\u011fuk \u00e7ekme montaj analizi:<\/strong><\/h2>\n<p>1.T\u00fcm silikon kau\u00e7uklar y\u00fcksek kaliteli s\u0131v\u0131 silikon kau\u00e7uktur, m\u00fckemmel yal\u0131t\u0131m ve y\u00fcksek elastikiyete sahiptir.<\/p>\n<p>2. Kablonun \u201cnefes almas\u0131\u201d ile k\u0131smi de\u015farj ve bo\u015fluk de\u015farj\u0131 etkili bir \u015fekilde azalt\u0131l\u0131r;<\/p>\n<p>3. Manyetik sabit yay yoktur, girdap ak\u0131m\u0131 ve ask\u0131da potansiyelden ka\u00e7\u0131n\u0131l\u0131r.<\/p>\n<p><img loading=\"lazy\" decoding=\"async\" class=\"alignnone wp-image-1372 size-full\" src=\"http:\/\/www.xminsulation.com\/wp-content\/uploads\/2024\/05\/\u56fe\u7247190.png\" alt=\"\" width=\"479\" height=\"790\" srcset=\"https:\/\/www.xminsulation.com\/wp-content\/uploads\/2024\/05\/\u56fe\u7247190.png 479w, https:\/\/www.xminsulation.com\/wp-content\/uploads\/2024\/05\/\u56fe\u7247190-182x300.png 182w\" sizes=\"(max-width: 479px) 100vw, 479px\" \/><\/p>\n<p><strong><b>\u4e09\u82af\u51b7\u7f29\u6237\u5185\u5916\u7ec8\u7aef\u88c5\u914d\u793a\u610f\u56fe<\/b><\/strong><\/p>\n<p><strong><b>Toplant\u0131 <\/b><\/strong><strong><b>D<\/b><\/strong><strong><b>\u015femas\u0131 <\/b><\/strong><strong><b>T<\/b><\/strong><strong><b>burada-<\/b><\/strong><strong><b>C<\/b><\/strong><strong><b>cevher <\/b><\/strong><strong><b>C<\/b><\/strong><strong><b>eskimi\u015f <\/b><\/strong><strong><b>S<\/b><\/strong><strong><b>k\u00fc\u00e7\u00fcltmek <\/b><\/strong><strong><b>BEN<\/b><\/strong><strong><b>kapal\u0131 ve <\/b><\/strong><strong><b>\u00d6<\/b><\/strong><strong><b>a\u00e7\u0131k havada <\/b><\/strong><strong><b>T<\/b><\/strong><strong><b>terminaller<\/b><\/strong><\/p>\n<ul>\n<li>Terminaller,<\/li>\n<li>J-20\u767d\u7c98\u5e26J-20 beyaz yap\u0131\u015fkan bant,<\/li>\n<li>\u7ebf\u82af\u00c7ekirdek,<\/li>\n<li>Sealant&#039;\u0131n zararlar\u0131,<\/li>\n<li>Kapal\u0131 t\u00fcp,<\/li>\n<li>Terminal g\u00f6vdesi,<\/li>\n<li>\u4e3b\u7edd\u7f18\u5c42Ana yal\u0131t\u0131m katman\u0131,<\/li>\n<li>Stres konisi<\/li>\n<li>Yar\u0131 iletken teknolojisi<\/li>\n<li>\u534a\u5bfc\u4f53\u5c4f\u853d\u5c42Yar\u0131 iletken kalkan<\/li>\n<li>Sealant&#039;\u0131n zararlar\u0131,<\/li>\n<li>\u94dc\u5c4f\u853d\u5e26Bak\u0131r koruyucu bant,<\/li>\n<li>\u51b7\u7f29\u7edd\u7f18\u7ba1So\u011fukla b\u00fcz\u00fc\u015fen yal\u0131t\u0131m t\u00fcp\u00fc,<\/li>\n<li>Astar katman\u0131,<\/li>\n<li>sabit kuvvet yay\u0131<\/li>\n<li>\u00e7elik z\u0131rh,<\/li>\n<li>Dolgu tutkal\u0131,<\/li>\n<li>\u7535\u7f06\u5916\u62a4\u5957Kablo d\u0131\u015f k\u0131l\u0131f\u0131,<\/li>\n<li>\u51b7\u7f29\u4e09\u652f\u5957So\u011fukla b\u00fcz\u00fc\u015fen \u00fc\u00e7 par\u00e7al\u0131 set.<\/li>\n<li>\u5c4f\u853d\u63a5\u5730\u7ebf Korumal\u0131 topraklama kablosu,<\/li>\n<\/ul>\n<p>21\u3001\u94a2\u94e0\u63a5\u5730\u7ebf\u00c7elik z\u0131rhl\u0131 topraklama kablosu.<\/p>\n<h2><strong><b>\u00dcr\u00fcn Aksesuarlar\u0131 Paketi<\/b><\/strong><\/h2>\n<p><img loading=\"lazy\" decoding=\"async\" class=\"alignnone wp-image-1373 size-full\" src=\"http:\/\/www.xminsulation.com\/wp-content\/uploads\/2024\/05\/\u56fe\u7247191.png\" alt=\"\" width=\"1000\" height=\"1312\" srcset=\"https:\/\/www.xminsulation.com\/wp-content\/uploads\/2024\/05\/\u56fe\u7247191.png 1000w, https:\/\/www.xminsulation.com\/wp-content\/uploads\/2024\/05\/\u56fe\u7247191-229x300.png 229w, https:\/\/www.xminsulation.com\/wp-content\/uploads\/2024\/05\/\u56fe\u7247191-780x1024.png 780w, https:\/\/www.xminsulation.com\/wp-content\/uploads\/2024\/05\/\u56fe\u7247191-768x1008.png 768w, https:\/\/www.xminsulation.com\/wp-content\/uploads\/2024\/05\/\u56fe\u7247191-600x787.png 600w\" sizes=\"(max-width: 1000px) 100vw, 1000px\" \/> <img loading=\"lazy\" decoding=\"async\" class=\"alignnone wp-image-1374 size-full\" src=\"http:\/\/www.xminsulation.com\/wp-content\/uploads\/2024\/05\/\u56fe\u7247192.png\" alt=\"\" width=\"1000\" height=\"1121\" srcset=\"https:\/\/www.xminsulation.com\/wp-content\/uploads\/2024\/05\/\u56fe\u7247192.png 1000w, https:\/\/www.xminsulation.com\/wp-content\/uploads\/2024\/05\/\u56fe\u7247192-268x300.png 268w, https:\/\/www.xminsulation.com\/wp-content\/uploads\/2024\/05\/\u56fe\u7247192-913x1024.png 913w, https:\/\/www.xminsulation.com\/wp-content\/uploads\/2024\/05\/\u56fe\u7247192-768x861.png 768w, https:\/\/www.xminsulation.com\/wp-content\/uploads\/2024\/05\/\u56fe\u7247192-600x673.png 600w\" sizes=\"(max-width: 1000px) 100vw, 1000px\" \/><\/p>\n<h2><strong>Kullan\u0131m<\/strong><\/h2>\n<p><strong>\u00a0<\/strong><\/p>\n<p>26kV\/355kV gerilim seviyesi tek damarl\u0131 ve \u00fc\u00e7 damarl\u0131 \u00e7apraz ba\u011fl\u0131 g\u00fc\u00e7 kablosu ba\u011flant\u0131s\u0131, s\u0131zd\u0131rmazl\u0131k, yal\u0131t\u0131m, gerilim tahliyesi rol\u00fc i\u00e7in uygundur. \u00d6zellikle petrol, kimyasal, madencilik ve di\u011fer yan\u0131c\u0131 ve patlay\u0131c\u0131 yerlerde kullan\u0131m i\u00e7in uygundur.<\/p>\n<div class=\"wxts\">\n<h2>\u25c6\u00d6zel \u00d6zelle\u015ftirme<\/h2>\n<p>Yukar\u0131daki parametreler tipik verilerdir; Mevcut stiller \u00f6zel taleplerinizi kar\u015f\u0131lam\u0131yorsa, l\u00fctfen \u00f6zel bir tasar\u0131m i\u00e7in bizimle ileti\u015fime ge\u00e7in. Ki\u015fiselle\u015ftirilmi\u015f ki\u015fiselle\u015ftirme geli\u015ftirme ve \u00fcretim becerilerimiz, d\u00fcnyan\u0131n her yerindeki m\u00fc\u015fterilerimize \u00f6zel \u00e7\u00f6z\u00fcmler sunmam\u0131za olanak tan\u0131yor.<\/p>\n<\/div>","protected":false},"excerpt":{"rendered":"<p>35kV\u6237\u5185\u5916\u51b7\u6536\u7f29\u7ba1 35kV Cold Shrink Cable Joint \/ 35kV Cold Shrinkable Power Cable Terminal Cold shrink cable joint is made of liquid silicone rubber and EPDM rubber with hydrophobic performance. High elasticity and ability to shrink ensure powerful and constant active pressure between rubber and cable that can respond to expanding or shrinking cable diameters under [&hellip;]<\/p>","protected":false},"featured_media":1366,"template":"","meta":{"site-sidebar-layout":"default","site-content-layout":"","ast-site-content-layout":"default","site-content-style":"default","site-sidebar-style":"default","ast-global-header-display":"","ast-banner-title-visibility":"","ast-main-header-display":"","ast-hfb-above-header-display":"","ast-hfb-below-header-display":"","ast-hfb-mobile-header-display":"","site-post-title":"","ast-breadcrumbs-content":"","ast-featured-img":"","footer-sml-layout":"","theme-transparent-header-meta":"default","adv-header-id-meta":"","stick-header-meta":"","header-above-stick-meta":"","header-main-stick-meta":"","header-below-stick-meta":"","astra-migrate-meta-layouts":"set","ast-page-background-enabled":"default","ast-page-background-meta":{"desktop":{"background-color":"","background-image":"","background-repeat":"repeat","background-position":"center center","background-size":"auto","background-attachment":"scroll","background-type":"","background-media":"","overlay-type":"","overlay-color":"","overlay-gradient":""},"tablet":{"background-color":"","background-image":"","background-repeat":"repeat","background-position":"center center","background-size":"auto","background-attachment":"scroll","background-type":"","background-media":"","overlay-type":"","overlay-color":"","overlay-gradient":""},"mobile":{"background-color":"","background-image":"","background-repeat":"repeat","background-position":"center center","background-size":"auto","background-attachment":"scroll","background-type":"","background-media":"","overlay-type":"","overlay-color":"","overlay-gradient":""}},"ast-content-background-meta":{"desktop":{"background-color":"var(--ast-global-color-5)","background-image":"","background-repeat":"repeat","background-position":"center center","background-size":"auto","background-attachment":"scroll","background-type":"","background-media":"","overlay-type":"","overlay-color":"","overlay-gradient":""},"tablet":{"background-color":"var(--ast-global-color-5)","background-image":"","background-repeat":"repeat","background-position":"center center","background-size":"auto","background-attachment":"scroll","background-type":"","background-media":"","overlay-type":"","overlay-color":"","overlay-gradient":""},"mobile":{"background-color":"var(--ast-global-color-5)","background-image":"","background-repeat":"repeat","background-position":"center center","background-size":"auto","background-attachment":"scroll","background-type":"","background-media":"","overlay-type":"","overlay-color":"","overlay-gradient":""}}},"product_cat":[51],"product_tag":[],"class_list":{"0":"post-1365","1":"product","2":"type-product","3":"status-publish","4":"has-post-thumbnail","6":"product_cat-cold-shrink-tubing","7":"desktop-align-left","8":"tablet-align-left","9":"mobile-align-left","11":"first","12":"instock","13":"shipping-taxable","14":"product-type-simple"},"_links":{"self":[{"href":"https:\/\/www.xminsulation.com\/tr\/wp-json\/wp\/v2\/product\/1365","targetHints":{"allow":["GET"]}}],"collection":[{"href":"https:\/\/www.xminsulation.com\/tr\/wp-json\/wp\/v2\/product"}],"about":[{"href":"https:\/\/www.xminsulation.com\/tr\/wp-json\/wp\/v2\/types\/product"}],"wp:featuredmedia":[{"embeddable":true,"href":"https:\/\/www.xminsulation.com\/tr\/wp-json\/wp\/v2\/media\/1366"}],"wp:attachment":[{"href":"https:\/\/www.xminsulation.com\/tr\/wp-json\/wp\/v2\/media?parent=1365"}],"wp:term":[{"taxonomy":"product_cat","embeddable":true,"href":"https:\/\/www.xminsulation.com\/tr\/wp-json\/wp\/v2\/product_cat?post=1365"},{"taxonomy":"product_tag","embeddable":true,"href":"https:\/\/www.xminsulation.com\/tr\/wp-json\/wp\/v2\/product_tag?post=1365"}],"curies":[{"name":"wp","href":"https:\/\/api.w.org\/{rel}","templated":true}]}}