{"id":1349,"date":"2024-05-07T15:42:29","date_gmt":"2024-05-07T07:42:29","guid":{"rendered":"http:\/\/www.xminsulation.com\/?post_type=product&#038;p=1349"},"modified":"2024-05-15T16:29:49","modified_gmt":"2024-05-15T08:29:49","slug":"2-0-busbar-insulating-heat-shrinkable-tubing-withstand-voltage-up-to-24kv","status":"publish","type":"product","link":"https:\/\/www.xminsulation.com\/tr\/product\/2-0-busbar-insulating-heat-shrinkable-tubing-withstand-voltage-up-to-24kv\/","title":{"rendered":"2.0 Busbar Yal\u0131t\u0131ml\u0131 Is\u0131yla Daralan Boru (24kV&#039;a Kadar Gerilime Dayan\u0131kl\u0131)"},"content":{"rendered":"<h1><img fetchpriority=\"high\" decoding=\"async\" class=\"alignnone wp-image-1351 size-full\" src=\"http:\/\/www.xminsulation.com\/wp-content\/uploads\/2024\/05\/\u56fe\u7247174-1.png\" alt=\"\" width=\"591\" height=\"578\" srcset=\"https:\/\/www.xminsulation.com\/wp-content\/uploads\/2024\/05\/\u56fe\u7247174-1.png 591w, https:\/\/www.xminsulation.com\/wp-content\/uploads\/2024\/05\/\u56fe\u7247174-1-300x293.png 300w\" sizes=\"(max-width: 591px) 100vw, 591px\" \/><\/h1>\n<h2><strong><b>UYGULAMALAR<\/b><\/strong><\/h2>\n<p>2.0 bara yal\u0131t\u0131ml\u0131 \u0131s\u0131yla daralan boru poliolefinden yap\u0131lm\u0131\u015ft\u0131r. Esnek malzeme, operat\u00f6r\u00fcn b\u00fck\u00fclm\u00fc\u015f baralar\u0131 i\u015flemesini \u00e7ok kolayla\u015ft\u0131r\u0131r. \u00c7evre dostu poliolefin malzeme, 24 kV&#039;a kadar g\u00fcvenilir yal\u0131t\u0131m korumas\u0131 sa\u011flayabilir ve b\u00f6ylece alevlenme ve kazara temas olas\u0131l\u0131\u011f\u0131n\u0131 ortadan kald\u0131r\u0131r. Baralar\u0131 \u00f6rtmek i\u00e7in HB2 kullan\u0131m\u0131, \u015falt ekipman\u0131n\u0131n alan tasar\u0131m\u0131n\u0131 azaltabilir ve maliyeti d\u00fc\u015f\u00fcrebilir.<\/p>\n<h2><strong><b>ONAYLAR \/ \u00d6ZELL\u0130KLER<\/b><\/strong><\/h2>\n<p>IEC60060-1<\/p>\n<h2><strong><b>\u00c7ALI\u015eMA SICAKLIK ARALI\u011eI<\/b><\/strong><\/h2>\n<p>a, S\u00fcrekli \u00e7al\u0131\u015fma s\u0131cakl\u0131\u011f\u0131: -45\u2103 ~ 105\u2103.<\/p>\n<p>b, Minimum b\u00fcz\u00fclme s\u0131cakl\u0131\u011f\u0131: 50\u2103.<\/p>\n<p>c, Minimum tam kurtarma s\u0131cakl\u0131\u011f\u0131: 125\u02daC.<\/p>\n<h2><strong><b>RENK<\/b><\/strong><\/h2>\n<p>Standart renk: k\u0131rm\u0131z\u0131, (Busbar geni\u015fli\u011fi \u00fcreticinin tasar\u0131m\u0131na ba\u011fl\u0131 olarak de\u011fi\u015fecektir. \u00d6nerilen boyut yaln\u0131zca referans ama\u00e7l\u0131d\u0131r.)<\/p>\n<p>a, B\u00fcz\u00fclme oran\u0131: 2,5:1.<\/p>\n<p>b, Esneklik ve korozyon direnci.<\/p>\n<p>c, M\u00fckemmel kimyasal diren\u00e7 ve yal\u0131t\u0131m performans\u0131.<\/p>\n<h2><strong><b>Teknik \u00d6zellikler Tablosu<\/b><\/strong><\/h2>\n<p><img decoding=\"async\" class=\"alignnone wp-image-1352 size-full\" src=\"http:\/\/www.xminsulation.com\/wp-content\/uploads\/2024\/05\/\u56fe\u7247175.png\" alt=\"\" width=\"912\" height=\"1018\" srcset=\"https:\/\/www.xminsulation.com\/wp-content\/uploads\/2024\/05\/\u56fe\u7247175.png 912w, https:\/\/www.xminsulation.com\/wp-content\/uploads\/2024\/05\/\u56fe\u7247175-269x300.png 269w, https:\/\/www.xminsulation.com\/wp-content\/uploads\/2024\/05\/\u56fe\u7247175-768x857.png 768w, https:\/\/www.xminsulation.com\/wp-content\/uploads\/2024\/05\/\u56fe\u7247175-600x670.png 600w\" sizes=\"(max-width: 912px) 100vw, 912px\" \/> <img decoding=\"async\" class=\"alignnone wp-image-1353 size-full\" src=\"http:\/\/www.xminsulation.com\/wp-content\/uploads\/2024\/05\/\u56fe\u7247176.png\" alt=\"\" width=\"912\" height=\"910\" srcset=\"https:\/\/www.xminsulation.com\/wp-content\/uploads\/2024\/05\/\u56fe\u7247176.png 912w, https:\/\/www.xminsulation.com\/wp-content\/uploads\/2024\/05\/\u56fe\u7247176-300x300.png 300w, https:\/\/www.xminsulation.com\/wp-content\/uploads\/2024\/05\/\u56fe\u7247176-150x150.png 150w, https:\/\/www.xminsulation.com\/wp-content\/uploads\/2024\/05\/\u56fe\u7247176-768x766.png 768w, https:\/\/www.xminsulation.com\/wp-content\/uploads\/2024\/05\/\u56fe\u7247176-600x599.png 600w, https:\/\/www.xminsulation.com\/wp-content\/uploads\/2024\/05\/\u56fe\u7247176-100x100.png 100w\" sizes=\"(max-width: 912px) 100vw, 912px\" \/> <img loading=\"lazy\" decoding=\"async\" class=\"alignnone wp-image-1354 size-full\" src=\"http:\/\/www.xminsulation.com\/wp-content\/uploads\/2024\/05\/\u56fe\u7247177.png\" alt=\"\" width=\"622\" height=\"388\" srcset=\"https:\/\/www.xminsulation.com\/wp-content\/uploads\/2024\/05\/\u56fe\u7247177.png 622w, https:\/\/www.xminsulation.com\/wp-content\/uploads\/2024\/05\/\u56fe\u7247177-300x187.png 300w, https:\/\/www.xminsulation.com\/wp-content\/uploads\/2024\/05\/\u56fe\u7247177-600x374.png 600w\" sizes=\"(max-width: 622px) 100vw, 622px\" \/><\/p>\n<p>&nbsp;<\/p>\n<div class=\"wxts\">\n<h2>\u25c6\u00d6zel \u00d6zelle\u015ftirme<\/h2>\n<p>Yukar\u0131daki parametreler tipik verilerdir; Mevcut stiller \u00f6zel taleplerinizi kar\u015f\u0131lam\u0131yorsa, l\u00fctfen \u00f6zel bir tasar\u0131m i\u00e7in bizimle ileti\u015fime ge\u00e7in. Ki\u015fiselle\u015ftirilmi\u015f ki\u015fiselle\u015ftirme geli\u015ftirme ve \u00fcretim becerilerimiz, d\u00fcnyan\u0131n her yerindeki m\u00fc\u015fterilerimize \u00f6zel \u00e7\u00f6z\u00fcmler sunmam\u0131za olanak tan\u0131yor.<\/p>\n<\/div>","protected":false},"excerpt":{"rendered":"<p>APPLICATIONS 2.0\u00a0busbar insulating heat shrinkable tubing\u00a0is made of polyolefin. The flexible material make it very easy for the operator to process bent busbars. The environmental friendly polyolefin material can provide reliable insulation protection up to 24 kV, avoiding the possibility of flashovers and accidental contact. The use of HB2 to cover busbars can reduce the [&hellip;]<\/p>","protected":false},"featured_media":1350,"template":"","meta":{"site-sidebar-layout":"default","site-content-layout":"","ast-site-content-layout":"default","site-content-style":"default","site-sidebar-style":"default","ast-global-header-display":"","ast-banner-title-visibility":"","ast-main-header-display":"","ast-hfb-above-header-display":"","ast-hfb-below-header-display":"","ast-hfb-mobile-header-display":"","site-post-title":"","ast-breadcrumbs-content":"","ast-featured-img":"","footer-sml-layout":"","theme-transparent-header-meta":"default","adv-header-id-meta":"","stick-header-meta":"","header-above-stick-meta":"","header-main-stick-meta":"","header-below-stick-meta":"","astra-migrate-meta-layouts":"set","ast-page-background-enabled":"default","ast-page-background-meta":{"desktop":{"background-color":"","background-image":"","background-repeat":"repeat","background-position":"center center","background-size":"auto","background-attachment":"scroll","background-type":"","background-media":"","overlay-type":"","overlay-color":"","overlay-gradient":""},"tablet":{"background-color":"","background-image":"","background-repeat":"repeat","background-position":"center center","background-size":"auto","background-attachment":"scroll","background-type":"","background-media":"","overlay-type":"","overlay-color":"","overlay-gradient":""},"mobile":{"background-color":"","background-image":"","background-repeat":"repeat","background-position":"center center","background-size":"auto","background-attachment":"scroll","background-type":"","background-media":"","overlay-type":"","overlay-color":"","overlay-gradient":""}},"ast-content-background-meta":{"desktop":{"background-color":"var(--ast-global-color-5)","background-image":"","background-repeat":"repeat","background-position":"center center","background-size":"auto","background-attachment":"scroll","background-type":"","background-media":"","overlay-type":"","overlay-color":"","overlay-gradient":""},"tablet":{"background-color":"var(--ast-global-color-5)","background-image":"","background-repeat":"repeat","background-position":"center center","background-size":"auto","background-attachment":"scroll","background-type":"","background-media":"","overlay-type":"","overlay-color":"","overlay-gradient":""},"mobile":{"background-color":"var(--ast-global-color-5)","background-image":"","background-repeat":"repeat","background-position":"center center","background-size":"auto","background-attachment":"scroll","background-type":"","background-media":"","overlay-type":"","overlay-color":"","overlay-gradient":""}}},"product_cat":[54],"product_tag":[],"class_list":{"0":"post-1349","1":"product","2":"type-product","3":"status-publish","4":"has-post-thumbnail","6":"product_cat-heat-shrink-tubing","7":"desktop-align-left","8":"tablet-align-left","9":"mobile-align-left","11":"first","12":"instock","13":"shipping-taxable","14":"product-type-simple"},"_links":{"self":[{"href":"https:\/\/www.xminsulation.com\/tr\/wp-json\/wp\/v2\/product\/1349","targetHints":{"allow":["GET"]}}],"collection":[{"href":"https:\/\/www.xminsulation.com\/tr\/wp-json\/wp\/v2\/product"}],"about":[{"href":"https:\/\/www.xminsulation.com\/tr\/wp-json\/wp\/v2\/types\/product"}],"wp:featuredmedia":[{"embeddable":true,"href":"https:\/\/www.xminsulation.com\/tr\/wp-json\/wp\/v2\/media\/1350"}],"wp:attachment":[{"href":"https:\/\/www.xminsulation.com\/tr\/wp-json\/wp\/v2\/media?parent=1349"}],"wp:term":[{"taxonomy":"product_cat","embeddable":true,"href":"https:\/\/www.xminsulation.com\/tr\/wp-json\/wp\/v2\/product_cat?post=1349"},{"taxonomy":"product_tag","embeddable":true,"href":"https:\/\/www.xminsulation.com\/tr\/wp-json\/wp\/v2\/product_tag?post=1349"}],"curies":[{"name":"wp","href":"https:\/\/api.w.org\/{rel}","templated":true}]}}