{"id":1326,"date":"2024-05-07T12:17:41","date_gmt":"2024-05-07T04:17:41","guid":{"rendered":"http:\/\/www.xminsulation.com\/?post_type=product&#038;p=1326"},"modified":"2024-05-15T16:31:53","modified_gmt":"2024-05-15T08:31:53","slug":"heat-shrinkable-bus-terminal-box","status":"publish","type":"product","link":"https:\/\/www.xminsulation.com\/tr\/product\/heat-shrinkable-bus-terminal-box\/","title":{"rendered":"Is\u0131yla Daralan Otob\u00fcs Terminal Kutusu"},"content":{"rendered":"<p><img fetchpriority=\"high\" decoding=\"async\" class=\"alignnone wp-image-1327 size-full\" src=\"http:\/\/www.xminsulation.com\/wp-content\/uploads\/2024\/05\/\u56fe\u7247161.png\" alt=\"\" width=\"876\" height=\"752\" srcset=\"https:\/\/www.xminsulation.com\/wp-content\/uploads\/2024\/05\/\u56fe\u7247161.png 876w, https:\/\/www.xminsulation.com\/wp-content\/uploads\/2024\/05\/\u56fe\u7247161-300x258.png 300w, https:\/\/www.xminsulation.com\/wp-content\/uploads\/2024\/05\/\u56fe\u7247161-768x659.png 768w, https:\/\/www.xminsulation.com\/wp-content\/uploads\/2024\/05\/\u56fe\u7247161-600x515.png 600w\" sizes=\"(max-width: 876px) 100vw, 876px\" \/><img decoding=\"async\" class=\"alignnone wp-image-1328 size-full\" src=\"http:\/\/www.xminsulation.com\/wp-content\/uploads\/2024\/05\/\u56fe\u7247162.png\" alt=\"\" width=\"1060\" height=\"664\" srcset=\"https:\/\/www.xminsulation.com\/wp-content\/uploads\/2024\/05\/\u56fe\u7247162.png 1060w, https:\/\/www.xminsulation.com\/wp-content\/uploads\/2024\/05\/\u56fe\u7247162-300x188.png 300w, https:\/\/www.xminsulation.com\/wp-content\/uploads\/2024\/05\/\u56fe\u7247162-1024x641.png 1024w, https:\/\/www.xminsulation.com\/wp-content\/uploads\/2024\/05\/\u56fe\u7247162-768x481.png 768w, https:\/\/www.xminsulation.com\/wp-content\/uploads\/2024\/05\/\u56fe\u7247162-600x376.png 600w\" sizes=\"(max-width: 1060px) 100vw, 1060px\" \/><\/p>\n<p><strong><b>G\u00fczel bir g\u00fcn ge\u00e7irmek i\u00e7in sab\u0131rs\u0131zlan\u0131yorum<\/b><\/strong><\/p>\n<p><strong><b>Is\u0131yla Daralan Otob\u00fcs Terminal Kutusu<\/b><\/strong><\/p>\n<p>Is\u0131yla daralan ba\u011flant\u0131 kutusu - \u00e7apraz ba\u011fl\u0131 poliolefin boru \u0131s\u0131yla daralan kal\u0131plama, y\u00fcksek ve al\u00e7ak gerilim \u015falt dolab\u0131 bak\u0131r \u00e7ubuk d\u00fc\u011f\u00fcm yal\u0131t\u0131m korumas\u0131nda, trafo giri\u015f ve \u00e7\u0131k\u0131\u015f d\u00fc\u011f\u00fcm yal\u0131t\u0131m korumas\u0131nda, i\u00e7 ve d\u0131\u015f trafo merkezlerinde bireysel d\u00fc\u011f\u00fcm ve genel bak\u0131r \u00e7ubuk yal\u0131t\u0131m korumas\u0131nda, havai hatlarda ve ba\u011flant\u0131 donan\u0131mlar\u0131 i\u00e7in s\u00fcrekli yal\u0131t\u0131m korumas\u0131nda yayg\u0131n olarak kullan\u0131l\u0131r.<\/p>\n<h2><strong><b>Genel bilgi<\/b><\/strong><\/h2>\n<p>Is\u0131yla daralan ba\u011flant\u0131 kutusu - \u00e7apraz ba\u011fl\u0131 poliolefin boru \u0131s\u0131yla daralan kal\u0131plama, y\u00fcksek ve al\u00e7ak gerilim \u015falt dolab\u0131 bak\u0131r \u00e7ubuk d\u00fc\u011f\u00fcm yal\u0131t\u0131m korumas\u0131nda, trafo giri\u015f ve \u00e7\u0131k\u0131\u015f d\u00fc\u011f\u00fcm yal\u0131t\u0131m korumas\u0131nda, i\u00e7 ve d\u0131\u015f trafo merkezlerinde bireysel d\u00fc\u011f\u00fcm ve genel bak\u0131r \u00e7ubuk yal\u0131t\u0131m korumas\u0131nda, havai hatlarda ve ba\u011flant\u0131 donan\u0131mlar\u0131 i\u00e7in s\u00fcrekli yal\u0131t\u0131m korumas\u0131nda yayg\u0131n olarak kullan\u0131l\u0131r.<\/p>\n<h2><strong><b>\u00dcr\u00fcn \u00d6zellikleri<\/b><\/strong><\/h2>\n<ol>\n<li>M\u00fckemmel yal\u0131t\u0131m performans\u0131, dielektrik dayan\u0131m\u0131 \u226525kV\/mm, hacim \u00f6zdirenci \u22651\u00d71015 \u03a9\u00b7cm.<\/li>\n<li>S\u0131zd\u0131rmaya, korozyona, koronaya ve y\u0131rt\u0131lmaya kar\u015f\u0131 dayan\u0131kl\u0131d\u0131r.<\/li>\n<li>A\u00e7\u0131ktaki elektrik kontaklar\u0131ndan kaynaklanan ki\u015fisel yaralanmalar\u0131 etkin bir \u015fekilde \u00f6nleyin.<\/li>\n<li>Is\u0131ya ve so\u011fu\u011fa dayan\u0131kl\u0131d\u0131r, normalde -60~60\u2103 s\u0131cakl\u0131k aral\u0131\u011f\u0131nda kullan\u0131labilir.<\/li>\n<li>Yabanc\u0131 madde binmesi sonucu olu\u015fan k\u0131sa devre ar\u0131zalar\u0131n\u0131 etkin bir \u015fekilde \u00f6nler.<\/li>\n<li>Hem elektrik h\u0131rs\u0131zl\u0131\u011f\u0131na kar\u015f\u0131 koruma fonksiyonu hem de faz s\u0131ras\u0131 tan\u0131mlama fonksiyonu bulunmaktad\u0131r.<\/li>\n<\/ol>\n<p><img decoding=\"async\" class=\"alignnone wp-image-1330 size-full\" src=\"http:\/\/www.xminsulation.com\/wp-content\/uploads\/2024\/05\/\u56fe\u7247163.png\" alt=\"\" width=\"1064\" height=\"646\" srcset=\"https:\/\/www.xminsulation.com\/wp-content\/uploads\/2024\/05\/\u56fe\u7247163.png 1064w, https:\/\/www.xminsulation.com\/wp-content\/uploads\/2024\/05\/\u56fe\u7247163-300x182.png 300w, https:\/\/www.xminsulation.com\/wp-content\/uploads\/2024\/05\/\u56fe\u7247163-1024x622.png 1024w, https:\/\/www.xminsulation.com\/wp-content\/uploads\/2024\/05\/\u56fe\u7247163-768x466.png 768w, https:\/\/www.xminsulation.com\/wp-content\/uploads\/2024\/05\/\u56fe\u7247163-600x364.png 600w\" sizes=\"(max-width: 1064px) 100vw, 1064px\" \/><\/p>\n<p>&nbsp;<\/p>\n<div class=\"wxts\">\n<h2>\u25c6\u00d6zel \u00d6zelle\u015ftirme<\/h2>\n<p>Yukar\u0131daki parametreler tipik verilerdir; Mevcut stiller \u00f6zel taleplerinizi kar\u015f\u0131lam\u0131yorsa, l\u00fctfen \u00f6zel bir tasar\u0131m i\u00e7in bizimle ileti\u015fime ge\u00e7in. Ki\u015fiselle\u015ftirilmi\u015f ki\u015fiselle\u015ftirme geli\u015ftirme ve \u00fcretim becerilerimiz, d\u00fcnyan\u0131n her yerindeki m\u00fc\u015fterilerimize \u00f6zel \u00e7\u00f6z\u00fcmler sunmam\u0131za olanak tan\u0131yor.<\/p>\n<\/div>\n<p>&nbsp;<\/p>","protected":false},"excerpt":{"rendered":"<p>\u70ed\u7f29\u6bcd\u6392\u63a5\u5934\u76d2 Heat Shrinkable Bus Terminal Box Heat shrink joint box &#8211; cross-linked polyolefin pipe heat shrink molding, widely used in high and low voltage switch cabinet copper bar node insulation protection, transformer inlet and outlet node insulation protection, indoor and outdoor substation individual node and overall copper bar insulation protection, overhead lines and continued Insulation [&hellip;]<\/p>","protected":false},"featured_media":1329,"template":"","meta":{"site-sidebar-layout":"default","site-content-layout":"","ast-site-content-layout":"default","site-content-style":"default","site-sidebar-style":"default","ast-global-header-display":"","ast-banner-title-visibility":"","ast-main-header-display":"","ast-hfb-above-header-display":"","ast-hfb-below-header-display":"","ast-hfb-mobile-header-display":"","site-post-title":"","ast-breadcrumbs-content":"","ast-featured-img":"","footer-sml-layout":"","theme-transparent-header-meta":"default","adv-header-id-meta":"","stick-header-meta":"","header-above-stick-meta":"","header-main-stick-meta":"","header-below-stick-meta":"","astra-migrate-meta-layouts":"set","ast-page-background-enabled":"default","ast-page-background-meta":{"desktop":{"background-color":"","background-image":"","background-repeat":"repeat","background-position":"center center","background-size":"auto","background-attachment":"scroll","background-type":"","background-media":"","overlay-type":"","overlay-color":"","overlay-gradient":""},"tablet":{"background-color":"","background-image":"","background-repeat":"repeat","background-position":"center center","background-size":"auto","background-attachment":"scroll","background-type":"","background-media":"","overlay-type":"","overlay-color":"","overlay-gradient":""},"mobile":{"background-color":"","background-image":"","background-repeat":"repeat","background-position":"center center","background-size":"auto","background-attachment":"scroll","background-type":"","background-media":"","overlay-type":"","overlay-color":"","overlay-gradient":""}},"ast-content-background-meta":{"desktop":{"background-color":"var(--ast-global-color-5)","background-image":"","background-repeat":"repeat","background-position":"center center","background-size":"auto","background-attachment":"scroll","background-type":"","background-media":"","overlay-type":"","overlay-color":"","overlay-gradient":""},"tablet":{"background-color":"var(--ast-global-color-5)","background-image":"","background-repeat":"repeat","background-position":"center center","background-size":"auto","background-attachment":"scroll","background-type":"","background-media":"","overlay-type":"","overlay-color":"","overlay-gradient":""},"mobile":{"background-color":"var(--ast-global-color-5)","background-image":"","background-repeat":"repeat","background-position":"center center","background-size":"auto","background-attachment":"scroll","background-type":"","background-media":"","overlay-type":"","overlay-color":"","overlay-gradient":""}}},"product_cat":[54],"product_tag":[],"class_list":{"0":"post-1326","1":"product","2":"type-product","3":"status-publish","4":"has-post-thumbnail","6":"product_cat-heat-shrink-tubing","7":"desktop-align-left","8":"tablet-align-left","9":"mobile-align-left","11":"first","12":"instock","13":"shipping-taxable","14":"product-type-simple"},"_links":{"self":[{"href":"https:\/\/www.xminsulation.com\/tr\/wp-json\/wp\/v2\/product\/1326","targetHints":{"allow":["GET"]}}],"collection":[{"href":"https:\/\/www.xminsulation.com\/tr\/wp-json\/wp\/v2\/product"}],"about":[{"href":"https:\/\/www.xminsulation.com\/tr\/wp-json\/wp\/v2\/types\/product"}],"wp:featuredmedia":[{"embeddable":true,"href":"https:\/\/www.xminsulation.com\/tr\/wp-json\/wp\/v2\/media\/1329"}],"wp:attachment":[{"href":"https:\/\/www.xminsulation.com\/tr\/wp-json\/wp\/v2\/media?parent=1326"}],"wp:term":[{"taxonomy":"product_cat","embeddable":true,"href":"https:\/\/www.xminsulation.com\/tr\/wp-json\/wp\/v2\/product_cat?post=1326"},{"taxonomy":"product_tag","embeddable":true,"href":"https:\/\/www.xminsulation.com\/tr\/wp-json\/wp\/v2\/product_tag?post=1326"}],"curies":[{"name":"wp","href":"https:\/\/api.w.org\/{rel}","templated":true}]}}