{"id":1303,"date":"2024-05-07T11:51:37","date_gmt":"2024-05-07T03:51:37","guid":{"rendered":"http:\/\/www.xminsulation.com\/?post_type=product&#038;p=1303"},"modified":"2024-05-07T12:07:44","modified_gmt":"2024-05-07T04:07:44","slug":"customized-sheet-metal-materials-or-sheet-metal-cabinets","status":"publish","type":"product","link":"https:\/\/www.xminsulation.com\/tr\/product\/customized-sheet-metal-materials-or-sheet-metal-cabinets\/","title":{"rendered":"\u00d6zelle\u015ftirilmi\u015f Sac Metal Malzemeler veya Sac Metal Dolaplar"},"content":{"rendered":"<p>Fabrikam\u0131z orta gerilimle ilgili \u00fcr\u00fcnlere odaklanmaktad\u0131r. Ayr\u0131ca b\u00fcy\u00fck \u00f6l\u00e7ekli y\u00fcksek ve d\u00fc\u015f\u00fck gerilim komple montaj fabrikas\u0131 olan bir karde\u015f fabrikam\u0131z da bulunmaktad\u0131r. \u00c7e\u015fitli sac metal malzemelerin kullan\u0131m\u0131 ve sat\u0131n alma hacmi \u00e7ok b\u00fcy\u00fckt\u00fcr. Karde\u015f fabrikam\u0131z\u0131n mevcut tedarik kanallar\u0131n\u0131 ve sac metal \u00fcr\u00fcnlerinin maliyet avantajlar\u0131n\u0131 kullanabilir ve yabanc\u0131 m\u00fc\u015fterilere \u00e7e\u015fitli sac metal \u00fcr\u00fcnleri i\u00e7in tedarik ve sat\u0131n alma hizmetleri sa\u011flayabiliriz.<\/p>\n<p>So\u011fuk haddelenmi\u015f \u00e7elik levhalar, paslanmaz \u00e7elik levhalar, al\u00fcminyum-\u00e7inko kaplamal\u0131 levhalar, s\u0131cak haddelenmi\u015f \u00e7elik levhalar, y\u00fcksek mukavemetli ala\u015f\u0131ml\u0131 al\u00fcminyum levhalar ve di\u011fer malzemeler. Bunlar m\u00fc\u015fterinin istedi\u011fi uzunlukta ve geni\u015flikte kesilebilir ve ard\u0131ndan g\u00f6nderilebilir veya lazerle\/damgayla d\u00fczensiz \u015fekillere d\u00f6n\u00fc\u015ft\u00fcr\u00fclebilir ve delikler a\u00e7\u0131labilir, vb. Elbette sizin i\u00e7in dolaplar da yapabiliriz.<\/p>\n<p>Miktar\u0131n k\u00fc\u00e7\u00fck veya b\u00fcy\u00fck olmas\u0131, yayg\u0131n olarak kullan\u0131lmas\u0131 veya \u00f6zel olmas\u0131 fark etmez, bunlar\u0131 sizin i\u00e7in \u00f6zelle\u015ftirebiliriz, MOQ yok.<\/p>\n<p><img fetchpriority=\"high\" decoding=\"async\" class=\"alignnone wp-image-1305 size-full\" src=\"http:\/\/www.xminsulation.com\/wp-content\/uploads\/2024\/05\/\u56fe\u7247148-1.png\" alt=\"\" width=\"675\" height=\"675\" srcset=\"https:\/\/www.xminsulation.com\/wp-content\/uploads\/2024\/05\/\u56fe\u7247148-1.png 675w, https:\/\/www.xminsulation.com\/wp-content\/uploads\/2024\/05\/\u56fe\u7247148-1-300x300.png 300w, https:\/\/www.xminsulation.com\/wp-content\/uploads\/2024\/05\/\u56fe\u7247148-1-150x150.png 150w, https:\/\/www.xminsulation.com\/wp-content\/uploads\/2024\/05\/\u56fe\u7247148-1-600x600.png 600w, https:\/\/www.xminsulation.com\/wp-content\/uploads\/2024\/05\/\u56fe\u7247148-1-100x100.png 100w\" sizes=\"(max-width: 675px) 100vw, 675px\" \/><\/p>\n<p>Sac metal i\u015fleme da\u011f\u0131t\u0131m kutusu da\u011f\u0131t\u0131m dolab\u0131, metal saclar\u0131 kesme, b\u00fckme, kaynaklama vb. yoluyla tasar\u0131m gereksinimlerini kar\u015f\u0131layan da\u011f\u0131t\u0131m kutular\u0131na i\u015fleme s\u00fcrecidir. Da\u011f\u0131t\u0131m kutusu, anahtarlar, aletler, koruyucu cihazlar ve yard\u0131mc\u0131 ekipman takmak i\u00e7in kullan\u0131lan metalden yap\u0131lm\u0131\u015f kapal\u0131 bir yap\u0131d\u0131r. G\u00fc\u00e7 sistemini kontrol edebilen, da\u011f\u0131tabilen ve koruyabilen bir cihazd\u0131r.<\/p>\n<h2><strong><b>\u0130\u015flem <\/b><\/strong><strong><b>F<\/b><\/strong><strong><b>d\u00fc\u015f\u00fck <\/b><\/strong><strong><b>S<\/b><\/strong><strong><b>het <\/b><\/strong><strong><b>M<\/b><\/strong><strong><b>ve di\u011ferleri <\/b><\/strong><strong><b>P<\/b><\/strong><strong><b>i\u015fleme <\/b><\/strong><strong><b>D<\/b><\/strong><strong><b>da\u011f\u0131t\u0131m <\/b><\/strong><strong><b>B<\/b><\/strong><strong><b>\u00f6k\u00fcz ve <\/b><\/strong><strong><b>C<\/b><\/strong><strong><b>abinet<\/b><\/strong><\/h2>\n<p><img decoding=\"async\" class=\"alignnone wp-image-1306 size-full\" src=\"http:\/\/www.xminsulation.com\/wp-content\/uploads\/2024\/05\/\u56fe\u7247149.png\" alt=\"\" width=\"919\" height=\"369\" srcset=\"https:\/\/www.xminsulation.com\/wp-content\/uploads\/2024\/05\/\u56fe\u7247149.png 919w, https:\/\/www.xminsulation.com\/wp-content\/uploads\/2024\/05\/\u56fe\u7247149-300x120.png 300w, https:\/\/www.xminsulation.com\/wp-content\/uploads\/2024\/05\/\u56fe\u7247149-768x308.png 768w, https:\/\/www.xminsulation.com\/wp-content\/uploads\/2024\/05\/\u56fe\u7247149-600x241.png 600w\" sizes=\"(max-width: 919px) 100vw, 919px\" \/><\/p>\n<ol>\n<li>Tasar\u0131m ve \u00e7izim \u00e7izimleri: Da\u011f\u0131t\u0131m kutusu veya dolab\u0131n\u0131n i\u015flevlerine, \u00f6zelliklerine, montaj yerine ve di\u011fer gereksinimlere g\u00f6re, sac i\u015fleme da\u011f\u0131t\u0131m kutusu veya da\u011f\u0131t\u0131m dolab\u0131n\u0131n plan, y\u00fckseklik ve kesit \u00e7izimleri, geni\u015fleme diyagramlar\u0131 vb. dahil olmak \u00fczere tasar\u0131m ve \u00e7izim \u00e7izimleri, her bir bile\u015fenin boyutunu, \u015feklini, konumunu ve ba\u011flant\u0131 y\u00f6ntemini belirler.<\/li>\n<li>\u00d6rnek yap\u0131n: \u00c7izime g\u00f6re paslanmaz \u00e7elik, al\u00fcminyum ala\u015f\u0131m\u0131, galvanizli sac vb. gibi uygun sac malzemesini se\u00e7in, sac malzemeyi gerekli \u015fekil ve boyutta kesmek i\u00e7in kesme makineleri, delge\u00e7ler ve di\u011fer ekipmanlar\u0131 kullan\u0131n ve ard\u0131ndan b\u00fckme makineleri, sac b\u00fckme makineleri ve di\u011fer ekipmanlar\u0131 kullanarak sac malzemeyi gerekli a\u00e7\u0131 ve e\u011frili\u011fe b\u00fck\u00fcn ve son olarak bile\u015fenleri bir \u015fablona ba\u011flamak i\u00e7in kaynak makineleri, vidalar ve di\u011fer y\u00f6ntemleri kullan\u0131n.<\/li>\n<\/ol>\n<p><img decoding=\"async\" class=\"alignnone wp-image-1307 size-full\" src=\"http:\/\/www.xminsulation.com\/wp-content\/uploads\/2024\/05\/\u56fe\u7247150.jpg\" alt=\"\" width=\"1000\" height=\"750\" srcset=\"https:\/\/www.xminsulation.com\/wp-content\/uploads\/2024\/05\/\u56fe\u7247150.jpg 1000w, https:\/\/www.xminsulation.com\/wp-content\/uploads\/2024\/05\/\u56fe\u7247150-300x225.jpg 300w, https:\/\/www.xminsulation.com\/wp-content\/uploads\/2024\/05\/\u56fe\u7247150-768x576.jpg 768w, https:\/\/www.xminsulation.com\/wp-content\/uploads\/2024\/05\/\u56fe\u7247150-600x450.jpg 600w\" sizes=\"(max-width: 1000px) 100vw, 1000px\" \/><\/p>\n<ol start=\"3\">\n<li>\u015eablonu inceleyin ve de\u011fi\u015ftirin: \u015eablonu \u00e7izimlerle kar\u015f\u0131la\u015ft\u0131r\u0131n ve \u015fablonun boyut, \u015fekil, konum, ba\u011flant\u0131 g\u00fcc\u00fc vb. gibi tasar\u0131m gereksinimlerini kar\u015f\u0131lay\u0131p kar\u015f\u0131lamad\u0131\u011f\u0131n\u0131 kontrol edin. Herhangi bir tutars\u0131zl\u0131k varsa, \u015fablon tatmin edici kalite etkisine ula\u015fana kadar bunlar\u0131 zaman\u0131nda de\u011fi\u015ftirin ve ayarlay\u0131n.<\/li>\n<li>Seri \u00fcretim: Numuneye dayanarak, ayn\u0131 sac metal malzemeleri ve ekipmanlar\u0131 kullan\u0131n ve ayn\u0131 s\u00fcre\u00e7 ak\u0131\u015f\u0131n\u0131 izleyerek sac metal i\u015fleme da\u011f\u0131t\u0131m kutular\u0131 ve da\u011f\u0131t\u0131m dolaplar\u0131n\u0131 seri olarak \u00fcretin ve bunlar\u0131 numaraland\u0131r\u0131n ve i\u015faretleyin.<\/li>\n<\/ol>\n<p><img loading=\"lazy\" decoding=\"async\" class=\"alignnone wp-image-1308 size-full\" src=\"http:\/\/www.xminsulation.com\/wp-content\/uploads\/2024\/05\/\u56fe\u7247151.jpg\" alt=\"\" width=\"1056\" height=\"1052\" srcset=\"https:\/\/www.xminsulation.com\/wp-content\/uploads\/2024\/05\/\u56fe\u7247151.jpg 1056w, https:\/\/www.xminsulation.com\/wp-content\/uploads\/2024\/05\/\u56fe\u7247151-300x300.jpg 300w, https:\/\/www.xminsulation.com\/wp-content\/uploads\/2024\/05\/\u56fe\u7247151-1024x1020.jpg 1024w, https:\/\/www.xminsulation.com\/wp-content\/uploads\/2024\/05\/\u56fe\u7247151-150x150.jpg 150w, https:\/\/www.xminsulation.com\/wp-content\/uploads\/2024\/05\/\u56fe\u7247151-768x765.jpg 768w, https:\/\/www.xminsulation.com\/wp-content\/uploads\/2024\/05\/\u56fe\u7247151-600x598.jpg 600w, https:\/\/www.xminsulation.com\/wp-content\/uploads\/2024\/05\/\u56fe\u7247151-100x100.jpg 100w\" sizes=\"(max-width: 1056px) 100vw, 1056px\" \/><\/p>\n<ol start=\"5\">\n<li>Y\u00fczey i\u015fleme: Sac metal i\u015fleme da\u011f\u0131t\u0131m kutusunun esteti\u011fini ve korozyon direncini art\u0131rmak i\u00e7in genellikle p\u00fcsk\u00fcrtme, kaplama, parlatma vb. gibi y\u00fczey i\u015flemleri yap\u0131larak belirli bir renk ve parlakl\u0131k kazand\u0131r\u0131lmas\u0131 gerekir.<\/li>\n<li>Montaj ve hata ay\u0131klama: Sac metal i\u015fleme da\u011f\u0131t\u0131m kutusunun i\u00e7ine anahtarlar, aletler, koruyucu cihazlar ve yard\u0131mc\u0131 ekipman yerle\u015ftirin ve kablolama ve kablolama i\u015flemini ger\u00e7ekle\u015ftirin. Daha sonra hata ay\u0131klay\u0131n ve normal \u00e7al\u0131\u015f\u0131p \u00e7al\u0131\u015fmad\u0131\u011f\u0131n\u0131 ve ilgili y\u00f6netmeliklere, standartlara ve \u00f6zelliklere uyup uymad\u0131\u011f\u0131n\u0131 kontrol etmek i\u00e7in test edin.<\/li>\n<\/ol>\n<p><img loading=\"lazy\" decoding=\"async\" class=\"alignnone wp-image-1309 size-full\" src=\"http:\/\/www.xminsulation.com\/wp-content\/uploads\/2024\/05\/\u56fe\u7247152.jpg\" alt=\"\" width=\"1000\" height=\"828\" srcset=\"https:\/\/www.xminsulation.com\/wp-content\/uploads\/2024\/05\/\u56fe\u7247152.jpg 1000w, https:\/\/www.xminsulation.com\/wp-content\/uploads\/2024\/05\/\u56fe\u7247152-300x248.jpg 300w, https:\/\/www.xminsulation.com\/wp-content\/uploads\/2024\/05\/\u56fe\u7247152-768x636.jpg 768w, https:\/\/www.xminsulation.com\/wp-content\/uploads\/2024\/05\/\u56fe\u7247152-600x497.jpg 600w\" sizes=\"(max-width: 1000px) 100vw, 1000px\" \/><\/p>\n<p>&nbsp;<\/p>\n<p>&nbsp;<\/p>","protected":false},"excerpt":{"rendered":"<p>Our factory focuses on medium-voltage related products. We also have a brother factory, which is a large-scale high and low voltage complete assembly factory. The usage and purchase volume of various sheet metal materials are very huge. We can use our brother factory\u2019s existing procurement channels and cost advantages of sheet metal products, and provide [&hellip;]<\/p>","protected":false},"featured_media":1304,"template":"","meta":{"site-sidebar-layout":"default","site-content-layout":"","ast-site-content-layout":"default","site-content-style":"default","site-sidebar-style":"default","ast-global-header-display":"","ast-banner-title-visibility":"","ast-main-header-display":"","ast-hfb-above-header-display":"","ast-hfb-below-header-display":"","ast-hfb-mobile-header-display":"","site-post-title":"","ast-breadcrumbs-content":"","ast-featured-img":"","footer-sml-layout":"","theme-transparent-header-meta":"default","adv-header-id-meta":"","stick-header-meta":"","header-above-stick-meta":"","header-main-stick-meta":"","header-below-stick-meta":"","astra-migrate-meta-layouts":"set","ast-page-background-enabled":"default","ast-page-background-meta":{"desktop":{"background-color":"","background-image":"","background-repeat":"repeat","background-position":"center center","background-size":"auto","background-attachment":"scroll","background-type":"","background-media":"","overlay-type":"","overlay-color":"","overlay-gradient":""},"tablet":{"background-color":"","background-image":"","background-repeat":"repeat","background-position":"center center","background-size":"auto","background-attachment":"scroll","background-type":"","background-media":"","overlay-type":"","overlay-color":"","overlay-gradient":""},"mobile":{"background-color":"","background-image":"","background-repeat":"repeat","background-position":"center center","background-size":"auto","background-attachment":"scroll","background-type":"","background-media":"","overlay-type":"","overlay-color":"","overlay-gradient":""}},"ast-content-background-meta":{"desktop":{"background-color":"var(--ast-global-color-5)","background-image":"","background-repeat":"repeat","background-position":"center center","background-size":"auto","background-attachment":"scroll","background-type":"","background-media":"","overlay-type":"","overlay-color":"","overlay-gradient":""},"tablet":{"background-color":"var(--ast-global-color-5)","background-image":"","background-repeat":"repeat","background-position":"center center","background-size":"auto","background-attachment":"scroll","background-type":"","background-media":"","overlay-type":"","overlay-color":"","overlay-gradient":""},"mobile":{"background-color":"var(--ast-global-color-5)","background-image":"","background-repeat":"repeat","background-position":"center center","background-size":"auto","background-attachment":"scroll","background-type":"","background-media":"","overlay-type":"","overlay-color":"","overlay-gradient":""}}},"product_cat":[47],"product_tag":[],"class_list":{"0":"post-1303","1":"product","2":"type-product","3":"status-publish","4":"has-post-thumbnail","6":"product_cat-customized-sheet-metal-materials-or-sheet-metal-cabinets","7":"desktop-align-left","8":"tablet-align-left","9":"mobile-align-left","11":"first","12":"instock","13":"shipping-taxable","14":"product-type-simple"},"_links":{"self":[{"href":"https:\/\/www.xminsulation.com\/tr\/wp-json\/wp\/v2\/product\/1303","targetHints":{"allow":["GET"]}}],"collection":[{"href":"https:\/\/www.xminsulation.com\/tr\/wp-json\/wp\/v2\/product"}],"about":[{"href":"https:\/\/www.xminsulation.com\/tr\/wp-json\/wp\/v2\/types\/product"}],"wp:featuredmedia":[{"embeddable":true,"href":"https:\/\/www.xminsulation.com\/tr\/wp-json\/wp\/v2\/media\/1304"}],"wp:attachment":[{"href":"https:\/\/www.xminsulation.com\/tr\/wp-json\/wp\/v2\/media?parent=1303"}],"wp:term":[{"taxonomy":"product_cat","embeddable":true,"href":"https:\/\/www.xminsulation.com\/tr\/wp-json\/wp\/v2\/product_cat?post=1303"},{"taxonomy":"product_tag","embeddable":true,"href":"https:\/\/www.xminsulation.com\/tr\/wp-json\/wp\/v2\/product_tag?post=1303"}],"curies":[{"name":"wp","href":"https:\/\/api.w.org\/{rel}","templated":true}]}}