{"id":1251,"date":"2024-05-07T11:13:29","date_gmt":"2024-05-07T03:13:29","guid":{"rendered":"http:\/\/www.xminsulation.com\/?post_type=product&#038;p=1251"},"modified":"2024-05-15T16:34:24","modified_gmt":"2024-05-15T08:34:24","slug":"sf6-high-voltage-cable-branch-box-with-switch","status":"publish","type":"product","link":"https:\/\/www.xminsulation.com\/tr\/product\/sf6-high-voltage-cable-branch-box-with-switch\/","title":{"rendered":"SF6 Y\u00fcksek Gerilim Kablo Dal Kutusu Anahtarl\u0131"},"content":{"rendered":"<p><img fetchpriority=\"high\" decoding=\"async\" class=\"alignnone wp-image-1253 size-full\" src=\"http:\/\/www.xminsulation.com\/wp-content\/uploads\/2024\/05\/\u56fe\u7247102-1.jpg\" alt=\"\" width=\"726\" height=\"726\" srcset=\"https:\/\/www.xminsulation.com\/wp-content\/uploads\/2024\/05\/\u56fe\u7247102-1.jpg 726w, https:\/\/www.xminsulation.com\/wp-content\/uploads\/2024\/05\/\u56fe\u7247102-1-300x300.jpg 300w, https:\/\/www.xminsulation.com\/wp-content\/uploads\/2024\/05\/\u56fe\u7247102-1-150x150.jpg 150w, https:\/\/www.xminsulation.com\/wp-content\/uploads\/2024\/05\/\u56fe\u7247102-1-600x600.jpg 600w, https:\/\/www.xminsulation.com\/wp-content\/uploads\/2024\/05\/\u56fe\u7247102-1-100x100.jpg 100w\" sizes=\"(max-width: 726px) 100vw, 726px\" \/> <img decoding=\"async\" class=\"alignnone wp-image-1254 size-full\" src=\"http:\/\/www.xminsulation.com\/wp-content\/uploads\/2024\/05\/\u56fe\u7247103.png\" alt=\"\" width=\"719\" height=\"548\" srcset=\"https:\/\/www.xminsulation.com\/wp-content\/uploads\/2024\/05\/\u56fe\u7247103.png 719w, https:\/\/www.xminsulation.com\/wp-content\/uploads\/2024\/05\/\u56fe\u7247103-300x229.png 300w, https:\/\/www.xminsulation.com\/wp-content\/uploads\/2024\/05\/\u56fe\u7247103-600x457.png 600w\" sizes=\"(max-width: 719px) 100vw, 719px\" \/><\/p>\n<h2><strong><b>Genel bilgi<\/b><\/strong><\/h2>\n<p>Bu \u00fcr\u00fcn, dahili SF6 yal\u0131t\u0131m gaz\u0131 ve dokunmatik ekranl\u0131 ithal sentetik kau\u00e7uk kablo ba\u011flant\u0131s\u0131na sahip y\u00fcksek performansl\u0131 bir k\u00fck\u00fcrt hekzaflor\u00fcr y\u00fck anahtar\u0131 kullan\u0131r. Aktif y\u00fck ve y\u00fcks\u00fcz kablo ak\u0131m\u0131n\u0131n g\u00fc\u00e7l\u00fc kesme kabiliyetine ve k\u0131sa devre ak\u0131m\u0131n\u0131n kapanma kabiliyetine sahiptir. Ve kullan\u0131c\u0131 gereksinimlerine g\u00f6re y\u0131ld\u0131r\u0131m tutucular ve topraklama ar\u0131za g\u00f6stergeleri ile donat\u0131labilir.<\/p>\n<p>Bu \u00fcr\u00fcn serisindeki her halka \u015febeke hatt\u0131 bir y\u00fck anahtar\u0131 veya vakum devre kesici ile donat\u0131lm\u0131\u015ft\u0131r. Herhangi bir dal devresi geri \u00e7ekilebilir ve serbest\u00e7e \u00e7al\u0131\u015ft\u0131r\u0131labilir ve di\u011fer halka \u015febeke devreleri etkilenmez. Sigortalar ayr\u0131ca y\u00fck anahtar\u0131na da tak\u0131labilir. Bir dal devresinde k\u0131sa devre hatas\u0131 olu\u015ftu\u011funda, dal devresindeki sigorta hata devresini h\u0131zla kesebilir ve y\u00fck anahtar\u0131n\u0131n serbest b\u0131rakma d\u00fc\u011fmesine basarak a\u00e7abilir. Hata devresi izole edilir, b\u00f6ylece hatas\u0131z dal devresinin g\u00fcvenli\u011fi sa\u011flan\u0131r. Besleme s\u00fcreklili\u011fi.<\/p>\n<p>Bu \u00fcr\u00fcn 10kV g\u00fc\u00e7 sistemlerinde kablo \u00e7ekmede yayg\u0131n olarak kullan\u0131l\u0131r. Ba\u011flant\u0131 y\u00f6ntemi basit, esnek, kullan\u0131\u015fl\u0131, g\u00fcvenli ve g\u00fcvenilirdir. Kabin, g\u00fc\u00e7l\u00fc ve dayan\u0131kl\u0131 olan paslanmaz \u00e7elik sacdan yap\u0131lm\u0131\u015ft\u0131r. Canl\u0131 par\u00e7alar tamamen yal\u0131t\u0131lm\u0131\u015f ve tamamen kapat\u0131lm\u0131\u015ft\u0131r. Su bask\u0131n\u0131na dayan\u0131kl\u0131 dokunulabilir kablo ba\u015fl\u0131\u011f\u0131 kullan\u0131l\u0131rsa, su bask\u0131nlar\u0131na da dayanabilir ve g\u00fc\u00e7 kayna\u011f\u0131n\u0131n g\u00fcvenilirli\u011fini b\u00fcy\u00fck \u00f6l\u00e7\u00fcde art\u0131rabilir. Bu \u00fcr\u00fcn, kentsel end\u00fcstriyel alanlarda, yerle\u015fim alanlar\u0131nda, ticari merkezlerde, madencilik alanlar\u0131nda, havaalanlar\u0131nda, demiryollar\u0131nda, r\u00fczgar santrallerinde, anahtarlama ofislerinde ve \u00e7elik, petrol, kimyasallar, \u00e7imento vb. gibi b\u00fcy\u00fck i\u015fletmelerde ve di\u011fer durumlarda da\u011f\u0131t\u0131m a\u011flar\u0131nda yayg\u0131n olarak kullan\u0131lmaktad\u0131r. \u00d6zellikle kentsel yollar i\u00e7in uygundur. G\u00fc\u00e7 \u015febekesi d\u00f6n\u00fc\u015f\u00fcm projesi, elektrikli ekipman ve kablolara yap\u0131lan yat\u0131r\u0131mdan b\u00fcy\u00fck \u00f6l\u00e7\u00fcde tasarruf sa\u011flayabilir ve g\u00fc\u00e7 kayna\u011f\u0131 g\u00fcvenilirli\u011fini art\u0131rabilir.<\/p>\n<p><img decoding=\"async\" class=\"alignnone wp-image-1255 size-full\" src=\"http:\/\/www.xminsulation.com\/wp-content\/uploads\/2024\/05\/\u56fe\u7247104.png\" alt=\"\" width=\"697\" height=\"456\" srcset=\"https:\/\/www.xminsulation.com\/wp-content\/uploads\/2024\/05\/\u56fe\u7247104.png 697w, https:\/\/www.xminsulation.com\/wp-content\/uploads\/2024\/05\/\u56fe\u7247104-300x196.png 300w, https:\/\/www.xminsulation.com\/wp-content\/uploads\/2024\/05\/\u56fe\u7247104-600x393.png 600w\" sizes=\"(max-width: 697px) 100vw, 697px\" \/><\/p>\n<h2><strong><b>Teknik <\/b><\/strong><strong><b>P<\/b><\/strong><strong><b>parametreleri <\/b><\/strong><strong><b>C<\/b><\/strong><strong><b>h\u00fcnerli <\/b><\/strong><strong><b>B<\/b><\/strong><strong><b>\u00e7iftlik <\/b><\/strong><strong><b>B<\/b><\/strong><strong><b>\u00f6k\u00fcz <\/b><\/strong><strong><b>w<\/b><\/strong><strong><b>SF6 ile <\/b><\/strong><strong><b>L<\/b><\/strong><strong><b>bo\u015f <\/b><\/strong><strong><b>S<\/b><\/strong><strong><b>cad\u0131<\/b><\/strong><\/h2>\n<p><img loading=\"lazy\" decoding=\"async\" class=\"alignnone wp-image-1256 size-full\" src=\"http:\/\/www.xminsulation.com\/wp-content\/uploads\/2024\/05\/\u56fe\u7247105.png\" alt=\"\" width=\"1000\" height=\"442\" srcset=\"https:\/\/www.xminsulation.com\/wp-content\/uploads\/2024\/05\/\u56fe\u7247105.png 1000w, https:\/\/www.xminsulation.com\/wp-content\/uploads\/2024\/05\/\u56fe\u7247105-300x133.png 300w, https:\/\/www.xminsulation.com\/wp-content\/uploads\/2024\/05\/\u56fe\u7247105-768x339.png 768w, https:\/\/www.xminsulation.com\/wp-content\/uploads\/2024\/05\/\u56fe\u7247105-600x265.png 600w\" sizes=\"(max-width: 1000px) 100vw, 1000px\" \/><\/p>\n<h2><strong><b>Yap\u0131sal <\/b><\/strong><strong><b>e<\/b><\/strong><strong><b>\u00f6rnek <\/b><\/strong><strong><b>C<\/b><\/strong><strong><b>h\u00fcnerli <\/b><\/strong><strong><b>B<\/b><\/strong><strong><b>\u00e7iftlik <\/b><\/strong><strong><b>B<\/b><\/strong><strong><b>\u00f6k\u00fcz <\/b><\/strong><strong><b>w<\/b><\/strong><strong><b>SF6 ile <\/b><\/strong><strong><b>L<\/b><\/strong><strong><b>bo\u015f <\/b><\/strong><strong><b>S<\/b><\/strong><strong><b>cad\u0131<\/b><\/strong><\/h2>\n<p><strong><b> <img loading=\"lazy\" decoding=\"async\" class=\"alignnone wp-image-1257 size-full\" src=\"http:\/\/www.xminsulation.com\/wp-content\/uploads\/2024\/05\/\u56fe\u7247106.png\" alt=\"\" width=\"875\" height=\"539\" srcset=\"https:\/\/www.xminsulation.com\/wp-content\/uploads\/2024\/05\/\u56fe\u7247106.png 875w, https:\/\/www.xminsulation.com\/wp-content\/uploads\/2024\/05\/\u56fe\u7247106-300x185.png 300w, https:\/\/www.xminsulation.com\/wp-content\/uploads\/2024\/05\/\u56fe\u7247106-768x473.png 768w, https:\/\/www.xminsulation.com\/wp-content\/uploads\/2024\/05\/\u56fe\u7247106-600x370.png 600w\" sizes=\"(max-width: 875px) 100vw, 875px\" \/> <img loading=\"lazy\" decoding=\"async\" class=\"alignnone wp-image-1258 size-full\" src=\"http:\/\/www.xminsulation.com\/wp-content\/uploads\/2024\/05\/\u56fe\u7247107.png\" alt=\"\" width=\"781\" height=\"411\" srcset=\"https:\/\/www.xminsulation.com\/wp-content\/uploads\/2024\/05\/\u56fe\u7247107.png 781w, https:\/\/www.xminsulation.com\/wp-content\/uploads\/2024\/05\/\u56fe\u7247107-300x158.png 300w, https:\/\/www.xminsulation.com\/wp-content\/uploads\/2024\/05\/\u56fe\u7247107-768x404.png 768w, https:\/\/www.xminsulation.com\/wp-content\/uploads\/2024\/05\/\u56fe\u7247107-600x316.png 600w\" sizes=\"(max-width: 781px) 100vw, 781px\" \/><\/b><\/strong><\/p>\n<h2><strong><b>Kablo <\/b><\/strong><strong><b>B<\/b><\/strong><strong><b>\u00e7iftlik <\/b><\/strong><strong><b>B<\/b><\/strong><strong><b>\u00f6k\u00fcz <\/b><\/strong><strong><b>C<\/b><\/strong><strong><b>yap\u0131land\u0131rma <\/b><\/strong><strong><b>S<\/b><\/strong><strong><b>SF6 ile cheme <\/b><\/strong><strong><b>L<\/b><\/strong><strong><b>bo\u015f <\/b><\/strong><strong><b>S<\/b><\/strong><strong><b>cad\u0131<\/b><\/strong><\/h2>\n<p><strong><b> <img loading=\"lazy\" decoding=\"async\" class=\"alignnone wp-image-1259 size-full\" src=\"http:\/\/www.xminsulation.com\/wp-content\/uploads\/2024\/05\/\u56fe\u7247108.png\" alt=\"\" width=\"1106\" height=\"1112\" srcset=\"https:\/\/www.xminsulation.com\/wp-content\/uploads\/2024\/05\/\u56fe\u7247108.png 1106w, https:\/\/www.xminsulation.com\/wp-content\/uploads\/2024\/05\/\u56fe\u7247108-298x300.png 298w, https:\/\/www.xminsulation.com\/wp-content\/uploads\/2024\/05\/\u56fe\u7247108-1018x1024.png 1018w, https:\/\/www.xminsulation.com\/wp-content\/uploads\/2024\/05\/\u56fe\u7247108-150x150.png 150w, https:\/\/www.xminsulation.com\/wp-content\/uploads\/2024\/05\/\u56fe\u7247108-768x772.png 768w, https:\/\/www.xminsulation.com\/wp-content\/uploads\/2024\/05\/\u56fe\u7247108-600x603.png 600w, https:\/\/www.xminsulation.com\/wp-content\/uploads\/2024\/05\/\u56fe\u7247108-100x100.png 100w\" sizes=\"(max-width: 1106px) 100vw, 1106px\" \/><\/b><\/strong><\/p>\n<h2><strong><b>Kablo <\/b><\/strong><strong><b>B<\/b><\/strong><strong><b>\u00e7iftlik <\/b><\/strong><strong><b>B<\/b><\/strong><strong><b>\u00f6k\u00fcz <\/b><\/strong><strong><b>C<\/b><\/strong><strong><b>SF6 ile yap\u0131land\u0131rma <\/b><\/strong><strong><b>L<\/b><\/strong><strong><b>bo\u015f <\/b><\/strong><strong><b>S<\/b><\/strong><strong><b>cad\u0131<\/b><\/strong><\/h2>\n<p>&nbsp;<\/p>\n<h2><strong><b> <img loading=\"lazy\" decoding=\"async\" class=\"alignnone wp-image-1260 size-full\" src=\"http:\/\/www.xminsulation.com\/wp-content\/uploads\/2024\/05\/\u56fe\u7247109.png\" alt=\"\" width=\"686\" height=\"333\" srcset=\"https:\/\/www.xminsulation.com\/wp-content\/uploads\/2024\/05\/\u56fe\u7247109.png 686w, https:\/\/www.xminsulation.com\/wp-content\/uploads\/2024\/05\/\u56fe\u7247109-300x146.png 300w, https:\/\/www.xminsulation.com\/wp-content\/uploads\/2024\/05\/\u56fe\u7247109-600x291.png 600w\" sizes=\"(max-width: 686px) 100vw, 686px\" \/><\/b><\/strong><\/h2>\n<p>&nbsp;<\/p>\n<h2><strong><b>Kablo <\/b><\/strong><strong><b>B<\/b><\/strong><strong><b>\u00e7iftlik <\/b><\/strong><strong><b>B<\/b><\/strong><strong><b>\u00f6k\u00fcz <\/b><\/strong><strong><b>B<\/b><\/strong><strong><b>i&#039;inci <\/b><\/strong><strong><b>V<\/b><\/strong><strong><b>akupunktur <\/b><\/strong><strong><b>L<\/b><\/strong><strong><b>bo\u015f <\/b><\/strong><strong><b>S<\/b><\/strong><strong><b>cad\u0131 (<\/b><\/strong><strong><b>V<\/b><\/strong><strong><b>akupunktur <\/b><\/strong><strong><b>C<\/b><\/strong><strong><b>devre <\/b><\/strong><strong><b>B<\/b><\/strong><strong><b>(reaker)<\/b><\/strong><\/h2>\n<p>Yerli y\u00fcksek kaliteli vakumlu y\u00fck anahtarlar\u0131 (vakum devre kesicileri), ak\u0131ll\u0131ca ayr\u0131lm\u0131\u015f sol ve sa\u011f giri\u015f ve \u00e7\u0131k\u0131\u015f hatlar\u0131, minimal yap\u0131sal tasar\u0131m ve 8&#039;e kadar giri\u015f ve \u00e7\u0131k\u0131\u015f hatt\u0131 ile en g\u00fc\u00e7l\u00fc kablo yap\u0131land\u0131rma i\u015flevi kullan\u0131larak monte edilmi\u015ftir. Bu \u015fube kutusu yaln\u0131zca geleneksel \u015fube kutusunun avantajlar\u0131n\u0131 korumakla kalmaz, ayn\u0131 zamanda halka ana \u00fcnitesinin baz\u0131 avantajlar\u0131na da sahiptir. Kentsel a\u011f d\u00f6n\u00fc\u015f\u00fcm\u00fc i\u00e7in ideal bir ekipmand\u0131r. K\u00fc\u00e7\u00fck boyut, bak\u0131m gerektirmez, iyi teknik ekonomi, y\u00fcksek g\u00fcvenilirlik, basit kurulum ve rahat kullan\u0131m.<\/p>\n<p>Vakum y\u00fck anahtarl\u0131 kablo dal kutusu \u00f6zellikleri \u015funlard\u0131r: kutuda \u00fc\u00e7 b\u00f6lme vard\u0131r, bunlardan biri kapal\u0131d\u0131r. Y\u00fck anahtar\u0131n\u0131n \u00e7al\u0131\u015fma mekanizmas\u0131 do\u011frudan dal kutusunun \u00f6n\u00fcnde bulunur ve manuel veya elektrikle \u00e7al\u0131\u015ft\u0131r\u0131labilir. Kablo b\u00f6lmesinde kablo kaz\u0131k hatlar\u0131 vard\u0131r. Ve kablo terminali, kablo terminali y\u00fck anahtar\u0131na ba\u011flan\u0131r. Kablo b\u00f6lmesi, tasar\u0131m gerektiriyorsa bir sigorta ile korunabilir. Tasar\u0131m \u00e7e\u015fitlendirilmi\u015ftir ve telemetri, uzaktan kumanda ve uzaktan sinyalleme gibi i\u015flevleri ger\u00e7ekle\u015ftirebilir.<\/p>\n<p><strong><b><img loading=\"lazy\" decoding=\"async\" class=\"alignnone wp-image-1261 size-full\" src=\"http:\/\/www.xminsulation.com\/wp-content\/uploads\/2024\/05\/\u56fe\u7247110.png\" alt=\"\" width=\"1000\" height=\"408\" srcset=\"https:\/\/www.xminsulation.com\/wp-content\/uploads\/2024\/05\/\u56fe\u7247110.png 1000w, https:\/\/www.xminsulation.com\/wp-content\/uploads\/2024\/05\/\u56fe\u7247110-300x122.png 300w, https:\/\/www.xminsulation.com\/wp-content\/uploads\/2024\/05\/\u56fe\u7247110-768x313.png 768w, https:\/\/www.xminsulation.com\/wp-content\/uploads\/2024\/05\/\u56fe\u7247110-600x245.png 600w\" sizes=\"(max-width: 1000px) 100vw, 1000px\" \/> <img loading=\"lazy\" decoding=\"async\" class=\"alignnone wp-image-1262 size-full\" src=\"http:\/\/www.xminsulation.com\/wp-content\/uploads\/2024\/05\/\u56fe\u7247111.png\" alt=\"\" width=\"1000\" height=\"590\" srcset=\"https:\/\/www.xminsulation.com\/wp-content\/uploads\/2024\/05\/\u56fe\u7247111.png 1000w, https:\/\/www.xminsulation.com\/wp-content\/uploads\/2024\/05\/\u56fe\u7247111-300x177.png 300w, https:\/\/www.xminsulation.com\/wp-content\/uploads\/2024\/05\/\u56fe\u7247111-768x453.png 768w, https:\/\/www.xminsulation.com\/wp-content\/uploads\/2024\/05\/\u56fe\u7247111-600x354.png 600w\" sizes=\"(max-width: 1000px) 100vw, 1000px\" \/><\/b><\/strong><\/p>\n<h2><strong><b>Tipik Birincil Sistem Diyagram\u0131<\/b><\/strong><\/h2>\n<p><strong><b><img loading=\"lazy\" decoding=\"async\" class=\"alignnone wp-image-1263 size-full\" src=\"http:\/\/www.xminsulation.com\/wp-content\/uploads\/2024\/05\/\u56fe\u7247112.png\" alt=\"\" width=\"1000\" height=\"1367\" srcset=\"https:\/\/www.xminsulation.com\/wp-content\/uploads\/2024\/05\/\u56fe\u7247112.png 1000w, https:\/\/www.xminsulation.com\/wp-content\/uploads\/2024\/05\/\u56fe\u7247112-219x300.png 219w, https:\/\/www.xminsulation.com\/wp-content\/uploads\/2024\/05\/\u56fe\u7247112-749x1024.png 749w, https:\/\/www.xminsulation.com\/wp-content\/uploads\/2024\/05\/\u56fe\u7247112-768x1050.png 768w, https:\/\/www.xminsulation.com\/wp-content\/uploads\/2024\/05\/\u56fe\u7247112-600x820.png 600w\" sizes=\"(max-width: 1000px) 100vw, 1000px\" \/><\/b><\/strong><\/p>\n<p><strong><b>\u00a0<\/b><\/strong><\/p>\n<div class=\"wxts\">\n<h2>\u25c6\u00d6zel \u00d6zelle\u015ftirme<\/h2>\n<p>Yukar\u0131daki parametreler tipik verilerdir; Mevcut stiller \u00f6zel taleplerinizi kar\u015f\u0131lam\u0131yorsa, l\u00fctfen \u00f6zel bir tasar\u0131m i\u00e7in bizimle ileti\u015fime ge\u00e7in. Ki\u015fiselle\u015ftirilmi\u015f ki\u015fiselle\u015ftirme geli\u015ftirme ve \u00fcretim becerilerimiz, d\u00fcnyan\u0131n her yerindeki m\u00fc\u015fterilerimize \u00f6zel \u00e7\u00f6z\u00fcmler sunmam\u0131za olanak tan\u0131yor.<\/p>\n<\/div>","protected":false},"excerpt":{"rendered":"<p>General Information This product adopts a high-performance sulfur hexafluoride load switch with built-in SF6 insulating gas and a touch-shielded imported synthetic rubber cable joint. It has strong breaking ability of active load and no-load cable current and closing ability of short-circuit current. And can be equipped with lightning arresters and ground fault indicators according to [&hellip;]<\/p>","protected":false},"featured_media":1252,"template":"","meta":{"site-sidebar-layout":"default","site-content-layout":"","ast-site-content-layout":"default","site-content-style":"default","site-sidebar-style":"default","ast-global-header-display":"","ast-banner-title-visibility":"","ast-main-header-display":"","ast-hfb-above-header-display":"","ast-hfb-below-header-display":"","ast-hfb-mobile-header-display":"","site-post-title":"","ast-breadcrumbs-content":"","ast-featured-img":"","footer-sml-layout":"","theme-transparent-header-meta":"default","adv-header-id-meta":"","stick-header-meta":"","header-above-stick-meta":"","header-main-stick-meta":"","header-below-stick-meta":"","astra-migrate-meta-layouts":"set","ast-page-background-enabled":"default","ast-page-background-meta":{"desktop":{"background-color":"","background-image":"","background-repeat":"repeat","background-position":"center center","background-size":"auto","background-attachment":"scroll","background-type":"","background-media":"","overlay-type":"","overlay-color":"","overlay-gradient":""},"tablet":{"background-color":"","background-image":"","background-repeat":"repeat","background-position":"center center","background-size":"auto","background-attachment":"scroll","background-type":"","background-media":"","overlay-type":"","overlay-color":"","overlay-gradient":""},"mobile":{"background-color":"","background-image":"","background-repeat":"repeat","background-position":"center center","background-size":"auto","background-attachment":"scroll","background-type":"","background-media":"","overlay-type":"","overlay-color":"","overlay-gradient":""}},"ast-content-background-meta":{"desktop":{"background-color":"var(--ast-global-color-5)","background-image":"","background-repeat":"repeat","background-position":"center center","background-size":"auto","background-attachment":"scroll","background-type":"","background-media":"","overlay-type":"","overlay-color":"","overlay-gradient":""},"tablet":{"background-color":"var(--ast-global-color-5)","background-image":"","background-repeat":"repeat","background-position":"center center","background-size":"auto","background-attachment":"scroll","background-type":"","background-media":"","overlay-type":"","overlay-color":"","overlay-gradient":""},"mobile":{"background-color":"var(--ast-global-color-5)","background-image":"","background-repeat":"repeat","background-position":"center center","background-size":"auto","background-attachment":"scroll","background-type":"","background-media":"","overlay-type":"","overlay-color":"","overlay-gradient":""}}},"product_cat":[40],"product_tag":[],"class_list":{"0":"post-1251","1":"product","2":"type-product","3":"status-publish","4":"has-post-thumbnail","6":"product_cat-10-35kv-high-voltage-cable-branch-box","7":"desktop-align-left","8":"tablet-align-left","9":"mobile-align-left","11":"first","12":"instock","13":"shipping-taxable","14":"product-type-simple"},"_links":{"self":[{"href":"https:\/\/www.xminsulation.com\/tr\/wp-json\/wp\/v2\/product\/1251","targetHints":{"allow":["GET"]}}],"collection":[{"href":"https:\/\/www.xminsulation.com\/tr\/wp-json\/wp\/v2\/product"}],"about":[{"href":"https:\/\/www.xminsulation.com\/tr\/wp-json\/wp\/v2\/types\/product"}],"wp:featuredmedia":[{"embeddable":true,"href":"https:\/\/www.xminsulation.com\/tr\/wp-json\/wp\/v2\/media\/1252"}],"wp:attachment":[{"href":"https:\/\/www.xminsulation.com\/tr\/wp-json\/wp\/v2\/media?parent=1251"}],"wp:term":[{"taxonomy":"product_cat","embeddable":true,"href":"https:\/\/www.xminsulation.com\/tr\/wp-json\/wp\/v2\/product_cat?post=1251"},{"taxonomy":"product_tag","embeddable":true,"href":"https:\/\/www.xminsulation.com\/tr\/wp-json\/wp\/v2\/product_tag?post=1251"}],"curies":[{"name":"wp","href":"https:\/\/api.w.org\/{rel}","templated":true}]}}