{"id":1239,"date":"2024-05-07T11:03:22","date_gmt":"2024-05-07T03:03:22","guid":{"rendered":"http:\/\/www.xminsulation.com\/?post_type=product&#038;p=1239"},"modified":"2024-05-15T16:34:57","modified_gmt":"2024-05-15T08:34:57","slug":"200-600a-high-voltage-cable-branch-box-american-style","status":"publish","type":"product","link":"https:\/\/www.xminsulation.com\/tr\/product\/200-600a-high-voltage-cable-branch-box-american-style\/","title":{"rendered":"200\/600A Y\u00fcksek Gerilim Kablo Dal Kutusu (Amerikan Stili)"},"content":{"rendered":"<p><img fetchpriority=\"high\" decoding=\"async\" class=\"alignnone wp-image-1241 size-full\" src=\"http:\/\/www.xminsulation.com\/wp-content\/uploads\/2024\/05\/\u56fe\u724793-1.jpg\" alt=\"\" width=\"1000\" height=\"1000\" srcset=\"https:\/\/www.xminsulation.com\/wp-content\/uploads\/2024\/05\/\u56fe\u724793-1.jpg 1000w, https:\/\/www.xminsulation.com\/wp-content\/uploads\/2024\/05\/\u56fe\u724793-1-300x300.jpg 300w, https:\/\/www.xminsulation.com\/wp-content\/uploads\/2024\/05\/\u56fe\u724793-1-150x150.jpg 150w, https:\/\/www.xminsulation.com\/wp-content\/uploads\/2024\/05\/\u56fe\u724793-1-768x768.jpg 768w, https:\/\/www.xminsulation.com\/wp-content\/uploads\/2024\/05\/\u56fe\u724793-1-600x600.jpg 600w, https:\/\/www.xminsulation.com\/wp-content\/uploads\/2024\/05\/\u56fe\u724793-1-100x100.jpg 100w\" sizes=\"(max-width: 1000px) 100vw, 1000px\" \/> <img decoding=\"async\" class=\"alignnone wp-image-1242 size-full\" src=\"http:\/\/www.xminsulation.com\/wp-content\/uploads\/2024\/05\/\u56fe\u724794.png\" alt=\"\" width=\"1000\" height=\"752\" srcset=\"https:\/\/www.xminsulation.com\/wp-content\/uploads\/2024\/05\/\u56fe\u724794.png 1000w, https:\/\/www.xminsulation.com\/wp-content\/uploads\/2024\/05\/\u56fe\u724794-300x226.png 300w, https:\/\/www.xminsulation.com\/wp-content\/uploads\/2024\/05\/\u56fe\u724794-768x578.png 768w, https:\/\/www.xminsulation.com\/wp-content\/uploads\/2024\/05\/\u56fe\u724794-600x451.png 600w\" sizes=\"(max-width: 1000px) 100vw, 1000px\" \/><\/p>\n<h2><strong><b>Genel bilgi<\/b><\/strong><\/h2>\n<p>\u015eirketin \u00fcretti\u011fi Amerikan tipi kablo da\u011f\u0131t\u0131m kutular\u0131, m\u00fckemmel performanslar\u0131, standart tasar\u0131mlar\u0131 ve g\u00fczel g\u00f6r\u00fcn\u00fcmleriyle kablo da\u011f\u0131t\u0131m \u015febekesi sistemlerinde kablo m\u00fchendisli\u011fi ekipmanlar\u0131nda yayg\u0131n olarak kullan\u0131lmaktad\u0131r. B\u00fcy\u00fck sanayi parklar\u0131nda, yerle\u015fim alanlar\u0131nda ve yo\u011fun n\u00fcfuslu \u015fehirlerde kullan\u0131l\u0131rlar. \u0130l\u00e7eler, ticari merkezler ve y\u00fcksek binalar gibi \u00e7e\u015fitli yerlerde yayg\u0131n olarak tan\u0131n\u0131rlar. Tek y\u00f6nl\u00fc kap\u0131 a\u00e7ma ve yatay \u00e7ok ge\u00e7i\u015fli bara ile karakterize edilirler. K\u00fc\u00e7\u00fck geni\u015flik, esnek kombinasyon, tam yal\u0131t\u0131m ve tam s\u0131zd\u0131rmazl\u0131k gibi \u00f6nemli avantajlara sahiptirler. Anma ak\u0131m\u0131na g\u00f6re genellikle iki t\u00fcre ayr\u0131labilir: 600A ana devre ve 200A dal devresi. 600A ana devre vidal\u0131 c\u0131vata sabit ba\u011flant\u0131y\u0131 benimser; 200A dal devresi fi\u015fli ba\u011flant\u0131y\u0131 benimser ve y\u00fck alt\u0131nda tak\u0131l\u0131p \u00e7\u0131kar\u0131labilir.<\/p>\n<h2><strong><b>\u00dcr\u00fcn <\/b><\/strong><strong><b>\u00d6zellikler<\/b><\/strong><\/h2>\n<ol>\n<li>Kompakt yap\u0131, k\u00fc\u00e7\u00fck alan, kolay kurulum, kolay kullan\u0131m ve bak\u0131m gerektirmez.<\/li>\n<li>Kutu g\u00f6vdesi tamamen 2 mm kal\u0131nl\u0131\u011f\u0131nda metal \u00e7elik sacdan veya paslanmaz \u00e7elik sacdan yap\u0131lm\u0131\u015ft\u0131r. Zorlu ortamlarda g\u00fcvenilir bir \u015fekilde \u00e7al\u0131\u015fmak i\u00e7in korozyon \u00f6nleyici tasar\u0131m ve \u00f6zel sprey boyama i\u015flemi benimser (\u00f6m\u00fcr \u2265 30 y\u0131l).<\/li>\n<li>A\u00e7\u0131k havada her t\u00fcrl\u00fc hava ko\u015fuluna uygun, tam korumal\u0131 yap\u0131, y\u00fcksek s\u0131cakl\u0131k, \u015fiddetli so\u011fuk, sel sular\u0131 ve y\u00fcksek tozlu alanlar i\u00e7in uygundur.<\/li>\n<li>Tamamen kapal\u0131 ve tam yal\u0131t\u0131ml\u0131 yap\u0131, yal\u0131t\u0131m mesafesi gerektirmez, t\u00fcm y\u00fcksek gerilimli canl\u0131 par\u00e7alar silikon kau\u00e7uk veya EPDM prefabrik kablo konnekt\u00f6rleridir, ki\u015fisel g\u00fcvenli\u011fi etkin bir \u015fekilde sa\u011flar.<\/li>\n<li>Esnek kombinasyon, SF ile birle\u015ftirilebilen \u00e7\u0131k\u0131\u015f dallar\u0131n\u0131n say\u0131s\u0131n\u0131 yediye \u00e7\u0131karabilir. Y\u00fck anahtar\u0131, \u00e7e\u015fitli kablolama gereksinimlerini tam olarak kar\u015f\u0131layan g\u00fc\u00e7 kayna\u011f\u0131 i\u00e7in bir halka a\u011f\u0131 olu\u015fturur.<\/li>\n<li>Kablo ek yeri, y\u00fck alt\u0131nda tak\u0131l\u0131p \u00e7\u0131kar\u0131labilen ve 200A y\u00fck ak\u0131m\u0131n\u0131 kesen bir anahtar olarak kullan\u0131labilir.<\/li>\n<li>Ar\u0131za g\u00f6stergesi tak\u0131ld\u0131ktan sonra devre ar\u0131zalar\u0131 h\u0131zl\u0131 bir \u015fekilde tespit edilebilir.<\/li>\n<li>Tek seferlik yat\u0131r\u0131m azd\u0131r, kablo uzunlu\u011fu k\u0131sal\u0131r, bina alan\u0131 i\u015fgal edilmez ve para tasarrufu sa\u011flan\u0131r.<\/li>\n<li>Kullan\u0131lan kablo konnekt\u00f6r\u00fc IEEE386 standard\u0131na uygundur.<\/li>\n<li>T\u00fcm kablo ekleri \u00e7apraz ba\u011fl\u0131 polietilen izoleli kablolar i\u00e7in uygundur. 200A kablo eki 35mm\u00b2-180mm\u00b2 kablo kesitine sahip kablolar i\u00e7in uygundur; 600A kablo eki 25mm\u00b2-500mm\u00b2 kablo kesitine sahip kablolar i\u00e7in uygundur.<\/li>\n<\/ol>\n<p><img decoding=\"async\" class=\"alignnone wp-image-1243 size-full\" src=\"http:\/\/www.xminsulation.com\/wp-content\/uploads\/2024\/05\/\u56fe\u724795.png\" alt=\"\" width=\"1234\" height=\"968\" srcset=\"https:\/\/www.xminsulation.com\/wp-content\/uploads\/2024\/05\/\u56fe\u724795.png 1234w, https:\/\/www.xminsulation.com\/wp-content\/uploads\/2024\/05\/\u56fe\u724795-300x235.png 300w, https:\/\/www.xminsulation.com\/wp-content\/uploads\/2024\/05\/\u56fe\u724795-1024x803.png 1024w, https:\/\/www.xminsulation.com\/wp-content\/uploads\/2024\/05\/\u56fe\u724795-768x602.png 768w, https:\/\/www.xminsulation.com\/wp-content\/uploads\/2024\/05\/\u56fe\u724795-600x471.png 600w\" sizes=\"(max-width: 1234px) 100vw, 1234px\" \/><\/p>\n<h2><strong><b>Kullan\u0131m <\/b><\/strong><strong><b>e<\/b><\/strong><strong><b>\u00e7evre<\/b><\/strong><\/h2>\n<ol>\n<li>Faz ortam s\u0131cakl\u0131\u011f\u0131: maksimum s\u0131cakl\u0131k: +40\u2103, minimum s\u0131cakl\u0131k -30\u2103.<\/li>\n<li>R\u00fczgar h\u0131z\u0131: 34m\/s (700Pa&#039;dan b\u00fcy\u00fck de\u011fil) oldu\u011funda.<\/li>\n<li>Nem: G\u00fcnl\u00fck ortalama ba\u011f\u0131l nem 95%&#039;den b\u00fcy\u00fck de\u011fildir; ayl\u0131k ortalama ba\u011f\u0131l nem 95%&#039;den b\u00fcy\u00fck de\u011fildir.<\/li>\n<li>Darbeye dayan\u0131kl\u0131: Yatay ivmelenme 0,4 m\/s2&#039;den, dikey ivmelenme ise 0,15 m\/s2&#039;den b\u00fcy\u00fck olmamal\u0131d\u0131r.<\/li>\n<li>Montaj yerinin e\u011fimi: en fazla 3\u00b0 olmal\u0131d\u0131r.<\/li>\n<li>Kurulum ortam\u0131: \u00c7evre havas\u0131 a\u015f\u0131nd\u0131r\u0131c\u0131, yan\u0131c\u0131 gazlar, su buhar\u0131 vb. ile \u00f6nemli \u00f6l\u00e7\u00fcde kirlenmemi\u015f olmal\u0131 ve kurulum yerinde \u015fiddetli titre\u015fim olmamal\u0131d\u0131r.<\/li>\n<\/ol>\n<h2><strong><b>Kabine <\/b><\/strong><strong><b>C<\/b><\/strong><strong><b>yap\u0131land\u0131rma <\/b><\/strong><strong><b>P<\/b><\/strong><strong><b>lan<\/b><\/strong><\/h2>\n<p><img loading=\"lazy\" decoding=\"async\" class=\"alignnone wp-image-1244 size-full\" src=\"http:\/\/www.xminsulation.com\/wp-content\/uploads\/2024\/05\/\u56fe\u724796.png\" alt=\"\" width=\"842\" height=\"1246\" srcset=\"https:\/\/www.xminsulation.com\/wp-content\/uploads\/2024\/05\/\u56fe\u724796.png 842w, https:\/\/www.xminsulation.com\/wp-content\/uploads\/2024\/05\/\u56fe\u724796-203x300.png 203w, https:\/\/www.xminsulation.com\/wp-content\/uploads\/2024\/05\/\u56fe\u724796-692x1024.png 692w, https:\/\/www.xminsulation.com\/wp-content\/uploads\/2024\/05\/\u56fe\u724796-768x1136.png 768w, https:\/\/www.xminsulation.com\/wp-content\/uploads\/2024\/05\/\u56fe\u724796-600x888.png 600w\" sizes=\"(max-width: 842px) 100vw, 842px\" \/><\/p>\n<h2><strong><b>Amerikan <\/b><\/strong><strong><b>C<\/b><\/strong><strong><b>h\u00fcnerli <\/b><\/strong><strong><b>D<\/b><\/strong><strong><b>da\u011f\u0131t\u0131m <\/b><\/strong><strong><b>B<\/b><\/strong><strong><b>\u00f6k\u00fcz <\/b><\/strong><strong><b>S<\/b><\/strong><strong><b>yap\u0131 <\/b><\/strong><strong><b>e<\/b><\/strong><strong><b>\u00f6rnek <\/b><\/strong><strong><b>D<\/b><\/strong><strong><b>diyagram<\/b><\/strong><\/h2>\n<p>&nbsp;<\/p>\n<p>Kablo da\u011f\u0131t\u0131m kutusu yer k\u0131s\u0131tlamalar\u0131 nedeniyle yerle\u015ftirilemiyorsa, kablo ek yerleri do\u011frudan birle\u015ftirilerek birden fazla kablo dal\u0131 olu\u015fturulabilir (bara gerekmez, a\u015fa\u011f\u0131daki ba\u011flant\u0131 y\u00f6ntemine bak\u0131n) ve kablo kanal\u0131na veya di\u011fer yerlere yerle\u015ftirilebilir.<\/p>\n<p>\u00d6rnek 1: Giri\u015f ve \u00e7\u0131k\u0131\u015f olmak \u00fczere d\u00f6rt hat (2x600A+2x200A).<\/p>\n<p>Her grup iki adet T-II kablo konnekt\u00f6r\u00fc, iki adet dirsek konnekt\u00f6r\u00fc ve bir adet ara konnekt\u00f6rden olu\u015fmaktad\u0131r. T-II tipi kablo ek yeri 200A bir tarafta dirsek kablo ek yerine (di\u011fer tarafta ise tam yal\u0131t\u0131ml\u0131 oksit tutucuya) ba\u011flanm\u0131\u015ft\u0131r.<\/p>\n<p>\u00d6rnek 2: \u00dc\u00e7 giri\u015f ve \u00e7\u0131k\u0131\u015f hatt\u0131 (3x600A).<\/p>\n<p>Her faz \u00fc\u00e7 adet T \u015feklinde kablo konnekt\u00f6r\u00fc ve iki adet ara ba\u011flant\u0131 konnekt\u00f6r\u00fcnden olu\u015fmaktad\u0131r.<\/p>\n<p><img loading=\"lazy\" decoding=\"async\" class=\"alignnone wp-image-1245 size-full\" src=\"http:\/\/www.xminsulation.com\/wp-content\/uploads\/2024\/05\/\u56fe\u724797.jpg\" alt=\"\" width=\"1000\" height=\"1118\" srcset=\"https:\/\/www.xminsulation.com\/wp-content\/uploads\/2024\/05\/\u56fe\u724797.jpg 1000w, https:\/\/www.xminsulation.com\/wp-content\/uploads\/2024\/05\/\u56fe\u724797-268x300.jpg 268w, https:\/\/www.xminsulation.com\/wp-content\/uploads\/2024\/05\/\u56fe\u724797-916x1024.jpg 916w, https:\/\/www.xminsulation.com\/wp-content\/uploads\/2024\/05\/\u56fe\u724797-768x859.jpg 768w, https:\/\/www.xminsulation.com\/wp-content\/uploads\/2024\/05\/\u56fe\u724797-600x671.jpg 600w\" sizes=\"(max-width: 1000px) 100vw, 1000px\" \/> <img loading=\"lazy\" decoding=\"async\" class=\"alignnone wp-image-1246 size-full\" src=\"http:\/\/www.xminsulation.com\/wp-content\/uploads\/2024\/05\/\u56fe\u724798.jpg\" alt=\"\" width=\"1000\" height=\"721\" srcset=\"https:\/\/www.xminsulation.com\/wp-content\/uploads\/2024\/05\/\u56fe\u724798.jpg 1000w, https:\/\/www.xminsulation.com\/wp-content\/uploads\/2024\/05\/\u56fe\u724798-300x216.jpg 300w, https:\/\/www.xminsulation.com\/wp-content\/uploads\/2024\/05\/\u56fe\u724798-768x554.jpg 768w, https:\/\/www.xminsulation.com\/wp-content\/uploads\/2024\/05\/\u56fe\u724798-600x433.jpg 600w\" sizes=\"(max-width: 1000px) 100vw, 1000px\" \/> <img loading=\"lazy\" decoding=\"async\" class=\"alignnone wp-image-1247 size-full\" src=\"http:\/\/www.xminsulation.com\/wp-content\/uploads\/2024\/05\/\u56fe\u724799.jpg\" alt=\"\" width=\"1000\" height=\"714\" srcset=\"https:\/\/www.xminsulation.com\/wp-content\/uploads\/2024\/05\/\u56fe\u724799.jpg 1000w, https:\/\/www.xminsulation.com\/wp-content\/uploads\/2024\/05\/\u56fe\u724799-300x214.jpg 300w, https:\/\/www.xminsulation.com\/wp-content\/uploads\/2024\/05\/\u56fe\u724799-768x548.jpg 768w, https:\/\/www.xminsulation.com\/wp-content\/uploads\/2024\/05\/\u56fe\u724799-600x428.jpg 600w\" sizes=\"(max-width: 1000px) 100vw, 1000px\" \/><\/p>\n<h2><strong><b>Kablo <\/b><\/strong><strong><b>P<\/b><\/strong><strong><b>pabu\u00e7 <\/b><\/strong><strong><b>BEN<\/b><\/strong><strong><b>kurulum <\/b><\/strong><strong><b>D<\/b><\/strong><strong><b>diyagram<\/b><\/strong><\/h2>\n<p><img loading=\"lazy\" decoding=\"async\" class=\"alignnone wp-image-1248 size-full\" src=\"http:\/\/www.xminsulation.com\/wp-content\/uploads\/2024\/05\/\u56fe\u7247100.jpg\" alt=\"\" width=\"1000\" height=\"848\" srcset=\"https:\/\/www.xminsulation.com\/wp-content\/uploads\/2024\/05\/\u56fe\u7247100.jpg 1000w, https:\/\/www.xminsulation.com\/wp-content\/uploads\/2024\/05\/\u56fe\u7247100-300x254.jpg 300w, https:\/\/www.xminsulation.com\/wp-content\/uploads\/2024\/05\/\u56fe\u7247100-768x651.jpg 768w, https:\/\/www.xminsulation.com\/wp-content\/uploads\/2024\/05\/\u56fe\u7247100-600x509.jpg 600w\" sizes=\"(max-width: 1000px) 100vw, 1000px\" \/><\/p>\n<h2><strong><b>Amerikan <\/b><\/strong><strong><b>C<\/b><\/strong><strong><b>h\u00fcnerli <\/b><\/strong><strong><b>B<\/b><\/strong><strong><b>\u00e7iftlik <\/b><\/strong><strong><b>B<\/b><\/strong><strong><b>\u00f6k\u00fcz <\/b><\/strong><strong><b>F<\/b><\/strong><strong><b>temellendirme <\/b><\/strong><strong><b>D<\/b><\/strong><strong><b>diyagram<\/b><\/strong><\/h2>\n<p><img loading=\"lazy\" decoding=\"async\" class=\"alignnone wp-image-1249 size-full\" src=\"http:\/\/www.xminsulation.com\/wp-content\/uploads\/2024\/05\/\u56fe\u7247101.jpg\" alt=\"\" width=\"1000\" height=\"628\" srcset=\"https:\/\/www.xminsulation.com\/wp-content\/uploads\/2024\/05\/\u56fe\u7247101.jpg 1000w, https:\/\/www.xminsulation.com\/wp-content\/uploads\/2024\/05\/\u56fe\u7247101-300x188.jpg 300w, https:\/\/www.xminsulation.com\/wp-content\/uploads\/2024\/05\/\u56fe\u7247101-768x482.jpg 768w, https:\/\/www.xminsulation.com\/wp-content\/uploads\/2024\/05\/\u56fe\u7247101-600x377.jpg 600w\" sizes=\"(max-width: 1000px) 100vw, 1000px\" \/><\/p>\n<div class=\"wxts\">\n<h2>\u25c6\u00d6zel \u00d6zelle\u015ftirme<\/h2>\n<p>Yukar\u0131daki parametreler tipik verilerdir; Mevcut stiller \u00f6zel taleplerinizi kar\u015f\u0131lam\u0131yorsa, l\u00fctfen \u00f6zel bir tasar\u0131m i\u00e7in bizimle ileti\u015fime ge\u00e7in. Ki\u015fiselle\u015ftirilmi\u015f ki\u015fiselle\u015ftirme geli\u015ftirme ve \u00fcretim becerilerimiz, d\u00fcnyan\u0131n her yerindeki m\u00fc\u015fterilerimize \u00f6zel \u00e7\u00f6z\u00fcmler sunmam\u0131za olanak tan\u0131yor.<\/p>\n<\/div>","protected":false},"excerpt":{"rendered":"<p>General Information The American-style cable distribution boxes produced by the company, with their excellent performance, standardized design, and beautiful appearance, are widely used in cable engineering equipment in cable distribution network systems. They are used in major industrial parks, residential areas, and densely populated cities. It is widely recognized in various places such as districts, [&hellip;]<\/p>","protected":false},"featured_media":1250,"template":"","meta":{"site-sidebar-layout":"default","site-content-layout":"","ast-site-content-layout":"default","site-content-style":"default","site-sidebar-style":"default","ast-global-header-display":"","ast-banner-title-visibility":"","ast-main-header-display":"","ast-hfb-above-header-display":"","ast-hfb-below-header-display":"","ast-hfb-mobile-header-display":"","site-post-title":"","ast-breadcrumbs-content":"","ast-featured-img":"","footer-sml-layout":"","theme-transparent-header-meta":"default","adv-header-id-meta":"","stick-header-meta":"","header-above-stick-meta":"","header-main-stick-meta":"","header-below-stick-meta":"","astra-migrate-meta-layouts":"set","ast-page-background-enabled":"default","ast-page-background-meta":{"desktop":{"background-color":"","background-image":"","background-repeat":"repeat","background-position":"center center","background-size":"auto","background-attachment":"scroll","background-type":"","background-media":"","overlay-type":"","overlay-color":"","overlay-gradient":""},"tablet":{"background-color":"","background-image":"","background-repeat":"repeat","background-position":"center center","background-size":"auto","background-attachment":"scroll","background-type":"","background-media":"","overlay-type":"","overlay-color":"","overlay-gradient":""},"mobile":{"background-color":"","background-image":"","background-repeat":"repeat","background-position":"center center","background-size":"auto","background-attachment":"scroll","background-type":"","background-media":"","overlay-type":"","overlay-color":"","overlay-gradient":""}},"ast-content-background-meta":{"desktop":{"background-color":"var(--ast-global-color-5)","background-image":"","background-repeat":"repeat","background-position":"center center","background-size":"auto","background-attachment":"scroll","background-type":"","background-media":"","overlay-type":"","overlay-color":"","overlay-gradient":""},"tablet":{"background-color":"var(--ast-global-color-5)","background-image":"","background-repeat":"repeat","background-position":"center center","background-size":"auto","background-attachment":"scroll","background-type":"","background-media":"","overlay-type":"","overlay-color":"","overlay-gradient":""},"mobile":{"background-color":"var(--ast-global-color-5)","background-image":"","background-repeat":"repeat","background-position":"center center","background-size":"auto","background-attachment":"scroll","background-type":"","background-media":"","overlay-type":"","overlay-color":"","overlay-gradient":""}}},"product_cat":[40],"product_tag":[],"class_list":{"0":"post-1239","1":"product","2":"type-product","3":"status-publish","4":"has-post-thumbnail","6":"product_cat-10-35kv-high-voltage-cable-branch-box","7":"desktop-align-left","8":"tablet-align-left","9":"mobile-align-left","11":"first","12":"instock","13":"shipping-taxable","14":"product-type-simple"},"_links":{"self":[{"href":"https:\/\/www.xminsulation.com\/tr\/wp-json\/wp\/v2\/product\/1239","targetHints":{"allow":["GET"]}}],"collection":[{"href":"https:\/\/www.xminsulation.com\/tr\/wp-json\/wp\/v2\/product"}],"about":[{"href":"https:\/\/www.xminsulation.com\/tr\/wp-json\/wp\/v2\/types\/product"}],"wp:featuredmedia":[{"embeddable":true,"href":"https:\/\/www.xminsulation.com\/tr\/wp-json\/wp\/v2\/media\/1250"}],"wp:attachment":[{"href":"https:\/\/www.xminsulation.com\/tr\/wp-json\/wp\/v2\/media?parent=1239"}],"wp:term":[{"taxonomy":"product_cat","embeddable":true,"href":"https:\/\/www.xminsulation.com\/tr\/wp-json\/wp\/v2\/product_cat?post=1239"},{"taxonomy":"product_tag","embeddable":true,"href":"https:\/\/www.xminsulation.com\/tr\/wp-json\/wp\/v2\/product_tag?post=1239"}],"curies":[{"name":"wp","href":"https:\/\/api.w.org\/{rel}","templated":true}]}}