{"id":1226,"date":"2024-05-07T10:55:07","date_gmt":"2024-05-07T02:55:07","guid":{"rendered":"http:\/\/www.xminsulation.com\/?post_type=product&#038;p=1226"},"modified":"2024-05-15T16:35:26","modified_gmt":"2024-05-15T08:35:26","slug":"10-24-35km-high-voltage-cable-branch-box-european-style","status":"publish","type":"product","link":"https:\/\/www.xminsulation.com\/tr\/product\/10-24-35km-high-voltage-cable-branch-box-european-style\/","title":{"rendered":"10\/24\/35kM Y\u00fcksek Gerilim Kablo Dal Kutusu (Avrupa Tarz\u0131)"},"content":{"rendered":"<p><img fetchpriority=\"high\" decoding=\"async\" class=\"alignnone wp-image-1228 size-full\" src=\"http:\/\/www.xminsulation.com\/wp-content\/uploads\/2024\/05\/\u56fe\u724782-1.jpg\" alt=\"\" width=\"1000\" height=\"1000\" srcset=\"https:\/\/www.xminsulation.com\/wp-content\/uploads\/2024\/05\/\u56fe\u724782-1.jpg 1000w, https:\/\/www.xminsulation.com\/wp-content\/uploads\/2024\/05\/\u56fe\u724782-1-300x300.jpg 300w, https:\/\/www.xminsulation.com\/wp-content\/uploads\/2024\/05\/\u56fe\u724782-1-150x150.jpg 150w, https:\/\/www.xminsulation.com\/wp-content\/uploads\/2024\/05\/\u56fe\u724782-1-768x768.jpg 768w, https:\/\/www.xminsulation.com\/wp-content\/uploads\/2024\/05\/\u56fe\u724782-1-600x600.jpg 600w, https:\/\/www.xminsulation.com\/wp-content\/uploads\/2024\/05\/\u56fe\u724782-1-100x100.jpg 100w\" sizes=\"(max-width: 1000px) 100vw, 1000px\" \/> <img decoding=\"async\" class=\"alignnone wp-image-1229 size-full\" src=\"http:\/\/www.xminsulation.com\/wp-content\/uploads\/2024\/05\/\u56fe\u724783.png\" alt=\"\" width=\"651\" height=\"696\" srcset=\"https:\/\/www.xminsulation.com\/wp-content\/uploads\/2024\/05\/\u56fe\u724783.png 651w, https:\/\/www.xminsulation.com\/wp-content\/uploads\/2024\/05\/\u56fe\u724783-281x300.png 281w, https:\/\/www.xminsulation.com\/wp-content\/uploads\/2024\/05\/\u56fe\u724783-600x641.png 600w\" sizes=\"(max-width: 651px) 100vw, 651px\" \/> <img decoding=\"async\" class=\"alignnone wp-image-1230 size-full\" src=\"http:\/\/www.xminsulation.com\/wp-content\/uploads\/2024\/05\/\u56fe\u724784.png\" alt=\"\" width=\"766\" height=\"818\" srcset=\"https:\/\/www.xminsulation.com\/wp-content\/uploads\/2024\/05\/\u56fe\u724784.png 766w, https:\/\/www.xminsulation.com\/wp-content\/uploads\/2024\/05\/\u56fe\u724784-281x300.png 281w, https:\/\/www.xminsulation.com\/wp-content\/uploads\/2024\/05\/\u56fe\u724784-600x641.png 600w\" sizes=\"(max-width: 766px) 100vw, 766px\" \/> <img loading=\"lazy\" decoding=\"async\" class=\"alignnone wp-image-1231 size-full\" src=\"http:\/\/www.xminsulation.com\/wp-content\/uploads\/2024\/05\/\u56fe\u724785.png\" alt=\"\" width=\"783\" height=\"826\" srcset=\"https:\/\/www.xminsulation.com\/wp-content\/uploads\/2024\/05\/\u56fe\u724785.png 783w, https:\/\/www.xminsulation.com\/wp-content\/uploads\/2024\/05\/\u56fe\u724785-284x300.png 284w, https:\/\/www.xminsulation.com\/wp-content\/uploads\/2024\/05\/\u56fe\u724785-768x810.png 768w, https:\/\/www.xminsulation.com\/wp-content\/uploads\/2024\/05\/\u56fe\u724785-600x633.png 600w\" sizes=\"(max-width: 783px) 100vw, 783px\" \/><\/p>\n<h2><strong><b>Genel bilgi<\/b><\/strong><\/h2>\n<p>Y\u00fcksek gerilim kablo dal kutular\u0131, 10kV, 24kV ve 35kV kablo sistemlerindeki d\u00fc\u011f\u00fcm ba\u011flant\u0131lar\u0131 i\u00e7in yayg\u0131n olarak kullan\u0131l\u0131r. Bunlar, anahtar kabininden \u00e7\u0131kt\u0131ktan sonra kablolar\u0131 toplamak ve ba\u011flamak i\u00e7in kullan\u0131lan ana elektrik ekipman\u0131d\u0131r. Musluk kutusunun kablo ek yerleri, y\u00fcksek kaliteli yal\u0131t\u0131ml\u0131 ithal kau\u00e7ukla s\u0131k\u0131ca yal\u0131t\u0131lm\u0131\u015ft\u0131r ve a\u00e7\u0131kta canl\u0131 par\u00e7alar\u0131 yoktur; anahtarl\u0131 musluk kutusundaki anahtarlar\u0131n hepsi SF6 yal\u0131t\u0131ml\u0131 y\u00fck anahtarlar\u0131d\u0131r.<\/p>\n<p>Musluk kutusu, g\u00fcvenli ve g\u00fcvenilir olan d\u0131\u015f mekan bak\u0131m gerektirmeyen \u00e7al\u0131\u015fma i\u00e7in tasarlanm\u0131\u015ft\u0131r. Koruma seviyesi IP33&#039;e ula\u015f\u0131r ve yeralt\u0131 muslu\u011fu su bask\u0131nlar\u0131na dayanabilir. Bu \u00fcr\u00fcn, kentsel end\u00fcstriyel alanlarda, yerle\u015fim alanlar\u0131nda, ticari merkezlerde, madencilik alanlar\u0131nda, \u00e7elik, otomobil, petrol, kimyasallar, \u00e7imento ve di\u011fer durumlar gibi b\u00fcy\u00fck i\u015fletmelerde da\u011f\u0131t\u0131m a\u011flar\u0131nda yayg\u0131n olarak kullan\u0131l\u0131r. \u00d6zellikle kentsel elektrik \u015febekesi d\u00f6n\u00fc\u015f\u00fcm projeleri i\u00e7in uygundur ve elektrik ekipman\u0131ndan b\u00fcy\u00fck \u00f6l\u00e7\u00fcde tasarruf sa\u011flayabilir ve g\u00fc\u00e7 kayna\u011f\u0131 g\u00fcvenilirli\u011fini art\u0131rmak i\u00e7in kablolara yat\u0131r\u0131m yapabilir.<\/p>\n<h2><strong><b>\u00dcr\u00fcn <\/b><\/strong><strong><b>\u00d6zellikler<\/b><\/strong><\/h2>\n<ol>\n<li>Kompakt yap\u0131, k\u00fc\u00e7\u00fck alan, kolay kurulum, kolay kullan\u0131m ve bak\u0131m gerektirmez.<\/li>\n<li>Kutu g\u00f6vdesi tamamen 2 mm kal\u0131nl\u0131\u011f\u0131nda metal \u00e7elik sacdan veya paslanmaz \u00e7elik sacdan yap\u0131lm\u0131\u015ft\u0131r. Zorlu ortamlarda g\u00fcvenilir bir \u015fekilde \u00e7al\u0131\u015fmak i\u00e7in korozyon \u00f6nleyici tasar\u0131m ve \u00f6zel sprey boyama i\u015flemi benimser (\u00f6m\u00fcr \u2265 30 y\u0131l).<\/li>\n<li>A\u00e7\u0131k havada her t\u00fcrl\u00fc hava ko\u015fuluna uygun, tam korumal\u0131 yap\u0131, y\u00fcksek s\u0131cakl\u0131k, \u015fiddetli so\u011fuk, sel sular\u0131 ve y\u00fcksek tozlu alanlar i\u00e7in uygundur.<\/li>\n<li>Tamamen kapal\u0131 ve tam yal\u0131t\u0131ml\u0131 yap\u0131, yal\u0131t\u0131m mesafesi gerektirmez, t\u00fcm y\u00fcksek gerilimli canl\u0131 par\u00e7alar silikon kau\u00e7uk veya EPDM prefabrik kablo konnekt\u00f6rleridir, ki\u015fisel g\u00fcvenli\u011fi etkin bir \u015fekilde sa\u011flar.<\/li>\n<li>Esnek kombinasyon, SF ile birle\u015ftirilebilen \u00e7\u0131k\u0131\u015f dallar\u0131n\u0131n say\u0131s\u0131n\u0131 yediye \u00e7\u0131karabilir. Y\u00fck anahtar\u0131, \u00e7e\u015fitli kablolama gereksinimlerini tam olarak kar\u015f\u0131layan g\u00fc\u00e7 kayna\u011f\u0131 i\u00e7in bir halka a\u011f\u0131 olu\u015fturur.<\/li>\n<li>Kablo ek yeri, y\u00fck alt\u0131nda tak\u0131l\u0131p \u00e7\u0131kar\u0131labilen ve 200A y\u00fck ak\u0131m\u0131n\u0131 kesen bir anahtar olarak kullan\u0131labilir.<\/li>\n<li>Ar\u0131za g\u00f6stergesi tak\u0131ld\u0131ktan sonra devre ar\u0131zalar\u0131 h\u0131zl\u0131 bir \u015fekilde tespit edilebilir.<\/li>\n<li>Tek seferlik yat\u0131r\u0131m azd\u0131r, kablo uzunlu\u011fu k\u0131sal\u0131r, bina alan\u0131 i\u015fgal edilmez ve para tasarrufu sa\u011flan\u0131r.<\/li>\n<li>Kullan\u0131lan kablo konnekt\u00f6r\u00fc IEEE386 standard\u0131na uygundur.<\/li>\n<li>T\u00fcm kablo ekleri \u00e7apraz ba\u011fl\u0131 polietilen izoleli kablolar i\u00e7in uygundur. 200A kablo eki 35mm\u00b2-180mm\u00b2 kablo kesitine sahip kablolar i\u00e7in uygundur; 600A kablo eki 25mm\u00b2-500mm\u00b2 kablo kesitine sahip kablolar i\u00e7in uygundur.<\/li>\n<\/ol>\n<h2><strong><b>Teknik Parametreler<\/b><\/strong><\/h2>\n<p><strong><b> <img loading=\"lazy\" decoding=\"async\" class=\"alignnone wp-image-1232 size-full\" src=\"http:\/\/www.xminsulation.com\/wp-content\/uploads\/2024\/05\/\u56fe\u724786.png\" alt=\"\" width=\"966\" height=\"736\" srcset=\"https:\/\/www.xminsulation.com\/wp-content\/uploads\/2024\/05\/\u56fe\u724786.png 966w, https:\/\/www.xminsulation.com\/wp-content\/uploads\/2024\/05\/\u56fe\u724786-300x229.png 300w, https:\/\/www.xminsulation.com\/wp-content\/uploads\/2024\/05\/\u56fe\u724786-768x585.png 768w, https:\/\/www.xminsulation.com\/wp-content\/uploads\/2024\/05\/\u56fe\u724786-600x457.png 600w\" sizes=\"(max-width: 966px) 100vw, 966px\" \/><\/b><\/strong><\/p>\n<h2><strong><b>Kullan\u0131m <\/b><\/strong><strong><b>e<\/b><\/strong><strong><b>\u00e7evre<\/b><\/strong><\/h2>\n<ol>\n<li>Ortam s\u0131cakl\u0131\u011f\u0131: maksimum s\u0131cakl\u0131k: +40\u2103, minimum s\u0131cakl\u0131k -30\u2103.<\/li>\n<li>R\u00fczgar h\u0131z\u0131: 34 m\/s&#039;ye e\u015fde\u011fer (700Pa&#039;dan fazla de\u011fil).<\/li>\n<li>Nem: G\u00fcnl\u00fck ortalama ba\u011f\u0131l nem 95%&#039;den b\u00fcy\u00fck de\u011fildir; ayl\u0131k ortalama ba\u011f\u0131l nem 95%&#039;den b\u00fcy\u00fck de\u011fildir.<\/li>\n<li>Darbeye dayan\u0131kl\u0131: Yatay ivmelenme 0,4 m\/s2&#039;den, dikey ivmelenme ise 0,15 m\/s2&#039;den b\u00fcy\u00fck olmamal\u0131d\u0131r.<\/li>\n<li>Montaj yerinin e\u011fimi: en fazla 3\u00b0 olmal\u0131d\u0131r.<\/li>\n<li>Kurulum ortam\u0131: \u00c7evre havas\u0131 a\u015f\u0131nd\u0131r\u0131c\u0131, yan\u0131c\u0131 gazlar, su buhar\u0131 vb. ile \u00f6nemli \u00f6l\u00e7\u00fcde kirlenmemi\u015f olmal\u0131 ve kurulum yerinde \u015fiddetli titre\u015fim olmamal\u0131d\u0131r.<\/li>\n<\/ol>\n<h2><strong><b>C<\/b><\/strong><strong><b>yap\u0131land\u0131rma <\/b><\/strong><strong><b>P<\/b><\/strong><strong><b>lan<\/b><\/strong><\/h2>\n<p><img loading=\"lazy\" decoding=\"async\" class=\"alignnone wp-image-1233 size-full\" src=\"http:\/\/www.xminsulation.com\/wp-content\/uploads\/2024\/05\/\u56fe\u724787.png\" alt=\"\" width=\"1078\" height=\"1092\" srcset=\"https:\/\/www.xminsulation.com\/wp-content\/uploads\/2024\/05\/\u56fe\u724787.png 1078w, https:\/\/www.xminsulation.com\/wp-content\/uploads\/2024\/05\/\u56fe\u724787-296x300.png 296w, https:\/\/www.xminsulation.com\/wp-content\/uploads\/2024\/05\/\u56fe\u724787-1011x1024.png 1011w, https:\/\/www.xminsulation.com\/wp-content\/uploads\/2024\/05\/\u56fe\u724787-768x778.png 768w, https:\/\/www.xminsulation.com\/wp-content\/uploads\/2024\/05\/\u56fe\u724787-600x608.png 600w, https:\/\/www.xminsulation.com\/wp-content\/uploads\/2024\/05\/\u56fe\u724787-100x100.png 100w\" sizes=\"(max-width: 1078px) 100vw, 1078px\" \/> <img loading=\"lazy\" decoding=\"async\" class=\"alignnone wp-image-1234 size-full\" src=\"http:\/\/www.xminsulation.com\/wp-content\/uploads\/2024\/05\/\u56fe\u724788.png\" alt=\"\" width=\"1078\" height=\"1147\" srcset=\"https:\/\/www.xminsulation.com\/wp-content\/uploads\/2024\/05\/\u56fe\u724788.png 1078w, https:\/\/www.xminsulation.com\/wp-content\/uploads\/2024\/05\/\u56fe\u724788-282x300.png 282w, https:\/\/www.xminsulation.com\/wp-content\/uploads\/2024\/05\/\u56fe\u724788-962x1024.png 962w, https:\/\/www.xminsulation.com\/wp-content\/uploads\/2024\/05\/\u56fe\u724788-768x817.png 768w, https:\/\/www.xminsulation.com\/wp-content\/uploads\/2024\/05\/\u56fe\u724788-600x638.png 600w\" sizes=\"(max-width: 1078px) 100vw, 1078px\" \/><\/p>\n<h2><strong><b>Avrupa <\/b><\/strong><strong><b>C<\/b><\/strong><strong><b>h\u00fcnerli <\/b><\/strong><strong><b>B<\/b><\/strong><strong><b>\u00e7iftlik <\/b><\/strong><strong><b>B<\/b><\/strong><strong><b>\u00f6k\u00fcz <\/b><\/strong><strong><b>S<\/b><\/strong><strong><b>yap\u0131 <\/b><\/strong><strong><b>e<\/b><\/strong><strong><b>\u00f6rnek <\/b><\/strong><strong><b>D<\/b><\/strong><strong><b>diyagram<\/b><\/strong><\/h2>\n<p>&nbsp;<\/p>\n<p>Kablo da\u011f\u0131t\u0131m kutusu yer k\u0131s\u0131tlamalar\u0131 nedeniyle yerle\u015ftirilemiyorsa, kablo ek yerleri do\u011frudan birle\u015ftirilerek birden fazla kablo dal\u0131 olu\u015fturulabilir (bara gerekmez, a\u015fa\u011f\u0131daki ba\u011flant\u0131 y\u00f6ntemine bak\u0131n) ve kablo kanal\u0131na veya di\u011fer yerlere yerle\u015ftirilebilir.<\/p>\n<p>\u00d6rnek 1: D\u00f6rt giri\u015f ve \u00e7\u0131k\u0131\u015f hatt\u0131.<\/p>\n<p>Her faz, ortada Avrupa tarz\u0131 bir u\u00e7 burcuyla ba\u011flanan iki Avrupa tarz\u0131 \u00f6n ba\u011flant\u0131 ve iki Avrupa tarz\u0131 arka ba\u011flant\u0131dan olu\u015fur. Avrupa arka konekt\u00f6rlerinin u\u00e7lar\u0131 yal\u0131tkanlar ve yar\u0131 iletken u\u00e7 kapaklar\u0131yla kapat\u0131lm\u0131\u015ft\u0131r.<\/p>\n<p>\u00d6rnek 2: \u0130ki ki\u015fi i\u00e7eri, \u00fc\u00e7 ki\u015fi d\u0131\u015far\u0131.<\/p>\n<p>Her faz, ortada Avrupa tarz\u0131 u\u00e7 bur\u00e7lar\u0131yla ba\u011flanan \u00fc\u00e7 Avrupa tarz\u0131 \u00f6n ba\u011flant\u0131 ve iki Avrupa tarz\u0131 arka ba\u011flant\u0131dan olu\u015fur. Avrupa arka konekt\u00f6rlerinin u\u00e7lar\u0131 yal\u0131tkanlar ve yar\u0131 iletken u\u00e7 kapaklar\u0131yla kapat\u0131lm\u0131\u015ft\u0131r.<\/p>\n<p><img loading=\"lazy\" decoding=\"async\" class=\"alignnone wp-image-1235 size-full\" src=\"http:\/\/www.xminsulation.com\/wp-content\/uploads\/2024\/05\/\u56fe\u724789.png\" alt=\"\" width=\"1000\" height=\"280\" srcset=\"https:\/\/www.xminsulation.com\/wp-content\/uploads\/2024\/05\/\u56fe\u724789.png 1000w, https:\/\/www.xminsulation.com\/wp-content\/uploads\/2024\/05\/\u56fe\u724789-300x84.png 300w, https:\/\/www.xminsulation.com\/wp-content\/uploads\/2024\/05\/\u56fe\u724789-768x215.png 768w, https:\/\/www.xminsulation.com\/wp-content\/uploads\/2024\/05\/\u56fe\u724789-600x168.png 600w\" sizes=\"(max-width: 1000px) 100vw, 1000px\" \/><\/p>\n<p><strong><b>\u7535\u7f06\u63d2\u5934\u5b89\u88c5\u793a\u610f\u56fe<\/b><\/strong><\/p>\n<p><strong><b>Kablo <\/b><\/strong><strong><b>P<\/b><\/strong><strong><b>pabu\u00e7 <\/b><\/strong><strong><b>BEN<\/b><\/strong><strong><b>kurulum <\/b><\/strong><strong><b>D<\/b><\/strong><strong><b>diyagram<\/b><\/strong><\/p>\n<p><img loading=\"lazy\" decoding=\"async\" class=\"alignnone wp-image-1236 size-full\" src=\"http:\/\/www.xminsulation.com\/wp-content\/uploads\/2024\/05\/\u56fe\u724790.png\" alt=\"\" width=\"860\" height=\"720\" srcset=\"https:\/\/www.xminsulation.com\/wp-content\/uploads\/2024\/05\/\u56fe\u724790.png 860w, https:\/\/www.xminsulation.com\/wp-content\/uploads\/2024\/05\/\u56fe\u724790-300x251.png 300w, https:\/\/www.xminsulation.com\/wp-content\/uploads\/2024\/05\/\u56fe\u724790-768x643.png 768w, https:\/\/www.xminsulation.com\/wp-content\/uploads\/2024\/05\/\u56fe\u724790-600x502.png 600w\" sizes=\"(max-width: 860px) 100vw, 860px\" \/> <img loading=\"lazy\" decoding=\"async\" class=\"alignnone wp-image-1237 size-full\" src=\"http:\/\/www.xminsulation.com\/wp-content\/uploads\/2024\/05\/\u56fe\u724791.png\" alt=\"\" width=\"988\" height=\"468\" srcset=\"https:\/\/www.xminsulation.com\/wp-content\/uploads\/2024\/05\/\u56fe\u724791.png 988w, https:\/\/www.xminsulation.com\/wp-content\/uploads\/2024\/05\/\u56fe\u724791-300x142.png 300w, https:\/\/www.xminsulation.com\/wp-content\/uploads\/2024\/05\/\u56fe\u724791-768x364.png 768w, https:\/\/www.xminsulation.com\/wp-content\/uploads\/2024\/05\/\u56fe\u724791-600x284.png 600w\" sizes=\"(max-width: 988px) 100vw, 988px\" \/><\/p>\n<p><strong><b>Avrupa <\/b><\/strong><strong><b>C<\/b><\/strong><strong><b>h\u00fcnerli <\/b><\/strong><strong><b>B<\/b><\/strong><strong><b>\u00e7iftlik <\/b><\/strong><strong><b>B<\/b><\/strong><strong><b>\u00f6k\u00fcz <\/b><\/strong><strong><b>F<\/b><\/strong><strong><b>temellendirme <\/b><\/strong><strong><b>D<\/b><\/strong><strong><b>diyagram<\/b><\/strong><\/p>\n<p><img loading=\"lazy\" decoding=\"async\" class=\"alignnone wp-image-1238 size-full\" src=\"http:\/\/www.xminsulation.com\/wp-content\/uploads\/2024\/05\/\u56fe\u724792.png\" alt=\"\" width=\"622\" height=\"835\" srcset=\"https:\/\/www.xminsulation.com\/wp-content\/uploads\/2024\/05\/\u56fe\u724792.png 622w, https:\/\/www.xminsulation.com\/wp-content\/uploads\/2024\/05\/\u56fe\u724792-223x300.png 223w, https:\/\/www.xminsulation.com\/wp-content\/uploads\/2024\/05\/\u56fe\u724792-600x805.png 600w\" sizes=\"(max-width: 622px) 100vw, 622px\" \/><\/p>\n<p>&nbsp;<\/p>\n<div class=\"wxts\">\n<h2>\u25c6\u00d6zel \u00d6zelle\u015ftirme<\/h2>\n<p>Yukar\u0131daki parametreler tipik verilerdir; Mevcut stiller \u00f6zel taleplerinizi kar\u015f\u0131lam\u0131yorsa, l\u00fctfen \u00f6zel bir tasar\u0131m i\u00e7in bizimle ileti\u015fime ge\u00e7in. Ki\u015fiselle\u015ftirilmi\u015f ki\u015fiselle\u015ftirme geli\u015ftirme ve \u00fcretim becerilerimiz, d\u00fcnyan\u0131n her yerindeki m\u00fc\u015fterilerimize \u00f6zel \u00e7\u00f6z\u00fcmler sunmam\u0131za olanak tan\u0131yor.<\/p>\n<\/div>\n<p>&nbsp;<\/p>","protected":false},"excerpt":{"rendered":"<p>General Information High-voltage cable branch boxes are widely used for node connections in 10kV, 24kV, and 35kV cable systems. They are the main electrical equipment for gathering and tapping cables after they exit the switch cabinet. The cable joints of the tap box are tightly insulated with high-grade insulated imported rubber and have no exposed [&hellip;]<\/p>","protected":false},"featured_media":1227,"template":"","meta":{"site-sidebar-layout":"default","site-content-layout":"","ast-site-content-layout":"default","site-content-style":"default","site-sidebar-style":"default","ast-global-header-display":"","ast-banner-title-visibility":"","ast-main-header-display":"","ast-hfb-above-header-display":"","ast-hfb-below-header-display":"","ast-hfb-mobile-header-display":"","site-post-title":"","ast-breadcrumbs-content":"","ast-featured-img":"","footer-sml-layout":"","theme-transparent-header-meta":"default","adv-header-id-meta":"","stick-header-meta":"","header-above-stick-meta":"","header-main-stick-meta":"","header-below-stick-meta":"","astra-migrate-meta-layouts":"set","ast-page-background-enabled":"default","ast-page-background-meta":{"desktop":{"background-color":"","background-image":"","background-repeat":"repeat","background-position":"center center","background-size":"auto","background-attachment":"scroll","background-type":"","background-media":"","overlay-type":"","overlay-color":"","overlay-gradient":""},"tablet":{"background-color":"","background-image":"","background-repeat":"repeat","background-position":"center center","background-size":"auto","background-attachment":"scroll","background-type":"","background-media":"","overlay-type":"","overlay-color":"","overlay-gradient":""},"mobile":{"background-color":"","background-image":"","background-repeat":"repeat","background-position":"center center","background-size":"auto","background-attachment":"scroll","background-type":"","background-media":"","overlay-type":"","overlay-color":"","overlay-gradient":""}},"ast-content-background-meta":{"desktop":{"background-color":"var(--ast-global-color-5)","background-image":"","background-repeat":"repeat","background-position":"center center","background-size":"auto","background-attachment":"scroll","background-type":"","background-media":"","overlay-type":"","overlay-color":"","overlay-gradient":""},"tablet":{"background-color":"var(--ast-global-color-5)","background-image":"","background-repeat":"repeat","background-position":"center center","background-size":"auto","background-attachment":"scroll","background-type":"","background-media":"","overlay-type":"","overlay-color":"","overlay-gradient":""},"mobile":{"background-color":"var(--ast-global-color-5)","background-image":"","background-repeat":"repeat","background-position":"center center","background-size":"auto","background-attachment":"scroll","background-type":"","background-media":"","overlay-type":"","overlay-color":"","overlay-gradient":""}}},"product_cat":[40],"product_tag":[],"class_list":{"0":"post-1226","1":"product","2":"type-product","3":"status-publish","4":"has-post-thumbnail","6":"product_cat-10-35kv-high-voltage-cable-branch-box","7":"desktop-align-left","8":"tablet-align-left","9":"mobile-align-left","11":"first","12":"instock","13":"shipping-taxable","14":"product-type-simple"},"_links":{"self":[{"href":"https:\/\/www.xminsulation.com\/tr\/wp-json\/wp\/v2\/product\/1226","targetHints":{"allow":["GET"]}}],"collection":[{"href":"https:\/\/www.xminsulation.com\/tr\/wp-json\/wp\/v2\/product"}],"about":[{"href":"https:\/\/www.xminsulation.com\/tr\/wp-json\/wp\/v2\/types\/product"}],"wp:featuredmedia":[{"embeddable":true,"href":"https:\/\/www.xminsulation.com\/tr\/wp-json\/wp\/v2\/media\/1227"}],"wp:attachment":[{"href":"https:\/\/www.xminsulation.com\/tr\/wp-json\/wp\/v2\/media?parent=1226"}],"wp:term":[{"taxonomy":"product_cat","embeddable":true,"href":"https:\/\/www.xminsulation.com\/tr\/wp-json\/wp\/v2\/product_cat?post=1226"},{"taxonomy":"product_tag","embeddable":true,"href":"https:\/\/www.xminsulation.com\/tr\/wp-json\/wp\/v2\/product_tag?post=1226"}],"curies":[{"name":"wp","href":"https:\/\/api.w.org\/{rel}","templated":true}]}}