{"id":1204,"date":"2024-05-07T10:27:27","date_gmt":"2024-05-07T02:27:27","guid":{"rendered":"http:\/\/www.xminsulation.com\/?post_type=product&#038;p=1204"},"modified":"2024-05-15T16:37:26","modified_gmt":"2024-05-15T08:37:26","slug":"kyn28-24kv-metal-clad-withdrawable-switchgear","status":"publish","type":"product","link":"https:\/\/www.xminsulation.com\/tr\/product\/kyn28-24kv-metal-clad-withdrawable-switchgear\/","title":{"rendered":"KYN28-24kV Metal Clad \u00c7ekmeceli \u015ealt Cihazlar\u0131"},"content":{"rendered":"<p><img fetchpriority=\"high\" decoding=\"async\" class=\"alignnone wp-image-1206 size-full\" src=\"http:\/\/www.xminsulation.com\/wp-content\/uploads\/2024\/05\/\u56fe\u724766-1.jpg\" alt=\"\" width=\"800\" height=\"800\" srcset=\"https:\/\/www.xminsulation.com\/wp-content\/uploads\/2024\/05\/\u56fe\u724766-1.jpg 800w, https:\/\/www.xminsulation.com\/wp-content\/uploads\/2024\/05\/\u56fe\u724766-1-300x300.jpg 300w, https:\/\/www.xminsulation.com\/wp-content\/uploads\/2024\/05\/\u56fe\u724766-1-150x150.jpg 150w, https:\/\/www.xminsulation.com\/wp-content\/uploads\/2024\/05\/\u56fe\u724766-1-768x768.jpg 768w, https:\/\/www.xminsulation.com\/wp-content\/uploads\/2024\/05\/\u56fe\u724766-1-600x600.jpg 600w, https:\/\/www.xminsulation.com\/wp-content\/uploads\/2024\/05\/\u56fe\u724766-1-100x100.jpg 100w\" sizes=\"(max-width: 800px) 100vw, 800px\" \/><\/p>\n<h2><strong><b>Genel bilgi<\/b><\/strong><\/h2>\n<p>KYN28-24 z\u0131rhl\u0131, \u00e7ekilebilir AC metal muhafazal\u0131 \u015falt cihaz\u0131, i\u00e7 mekan \u00fc\u00e7 fazl\u0131 50\/60HZ, anma gerilimi 24kV g\u00fc\u00e7 sistemleri i\u00e7in uygundur. Esas olarak elektrik santrallerinde, trafo merkezlerinde, end\u00fcstriyel ve madencilik i\u015fletmelerinde ve y\u00fcksek binalarda kullan\u0131l\u0131r. Elektrik enerjisini al\u0131r ve da\u011f\u0131t\u0131r ve devreleri kontrol eder, korur ve izler.<\/p>\n<p>KYN28-24 \u015falt cihazlar\u0131, y\u00fck ile el arabas\u0131n\u0131n hareket etmesini \u00f6nlemek, topraklama anahtar\u0131n\u0131n devre kesiciyi kapal\u0131 konumda kapatmas\u0131n\u0131 \u00f6nlemek, topraklama anahtar\u0131n\u0131n a\u00e7\u0131lmas\u0131n\u0131 \u00f6nlemek ve canl\u0131 b\u00f6lmeye yanl\u0131\u015fl\u0131kla girilmesini \u00f6nlemek gibi hatal\u0131 \u00e7al\u0131\u015fmay\u0131 \u00f6nlemek i\u00e7in \u00e7e\u015fitli i\u015flevlere sahiptir.<\/p>\n<p>\u015ealt ekipman\u0131, m\u00fckemmel performansa sahip VS1 ve VN2 serisi orta gerilim AC vakum devre kesicileri ve kapal\u0131 vakum \u015falterleri ile donat\u0131lm\u0131\u015ft\u0131r. \u015ealt ekipman\u0131n\u0131n sekonder devresi, yenilik\u00e7i ve g\u00fcvenilir kontrol ve koruma bile\u015fenleri ile donat\u0131lm\u0131\u015ft\u0131r; bara, \u0131s\u0131yla b\u00fcz\u00fc\u015fen yal\u0131t\u0131m malzemesi veya oksijen kapl\u0131 yal\u0131t\u0131m ara\u00e7lar\u0131 kullan\u0131r, elektrot \u015fekli optimize edilmi\u015ftir ve kabin yap\u0131s\u0131 kompaktt\u0131r. Bu \u015falt ekipman\u0131 teknolojik olarak yenilik\u00e7idir, istikrarl\u0131 performansa sahiptir ve makul bir yap\u0131ya sahiptir. Kullan\u0131m\u0131 kolay, g\u00fcvenli ve g\u00fcvenilir g\u00fc\u00e7 da\u011f\u0131t\u0131m ekipman\u0131.<\/p>\n<p>Bu \u00fcr\u00fcn GB 3906, IEC 62271-200 ve di\u011fer standart gerekliliklerine uygundur.<\/p>\n<p><img decoding=\"async\" class=\"alignnone wp-image-1207 size-full\" src=\"http:\/\/www.xminsulation.com\/wp-content\/uploads\/2024\/05\/\u56fe\u724767-1.png\" alt=\"\" width=\"1000\" height=\"556\" srcset=\"https:\/\/www.xminsulation.com\/wp-content\/uploads\/2024\/05\/\u56fe\u724767-1.png 1000w, https:\/\/www.xminsulation.com\/wp-content\/uploads\/2024\/05\/\u56fe\u724767-1-300x167.png 300w, https:\/\/www.xminsulation.com\/wp-content\/uploads\/2024\/05\/\u56fe\u724767-1-768x427.png 768w, https:\/\/www.xminsulation.com\/wp-content\/uploads\/2024\/05\/\u56fe\u724767-1-600x334.png 600w\" sizes=\"(max-width: 1000px) 100vw, 1000px\" \/><\/p>\n<h2><strong><b>Kullan\u0131m <\/b><\/strong><strong><b>e<\/b><\/strong><strong><b>\u00e7evre<\/b><\/strong><\/h2>\n<ol>\n<li>Ortam s\u0131cakl\u0131\u011f\u0131: maksimum s\u0131cakl\u0131k +40\u2103, minimum s\u0131cakl\u0131k -15\u2103 ve 24 saat i\u00e7inde \u00f6l\u00e7\u00fclen ortalama de\u011fer 35\u2103&#039;yi ge\u00e7mez.<\/li>\n<li>Nem ko\u015fullar\u0131 \u015fu \u015fekildedir: ortalama g\u00fcnl\u00fck ba\u011f\u0131l nem 95%&#039;yi a\u015fmaz, ortalama g\u00fcnl\u00fck su buhar\u0131 bas\u0131nc\u0131 2,2kpa&#039;y\u0131 a\u015fmaz ve ortalama ayl\u0131k su buhar\u0131 bas\u0131nc\u0131 1,8kpa&#039;y\u0131 a\u015fmaz. Bu t\u00fcr ko\u015fullar alt\u0131nda zaman zaman yo\u011fu\u015fma meydana gelebilir.<\/li>\n<li>Rak\u0131m\u0131 1000m&#039;yi ge\u00e7mez.<\/li>\n<li>\u00c7evredeki hava toz, duman, a\u015f\u0131nd\u0131r\u0131c\u0131 ve\/veya yan\u0131c\u0131 gazlar, buharlar veya tuz spreyi ile \u00f6nemli \u00f6l\u00e7\u00fcde kirlenmemi\u015ftir.<\/li>\n<li>\u015ealt ve kontrol ekipmanlar\u0131n\u0131n d\u0131\u015f\u0131ndan gelen titre\u015fim veya zemin hareketi g\u00f6z ard\u0131 edilebilir.<\/li>\n<li>\u0130kincil sistemde olu\u015fan elektromanyetik giri\u015fimin genli\u011fi 1,6KV&#039;\u0131 ge\u00e7mez.<\/li>\n<li>\u00d6zel kullan\u0131m ko\u015fullar\u0131: GB\/T11022&#039;de belirtilenleri a\u015fan normal \u00e7evre ko\u015fullar\u0131nda kullan\u0131ld\u0131\u011f\u0131nda, \u015firket ve kullan\u0131c\u0131 normal \u00e7al\u0131\u015fma ko\u015fullar\u0131n\u0131 a\u015fan \u00f6zel \u00e7al\u0131\u015fma ko\u015fullar\u0131 konusunda m\u00fczakere edebilir ve anla\u015fmaya varabilir. Yo\u011fu\u015fmay\u0131 \u00f6nlemek i\u00e7in \u015falt cihaz\u0131, \u015falt cihaz\u0131 bekleme modundayken devreye al\u0131nmas\u0131 gereken bir \u0131s\u0131t\u0131c\u0131 ile donat\u0131lm\u0131\u015ft\u0131r. Ayr\u0131ca, \u015falt cihaz\u0131 normal \u00e7al\u0131\u015f\u0131rken \u0131s\u0131t\u0131c\u0131n\u0131n devreye al\u0131nmas\u0131na dikkat edilmelidir.<\/li>\n<\/ol>\n<h2><strong><b>Yap\u0131 ve <\/b><\/strong><strong><b>B<\/b><\/strong><strong><b>\u00e7al\u0131\u015fma <\/b><\/strong><strong><b>P<\/b><\/strong><strong><b>ilke<\/b><\/strong><\/h2>\n<p>KYN28-24 \u015falt cihaz\u0131 iki par\u00e7adan olu\u015fur: kabin ve \u00e7\u0131kar\u0131labilir par\u00e7a (genellikle el arabas\u0131 olarak bilinir). Kabin, bara odas\u0131, devre kesici odas\u0131, kablo odas\u0131, r\u00f6le enstr\u00fcman odas\u0131 vb. gibi metal b\u00f6lmelerle birden fazla i\u015flevsel b\u00f6lmeye ayr\u0131lm\u0131\u015ft\u0131r. \u015ealt cihaz\u0131n\u0131n \u00e7\u0131kar\u0131labilir par\u00e7alar\u0131 vakumlu devre kesici el arabalar\u0131, gerilim trafosu el arabalar\u0131, parafudr el arabalar\u0131, izolasyon el arabalar\u0131 ve sigorta el arabalar\u0131 vb. ile donat\u0131labilir.<\/p>\n<p><img decoding=\"async\" class=\"alignnone wp-image-1208 size-full\" src=\"http:\/\/www.xminsulation.com\/wp-content\/uploads\/2024\/05\/\u56fe\u724768-1.png\" alt=\"\" width=\"1002\" height=\"713\" srcset=\"https:\/\/www.xminsulation.com\/wp-content\/uploads\/2024\/05\/\u56fe\u724768-1.png 1002w, https:\/\/www.xminsulation.com\/wp-content\/uploads\/2024\/05\/\u56fe\u724768-1-300x213.png 300w, https:\/\/www.xminsulation.com\/wp-content\/uploads\/2024\/05\/\u56fe\u724768-1-768x546.png 768w, https:\/\/www.xminsulation.com\/wp-content\/uploads\/2024\/05\/\u56fe\u724768-1-600x427.png 600w\" sizes=\"(max-width: 1002px) 100vw, 1002px\" \/><\/p>\n<p>A\u3001\u6bcd\u7ebf\u5ba4Otob\u00fcs odas\u0131.<\/p>\n<p>B\u3001\u65ad\u8def\u5668\u624b\u8f66\u5ba4Devre kesici el arabas\u0131 odas\u0131.<\/p>\n<p>C\u3001\u7535\u7f06\u5ba4Kablo odas\u0131.<\/p>\n<p>D\u3001\u7ee7\u7535\u5668\u4eea\u8868\u5ba4R\u00f6le enstr\u00fcman odas\u0131.<\/p>\n<p><img loading=\"lazy\" decoding=\"async\" class=\"alignnone wp-image-1209 size-full\" src=\"http:\/\/www.xminsulation.com\/wp-content\/uploads\/2024\/05\/\u56fe\u724769.jpg\" alt=\"\" width=\"1000\" height=\"995\" srcset=\"https:\/\/www.xminsulation.com\/wp-content\/uploads\/2024\/05\/\u56fe\u724769.jpg 1000w, https:\/\/www.xminsulation.com\/wp-content\/uploads\/2024\/05\/\u56fe\u724769-300x300.jpg 300w, https:\/\/www.xminsulation.com\/wp-content\/uploads\/2024\/05\/\u56fe\u724769-150x150.jpg 150w, https:\/\/www.xminsulation.com\/wp-content\/uploads\/2024\/05\/\u56fe\u724769-768x764.jpg 768w, https:\/\/www.xminsulation.com\/wp-content\/uploads\/2024\/05\/\u56fe\u724769-600x597.jpg 600w, https:\/\/www.xminsulation.com\/wp-content\/uploads\/2024\/05\/\u56fe\u724769-100x100.jpg 100w\" sizes=\"(max-width: 1000px) 100vw, 1000px\" \/><\/p>\n<p>1. \u0130kincil fi\u015f.<\/p>\n<p>2\u3001\u5206\u5408\u6307\u793aA\u00e7\u0131lma ve kapanma g\u00f6stergesi.<\/p>\n<p>3\u3001\u50a8\u80fd\u6307\u793aEnerji depolama g\u00f6stergesi.<\/p>\n<p>4. Saya\u00e7 Sayac\u0131.<\/p>\n<p>5.A\u00e7\u0131l\u0131\u015f d\u00fc\u011fmesi.<\/p>\n<p>6. Kapatma d\u00fc\u011fmesi Kapatma d\u00fc\u011fmesi.<\/p>\n<p>7. Manuel enerji depolama.<\/p>\n<p>8. \u00c7alkalama mekanizmas\u0131.<\/p>\n<p>9. Ara\u00e7 anahtar\u0131 deli\u011fini aktar\u0131n.<\/p>\n<p>10. Ad\u0131m Transfer arac\u0131n\u0131n konumland\u0131r\u0131lmas\u0131.<\/p>\n<p>11\u3001\u63a5\u5730\u5f00\u5173Topraklama anahtar\u0131.<\/p>\n<p>12\u3001\u7d27\u6025\u89e3\u9501Acil durum kilidi a\u00e7ma.<\/p>\n<h2><strong><b>Kurulum Boyut \u00c7izimi<\/b><\/strong><\/h2>\n<p><img loading=\"lazy\" decoding=\"async\" class=\"alignnone wp-image-1211 size-full\" src=\"http:\/\/www.xminsulation.com\/wp-content\/uploads\/2024\/05\/\u56fe\u724770.jpg\" alt=\"\" width=\"1000\" height=\"1634\" srcset=\"https:\/\/www.xminsulation.com\/wp-content\/uploads\/2024\/05\/\u56fe\u724770.jpg 1000w, https:\/\/www.xminsulation.com\/wp-content\/uploads\/2024\/05\/\u56fe\u724770-184x300.jpg 184w, https:\/\/www.xminsulation.com\/wp-content\/uploads\/2024\/05\/\u56fe\u724770-627x1024.jpg 627w, https:\/\/www.xminsulation.com\/wp-content\/uploads\/2024\/05\/\u56fe\u724770-768x1255.jpg 768w, https:\/\/www.xminsulation.com\/wp-content\/uploads\/2024\/05\/\u56fe\u724770-940x1536.jpg 940w, https:\/\/www.xminsulation.com\/wp-content\/uploads\/2024\/05\/\u56fe\u724770-600x980.jpg 600w\" sizes=\"(max-width: 1000px) 100vw, 1000px\" \/><\/p>\n<p>&nbsp;<\/p>\n<div class=\"wxts\">\n<h2>\u25c6\u00d6zel \u00d6zelle\u015ftirme<\/h2>\n<p>Yukar\u0131daki parametreler tipik verilerdir; Mevcut stiller \u00f6zel taleplerinizi kar\u015f\u0131lam\u0131yorsa, l\u00fctfen \u00f6zel bir tasar\u0131m i\u00e7in bizimle ileti\u015fime ge\u00e7in. Ki\u015fiselle\u015ftirilmi\u015f ki\u015fiselle\u015ftirme geli\u015ftirme ve \u00fcretim becerilerimiz, d\u00fcnyan\u0131n her yerindeki m\u00fc\u015fterilerimize \u00f6zel \u00e7\u00f6z\u00fcmler sunmam\u0131za olanak tan\u0131yor.<\/p>\n<\/div>","protected":false},"excerpt":{"rendered":"<p>General Information KYN28-24 armored withdrawable AC metal-enclosed switchgear is suitable for indoor three-phase 50\/60HZ, rated voltage 24kV power systems. It is mainly used in power plants, substations, industrial and mining enterprises and high-rise buildings. Receive and distribute electrical energy and control, protect and monitor circuits. KYN28-24 switchgear has various functions to prevent misoperation, including preventing [&hellip;]<\/p>","protected":false},"featured_media":1205,"template":"","meta":{"site-sidebar-layout":"default","site-content-layout":"","ast-site-content-layout":"default","site-content-style":"default","site-sidebar-style":"default","ast-global-header-display":"","ast-banner-title-visibility":"","ast-main-header-display":"","ast-hfb-above-header-display":"","ast-hfb-below-header-display":"","ast-hfb-mobile-header-display":"","site-post-title":"","ast-breadcrumbs-content":"","ast-featured-img":"","footer-sml-layout":"","theme-transparent-header-meta":"default","adv-header-id-meta":"","stick-header-meta":"","header-above-stick-meta":"","header-main-stick-meta":"","header-below-stick-meta":"","astra-migrate-meta-layouts":"set","ast-page-background-enabled":"default","ast-page-background-meta":{"desktop":{"background-color":"","background-image":"","background-repeat":"repeat","background-position":"center center","background-size":"auto","background-attachment":"scroll","background-type":"","background-media":"","overlay-type":"","overlay-color":"","overlay-gradient":""},"tablet":{"background-color":"","background-image":"","background-repeat":"repeat","background-position":"center center","background-size":"auto","background-attachment":"scroll","background-type":"","background-media":"","overlay-type":"","overlay-color":"","overlay-gradient":""},"mobile":{"background-color":"","background-image":"","background-repeat":"repeat","background-position":"center center","background-size":"auto","background-attachment":"scroll","background-type":"","background-media":"","overlay-type":"","overlay-color":"","overlay-gradient":""}},"ast-content-background-meta":{"desktop":{"background-color":"var(--ast-global-color-5)","background-image":"","background-repeat":"repeat","background-position":"center center","background-size":"auto","background-attachment":"scroll","background-type":"","background-media":"","overlay-type":"","overlay-color":"","overlay-gradient":""},"tablet":{"background-color":"var(--ast-global-color-5)","background-image":"","background-repeat":"repeat","background-position":"center center","background-size":"auto","background-attachment":"scroll","background-type":"","background-media":"","overlay-type":"","overlay-color":"","overlay-gradient":""},"mobile":{"background-color":"var(--ast-global-color-5)","background-image":"","background-repeat":"repeat","background-position":"center center","background-size":"auto","background-attachment":"scroll","background-type":"","background-media":"","overlay-type":"","overlay-color":"","overlay-gradient":""}}},"product_cat":[36],"product_tag":[],"class_list":{"0":"post-1204","1":"product","2":"type-product","3":"status-publish","4":"has-post-thumbnail","6":"product_cat-metal-clad-withdrawable-switchgear","7":"desktop-align-left","8":"tablet-align-left","9":"mobile-align-left","11":"first","12":"instock","13":"shipping-taxable","14":"product-type-simple"},"_links":{"self":[{"href":"https:\/\/www.xminsulation.com\/tr\/wp-json\/wp\/v2\/product\/1204","targetHints":{"allow":["GET"]}}],"collection":[{"href":"https:\/\/www.xminsulation.com\/tr\/wp-json\/wp\/v2\/product"}],"about":[{"href":"https:\/\/www.xminsulation.com\/tr\/wp-json\/wp\/v2\/types\/product"}],"wp:featuredmedia":[{"embeddable":true,"href":"https:\/\/www.xminsulation.com\/tr\/wp-json\/wp\/v2\/media\/1205"}],"wp:attachment":[{"href":"https:\/\/www.xminsulation.com\/tr\/wp-json\/wp\/v2\/media?parent=1204"}],"wp:term":[{"taxonomy":"product_cat","embeddable":true,"href":"https:\/\/www.xminsulation.com\/tr\/wp-json\/wp\/v2\/product_cat?post=1204"},{"taxonomy":"product_tag","embeddable":true,"href":"https:\/\/www.xminsulation.com\/tr\/wp-json\/wp\/v2\/product_tag?post=1204"}],"curies":[{"name":"wp","href":"https:\/\/api.w.org\/{rel}","templated":true}]}}