{"id":1194,"date":"2024-05-07T10:03:39","date_gmt":"2024-05-07T02:03:39","guid":{"rendered":"http:\/\/www.xminsulation.com\/?post_type=product&#038;p=1194"},"modified":"2024-05-15T16:38:00","modified_gmt":"2024-05-15T08:38:00","slug":"kyn550-12kv-metal-clad-withdrawable-switchgear","status":"publish","type":"product","link":"https:\/\/www.xminsulation.com\/tr\/product\/kyn550-12kv-metal-clad-withdrawable-switchgear\/","title":{"rendered":"KYN550-12kV Metal Kaplamal\u0131 \u00c7ekmeceli \u015ealt Cihazlar\u0131"},"content":{"rendered":"<p><img fetchpriority=\"high\" decoding=\"async\" class=\"alignnone wp-image-1196 size-full\" src=\"http:\/\/www.xminsulation.com\/wp-content\/uploads\/2024\/05\/\u56fe\u724758-2.png\" alt=\"\" width=\"1000\" height=\"1000\" srcset=\"https:\/\/www.xminsulation.com\/wp-content\/uploads\/2024\/05\/\u56fe\u724758-2.png 1000w, https:\/\/www.xminsulation.com\/wp-content\/uploads\/2024\/05\/\u56fe\u724758-2-300x300.png 300w, https:\/\/www.xminsulation.com\/wp-content\/uploads\/2024\/05\/\u56fe\u724758-2-150x150.png 150w, https:\/\/www.xminsulation.com\/wp-content\/uploads\/2024\/05\/\u56fe\u724758-2-768x768.png 768w, https:\/\/www.xminsulation.com\/wp-content\/uploads\/2024\/05\/\u56fe\u724758-2-600x600.png 600w, https:\/\/www.xminsulation.com\/wp-content\/uploads\/2024\/05\/\u56fe\u724758-2-100x100.png 100w\" sizes=\"(max-width: 1000px) 100vw, 1000px\" \/><\/p>\n<h2><strong><b>Ana <\/b><\/strong><strong><b>H<\/b><\/strong><strong><b>\u0131\u015f\u0131klar<\/b><\/strong><\/h2>\n<ol>\n<li>Dairesel ana bara, y\u00fcksek mekanik dayan\u0131m, d\u00fczg\u00fcn elektrik alan da\u011f\u0131l\u0131m\u0131 ve 15-20u\u03a9 kadar d\u00fc\u015f\u00fck diren\u00e7 gibi bir\u00e7ok avantaja sahiptir.<\/li>\n<li>Mod\u00fcler vakum devre kesici, m\u00fckemmel yal\u0131t\u0131m performans\u0131na, az say\u0131da par\u00e7aya, 30.000 kat mekanik \u00f6mre ve m\u00fckemmel performansa sahip entegre F tipi tasar\u0131ma sahiptir.<\/li>\n<li>\u00c7ekmeceli mod\u00fcler ak\u0131m trafosunun U-\u015feklindeki entegre tasar\u0131m\u0131 b\u00fcy\u00fck ka\u00e7ak mesafesine sahip olup, g\u00fc\u00e7 frekans\u0131 dayan\u0131m gerilimi 4,5kV&#039;a (topra\u011fa) kadar \u00e7\u0131kabilmektedir.<\/li>\n<li>\u00c7ekmeli mod\u00fcler topraklama anahtar\u0131 basit bir yap\u0131ya, emek tasarrufu sa\u011flayan bir \u00e7al\u0131\u015fmaya ve kolay bir montaja sahiptir.<\/li>\n<li>Tam ya\u015fam d\u00f6ng\u00fcs\u00fc y\u00f6netimi Tam ya\u015fam d\u00f6ng\u00fcs\u00fc y\u00f6netimi, \u00fcr\u00fcn malzemeleri geri d\u00f6n\u00fc\u015ft\u00fcr\u00fclebilir, ye\u015fil ve d\u00fc\u015f\u00fck karbonludur.<\/li>\n<\/ol>\n<p><img decoding=\"async\" class=\"alignnone wp-image-1197 size-full\" src=\"http:\/\/www.xminsulation.com\/wp-content\/uploads\/2024\/05\/\u56fe\u724759.jpg\" alt=\"\" width=\"1000\" height=\"533\" srcset=\"https:\/\/www.xminsulation.com\/wp-content\/uploads\/2024\/05\/\u56fe\u724759.jpg 1000w, https:\/\/www.xminsulation.com\/wp-content\/uploads\/2024\/05\/\u56fe\u724759-300x160.jpg 300w, https:\/\/www.xminsulation.com\/wp-content\/uploads\/2024\/05\/\u56fe\u724759-768x409.jpg 768w, https:\/\/www.xminsulation.com\/wp-content\/uploads\/2024\/05\/\u56fe\u724759-600x320.jpg 600w\" sizes=\"(max-width: 1000px) 100vw, 1000px\" \/><\/p>\n<h2><strong><b>Tasar\u0131m ilkeleri<\/b><\/strong><\/h2>\n<p>&nbsp;<\/p>\n<h2><strong><b>\u0130nsanla\u015ft\u0131r\u0131lm\u0131\u015f <\/b><\/strong><strong><b>D<\/b><\/strong><strong><b>tasar\u0131m<\/b><\/strong><\/h2>\n<ol>\n<li>D\u00f6ner a\u00e7\u0131l\u0131ml\u0131 kap\u0131 kilidi, kap\u0131n\u0131n kolay a\u00e7\u0131lmas\u0131n\u0131 ve g\u00fc\u00e7l\u00fc bir \u015fekilde kilitlenmesini sa\u011flar.<\/li>\n<li>Kulplu kap\u0131 kilidi tasar\u0131m\u0131 daha kullan\u0131\u015fl\u0131, daha g\u00fczel ve daha g\u00fcvenlidir.<\/li>\n<li>T\u00fcm panel bile\u015fenleri ergonomik prensiplere uygun olarak d\u00fczenlenmi\u015ftir ve t\u00fcm kullan\u0131m talimatlar\u0131nda insanc\u0131l y\u00f6nlendirmeler yer almaktad\u0131r.<\/li>\n<li>\u015ealt dolab\u0131 do\u011fal havaland\u0131rma prensibini benimser ve giri\u015f ve \u00e7\u0131k\u0131\u015f havaland\u0131rma deliklerinin boyutu ve y\u00fcksekli\u011fi, \u015falter dolab\u0131n\u0131n i\u00e7indeki s\u0131cakl\u0131k art\u0131\u015f\u0131n\u0131n kontrol edilebilir bir aral\u0131kta olmas\u0131n\u0131 sa\u011flamak i\u00e7in dikkatlice tasarlanm\u0131\u015ft\u0131r.<\/li>\n<li>\u015ealter dolab\u0131n\u0131n arka kapa\u011f\u0131n\u0131 a\u00e7arak kablolar\u0131 yerle\u015ftirebilirsiniz.<\/li>\n<li>\u00c7e\u015fitli ortak \u00f6zelliklerdeki birden fazla kabloyu ba\u011flamak i\u00e7in uygun olan geleneksel kablo ba\u015fl\u0131klar\u0131 kullan\u0131labilir.<\/li>\n<li>Panel, ana devre dinamik sim\u00fclasyonunu kurar ve \u00e7e\u015fitli bile\u015fenlerin konum durumlar\u0131n\u0131 g\u00f6rselle\u015ftirir.<\/li>\n<li>Yerinde kurulum ve kabin montaj s\u00fcreci basittir ve \u00f6zel bir alet gerektirmez. Sistem her iki tarafa da geni\u015fletilebilir ve ayr\u0131ca KYN28 kabin serisi ile geni\u015fletilebilir ve birle\u015ftirilebilir.<\/li>\n<li>Tam ya\u015fam d\u00f6ng\u00fcs\u00fc y\u00f6netimi, s\u0131f\u0131r emisyon, s\u0131f\u0131r kirlilik, ye\u015fil ve \u00e7evre dostu, 25 y\u0131la kadar hizmet \u00f6mr\u00fc.<\/li>\n<\/ol>\n<h2><strong><b>Zeki <\/b><\/strong><strong><b>D<\/b><\/strong><strong><b>tasar\u0131m<\/b><\/strong><\/h2>\n<p>KYN550-12 z\u0131rhl\u0131 metal mahfazal\u0131 \u015falt cihazlar\u0131n\u0131n ak\u0131ll\u0131 kontrol\u00fc, devre kesiciler ve kontaklar dahil olmak \u00fczere ekipmanlar\u0131n\u0131n \u00e7evrimi\u00e7i tespitini ve ar\u0131za te\u015fhisini ger\u00e7ekle\u015ftirebilir.<\/p>\n<p>Ayr\u0131ca ar\u0131za alarmlar\u0131 sa\u011flayabilir ve fanlar ve \u0131s\u0131t\u0131c\u0131lar gibi yard\u0131mc\u0131 ekipmanlar\u0131 otomatik olarak a\u00e7\u0131p kapatabilir. Ayr\u0131ca, y\u00fcksek voltajl\u0131 devre kesicinin a\u00e7\u0131l\u0131p kapanmas\u0131n\u0131, \u00e7al\u0131\u015fma pozisyonu ile test pozisyonu aras\u0131nda ge\u00e7i\u015f yapmay\u0131, topraklama anahtar\u0131n\u0131n a\u00e7\u0131l\u0131p kapanma i\u015flemini vb. uzaktan ger\u00e7ekle\u015ftirebilen mikrobilgisayar uzaktan ileti\u015fim i\u015flevine sahiptir. Ak\u0131ll\u0131 dokunmatik kontrol, ger\u00e7ek zamanl\u0131 veri \u00e7evrimi\u00e7i g\u00f6r\u00fcnt\u00fcleme ve risk uyar\u0131s\u0131 \u00f6zelliklerine sahiptir.<\/p>\n<p><img decoding=\"async\" class=\"alignnone wp-image-1198 size-full\" src=\"http:\/\/www.xminsulation.com\/wp-content\/uploads\/2024\/05\/\u56fe\u724760.jpg\" alt=\"\" width=\"1000\" height=\"1000\" srcset=\"https:\/\/www.xminsulation.com\/wp-content\/uploads\/2024\/05\/\u56fe\u724760.jpg 1000w, https:\/\/www.xminsulation.com\/wp-content\/uploads\/2024\/05\/\u56fe\u724760-300x300.jpg 300w, https:\/\/www.xminsulation.com\/wp-content\/uploads\/2024\/05\/\u56fe\u724760-150x150.jpg 150w, https:\/\/www.xminsulation.com\/wp-content\/uploads\/2024\/05\/\u56fe\u724760-768x768.jpg 768w, https:\/\/www.xminsulation.com\/wp-content\/uploads\/2024\/05\/\u56fe\u724760-600x600.jpg 600w, https:\/\/www.xminsulation.com\/wp-content\/uploads\/2024\/05\/\u56fe\u724760-100x100.jpg 100w\" sizes=\"(max-width: 1000px) 100vw, 1000px\" \/><\/p>\n<h2><strong><b>Emniyet <\/b><\/strong><strong><b>P<\/b><\/strong><strong><b>performans <\/b><\/strong><strong><b>D<\/b><\/strong><strong><b>tasar\u0131m<\/b><\/strong><\/h2>\n<ol>\n<li>Metal z\u0131rh ve tamamen kapal\u0131 yap\u0131, kir ve k\u00fc\u00e7\u00fck hayvanlar\u0131n i\u00e7eri girmesini engeller.<\/li>\n<li>Kabin y\u00fcksek mukavemetli per\u00e7inleme teknolojisini benimsemi\u015ftir ve her bir bile\u015fenin montaj\u0131nda kullan\u0131lan y\u00fcksek mukavemetli standart par\u00e7alar, u\u00e7 bo\u015falmas\u0131n\u0131 \u00f6nlemek i\u00e7in 10.9 seviyeli yar\u0131m dairesel kafalard\u0131r.<\/li>\n<li>Daha iyi \u0131s\u0131 direnci, yal\u0131t\u0131m ve korozyon direncine sahip kompozit yal\u0131t\u0131m yap\u0131s\u0131n\u0131 benimser. S\u00fcrekli g\u00fc\u00e7 kayna\u011f\u0131 g\u00fcvenilirdir ve ekipman\u0131n \u00e7al\u0131\u015fmas\u0131n\u0131 sa\u011flar.<\/li>\n<li>Operat\u00f6rlerin ki\u015fisel g\u00fcvenli\u011fini sa\u011flamak amac\u0131yla zorunlu kapatma i\u015flemi.<\/li>\n<li>G\u00fcvenilir ve kapsaml\u0131 kilitleme cihaz\u0131 hatal\u0131 \u00e7al\u0131\u015fmay\u0131 etkili bir \u015fekilde \u00f6nler.<\/li>\n<li>H\u0131zl\u0131 kapanan topraklama anahtar\u0131, bak\u0131m ve muayeneyi kolayla\u015ft\u0131rmak i\u00e7in kablo taraf\u0131nda topraklama yapmak amac\u0131yla kullan\u0131l\u0131r.<\/li>\n<li>K\u00fc\u00e7\u00fck boyut ve hafif a\u011f\u0131rl\u0131k. Kabinin yakla\u015f\u0131k a\u011f\u0131rl\u0131\u011f\u0131: KYN28\/458Kg&gt;KYN550\/420Kg, devre kesicinin a\u011f\u0131rl\u0131\u011f\u0131: KYN28\/135Kg&gt;KYN550\/95Kg.<\/li>\n<li>Creepage mesafesi daha b\u00fcy\u00fckt\u00fcr ve g\u00fcvenlik performans\u0131 daha iyidir. Creepage mesafesi: KYN28\/180mm<\/li>\n<li>Uzun hizmet \u00f6mr\u00fc ve daha iyi performans. T\u00fcm kabinin devre direnci: KYN28\/\u2264150u\u03a9&gt;KYN550\/\u226495u\u03a9, ekipman\u0131n hizmet \u00f6mr\u00fc: KYN28\/20 y\u0131l<\/li>\n<li>Yayg\u0131n olarak uygulanabilir ortam. D\u00fc\u015f\u00fck s\u0131cakl\u0131k ortam\u0131: KYN28\/-15\u2103<\/li>\n<\/ol>\n<p><img loading=\"lazy\" decoding=\"async\" class=\"alignnone wp-image-1199 size-full\" src=\"http:\/\/www.xminsulation.com\/wp-content\/uploads\/2024\/05\/\u56fe\u724761.jpg\" alt=\"\" width=\"1000\" height=\"1000\" srcset=\"https:\/\/www.xminsulation.com\/wp-content\/uploads\/2024\/05\/\u56fe\u724761.jpg 1000w, https:\/\/www.xminsulation.com\/wp-content\/uploads\/2024\/05\/\u56fe\u724761-300x300.jpg 300w, https:\/\/www.xminsulation.com\/wp-content\/uploads\/2024\/05\/\u56fe\u724761-150x150.jpg 150w, https:\/\/www.xminsulation.com\/wp-content\/uploads\/2024\/05\/\u56fe\u724761-768x768.jpg 768w, https:\/\/www.xminsulation.com\/wp-content\/uploads\/2024\/05\/\u56fe\u724761-600x600.jpg 600w, https:\/\/www.xminsulation.com\/wp-content\/uploads\/2024\/05\/\u56fe\u724761-100x100.jpg 100w\" sizes=\"(max-width: 1000px) 100vw, 1000px\" \/> <img loading=\"lazy\" decoding=\"async\" class=\"alignnone wp-image-1200 size-full\" src=\"http:\/\/www.xminsulation.com\/wp-content\/uploads\/2024\/05\/\u56fe\u724762.png\" alt=\"\" width=\"1000\" height=\"545\" srcset=\"https:\/\/www.xminsulation.com\/wp-content\/uploads\/2024\/05\/\u56fe\u724762.png 1000w, https:\/\/www.xminsulation.com\/wp-content\/uploads\/2024\/05\/\u56fe\u724762-300x164.png 300w, https:\/\/www.xminsulation.com\/wp-content\/uploads\/2024\/05\/\u56fe\u724762-768x419.png 768w, https:\/\/www.xminsulation.com\/wp-content\/uploads\/2024\/05\/\u56fe\u724762-600x327.png 600w\" sizes=\"(max-width: 1000px) 100vw, 1000px\" \/><\/p>\n<h2><strong><b>Kullanmak <\/b><\/strong><strong><b>C<\/b><\/strong><strong><b>ko\u015fullu <\/b><\/strong><strong><b>e<\/b><\/strong><strong><b>\u00e7evre<\/b><\/strong><\/h2>\n<ol>\n<li>Hava s\u0131cakl\u0131\u011f\u0131: minimum s\u0131cakl\u0131k -15\u2103, maksimum s\u0131cakl\u0131k +40\u2103, 24 saatlik ortalama s\u0131cakl\u0131k +35\u2103.<\/li>\n<li>Rak\u0131m: 2000m.<\/li>\n<li>Nem (ba\u011f\u0131l nem), g\u00fcnl\u00fck ortalama \u226495%, ayl\u0131k ortalama \u226490%.<\/li>\n<\/ol>\n<h2><strong><b>Kurulum ve <\/b><\/strong><strong><b>C<\/b><\/strong><strong><b>devre d\u0131\u015f\u0131 b\u0131rakma<\/b><\/strong><\/h2>\n<p>\u015ealt dolaplar\u0131n\u0131n montaj temel yap\u0131s\u0131, \u201cElektrik Enerjisi Yap\u0131m ve Kabul Teknik \u015eartnamesi\u201dnin ilgili h\u00fck\u00fcmlerine uygun olmal\u0131d\u0131r. \u015ealt dolab\u0131n\u0131n montaj temel yap\u0131s\u0131 genellikle ikincil beton d\u00f6k\u00fcm\u00fc gerektirir. \u0130lk kez, \u015falt dolab\u0131 montaj bile\u015fenlerinin, yani a\u00e7\u0131l\u0131 \u00e7elik, kare \u00e7elik veya kanal \u00e7elik bile\u015fenlerinin montaj temeli olu\u015fturulur. \u0130kinci kez beton d\u00f6k\u00fcl\u00fcrken, zemindeki ek katman genellikle 60 mm kal\u0131nl\u0131\u011f\u0131ndad\u0131r. Ek beton katman\u0131 d\u00f6k\u00fcl\u00fcrken, betonun y\u00fcksekli\u011fi bile\u015fen d\u00fczleminden 1 ~ 3 mm daha d\u00fc\u015f\u00fck olmal\u0131d\u0131r. \u0130n\u015faat s\u0131ras\u0131nda, \u015falt dolab\u0131n\u0131n temel kotu, temel dolab\u0131n\u0131n kanal \u00e7eli\u011finin y\u00fcksekli\u011fini hafif bir marjla ay\u0131rmay\u0131 ve \u00e7er\u00e7evenin uzunlamas\u0131na y\u00f6n\u00fc boyunca 1 ila 1,5 metre aral\u0131klarla \u015falt dolab\u0131na \u00f6nceden \u00e7elik plakalar\u0131 g\u00f6mmeyi d\u00fc\u015f\u00fcnmelidir.<\/p>\n<p>Temel yap\u0131y\u0131 kurarken, kurulum kalitesi sa\u011flanmal\u0131d\u0131r. Yap\u0131n\u0131n kurulumu i\u00e7in teknik standart, metrekare ba\u015f\u0131na 1 mm toleranst\u0131r. Temel \u00e7er\u00e7eve, kaynakl\u0131 kanal \u00e7eli\u011fi ve a\u00e7\u0131l\u0131 \u00e7elikten olu\u015fur. \u00c7er\u00e7evenin temel boyut gereksinimleri ve kablo kanal\u0131 d\u00fczeni ekteki \u00e7izimde g\u00f6sterilmi\u015ftir. Temel \u00e7er\u00e7evenin kanal \u00e7eli\u011finin uzatma mesafesi, \u015falt dolab\u0131 g\u00f6vde \u00e7er\u00e7evesinin boyutuyla tutarl\u0131 olmal\u0131d\u0131r. Kabinler tek s\u0131ra halinde d\u00fczenlendi\u011finde, kabinin \u00f6n\u00fcndeki koridor tercihen 2,5 metredir; kabinler \u00e7ift s\u0131ra halinde d\u00fczenlendi\u011finde, kabinler aras\u0131ndaki \u00e7al\u0131\u015fma koridoru tercihen 3 metredir.<\/p>\n<p>\u015ealter dolaplar\u0131n\u0131n ta\u015f\u0131nmas\u0131 s\u0131ras\u0131nda vin\u00e7 veya forklift gibi belirli ta\u015f\u0131ma ara\u00e7lar\u0131 kullan\u0131lmal\u0131d\u0131r. Makaral\u0131 levye kullanmak kesinlikle yasakt\u0131r ve devre kesici el arabas\u0131n\u0131 kabine itmek ve birlikte ta\u015f\u0131mak kesinlikle yasakt\u0131r. Devre kesici el arabas\u0131 (ve di\u011fer el arabalar\u0131) yaln\u0131zca kabin kurulduktan sonra ilgili k\u00fc\u00e7\u00fck odaya itilebilir.<\/p>\n<p><img loading=\"lazy\" decoding=\"async\" class=\"alignnone wp-image-1201 size-full\" src=\"http:\/\/www.xminsulation.com\/wp-content\/uploads\/2024\/05\/\u56fe\u724763-1.png\" alt=\"\" width=\"640\" height=\"825\" srcset=\"https:\/\/www.xminsulation.com\/wp-content\/uploads\/2024\/05\/\u56fe\u724763-1.png 640w, https:\/\/www.xminsulation.com\/wp-content\/uploads\/2024\/05\/\u56fe\u724763-1-233x300.png 233w, https:\/\/www.xminsulation.com\/wp-content\/uploads\/2024\/05\/\u56fe\u724763-1-600x773.png 600w\" sizes=\"(max-width: 640px) 100vw, 640px\" \/><\/p>\n<h2><strong><b>\u0130n\u015faat Temel \u00c7izimi<\/b><\/strong><\/h2>\n<p><img loading=\"lazy\" decoding=\"async\" class=\"alignnone wp-image-1202 size-full\" src=\"http:\/\/www.xminsulation.com\/wp-content\/uploads\/2024\/05\/\u56fe\u724764-1.png\" alt=\"\" width=\"1000\" height=\"833\" srcset=\"https:\/\/www.xminsulation.com\/wp-content\/uploads\/2024\/05\/\u56fe\u724764-1.png 1000w, https:\/\/www.xminsulation.com\/wp-content\/uploads\/2024\/05\/\u56fe\u724764-1-300x250.png 300w, https:\/\/www.xminsulation.com\/wp-content\/uploads\/2024\/05\/\u56fe\u724764-1-768x640.png 768w, https:\/\/www.xminsulation.com\/wp-content\/uploads\/2024\/05\/\u56fe\u724764-1-600x500.png 600w\" sizes=\"(max-width: 1000px) 100vw, 1000px\" \/> <img loading=\"lazy\" decoding=\"async\" class=\"alignnone wp-image-1203 size-full\" src=\"http:\/\/www.xminsulation.com\/wp-content\/uploads\/2024\/05\/\u56fe\u724765-1.png\" alt=\"\" width=\"1000\" height=\"550\" srcset=\"https:\/\/www.xminsulation.com\/wp-content\/uploads\/2024\/05\/\u56fe\u724765-1.png 1000w, https:\/\/www.xminsulation.com\/wp-content\/uploads\/2024\/05\/\u56fe\u724765-1-300x165.png 300w, https:\/\/www.xminsulation.com\/wp-content\/uploads\/2024\/05\/\u56fe\u724765-1-768x422.png 768w, https:\/\/www.xminsulation.com\/wp-content\/uploads\/2024\/05\/\u56fe\u724765-1-600x330.png 600w\" sizes=\"(max-width: 1000px) 100vw, 1000px\" \/><\/p>\n<p>&nbsp;<\/p>\n<p>&nbsp;<\/p>\n<div class=\"wxts\">\n<h2>\u25c6\u00d6zel \u00d6zelle\u015ftirme<\/h2>\n<p>Yukar\u0131daki parametreler tipik verilerdir; Mevcut stiller \u00f6zel taleplerinizi kar\u015f\u0131lam\u0131yorsa, l\u00fctfen \u00f6zel bir tasar\u0131m i\u00e7in bizimle ileti\u015fime ge\u00e7in. Ki\u015fiselle\u015ftirilmi\u015f ki\u015fiselle\u015ftirme geli\u015ftirme ve \u00fcretim becerilerimiz, d\u00fcnyan\u0131n her yerindeki m\u00fc\u015fterilerimize \u00f6zel \u00e7\u00f6z\u00fcmler sunmam\u0131za olanak tan\u0131yor.<\/p>\n<\/div>\n<p>&nbsp;<\/p>","protected":false},"excerpt":{"rendered":"<p>Main Highlights The circular main busbar has many advantages such as high mechanical strength, uniform electric field distribution, and resistance as low as 15-20u\u03a9. The modular vacuum circuit breaker is an integrated F-type design with excellent insulation performance, few parts, a mechanical life of 30,000 times, and excellent performance. The U-shaped integrated design of the [&hellip;]<\/p>","protected":false},"featured_media":1195,"template":"","meta":{"site-sidebar-layout":"default","site-content-layout":"","ast-site-content-layout":"default","site-content-style":"default","site-sidebar-style":"default","ast-global-header-display":"","ast-banner-title-visibility":"","ast-main-header-display":"","ast-hfb-above-header-display":"","ast-hfb-below-header-display":"","ast-hfb-mobile-header-display":"","site-post-title":"","ast-breadcrumbs-content":"","ast-featured-img":"","footer-sml-layout":"","theme-transparent-header-meta":"default","adv-header-id-meta":"","stick-header-meta":"","header-above-stick-meta":"","header-main-stick-meta":"","header-below-stick-meta":"","astra-migrate-meta-layouts":"set","ast-page-background-enabled":"default","ast-page-background-meta":{"desktop":{"background-color":"","background-image":"","background-repeat":"repeat","background-position":"center center","background-size":"auto","background-attachment":"scroll","background-type":"","background-media":"","overlay-type":"","overlay-color":"","overlay-gradient":""},"tablet":{"background-color":"","background-image":"","background-repeat":"repeat","background-position":"center center","background-size":"auto","background-attachment":"scroll","background-type":"","background-media":"","overlay-type":"","overlay-color":"","overlay-gradient":""},"mobile":{"background-color":"","background-image":"","background-repeat":"repeat","background-position":"center center","background-size":"auto","background-attachment":"scroll","background-type":"","background-media":"","overlay-type":"","overlay-color":"","overlay-gradient":""}},"ast-content-background-meta":{"desktop":{"background-color":"var(--ast-global-color-5)","background-image":"","background-repeat":"repeat","background-position":"center center","background-size":"auto","background-attachment":"scroll","background-type":"","background-media":"","overlay-type":"","overlay-color":"","overlay-gradient":""},"tablet":{"background-color":"var(--ast-global-color-5)","background-image":"","background-repeat":"repeat","background-position":"center center","background-size":"auto","background-attachment":"scroll","background-type":"","background-media":"","overlay-type":"","overlay-color":"","overlay-gradient":""},"mobile":{"background-color":"var(--ast-global-color-5)","background-image":"","background-repeat":"repeat","background-position":"center center","background-size":"auto","background-attachment":"scroll","background-type":"","background-media":"","overlay-type":"","overlay-color":"","overlay-gradient":""}}},"product_cat":[36],"product_tag":[],"class_list":{"0":"post-1194","1":"product","2":"type-product","3":"status-publish","4":"has-post-thumbnail","6":"product_cat-metal-clad-withdrawable-switchgear","7":"desktop-align-left","8":"tablet-align-left","9":"mobile-align-left","11":"first","12":"instock","13":"shipping-taxable","14":"product-type-simple"},"_links":{"self":[{"href":"https:\/\/www.xminsulation.com\/tr\/wp-json\/wp\/v2\/product\/1194","targetHints":{"allow":["GET"]}}],"collection":[{"href":"https:\/\/www.xminsulation.com\/tr\/wp-json\/wp\/v2\/product"}],"about":[{"href":"https:\/\/www.xminsulation.com\/tr\/wp-json\/wp\/v2\/types\/product"}],"wp:featuredmedia":[{"embeddable":true,"href":"https:\/\/www.xminsulation.com\/tr\/wp-json\/wp\/v2\/media\/1195"}],"wp:attachment":[{"href":"https:\/\/www.xminsulation.com\/tr\/wp-json\/wp\/v2\/media?parent=1194"}],"wp:term":[{"taxonomy":"product_cat","embeddable":true,"href":"https:\/\/www.xminsulation.com\/tr\/wp-json\/wp\/v2\/product_cat?post=1194"},{"taxonomy":"product_tag","embeddable":true,"href":"https:\/\/www.xminsulation.com\/tr\/wp-json\/wp\/v2\/product_tag?post=1194"}],"curies":[{"name":"wp","href":"https:\/\/api.w.org\/{rel}","templated":true}]}}