{"id":1184,"date":"2024-05-07T09:54:08","date_gmt":"2024-05-07T01:54:08","guid":{"rendered":"http:\/\/www.xminsulation.com\/?post_type=product&#038;p=1184"},"modified":"2024-05-15T16:39:01","modified_gmt":"2024-05-15T08:39:01","slug":"zw32-12kv-intelligent-outdoor-pole-mounted-vacuum-circuit-breaker-2","status":"publish","type":"product","link":"https:\/\/www.xminsulation.com\/tr\/product\/zw32-12kv-intelligent-outdoor-pole-mounted-vacuum-circuit-breaker-2\/","title":{"rendered":"ZW32-12kV Ak\u0131ll\u0131 D\u0131\u015f Mekan Direk \u00dcst\u00fc Vakumlu Devre Kesici"},"content":{"rendered":"<p><img fetchpriority=\"high\" decoding=\"async\" class=\"alignnone wp-image-1186 size-full\" src=\"http:\/\/www.xminsulation.com\/wp-content\/uploads\/2024\/05\/\u56fe\u724750-1.jpg\" alt=\"\" width=\"743\" height=\"743\" srcset=\"https:\/\/www.xminsulation.com\/wp-content\/uploads\/2024\/05\/\u56fe\u724750-1.jpg 743w, https:\/\/www.xminsulation.com\/wp-content\/uploads\/2024\/05\/\u56fe\u724750-1-300x300.jpg 300w, https:\/\/www.xminsulation.com\/wp-content\/uploads\/2024\/05\/\u56fe\u724750-1-150x150.jpg 150w, https:\/\/www.xminsulation.com\/wp-content\/uploads\/2024\/05\/\u56fe\u724750-1-600x600.jpg 600w, https:\/\/www.xminsulation.com\/wp-content\/uploads\/2024\/05\/\u56fe\u724750-1-100x100.jpg 100w\" sizes=\"(max-width: 743px) 100vw, 743px\" \/> <img decoding=\"async\" class=\"alignnone wp-image-1187 size-full\" src=\"http:\/\/www.xminsulation.com\/wp-content\/uploads\/2024\/05\/\u56fe\u724751-1.png\" alt=\"\" width=\"1000\" height=\"882\" srcset=\"https:\/\/www.xminsulation.com\/wp-content\/uploads\/2024\/05\/\u56fe\u724751-1.png 1000w, https:\/\/www.xminsulation.com\/wp-content\/uploads\/2024\/05\/\u56fe\u724751-1-300x265.png 300w, https:\/\/www.xminsulation.com\/wp-content\/uploads\/2024\/05\/\u56fe\u724751-1-768x677.png 768w, https:\/\/www.xminsulation.com\/wp-content\/uploads\/2024\/05\/\u56fe\u724751-1-600x529.png 600w\" sizes=\"(max-width: 1000px) 100vw, 1000px\" \/><\/p>\n<p>&nbsp;<\/p>\n<h2><strong><b>\u00dcr\u00fcn A\u00e7\u0131klamas\u0131<\/b><\/strong><\/h2>\n<p>ZW32-12kV primer ve sekonder entegre d\u0131\u015f mekan direk \u00fcst\u00fc vakumlu devre kesici, anma gerilimi 12kV, \u00fc\u00e7 fazl\u0131 AC 50Hz\/60Hz d\u0131\u015f mekan primer anahtarlama ekipman\u0131, esas olarak g\u00fc\u00e7 sistemindeki y\u00fck ak\u0131m\u0131n\u0131, a\u015f\u0131r\u0131 y\u00fck ak\u0131m\u0131n\u0131 ve k\u0131sa devre ak\u0131m\u0131n\u0131 kesmek ve kapatmak i\u00e7in kullan\u0131l\u0131r. Trafo merkezlerinin, end\u00fcstriyel ve maden i\u015fletmelerinin g\u00fc\u00e7 da\u011f\u0131t\u0131m sistemlerinde koruma ve kontrol i\u00e7in uygundur ve k\u0131rsal elektrik \u015febekeleri ve s\u0131k \u00e7al\u0131\u015fan yerler i\u00e7in daha uygundur.<\/p>\n<p>Bu \u00fcr\u00fcn, da\u011f\u0131t\u0131m otomasyon sisteminin gereksinimlerini kar\u015f\u0131lamak i\u00e7in kontrol cihaz\u0131yla e\u015fle\u015ftirilmi\u015ftir ve geleneksel tekrar kapatma i\u015flevini g\u00fcvenilir ve etkili bir \u015fekilde tamamlayabilir.<\/p>\n<h2><strong><b>\u00dcr\u00fcn Yap\u0131s\u0131<\/b><\/strong><\/h2>\n<ol>\n<li>\u00dc\u00e7 fazl\u0131 ayr\u0131lm\u0131\u015f bir s\u00fctun yap\u0131s\u0131 benimseyin ve \u00fc\u00e7 fazl\u0131 birincil devreyi her faz\u0131n yal\u0131t\u0131m k\u0131l\u0131f\u0131na tak\u0131n. Tek fazl\u0131 bir ar\u0131za meydana geldi\u011finde, \u00fc\u00e7 fazl\u0131 bir k\u0131sa devreye neden olmaz.<\/li>\n<li>Yeni minyat\u00fcr vakumlu ark s\u00f6nd\u00fcrme odas\u0131, seramik kabuk, bak\u0131r-krom kontaklar ve uzunlamas\u0131na manyetik alan ark s\u00f6nd\u00fcrme y\u00f6ntemi kullan\u0131larak, k\u0131r\u0131lma performans\u0131 istikrarl\u0131 ve g\u00fcvenilirdir, kontaklar \u00e7ok az a\u015f\u0131n\u0131r ve yanma veya patlama tehlikesi yoktur.<\/li>\n<li>Vakum ark s\u00f6nd\u00fcrme haznesi izolasyon k\u0131l\u0131f\u0131 i\u00e7erisine yerle\u015ftirilmi\u015f olup, izolasyon k\u0131l\u0131f\u0131 i\u00e7erisindeki vakum ark s\u00f6nd\u00fcrme haznesinin tamam\u0131 silikon kau\u00e7uk k\u0131l\u0131f ile s\u0131zd\u0131rmaz hale getirilmi\u015f olup, bu sayede yo\u011fu\u015fmadan kaynaklanan k\u0131sa devre ar\u0131zalar\u0131 ortadan kald\u0131r\u0131lm\u0131\u015f ve 20 y\u0131l boyunca bak\u0131m gerektirmemi\u015ftir.<\/li>\n<li>Yal\u0131t\u0131m silindiri d\u0131\u015f mekan epoksi re\u00e7ine malzemesinden veya silikon kau\u00e7uk malzemeden yap\u0131lm\u0131\u015ft\u0131r. \u0130yi hidrofobisite ve kirlilik \u00f6nleme yetene\u011fine sahiptir ve zorlu d\u0131\u015f mekan ortamlar\u0131nda kullan\u0131labilir.<\/li>\n<li>\u00c7al\u0131\u015fma mekanizmas\u0131, kal\u0131c\u0131 m\u0131knat\u0131sl\u0131 veya yayl\u0131 bir \u00e7al\u0131\u015fma mekanizmas\u0131 kullanabilir. Kal\u0131c\u0131 m\u0131knat\u0131s mekanizmas\u0131 k\u00fc\u00e7\u00fck boyutlu, g\u00fcvenilir performansl\u0131 ve 10.000 kattan fazla mekanik \u00f6mre sahiptir.<\/li>\n<li>Tamamen kapal\u0131 bir yap\u0131 benimser ve \u00e7al\u0131\u015fma mekanizmas\u0131 kutuya monte edilir. \u0130yi bir s\u0131zd\u0131rmazl\u0131k performans\u0131na sahiptir ve nem ge\u00e7irmez ve pas ge\u00e7irmez performans\u0131 art\u0131r\u0131r. Kutuda transformat\u00f6r ya\u011f\u0131 veya k\u00fck\u00fcrt heksaflor\u00fcr gaz\u0131 yoktur, bu da ya\u011fs\u0131z d\u00f6n\u00fc\u015f\u00fcm ve \u00e7evre koruma gereksinimlerini kar\u015f\u0131lar.<\/li>\n<li>Kutunun y\u00fczeyi, m\u00fckemmel korozyon direncine sahip olan geli\u015fmi\u015f Dacromet kaplama i\u015flemi veya paslanmaz \u00e7elik malzemeden yap\u0131lm\u0131\u015ft\u0131r.<\/li>\n<li>Devre kesicinin A faz\u0131na ve C faz\u0131na s\u0131ras\u0131yla harici bir koruyucu ak\u0131m trafosu ve anti-inrush fonksiyonlu bir kompozit kontrol cihaz\u0131 tak\u0131n. Hat \u00fczerinde bir inrush ak\u0131m\u0131 olu\u015ftu\u011funda, devre kesici inrush ak\u0131m\u0131ndan ka\u00e7\u0131nmak ve devre kesicinin ar\u0131zalanmas\u0131n\u0131 \u00f6nlemek i\u00e7in bir s\u00fcre geciktirilir; hatta bir ar\u0131za olu\u015ftu\u011funda, devre kesici h\u0131zla a\u00e7\u0131labilir. Trafo oran\u0131 kullan\u0131c\u0131 gereksinimlerine g\u00f6re yap\u0131land\u0131r\u0131l\u0131r.<\/li>\n<li>Devre kesici, dire\u011fin alt\u0131na uzaktan kumanda cihaz\u0131 ile donat\u0131labilir ve uzaktan kumanda, dire\u011fin alt\u0131ndaki \u015falteri a\u00e7\u0131p kapatmak i\u00e7in kullan\u0131labilir.<\/li>\n<li>Devre kesici, devre kesiciye \u00e7al\u0131\u015fma g\u00fcc\u00fc sa\u011flamak i\u00e7in harici bir PT veya elektronik PT ile donat\u0131labilir.<\/li>\n<li>Devre kesici, otomatik bir tekrar kapama ve otomatik bir ay\u0131r\u0131c\u0131 olu\u015fturmak i\u00e7in bir tekrar kapama kontrol\u00f6r\u00fc ve bir ay\u0131r\u0131c\u0131 kontrol\u00f6r\u00fc ile donat\u0131labilir. Da\u011f\u0131t\u0131m \u015febekesi otomasyonunu ger\u00e7ekle\u015ftirmek i\u00e7in ideal bir cihazd\u0131r.<\/li>\n<\/ol>\n<p><img decoding=\"async\" class=\"alignnone wp-image-1188 size-full\" src=\"http:\/\/www.xminsulation.com\/wp-content\/uploads\/2024\/05\/\u56fe\u724752-1.png\" alt=\"\" width=\"1190\" height=\"940\" srcset=\"https:\/\/www.xminsulation.com\/wp-content\/uploads\/2024\/05\/\u56fe\u724752-1.png 1190w, https:\/\/www.xminsulation.com\/wp-content\/uploads\/2024\/05\/\u56fe\u724752-1-300x237.png 300w, https:\/\/www.xminsulation.com\/wp-content\/uploads\/2024\/05\/\u56fe\u724752-1-1024x809.png 1024w, https:\/\/www.xminsulation.com\/wp-content\/uploads\/2024\/05\/\u56fe\u724752-1-768x607.png 768w, https:\/\/www.xminsulation.com\/wp-content\/uploads\/2024\/05\/\u56fe\u724752-1-600x474.png 600w\" sizes=\"(max-width: 1190px) 100vw, 1190px\" \/><\/p>\n<h2><strong><b>ZW32-12kV Devre Kesici \u0130\u00e7 Yap\u0131 \u015eemas\u0131<\/b><\/strong><\/h2>\n<p>&nbsp;<\/p>\n<p>1 adet Sabit m\u0131knat\u0131sl\u0131 mekanizma.<\/p>\n<p>2 tekerlek Manuel a\u00e7ma tekerle\u011fi.<\/p>\n<p>3&#039;l\u00fc d\u00fcz \u00e7ubuk tahriki.<\/p>\n<p>4 yard\u0131mc\u0131 anahtar.<\/p>\n<p>5. Bahar\u0131n a\u00e7\u0131l\u0131\u015f\u0131.<\/p>\n<p>6. Shell.<\/p>\n<p>7 adet Yal\u0131t\u0131m \u00e7ubu\u011fu.<\/p>\n<p>8 adet Alt izolasyon varili.<\/p>\n<p>9 Esnek ba\u011flant\u0131.<\/p>\n<p>10 adet \u00dcst yal\u0131t\u0131m varil.<\/p>\n<p>11\u771f\u7a7a\u706d\u5f27\u5ba4Vakum kesici.<\/p>\n<p><img loading=\"lazy\" decoding=\"async\" class=\"alignnone wp-image-1189 size-full\" src=\"http:\/\/www.xminsulation.com\/wp-content\/uploads\/2024\/05\/\u56fe\u724753-1.png\" alt=\"\" width=\"1000\" height=\"1122\" srcset=\"https:\/\/www.xminsulation.com\/wp-content\/uploads\/2024\/05\/\u56fe\u724753-1.png 1000w, https:\/\/www.xminsulation.com\/wp-content\/uploads\/2024\/05\/\u56fe\u724753-1-267x300.png 267w, https:\/\/www.xminsulation.com\/wp-content\/uploads\/2024\/05\/\u56fe\u724753-1-913x1024.png 913w, https:\/\/www.xminsulation.com\/wp-content\/uploads\/2024\/05\/\u56fe\u724753-1-768x862.png 768w, https:\/\/www.xminsulation.com\/wp-content\/uploads\/2024\/05\/\u56fe\u724753-1-600x673.png 600w\" sizes=\"(max-width: 1000px) 100vw, 1000px\" \/> <img loading=\"lazy\" decoding=\"async\" class=\"alignnone wp-image-1190 size-full\" src=\"http:\/\/www.xminsulation.com\/wp-content\/uploads\/2024\/05\/\u56fe\u724754-1.png\" alt=\"\" width=\"1000\" height=\"1013\" srcset=\"https:\/\/www.xminsulation.com\/wp-content\/uploads\/2024\/05\/\u56fe\u724754-1.png 1000w, https:\/\/www.xminsulation.com\/wp-content\/uploads\/2024\/05\/\u56fe\u724754-1-296x300.png 296w, https:\/\/www.xminsulation.com\/wp-content\/uploads\/2024\/05\/\u56fe\u724754-1-768x778.png 768w, https:\/\/www.xminsulation.com\/wp-content\/uploads\/2024\/05\/\u56fe\u724754-1-600x608.png 600w, https:\/\/www.xminsulation.com\/wp-content\/uploads\/2024\/05\/\u56fe\u724754-1-100x100.png 100w\" sizes=\"(max-width: 1000px) 100vw, 1000px\" \/> <img loading=\"lazy\" decoding=\"async\" class=\"alignnone wp-image-1191 size-full\" src=\"http:\/\/www.xminsulation.com\/wp-content\/uploads\/2024\/05\/\u56fe\u724755-1.png\" alt=\"\" width=\"1000\" height=\"541\" srcset=\"https:\/\/www.xminsulation.com\/wp-content\/uploads\/2024\/05\/\u56fe\u724755-1.png 1000w, https:\/\/www.xminsulation.com\/wp-content\/uploads\/2024\/05\/\u56fe\u724755-1-300x162.png 300w, https:\/\/www.xminsulation.com\/wp-content\/uploads\/2024\/05\/\u56fe\u724755-1-768x415.png 768w, https:\/\/www.xminsulation.com\/wp-content\/uploads\/2024\/05\/\u56fe\u724755-1-600x325.png 600w\" sizes=\"(max-width: 1000px) 100vw, 1000px\" \/><\/p>\n<h2><strong><b>Kullan\u0131m Ortam\u0131 ve Ko\u015fullar\u0131<\/b><\/strong><\/h2>\n<ol>\n<li>Ortam hava s\u0131cakl\u0131\u011f\u0131: -40\u00b0C~+40\u00b0C, g\u00fcnl\u00fck s\u0131cakl\u0131k fark\u0131 25\u00b0C.<\/li>\n<li>Rak\u0131m: 2000 metreden fazla de\u011fil.<\/li>\n<li>R\u00fczgar bas\u0131nc\u0131: 700Pa&#039;dan fazla olmamal\u0131d\u0131r (35m\/s r\u00fczgar h\u0131z\u0131na e\u015fde\u011fer).<\/li>\n<li>Hava kirlili\u011fi seviyesi: Seviye IV.<\/li>\n<li>Deprem \u015fiddeti: 8 dereceden fazla olmayacak.<\/li>\n<li>Kurulum yeri: Yan\u0131c\u0131l\u0131k, patlama tehlikesi, kimyasal korozyon ve \u015fiddetli titre\u015fimin olmad\u0131\u011f\u0131 bir yer.<\/li>\n<\/ol>\n<h2><strong><b>Genel Kurulum Boyutlar\u0131<\/b><\/strong><\/h2>\n<p><img loading=\"lazy\" decoding=\"async\" class=\"alignnone wp-image-1192 size-full\" src=\"http:\/\/www.xminsulation.com\/wp-content\/uploads\/2024\/05\/\u56fe\u724756-1.png\" alt=\"\" width=\"1000\" height=\"767\" srcset=\"https:\/\/www.xminsulation.com\/wp-content\/uploads\/2024\/05\/\u56fe\u724756-1.png 1000w, https:\/\/www.xminsulation.com\/wp-content\/uploads\/2024\/05\/\u56fe\u724756-1-300x230.png 300w, https:\/\/www.xminsulation.com\/wp-content\/uploads\/2024\/05\/\u56fe\u724756-1-768x589.png 768w, https:\/\/www.xminsulation.com\/wp-content\/uploads\/2024\/05\/\u56fe\u724756-1-600x460.png 600w\" sizes=\"(max-width: 1000px) 100vw, 1000px\" \/><\/p>\n<h2><strong><b>Ta\u015f\u0131ma, Kabul ve Depolama<\/b><\/strong><\/h2>\n<ol>\n<li>Ta\u015f\u0131ma s\u0131ras\u0131nda, t\u00fcm \u00fcnite kapal\u0131 bir ambalaj kutusuna paketlenmeli ve sabitlenmelidir. Ta\u015f\u0131ma s\u0131ras\u0131nda devrilmemeli veya yat\u0131r\u0131lmamal\u0131 ve darbeye dayan\u0131kl\u0131 \u00f6nlemler al\u0131nmal\u0131d\u0131r. Devre kesiciyi \u00e7\u0131plak elle ta\u015f\u0131rken, l\u00fctfen devre kesicinin her iki taraf\u0131ndaki korkuluklar\u0131 kald\u0131r\u0131n. Giri\u015f ve \u00e7\u0131k\u0131\u015f yal\u0131t\u0131m k\u0131l\u0131flar\u0131n\u0131 kald\u0131rmak kesinlikle yasakt\u0131r. Devre kesiciyi kald\u0131r\u0131rken, kald\u0131rma cihaz\u0131n\u0131 kutuya asmal\u0131s\u0131n\u0131z.<\/li>\n<li>Kabul. \u00dcr\u00fcn\u00fc ald\u0131ktan sonra kullan\u0131c\u0131 a\u015fa\u011f\u0131daki g\u00f6revleri yerine getirmelidir:<\/li>\n<li>Ambalaj\u0131n hasarl\u0131 olup olmad\u0131\u011f\u0131n\u0131 kontrol edin.<\/li>\n<li>\u00dcr\u00fcn\u00fc ambalaj\u0131ndan \u00e7\u0131kard\u0131ktan sonra anahtar giri\u015f ve \u00e7\u0131k\u0131\u015f muhafazalar\u0131nda \u00e7atlak olup olmad\u0131\u011f\u0131n\u0131, kutunun deforme olup olmad\u0131\u011f\u0131n\u0131, a\u00e7ma-kapama talimatlar\u0131n\u0131n eksiksiz olup olmad\u0131\u011f\u0131n\u0131, \u00fcr\u00fcn etiketi ve sertifikas\u0131n\u0131n sipari\u015f formuna uygun olup olmad\u0131\u011f\u0131n\u0131, paketleme listesinin ger\u00e7ek \u00fcr\u00fcne uygun olup olmad\u0131\u011f\u0131n\u0131 kontrol edin.<\/li>\n<li>\u00dcr\u00fcn paketleme listesine g\u00f6re dok\u00fcmanlar\u0131n, aksesuarlar\u0131n ve yedek par\u00e7alar\u0131n eksiksiz olup olmad\u0131\u011f\u0131n\u0131 kontrol edin.<\/li>\n<li>Vakum devre kesici etiketindeki teknik parametrelerin ve \u00fcr\u00fcn sertifikas\u0131n\u0131n sipari\u015f gerekliliklerine uygun olup olmad\u0131\u011f\u0131n\u0131 kontrol edin.<\/li>\n<li>Devre kesicinin temas parametreleri ve mekanik karakteristik parametreleri fabrika muayenesi s\u0131ras\u0131nda ayarlanm\u0131\u015ft\u0131r. Kullan\u0131c\u0131lar\u0131n devre kesiciyi paketinden \u00e7\u0131kar\u0131p incelemesine gerek yoktur. Gerekti\u011finde bir dayan\u0131m gerilimi testi yapt\u0131ktan sonra kurabilirler. Ko\u015fullar izin verirse mekanik karakteristik muayenesi gerekti\u011fi gibi yap\u0131labilir.<\/li>\n<li>Depolama. Vakum devre kesici ve kontrol cihaz\u0131 kuru, havaland\u0131r\u0131lm\u0131\u015f, nem ge\u00e7irmez, darbeye dayan\u0131kl\u0131 ve zararl\u0131 gaz ge\u00e7irmez bir odada saklanmal\u0131d\u0131r. Uzun s\u00fcreli depolama i\u00e7in, ortam\u0131n gereklilikleri kar\u015f\u0131lay\u0131p kar\u015f\u0131lamad\u0131\u011f\u0131 d\u00fczenli olarak kontrol edilmelidir. Paketleme, paketten \u00e7\u0131karma ve depolama kuru bir odada yap\u0131lmal\u0131 ve \u00fcr\u00fcnler ve bile\u015fenler eksiksizlik ve tutarl\u0131l\u0131k a\u00e7\u0131s\u0131ndan kontrol edilmelidir. Ve kontrol cihaz\u0131 g\u00f6vdesinin \u00fcst \u00fcste binme y\u00fcksekli\u011fi 3 katman\u0131 ge\u00e7memelidir.<\/li>\n<\/ol>\n<h2><strong><b>Kurulum ve Devreye Alma<\/b><\/strong><\/h2>\n<ol>\n<li>Montaj \u00d6ncesi Muayene ve Devreye Alma.<\/li>\n<li>Sigorta modeli ve \u00f6zelliklerinin sipari\u015f s\u00f6zle\u015fmesiyle uyumlu olup olmad\u0131\u011f\u0131n\u0131 kontrol edin.<\/li>\n<li>Ekli belgelerin ve eklerin eksiksiz olup olmad\u0131\u011f\u0131n\u0131 kontrol edin.<\/li>\n<li>Sigortan\u0131n y\u00fczeyinde ezilme olup olmad\u0131\u011f\u0131n\u0131 ve izolasyon par\u00e7alar\u0131nda hasar veya \u00e7atlak olup olmad\u0131\u011f\u0131n\u0131 kontrol edin.<\/li>\n<li>Kutunun deforme olup olmad\u0131\u011f\u0131n\u0131 ve s\u0131zd\u0131rmazl\u0131\u011f\u0131n\u0131 kontrol edin.<\/li>\n<li>Ba\u011flant\u0131 elemanlar\u0131n\u0131n gev\u015fek olup olmad\u0131\u011f\u0131.<\/li>\n<li>Kutunun i\u00e7erisinde anormal bir ses var m\u0131?<\/li>\n<li>Manuel veya elektrikle \u00e7al\u0131\u015fan devre kesici 10 kez a\u00e7\u0131l\u0131p kapat\u0131lmal\u0131, a\u00e7\u0131l\u0131p kapanmas\u0131 g\u00fcvenilir olmal\u0131d\u0131r.<\/li>\n<\/ol>\n<p>h, a\u015f\u0131r\u0131 ak\u0131m testi yap\u0131lmal\u0131d\u0131r ve a\u015f\u0131r\u0131 ak\u0131m ayar de\u011feri gereksinimleri kar\u015f\u0131lamal\u0131d\u0131r.<\/p>\n<ol>\n<li>Vakum ark s\u00f6nd\u00fcrme odas\u0131n\u0131n vakum derecesini kontrol etmek i\u00e7in g\u00fc\u00e7 frekans\u0131 dayan\u0131m voltaj\u0131 y\u00f6ntemini kullan\u0131n. Devre kesici a\u00e7\u0131k konumdayken, k\u0131r\u0131klar aras\u0131na 1 dakika boyunca 48kV&#039;luk bir g\u00fc\u00e7 frekans\u0131 voltaj\u0131 uygulay\u0131n ve hi\u00e7bir flashover veya ar\u0131za olmamal\u0131d\u0131r.<\/li>\n<li>Fazlar aras\u0131na ve devre kesicinin topraklamas\u0131na 42kV&#039;luk bir \u015febeke frekans gerilimi 1 dakika boyunca uyguland\u0131\u011f\u0131nda herhangi bir atlama veya ar\u0131za olmamal\u0131d\u0131r.<\/li>\n<li>\u00dcr\u00fcn hasarl\u0131ysa veya ba\u015fka sorular varsa, hasar\u0131n yerinde foto\u011fraflanmas\u0131 ve tedarik\u00e7iye zaman\u0131nda bildirilmesi \u00f6nerilir.<\/li>\n<li>Kurulum.<\/li>\n<li>Kald\u0131r\u0131rken g\u00fcvenli\u011fe dikkat edin. Kutuya d\u00f6rt kald\u0131rma halkas\u0131n\u0131 takmal\u0131 ve yatay olarak kald\u0131rmal\u0131s\u0131n\u0131z.<\/li>\n<li>Devre kesiciyi c\u0131vatalarla montaj braketine sabitleyin. Montaj y\u00fczeyi d\u00fcz olmal\u0131d\u0131r. D\u00f6rt montaj noktas\u0131 ayn\u0131 d\u00fczlemde de\u011filse, devre kesicinin genel yap\u0131s\u0131n\u0131n stres nedeniyle deforme olmas\u0131n\u0131 \u00f6nlemek i\u00e7in rondelalar eklenmelidir.<\/li>\n<li>Devre kesici baraya ba\u011fland\u0131\u011f\u0131nda, devre kesicinin \u00e7\u0131k\u0131\u015f ucu s\u00fcrekli gerilime, bas\u0131nca veya torka maruz b\u0131rak\u0131lamaz.<\/li>\n<li>Montajdan sonra sigortan\u0131n kontrol edilmesi ve temizlenmesi gerekir.<\/li>\n<\/ol>\n<p><img loading=\"lazy\" decoding=\"async\" class=\"alignnone wp-image-1193 size-full\" src=\"http:\/\/www.xminsulation.com\/wp-content\/uploads\/2024\/05\/\u56fe\u724757-1.png\" alt=\"\" width=\"1167\" height=\"740\" srcset=\"https:\/\/www.xminsulation.com\/wp-content\/uploads\/2024\/05\/\u56fe\u724757-1.png 1167w, https:\/\/www.xminsulation.com\/wp-content\/uploads\/2024\/05\/\u56fe\u724757-1-300x190.png 300w, https:\/\/www.xminsulation.com\/wp-content\/uploads\/2024\/05\/\u56fe\u724757-1-1024x649.png 1024w, https:\/\/www.xminsulation.com\/wp-content\/uploads\/2024\/05\/\u56fe\u724757-1-768x487.png 768w, https:\/\/www.xminsulation.com\/wp-content\/uploads\/2024\/05\/\u56fe\u724757-1-600x380.png 600w\" sizes=\"(max-width: 1167px) 100vw, 1167px\" \/><\/p>\n<h2><strong><b>Bak\u0131m<\/b><\/strong><\/h2>\n<ol>\n<li>Sigortan\u0131n izolasyon par\u00e7alar\u0131n\u0131n y\u00fczeyinin temizlenmesi, mekanizman\u0131n hareketli par\u00e7alar\u0131n\u0131n a\u015f\u0131nmas\u0131n\u0131n kontrol edilmesi ve \u015fanz\u0131man par\u00e7alar\u0131na gres enjekte edilmesi i\u00e7in her be\u015f y\u0131lda bir kontrol edilmesi gerekir.<\/li>\n<li>Ba\u011flant\u0131 elemanlar\u0131n\u0131n gev\u015fek olup olmad\u0131\u011f\u0131n\u0131 ve s\u0131k\u0131\u015ft\u0131rma halkalar\u0131n\u0131n ve segmanlar\u0131n deforme olup olmad\u0131\u011f\u0131n\u0131 veya d\u00fc\u015f\u00fcp d\u00fc\u015fmedi\u011fini kontrol edin. E\u011fer \u00f6yleyse, zaman\u0131nda normal durumlar\u0131na geri getirilmelidirler.<\/li>\n<li>Devre kesici uzun s\u00fcre b\u0131rak\u0131ld\u0131\u011f\u0131nda veya nadiren \u00e7al\u0131\u015ft\u0131r\u0131ld\u0131\u011f\u0131nda, hareketli par\u00e7a bloke olabilir. Yayl\u0131 bir \u00e7al\u0131\u015fma mekanizmas\u0131yla donat\u0131lm\u0131\u015fsa, devre kesici saklanmal\u0131 ve y\u0131lda en az 5 kez kapat\u0131l\u0131p a\u00e7\u0131lmal\u0131d\u0131r. Yap\u0131land\u0131r\u0131lm\u0131\u015f kal\u0131c\u0131 m\u0131knat\u0131s mekanizmas\u0131 denetleyicisi g\u00fc\u00e7 kaybederse, denetleyicinin dahili kapasit\u00f6r\u00fcn\u00fc \u015farj etmek i\u00e7in harici bir g\u00fc\u00e7 kayna\u011f\u0131 kullanman\u0131z ve ard\u0131ndan en az 5 kapatma ve a\u00e7ma i\u015flemi ger\u00e7ekle\u015ftirmeniz gerekir.<\/li>\n<li>Vakum ark s\u00f6nd\u00fcrme haznesinin kronik olarak s\u0131zd\u0131r\u0131p s\u0131zd\u0131rmad\u0131\u011f\u0131n\u0131 veya di\u011fer yal\u0131t\u0131m par\u00e7alar\u0131n\u0131n yal\u0131t\u0131m mukavemetinin azal\u0131p azalmad\u0131\u011f\u0131n\u0131 belirlemek i\u00e7in bir g\u00fc\u00e7 frekans\u0131 dayan\u0131m gerilimi testi yap\u0131n.<\/li>\n<li>S\u0131k \u00e7al\u0131\u015f\u0131lan yerlerde kontaklar\u0131n a\u015f\u0131nmas\u0131na dikkat edilmeli, vakum ark s\u00f6nd\u00fcrme haznesinin izin verilen k\u0131sa devre kesintisi say\u0131s\u0131 ve mekanik \u00f6mr\u00fc a\u015f\u0131lmamal\u0131d\u0131r.<\/li>\n<li>Dikkat edilmesi gerekenler:<\/li>\n<li>Bak\u0131m s\u0131ras\u0131nda, devre kesici enerji depolama d\u0131\u015f\u0131 ve a\u00e7\u0131k durumda olmal\u0131 ve t\u00fcm g\u00fc\u00e7 kaynaklar\u0131 kesilmelidir. Enerji depolama ve kapatma nedeniyle<\/li>\n<\/ol>\n<p>Devlet yaylar\u0131 t\u00fcm enerjiyi biriktirir. Bak\u0131m s\u0131ras\u0131nda dikkatli olmazsan\u0131z, mekanizman\u0131n hareketi insan ellerine zarar verebilir.<\/p>\n<ol>\n<li>Bak\u0131m mutlaka profesyoneller taraf\u0131ndan yap\u0131lmal\u0131d\u0131r.<\/li>\n<li>Bak\u0131m sonras\u0131nda, \u00f6zellikle par\u00e7a de\u011fi\u015fimi veya yeniden ayarlama sonras\u0131nda \u015falterin mekanik \u00f6zellikleri test edilerek teknik \u015fartlar\u0131 sa\u011flad\u0131\u011f\u0131ndan emin olunmal\u0131d\u0131r.<\/li>\n<\/ol>\n<div class=\"wxts\">\n<h2>\u25c6\u00d6zel \u00d6zelle\u015ftirme<\/h2>\n<p>Yukar\u0131daki parametreler tipik verilerdir; Mevcut stiller \u00f6zel taleplerinizi kar\u015f\u0131lam\u0131yorsa, l\u00fctfen \u00f6zel bir tasar\u0131m i\u00e7in bizimle ileti\u015fime ge\u00e7in. Ki\u015fiselle\u015ftirilmi\u015f ki\u015fiselle\u015ftirme geli\u015ftirme ve \u00fcretim becerilerimiz, d\u00fcnyan\u0131n her yerindeki m\u00fc\u015fterilerimize \u00f6zel \u00e7\u00f6z\u00fcmler sunmam\u0131za olanak tan\u0131yor.<\/p>\n<\/div>","protected":false},"excerpt":{"rendered":"<p>&nbsp; Product Description ZW32-12kV primary and secondary integrated outdoor pole-mounted vacuum circuit breaker, rated voltage 12kV, three-phase AC 50Hz\/60Hz outdoor primary switching equipment, mainly used for breaking and closing load current, overload current and short-circuit current in the power system . It is suitable for protection and control in power distribution systems of substations and [&hellip;]<\/p>","protected":false},"featured_media":1185,"template":"","meta":{"site-sidebar-layout":"default","site-content-layout":"","ast-site-content-layout":"default","site-content-style":"default","site-sidebar-style":"default","ast-global-header-display":"","ast-banner-title-visibility":"","ast-main-header-display":"","ast-hfb-above-header-display":"","ast-hfb-below-header-display":"","ast-hfb-mobile-header-display":"","site-post-title":"","ast-breadcrumbs-content":"","ast-featured-img":"","footer-sml-layout":"","theme-transparent-header-meta":"default","adv-header-id-meta":"","stick-header-meta":"","header-above-stick-meta":"","header-main-stick-meta":"","header-below-stick-meta":"","astra-migrate-meta-layouts":"set","ast-page-background-enabled":"default","ast-page-background-meta":{"desktop":{"background-color":"","background-image":"","background-repeat":"repeat","background-position":"center center","background-size":"auto","background-attachment":"scroll","background-type":"","background-media":"","overlay-type":"","overlay-color":"","overlay-gradient":""},"tablet":{"background-color":"","background-image":"","background-repeat":"repeat","background-position":"center center","background-size":"auto","background-attachment":"scroll","background-type":"","background-media":"","overlay-type":"","overlay-color":"","overlay-gradient":""},"mobile":{"background-color":"","background-image":"","background-repeat":"repeat","background-position":"center center","background-size":"auto","background-attachment":"scroll","background-type":"","background-media":"","overlay-type":"","overlay-color":"","overlay-gradient":""}},"ast-content-background-meta":{"desktop":{"background-color":"var(--ast-global-color-5)","background-image":"","background-repeat":"repeat","background-position":"center center","background-size":"auto","background-attachment":"scroll","background-type":"","background-media":"","overlay-type":"","overlay-color":"","overlay-gradient":""},"tablet":{"background-color":"var(--ast-global-color-5)","background-image":"","background-repeat":"repeat","background-position":"center center","background-size":"auto","background-attachment":"scroll","background-type":"","background-media":"","overlay-type":"","overlay-color":"","overlay-gradient":""},"mobile":{"background-color":"var(--ast-global-color-5)","background-image":"","background-repeat":"repeat","background-position":"center center","background-size":"auto","background-attachment":"scroll","background-type":"","background-media":"","overlay-type":"","overlay-color":"","overlay-gradient":""}}},"product_cat":[24],"product_tag":[],"class_list":{"0":"post-1184","1":"product","2":"type-product","3":"status-publish","4":"has-post-thumbnail","6":"product_cat-10-40-5kv-outdoor-pole-mounted-vacuum-auto-recloser","7":"desktop-align-left","8":"tablet-align-left","9":"mobile-align-left","11":"first","12":"instock","13":"shipping-taxable","14":"product-type-simple"},"_links":{"self":[{"href":"https:\/\/www.xminsulation.com\/tr\/wp-json\/wp\/v2\/product\/1184","targetHints":{"allow":["GET"]}}],"collection":[{"href":"https:\/\/www.xminsulation.com\/tr\/wp-json\/wp\/v2\/product"}],"about":[{"href":"https:\/\/www.xminsulation.com\/tr\/wp-json\/wp\/v2\/types\/product"}],"wp:featuredmedia":[{"embeddable":true,"href":"https:\/\/www.xminsulation.com\/tr\/wp-json\/wp\/v2\/media\/1185"}],"wp:attachment":[{"href":"https:\/\/www.xminsulation.com\/tr\/wp-json\/wp\/v2\/media?parent=1184"}],"wp:term":[{"taxonomy":"product_cat","embeddable":true,"href":"https:\/\/www.xminsulation.com\/tr\/wp-json\/wp\/v2\/product_cat?post=1184"},{"taxonomy":"product_tag","embeddable":true,"href":"https:\/\/www.xminsulation.com\/tr\/wp-json\/wp\/v2\/product_tag?post=1184"}],"curies":[{"name":"wp","href":"https:\/\/api.w.org\/{rel}","templated":true}]}}