{"id":1069,"date":"2024-05-06T11:09:04","date_gmt":"2024-05-06T03:09:04","guid":{"rendered":"http:\/\/www.xminsulation.com\/?post_type=product&#038;p=1069"},"modified":"2024-05-15T16:42:26","modified_gmt":"2024-05-15T08:42:26","slug":"quik-lock-plugs-and-receptacles-for-low-voltage","status":"publish","type":"product","link":"https:\/\/www.xminsulation.com\/tr\/product\/quik-lock-plugs-and-receptacles-for-low-voltage\/","title":{"rendered":"Al\u00e7ak Gerilim i\u00e7in Quik-Lock Fi\u015fler ve Prizler"},"content":{"rendered":"<p><img fetchpriority=\"high\" decoding=\"async\" class=\"alignnone wp-image-1071 size-full\" src=\"http:\/\/www.xminsulation.com\/wp-content\/uploads\/2024\/05\/\u56fe\u724762-1.jpg\" alt=\"\" width=\"800\" height=\"800\" srcset=\"https:\/\/www.xminsulation.com\/wp-content\/uploads\/2024\/05\/\u56fe\u724762-1.jpg 800w, https:\/\/www.xminsulation.com\/wp-content\/uploads\/2024\/05\/\u56fe\u724762-1-300x300.jpg 300w, https:\/\/www.xminsulation.com\/wp-content\/uploads\/2024\/05\/\u56fe\u724762-1-150x150.jpg 150w, https:\/\/www.xminsulation.com\/wp-content\/uploads\/2024\/05\/\u56fe\u724762-1-768x768.jpg 768w, https:\/\/www.xminsulation.com\/wp-content\/uploads\/2024\/05\/\u56fe\u724762-1-600x600.jpg 600w, https:\/\/www.xminsulation.com\/wp-content\/uploads\/2024\/05\/\u56fe\u724762-1-100x100.jpg 100w\" sizes=\"(max-width: 800px) 100vw, 800px\" \/> <img decoding=\"async\" class=\"alignnone wp-image-1072 size-full\" src=\"http:\/\/www.xminsulation.com\/wp-content\/uploads\/2024\/05\/\u56fe\u724763.png\" alt=\"\" width=\"808\" height=\"377\" srcset=\"https:\/\/www.xminsulation.com\/wp-content\/uploads\/2024\/05\/\u56fe\u724763.png 808w, https:\/\/www.xminsulation.com\/wp-content\/uploads\/2024\/05\/\u56fe\u724763-300x140.png 300w, https:\/\/www.xminsulation.com\/wp-content\/uploads\/2024\/05\/\u56fe\u724763-768x358.png 768w, https:\/\/www.xminsulation.com\/wp-content\/uploads\/2024\/05\/\u56fe\u724763-600x280.png 600w\" sizes=\"(max-width: 808px) 100vw, 808px\" \/> <img decoding=\"async\" class=\"alignnone wp-image-1073 size-full\" src=\"http:\/\/www.xminsulation.com\/wp-content\/uploads\/2024\/05\/\u56fe\u724764.png\" alt=\"\" width=\"694\" height=\"376\" srcset=\"https:\/\/www.xminsulation.com\/wp-content\/uploads\/2024\/05\/\u56fe\u724764.png 694w, https:\/\/www.xminsulation.com\/wp-content\/uploads\/2024\/05\/\u56fe\u724764-300x163.png 300w, https:\/\/www.xminsulation.com\/wp-content\/uploads\/2024\/05\/\u56fe\u724764-600x325.png 600w\" sizes=\"(max-width: 694px) 100vw, 694px\" \/><\/p>\n<h2><strong><b>Genel bilgi<\/b><\/strong><\/h2>\n<p>D\u00fc\u015f\u00fck voltajl\u0131 acil durum g\u00fc\u00e7 kayna\u011f\u0131 h\u0131zl\u0131 fi\u015f aray\u00fcz\u00fc, acil durum g\u00fc\u00e7 kayna\u011f\u0131 h\u0131zl\u0131 ba\u011flant\u0131 kupl\u00f6r\u00fc olarak da adland\u0131r\u0131l\u0131r. Bir ucu jenerat\u00f6r vagonundaki konnekt\u00f6re ba\u011flan\u0131r ve sabitlenir ve di\u011fer ucu orta gerilim veya d\u00fc\u015f\u00fck gerilim \u015falt dolab\u0131ndaki acil durum g\u00fc\u00e7 aray\u00fcz\u00fcne ba\u011flan\u0131r ve sabitlenir ve acil durum g\u00fc\u00e7 kayna\u011f\u0131 h\u0131zl\u0131 eri\u015fim sistemi olu\u015fturulur. . G\u00fc\u00e7 \u00fcretim ara\u00e7lar\u0131nda, jenerat\u00f6rlerde, da\u011f\u0131t\u0131m dolaplar\u0131nda, g\u00fc\u00e7 da\u011f\u0131t\u0131m\u0131nda vb. yayg\u0131n olarak kullan\u0131l\u0131r. \u00dcr\u00fcnler iki gerilim seviyesine ayr\u0131l\u0131r: orta gerilim ve d\u00fc\u015f\u00fck gerilim.<\/p>\n<p>Acil durum enerji \u00fcretim arac\u0131, genellikle ani bir elektrik kesintisi oldu\u011funda veya sahan\u0131n elektrik \u015febekesine ba\u011flanamad\u0131\u011f\u0131 durumlarda g\u00fc\u00e7 sa\u011flamak i\u00e7in kullan\u0131lan bir t\u00fcr acil durum yedek g\u00fc\u00e7 \u00fcretim ekipman\u0131d\u0131r. Acil durum enerji \u00fcretim ara\u00e7lar\u0131 esas olarak \u015fu senaryolarda kullan\u0131l\u0131r: Birincisi, ani bir elektrik kesintisi oldu\u011funda veya sahan\u0131n elektrik \u015febekesine ba\u011flanamamas\u0131 durumunda. \u00d6rne\u011fin do\u011fal afetler, tesis ar\u0131zalar\u0131, hat veya ekipman bak\u0131m\u0131 vb. nedenlerle elektrik kesintisi olmas\u0131 veya sahan\u0131n elektrik \u015febekesine ba\u011flanamamas\u0131 durumunda acil elektrik \u00fcretimi gerekmektedir. Ara\u00e7, yedek g\u00fc\u00e7 kayna\u011f\u0131 olarak g\u00fc\u00e7 kayna\u011f\u0131 hizmeti sa\u011flayabilir. \u0130kincisi ise in\u015faat, performans ve di\u011fer projeler gibi ge\u00e7ici enerji talebidir. Ge\u00e7ici enerji talebi durumunda, acil durum enerji \u00fcretim ara\u00e7lar\u0131, ge\u00e7ici enerji talebini kar\u015f\u0131lamak i\u00e7in gerekli g\u00fc\u00e7 \u00e7\u0131k\u0131\u015f kapasitesini sa\u011flayabilmektedir. \u00dc\u00e7\u00fcnc\u00fcs\u00fc mobil g\u00fc\u00e7 kayna\u011f\u0131na olan taleptir. Hareket kabiliyetinin y\u00fcksek olmas\u0131 nedeniyle ihtiya\u00e7 duyulan yerlerde g\u00fc\u00e7 tedarikini ve acil m\u00fcdahaleyi kolayla\u015ft\u0131rabilir.<\/p>\n<p>\u00c7in&#039;de \u015fu anda g\u00fc\u00e7 \u00fcretim ara\u00e7lar\u0131 esas olarak 10kV orta gerilim g\u00fc\u00e7 \u00fcretim ara\u00e7lar\u0131 ve 0,4kV d\u00fc\u015f\u00fck gerilim g\u00fc\u00e7 \u00fcretim ara\u00e7lar\u0131 olarak ikiye ayr\u0131lmaktad\u0131r. D\u00fc\u015f\u00fck gerilimli \u015febeke ba\u011flant\u0131l\u0131 jenerat\u00f6r arabalar\u0131 geni\u015f bir uygulama yelpazesine sahiptir ve duvara monte, zemin tipi veya g\u00f6m\u00fcl\u00fc \u015falt dolaplar\u0131na ba\u011flanabilir.<\/p>\n<p>Kentsel yerle\u015fim alanlar\u0131nda ve \u00f6nemli kullan\u0131c\u0131larda acil onar\u0131mlar i\u00e7in h\u0131zl\u0131 g\u00fc\u00e7 temini sa\u011flamak amac\u0131yla, mevcut d\u00fc\u015f\u00fck voltajl\u0131 komple \u015falt ekipman\u0131 setlerine h\u0131zl\u0131 acil eri\u015fim cihazlar\u0131n\u0131n ayr\u0131lmas\u0131\/tak\u0131lmas\u0131, acil g\u00fc\u00e7 temini haz\u0131rl\u0131k s\u00fcresini b\u00fcy\u00fck \u00f6l\u00e7\u00fcde k\u0131saltabilir ve g\u00fc\u00e7 temininin g\u00fcvenli\u011fini ve g\u00fcvenilirli\u011fini art\u0131rabilir. Bu \u00fcr\u00fcn, g\u00fc\u00e7 temini testinde, g\u00fc\u00e7 \u00fcretim ara\u00e7lar\u0131nda, acil g\u00fc\u00e7 temini ara\u00e7lar\u0131nda, baypas anahtar\u0131nda, da\u011f\u0131t\u0131m dolaplar\u0131nda, g\u00fc\u00e7 da\u011f\u0131t\u0131m\u0131nda ve di\u011fer senaryolarda yayg\u0131n olarak kullan\u0131l\u0131r.<\/p>\n<h2><strong><b>\u00dcr\u00fcn \u00d6zellikleri<\/b><\/strong><\/h2>\n<ol>\n<li>Bu \u00fcr\u00fcn g\u00fcvenli ve g\u00fcvenilirdir ve takarken veya \u00e7\u0131kar\u0131rken k\u0131v\u0131lc\u0131m olu\u015fmaz. Konekt\u00f6r, s\u0131k\u0131 bir \u015fekilde ba\u011flanan ve elektrik \u00e7arpmas\u0131n\u0131 \u00f6nleme i\u015flevine sahip kilitleme mekanizmal\u0131 bir ba\u011flant\u0131 sistemini benimser.<\/li>\n<li>K\u00fc\u00e7\u00fck boyut, h\u0131zl\u0131 ba\u011flant\u0131, basit kullan\u0131m ve rahat ba\u011flant\u0131.<\/li>\n<li>H\u0131zl\u0131 konnekt\u00f6r, g\u00fc\u00e7l\u00fc ak\u0131m ta\u015f\u0131ma kapasitesine, son derece k\u00fc\u00e7\u00fck temas direncine, g\u00fcvenilir temasa sahiptir, b\u00fcy\u00fck ak\u0131mlar\u0131 ge\u00e7irebilir ve \u00e7ok az \u0131s\u0131 \u00fcretir (elastik temas parma\u011f\u0131 \u00e7ok noktal\u0131 temas prensibinin temel teknolojisi, Siemens ve ABB gibi \u00e7ok uluslu y\u00fcksek gerilim \u015falt \u00e7\u00f6z\u00fcmlerinde uzun s\u00fcredir yayg\u0131n olarak kullan\u0131lmaktad\u0131r. G\u00fcvenilir temas ve minimum s\u0131cakl\u0131k art\u0131\u015f\u0131 sorunlar\u0131).<\/li>\n<li>Mekanik \u00f6m\u00fcr: Panel soket kupl\u00f6r\u00fc, do\u011fru tak\u0131p \u00e7\u0131karma y\u00f6ntemiyle en az 5.000 kez tak\u0131l\u0131p \u00e7\u0131kar\u0131labilir.<\/li>\n<li>Tuz p\u00fcsk\u00fcrtme korozyonuna dayan\u0131kl\u0131 (portlara uygulanabilir), sa\u011flam ve dayan\u0131kl\u0131, zorlu ortamlara uygun ve uzun \u00f6m\u00fcrl\u00fcd\u00fcr.<\/li>\n<li>Uygulanabilir kablo kesit alan\u0131: 50~240mm\u00b2.<\/li>\n<li>Koruma s\u0131n\u0131f\u0131 IP65.<\/li>\n<li>Bak\u0131m gerektirmez, enerji tasarrufu sa\u011flar ve \u00e7evre dostudur.<\/li>\n<\/ol>\n<p><img loading=\"lazy\" decoding=\"async\" class=\"alignnone wp-image-1074 size-full\" src=\"http:\/\/www.xminsulation.com\/wp-content\/uploads\/2024\/05\/\u56fe\u724765.png\" alt=\"\" width=\"1000\" height=\"1056\" srcset=\"https:\/\/www.xminsulation.com\/wp-content\/uploads\/2024\/05\/\u56fe\u724765.png 1000w, https:\/\/www.xminsulation.com\/wp-content\/uploads\/2024\/05\/\u56fe\u724765-284x300.png 284w, https:\/\/www.xminsulation.com\/wp-content\/uploads\/2024\/05\/\u56fe\u724765-970x1024.png 970w, https:\/\/www.xminsulation.com\/wp-content\/uploads\/2024\/05\/\u56fe\u724765-768x811.png 768w, https:\/\/www.xminsulation.com\/wp-content\/uploads\/2024\/05\/\u56fe\u724765-600x634.png 600w\" sizes=\"(max-width: 1000px) 100vw, 1000px\" \/><\/p>\n<h2><strong><b>D\u00fcmd\u00fcz <\/b><\/strong><strong><b>P<\/b><\/strong><strong><b>anel <\/b><\/strong><strong><b>R<\/b><\/strong><strong><b>eceptacle Genel Yap\u0131 ve Kurulum Boyutlar\u0131<\/b><\/strong><\/h2>\n<p><strong><b> <img loading=\"lazy\" decoding=\"async\" class=\"alignnone wp-image-1075 size-full\" src=\"http:\/\/www.xminsulation.com\/wp-content\/uploads\/2024\/05\/\u56fe\u724766.png\" alt=\"\" width=\"1000\" height=\"520\" srcset=\"https:\/\/www.xminsulation.com\/wp-content\/uploads\/2024\/05\/\u56fe\u724766.png 1000w, https:\/\/www.xminsulation.com\/wp-content\/uploads\/2024\/05\/\u56fe\u724766-300x156.png 300w, https:\/\/www.xminsulation.com\/wp-content\/uploads\/2024\/05\/\u56fe\u724766-768x399.png 768w, https:\/\/www.xminsulation.com\/wp-content\/uploads\/2024\/05\/\u56fe\u724766-600x312.png 600w\" sizes=\"(max-width: 1000px) 100vw, 1000px\" \/> <img loading=\"lazy\" decoding=\"async\" class=\"alignnone wp-image-1076 size-full\" src=\"http:\/\/www.xminsulation.com\/wp-content\/uploads\/2024\/05\/\u56fe\u724767.png\" alt=\"\" width=\"1000\" height=\"412\" srcset=\"https:\/\/www.xminsulation.com\/wp-content\/uploads\/2024\/05\/\u56fe\u724767.png 1000w, https:\/\/www.xminsulation.com\/wp-content\/uploads\/2024\/05\/\u56fe\u724767-300x124.png 300w, https:\/\/www.xminsulation.com\/wp-content\/uploads\/2024\/05\/\u56fe\u724767-768x316.png 768w, https:\/\/www.xminsulation.com\/wp-content\/uploads\/2024\/05\/\u56fe\u724767-600x247.png 600w\" sizes=\"(max-width: 1000px) 100vw, 1000px\" \/><\/b><\/strong><strong><b>\u00a0<\/b><\/strong><\/p>\n<h2><strong><b>D\u00fcz Fi\u015f<\/b><\/strong><\/h2>\n<p><img loading=\"lazy\" decoding=\"async\" class=\"alignnone wp-image-1077 size-full\" src=\"http:\/\/www.xminsulation.com\/wp-content\/uploads\/2024\/05\/\u56fe\u724768.png\" alt=\"\" width=\"862\" height=\"677\" srcset=\"https:\/\/www.xminsulation.com\/wp-content\/uploads\/2024\/05\/\u56fe\u724768.png 862w, https:\/\/www.xminsulation.com\/wp-content\/uploads\/2024\/05\/\u56fe\u724768-300x236.png 300w, https:\/\/www.xminsulation.com\/wp-content\/uploads\/2024\/05\/\u56fe\u724768-768x603.png 768w, https:\/\/www.xminsulation.com\/wp-content\/uploads\/2024\/05\/\u56fe\u724768-600x471.png 600w\" sizes=\"(max-width: 862px) 100vw, 862px\" \/> <img loading=\"lazy\" decoding=\"async\" class=\"alignnone wp-image-1078 size-full\" src=\"http:\/\/www.xminsulation.com\/wp-content\/uploads\/2024\/05\/\u56fe\u724769.png\" alt=\"\" width=\"1404\" height=\"411\" srcset=\"https:\/\/www.xminsulation.com\/wp-content\/uploads\/2024\/05\/\u56fe\u724769.png 1404w, https:\/\/www.xminsulation.com\/wp-content\/uploads\/2024\/05\/\u56fe\u724769-300x88.png 300w, https:\/\/www.xminsulation.com\/wp-content\/uploads\/2024\/05\/\u56fe\u724769-1024x300.png 1024w, https:\/\/www.xminsulation.com\/wp-content\/uploads\/2024\/05\/\u56fe\u724769-768x225.png 768w, https:\/\/www.xminsulation.com\/wp-content\/uploads\/2024\/05\/\u56fe\u724769-600x176.png 600w\" sizes=\"(max-width: 1404px) 100vw, 1404px\" \/> <img loading=\"lazy\" decoding=\"async\" class=\"alignnone wp-image-1079 size-full\" src=\"http:\/\/www.xminsulation.com\/wp-content\/uploads\/2024\/05\/\u56fe\u724770.png\" alt=\"\" width=\"1000\" height=\"378\" srcset=\"https:\/\/www.xminsulation.com\/wp-content\/uploads\/2024\/05\/\u56fe\u724770.png 1000w, https:\/\/www.xminsulation.com\/wp-content\/uploads\/2024\/05\/\u56fe\u724770-300x113.png 300w, https:\/\/www.xminsulation.com\/wp-content\/uploads\/2024\/05\/\u56fe\u724770-768x290.png 768w, https:\/\/www.xminsulation.com\/wp-content\/uploads\/2024\/05\/\u56fe\u724770-600x227.png 600w\" sizes=\"(max-width: 1000px) 100vw, 1000px\" \/><\/p>\n<h2><strong><b>Uygulama Senaryolar\u0131<\/b><\/strong><\/h2>\n<p><img loading=\"lazy\" decoding=\"async\" class=\"alignnone wp-image-1080 size-full\" src=\"http:\/\/www.xminsulation.com\/wp-content\/uploads\/2024\/05\/\u56fe\u724771.png\" alt=\"\" width=\"759\" height=\"659\" srcset=\"https:\/\/www.xminsulation.com\/wp-content\/uploads\/2024\/05\/\u56fe\u724771.png 759w, https:\/\/www.xminsulation.com\/wp-content\/uploads\/2024\/05\/\u56fe\u724771-300x260.png 300w, https:\/\/www.xminsulation.com\/wp-content\/uploads\/2024\/05\/\u56fe\u724771-600x521.png 600w\" sizes=\"(max-width: 759px) 100vw, 759px\" \/><\/p>\n<p><strong><b>D\u00fc\u015f\u00fck Voltajl\u0131 Acil Durum Jenerat\u00f6r\u00fc Ara\u00e7 H\u0131zl\u0131 Eri\u015fim Kutusu (\u00c7ift Devreli Jenerat\u00f6r Ara\u00e7 H\u0131zl\u0131 Eri\u015fim Kutusu (\u00d6zelle\u015ftirilebilir)<\/b><\/strong><\/p>\n<p><strong><b> <img loading=\"lazy\" decoding=\"async\" class=\"alignnone wp-image-1081 size-full\" src=\"http:\/\/www.xminsulation.com\/wp-content\/uploads\/2024\/05\/\u56fe\u724772.png\" alt=\"\" width=\"1000\" height=\"768\" srcset=\"https:\/\/www.xminsulation.com\/wp-content\/uploads\/2024\/05\/\u56fe\u724772.png 1000w, https:\/\/www.xminsulation.com\/wp-content\/uploads\/2024\/05\/\u56fe\u724772-300x230.png 300w, https:\/\/www.xminsulation.com\/wp-content\/uploads\/2024\/05\/\u56fe\u724772-768x590.png 768w, https:\/\/www.xminsulation.com\/wp-content\/uploads\/2024\/05\/\u56fe\u724772-600x461.png 600w\" sizes=\"(max-width: 1000px) 100vw, 1000px\" \/><\/b><\/strong><\/p>\n<h2><strong><b>Jenerat\u00f6r Kullan\u0131m Senaryolar\u0131<\/b><\/strong><\/h2>\n<p><strong><b> <img loading=\"lazy\" decoding=\"async\" class=\"alignnone size-medium wp-image-1082\" src=\"http:\/\/www.xminsulation.com\/wp-content\/uploads\/2024\/05\/\u56fe\u724773-263x300.png\" alt=\"\" width=\"263\" height=\"300\" srcset=\"https:\/\/www.xminsulation.com\/wp-content\/uploads\/2024\/05\/\u56fe\u724773-263x300.png 263w, https:\/\/www.xminsulation.com\/wp-content\/uploads\/2024\/05\/\u56fe\u724773.png 600w\" sizes=\"(max-width: 263px) 100vw, 263px\" \/><\/b><\/strong><\/p>\n<p><strong><b>\u00a0<\/b><\/strong><\/p>\n<h2 class=\"wxts\">\u25c6\u00d6zel \u00d6zelle\u015ftirme<\/h2>\n<p>Yukar\u0131daki parametreler tipik verilerdir; Mevcut stiller \u00f6zel taleplerinizi kar\u015f\u0131lam\u0131yorsa, l\u00fctfen \u00f6zel bir tasar\u0131m i\u00e7in bizimle ileti\u015fime ge\u00e7in. Ki\u015fiselle\u015ftirilmi\u015f ki\u015fiselle\u015ftirme geli\u015ftirme ve \u00fcretim becerilerimiz, d\u00fcnyan\u0131n her yerindeki m\u00fc\u015fterilerimize \u00f6zel \u00e7\u00f6z\u00fcmler sunmam\u0131za olanak tan\u0131yor.<\/p>","protected":false},"excerpt":{"rendered":"<p>General Information The low-voltage emergency power supply quick-plug interface is also called the emergency power supply quick-connect coupler. One end of it is connected and fixed with the connector on the generator car, and the other end is connected and fixed with the emergency power interface on the medium-voltage or low-voltage switch cabinet to form [&hellip;]<\/p>","protected":false},"featured_media":1070,"template":"","meta":{"site-sidebar-layout":"default","site-content-layout":"","ast-site-content-layout":"default","site-content-style":"default","site-sidebar-style":"default","ast-global-header-display":"","ast-banner-title-visibility":"","ast-main-header-display":"","ast-hfb-above-header-display":"","ast-hfb-below-header-display":"","ast-hfb-mobile-header-display":"","site-post-title":"","ast-breadcrumbs-content":"","ast-featured-img":"","footer-sml-layout":"","theme-transparent-header-meta":"default","adv-header-id-meta":"","stick-header-meta":"","header-above-stick-meta":"","header-main-stick-meta":"","header-below-stick-meta":"","astra-migrate-meta-layouts":"set","ast-page-background-enabled":"default","ast-page-background-meta":{"desktop":{"background-color":"","background-image":"","background-repeat":"repeat","background-position":"center center","background-size":"auto","background-attachment":"scroll","background-type":"","background-media":"","overlay-type":"","overlay-color":"","overlay-gradient":""},"tablet":{"background-color":"","background-image":"","background-repeat":"repeat","background-position":"center center","background-size":"auto","background-attachment":"scroll","background-type":"","background-media":"","overlay-type":"","overlay-color":"","overlay-gradient":""},"mobile":{"background-color":"","background-image":"","background-repeat":"repeat","background-position":"center center","background-size":"auto","background-attachment":"scroll","background-type":"","background-media":"","overlay-type":"","overlay-color":"","overlay-gradient":""}},"ast-content-background-meta":{"desktop":{"background-color":"var(--ast-global-color-5)","background-image":"","background-repeat":"repeat","background-position":"center center","background-size":"auto","background-attachment":"scroll","background-type":"","background-media":"","overlay-type":"","overlay-color":"","overlay-gradient":""},"tablet":{"background-color":"var(--ast-global-color-5)","background-image":"","background-repeat":"repeat","background-position":"center center","background-size":"auto","background-attachment":"scroll","background-type":"","background-media":"","overlay-type":"","overlay-color":"","overlay-gradient":""},"mobile":{"background-color":"var(--ast-global-color-5)","background-image":"","background-repeat":"repeat","background-position":"center center","background-size":"auto","background-attachment":"scroll","background-type":"","background-media":"","overlay-type":"","overlay-color":"","overlay-gradient":""}}},"product_cat":[44],"product_tag":[],"class_list":{"0":"post-1069","1":"product","2":"type-product","3":"status-publish","4":"has-post-thumbnail","6":"product_cat-quik-lock-plugs-and-receptacles-mvlv","7":"desktop-align-left","8":"tablet-align-left","9":"mobile-align-left","11":"first","12":"instock","13":"shipping-taxable","14":"product-type-simple"},"_links":{"self":[{"href":"https:\/\/www.xminsulation.com\/tr\/wp-json\/wp\/v2\/product\/1069","targetHints":{"allow":["GET"]}}],"collection":[{"href":"https:\/\/www.xminsulation.com\/tr\/wp-json\/wp\/v2\/product"}],"about":[{"href":"https:\/\/www.xminsulation.com\/tr\/wp-json\/wp\/v2\/types\/product"}],"wp:featuredmedia":[{"embeddable":true,"href":"https:\/\/www.xminsulation.com\/tr\/wp-json\/wp\/v2\/media\/1070"}],"wp:attachment":[{"href":"https:\/\/www.xminsulation.com\/tr\/wp-json\/wp\/v2\/media?parent=1069"}],"wp:term":[{"taxonomy":"product_cat","embeddable":true,"href":"https:\/\/www.xminsulation.com\/tr\/wp-json\/wp\/v2\/product_cat?post=1069"},{"taxonomy":"product_tag","embeddable":true,"href":"https:\/\/www.xminsulation.com\/tr\/wp-json\/wp\/v2\/product_tag?post=1069"}],"curies":[{"name":"wp","href":"https:\/\/api.w.org\/{rel}","templated":true}]}}