{"id":1016,"date":"2024-05-06T10:36:00","date_gmt":"2024-05-06T02:36:00","guid":{"rendered":"http:\/\/www.xminsulation.com\/?post_type=product&#038;p=1016"},"modified":"2024-05-23T17:59:33","modified_gmt":"2024-05-23T09:59:33","slug":"sf6-gas-insulated-bypass-switch-10-24kv-200a-400a-630a","status":"publish","type":"product","link":"https:\/\/www.xminsulation.com\/tr\/product\/sf6-gas-insulated-bypass-switch-10-24kv-200a-400a-630a\/","title":{"rendered":"SF6 Gaz Yal\u0131t\u0131ml\u0131 Baypas Anahtar\u0131 10\/24kV 200A\/400A\/630A"},"content":{"rendered":"<p><img fetchpriority=\"high\" decoding=\"async\" class=\"alignnone wp-image-1018 size-full\" src=\"http:\/\/www.xminsulation.com\/wp-content\/uploads\/2024\/05\/\u56fe\u724713-1.png\" alt=\"\" width=\"1000\" height=\"1000\" srcset=\"https:\/\/www.xminsulation.com\/wp-content\/uploads\/2024\/05\/\u56fe\u724713-1.png 1000w, https:\/\/www.xminsulation.com\/wp-content\/uploads\/2024\/05\/\u56fe\u724713-1-300x300.png 300w, https:\/\/www.xminsulation.com\/wp-content\/uploads\/2024\/05\/\u56fe\u724713-1-150x150.png 150w, https:\/\/www.xminsulation.com\/wp-content\/uploads\/2024\/05\/\u56fe\u724713-1-768x768.png 768w, https:\/\/www.xminsulation.com\/wp-content\/uploads\/2024\/05\/\u56fe\u724713-1-600x600.png 600w, https:\/\/www.xminsulation.com\/wp-content\/uploads\/2024\/05\/\u56fe\u724713-1-100x100.png 100w\" sizes=\"(max-width: 1000px) 100vw, 1000px\" \/> <img decoding=\"async\" class=\"alignnone wp-image-1019 size-full\" src=\"http:\/\/www.xminsulation.com\/wp-content\/uploads\/2024\/05\/\u56fe\u724714.png\" alt=\"\" width=\"1000\" height=\"1036\" srcset=\"https:\/\/www.xminsulation.com\/wp-content\/uploads\/2024\/05\/\u56fe\u724714.png 1000w, https:\/\/www.xminsulation.com\/wp-content\/uploads\/2024\/05\/\u56fe\u724714-290x300.png 290w, https:\/\/www.xminsulation.com\/wp-content\/uploads\/2024\/05\/\u56fe\u724714-988x1024.png 988w, https:\/\/www.xminsulation.com\/wp-content\/uploads\/2024\/05\/\u56fe\u724714-768x796.png 768w, https:\/\/www.xminsulation.com\/wp-content\/uploads\/2024\/05\/\u56fe\u724714-600x622.png 600w\" sizes=\"(max-width: 1000px) 100vw, 1000px\" \/> <img decoding=\"async\" class=\"alignnone wp-image-1020 size-full\" src=\"http:\/\/www.xminsulation.com\/wp-content\/uploads\/2024\/05\/\u56fe\u724715.png\" alt=\"\" width=\"1000\" height=\"1194\" srcset=\"https:\/\/www.xminsulation.com\/wp-content\/uploads\/2024\/05\/\u56fe\u724715.png 1000w, https:\/\/www.xminsulation.com\/wp-content\/uploads\/2024\/05\/\u56fe\u724715-251x300.png 251w, https:\/\/www.xminsulation.com\/wp-content\/uploads\/2024\/05\/\u56fe\u724715-858x1024.png 858w, https:\/\/www.xminsulation.com\/wp-content\/uploads\/2024\/05\/\u56fe\u724715-768x917.png 768w, https:\/\/www.xminsulation.com\/wp-content\/uploads\/2024\/05\/\u56fe\u724715-600x716.png 600w\" sizes=\"(max-width: 1000px) 100vw, 1000px\" \/> <img loading=\"lazy\" decoding=\"async\" class=\"alignnone wp-image-1021 size-full\" src=\"http:\/\/www.xminsulation.com\/wp-content\/uploads\/2024\/05\/\u56fe\u724716.png\" alt=\"\" width=\"1000\" height=\"954\" srcset=\"https:\/\/www.xminsulation.com\/wp-content\/uploads\/2024\/05\/\u56fe\u724716.png 1000w, https:\/\/www.xminsulation.com\/wp-content\/uploads\/2024\/05\/\u56fe\u724716-300x286.png 300w, https:\/\/www.xminsulation.com\/wp-content\/uploads\/2024\/05\/\u56fe\u724716-768x733.png 768w, https:\/\/www.xminsulation.com\/wp-content\/uploads\/2024\/05\/\u56fe\u724716-600x572.png 600w\" sizes=\"(max-width: 1000px) 100vw, 1000px\" \/><\/p>\n<h2><strong><b>Genel bilgi<\/b><\/strong><\/h2>\n<p>Bypass entegre eylem teknolojisi, da\u011f\u0131t\u0131m \u015febekesinde g\u00fc\u00e7 kayna\u011f\u0131n\u0131n g\u00fcvenilirli\u011fini art\u0131rmak i\u00e7in yeni bir i\u015fletme teknolojisidir. Da\u011f\u0131t\u0131m \u015febekesi konvansiyonel i\u015fletme, \u015farjl\u0131 i\u015fletme, bypass i\u00e7erir<\/p>\n<p>\u00e7al\u0131\u015fma, mobil g\u00fc\u00e7 \u00e7al\u0131\u015fmas\u0131 ve di\u011fer \u00e7al\u0131\u015fma modlar\u0131.<\/p>\n<p>10\/24kV 200A\/400A\/630A LBS m\u00fchendislik tipi bypass y\u00fck anahtar\u0131, bypass entegre yeni \u00e7al\u0131\u015fma teknolojisini kar\u015f\u0131lamak i\u00e7in temel ekipmand\u0131r. Anahtar, kullan\u0131c\u0131lara bir yap\u0131 blo\u011fu kombinasyonunda bypass g\u00fc\u00e7 kayna\u011f\u0131 sa\u011flamak i\u00e7in farkl\u0131 g\u00fc\u00e7 da\u011f\u0131t\u0131m \u00fcniteleri olu\u015fturmak \u00fczere esnek g\u00fc\u00e7 kablolar\u0131, kendili\u011finden kilitlenen h\u0131zl\u0131 tak-\u00e7\u0131kar kablo konnekt\u00f6rleri, bypass anahtarlar\u0131, mobil kutu kamyonlar\u0131 ve di\u011fer ekipmanlar\u0131 kullan\u0131r. Sadece g\u00fc\u00e7 da\u011f\u0131t\u0131m operat\u00f6rlerinin kesintisiz g\u00fc\u00e7 kayna\u011f\u0131 alt\u0131nda hat bak\u0131m \u00e7al\u0131\u015fmalar\u0131n\u0131 tamamlamas\u0131n\u0131 sa\u011flamakla kalmaz, ayn\u0131 zamanda ba\u015fa \u00e7\u0131k\u0131lmas\u0131 daha zor olan kablo hatt\u0131 ar\u0131za onar\u0131m\u0131na ge\u00e7ici g\u00fc\u00e7 kayna\u011f\u0131 sa\u011flar, elektrik kesintisi kapsam\u0131n\u0131 azalt\u0131r, elektrik kesintisinin kullan\u0131c\u0131 \u00fczerindeki etkisini azalt\u0131r ve g\u00fc\u00e7 kayna\u011f\u0131n\u0131n g\u00fcvenilirli\u011fini art\u0131r\u0131r.<\/p>\n<p>Bypass y\u00fck \u015falteri, \u00fcst\u00fcn yal\u0131t\u0131m ve ark s\u00f6nd\u00fcrme \u00f6zelliklerine sahip, geli\u015fmi\u015f ana devre yap\u0131s\u0131na sahip SF6 gaz\u0131 kullanmaktad\u0131r.<\/p>\n<h2><strong><b>\u00dcr\u00fcn \u00d6zellikleri<\/b><\/strong><\/h2>\n<ol>\n<li>\u015ealter kutusu, kal\u0131c\u0131 kullan\u0131m i\u00e7in korozyon direnci gereksinimlerini kar\u015f\u0131lamak amac\u0131yla 304 paslanmaz \u00e7elikten \u00fcretilmi\u015ftir.<\/li>\n<li>Ana devre \u00e7al\u0131\u015fma mekanizmas\u0131 basit bir ters \u00fc\u00e7gen yap\u0131d\u0131r (Toggle), bu nedenle deprem veya kuvvetli r\u00fczgarlar\u0131n neden oldu\u011fu y\u00fcksek frekansl\u0131 titre\u015fim, yer \u00e7ekimi, d\u0131\u015f darbe vb.&#039;den etkilenmez. Performans\u0131 \u00e7ok kararl\u0131d\u0131r ve mekanik \u00f6mr\u00fc uzundur. Manuel ve elektrikli anahtarlama kullan\u0131labilir. , ayr\u0131 \u00e7al\u0131\u015fma, yedek koruma cihaz\u0131yla e\u015fle\u015ftirildi\u011finde iyi uyumluluk.<\/li>\n<li>Anahtar, h\u0131zl\u0131 tak-\u00e7\u0131kar k\u0131l\u0131f kullan\u0131r ve Avrupa ve Amerikan tipi kendinden kilitlemeli h\u0131zl\u0131 ba\u011flant\u0131 tak-\u00e7\u0131kar aray\u00fczleriyle donat\u0131labilir.<\/li>\n<li>CT\/RVT koruma cihaz\u0131n\u0131n yap\u0131land\u0131r\u0131lmas\u0131: Ak\u0131m \u00f6l\u00e7\u00fcm cihaz\u0131n\u0131n a\u015f\u0131r\u0131 ak\u0131m\u0131n\u0131 ve CT a\u00e7\u0131k devresini ve gerilim \u00f6l\u00e7\u00fcm cihaz\u0131n\u0131n a\u015f\u0131r\u0131 gerilimini \u00f6nlemek i\u00e7in.<\/li>\n<li>\u015earj g\u00f6stergesi ve say\u0131m g\u00f6stergesi mevcuttur; n\u00fckleer faz fonksiyonu vard\u0131r.<\/li>\n<li>Manuel kullan\u0131m, elektrikli kullan\u0131m, lokal uzaktan kumanda kullan\u0131m\u0131 ve uzaktan kumanda ile a\u00e7ma-kapama fonksiyonlar\u0131na (opsiyonel) sahip olup, kullan\u0131m\u0131 rahat, h\u0131zl\u0131 ve g\u00fcvenli hale getirir.<\/li>\n<li>Ar\u0131za tespiti, alarm ve otomatik ar\u0131za kesme fonksiyonlar\u0131 (opsiyonel) ile ar\u0131za tespiti ve koruma kolayl\u0131\u011f\u0131 sa\u011flar.<\/li>\n<\/ol>\n<p><img loading=\"lazy\" decoding=\"async\" class=\"alignnone wp-image-1022 size-full\" src=\"http:\/\/www.xminsulation.com\/wp-content\/uploads\/2024\/05\/\u56fe\u724717.png\" alt=\"\" width=\"1196\" height=\"1188\" srcset=\"https:\/\/www.xminsulation.com\/wp-content\/uploads\/2024\/05\/\u56fe\u724717.png 1196w, https:\/\/www.xminsulation.com\/wp-content\/uploads\/2024\/05\/\u56fe\u724717-300x298.png 300w, https:\/\/www.xminsulation.com\/wp-content\/uploads\/2024\/05\/\u56fe\u724717-1024x1017.png 1024w, https:\/\/www.xminsulation.com\/wp-content\/uploads\/2024\/05\/\u56fe\u724717-150x150.png 150w, https:\/\/www.xminsulation.com\/wp-content\/uploads\/2024\/05\/\u56fe\u724717-768x763.png 768w, https:\/\/www.xminsulation.com\/wp-content\/uploads\/2024\/05\/\u56fe\u724717-600x596.png 600w, https:\/\/www.xminsulation.com\/wp-content\/uploads\/2024\/05\/\u56fe\u724717-100x100.png 100w\" sizes=\"(max-width: 1196px) 100vw, 1196px\" \/><\/p>\n<h2><strong><b>Kullan\u0131m <\/b><\/strong><strong><b>e<\/b><\/strong><strong><b>\u00e7evre<\/b><\/strong><\/h2>\n<ol>\n<li>\u00c7al\u0131\u015fma s\u0131cakl\u0131\u011f\u0131: -40~+85\u2103.<\/li>\n<li>Nem durumu: 0 ~ 80% (ba\u011f\u0131l nem).<\/li>\n<li>Kullan\u0131m y\u00fcksekli\u011fi: Deniz seviyesinden 800m&#039;nin alt\u0131.<\/li>\n<\/ol>\n<h2><strong><b>Manuel <\/b><\/strong><strong><b>B<\/b><\/strong><strong><b>ge\u00e7ti <\/b><\/strong><strong><b>S<\/b><\/strong><strong><b>cad\u0131 <\/b><\/strong><strong><b>S<\/b><\/strong><strong><b>yap\u0131 ve <\/b><\/strong><strong><b>D<\/b><\/strong><strong><b>boyut <\/b><\/strong><strong><b>D<\/b><\/strong><strong><b>\u00e7i\u011fneme<\/b><\/strong><\/h2>\n<p><strong><b> <img loading=\"lazy\" decoding=\"async\" class=\"alignnone wp-image-1023 size-full\" src=\"http:\/\/www.xminsulation.com\/wp-content\/uploads\/2024\/05\/\u56fe\u724718.png\" alt=\"\" width=\"1000\" height=\"767\" srcset=\"https:\/\/www.xminsulation.com\/wp-content\/uploads\/2024\/05\/\u56fe\u724718.png 1000w, https:\/\/www.xminsulation.com\/wp-content\/uploads\/2024\/05\/\u56fe\u724718-300x230.png 300w, https:\/\/www.xminsulation.com\/wp-content\/uploads\/2024\/05\/\u56fe\u724718-768x589.png 768w, https:\/\/www.xminsulation.com\/wp-content\/uploads\/2024\/05\/\u56fe\u724718-600x460.png 600w\" sizes=\"(max-width: 1000px) 100vw, 1000px\" \/> <img loading=\"lazy\" decoding=\"async\" class=\"alignnone wp-image-1024 size-full\" src=\"http:\/\/www.xminsulation.com\/wp-content\/uploads\/2024\/05\/\u56fe\u724719.png\" alt=\"\" width=\"1000\" height=\"796\" srcset=\"https:\/\/www.xminsulation.com\/wp-content\/uploads\/2024\/05\/\u56fe\u724719.png 1000w, https:\/\/www.xminsulation.com\/wp-content\/uploads\/2024\/05\/\u56fe\u724719-300x239.png 300w, https:\/\/www.xminsulation.com\/wp-content\/uploads\/2024\/05\/\u56fe\u724719-768x611.png 768w, https:\/\/www.xminsulation.com\/wp-content\/uploads\/2024\/05\/\u56fe\u724719-600x478.png 600w\" sizes=\"(max-width: 1000px) 100vw, 1000px\" \/><\/b><\/strong><\/p>\n<p>1, Cihaz Hatas\u0131 Sayac\u0131.<\/p>\n<p>2. \u00c7al\u0131\u015ft\u0131rma kolu ve isim plakas\u0131.<\/p>\n<p>3,\u5de6\u4fa7\u94e0\u88c5\u5957\u7ba1\u63d2\u5ea7\u53ca\u9632\u5c18\u76d6Sol taraftaki z\u0131rhl\u0131 kovan soketi ve toz kapa\u011f\u0131.<\/p>\n<p>4. Manuel kilitleme cihaz\u0131.<\/p>\n<p>5,SF6 hava bas\u0131nc\u0131 g\u00f6stergesi.<\/p>\n<p>6,SF6 gaz enjeksiyon valfi.<\/p>\n<p>7,Alt tripod.<\/p>\n<p>8.Kald\u0131rma kollar\u0131 ve kald\u0131rma kulplar\u0131.<\/p>\n<p>9,\u53f3\u4fa7\u94e0\u88c5\u5957\u7ba1\u63d2\u5ea7\u53ca\u9632\u5c18\u76d6Sa\u011f z\u0131rhl\u0131 kovan soketi ve toz kapa\u011f\u0131.<\/p>\n<p>10,\u6838\u76f8\u4eea\/\u63a7\u5236\u5668N\u00fckleer faz analiz\u00f6r\u00fc\/kontrol\u00f6r\u00fc.<\/p>\n<p>11,\u65c1\u8def\u5f00\u5173\u56fa\u5b9a\u5668Bypass anahtar\u0131 tutucusu.<\/p>\n<p>12, Toprak deli\u011fi.<\/p>\n<p>13,\u9ad8\u538b\u9632\u7206\u88c5\u7f6eY\u00fcksek bas\u0131n\u00e7l\u0131 patlamaya dayan\u0131kl\u0131 cihaz.<\/p>\n<p><img loading=\"lazy\" decoding=\"async\" class=\"alignnone wp-image-1025 size-full\" src=\"http:\/\/www.xminsulation.com\/wp-content\/uploads\/2024\/05\/\u56fe\u724720.png\" alt=\"\" width=\"1000\" height=\"959\" srcset=\"https:\/\/www.xminsulation.com\/wp-content\/uploads\/2024\/05\/\u56fe\u724720.png 1000w, https:\/\/www.xminsulation.com\/wp-content\/uploads\/2024\/05\/\u56fe\u724720-300x288.png 300w, https:\/\/www.xminsulation.com\/wp-content\/uploads\/2024\/05\/\u56fe\u724720-768x737.png 768w, https:\/\/www.xminsulation.com\/wp-content\/uploads\/2024\/05\/\u56fe\u724720-600x575.png 600w\" sizes=\"(max-width: 1000px) 100vw, 1000px\" \/> <img loading=\"lazy\" decoding=\"async\" class=\"alignnone wp-image-1026 size-full\" src=\"http:\/\/www.xminsulation.com\/wp-content\/uploads\/2024\/05\/\u56fe\u724721.png\" alt=\"\" width=\"1000\" height=\"1226\" srcset=\"https:\/\/www.xminsulation.com\/wp-content\/uploads\/2024\/05\/\u56fe\u724721.png 1000w, https:\/\/www.xminsulation.com\/wp-content\/uploads\/2024\/05\/\u56fe\u724721-245x300.png 245w, https:\/\/www.xminsulation.com\/wp-content\/uploads\/2024\/05\/\u56fe\u724721-835x1024.png 835w, https:\/\/www.xminsulation.com\/wp-content\/uploads\/2024\/05\/\u56fe\u724721-768x942.png 768w, https:\/\/www.xminsulation.com\/wp-content\/uploads\/2024\/05\/\u56fe\u724721-600x736.png 600w\" sizes=\"(max-width: 1000px) 100vw, 1000px\" \/> <img loading=\"lazy\" decoding=\"async\" class=\"alignnone wp-image-1027 size-full\" src=\"http:\/\/www.xminsulation.com\/wp-content\/uploads\/2024\/05\/\u56fe\u724722.png\" alt=\"\" width=\"1000\" height=\"1443\" srcset=\"https:\/\/www.xminsulation.com\/wp-content\/uploads\/2024\/05\/\u56fe\u724722.png 1000w, https:\/\/www.xminsulation.com\/wp-content\/uploads\/2024\/05\/\u56fe\u724722-208x300.png 208w, https:\/\/www.xminsulation.com\/wp-content\/uploads\/2024\/05\/\u56fe\u724722-710x1024.png 710w, https:\/\/www.xminsulation.com\/wp-content\/uploads\/2024\/05\/\u56fe\u724722-768x1108.png 768w, https:\/\/www.xminsulation.com\/wp-content\/uploads\/2024\/05\/\u56fe\u724722-600x866.png 600w\" sizes=\"(max-width: 1000px) 100vw, 1000px\" \/> <img loading=\"lazy\" decoding=\"async\" class=\"alignnone wp-image-1028 size-full\" src=\"http:\/\/www.xminsulation.com\/wp-content\/uploads\/2024\/05\/\u56fe\u724723.png\" alt=\"\" width=\"1000\" height=\"906\" srcset=\"https:\/\/www.xminsulation.com\/wp-content\/uploads\/2024\/05\/\u56fe\u724723.png 1000w, https:\/\/www.xminsulation.com\/wp-content\/uploads\/2024\/05\/\u56fe\u724723-300x272.png 300w, https:\/\/www.xminsulation.com\/wp-content\/uploads\/2024\/05\/\u56fe\u724723-768x696.png 768w, https:\/\/www.xminsulation.com\/wp-content\/uploads\/2024\/05\/\u56fe\u724723-600x544.png 600w\" sizes=\"(max-width: 1000px) 100vw, 1000px\" \/> <img loading=\"lazy\" decoding=\"async\" class=\"alignnone wp-image-1029 size-full\" src=\"http:\/\/www.xminsulation.com\/wp-content\/uploads\/2024\/05\/\u56fe\u724724.png\" alt=\"\" width=\"1000\" height=\"518\" srcset=\"https:\/\/www.xminsulation.com\/wp-content\/uploads\/2024\/05\/\u56fe\u724724.png 1000w, https:\/\/www.xminsulation.com\/wp-content\/uploads\/2024\/05\/\u56fe\u724724-300x155.png 300w, https:\/\/www.xminsulation.com\/wp-content\/uploads\/2024\/05\/\u56fe\u724724-768x398.png 768w, https:\/\/www.xminsulation.com\/wp-content\/uploads\/2024\/05\/\u56fe\u724724-600x311.png 600w\" sizes=\"(max-width: 1000px) 100vw, 1000px\" \/><\/p>\n<h2><strong><b>Elektrik Baypas Anahtar\u0131 Yap\u0131s\u0131 ve Boyut \u00c7izimi<\/b><\/strong><\/h2>\n<p><img loading=\"lazy\" decoding=\"async\" class=\"alignnone wp-image-1030 size-full\" src=\"http:\/\/www.xminsulation.com\/wp-content\/uploads\/2024\/05\/\u56fe\u724725.png\" alt=\"\" width=\"1000\" height=\"753\" srcset=\"https:\/\/www.xminsulation.com\/wp-content\/uploads\/2024\/05\/\u56fe\u724725.png 1000w, https:\/\/www.xminsulation.com\/wp-content\/uploads\/2024\/05\/\u56fe\u724725-300x226.png 300w, https:\/\/www.xminsulation.com\/wp-content\/uploads\/2024\/05\/\u56fe\u724725-768x578.png 768w, https:\/\/www.xminsulation.com\/wp-content\/uploads\/2024\/05\/\u56fe\u724725-600x452.png 600w\" sizes=\"(max-width: 1000px) 100vw, 1000px\" \/><\/p>\n<p>1, Cihaz Hatas\u0131 Sayac\u0131.<\/p>\n<p>2,\u4ea7\u54c1\u94ed\u724c\u00dcr\u00fcn isim plakas\u0131.<\/p>\n<p>3,\u5de6\u4fa7\u94e0\u88c5\u5957\u7ba1\u63d2\u5ea7\u53ca\u9632\u5c18\u76d6Sol taraftaki z\u0131rhl\u0131 kovan soketi ve toz kapa\u011f\u0131.<\/p>\n<p>4. Manuel kilitleme cihaz\u0131.<\/p>\n<p>5,SF6 hava bas\u0131nc\u0131 g\u00f6stergesi.<\/p>\n<p>6,SF6 gaz enjeksiyon valfi.<\/p>\n<p>7,Alt tripod.<\/p>\n<p>8.Kald\u0131rma kollar\u0131 ve kald\u0131rma kulplar\u0131.<\/p>\n<p>9,\u53f3\u4fa7\u94e0\u88c5\u5957\u7ba1\u63d2\u5ea7\u53ca\u9632\u5c18\u76d6Sa\u011f z\u0131rhl\u0131 kovan soketi ve toz kapa\u011f\u0131.<\/p>\n<p>10,\u6838\u76f8\u4eea\/\u63a7\u5236\u5668N\u00fckleer faz analiz\u00f6r\u00fc\/kontrol\u00f6r\u00fc.<\/p>\n<p>11,\u9ad8\u6c14\u538b\u9632\u7206\u88c5\u7f6eY\u00fcksek bas\u0131n\u00e7l\u0131 patlamaya dayan\u0131kl\u0131 cihaz.<\/p>\n<p>12,\u64cd\u4f5c\u624b\u67c4\u00c7al\u0131\u015ft\u0131rma kolu.<\/p>\n<p>13, Topraklama saplamas\u0131.<\/p>\n<p>14,\u822a\u7a7a\u63d2\u5ea7Havac\u0131l\u0131k soketi.<\/p>\n<p><img loading=\"lazy\" decoding=\"async\" class=\"alignnone wp-image-1031 size-full\" src=\"http:\/\/www.xminsulation.com\/wp-content\/uploads\/2024\/05\/\u56fe\u724726.png\" alt=\"\" width=\"1000\" height=\"1188\" srcset=\"https:\/\/www.xminsulation.com\/wp-content\/uploads\/2024\/05\/\u56fe\u724726.png 1000w, https:\/\/www.xminsulation.com\/wp-content\/uploads\/2024\/05\/\u56fe\u724726-253x300.png 253w, https:\/\/www.xminsulation.com\/wp-content\/uploads\/2024\/05\/\u56fe\u724726-862x1024.png 862w, https:\/\/www.xminsulation.com\/wp-content\/uploads\/2024\/05\/\u56fe\u724726-768x912.png 768w, https:\/\/www.xminsulation.com\/wp-content\/uploads\/2024\/05\/\u56fe\u724726-600x713.png 600w\" sizes=\"(max-width: 1000px) 100vw, 1000px\" \/> <img loading=\"lazy\" decoding=\"async\" class=\"alignnone wp-image-1032 size-full\" src=\"http:\/\/www.xminsulation.com\/wp-content\/uploads\/2024\/05\/\u56fe\u724727.png\" alt=\"\" width=\"1000\" height=\"749\" srcset=\"https:\/\/www.xminsulation.com\/wp-content\/uploads\/2024\/05\/\u56fe\u724727.png 1000w, https:\/\/www.xminsulation.com\/wp-content\/uploads\/2024\/05\/\u56fe\u724727-300x225.png 300w, https:\/\/www.xminsulation.com\/wp-content\/uploads\/2024\/05\/\u56fe\u724727-768x575.png 768w, https:\/\/www.xminsulation.com\/wp-content\/uploads\/2024\/05\/\u56fe\u724727-600x449.png 600w\" sizes=\"(max-width: 1000px) 100vw, 1000px\" \/> <img loading=\"lazy\" decoding=\"async\" class=\"alignnone wp-image-1033 size-full\" src=\"http:\/\/www.xminsulation.com\/wp-content\/uploads\/2024\/05\/\u56fe\u724728.png\" alt=\"\" width=\"1000\" height=\"915\" srcset=\"https:\/\/www.xminsulation.com\/wp-content\/uploads\/2024\/05\/\u56fe\u724728.png 1000w, https:\/\/www.xminsulation.com\/wp-content\/uploads\/2024\/05\/\u56fe\u724728-300x275.png 300w, https:\/\/www.xminsulation.com\/wp-content\/uploads\/2024\/05\/\u56fe\u724728-768x703.png 768w, https:\/\/www.xminsulation.com\/wp-content\/uploads\/2024\/05\/\u56fe\u724728-600x549.png 600w\" sizes=\"(max-width: 1000px) 100vw, 1000px\" \/> <img loading=\"lazy\" decoding=\"async\" class=\"alignnone wp-image-1034 size-full\" src=\"http:\/\/www.xminsulation.com\/wp-content\/uploads\/2024\/05\/\u56fe\u724729.png\" alt=\"\" width=\"467\" height=\"806\" srcset=\"https:\/\/www.xminsulation.com\/wp-content\/uploads\/2024\/05\/\u56fe\u724729.png 467w, https:\/\/www.xminsulation.com\/wp-content\/uploads\/2024\/05\/\u56fe\u724729-174x300.png 174w\" sizes=\"(max-width: 467px) 100vw, 467px\" \/><\/p>\n<p><strong><b>Kurulumu <\/b><\/strong><strong><b>S<\/b><\/strong><strong><b>cad\u0131 <\/b><\/strong><strong><b>B<\/b><\/strong><strong><b>Ody<\/b><\/strong><\/p>\n<ol>\n<li>Tutucuyu dire\u011fe tak\u0131n.<\/li>\n<\/ol>\n<p><img loading=\"lazy\" decoding=\"async\" class=\"alignnone wp-image-1035 size-full\" src=\"http:\/\/www.xminsulation.com\/wp-content\/uploads\/2024\/05\/\u56fe\u724730.png\" alt=\"\" width=\"600\" height=\"573\" srcset=\"https:\/\/www.xminsulation.com\/wp-content\/uploads\/2024\/05\/\u56fe\u724730.png 600w, https:\/\/www.xminsulation.com\/wp-content\/uploads\/2024\/05\/\u56fe\u724730-300x287.png 300w\" sizes=\"(max-width: 600px) 100vw, 600px\" \/><\/p>\n<ol start=\"2\">\n<li>Baypas anahtar\u0131n\u0131 tutucuya as\u0131n.<\/li>\n<\/ol>\n<p><img loading=\"lazy\" decoding=\"async\" class=\"alignnone wp-image-1036 size-full\" src=\"http:\/\/www.xminsulation.com\/wp-content\/uploads\/2024\/05\/\u56fe\u724731.png\" alt=\"\" width=\"600\" height=\"297\" srcset=\"https:\/\/www.xminsulation.com\/wp-content\/uploads\/2024\/05\/\u56fe\u724731.png 600w, https:\/\/www.xminsulation.com\/wp-content\/uploads\/2024\/05\/\u56fe\u724731-300x149.png 300w\" sizes=\"(max-width: 600px) 100vw, 600px\" \/><\/p>\n<p><img loading=\"lazy\" decoding=\"async\" class=\"alignnone wp-image-1037 size-full\" src=\"http:\/\/www.xminsulation.com\/wp-content\/uploads\/2024\/05\/\u56fe\u724732.png\" alt=\"\" width=\"600\" height=\"335\" srcset=\"https:\/\/www.xminsulation.com\/wp-content\/uploads\/2024\/05\/\u56fe\u724732.png 600w, https:\/\/www.xminsulation.com\/wp-content\/uploads\/2024\/05\/\u56fe\u724732-300x168.png 300w\" sizes=\"(max-width: 600px) 100vw, 600px\" \/><\/p>\n<h2 class=\"wxts\">\u25c6\u00d6zel \u00d6zelle\u015ftirme<\/h2>\n<p>Yukar\u0131daki parametreler tipik verilerdir; Mevcut stiller \u00f6zel taleplerinizi kar\u015f\u0131lam\u0131yorsa, l\u00fctfen \u00f6zel bir tasar\u0131m i\u00e7in bizimle ileti\u015fime ge\u00e7in. Ki\u015fiselle\u015ftirilmi\u015f ki\u015fiselle\u015ftirme geli\u015ftirme ve \u00fcretim becerilerimiz, d\u00fcnyan\u0131n her yerindeki m\u00fc\u015fterilerimize \u00f6zel \u00e7\u00f6z\u00fcmler sunmam\u0131za olanak tan\u0131yor.<\/p>","protected":false},"excerpt":{"rendered":"<p>General Information Bypass integrated action technology is a new operation technology to improve the reliability of power supply in distribution network. It includes distribution network conventional operation, charged operation, bypass operation, mobile power operation and other operation modes. 10\/24kV 200A\/400A\/630A LBS engineering type bypass load switch is the core equipment to meet the bypass integrated [&hellip;]<\/p>","protected":false},"featured_media":1017,"template":"","meta":{"site-sidebar-layout":"default","site-content-layout":"","ast-site-content-layout":"default","site-content-style":"default","site-sidebar-style":"default","ast-global-header-display":"","ast-banner-title-visibility":"","ast-main-header-display":"","ast-hfb-above-header-display":"","ast-hfb-below-header-display":"","ast-hfb-mobile-header-display":"","site-post-title":"","ast-breadcrumbs-content":"","ast-featured-img":"","footer-sml-layout":"","theme-transparent-header-meta":"default","adv-header-id-meta":"","stick-header-meta":"","header-above-stick-meta":"","header-main-stick-meta":"","header-below-stick-meta":"","astra-migrate-meta-layouts":"set","ast-page-background-enabled":"default","ast-page-background-meta":{"desktop":{"background-color":"","background-image":"","background-repeat":"repeat","background-position":"center center","background-size":"auto","background-attachment":"scroll","background-type":"","background-media":"","overlay-type":"","overlay-color":"","overlay-gradient":""},"tablet":{"background-color":"","background-image":"","background-repeat":"repeat","background-position":"center center","background-size":"auto","background-attachment":"scroll","background-type":"","background-media":"","overlay-type":"","overlay-color":"","overlay-gradient":""},"mobile":{"background-color":"","background-image":"","background-repeat":"repeat","background-position":"center center","background-size":"auto","background-attachment":"scroll","background-type":"","background-media":"","overlay-type":"","overlay-color":"","overlay-gradient":""}},"ast-content-background-meta":{"desktop":{"background-color":"var(--ast-global-color-5)","background-image":"","background-repeat":"repeat","background-position":"center center","background-size":"auto","background-attachment":"scroll","background-type":"","background-media":"","overlay-type":"","overlay-color":"","overlay-gradient":""},"tablet":{"background-color":"var(--ast-global-color-5)","background-image":"","background-repeat":"repeat","background-position":"center center","background-size":"auto","background-attachment":"scroll","background-type":"","background-media":"","overlay-type":"","overlay-color":"","overlay-gradient":""},"mobile":{"background-color":"var(--ast-global-color-5)","background-image":"","background-repeat":"repeat","background-position":"center center","background-size":"auto","background-attachment":"scroll","background-type":"","background-media":"","overlay-type":"","overlay-color":"","overlay-gradient":""}}},"product_cat":[57],"product_tag":[],"class_list":{"0":"post-1016","1":"product","2":"type-product","3":"status-publish","4":"has-post-thumbnail","6":"product_cat-bypass-switch","7":"desktop-align-left","8":"tablet-align-left","9":"mobile-align-left","11":"first","12":"instock","13":"shipping-taxable","14":"product-type-simple"},"_links":{"self":[{"href":"https:\/\/www.xminsulation.com\/tr\/wp-json\/wp\/v2\/product\/1016","targetHints":{"allow":["GET"]}}],"collection":[{"href":"https:\/\/www.xminsulation.com\/tr\/wp-json\/wp\/v2\/product"}],"about":[{"href":"https:\/\/www.xminsulation.com\/tr\/wp-json\/wp\/v2\/types\/product"}],"wp:featuredmedia":[{"embeddable":true,"href":"https:\/\/www.xminsulation.com\/tr\/wp-json\/wp\/v2\/media\/1017"}],"wp:attachment":[{"href":"https:\/\/www.xminsulation.com\/tr\/wp-json\/wp\/v2\/media?parent=1016"}],"wp:term":[{"taxonomy":"product_cat","embeddable":true,"href":"https:\/\/www.xminsulation.com\/tr\/wp-json\/wp\/v2\/product_cat?post=1016"},{"taxonomy":"product_tag","embeddable":true,"href":"https:\/\/www.xminsulation.com\/tr\/wp-json\/wp\/v2\/product_tag?post=1016"}],"curies":[{"name":"wp","href":"https:\/\/api.w.org\/{rel}","templated":true}]}}