{"id":1000,"date":"2024-05-06T10:00:12","date_gmt":"2024-05-06T02:00:12","guid":{"rendered":"http:\/\/www.xminsulation.com\/?post_type=product&#038;p=1000"},"modified":"2024-05-23T21:39:51","modified_gmt":"2024-05-23T13:39:51","slug":"40-5kv-630a-sf6-gis-circuit-breaker-upper-isolation","status":"publish","type":"product","link":"https:\/\/www.xminsulation.com\/tr\/product\/40-5kv-630a-sf6-gis-circuit-breaker-upper-isolation\/","title":{"rendered":"40.5kV-630A SF6 GIS Devre Kesici (\u00dcst \u0130zolasyon)"},"content":{"rendered":"<p><img fetchpriority=\"high\" decoding=\"async\" class=\"alignnone wp-image-1001 size-full\" src=\"http:\/\/www.xminsulation.com\/wp-content\/uploads\/2024\/05\/\u56fe\u72472.jpg\" alt=\"\" width=\"877\" height=\"877\" srcset=\"https:\/\/www.xminsulation.com\/wp-content\/uploads\/2024\/05\/\u56fe\u72472.jpg 877w, https:\/\/www.xminsulation.com\/wp-content\/uploads\/2024\/05\/\u56fe\u72472-300x300.jpg 300w, https:\/\/www.xminsulation.com\/wp-content\/uploads\/2024\/05\/\u56fe\u72472-150x150.jpg 150w, https:\/\/www.xminsulation.com\/wp-content\/uploads\/2024\/05\/\u56fe\u72472-768x768.jpg 768w, https:\/\/www.xminsulation.com\/wp-content\/uploads\/2024\/05\/\u56fe\u72472-600x600.jpg 600w, https:\/\/www.xminsulation.com\/wp-content\/uploads\/2024\/05\/\u56fe\u72472-100x100.jpg 100w\" sizes=\"(max-width: 877px) 100vw, 877px\" \/><\/p>\n<h2>Genel bilgi<\/h2>\n<p>SF6 40.5kV-630A Tamamen yal\u0131t\u0131lm\u0131\u015f ve tamamen kapal\u0131 GIS y\u00fcksek gerilim anahtar\u0131, 35kV-40.5kV iletim ve da\u011f\u0131t\u0131m sistemi kontrol\u00fc ve korumas\u0131 i\u00e7in uygundur, y\u00fck ak\u0131m\u0131n\u0131, k\u0131sa devre ak\u0131m\u0131n\u0131 b\u00f6lmek i\u00e7in kullan\u0131l\u0131r. Mod\u00fcler tasar\u0131m, kompakt yap\u0131, iyi kesme performans\u0131, y\u00fcksek g\u00fcvenilirlik, uzun \u00f6m\u00fcr, tam yal\u0131t\u0131m, bak\u0131m gerektirmeyen, k\u00fc\u00e7\u00fck ayak izi ile karakterize edilir ve end\u00fcstriyel, sivil halka a\u011flar\u0131nda ve terminal g\u00fc\u00e7 kayna\u011f\u0131 a\u011flar\u0131nda yayg\u0131n olarak kullan\u0131labilir. \u00d6zellikle k\u00fc\u00e7\u00fck ikincil da\u011f\u0131t\u0131m g\u00fc\u00e7 istasyonlar\u0131, a\u00e7ma ve kapama istasyonlar\u0131, end\u00fcstriyel ve madencilik i\u015fletmeleri, havaalanlar\u0131, demiryollar\u0131, otoyollar, metrolar, i\u015f b\u00f6lgeleri, ya\u015fam alanlar\u0131, r\u00fczgar enerjisi, optoelektronik ve di\u011fer alanlar i\u00e7in uygundur.<\/p>\n<h2>\u00c7evresel Kullan\u0131m Ko\u015fullar\u0131<\/h2>\n<p>Montaj Yeri: Benzin deposunun i\u00e7i.<br \/>\nOrtam s\u0131cakl\u0131\u011f\u0131 (\u2103): -45~+40.<br \/>\nY\u00fckseklik(m):\u22642000.<br \/>\nHava Nemi (%): G\u00fcnl\u00fck ortalama 95%&#039;den fazla de\u011fildir, ayl\u0131k ortalama ise 90%&#039;den fazla de\u011fildir.<br \/>\nSismik yo\u011funluk:\u22648 derece<\/p>\n<p><img decoding=\"async\" class=\"alignnone wp-image-1002 size-full\" src=\"http:\/\/www.xminsulation.com\/wp-content\/uploads\/2024\/05\/\u56fe\u72473.png\" alt=\"\" width=\"1280\" height=\"1336\" srcset=\"https:\/\/www.xminsulation.com\/wp-content\/uploads\/2024\/05\/\u56fe\u72473.png 1280w, https:\/\/www.xminsulation.com\/wp-content\/uploads\/2024\/05\/\u56fe\u72473-287x300.png 287w, https:\/\/www.xminsulation.com\/wp-content\/uploads\/2024\/05\/\u56fe\u72473-981x1024.png 981w, https:\/\/www.xminsulation.com\/wp-content\/uploads\/2024\/05\/\u56fe\u72473-768x802.png 768w, https:\/\/www.xminsulation.com\/wp-content\/uploads\/2024\/05\/\u56fe\u72473-600x626.png 600w\" sizes=\"(max-width: 1280px) 100vw, 1280px\" \/><\/p>\n<h2>Yap\u0131 ve Kurulum Boyutlar\u0131<\/h2>\n<p><img decoding=\"async\" class=\"alignnone wp-image-1003 size-full\" src=\"http:\/\/www.xminsulation.com\/wp-content\/uploads\/2024\/05\/\u56fe\u72474.png\" alt=\"\" width=\"1117\" height=\"622\" srcset=\"https:\/\/www.xminsulation.com\/wp-content\/uploads\/2024\/05\/\u56fe\u72474.png 1117w, https:\/\/www.xminsulation.com\/wp-content\/uploads\/2024\/05\/\u56fe\u72474-300x167.png 300w, https:\/\/www.xminsulation.com\/wp-content\/uploads\/2024\/05\/\u56fe\u72474-1024x570.png 1024w, https:\/\/www.xminsulation.com\/wp-content\/uploads\/2024\/05\/\u56fe\u72474-768x428.png 768w, https:\/\/www.xminsulation.com\/wp-content\/uploads\/2024\/05\/\u56fe\u72474-600x334.png 600w\" sizes=\"(max-width: 1117px) 100vw, 1117px\" \/><\/p>\n<div class=\"wxts\">\n<h2>\u25c6\u00d6zel \u00d6zelle\u015ftirme<\/h2>\n<p>Yukar\u0131daki parametreler tipik verilerdir; Mevcut stiller \u00f6zel taleplerinizi kar\u015f\u0131lam\u0131yorsa, l\u00fctfen \u00f6zel bir tasar\u0131m i\u00e7in bizimle ileti\u015fime ge\u00e7in. Ki\u015fiselle\u015ftirilmi\u015f ki\u015fiselle\u015ftirme geli\u015ftirme ve \u00fcretim becerilerimiz, d\u00fcnyan\u0131n her yerindeki m\u00fc\u015fterilerimize \u00f6zel \u00e7\u00f6z\u00fcmler sunmam\u0131za olanak tan\u0131yor.<\/p>\n<\/div>","protected":false},"excerpt":{"rendered":"<p>General Information SF6 40.5kV-630A Fully insulated and fully sealed GIS high-voltage switch, suitable for 35kV-40.5kV transmission and distribution system control and protection, used to split the load current, short circuit current. The modular design is characterized by compact structure, good breaking performance, high reliability, long life, full insulation, maintenance-free, small footprint, and can be widely [&hellip;]<\/p>","protected":false},"featured_media":1004,"template":"","meta":{"site-sidebar-layout":"default","site-content-layout":"","ast-site-content-layout":"default","site-content-style":"default","site-sidebar-style":"default","ast-global-header-display":"","ast-banner-title-visibility":"","ast-main-header-display":"","ast-hfb-above-header-display":"","ast-hfb-below-header-display":"","ast-hfb-mobile-header-display":"","site-post-title":"","ast-breadcrumbs-content":"","ast-featured-img":"","footer-sml-layout":"","theme-transparent-header-meta":"default","adv-header-id-meta":"","stick-header-meta":"","header-above-stick-meta":"","header-main-stick-meta":"","header-below-stick-meta":"","astra-migrate-meta-layouts":"set","ast-page-background-enabled":"default","ast-page-background-meta":{"desktop":{"background-color":"","background-image":"","background-repeat":"repeat","background-position":"center center","background-size":"auto","background-attachment":"scroll","background-type":"","background-media":"","overlay-type":"","overlay-color":"","overlay-gradient":""},"tablet":{"background-color":"","background-image":"","background-repeat":"repeat","background-position":"center center","background-size":"auto","background-attachment":"scroll","background-type":"","background-media":"","overlay-type":"","overlay-color":"","overlay-gradient":""},"mobile":{"background-color":"","background-image":"","background-repeat":"repeat","background-position":"center center","background-size":"auto","background-attachment":"scroll","background-type":"","background-media":"","overlay-type":"","overlay-color":"","overlay-gradient":""}},"ast-content-background-meta":{"desktop":{"background-color":"var(--ast-global-color-5)","background-image":"","background-repeat":"repeat","background-position":"center center","background-size":"auto","background-attachment":"scroll","background-type":"","background-media":"","overlay-type":"","overlay-color":"","overlay-gradient":""},"tablet":{"background-color":"var(--ast-global-color-5)","background-image":"","background-repeat":"repeat","background-position":"center center","background-size":"auto","background-attachment":"scroll","background-type":"","background-media":"","overlay-type":"","overlay-color":"","overlay-gradient":""},"mobile":{"background-color":"var(--ast-global-color-5)","background-image":"","background-repeat":"repeat","background-position":"center center","background-size":"auto","background-attachment":"scroll","background-type":"","background-media":"","overlay-type":"","overlay-color":"","overlay-gradient":""}}},"product_cat":[31],"product_tag":[],"class_list":{"0":"post-1000","1":"product","2":"type-product","3":"status-publish","4":"has-post-thumbnail","6":"product_cat-10-40-5kv-indoor-sf6-circuit-breaker-switch","7":"desktop-align-left","8":"tablet-align-left","9":"mobile-align-left","11":"first","12":"instock","13":"shipping-taxable","14":"product-type-simple"},"_links":{"self":[{"href":"https:\/\/www.xminsulation.com\/tr\/wp-json\/wp\/v2\/product\/1000","targetHints":{"allow":["GET"]}}],"collection":[{"href":"https:\/\/www.xminsulation.com\/tr\/wp-json\/wp\/v2\/product"}],"about":[{"href":"https:\/\/www.xminsulation.com\/tr\/wp-json\/wp\/v2\/types\/product"}],"wp:featuredmedia":[{"embeddable":true,"href":"https:\/\/www.xminsulation.com\/tr\/wp-json\/wp\/v2\/media\/1004"}],"wp:attachment":[{"href":"https:\/\/www.xminsulation.com\/tr\/wp-json\/wp\/v2\/media?parent=1000"}],"wp:term":[{"taxonomy":"product_cat","embeddable":true,"href":"https:\/\/www.xminsulation.com\/tr\/wp-json\/wp\/v2\/product_cat?post=1000"},{"taxonomy":"product_tag","embeddable":true,"href":"https:\/\/www.xminsulation.com\/tr\/wp-json\/wp\/v2\/product_tag?post=1000"}],"curies":[{"name":"wp","href":"https:\/\/api.w.org\/{rel}","templated":true}]}}