{"id":436,"date":"2018-06-07T05:37:02","date_gmt":"2018-06-07T05:37:02","guid":{"rendered":"http:\/\/www.xminsulation.com\/about\/"},"modified":"2025-07-19T10:58:57","modified_gmt":"2025-07-19T02:58:57","slug":"about","status":"publish","type":"page","link":"https:\/\/www.xminsulation.com\/tr\/about\/","title":{"rendered":"About"},"content":{"rendered":"<div data-elementor-type=\"wp-post\" data-elementor-id=\"436\" class=\"elementor elementor-436\">\r\n\t\t\t\t<div class=\"elementor-element elementor-element-c27523c e-flex e-con-boxed e-con e-parent\" data-id=\"c27523c\" data-element_type=\"container\" data-settings=\"{&quot;background_background&quot;:&quot;classic&quot;}\">\r\n\t\t\t\t\t<div class=\"e-con-inner\">\r\n\t\t<div class=\"elementor-element elementor-element-76accec e-con-full e-flex e-con e-child\" data-id=\"76accec\" data-element_type=\"container\">\r\n\t\t\t\t<div class=\"elementor-element elementor-element-8a00b87 elementor-widget elementor-widget-heading\" data-id=\"8a00b87\" data-element_type=\"widget\" data-widget_type=\"heading.default\">\r\n\t\t\t\t<div class=\"elementor-widget-container\">\r\n\t\t\t<style>\/*! elementor - v3.21.0 - 25-04-2024 *\/\n.elementor-heading-title{padding:0;margin:0;line-height:1}.elementor-widget-heading .elementor-heading-title[class*=elementor-size-]>a{color:inherit;font-size:inherit;line-height:inherit}.elementor-widget-heading .elementor-heading-title.elementor-size-small{font-size:15px}.elementor-widget-heading .elementor-heading-title.elementor-size-medium{font-size:19px}.elementor-widget-heading .elementor-heading-title.elementor-size-large{font-size:29px}.elementor-widget-heading .elementor-heading-title.elementor-size-xl{font-size:39px}.elementor-widget-heading .elementor-heading-title.elementor-size-xxl{font-size:59px}<\/style><h1 class=\"elementor-heading-title elementor-size-default\">\u015e\u0130RKET PROF\u0130L\u0130<\/h1>\t\t<\/div>\r\n\t\t\t\t<\/div>\r\n\t\t\t\t<\/div>\r\n\t\t\t\t\t<\/div>\r\n\t\t\t\t<\/div>\r\n\t\t<div class=\"elementor-element elementor-element-50d530a e-flex e-con-boxed e-con e-parent\" data-id=\"50d530a\" data-element_type=\"container\">\r\n\t\t\t\t\t<div class=\"e-con-inner\">\r\n\t\t\t\t<div class=\"elementor-element elementor-element-e64260f elementor-widget elementor-widget-text-editor\" data-id=\"e64260f\" data-element_type=\"widget\" data-widget_type=\"text-editor.default\">\r\n\t\t\t\t<div class=\"elementor-widget-container\">\r\n\t\t\t<style>\/*! elementor - v3.21.0 - 25-04-2024 *\/\n.elementor-widget-text-editor.elementor-drop-cap-view-stacked .elementor-drop-cap{background-color:#69727d;color:#fff}.elementor-widget-text-editor.elementor-drop-cap-view-framed .elementor-drop-cap{color:#69727d;border:3px solid;background-color:transparent}.elementor-widget-text-editor:not(.elementor-drop-cap-view-default) .elementor-drop-cap{margin-top:8px}.elementor-widget-text-editor:not(.elementor-drop-cap-view-default) .elementor-drop-cap-letter{width:1em;height:1em}.elementor-widget-text-editor .elementor-drop-cap{float:left;text-align:center;line-height:1;font-size:50px}.elementor-widget-text-editor .elementor-drop-cap-letter{display:inline-block}<\/style>\t\t\t\t<div><p><span style=\"background-color: var(--ast-global-color-5); color: var(--ast-global-color-3); font-size: 16.8px; font-style: inherit; font-weight: inherit; text-align: var(--text-align);\">\u00a0<\/span><\/p><p><span style=\"font-style: inherit; font-weight: inherit; text-align: var(--text-align); background-color: initial; font-family: Arial; color: #000000; font-size: 14pt;\">Xiamen Ins<\/span><span style=\"font-style: inherit; font-weight: inherit; text-align: var(--text-align); background-color: initial; font-family: Arial; color: #000000; font-size: 14pt;\">\u00fclasyon <\/span><span style=\"font-style: inherit; font-weight: inherit; text-align: var(--text-align); background-color: initial; font-family: Arial; color: #000000; font-size: 14pt;\">Electrical Technology Co., Ltd. 2013 y\u0131l\u0131nda kuruldu. Ba\u015flang\u0131\u00e7ta orta gerilim izolasyon par\u00e7alar\u0131n\u0131n \u00fcretimi ve sat\u0131\u015f\u0131 konusunda uzmanla\u015ft\u0131. Art\u0131k i\u00e7 ve d\u0131\u015f mekan Ar-Ge, \u00fcretim ve sat\u0131\u015f\u0131na geni\u015fledi.<\/span><span style=\"font-style: inherit; font-weight: inherit; text-align: var(--text-align); background-color: initial; font-family: Arial; color: #000000; font-size: 14pt;\">\u00a0<\/span><span style=\"font-style: inherit; font-weight: inherit; text-align: var(--text-align); background-color: initial; font-family: Arial; color: #000000; font-size: 14pt;\">y\u00fck gibi orta gerilim da\u011f\u0131t\u0131m \u00fcr\u00fcnleri <\/span><span style=\"font-style: inherit; font-weight: inherit; text-align: var(--text-align); background-color: initial; font-family: Arial; color: #000000; font-size: 14pt;\">k\u0131rmak <\/span><span style=\"font-style: inherit; font-weight: inherit; text-align: var(--text-align); background-color: initial; font-family: Arial; color: #000000; font-size: 14pt;\">anahtarlar, <\/span><span style=\"font-style: inherit; font-weight: inherit; text-align: var(--text-align); background-color: initial; font-family: Arial; color: #000000; font-size: 14pt;\">vakum <\/span><span style=\"font-style: inherit; font-weight: inherit; text-align: var(--text-align); background-color: initial; font-family: Arial; color: #000000; font-size: 14pt;\">Devre kesiciler,<\/span><span style=\"font-style: inherit; font-weight: inherit; text-align: var(--text-align); background-color: initial; font-family: \u5b8b\u4f53; color: #000000; font-size: 14pt;\">\u00a0<span style=\"font-family: Arial;\">izolasyon anahtar\u0131, halka ana \u00fcniteleri, prefabrik trafo merkezleri, <\/span><\/span><span style=\"font-style: inherit; font-weight: inherit; text-align: var(--text-align); background-color: initial; font-family: Arial; color: #000000; font-size: 14pt;\">d\u0131\u015f mekan tekrar kapat\u0131c\u0131lar, d\u0131\u015f mekan y\u00fck\u00fc <\/span><span style=\"font-style: inherit; font-weight: inherit; text-align: var(--text-align); background-color: initial; font-family: \u5b8b\u4f53; color: #000000; font-size: 14pt;\"><span style=\"font-family: Arial;\">k\u0131rmak <\/span><\/span><span style=\"font-style: inherit; font-weight: inherit; text-align: var(--text-align); background-color: initial; font-family: Arial; color: #000000; font-size: 14pt;\">anahtarlar ve ak\u0131ll\u0131 <\/span><span style=\"font-style: inherit; font-weight: inherit; text-align: var(--text-align); background-color: initial; font-family: Arial; color: #000000; font-size: 14pt;\">kesmek <\/span><span style=\"font-style: inherit; font-weight: inherit; text-align: var(--text-align); background-color: initial; font-family: Arial; color: #000000; font-size: 14pt;\">sigortalar bitti<\/span><span style=\"font-style: inherit; font-weight: inherit; text-align: var(--text-align); background-color: initial; font-family: \u5b8b\u4f53; color: #000000; font-size: 14pt;\">\u00a0<span style=\"font-family: Arial;\">vesaire. <\/span><\/span><span style=\"font-style: inherit; font-weight: inherit; text-align: var(--text-align); background-color: initial; font-family: Arial; color: #000000; font-size: 14pt;\">\u00dcr\u00fcnler d\u00fcnya \u00e7ap\u0131nda be\u015f k\u0131taya sat\u0131lmaktad\u0131r.<\/span><\/p><p><span style=\"font-style: inherit; font-weight: inherit; text-align: var(--text-align); background-color: initial; font-family: Arial; color: #000000; font-size: 14pt;\">K\u0131demli bir Ar-Ge ekibimiz var ve bir\u00e7ok teknik uzman\u0131m\u0131z 20 y\u0131ldan fazla end\u00fcstri deneyimine sahip. Ba\u015f m\u00fchendisimiz orta ve al\u00e7ak gerilim, i\u00e7 ve d\u0131\u015f mekan \u00fcr\u00fcnlerinde, \u00f6zellikle anahtar ve bile\u015fenlerin, \u00e7al\u0131\u015ft\u0131rma mekanizmalar\u0131n\u0131n tasar\u0131m\u0131, geli\u015ftirilmesi ve imalat\u0131 konusunda uzmand\u0131r. <\/span><span style=\"font-style: inherit; font-weight: inherit; text-align: var(--text-align); background-color: initial; font-family: \u5b8b\u4f53; color: #000000; font-size: 14pt;\"><span style=\"font-family: Arial;\">ara\u00e7 tasar\u0131m\u0131<\/span><\/span><span style=\"font-style: inherit; font-weight: inherit; text-align: var(--text-align); background-color: initial; font-family: Arial; color: #000000; font-size: 14pt;\">, makineler, komple ekipman setleri vb.,<\/span><span style=\"font-style: inherit; font-weight: inherit; text-align: var(--text-align); background-color: initial; font-family: \u5b8b\u4f53; color: #000000; font-size: 14pt;\">\u00a0<\/span><span style=\"font-style: inherit; font-weight: inherit; text-align: var(--text-align); background-color: initial; font-family: Arial; color: #000000; font-size: 14pt;\">ve orta gerilim end\u00fcstrisinin geli\u015fiminde bir\u00e7ok pop\u00fcler \u00fcr\u00fcn\u00fcn \u00f6nc\u00fcl\u00fc\u011f\u00fcn\u00fc yapm\u0131\u015ft\u0131r.<\/span><\/p><p><span style=\"mso-spacerun: 'yes'; font-family: Arial; mso-fareast-font-family: \u5b8b\u4f53; color: #000000; font-size: 14.0000pt; mso-font-kerning: 0.5000pt;\">\u00a0<\/span><span style=\"color: #000000; font-family: Arial; font-size: 14pt; font-style: inherit; font-weight: inherit; text-align: var(--text-align); background-color: initial;\">Her zaman ba\u011f\u0131ms\u0131z inovasyona ba\u011fl\u0131 kald\u0131k, d\u00fcnyan\u0131n d\u00f6rt bir yan\u0131ndaki m\u00fc\u015fteriler i\u00e7in \u00e7e\u015fitli temel bile\u015fenler ve genel \u00e7\u00f6z\u00fcmler yaratt\u0131k, kendi \u00f6zelliklerimizle bir inovasyon yoluna girdik ve orta gerilim g\u00fc\u00e7 da\u011f\u0131t\u0131m\u0131n\u0131n \u00f6zelle\u015ftirilmi\u015f geli\u015fimi alan\u0131nda ilk ad\u0131mlarla uzmanla\u015ft\u0131k. yurti\u00e7inde ve yurtd\u0131\u015f\u0131nda n\u00fcfuz sahibidir.<\/span><\/p><p><span style=\"mso-spacerun: 'yes'; font-family: Arial; mso-fareast-font-family: \u5b8b\u4f53; color: #000000; font-size: 14.0000pt; mso-font-kerning: 0.5000pt;\">Ekim 2020&#039;de \u201cUlusal Y\u00fcksek Teknoloji Kurulu\u015fu\u201d unvan\u0131n\u0131 ald\u0131k, sertifika numaras\u0131 GR201735100369, \u201cUlusal Y\u00fcksek Teknoloji \u015eirketi\u201d unvan\u0131n\u0131 ald\u0131k.<\/span><span style=\"font-family: Arial; letter-spacing: 0pt; font-size: 14pt; background-image: initial; background-position: initial; background-size: initial; background-repeat: initial; background-attachment: initial; background-origin: initial; background-clip: initial;\">Fujian Eyaletinin Teknoloji K\u00fc\u00e7\u00fck Dev Kurulu\u015fu<\/span><span style=\"mso-spacerun: 'yes'; font-family: Arial; mso-fareast-font-family: \u5b8b\u4f53; color: #000000; font-size: 14.0000pt; mso-font-kerning: 0.5000pt;\">\u201d Temmuz 2020&#039;de sertifika numaras\u0131 20200220 olup \u00fcnvan\u0131n\u0131 almaya hak kazanm\u0131\u015ft\u0131r. <\/span><span style=\"mso-spacerun: 'yes'; font-family: Arial; mso-fareast-font-family: \u5b8b\u4f53; color: #000000; font-size: 14.0000pt; mso-font-kerning: 0.5000pt;\">&quot;Xiamen SRDI \u0130\u015fletmeleri&quot; <\/span><span style=\"mso-spacerun: 'yes'; font-family: Arial; mso-fareast-font-family: \u5b8b\u4f53; color: #000000; font-size: 14.0000pt; mso-font-kerning: 0.5000pt;\">Haziran 2018&#039;de.<\/span><span style=\"mso-spacerun: 'yes'; font-family: \u5b8b\u4f53; mso-ascii-font-family: Arial; mso-hansi-font-family: Arial; mso-bidi-font-family: Arial; color: #000000; font-size: 14.0000pt; mso-font-kerning: 0.5000pt;\">\u00a0<span style=\"font-family: Arial;\">\u00c7ok say\u0131da patentimiz var ve Xiamen Teknoloji \u00dcniversitesi gibi \u00fcniversitelerle ortak ara\u015ft\u0131rma ve inovasyon Ar-Ge \u00fcsleri kurduk.<\/span><\/span><\/p><p><span style=\"mso-spacerun: 'yes'; font-family: Arial; mso-fareast-font-family: \u5b8b\u4f53; color: #000000; font-size: 14.0000pt; mso-font-kerning: 0.5000pt;\">Fabrikam\u0131z 15.000 m\u00b2 in\u015faat alan\u0131na sahip olup, son teknoloji \u00fcretim makineleriyle tam donan\u0131ml\u0131d\u0131r. <\/span><span style=\"mso-spacerun: 'yes'; font-family: Arial; mso-fareast-font-family: \u5b8b\u4f53; color: #000000; font-size: 14.0000pt; mso-font-kerning: 0.0000pt;\">APG yal\u0131t\u0131m malzemeleri ve silikon par\u00e7alara ek olarak orta gerilim anahtarlar\u0131, \u00e7al\u0131\u015ft\u0131rma mekanizmalar\u0131, \u00e7ekirdek bile\u015fenler ve t\u00fcm ekipman setlerini olu\u015fturma konusunda tamamen yetenekliyiz.<\/span><\/p><p><span style=\"mso-spacerun: 'yes'; font-family: \u5b8b\u4f53; mso-ascii-font-family: Arial; mso-hansi-font-family: Arial; mso-bidi-font-family: Arial; color: #000000; font-size: 14.0000pt; mso-font-kerning: 0.5000pt;\"><span style=\"font-family: Arial;\">Den ba\u015fka<\/span><\/span><span style=\"mso-spacerun: 'yes'; font-family: Arial; mso-fareast-font-family: \u5b8b\u4f53; color: #000000; font-size: 14.0000pt; mso-font-kerning: 0.5000pt;\">\u00a0<\/span><span style=\"mso-spacerun: 'yes'; font-family: Arial; mso-fareast-font-family: \u5b8b\u4f53; color: #000000; font-size: 14.0000pt; mso-font-kerning: 0.5000pt;\">Ar-Ge ve \u00fcretim yeteneklerimizin yan\u0131 s\u0131ra, m\u00fc\u015fterilerimize kalite kontrol, sat\u0131\u015f ve sat\u0131\u015f sonras\u0131 servis ekipleri de deneyimledik. <\/span><span style=\"mso-spacerun: 'yes'; font-family: \u5b8b\u4f53; mso-ascii-font-family: Arial; mso-hansi-font-family: Arial; mso-bidi-font-family: Arial; color: #000000; font-size: 14.0000pt; mso-font-kerning: 0.5000pt;\"><span style=\"font-family: Arial;\">elde etmek<\/span><\/span><span style=\"mso-spacerun: 'yes'; font-family: Arial; mso-fareast-font-family: \u5b8b\u4f53; color: #000000; font-size: 14.0000pt; mso-font-kerning: 0.5000pt;\">\u00a0y\u00fcksek kaliteli \u00fcr\u00fcn ve hizmetler.<\/span><\/p><p><span style=\"mso-spacerun: 'yes'; font-family: Arial; mso-fareast-font-family: \u5b8b\u4f53; color: #000000; font-size: 14.0000pt; mso-font-kerning: 0.5000pt;\">Y\u0131ld\u0131r\u0131m dahil \u00e7ok \u00e7e\u015fitli profesyonel test ekipman\u0131m\u0131z var <\/span><span style=\"mso-spacerun: 'yes'; font-family: \u5b8b\u4f53; mso-ascii-font-family: Arial; mso-hansi-font-family: Arial; mso-bidi-font-family: Arial; color: #000000; font-size: 14.0000pt; mso-font-kerning: 0.5000pt;\"><span style=\"font-family: Arial;\">d\u00fcrt\u00fc <\/span><\/span><span style=\"mso-spacerun: 'yes'; font-family: Arial; mso-fareast-font-family: \u5b8b\u4f53; color: #000000; font-size: 14.0000pt; mso-font-kerning: 0.5000pt;\">dalgalanma cihazlar\u0131,<\/span><span style=\"mso-spacerun: 'yes'; font-family: \u5b8b\u4f53; mso-ascii-font-family: Arial; mso-hansi-font-family: Arial; mso-bidi-font-family: Arial; color: #000000; font-size: 14.0000pt; mso-font-kerning: 0.5000pt;\">\u00a0<\/span><span style=\"mso-spacerun: 'yes'; font-family: Arial; mso-fareast-font-family: \u5b8b\u4f53; color: #000000; font-size: 14.0000pt; mso-font-kerning: 0.5000pt;\">X-\u0131\u015f\u0131n\u0131 kusur dedekt\u00f6rleri,<\/span><span style=\"mso-spacerun: 'yes'; font-family: \u5b8b\u4f53; mso-ascii-font-family: Arial; mso-hansi-font-family: Arial; mso-bidi-font-family: Arial; color: #000000; font-size: 14.0000pt; mso-font-kerning: 0.5000pt;\">\u00a0<\/span><span style=\"mso-spacerun: 'yes'; font-family: Arial; mso-fareast-font-family: \u5b8b\u4f53; color: #000000; font-size: 14.0000pt; mso-font-kerning: 0.5000pt;\">g\u00fc\u00e7 frekans\u0131 dayan\u0131m ve k\u0131smi de\u015farj tespit ekipman\u0131, elektrik koruma laboratuvarlar\u0131, y\u00fcksek ve d\u00fc\u015f\u00fck s\u0131cakl\u0131k d\u00f6ng\u00fcs\u00fc ekipman\u0131, helyum k\u00fctle spektrometreleri ve y\u00fcksek bas\u0131n\u00e7l\u0131 su test ekipman\u0131, \u00fcniversal \u00e7ekme test makineleri<\/span><span style=\"mso-spacerun: 'yes'; font-family: Arial; mso-fareast-font-family: \u5b8b\u4f53; color: #000000; font-size: 14.0000pt; mso-font-kerning: 0.5000pt;\">, d\u00f6ng\u00fc direnci test cihazlar\u0131<\/span><span style=\"mso-spacerun: 'yes'; font-family: Arial; mso-fareast-font-family: \u5b8b\u4f53; color: #000000; font-size: 14.0000pt; mso-font-kerning: 0.5000pt;\">.<\/span><\/p><p><span style=\"mso-spacerun: 'yes'; font-family: Arial; mso-fareast-font-family: \u5b8b\u4f53; color: #000000; font-size: 14.0000pt; mso-font-kerning: 0.5000pt;\">Bile\u015fenlerden komple dolaplara, par\u00e7alardan tam tak\u0131mlara kadar, y\u0131llar boyunca \u00e7e\u015fitli \u00fcr\u00fcn ve modellere ili\u015fkin zengin ve temsili deneysel veriler biriktirdik. M\u00fc\u015fteriler, bulunduklar\u0131 \u00fclkenin standartlar\u0131na g\u00f6re \u00f6zelle\u015ftirmeye ihtiya\u00e7 duyduklar\u0131nda, do\u011frudan uygulanabilecek ilgili planlar\u0131m\u0131z ve parametrelerimiz zaten mevcuttur; bu, ki\u015fiselle\u015ftirilmi\u015f \u00f6zelle\u015ftirilmi\u015f yeni \u00fcr\u00fcnlerin d\u00f6ng\u00fc s\u00fcresini b\u00fcy\u00fck \u00f6l\u00e7\u00fcde k\u0131salt\u0131r ve \u00fcr\u00fcnlerin, \u00fclkenin test standartlar\u0131n\u0131 kar\u015f\u0131lamas\u0131n\u0131 sa\u011flar. Hedef \u00fclke veya b\u00f6lge.<\/span><\/p><p><span style=\"mso-spacerun: 'yes'; font-family: Arial; mso-fareast-font-family: \u5b8b\u4f53; color: #000000; font-size: 14.0000pt; mso-font-kerning: 0.5000pt;\">Projeniz ister k\u00fc\u00e7\u00fck ister b\u00fcy\u00fck, ister Avrupa, Amerika, ister belirli bir \u00fclke standard\u0131nda olsun, orta gerilim da\u011f\u0131t\u0131m \u00fcr\u00fcn\u00fc ve projesi oldu\u011fu s\u00fcrece, size en verimli, ekonomik ve uygun olan\u0131 sunmak i\u00e7in elimizden geleni yapaca\u011f\u0131z, uygun maliyetli \u00fcr\u00fcn ve hizmetler.<\/span><\/p><p><div style=\"width: 1000px;\" class=\"wp-video\"><!--[if lt IE 9]><script>document.createElement('video');<\/script><![endif]-->\n<video class=\"wp-video-shortcode\" id=\"video-436-1\" width=\"1000\" height=\"544\" poster=\"https:\/\/www.xminsulation.com\/wp-content\/uploads\/2025\/07\/\u5fae\u4fe1\u622a\u56fe_20240516091346-1.jpg\" preload=\"auto\" controls=\"controls\"><source type=\"video\/mp4\" src=\"\/wp-content\/uploads\/2024\/05\/c9e74ac166f2c9aff9c84f126aa9b547.mp4?_=1\" \/><a href=\"\/wp-content\/uploads\/2024\/05\/c9e74ac166f2c9aff9c84f126aa9b547.mp4\">\/wp-content\/uploads\/2024\/05\/c9e74ac166f2c9aff9c84f126aa9b547.mp4<\/a><\/video><\/div><\/p><\/div>\t\t\t\t\t\t<\/div>\r\n\t\t\t\t<\/div>\r\n\t\t\t\t\t<\/div>\r\n\t\t\t\t<\/div>\r\n\t\t\t\t<\/div>","protected":false},"excerpt":{"rendered":"<p>COMPANY PROFILE \u00a0 Xiamen Insulation Electrical Technology Co., Ltd. was established in 2013. It initially specialized in the production and sales of medium voltage insulation parts. It has now expanded to the R&amp;D, production and sales of indoor and outdoor\u00a0medium-voltage distribution products such as load break switches, vacuum circuit breakers,\u00a0isolating switch, ring main units, prefabricated [&hellip;]<\/p>","protected":false},"author":1,"featured_media":0,"parent":0,"menu_order":0,"comment_status":"closed","ping_status":"closed","template":"","meta":{"site-sidebar-layout":"no-sidebar","site-content-layout":"page-builder","ast-site-content-layout":"","site-content-style":"default","site-sidebar-style":"default","ast-global-header-display":"","ast-banner-title-visibility":"","ast-main-header-display":"","ast-hfb-above-header-display":"","ast-hfb-below-header-display":"","ast-hfb-mobile-header-display":"","site-post-title":"disabled","ast-breadcrumbs-content":"","ast-featured-img":"disabled","footer-sml-layout":"","theme-transparent-header-meta":"","adv-header-id-meta":"","stick-header-meta":"","header-above-stick-meta":"","header-main-stick-meta":"","header-below-stick-meta":"","astra-migrate-meta-layouts":"default","ast-page-background-enabled":"default","ast-page-background-meta":{"desktop":{"background-color":"","background-image":"","background-repeat":"repeat","background-position":"center center","background-size":"auto","background-attachment":"scroll","background-type":"","background-media":"","overlay-type":"","overlay-color":"","overlay-gradient":""},"tablet":{"background-color":"","background-image":"","background-repeat":"repeat","background-position":"center center","background-size":"auto","background-attachment":"scroll","background-type":"","background-media":"","overlay-type":"","overlay-color":"","overlay-gradient":""},"mobile":{"background-color":"","background-image":"","background-repeat":"repeat","background-position":"center center","background-size":"auto","background-attachment":"scroll","background-type":"","background-media":"","overlay-type":"","overlay-color":"","overlay-gradient":""}},"ast-content-background-meta":{"desktop":{"background-color":"var(--ast-global-color-5)","background-image":"","background-repeat":"repeat","background-position":"center center","background-size":"auto","background-attachment":"scroll","background-type":"","background-media":"","overlay-type":"","overlay-color":"","overlay-gradient":""},"tablet":{"background-color":"var(--ast-global-color-5)","background-image":"","background-repeat":"repeat","background-position":"center center","background-size":"auto","background-attachment":"scroll","background-type":"","background-media":"","overlay-type":"","overlay-color":"","overlay-gradient":""},"mobile":{"background-color":"var(--ast-global-color-5)","background-image":"","background-repeat":"repeat","background-position":"center center","background-size":"auto","background-attachment":"scroll","background-type":"","background-media":"","overlay-type":"","overlay-color":"","overlay-gradient":""}},"footnotes":""},"class_list":["post-436","page","type-page","status-publish","hentry"],"_links":{"self":[{"href":"https:\/\/www.xminsulation.com\/tr\/wp-json\/wp\/v2\/pages\/436","targetHints":{"allow":["GET"]}}],"collection":[{"href":"https:\/\/www.xminsulation.com\/tr\/wp-json\/wp\/v2\/pages"}],"about":[{"href":"https:\/\/www.xminsulation.com\/tr\/wp-json\/wp\/v2\/types\/page"}],"author":[{"embeddable":true,"href":"https:\/\/www.xminsulation.com\/tr\/wp-json\/wp\/v2\/users\/1"}],"replies":[{"embeddable":true,"href":"https:\/\/www.xminsulation.com\/tr\/wp-json\/wp\/v2\/comments?post=436"}],"version-history":[{"count":69,"href":"https:\/\/www.xminsulation.com\/tr\/wp-json\/wp\/v2\/pages\/436\/revisions"}],"predecessor-version":[{"id":4102,"href":"https:\/\/www.xminsulation.com\/tr\/wp-json\/wp\/v2\/pages\/436\/revisions\/4102"}],"wp:attachment":[{"href":"https:\/\/www.xminsulation.com\/tr\/wp-json\/wp\/v2\/media?parent=436"}],"curies":[{"name":"wp","href":"https:\/\/api.w.org\/{rel}","templated":true}]}}