{"id":3427,"date":"2024-12-13T09:17:11","date_gmt":"2024-12-13T01:17:11","guid":{"rendered":"https:\/\/www.xminsulation.com\/?page_id=3427"},"modified":"2025-02-14T17:55:52","modified_gmt":"2025-02-14T09:55:52","slug":"sf6-free","status":"publish","type":"page","link":"https:\/\/www.xminsulation.com\/tr\/sf6-free\/","title":{"rendered":"SF6 \u0130\u00c7ERMEZ"},"content":{"rendered":"<div data-elementor-type=\"wp-page\" data-elementor-id=\"3427\" class=\"elementor elementor-3427\">\r\n\t\t\t\t<div class=\"elementor-element elementor-element-105f454 e-flex e-con-boxed e-con e-parent\" data-id=\"105f454\" data-element_type=\"container\">\r\n\t\t\t\t\t<div class=\"e-con-inner\">\r\n\t\t\t\t<div class=\"elementor-element elementor-element-75686fa elementor-widget elementor-widget-text-editor\" data-id=\"75686fa\" data-element_type=\"widget\" data-widget_type=\"text-editor.default\">\r\n\t\t\t\t<div class=\"elementor-widget-container\">\r\n\t\t\t<style>\/*! elementor - v3.21.0 - 25-04-2024 *\/\n.elementor-widget-text-editor.elementor-drop-cap-view-stacked .elementor-drop-cap{background-color:#69727d;color:#fff}.elementor-widget-text-editor.elementor-drop-cap-view-framed .elementor-drop-cap{color:#69727d;border:3px solid;background-color:transparent}.elementor-widget-text-editor:not(.elementor-drop-cap-view-default) .elementor-drop-cap{margin-top:8px}.elementor-widget-text-editor:not(.elementor-drop-cap-view-default) .elementor-drop-cap-letter{width:1em;height:1em}.elementor-widget-text-editor .elementor-drop-cap{float:left;text-align:center;line-height:1;font-size:50px}.elementor-widget-text-editor .elementor-drop-cap-letter{display:inline-block}<\/style>\t\t\t\t<p>\u00a0<\/p><h3 class=\"entry-title\" style=\"color: #558022;\">\u015eirketimiz 2025&#039;i &quot;SF6&#039;s\u0131z \u00dcr\u00fcn Geli\u015ftirme Y\u0131l\u0131&quot; olarak belirledi<\/h3>\t\t\t\t\t\t<\/div>\r\n\t\t\t\t<\/div>\r\n\t\t\t\t<div class=\"elementor-element elementor-element-66c538d elementor-widget elementor-widget-text-editor\" data-id=\"66c538d\" data-element_type=\"widget\" data-widget_type=\"text-editor.default\">\r\n\t\t\t\t<div class=\"elementor-widget-container\">\r\n\t\t\t\t\t\t\t<p>\u00a0\u015eirketimiz 2025 y\u0131l\u0131nda \u00e7evre dostu \u00fcr\u00fcnlerin geli\u015ftirilmesini tam olarak te\u015fvik ederek \u201cSF6 \u0130\u00e7ermeyen \u00dcr\u00fcn Geli\u015ftirme Y\u0131l\u0131\u201d hedefine ula\u015fmaya odaklanacakt\u0131r. Bu giri\u015fim, Ba\u015f Teknik M\u00fchendisimiz Say\u0131n Zhuang Yu taraf\u0131ndan 12 Aral\u0131k&#039;ta resmen duyuruldu ve ye\u015fil geli\u015fimi ilerletme konusundaki kararl\u0131l\u0131\u011f\u0131m\u0131z\u0131 ve ba\u011fl\u0131l\u0131\u011f\u0131m\u0131z\u0131 g\u00f6sterdi.<\/p><p>Son y\u0131llarda firmam\u0131z \u00e7evre dostu \u00fcr\u00fcnler geli\u015ftirme konusunda \u00f6nemli ilerlemeler kaydetmi\u015ftir, bunlar aras\u0131nda;<\/p><ul><li><strong><a href=\"https:\/\/www.xminsulation.com\/tr\/urun-kategori\/products\/10-24kv-solid-insulated-vacuum-circuit-breaker-sf6-free\/\">SF6 \u0130\u00e7ermeyen Kat\u0131 Yal\u0131t\u0131ml\u0131 \u015ealt Cihazlar\u0131 (10kV-24kV)<\/a><\/strong><\/li><li><strong><a href=\"https:\/\/www.xminsulation.com\/tr\/urun-kategori\/products\/eco-friendly-vacuum-circuit-breaker-sf6-free\/\">SF6 \u0130\u00e7ermeyen \u00c7evre Dostu \u015ealt Cihazlar\u0131 (10kV-24kV, 630A-2000A)<\/a><\/strong><\/li><li><strong><a href=\"https:\/\/www.xminsulation.com\/tr\/urun-kategori\/products\/10-40-5kv-outdoor-pole-mounted-vacuum-auto-recloser\/\">SF6 \u0130\u00e7ermeyen Direk Montajl\u0131 Vakumlu Devre Kesici (Tekrar Kapat\u0131c\u0131) (10kV-40,5kV)<\/a><\/strong><\/li><\/ul><p>Bu \u00fcr\u00fcnler, g\u00fcvenilir performanslar\u0131 ve \u00e7evresel faydalar\u0131 nedeniyle m\u00fc\u015fteriler taraf\u0131ndan iyi kar\u015f\u0131land\u0131.<\/p><p>Ancak, Avrupa&#039;n\u0131n orta gerilim \u015falt cihazlar\u0131 i\u00e7in 2026 SF6 \u0130\u00e7ermeyen Standartlar\u0131n\u0131n y\u00fcr\u00fcrl\u00fc\u011fe girmesi yakla\u015ft\u0131k\u00e7a ve geli\u015fmi\u015f \u00fclkelerde SF6 alternatiflerine y\u00f6nelik talep g\u00fc\u00e7lendik\u00e7e, SF6 i\u00e7ermeyen y\u00fck kesme \u015falt cihazlar\u0131 (C-Panel) ve y\u00fck kesme anahtar\u0131-sigorta kombinasyon dolaplar\u0131 (F-Panel) i\u00e7in pazar talebi giderek daha acil hale geliyor. Bunun \u0131\u015f\u0131\u011f\u0131nda, \u015firketimiz hem yurti\u00e7i hem de uluslararas\u0131 m\u00fc\u015fterilerin beklentilerini kar\u015f\u0131lamak i\u00e7in &quot;SF6 \u0130\u00e7ermeyen \u00dcr\u00fcn Serisi&quot;nin geli\u015ftirilmesini h\u0131zland\u0131rma ihtiyac\u0131n\u0131 kabul ediyor.<\/p><p><strong><b>Kapsaml\u0131 Tart\u0131\u015fmalar<\/b><\/strong><\/p><p><strong><b>Ve<\/b><\/strong><strong><b>\u00a0<\/b><\/strong><strong><b>Stratejik Planlama<\/b><\/strong><\/p><p>Son zamanlarda, \u00fcst d\u00fczey y\u00f6netimimiz ve teknik ekiplerimiz, alandaki en son teknolojik geli\u015fmelerin, \u00fcr\u00fcn \u00f6zelliklerinin, geli\u015ftirme e\u011filimlerinin ve teknik yollar\u0131n derinlemesine bir analizini ger\u00e7ekle\u015ftiren ondan fazla uzmanla\u015fm\u0131\u015f seminer d\u00fczenledi. Teknik uzmanl\u0131\u011f\u0131m\u0131z\u0131, kapsaml\u0131 \u00fcr\u00fcn geli\u015ftirme deneyimimizi, deneysel verilerimizi ve fizibilite \u00e7al\u0131\u015fmalar\u0131m\u0131z\u0131 kullanarak, 2025 i\u00e7in &quot;SF6 \u0130\u00e7ermeyen \u00dcr\u00fcn Serisi&quot;nin geli\u015ftirilmesini temel odak noktas\u0131 olarak belirledik. 2025&#039;in ilk yar\u0131s\u0131nda prototipi tamamlamay\u0131 hedefleyen ayr\u0131nt\u0131l\u0131 bir geli\u015ftirme plan\u0131 ve zaman \u00e7izelgesi olu\u015fturuldu.<\/p><p>Toplant\u0131larda geli\u015ftirme s\u00fcrecinin temel a\u015famalar\u0131 titizlikle ele al\u0131nd\u0131:<\/p><ul><li>Tasar\u0131m ve Kal\u0131plama<\/li><li>Anahtar Mekanizmas\u0131 ve Vakum Kesiciler<\/li><li>Sim\u00fclasyon ve Modelleme Deneyleri<\/li><li>Dahili Test ve Harici Do\u011frulama<\/li><\/ul><p><strong><b>\u00d6nemli \u201cSF6 \u0130\u00e7ermeyen\u201d \u00dcr\u00fcnler<\/b><\/strong><\/p><p><strong><b>T<\/b><\/strong><strong><b>o 2025&#039;te Geli\u015ftirilecek<\/b><\/strong><\/p><p>\u015eirketimiz 2025 y\u0131l\u0131nda a\u015fa\u011f\u0131daki SF6 i\u00e7ermeyen \u00fcr\u00fcn serisini geli\u015ftirmeyi planlamaktad\u0131r:<\/p><ol><li>Ye\u015fil FL(R)N36Ring Ana \u00dcniteler: 10kV-25,8kV gerilim de\u011ferlerine sahip SF6 i\u00e7ermeyen C-Pane ve F-Panel.<\/li><li>Ye\u015fil AISRing Ana \u00dcniteler: SF6 i\u00e7ermeyen C-Panel (ye\u015fil LBS) ve F-Panel (sigorta kombinasyonlu ye\u015fil LBS), 10kV-25,8kV gerilim de\u011ferlerine sahip.<\/li><li>Ye\u015fil Direk Montajl\u0131 Y\u00fck Ay\u0131r\u0131c\u0131: 10kV-27.5kV gerilim de\u011ferlerine sahip SF6 i\u00e7ermeyen LBS.<\/li><\/ol><p><strong><b>Gelecekteki Ba\u015far\u0131 \u0130\u00e7in Momentum Olu\u015fturma<\/b><\/strong><\/p><p>\u015eirketimiz 2024&#039;ten bu yana SF6 i\u00e7ermeyen teknoloji ke\u015ffi, deneysel do\u011frulama, kal\u0131p geli\u015ftirme ve kritik bile\u015fen testinde \u00f6nemli kilometre ta\u015flar\u0131na ula\u015ft\u0131. Bu ba\u015far\u0131lar, 2025&#039;teki kapsaml\u0131 hamle i\u00e7in sa\u011flam bir temel olu\u015fturdu.<\/p><p>\u201cSF6 i\u00e7ermeyen seri \u00fcr\u00fcnler\u201d geli\u015ftirme g\u00f6revini tamamlayacak ve sera gaz\u0131 emisyonlar\u0131n\u0131n azalt\u0131lmas\u0131na ve orta gerilim anahtar ve \u015falt ekipmanlar\u0131n\u0131n ye\u015fil d\u00f6n\u00fc\u015f\u00fcm\u00fcn\u00fcn te\u015fvik edilmesine katk\u0131da bulunacak \u00f6zg\u00fcvene ve yetene\u011fe sahibiz!<\/p>\t\t\t\t\t\t<\/div>\r\n\t\t\t\t<\/div>\r\n\t\t\t\t\t<\/div>\r\n\t\t\t\t<\/div>\r\n\t\t\t\t<\/div>","protected":false},"excerpt":{"rendered":"<p>\u00a0 Our Company Designates 2025 as the \u201cSF6-Free Product Development Year\u201d \u00a0In 2025, our company will focus on achieving the goal of the \u201cSF6-Free Product Development Year\u201d by fully promoting the development of environmentally friendly products. This initiative was officially announced by our Chief Technical Engineer, Mr. Zhuang Yu, on December 12, showcasing our determination [&hellip;]<\/p>","protected":false},"author":2,"featured_media":0,"parent":0,"menu_order":0,"comment_status":"closed","ping_status":"closed","template":"","meta":{"site-sidebar-layout":"no-sidebar","site-content-layout":"page-builder","ast-site-content-layout":"full-width-container","site-content-style":"default","site-sidebar-style":"default","ast-global-header-display":"","ast-banner-title-visibility":"","ast-main-header-display":"","ast-hfb-above-header-display":"","ast-hfb-below-header-display":"","ast-hfb-mobile-header-display":"","site-post-title":"disabled","ast-breadcrumbs-content":"","ast-featured-img":"disabled","footer-sml-layout":"","theme-transparent-header-meta":"","adv-header-id-meta":"","stick-header-meta":"","header-above-stick-meta":"","header-main-stick-meta":"","header-below-stick-meta":"","astra-migrate-meta-layouts":"set","ast-page-background-enabled":"default","ast-page-background-meta":{"desktop":{"background-color":"","background-image":"","background-repeat":"repeat","background-position":"center center","background-size":"auto","background-attachment":"scroll","background-type":"","background-media":"","overlay-type":"","overlay-color":"","overlay-gradient":""},"tablet":{"background-color":"","background-image":"","background-repeat":"repeat","background-position":"center center","background-size":"auto","background-attachment":"scroll","background-type":"","background-media":"","overlay-type":"","overlay-color":"","overlay-gradient":""},"mobile":{"background-color":"","background-image":"","background-repeat":"repeat","background-position":"center center","background-size":"auto","background-attachment":"scroll","background-type":"","background-media":"","overlay-type":"","overlay-color":"","overlay-gradient":""}},"ast-content-background-meta":{"desktop":{"background-color":"var(--ast-global-color-5)","background-image":"","background-repeat":"repeat","background-position":"center center","background-size":"auto","background-attachment":"scroll","background-type":"","background-media":"","overlay-type":"","overlay-color":"","overlay-gradient":""},"tablet":{"background-color":"var(--ast-global-color-5)","background-image":"","background-repeat":"repeat","background-position":"center center","background-size":"auto","background-attachment":"scroll","background-type":"","background-media":"","overlay-type":"","overlay-color":"","overlay-gradient":""},"mobile":{"background-color":"var(--ast-global-color-5)","background-image":"","background-repeat":"repeat","background-position":"center center","background-size":"auto","background-attachment":"scroll","background-type":"","background-media":"","overlay-type":"","overlay-color":"","overlay-gradient":""}},"footnotes":""},"class_list":["post-3427","page","type-page","status-publish","hentry"],"_links":{"self":[{"href":"https:\/\/www.xminsulation.com\/tr\/wp-json\/wp\/v2\/pages\/3427","targetHints":{"allow":["GET"]}}],"collection":[{"href":"https:\/\/www.xminsulation.com\/tr\/wp-json\/wp\/v2\/pages"}],"about":[{"href":"https:\/\/www.xminsulation.com\/tr\/wp-json\/wp\/v2\/types\/page"}],"author":[{"embeddable":true,"href":"https:\/\/www.xminsulation.com\/tr\/wp-json\/wp\/v2\/users\/2"}],"replies":[{"embeddable":true,"href":"https:\/\/www.xminsulation.com\/tr\/wp-json\/wp\/v2\/comments?post=3427"}],"version-history":[{"count":22,"href":"https:\/\/www.xminsulation.com\/tr\/wp-json\/wp\/v2\/pages\/3427\/revisions"}],"predecessor-version":[{"id":3652,"href":"https:\/\/www.xminsulation.com\/tr\/wp-json\/wp\/v2\/pages\/3427\/revisions\/3652"}],"wp:attachment":[{"href":"https:\/\/www.xminsulation.com\/tr\/wp-json\/wp\/v2\/media?parent=3427"}],"curies":[{"name":"wp","href":"https:\/\/api.w.org\/{rel}","templated":true}]}}