{"id":4081,"date":"2025-07-19T10:47:57","date_gmt":"2025-07-19T02:47:57","guid":{"rendered":"https:\/\/www.xminsulation.com\/?post_type=product&#038;p=4081"},"modified":"2025-07-19T10:47:58","modified_gmt":"2025-07-19T02:47:58","slug":"indoor-sf6-load-break-switch-lbs-sm6-type-cubicle-with-vcb","status":"publish","type":"product","link":"https:\/\/www.xminsulation.com\/pt\/product\/indoor-sf6-load-break-switch-lbs-sm6-type-cubicle-with-vcb\/","title":{"rendered":"Interruptor de carga interno SF6 tipo cub\u00edculo LBS SM6 com VCB"},"content":{"rendered":"<p><img fetchpriority=\"high\" decoding=\"async\" class=\"size-full wp-image-4082 aligncenter\" src=\"https:\/\/www.xminsulation.com\/wp-content\/uploads\/2025\/07\/\u56fe\u724740-1.png\" alt=\"\" width=\"892\" height=\"1452\" srcset=\"https:\/\/www.xminsulation.com\/wp-content\/uploads\/2025\/07\/\u56fe\u724740-1.png 892w, https:\/\/www.xminsulation.com\/wp-content\/uploads\/2025\/07\/\u56fe\u724740-1-184x300.png 184w, https:\/\/www.xminsulation.com\/wp-content\/uploads\/2025\/07\/\u56fe\u724740-1-629x1024.png 629w, https:\/\/www.xminsulation.com\/wp-content\/uploads\/2025\/07\/\u56fe\u724740-1-768x1250.png 768w, https:\/\/www.xminsulation.com\/wp-content\/uploads\/2025\/07\/\u56fe\u724740-1-7x12.png 7w, https:\/\/www.xminsulation.com\/wp-content\/uploads\/2025\/07\/\u56fe\u724740-1-600x977.png 600w\" sizes=\"(max-width: 892px) 100vw, 892px\" \/> <img decoding=\"async\" class=\"size-full wp-image-4083 aligncenter\" src=\"https:\/\/www.xminsulation.com\/wp-content\/uploads\/2025\/07\/\u56fe\u724741-1.png\" alt=\"\" width=\"671\" height=\"1184\" srcset=\"https:\/\/www.xminsulation.com\/wp-content\/uploads\/2025\/07\/\u56fe\u724741-1.png 671w, https:\/\/www.xminsulation.com\/wp-content\/uploads\/2025\/07\/\u56fe\u724741-1-170x300.png 170w, https:\/\/www.xminsulation.com\/wp-content\/uploads\/2025\/07\/\u56fe\u724741-1-580x1024.png 580w, https:\/\/www.xminsulation.com\/wp-content\/uploads\/2025\/07\/\u56fe\u724741-1-7x12.png 7w, https:\/\/www.xminsulation.com\/wp-content\/uploads\/2025\/07\/\u56fe\u724741-1-600x1059.png 600w\" sizes=\"(max-width: 671px) 100vw, 671px\" \/> <img decoding=\"async\" class=\"size-full wp-image-4084 aligncenter\" src=\"https:\/\/www.xminsulation.com\/wp-content\/uploads\/2025\/07\/\u56fe\u724742-1.png\" alt=\"\" width=\"981\" height=\"754\" srcset=\"https:\/\/www.xminsulation.com\/wp-content\/uploads\/2025\/07\/\u56fe\u724742-1.png 981w, https:\/\/www.xminsulation.com\/wp-content\/uploads\/2025\/07\/\u56fe\u724742-1-300x231.png 300w, https:\/\/www.xminsulation.com\/wp-content\/uploads\/2025\/07\/\u56fe\u724742-1-768x590.png 768w, https:\/\/www.xminsulation.com\/wp-content\/uploads\/2025\/07\/\u56fe\u724742-1-16x12.png 16w, https:\/\/www.xminsulation.com\/wp-content\/uploads\/2025\/07\/\u56fe\u724742-1-600x461.png 600w\" sizes=\"(max-width: 981px) 100vw, 981px\" \/><\/p>\n<h2><strong><b>Vis\u00e3o geral<\/b><\/strong><\/h2>\n<p>Os cub\u00edculos do tipo SM6 s\u00e3o projetados para instala\u00e7\u00f5es internas.<\/p>\n<p>\u00c9 ideal para usinas el\u00e9tricas e equipamentos el\u00e9tricos industriais alimentados por rede ou terminal CA trif\u00e1sica de 50 Hz\/60 Hz. \u00c9 utilizado como prote\u00e7\u00e3o de linha de controle de carga para sistemas de energia de m\u00e9dia tens\u00e3o de 10 kV-40,5 kV. A chave de carga comuta a corrente de carga, a corrente em malha fechada, a corrente de transformador sem carga e a corrente de carga do cabo; o conjunto de equipamentos el\u00e9tricos pode interromper qualquer corrente at\u00e9 a corrente de curto-circuito nominal e \u00e9 adequado para conjuntos completos de equipamentos el\u00e9tricos, como unidades de rede em anel e subesta\u00e7\u00f5es do tipo caixa.<\/p>\n<p>\u00c9 especialmente adequado para distribui\u00e7\u00e3o de energia em \u00e1reas residenciais urbanas, pequenas subesta\u00e7\u00f5es secund\u00e1rias, centrais telef\u00f4nicas, empresas industriais e de minera\u00e7\u00e3o, grandes shoppings, aeroportos, metr\u00f4s, hospitais, est\u00e1dios e outros locais.<\/p>\n<p>Suas dimens\u00f5es compactas s\u00e3o: 375 mm a 750 mm de largura; 1600 mm de altura; 840 mm de profundidade. Isso facilita a instala\u00e7\u00e3o em salas pequenas ou subesta\u00e7\u00f5es pr\u00e9-fabricadas.<\/p>\n<h2><strong><b>Caracter\u00edstica principal<\/b><\/strong><strong><b>\u00e9<\/b><\/strong><\/h2>\n<ul>\n<li>Design compacto e tipo testado.<\/li>\n<li>Alto n\u00edvel de seguran\u00e7a do operador, alto n\u00edvel de confiabilidade operacional.<\/li>\n<li>O design modular permite possibilidades ilimitadas de instala\u00e7\u00e3o.<\/li>\n<li>O menor custo de manuten\u00e7\u00e3o.<\/li>\n<li>Adequado para controle e monitoramento remoto.<\/li>\n<li>Cumpra as normas IEC e EN relevantes.<\/li>\n<\/ul>\n<h2><strong><b>Seguran\u00e7a<\/b><\/strong><\/h2>\n<p>&nbsp;<\/p>\n<ul>\n<li>Resiste ao arco interno devido ao design dur\u00e1vel contra efeitos t\u00e9rmicos e din\u00e2micos,<\/li>\n<li>Possibilidade de verificar visualmente a posi\u00e7\u00e3o do Seccionador de Aterramento (FECHADO ou ABERTO) atrav\u00e9s da janela de vigil\u00e2ncia no painel frontal.<\/li>\n<li>Sistemas de intertravamento consecutivos evitam a opera\u00e7\u00e3o incorreta. O acesso ao compartimento de cabos e ao compartimento de fus\u00edveis s\u00f3 \u00e9 poss\u00edvel se o(s) interruptor(es) de aterramento correspondente(s) estiver(em) na posi\u00e7\u00e3o aterrado.<\/li>\n<\/ul>\n<h2><strong><b>Campos de aplica\u00e7\u00e3o principais<\/b><\/strong><\/h2>\n<ul>\n<li>Redes de Distribui\u00e7\u00e3o Secund\u00e1ria de Energia El\u00e9trica.<\/li>\n<li>Subesta\u00e7\u00e3o transformadora de distribui\u00e7\u00e3o MT\/BT.<\/li>\n<li>Usinas de energia e\u00f3lica e solar.<\/li>\n<li>Aplica\u00e7\u00f5es comerciais: Portos, esta\u00e7\u00f5es de trem, aeroportos, hospitais, escolas, hot\u00e9is, shoppings, centros comerciais, complexos de f\u00e9rias.<\/li>\n<li>Aplica\u00e7\u00f5es industriais: \u00e1gua, ferro e a\u00e7o, automotivo, petr\u00f3leo e g\u00e1s.<\/li>\n<\/ul>\n<h2><strong><b>Par\u00e2metros t\u00e9cnicos<\/b><\/strong><\/h2>\n<p><img loading=\"lazy\" decoding=\"async\" class=\"size-full wp-image-4085 aligncenter\" src=\"https:\/\/www.xminsulation.com\/wp-content\/uploads\/2025\/07\/\u56fe\u724743-1.png\" alt=\"\" width=\"1356\" height=\"1302\" srcset=\"https:\/\/www.xminsulation.com\/wp-content\/uploads\/2025\/07\/\u56fe\u724743-1.png 1356w, https:\/\/www.xminsulation.com\/wp-content\/uploads\/2025\/07\/\u56fe\u724743-1-300x288.png 300w, https:\/\/www.xminsulation.com\/wp-content\/uploads\/2025\/07\/\u56fe\u724743-1-1024x983.png 1024w, https:\/\/www.xminsulation.com\/wp-content\/uploads\/2025\/07\/\u56fe\u724743-1-768x737.png 768w, https:\/\/www.xminsulation.com\/wp-content\/uploads\/2025\/07\/\u56fe\u724743-1-12x12.png 12w, https:\/\/www.xminsulation.com\/wp-content\/uploads\/2025\/07\/\u56fe\u724743-1-600x576.png 600w\" sizes=\"(max-width: 1356px) 100vw, 1356px\" \/><\/p>\n<h2><strong><b>Disjuntor a v\u00e1cuo montado lateralmente<\/b><\/strong><\/h2>\n<p><img loading=\"lazy\" decoding=\"async\" class=\"size-full wp-image-4086 aligncenter\" src=\"https:\/\/www.xminsulation.com\/wp-content\/uploads\/2025\/07\/\u56fe\u724744-1.png\" alt=\"\" width=\"965\" height=\"796\" srcset=\"https:\/\/www.xminsulation.com\/wp-content\/uploads\/2025\/07\/\u56fe\u724744-1.png 965w, https:\/\/www.xminsulation.com\/wp-content\/uploads\/2025\/07\/\u56fe\u724744-1-300x247.png 300w, https:\/\/www.xminsulation.com\/wp-content\/uploads\/2025\/07\/\u56fe\u724744-1-768x634.png 768w, https:\/\/www.xminsulation.com\/wp-content\/uploads\/2025\/07\/\u56fe\u724744-1-15x12.png 15w, https:\/\/www.xminsulation.com\/wp-content\/uploads\/2025\/07\/\u56fe\u724744-1-600x495.png 600w\" sizes=\"(max-width: 965px) 100vw, 965px\" \/><\/p>\n<h2><strong><b>Estrutura do Painel CB<\/b><\/strong><\/h2>\n<p><img loading=\"lazy\" decoding=\"async\" class=\"size-full wp-image-4087 aligncenter\" src=\"https:\/\/www.xminsulation.com\/wp-content\/uploads\/2025\/07\/\u56fe\u724745-1.png\" alt=\"\" width=\"408\" height=\"634\" srcset=\"https:\/\/www.xminsulation.com\/wp-content\/uploads\/2025\/07\/\u56fe\u724745-1.png 408w, https:\/\/www.xminsulation.com\/wp-content\/uploads\/2025\/07\/\u56fe\u724745-1-193x300.png 193w, https:\/\/www.xminsulation.com\/wp-content\/uploads\/2025\/07\/\u56fe\u724745-1-8x12.png 8w\" sizes=\"(max-width: 408px) 100vw, 408px\" \/><\/p>\n<h2><strong><b>Unidades para diferentes fun\u00e7\u00f5es<\/b><\/strong><\/h2>\n<p><strong><b> <img loading=\"lazy\" decoding=\"async\" class=\"size-full wp-image-4088 aligncenter\" src=\"https:\/\/www.xminsulation.com\/wp-content\/uploads\/2025\/07\/\u56fe\u724746-2.png\" alt=\"\" width=\"1221\" height=\"713\" srcset=\"https:\/\/www.xminsulation.com\/wp-content\/uploads\/2025\/07\/\u56fe\u724746-2.png 1221w, https:\/\/www.xminsulation.com\/wp-content\/uploads\/2025\/07\/\u56fe\u724746-2-300x175.png 300w, https:\/\/www.xminsulation.com\/wp-content\/uploads\/2025\/07\/\u56fe\u724746-2-1024x598.png 1024w, https:\/\/www.xminsulation.com\/wp-content\/uploads\/2025\/07\/\u56fe\u724746-2-768x448.png 768w, https:\/\/www.xminsulation.com\/wp-content\/uploads\/2025\/07\/\u56fe\u724746-2-18x12.png 18w, https:\/\/www.xminsulation.com\/wp-content\/uploads\/2025\/07\/\u56fe\u724746-2-600x350.png 600w\" sizes=\"(max-width: 1221px) 100vw, 1221px\" \/><\/b><\/strong><\/p>\n<h2><strong><b>Instala\u00e7\u00e3o e <\/b><\/strong><strong><b>Comiss\u00e3o<\/b><\/strong><strong><b>ing<\/b><\/strong><\/h2>\n<ol>\n<li>Antes da instala\u00e7\u00e3o e depura\u00e7\u00e3o, certifique-se de ler o manual de instru\u00e7\u00f5es cuidadosamente e fa\u00e7a os seguintes preparativos: Primeiro, verifique se h\u00e1 algum dano na apar\u00eancia. Produtos danificados devem ser interrompidos imediatamente. O segundo passo \u00e9 remover a contamina\u00e7\u00e3o na superf\u00edcie do produto devido ao transporte ou outros motivos.<\/li>\n<li>Quando o mecanismo de opera\u00e7\u00e3o e o corpo do interruptor s\u00e3o montados, deve-se garantir que eles estejam fixados de forma confi\u00e1vel, e suas pe\u00e7as de conex\u00e3o devem ser fixadas de forma confi\u00e1vel no eixo de opera\u00e7\u00e3o do corpo do interruptor, e os componentes que conectam o interruptor de carga tamb\u00e9m devem ser fixados de forma confi\u00e1vel no corpo do interruptor. no interruptor.<\/li>\n<li>Ap\u00f3s a conclus\u00e3o da instala\u00e7\u00e3o, confirme se o interruptor de carga est\u00e1 na posi\u00e7\u00e3o de abertura, insira a alavanca de opera\u00e7\u00e3o no furo de opera\u00e7\u00e3o de aterramento na extremidade superior do painel e gire a alavanca 180 no sentido hor\u00e1rio. Para executar o fechamento do aterramento, gire a alavanca 180 graus no sentido anti-hor\u00e1rio. Conclua o fechamento do interruptor de aterramento.<\/li>\n<li>Ao executar a opera\u00e7\u00e3o de fechamento, primeiro confirme se o interruptor de carga est\u00e1 na posi\u00e7\u00e3o de abertura, depois insira a alavanca de opera\u00e7\u00e3o no orif\u00edcio de opera\u00e7\u00e3o do interruptor de carga na extremidade inferior do painel e gire a alavanca de opera\u00e7\u00e3o 180\u2033 no sentido hor\u00e1rio para concluir a opera\u00e7\u00e3o de fechamento do interruptor de carga.<\/li>\n<li>Durante o processo de movimenta\u00e7\u00e3o do interruptor de carga da posi\u00e7\u00e3o de fechamento para a posi\u00e7\u00e3o de abertura, use o mecanismo de opera\u00e7\u00e3o do tipo K, insira a alavanca de opera\u00e7\u00e3o no orif\u00edcio de opera\u00e7\u00e3o do interruptor de carga e gire a alavanca no sentido anti-hor\u00e1rio 180\u2033 para executar a opera\u00e7\u00e3o de abertura; para o mecanismo de opera\u00e7\u00e3o do tipo A, Mecanismo de opera\u00e7\u00e3o, pressione o bot\u00e3o de abertura para abrir o interruptor de carga, verifique atrav\u00e9s da janela de observa\u00e7\u00e3o se a posi\u00e7\u00e3o do interruptor est\u00e1 correta e se as instru\u00e7\u00f5es de observa\u00e7\u00e3o correspondentes atendem aos requisitos.<\/li>\n<li>Observa\u00e7\u00e3o: O aterramento ou a carga s\u00f3 podem ser fechados quando o interruptor estiver na posi\u00e7\u00e3o aberta!<\/li>\n<\/ol>\n<h2><strong><b>Manuten\u00e7\u00e3o e Cuidados<\/b><\/strong><\/h2>\n<p>Em condi\u00e7\u00f5es normais de uso, onde o ambiente atende aos requisitos das instru\u00e7\u00f5es de instala\u00e7\u00e3o e opera\u00e7\u00e3o, o corpo do interruptor tem garantia de n\u00e3o precisar de manuten\u00e7\u00e3o por 20 anos. Devido \u00e0s diferen\u00e7as ambientais, o trabalho de inspe\u00e7\u00e3o e manuten\u00e7\u00e3o necess\u00e1rio no interruptor de carga ainda \u00e9 necess\u00e1rio.<\/p>\n<ol>\n<li>De acordo com o ambiente de trabalho, realize uma inspe\u00e7\u00e3o visual adequada da cobertura de isolamento entre junho e dezembro e remova superf\u00edcies sujas e \u00famidas.<\/li>\n<li>Realize a lubrifica\u00e7\u00e3o e a inspe\u00e7\u00e3o operacional do mecanismo operacional 1 a 2 vezes por ano para garantir a opera\u00e7\u00e3o normal.<\/li>\n<li>Para interruptores de carga equipados com man\u00f4metros, as leituras dos man\u00f4metros devem ser verificadas periodicamente.<\/li>\n<li>Quando uma corrente de falha passa pelo aparelho de combina\u00e7\u00e3o de fus\u00edveis do interruptor de carga e um fus\u00edvel de fase queima, todos os fus\u00edveis trif\u00e1sicos devem ser substitu\u00eddos. Ao substituir, o interruptor de aterramento deve ser fechado primeiro antes da substitui\u00e7\u00e3o e garantir que todos os fus\u00edveis trif\u00e1sicos estejam instalados no lugar.<\/li>\n<\/ol>\n<p>&nbsp;<\/p>\n<h2>\u25c6Personaliza\u00e7\u00e3o Especial<\/h2>\n<p>Os par\u00e2metros acima s\u00e3o dados t\u00edpicos; se os estilos existentes n\u00e3o atenderem \u00e0s suas demandas espec\u00edficas, entre em contato conosco para um design personalizado. Temos habilidades significativas de desenvolvimento e produ\u00e7\u00e3o de personaliza\u00e7\u00e3o personalizada, o que nos permite fornecer solu\u00e7\u00f5es personalizadas para clientes em todo o mundo.<\/p>\n<p>&nbsp;<\/p>\n<p>&nbsp;<\/p>","protected":false},"excerpt":{"rendered":"<p>Overview SM6\u00a0type cubicles are designed for indoor installations. It is good for power stations and industrial electrical equipment powered by three-phase AC 50Hz\/60Hz ring network or terminal It is used as load control line protection for 10kV-40.5kV MV power system. The load switch switches load current, closed-loop current, no-load transformer and cable charging current; the [&hellip;]<\/p>","protected":false},"featured_media":4089,"template":"","meta":{"site-sidebar-layout":"default","site-content-layout":"","ast-site-content-layout":"default","site-content-style":"default","site-sidebar-style":"default","ast-global-header-display":"","ast-banner-title-visibility":"","ast-main-header-display":"","ast-hfb-above-header-display":"","ast-hfb-below-header-display":"","ast-hfb-mobile-header-display":"","site-post-title":"","ast-breadcrumbs-content":"","ast-featured-img":"","footer-sml-layout":"","theme-transparent-header-meta":"default","adv-header-id-meta":"","stick-header-meta":"","header-above-stick-meta":"","header-main-stick-meta":"","header-below-stick-meta":"","astra-migrate-meta-layouts":"set","ast-page-background-enabled":"default","ast-page-background-meta":{"desktop":{"background-color":"","background-image":"","background-repeat":"repeat","background-position":"center center","background-size":"auto","background-attachment":"scroll","background-type":"","background-media":"","overlay-type":"","overlay-color":"","overlay-gradient":""},"tablet":{"background-color":"","background-image":"","background-repeat":"repeat","background-position":"center center","background-size":"auto","background-attachment":"scroll","background-type":"","background-media":"","overlay-type":"","overlay-color":"","overlay-gradient":""},"mobile":{"background-color":"","background-image":"","background-repeat":"repeat","background-position":"center center","background-size":"auto","background-attachment":"scroll","background-type":"","background-media":"","overlay-type":"","overlay-color":"","overlay-gradient":""}},"ast-content-background-meta":{"desktop":{"background-color":"var(--ast-global-color-5)","background-image":"","background-repeat":"repeat","background-position":"center center","background-size":"auto","background-attachment":"scroll","background-type":"","background-media":"","overlay-type":"","overlay-color":"","overlay-gradient":""},"tablet":{"background-color":"var(--ast-global-color-5)","background-image":"","background-repeat":"repeat","background-position":"center center","background-size":"auto","background-attachment":"scroll","background-type":"","background-media":"","overlay-type":"","overlay-color":"","overlay-gradient":""},"mobile":{"background-color":"var(--ast-global-color-5)","background-image":"","background-repeat":"repeat","background-position":"center center","background-size":"auto","background-attachment":"scroll","background-type":"","background-media":"","overlay-type":"","overlay-color":"","overlay-gradient":""}}},"product_cat":[67],"product_tag":[],"class_list":{"0":"post-4081","1":"product","2":"type-product","3":"status-publish","4":"has-post-thumbnail","6":"product_cat-10-40-5kv-indoor-sf6-load-break-switch-lbs-sm6-type-cubicle","7":"desktop-align-left","8":"tablet-align-left","9":"mobile-align-left","11":"first","12":"instock","13":"shipping-taxable","14":"product-type-simple"},"_links":{"self":[{"href":"https:\/\/www.xminsulation.com\/pt\/wp-json\/wp\/v2\/product\/4081","targetHints":{"allow":["GET"]}}],"collection":[{"href":"https:\/\/www.xminsulation.com\/pt\/wp-json\/wp\/v2\/product"}],"about":[{"href":"https:\/\/www.xminsulation.com\/pt\/wp-json\/wp\/v2\/types\/product"}],"wp:featuredmedia":[{"embeddable":true,"href":"https:\/\/www.xminsulation.com\/pt\/wp-json\/wp\/v2\/media\/4089"}],"wp:attachment":[{"href":"https:\/\/www.xminsulation.com\/pt\/wp-json\/wp\/v2\/media?parent=4081"}],"wp:term":[{"taxonomy":"product_cat","embeddable":true,"href":"https:\/\/www.xminsulation.com\/pt\/wp-json\/wp\/v2\/product_cat?post=4081"},{"taxonomy":"product_tag","embeddable":true,"href":"https:\/\/www.xminsulation.com\/pt\/wp-json\/wp\/v2\/product_tag?post=4081"}],"curies":[{"name":"wp","href":"https:\/\/api.w.org\/{rel}","templated":true}]}}