{"id":3843,"date":"2025-07-10T08:31:35","date_gmt":"2025-07-10T00:31:35","guid":{"rendered":"https:\/\/www.xminsulation.com\/?post_type=product&#038;p=3843"},"modified":"2025-07-18T11:12:37","modified_gmt":"2025-07-18T03:12:37","slug":"24kv-eco-friendly-vacuum-circuit-breaker-ais-vcb-sf6-free","status":"publish","type":"product","link":"https:\/\/www.xminsulation.com\/pt\/product\/24kv-eco-friendly-vacuum-circuit-breaker-ais-vcb-sf6-free\/","title":{"rendered":"Disjuntor a v\u00e1cuo ecol\u00f3gico de 24 kV AIS VCB (sem SF6)"},"content":{"rendered":"<p><img fetchpriority=\"high\" decoding=\"async\" class=\"size-full wp-image-3844 aligncenter\" src=\"https:\/\/www.xminsulation.com\/wp-content\/uploads\/2025\/07\/\u56fe\u72472.png\" alt=\"\" width=\"1101\" height=\"1237\" srcset=\"https:\/\/www.xminsulation.com\/wp-content\/uploads\/2025\/07\/\u56fe\u72472.png 1101w, https:\/\/www.xminsulation.com\/wp-content\/uploads\/2025\/07\/\u56fe\u72472-267x300.png 267w, https:\/\/www.xminsulation.com\/wp-content\/uploads\/2025\/07\/\u56fe\u72472-911x1024.png 911w, https:\/\/www.xminsulation.com\/wp-content\/uploads\/2025\/07\/\u56fe\u72472-768x863.png 768w, https:\/\/www.xminsulation.com\/wp-content\/uploads\/2025\/07\/\u56fe\u72472-11x12.png 11w, https:\/\/www.xminsulation.com\/wp-content\/uploads\/2025\/07\/\u56fe\u72472-600x674.png 600w\" sizes=\"(max-width: 1101px) 100vw, 1101px\" \/> <img decoding=\"async\" class=\"size-full wp-image-3845 aligncenter\" src=\"https:\/\/www.xminsulation.com\/wp-content\/uploads\/2025\/07\/\u56fe\u72473.png\" alt=\"\" width=\"1231\" height=\"1327\" srcset=\"https:\/\/www.xminsulation.com\/wp-content\/uploads\/2025\/07\/\u56fe\u72473.png 1231w, https:\/\/www.xminsulation.com\/wp-content\/uploads\/2025\/07\/\u56fe\u72473-278x300.png 278w, https:\/\/www.xminsulation.com\/wp-content\/uploads\/2025\/07\/\u56fe\u72473-950x1024.png 950w, https:\/\/www.xminsulation.com\/wp-content\/uploads\/2025\/07\/\u56fe\u72473-768x828.png 768w, https:\/\/www.xminsulation.com\/wp-content\/uploads\/2025\/07\/\u56fe\u72473-11x12.png 11w, https:\/\/www.xminsulation.com\/wp-content\/uploads\/2025\/07\/\u56fe\u72473-600x647.png 600w\" sizes=\"(max-width: 1231px) 100vw, 1231px\" \/><\/p>\n<h2><strong><b>P<\/b><\/strong><strong><b>produto <\/b><\/strong><strong><b>D<\/b><\/strong><strong><b>descri\u00e7\u00e3o<\/b><\/strong><\/h2>\n<p>Em sistemas de distribui\u00e7\u00e3o de energia de m\u00e9dia tens\u00e3o, os gabinetes de rede em anel mais comumente usados atualmente incluem gabinetes de rede em anel isolados a g\u00e1s SF6, gabinetes de rede em anel com isolamento s\u00f3lido e gabinetes de rede em anel isolados a g\u00e1s ecologicamente corretos. No entanto, devido ao problema de emiss\u00e3o de gases de efeito estufa do SF6 e \u00e0 dificuldade de reciclagem de materiais de isolamento s\u00f3lidos, a aplica\u00e7\u00e3o da unidade principal de anel isolado com g\u00e1s SF6 e da unidade principal de anel isolado s\u00f3lido ser\u00e1 limitada. Com a promo\u00e7\u00e3o global do conceito de desenvolvimento ecol\u00f3gico e ecol\u00f3gico, unidades principais de anel de g\u00e1s totalmente isoladas e ecologicamente corretas que atendem aos mais recentes conceitos e requisitos de prote\u00e7\u00e3o ambiental dar\u00e3o in\u00edcio a oportunidades de desenvolvimento hist\u00f3rico!<\/p>\n<p>Os interruptores ecol\u00f3gicos da s\u00e9rie IE-EcoAir-12\/24kV 630A s\u00e3o uma nova gera\u00e7\u00e3o de interruptores ecol\u00f3gicos \u201cisentos de fl\u00faor e com baixo teor de res\u00edduos s\u00f3lidos\u201d e unidades principais de anel isoladas a g\u00e1s ecologicamente corretas desenvolvidas para substituir o isolamento tradicional de g\u00e1s SF6.<\/p>\n<p>O interruptor do disjuntor ecol\u00f3gico adota um feixe longitudinal integrado de alta resist\u00eancia e a c\u00e2mara de extin\u00e7\u00e3o de arco a v\u00e1cuo \u00e9 envolvida na estrutura do feixe longitudinal. Tem as vantagens de estrutura confi\u00e1vel e depura\u00e7\u00e3o simples. Isola as opera\u00e7\u00f5es de abertura, fechamento e aterramento da chave faca por meio de um fuso de isolamento integrado. Acionado pela m\u00e1quina, n\u00e3o h\u00e1 outra transmiss\u00e3o de bra\u00e7o, a posi\u00e7\u00e3o de trabalho \u00e9 mais precisa e a for\u00e7a operacional do mecanismo de isolamento \u00e9 mais leve. O eixo principal do disjuntor \u00e9 feito de haste de gatilho de fibra de vidro ep\u00f3xi, que possui alta resist\u00eancia mec\u00e2nica e forte desempenho de isolamento. Atrav\u00e9s do suporte de liga e do came de transmiss\u00e3o, s\u00e3o realizadas as a\u00e7\u00f5es de abertura e fechamento da c\u00e2mara de extin\u00e7\u00e3o de arco a v\u00e1cuo. As fases s\u00e3o refor\u00e7adas com saias de silicone para aumentar a dist\u00e2ncia de fuga. O interruptor do disjuntor ecol\u00f3gico n\u00e3o \u00e9 adequado apenas para unidades principais de anel com estrutura de c\u00e2mara de ar selada, mas tamb\u00e9m para unidades principais de anel fechado de metal com press\u00e3o normal.<\/p>\n<p>Utilizando uma solu\u00e7\u00e3o de isolamento de g\u00e1s ecologicamente correto e quebra de v\u00e1cuo, a combina\u00e7\u00e3o de vantagens apresenta alto desempenho geral. O circuito prim\u00e1rio \u00e9 selado a g\u00e1s, os componentes de alta press\u00e3o n\u00e3o s\u00e3o afetados pela altitude, s\u00e3o totalmente livres de manuten\u00e7\u00e3o e possuem forte adaptabilidade ambiental. O tamanho do gabinete \u00e9 pequeno e a necessidade de espa\u00e7o de layout \u00e9 baixa. Os produtos podem ser usados em redes el\u00e9tricas, grandes ind\u00fastrias, transporte ferrovi\u00e1rio, edif\u00edcios comerciais e outros cen\u00e1rios de uso.<\/p>\n<p>Este produto \u00e9 usado principalmente em equipamentos de comuta\u00e7\u00e3o de rede em anel interno e externo em sistemas de rede de distribui\u00e7\u00e3o de m\u00e9dia tens\u00e3o de 10-24kV para receber e distribuir energia el\u00e9trica. \u00c9 adequado para solu\u00e7\u00f5es de gabinete de rede em anel de expans\u00e3o superior, expans\u00e3o lateral e caixa comum (m\u00e1ximo de tr\u00eas unidades). A taxa comum de pe\u00e7as das solu\u00e7\u00f5es de isolamento superior e inferior atinge mais de 90%. O produto possui alta estabilidade e grande versatilidade e atende totalmente aos requisitos de teste de tipo.<\/p>\n<h2><strong><b>produtos <\/b><\/strong><strong><b>Caracter\u00edsticas<\/b><\/strong><\/h2>\n<p>&nbsp;<\/p>\n<ol>\n<li>\n<h3><strong><b> Verde e <\/b><\/strong><strong><b>E<\/b><\/strong><strong><b>ambientalmente <\/b><\/strong><strong><b>F<\/b><\/strong><strong><b>amig\u00e1vel.<\/b><\/strong><\/h3>\n<\/li>\n<\/ol>\n<p>O ar comprimido seco \u00e9 usado como g\u00e1s isolante, que possui alta intensidade de campo de ioniza\u00e7\u00e3o e intensidade de campo de ruptura. Pode restaurar rapidamente o desempenho do isolamento ap\u00f3s a quebra. Possui boa estabilidade qu\u00edmica, n\u00e3o \u00e9 inflam\u00e1vel, n\u00e3o explosivo, n\u00e3o envelhece, n\u00e3o \u00e9 corrosivo e n\u00e3o \u00e9 facilmente afetado por descargas. Decomp\u00f5e-se, possui grande capacidade t\u00e9rmica espec\u00edfica, boa condutividade t\u00e9rmica e fluidez. Este g\u00e1s isolante ecol\u00f3gico n\u00e3o \u00e9 apenas at\u00f3xico e inofensivo, mas pode ser descarregado diretamente na atmosfera sem causar polui\u00e7\u00e3o do ar. Tamb\u00e9m possui boas propriedades el\u00e9tricas e estabilidade e pode ser utilizado no processo de processamento sint\u00e9tico, opera\u00e7\u00e3o de equipamentos, arco, vapor d&#039;\u00e1gua e outras condi\u00e7\u00f5es. Sob a a\u00e7\u00e3o combinada de fatores externos e durante o processo final de decomposi\u00e7\u00e3o e transforma\u00e7\u00e3o, n\u00e3o ser\u00e3o produzidas subst\u00e2ncias t\u00f3xicas ou nocivas \u00e0s pessoas e ao meio ambiente. O interruptor \u00e9 feito de material termopl\u00e1stico e \u00e9 recicl\u00e1vel. N\u00e3o h\u00e1 emiss\u00f5es de gases de efeito estufa SF6 e nenhum impacto ao meio ambiente, como a reciclagem de res\u00edduos s\u00f3lidos.<\/p>\n<ol start=\"2\">\n<li>\n<h3><strong><b> Compactar <\/b><\/strong><strong><b>S<\/b><\/strong><strong><b>ritmo.<\/b><\/strong><\/h3>\n<\/li>\n<\/ol>\n<p>Gabinete de distribui\u00e7\u00e3o compacto, a largura t\u00edpica do gabinete de solu\u00e7\u00e3o de 24kV \u00e9 de apenas cerca de 460 mm, o tamanho do gabinete \u00e9 pequeno e a necessidade de espa\u00e7o de layout \u00e9 baixa. Instala\u00e7\u00e3o confi\u00e1vel na parede, canal operacional de apenas 1m na frente do gabinete.<\/p>\n<ol start=\"3\">\n<li>\n<h3><strong><b> Manuten\u00e7\u00e3o-<\/b><\/strong><strong><b>F<\/b><\/strong><strong><b>ree.<\/b><\/strong><\/h3>\n<\/li>\n<\/ol>\n<p>Usando um extintor de arco a v\u00e1cuo de longa vida e livre de manuten\u00e7\u00e3o, a parte condutora principal n\u00e3o \u00e9 afetada pelo ambiente externo e n\u00e3o h\u00e1 necessidade de configurar um dispositivo de alarme de vazamento de g\u00e1s SF6 no local. O circuito principal \u00e9 conectado de forma fixa e n\u00e3o requer manuten\u00e7\u00e3o de inser\u00e7\u00e3o e retirada durante o ciclo de vida. Especialmente adequado para aplica\u00e7\u00f5es em planaltos, zonas costeiras, alpinas, de alta polui\u00e7\u00e3o e outras \u00e1reas.<\/p>\n<ol start=\"4\">\n<li>\n<h3><strong><b> Inteligente.<\/b><\/strong><\/h3>\n<\/li>\n<\/ol>\n<p>A integra\u00e7\u00e3o com equipamentos secund\u00e1rios pode realizar monitoramento on-line, controle remoto e prote\u00e7\u00e3o de equipamentos para atender \u00e0s necessidades de rede de distribui\u00e7\u00e3o inteligente.<\/p>\n<ol start=\"5\">\n<li>\n<h3><strong><b> Modularidade.<\/b><\/strong><\/h3>\n<\/li>\n<\/ol>\n<p>Existem m\u00e9todos de expans\u00e3o lateral e expans\u00e3o superior. A expans\u00e3o \u00e9 flex\u00edvel e conveniente e atende integralmente ao plano de customiza\u00e7\u00e3o padronizado da State Grid.<\/p>\n<ol start=\"6\">\n<li>\n<h3><strong><b> Seguran\u00e7a.<\/b><\/strong><\/h3>\n<\/li>\n<\/ol>\n<p>Adotando uma estrutura de isolamento de fase dividida, n\u00e3o h\u00e1 risco de explos\u00e3o de curto-circuito fase a fase; a tecnologia sem SF6 evita o vazamento de g\u00e1s SF6, o que pode levar ao enfraquecimento do isolamento e da capacidade de extin\u00e7\u00e3o de arco, resultando em falha de ruptura e risco de explos\u00e3o da caixa; possui uma estrutura completa de intertravamento de \u201ccinco preven\u00e7\u00e3o\u201d, segura e f\u00e1cil de operar.<\/p>\n<p><img decoding=\"async\" class=\"size-full wp-image-3846 aligncenter\" src=\"https:\/\/www.xminsulation.com\/wp-content\/uploads\/2025\/07\/\u56fe\u72474.png\" alt=\"\" width=\"1972\" height=\"1590\" srcset=\"https:\/\/www.xminsulation.com\/wp-content\/uploads\/2025\/07\/\u56fe\u72474.png 1972w, https:\/\/www.xminsulation.com\/wp-content\/uploads\/2025\/07\/\u56fe\u72474-300x242.png 300w, https:\/\/www.xminsulation.com\/wp-content\/uploads\/2025\/07\/\u56fe\u72474-1024x826.png 1024w, https:\/\/www.xminsulation.com\/wp-content\/uploads\/2025\/07\/\u56fe\u72474-768x619.png 768w, https:\/\/www.xminsulation.com\/wp-content\/uploads\/2025\/07\/\u56fe\u72474-1536x1238.png 1536w, https:\/\/www.xminsulation.com\/wp-content\/uploads\/2025\/07\/\u56fe\u72474-15x12.png 15w, https:\/\/www.xminsulation.com\/wp-content\/uploads\/2025\/07\/\u56fe\u72474-600x484.png 600w\" sizes=\"(max-width: 1972px) 100vw, 1972px\" \/><\/p>\n<h2><strong><b>Operativo <\/b><\/strong><strong><b>C<\/b><\/strong><strong><b>condi\u00e7\u00f5es<\/b><\/strong><\/h2>\n<p>&nbsp;<\/p>\n<p>Condi\u00e7\u00f5es ambientais normais:<\/p>\n<p>O IE-EcoAir-24kV\/630A geralmente opera\/serve em condi\u00e7\u00f5es internas normais e est\u00e1 em conformidade com IEC 62271-1 e GB3906.<\/p>\n<p>As condi\u00e7\u00f5es espec\u00edficas s\u00e3o as seguintes:<\/p>\n<p>Temperatura ambiente:<\/p>\n<p>Temperatura m\u00e1xima: +40\u2103.<\/p>\n<p>Temperatura m\u00e1xima (m\u00e9dia de 24 horas): +35\u00b0C.<\/p>\n<p>Temperatura m\u00ednima: -40\u2103.<\/p>\n<p>umidade:<\/p>\n<p>Umidade relativa m\u00e9dia m\u00e1xima medida em 24 horas: 95%.<\/p>\n<p>Umidade relativa m\u00e9dia m\u00e1xima medida durante um m\u00eas: 90%.<\/p>\n<p>A altitude m\u00e1xima de instala\u00e7\u00e3o sem redu\u00e7\u00e3o da press\u00e3o do g\u00e1s \u00e9 de 1500 metros. Quando a altitude de instala\u00e7\u00e3o ultrapassar 2.500 metros, entre em contato com a tecnologia de pr\u00e9-venda.<\/p>\n<p>Condi\u00e7\u00f5es especiais:<\/p>\n<p>A opera\u00e7\u00e3o deve cumprir os requisitos das normas IEC62271-1 e GB3906. Para condi\u00e7\u00f5es operacionais especiais, o usu\u00e1rio final e o fabricante devem chegar a um acordo. Se estiverem envolvidos ambientes operacionais adversos especiais, o fabricante dever\u00e1 ser consultado. Por exemplo, quando o equipamento el\u00e9trico \u00e9 instalado a uma altitude superior a 1.500 metros, a press\u00e3o atmosf\u00e9rica diminuir\u00e1, causando o incha\u00e7o da caixa de ar.<\/p>\n<p>&nbsp;<\/p>\n<h2><strong><b>Desenho dimensional do tanque de ar e gabinete de distribui\u00e7\u00e3o<\/b><\/strong><\/h2>\n<p><strong><b>\u00a0<\/b><\/strong><\/p>\n<p><img loading=\"lazy\" decoding=\"async\" class=\"size-full wp-image-3847 aligncenter\" src=\"https:\/\/www.xminsulation.com\/wp-content\/uploads\/2025\/07\/\u56fe\u72475.png\" alt=\"\" width=\"1925\" height=\"1498\" srcset=\"https:\/\/www.xminsulation.com\/wp-content\/uploads\/2025\/07\/\u56fe\u72475.png 1925w, https:\/\/www.xminsulation.com\/wp-content\/uploads\/2025\/07\/\u56fe\u72475-300x233.png 300w, https:\/\/www.xminsulation.com\/wp-content\/uploads\/2025\/07\/\u56fe\u72475-1024x797.png 1024w, https:\/\/www.xminsulation.com\/wp-content\/uploads\/2025\/07\/\u56fe\u72475-768x598.png 768w, https:\/\/www.xminsulation.com\/wp-content\/uploads\/2025\/07\/\u56fe\u72475-1536x1195.png 1536w, https:\/\/www.xminsulation.com\/wp-content\/uploads\/2025\/07\/\u56fe\u72475-15x12.png 15w, https:\/\/www.xminsulation.com\/wp-content\/uploads\/2025\/07\/\u56fe\u72475-600x467.png 600w\" sizes=\"(max-width: 1925px) 100vw, 1925px\" \/> <img loading=\"lazy\" decoding=\"async\" class=\"size-full wp-image-3848 aligncenter\" src=\"https:\/\/www.xminsulation.com\/wp-content\/uploads\/2025\/07\/\u56fe\u72476.png\" alt=\"\" width=\"1505\" height=\"1837\" srcset=\"https:\/\/www.xminsulation.com\/wp-content\/uploads\/2025\/07\/\u56fe\u72476.png 1505w, https:\/\/www.xminsulation.com\/wp-content\/uploads\/2025\/07\/\u56fe\u72476-246x300.png 246w, https:\/\/www.xminsulation.com\/wp-content\/uploads\/2025\/07\/\u56fe\u72476-839x1024.png 839w, https:\/\/www.xminsulation.com\/wp-content\/uploads\/2025\/07\/\u56fe\u72476-768x937.png 768w, https:\/\/www.xminsulation.com\/wp-content\/uploads\/2025\/07\/\u56fe\u72476-1258x1536.png 1258w, https:\/\/www.xminsulation.com\/wp-content\/uploads\/2025\/07\/\u56fe\u72476-10x12.png 10w, https:\/\/www.xminsulation.com\/wp-content\/uploads\/2025\/07\/\u56fe\u72476-600x732.png 600w\" sizes=\"(max-width: 1505px) 100vw, 1505px\" \/><\/p>\n<h2><strong><b>Estrutura interna<\/b><\/strong><\/h2>\n<p>&nbsp;<\/p>\n<p><img loading=\"lazy\" decoding=\"async\" class=\"size-full wp-image-3849 aligncenter\" src=\"https:\/\/www.xminsulation.com\/wp-content\/uploads\/2025\/07\/\u56fe\u72477.png\" alt=\"\" width=\"1065\" height=\"786\" srcset=\"https:\/\/www.xminsulation.com\/wp-content\/uploads\/2025\/07\/\u56fe\u72477.png 1065w, https:\/\/www.xminsulation.com\/wp-content\/uploads\/2025\/07\/\u56fe\u72477-300x221.png 300w, https:\/\/www.xminsulation.com\/wp-content\/uploads\/2025\/07\/\u56fe\u72477-1024x756.png 1024w, https:\/\/www.xminsulation.com\/wp-content\/uploads\/2025\/07\/\u56fe\u72477-768x567.png 768w, https:\/\/www.xminsulation.com\/wp-content\/uploads\/2025\/07\/\u56fe\u72477-16x12.png 16w, https:\/\/www.xminsulation.com\/wp-content\/uploads\/2025\/07\/\u56fe\u72477-600x443.png 600w\" sizes=\"(max-width: 1065px) 100vw, 1065px\" \/><\/p>\n<p>1\uff0cInv\u00f3lucro de expans\u00e3o lateral.<\/p>\n<p>2\uff0cDisjuntor (interruptor de carga).<\/p>\n<p>3, Interruptor de isolamento de tr\u00eas esta\u00e7\u00f5es.<\/p>\n<p>4, Barramento.<\/p>\n<p>5, Bucha de entrada.<\/p>\n<p>6, Tanque de ar.<\/p>\n<p>7, Mon\u00f4metro.<\/p>\n<p>8, Mecanismo do disjuntor (interruptor de carga).<\/p>\n<p>9, Luz de observa\u00e7\u00e3o.<\/p>\n<p>10, Mecanismo de isolamento de tr\u00eas esta\u00e7\u00f5es.<\/p>\n<p>11, Janela de observa\u00e7\u00e3o do solo.<\/p>\n<p><strong><b>\u00a0<\/b><\/strong><\/p>\n<h2><strong><b>Manuten\u00e7\u00e3o do produto<\/b><\/strong><\/h2>\n<p><strong><b>\u00a0<\/b><\/strong><\/p>\n<p>Todos os componentes dentro do IE-EcoAir-24kV 630A s\u00e3o isentos de manuten\u00e7\u00e3o durante a vida \u00fatil declarada do produto.<\/p>\n<p>As posi\u00e7\u00f5es de isolamento e aterramento podem ser observadas para fornecer garantia de seguran\u00e7a para opera\u00e7\u00e3o e constru\u00e7\u00e3o de cabos.<\/p>\n<p>O circuito do sistema \u00e9 completamente isolado da atmosfera e um canal especial de al\u00edvio de press\u00e3o do arco \u00e9 projetado na caixa de ar para garantir a seguran\u00e7a dos operadores e equipamentos.<\/p>\n<p>A parte mec\u00e2nica est\u00e1 localizada fora da caixa de ar e atr\u00e1s do painel frontal, facilitando a opera\u00e7\u00e3o e substitui\u00e7\u00e3o. A superf\u00edcie da parte mec\u00e2nica passou por tratamento anticorrosivo, e suas partes m\u00f3veis foram lubrificadas antes de sair da f\u00e1brica, o que pode atender ao aproveitamento do ciclo de vida do produto. Em ambientes extremos (poeira, areia e sujeira) pode ser necess\u00e1ria inspe\u00e7\u00e3o, manuten\u00e7\u00e3o e, em alguns casos, substitui\u00e7\u00e3o.<\/p>\n<p>&nbsp;<\/p>\n<h2>\u25c6Personaliza\u00e7\u00e3o Especial<\/h2>\n<p>Os par\u00e2metros acima s\u00e3o dados t\u00edpicos; se os estilos existentes n\u00e3o atenderem \u00e0s suas demandas espec\u00edficas, entre em contato conosco para um design personalizado. Temos habilidades significativas de desenvolvimento e produ\u00e7\u00e3o de personaliza\u00e7\u00e3o personalizada, o que nos permite fornecer solu\u00e7\u00f5es personalizadas para clientes em todo o mundo.<\/p>","protected":false},"excerpt":{"rendered":"<p>Product Description In medium-voltage power distribution systems, the most commonly used ring network cabinets currently include SF6 gas insulated ring network cabinets, solid insulated ring network cabinets and environmentally friendly gas insulated ring network cabinets. However, due to the greenhouse gas emission problem of SF6 and the difficulty of recycling solid insulation materials, the application [&hellip;]<\/p>","protected":false},"featured_media":3850,"template":"","meta":{"site-sidebar-layout":"default","site-content-layout":"","ast-site-content-layout":"default","site-content-style":"default","site-sidebar-style":"default","ast-global-header-display":"","ast-banner-title-visibility":"","ast-main-header-display":"","ast-hfb-above-header-display":"","ast-hfb-below-header-display":"","ast-hfb-mobile-header-display":"","site-post-title":"","ast-breadcrumbs-content":"","ast-featured-img":"","footer-sml-layout":"","theme-transparent-header-meta":"default","adv-header-id-meta":"","stick-header-meta":"","header-above-stick-meta":"","header-main-stick-meta":"","header-below-stick-meta":"","astra-migrate-meta-layouts":"set","ast-page-background-enabled":"default","ast-page-background-meta":{"desktop":{"background-color":"","background-image":"","background-repeat":"repeat","background-position":"center center","background-size":"auto","background-attachment":"scroll","background-type":"","background-media":"","overlay-type":"","overlay-color":"","overlay-gradient":""},"tablet":{"background-color":"","background-image":"","background-repeat":"repeat","background-position":"center center","background-size":"auto","background-attachment":"scroll","background-type":"","background-media":"","overlay-type":"","overlay-color":"","overlay-gradient":""},"mobile":{"background-color":"","background-image":"","background-repeat":"repeat","background-position":"center center","background-size":"auto","background-attachment":"scroll","background-type":"","background-media":"","overlay-type":"","overlay-color":"","overlay-gradient":""}},"ast-content-background-meta":{"desktop":{"background-color":"var(--ast-global-color-5)","background-image":"","background-repeat":"repeat","background-position":"center center","background-size":"auto","background-attachment":"scroll","background-type":"","background-media":"","overlay-type":"","overlay-color":"","overlay-gradient":""},"tablet":{"background-color":"var(--ast-global-color-5)","background-image":"","background-repeat":"repeat","background-position":"center center","background-size":"auto","background-attachment":"scroll","background-type":"","background-media":"","overlay-type":"","overlay-color":"","overlay-gradient":""},"mobile":{"background-color":"var(--ast-global-color-5)","background-image":"","background-repeat":"repeat","background-position":"center center","background-size":"auto","background-attachment":"scroll","background-type":"","background-media":"","overlay-type":"","overlay-color":"","overlay-gradient":""}}},"product_cat":[29],"product_tag":[],"class_list":{"0":"post-3843","1":"product","2":"type-product","3":"status-publish","4":"has-post-thumbnail","6":"product_cat-10-24kv-eco-friendly-vacuum-circuit-breaker-sf6-free","7":"desktop-align-left","8":"tablet-align-left","9":"mobile-align-left","11":"first","12":"instock","13":"shipping-taxable","14":"product-type-simple"},"_links":{"self":[{"href":"https:\/\/www.xminsulation.com\/pt\/wp-json\/wp\/v2\/product\/3843","targetHints":{"allow":["GET"]}}],"collection":[{"href":"https:\/\/www.xminsulation.com\/pt\/wp-json\/wp\/v2\/product"}],"about":[{"href":"https:\/\/www.xminsulation.com\/pt\/wp-json\/wp\/v2\/types\/product"}],"wp:featuredmedia":[{"embeddable":true,"href":"https:\/\/www.xminsulation.com\/pt\/wp-json\/wp\/v2\/media\/3850"}],"wp:attachment":[{"href":"https:\/\/www.xminsulation.com\/pt\/wp-json\/wp\/v2\/media?parent=3843"}],"wp:term":[{"taxonomy":"product_cat","embeddable":true,"href":"https:\/\/www.xminsulation.com\/pt\/wp-json\/wp\/v2\/product_cat?post=3843"},{"taxonomy":"product_tag","embeddable":true,"href":"https:\/\/www.xminsulation.com\/pt\/wp-json\/wp\/v2\/product_tag?post=3843"}],"curies":[{"name":"wp","href":"https:\/\/api.w.org\/{rel}","templated":true}]}}