{"id":3768,"date":"2025-06-20T10:01:45","date_gmt":"2025-06-20T02:01:45","guid":{"rendered":"https:\/\/www.xminsulation.com\/?post_type=product&#038;p=3768"},"modified":"2025-06-20T10:01:45","modified_gmt":"2025-06-20T02:01:45","slug":"transformer-bushings-hollow-core-sbc-bushing-series","status":"publish","type":"product","link":"https:\/\/www.xminsulation.com\/pt\/product\/transformer-bushings-hollow-core-sbc-bushing-series\/","title":{"rendered":"Buchas de transformador S\u00e9rie de buchas SBC de n\u00facleo oco"},"content":{"rendered":"<p>Tipo n\u00e3o porcelana, somente resina de silicone\/ep\u00f3xi<\/p>\n<p>Tens\u00e3o de 10-40,5 kV, Corrente de 200 A-4000 A<\/p>\n<p>Padr\u00e3o IEC \/ IEEE<\/p>\n<p><img fetchpriority=\"high\" decoding=\"async\" class=\"size-full wp-image-3769 aligncenter\" src=\"https:\/\/www.xminsulation.com\/wp-content\/uploads\/2025\/06\/\u56fe\u72471.png\" alt=\"\" width=\"1534\" height=\"1474\" srcset=\"https:\/\/www.xminsulation.com\/wp-content\/uploads\/2025\/06\/\u56fe\u72471.png 1534w, https:\/\/www.xminsulation.com\/wp-content\/uploads\/2025\/06\/\u56fe\u72471-300x288.png 300w, https:\/\/www.xminsulation.com\/wp-content\/uploads\/2025\/06\/\u56fe\u72471-1024x984.png 1024w, https:\/\/www.xminsulation.com\/wp-content\/uploads\/2025\/06\/\u56fe\u72471-768x738.png 768w, https:\/\/www.xminsulation.com\/wp-content\/uploads\/2025\/06\/\u56fe\u72471-12x12.png 12w, https:\/\/www.xminsulation.com\/wp-content\/uploads\/2025\/06\/\u56fe\u72471-600x577.png 600w\" sizes=\"(max-width: 1534px) 100vw, 1534px\" \/><\/p>\n<h2><strong><b>Principal <\/b><\/strong><strong><b>Caracter\u00edsticas<\/b><\/strong><\/h2>\n<p>As buchas SBC s\u00e3o classificadas como n\u00e3o capacitivas e adequadas para transformadores a \u00f3leo. S\u00e3o buchas livres de manuten\u00e7\u00e3o, com n\u00facleo oco e preenchidas com l\u00edquido, conforme a norma EN50180, e testadas de acordo com a norma IEC 60137. O corpo isolante consiste em um tubo de fibra de vidro preenchido com silicone premium por meio de um moderno sistema de silicone l\u00edquido (LSR). Este design inovador do produto garante um desempenho ideal gra\u00e7as a um flange integrado diretamente \u00e0 carca\u00e7a composta. Isso aumenta a resist\u00eancia da bucha e reduz o risco de vazamentos de \u00f3leo.<\/p>\n<p>Projetada para aplica\u00e7\u00f5es internas e externas, a s\u00e9rie de buchas SBC pode operar at\u00e9 mesmo em condi\u00e7\u00f5es ambientais extremas (ou seja, \u00e1reas altamente polu\u00eddas, temperaturas ambientes muito frias\/quentes, ambientes muito corrosivos\/agressivos, etc.).<\/p>\n<p>Oferecemos v\u00e1rios estilos de conex\u00e3o, bem como solu\u00e7\u00f5es personalizadas de acordo com quase qualquer tipo de exig\u00eancia\/especifica\u00e7\u00e3o do cliente.<\/p>\n<p><img decoding=\"async\" class=\"size-full wp-image-3770 aligncenter\" src=\"https:\/\/www.xminsulation.com\/wp-content\/uploads\/2025\/06\/\u56fe\u72472.png\" alt=\"\" width=\"828\" height=\"1156\" srcset=\"https:\/\/www.xminsulation.com\/wp-content\/uploads\/2025\/06\/\u56fe\u72472.png 828w, https:\/\/www.xminsulation.com\/wp-content\/uploads\/2025\/06\/\u56fe\u72472-215x300.png 215w, https:\/\/www.xminsulation.com\/wp-content\/uploads\/2025\/06\/\u56fe\u72472-733x1024.png 733w, https:\/\/www.xminsulation.com\/wp-content\/uploads\/2025\/06\/\u56fe\u72472-768x1072.png 768w, https:\/\/www.xminsulation.com\/wp-content\/uploads\/2025\/06\/\u56fe\u72472-9x12.png 9w, https:\/\/www.xminsulation.com\/wp-content\/uploads\/2025\/06\/\u56fe\u72472-600x838.png 600w\" sizes=\"(max-width: 828px) 100vw, 828px\" \/><\/p>\n<h2><strong><b>Estrutura interna<\/b><\/strong><\/h2>\n<p><img decoding=\"async\" class=\"size-full wp-image-3771 aligncenter\" src=\"https:\/\/www.xminsulation.com\/wp-content\/uploads\/2025\/06\/\u56fe\u72473.png\" alt=\"\" width=\"452\" height=\"1324\" srcset=\"https:\/\/www.xminsulation.com\/wp-content\/uploads\/2025\/06\/\u56fe\u72473.png 452w, https:\/\/www.xminsulation.com\/wp-content\/uploads\/2025\/06\/\u56fe\u72473-102x300.png 102w, https:\/\/www.xminsulation.com\/wp-content\/uploads\/2025\/06\/\u56fe\u72473-350x1024.png 350w, https:\/\/www.xminsulation.com\/wp-content\/uploads\/2025\/06\/\u56fe\u72473-4x12.png 4w\" sizes=\"(max-width: 452px) 100vw, 452px\" \/><\/p>\n<h2><strong><b>Dimens\u00f5es<\/b><\/strong><\/h2>\n<p><img loading=\"lazy\" decoding=\"async\" class=\"size-full wp-image-3772 alignnone\" src=\"https:\/\/www.xminsulation.com\/wp-content\/uploads\/2025\/06\/\u56fe\u72474.png\" alt=\"\" width=\"2568\" height=\"2188\" srcset=\"https:\/\/www.xminsulation.com\/wp-content\/uploads\/2025\/06\/\u56fe\u72474.png 2568w, https:\/\/www.xminsulation.com\/wp-content\/uploads\/2025\/06\/\u56fe\u72474-300x256.png 300w, https:\/\/www.xminsulation.com\/wp-content\/uploads\/2025\/06\/\u56fe\u72474-1024x872.png 1024w, https:\/\/www.xminsulation.com\/wp-content\/uploads\/2025\/06\/\u56fe\u72474-768x654.png 768w, https:\/\/www.xminsulation.com\/wp-content\/uploads\/2025\/06\/\u56fe\u72474-1536x1309.png 1536w, https:\/\/www.xminsulation.com\/wp-content\/uploads\/2025\/06\/\u56fe\u72474-2048x1745.png 2048w, https:\/\/www.xminsulation.com\/wp-content\/uploads\/2025\/06\/\u56fe\u72474-14x12.png 14w, https:\/\/www.xminsulation.com\/wp-content\/uploads\/2025\/06\/\u56fe\u72474-600x511.png 600w\" sizes=\"(max-width: 2568px) 100vw, 2568px\" \/><\/p>\n<h2 class=\"wxts\">\u25c6Personaliza\u00e7\u00e3o Especial<\/h2>\n<p>Os par\u00e2metros acima s\u00e3o dados t\u00edpicos; se os estilos existentes n\u00e3o atenderem \u00e0s suas demandas espec\u00edficas, entre em contato conosco para um design personalizado. Temos habilidades significativas de desenvolvimento de personaliza\u00e7\u00e3o e produ\u00e7\u00e3o, o que nos permite fornecer solu\u00e7\u00f5es personalizadas para clientes em todo o mundo.<\/p>\n<p>&nbsp;<\/p>","protected":false},"excerpt":{"rendered":"<p>Non-Porcelain Type, Silicon \/ Epoxy Resin Only Voltage from 10-40.5kV, Current from 200A-4000A IEC \/ IEEE Standard Main Features SBC\u00a0bushings are non-capacitive graded and suitable for oil-filled transformers.\u00a0They\u00a0are maintenance-free, hollow-core,liquid-filled bushings based on EN50180, and are tested in accordance with IEC 60137. The insulating body consists of a fiberglass tube that is filled with premium [&hellip;]<\/p>","protected":false},"featured_media":3773,"template":"","meta":{"site-sidebar-layout":"default","site-content-layout":"","ast-site-content-layout":"default","site-content-style":"default","site-sidebar-style":"default","ast-global-header-display":"","ast-banner-title-visibility":"","ast-main-header-display":"","ast-hfb-above-header-display":"","ast-hfb-below-header-display":"","ast-hfb-mobile-header-display":"","site-post-title":"","ast-breadcrumbs-content":"","ast-featured-img":"","footer-sml-layout":"","theme-transparent-header-meta":"default","adv-header-id-meta":"","stick-header-meta":"","header-above-stick-meta":"","header-main-stick-meta":"","header-below-stick-meta":"","astra-migrate-meta-layouts":"set","ast-page-background-enabled":"default","ast-page-background-meta":{"desktop":{"background-color":"","background-image":"","background-repeat":"repeat","background-position":"center center","background-size":"auto","background-attachment":"scroll","background-type":"","background-media":"","overlay-type":"","overlay-color":"","overlay-gradient":""},"tablet":{"background-color":"","background-image":"","background-repeat":"repeat","background-position":"center center","background-size":"auto","background-attachment":"scroll","background-type":"","background-media":"","overlay-type":"","overlay-color":"","overlay-gradient":""},"mobile":{"background-color":"","background-image":"","background-repeat":"repeat","background-position":"center center","background-size":"auto","background-attachment":"scroll","background-type":"","background-media":"","overlay-type":"","overlay-color":"","overlay-gradient":""}},"ast-content-background-meta":{"desktop":{"background-color":"var(--ast-global-color-5)","background-image":"","background-repeat":"repeat","background-position":"center center","background-size":"auto","background-attachment":"scroll","background-type":"","background-media":"","overlay-type":"","overlay-color":"","overlay-gradient":""},"tablet":{"background-color":"var(--ast-global-color-5)","background-image":"","background-repeat":"repeat","background-position":"center center","background-size":"auto","background-attachment":"scroll","background-type":"","background-media":"","overlay-type":"","overlay-color":"","overlay-gradient":""},"mobile":{"background-color":"var(--ast-global-color-5)","background-image":"","background-repeat":"repeat","background-position":"center center","background-size":"auto","background-attachment":"scroll","background-type":"","background-media":"","overlay-type":"","overlay-color":"","overlay-gradient":""}}},"product_cat":[66],"product_tag":[],"class_list":{"0":"post-3768","1":"product","2":"type-product","3":"status-publish","4":"has-post-thumbnail","6":"product_cat-non-porcelain-composite-transformer-bushings","7":"desktop-align-left","8":"tablet-align-left","9":"mobile-align-left","11":"first","12":"instock","13":"shipping-taxable","14":"product-type-simple"},"_links":{"self":[{"href":"https:\/\/www.xminsulation.com\/pt\/wp-json\/wp\/v2\/product\/3768","targetHints":{"allow":["GET"]}}],"collection":[{"href":"https:\/\/www.xminsulation.com\/pt\/wp-json\/wp\/v2\/product"}],"about":[{"href":"https:\/\/www.xminsulation.com\/pt\/wp-json\/wp\/v2\/types\/product"}],"wp:featuredmedia":[{"embeddable":true,"href":"https:\/\/www.xminsulation.com\/pt\/wp-json\/wp\/v2\/media\/3773"}],"wp:attachment":[{"href":"https:\/\/www.xminsulation.com\/pt\/wp-json\/wp\/v2\/media?parent=3768"}],"wp:term":[{"taxonomy":"product_cat","embeddable":true,"href":"https:\/\/www.xminsulation.com\/pt\/wp-json\/wp\/v2\/product_cat?post=3768"},{"taxonomy":"product_tag","embeddable":true,"href":"https:\/\/www.xminsulation.com\/pt\/wp-json\/wp\/v2\/product_tag?post=3768"}],"curies":[{"name":"wp","href":"https:\/\/api.w.org\/{rel}","templated":true}]}}