{"id":3123,"date":"2024-09-13T23:49:09","date_gmt":"2024-09-13T15:49:09","guid":{"rendered":"https:\/\/www.xminsulation.com\/?post_type=product&#038;p=3123"},"modified":"2024-09-13T23:49:09","modified_gmt":"2024-09-13T15:49:09","slug":"40-5kv-630a-1250a-new-energy-vacuum-circuit-breaker-vcb","status":"publish","type":"product","link":"https:\/\/www.xminsulation.com\/pt\/product\/40-5kv-630a-1250a-new-energy-vacuum-circuit-breaker-vcb\/","title":{"rendered":"Disjuntor a v\u00e1cuo de nova energia 40,5 kV 630 A\/1250 A VCB"},"content":{"rendered":"<p><img fetchpriority=\"high\" decoding=\"async\" class=\"alignnone wp-image-3124 size-full\" src=\"https:\/\/www.xminsulation.com\/wp-content\/uploads\/2024\/09\/\u56fe\u72471-1.png\" alt=\"\" width=\"1500\" height=\"1500\" srcset=\"https:\/\/www.xminsulation.com\/wp-content\/uploads\/2024\/09\/\u56fe\u72471-1.png 1500w, https:\/\/www.xminsulation.com\/wp-content\/uploads\/2024\/09\/\u56fe\u72471-1-300x300.png 300w, https:\/\/www.xminsulation.com\/wp-content\/uploads\/2024\/09\/\u56fe\u72471-1-1024x1024.png 1024w, https:\/\/www.xminsulation.com\/wp-content\/uploads\/2024\/09\/\u56fe\u72471-1-150x150.png 150w, https:\/\/www.xminsulation.com\/wp-content\/uploads\/2024\/09\/\u56fe\u72471-1-768x768.png 768w, https:\/\/www.xminsulation.com\/wp-content\/uploads\/2024\/09\/\u56fe\u72471-1-12x12.png 12w, https:\/\/www.xminsulation.com\/wp-content\/uploads\/2024\/09\/\u56fe\u72471-1-600x600.png 600w, https:\/\/www.xminsulation.com\/wp-content\/uploads\/2024\/09\/\u56fe\u72471-1-100x100.png 100w\" sizes=\"(max-width: 1500px) 100vw, 1500px\" \/><\/p>\n<h2><strong><b>Informa\u00e7\u00f5es gerais<\/b><\/strong><\/h2>\n<p>O disjuntor a v\u00e1cuo de alta tens\u00e3o CA interno de 40,5 kV 630 A\/1250 A \u00e9 uma nova gera\u00e7\u00e3o de disjuntores a v\u00e1cuo combinados de 40,5 kV (isolamento, disjuntor a v\u00e1cuo, tipo aterramento integrado), adequado para redes de transmiss\u00e3o e distribui\u00e7\u00e3o de energia CA de 50 Hz\/60 Hz e tens\u00e3o nominal de 40,5 kV, amplamente utilizado em gera\u00e7\u00e3o de energia e\u00f3lica, gera\u00e7\u00e3o de energia solar, usinas de armazenamento de energia e projetos de sistemas de rede de distribui\u00e7\u00e3o urbana. Este produto \u00e9 pequeno em tamanho, f\u00e1cil de instalar, simples de operar e pode alcan\u00e7ar controle de longa dist\u00e2ncia. Sua estrutura \u00e9 cient\u00edfica e razo\u00e1vel, sua a\u00e7\u00e3o \u00e9 flex\u00edvel e confi\u00e1vel e possui fraturas de isolamento \u00f3bvias. Possui dispositivos de intertravamento mec\u00e2nico e el\u00e9trico completos e tem confiabilidade operacional e vida \u00fatil extremamente altas. Com o gabinete de distribui\u00e7\u00e3o correspondente, pode alcan\u00e7ar fun\u00e7\u00f5es de distribui\u00e7\u00e3o de energia seguras e garantir a seguran\u00e7a de operadores e equipamentos.<\/p>\n<p><img decoding=\"async\" class=\"alignnone wp-image-3125 size-full\" src=\"https:\/\/www.xminsulation.com\/wp-content\/uploads\/2024\/09\/\u56fe\u72472-1.png\" alt=\"\" width=\"1496\" height=\"1728\" srcset=\"https:\/\/www.xminsulation.com\/wp-content\/uploads\/2024\/09\/\u56fe\u72472-1.png 1496w, https:\/\/www.xminsulation.com\/wp-content\/uploads\/2024\/09\/\u56fe\u72472-1-260x300.png 260w, https:\/\/www.xminsulation.com\/wp-content\/uploads\/2024\/09\/\u56fe\u72472-1-887x1024.png 887w, https:\/\/www.xminsulation.com\/wp-content\/uploads\/2024\/09\/\u56fe\u72472-1-768x887.png 768w, https:\/\/www.xminsulation.com\/wp-content\/uploads\/2024\/09\/\u56fe\u72472-1-1330x1536.png 1330w, https:\/\/www.xminsulation.com\/wp-content\/uploads\/2024\/09\/\u56fe\u72472-1-10x12.png 10w, https:\/\/www.xminsulation.com\/wp-content\/uploads\/2024\/09\/\u56fe\u72472-1-600x693.png 600w\" sizes=\"(max-width: 1496px) 100vw, 1496px\" \/> <img decoding=\"async\" class=\"alignnone wp-image-3126 size-full\" src=\"https:\/\/www.xminsulation.com\/wp-content\/uploads\/2024\/09\/\u56fe\u72473-1.png\" alt=\"\" width=\"1464\" height=\"1042\" srcset=\"https:\/\/www.xminsulation.com\/wp-content\/uploads\/2024\/09\/\u56fe\u72473-1.png 1464w, https:\/\/www.xminsulation.com\/wp-content\/uploads\/2024\/09\/\u56fe\u72473-1-300x214.png 300w, https:\/\/www.xminsulation.com\/wp-content\/uploads\/2024\/09\/\u56fe\u72473-1-1024x729.png 1024w, https:\/\/www.xminsulation.com\/wp-content\/uploads\/2024\/09\/\u56fe\u72473-1-768x547.png 768w, https:\/\/www.xminsulation.com\/wp-content\/uploads\/2024\/09\/\u56fe\u72473-1-18x12.png 18w, https:\/\/www.xminsulation.com\/wp-content\/uploads\/2024\/09\/\u56fe\u72473-1-600x427.png 600w\" sizes=\"(max-width: 1464px) 100vw, 1464px\" \/><\/p>\n<h2><strong><b>Condi\u00e7\u00f5es de uso<\/b><\/strong><\/h2>\n<p>&nbsp;<\/p>\n<p>Temperatura ambiente: limite superior +40\u2103; limite inferior -15\u2103; altitude: altitude \u22641000m;<\/p>\n<p>Umidade relativa: valor m\u00e9dio di\u00e1rio n\u00e3o superior a 95%, valor m\u00e9dio mensal n\u00e3o superior a 90%; intensidade do terremoto: n\u00e3o superior a 8 graus;<\/p>\n<p>N\u00e3o h\u00e1 risco de inc\u00eandio, explos\u00e3o, corros\u00e3o qu\u00edmica ou vibra\u00e7\u00e3o severa; n\u00edvel de polui\u00e7\u00e3o: N\u00edvel I.<\/p>\n<p>Observa\u00e7\u00e3o: se houver requisitos especiais de ambiente de uso, eles devem ser claramente indicados nos detalhes do pedido.<\/p>\n<p>&nbsp;<\/p>\n<h2><strong><b>Diagrama de tamanho VCB<\/b><\/strong><\/h2>\n<p><img loading=\"lazy\" decoding=\"async\" class=\"alignnone wp-image-3127 size-full\" src=\"https:\/\/www.xminsulation.com\/wp-content\/uploads\/2024\/09\/\u56fe\u72474-1.png\" alt=\"\" width=\"921\" height=\"674\" srcset=\"https:\/\/www.xminsulation.com\/wp-content\/uploads\/2024\/09\/\u56fe\u72474-1.png 921w, https:\/\/www.xminsulation.com\/wp-content\/uploads\/2024\/09\/\u56fe\u72474-1-300x220.png 300w, https:\/\/www.xminsulation.com\/wp-content\/uploads\/2024\/09\/\u56fe\u72474-1-768x562.png 768w, https:\/\/www.xminsulation.com\/wp-content\/uploads\/2024\/09\/\u56fe\u72474-1-16x12.png 16w, https:\/\/www.xminsulation.com\/wp-content\/uploads\/2024\/09\/\u56fe\u72474-1-600x439.png 600w\" sizes=\"(max-width: 921px) 100vw, 921px\" \/> <img loading=\"lazy\" decoding=\"async\" class=\"alignnone wp-image-3128 size-large\" src=\"https:\/\/www.xminsulation.com\/wp-content\/uploads\/2024\/09\/\u56fe\u72475-1-1024x704.png\" alt=\"\" width=\"1024\" height=\"704\" srcset=\"https:\/\/www.xminsulation.com\/wp-content\/uploads\/2024\/09\/\u56fe\u72475-1-1024x704.png 1024w, https:\/\/www.xminsulation.com\/wp-content\/uploads\/2024\/09\/\u56fe\u72475-1-300x206.png 300w, https:\/\/www.xminsulation.com\/wp-content\/uploads\/2024\/09\/\u56fe\u72475-1-768x528.png 768w, https:\/\/www.xminsulation.com\/wp-content\/uploads\/2024\/09\/\u56fe\u72475-1-18x12.png 18w, https:\/\/www.xminsulation.com\/wp-content\/uploads\/2024\/09\/\u56fe\u72475-1-600x413.png 600w, https:\/\/www.xminsulation.com\/wp-content\/uploads\/2024\/09\/\u56fe\u72475-1.png 1159w\" sizes=\"(max-width: 1024px) 100vw, 1024px\" \/> <img loading=\"lazy\" decoding=\"async\" class=\"alignnone wp-image-3129 size-full\" src=\"https:\/\/www.xminsulation.com\/wp-content\/uploads\/2024\/09\/\u56fe\u72476-1.png\" alt=\"\" width=\"941\" height=\"443\" srcset=\"https:\/\/www.xminsulation.com\/wp-content\/uploads\/2024\/09\/\u56fe\u72476-1.png 941w, https:\/\/www.xminsulation.com\/wp-content\/uploads\/2024\/09\/\u56fe\u72476-1-300x141.png 300w, https:\/\/www.xminsulation.com\/wp-content\/uploads\/2024\/09\/\u56fe\u72476-1-768x362.png 768w, https:\/\/www.xminsulation.com\/wp-content\/uploads\/2024\/09\/\u56fe\u72476-1-18x8.png 18w, https:\/\/www.xminsulation.com\/wp-content\/uploads\/2024\/09\/\u56fe\u72476-1-600x282.png 600w\" sizes=\"(max-width: 941px) 100vw, 941px\" \/><\/p>\n<h2><strong><b>Instalar<\/b><\/strong><strong><b>a\u00e7\u00e3o<\/b><\/strong><\/h2>\n<p>&nbsp;<\/p>\n<p>O produto deve ser instalado em uma estrutura met\u00e1lica onde seja poss\u00edvel observar o estado de abertura e fechamento do seccionador. Utilize seis parafusos M16 para passar pelos furos de montagem no rack e conectar \u00e0 estrutura fixa. Durante a instala\u00e7\u00e3o, o seccionador e a c\u00e2mara de extin\u00e7\u00e3o de arco devem estar abertos.<\/p>\n<p>Antes da instala\u00e7\u00e3o, use um pano macio e limpo para limpar o \u00f3leo e a poeira das partes isolantes e dos contatos condutores. Cada parte rotativa deve ser revestida com lubrificante anticongelante neutro e os fixadores devem ser apertados. Durante a instala\u00e7\u00e3o, o barramento n\u00e3o deve exercer nenhuma for\u00e7a externa sobre os terminais do interruptor. A superf\u00edcie de contato entre o barramento e o interruptor deve ser plana.<\/p>\n<p>&nbsp;<\/p>\n<h2><strong><b>M<\/b><\/strong><strong><b>manuten\u00e7\u00e3o<\/b><\/strong><\/h2>\n<p>&nbsp;<\/p>\n<p>A manuten\u00e7\u00e3o \u00e9 utilizada para garantir a opera\u00e7\u00e3o segura, confi\u00e1vel e cont\u00ednua dos equipamentos de manobra, manter suas boas condi\u00e7\u00f5es de funcionamento e prolongar sua vida \u00fatil. Geralmente, pode ser dividida em inspe\u00e7\u00e3o, manuten\u00e7\u00e3o e reparo. Antes de realizar a manuten\u00e7\u00e3o, certifique-se de que todas as fontes de alimenta\u00e7\u00e3o estejam desconectadas (circuito prim\u00e1rio e circuito secund\u00e1rio), que o conjunto de manobra esteja aterrado de forma confi\u00e1vel e que o sensor esteja em estado de descarga.<\/p>\n<p>&nbsp;<\/p>\n<ol>\n<li>Verifique para determinar a condi\u00e7\u00e3o real do equipamento.<\/li>\n<li>Em condi\u00e7\u00f5es normais de trabalho, o quadro deve ser inspecionado um ano ap\u00f3s sair da f\u00e1brica ou ap\u00f3s 1.500 opera\u00e7\u00f5es, o que ocorrer primeiro.<\/li>\n<li>Inspe\u00e7\u00e3o de apar\u00eancia: incluindo a verifica\u00e7\u00e3o de sujeira, umidade, corros\u00e3o ou descarga na superf\u00edcie das pe\u00e7as isolantes; se o contato dos contatos de isolamento \u00e9 confi\u00e1vel; se os fixadores est\u00e3o soltos; se o indicador de posi\u00e7\u00e3o est\u00e1 consistente com a situa\u00e7\u00e3o real e se n\u00e3o h\u00e1 deforma\u00e7\u00e3o da biela, do eixo rotativo e do bra\u00e7o. N\u00e3o h\u00e1 rachaduras e os pinos do eixo est\u00e3o intactos; se n\u00e3o h\u00e1 descarga, ru\u00eddo anormal, danos ou descolora\u00e7\u00e3o na c\u00e2mara de extin\u00e7\u00e3o de arco; se a fia\u00e7\u00e3o secund\u00e1ria est\u00e1 bem crimpada e se n\u00e3o h\u00e1 descolora\u00e7\u00e3o por superaquecimento ou quebra de fio.<\/li>\n<li>Se forem encontradas condi\u00e7\u00f5es anormais durante a inspe\u00e7\u00e3o, o equipamento de manobra dever\u00e1 ser mantido ou reparado.<\/li>\n<\/ol>\n<p>&nbsp;<\/p>\n<ol start=\"2\">\n<li>Manuten\u00e7\u00e3o, mantenha o equipamento em boas condi\u00e7\u00f5es de funcionamento e prolongue a vida \u00fatil do equipamento.<\/li>\n<li>Em condi\u00e7\u00f5es normais de trabalho, o per\u00edodo de manuten\u00e7\u00e3o necess\u00e1rio para o quadro el\u00e9trico \u00e9 de dois em dois anos ap\u00f3s sua entrada em opera\u00e7\u00e3o.<\/li>\n<li>Antes de realizar trabalhos de manuten\u00e7\u00e3o, a \u00e1rea de trabalho deve ser isolada de acordo com as regulamenta\u00e7\u00f5es relevantes e devem ser feitas configura\u00e7\u00f5es de seguran\u00e7a para evitar que outras pessoas operem incorretamente o interruptor.<\/li>\n<li>Limpeza: Use um pano macio e seco para limpar a poeira e a sujeira superficial das pe\u00e7as isolantes e dos contatos. Limpe e seque a sujeira dif\u00edcil de remover com um agente de limpeza alcalino suave.<\/li>\n<li>Lubrifica\u00e7\u00e3o: incluindo a parte de transmiss\u00e3o do quadro.<\/li>\n<li>Aperto: Aperte as porcas ou parafusos encontrados durante a inspe\u00e7\u00e3o e aplique marcas de aperto.<\/li>\n<li>Opera\u00e7\u00e3o: Execute as opera\u00e7\u00f5es de fechamento e abertura no quadro, verifique se as instru\u00e7\u00f5es de abertura e fechamento est\u00e3o corretas e verifique se a comuta\u00e7\u00e3o dos componentes el\u00e9tricos est\u00e1 normal.<\/li>\n<\/ol>\n<p>&nbsp;<\/p>\n<ol start=\"3\">\n<li>Reparar e restaurar a fun\u00e7\u00e3o normal do equipamento.<\/li>\n<li>Se qualquer anormalidade no interruptor for encontrada durante a inspe\u00e7\u00e3o ou manuten\u00e7\u00e3o, os reparos necess\u00e1rios dever\u00e3o ser feitos no equipamento do interruptor.<\/li>\n<li>Certifique-se de que o pessoal de manuten\u00e7\u00e3o n\u00e3o corra o risco de restaurar o fornecimento de energia durante o trabalho de manuten\u00e7\u00e3o.<\/li>\n<li>As opera\u00e7\u00f5es de manuten\u00e7\u00e3o devem ser realizadas por pessoal que tenha recebido treinamento especial e tenha um conhecimento detalhado deste equipamento ou pelos engenheiros de p\u00f3s-venda da nossa empresa.<\/li>\n<\/ol>\n<h2><strong><b>Transporte <\/b><\/strong><strong><b>&amp;<\/b><\/strong><strong><b>\u00a0<\/b><\/strong><strong><b>S<\/b><\/strong><strong><b>armazenamento<\/b><\/strong><\/h2>\n<p>&nbsp;<\/p>\n<ol>\n<li>A embalagem do produto deve ser \u00e0 prova de choque e umidade. Durante o transporte e movimenta\u00e7\u00e3o do interruptor, n\u00e3o \u00e9 permitido que ele vire ou bata. Ao levantar o interruptor, o foco deve estar voltado apenas para a estrutura.<\/li>\n<li>O produto deve ser armazenado em local seco e ventilado, sem eros\u00e3o gasosa prejudicial. Se for armazenado por um longo per\u00edodo, deve-se aplicar graxa de baixa temperatura na parte rotativa do interruptor, e as condi\u00e7\u00f5es ambientais devem ser verificadas regularmente para verificar se ele atende aos requisitos.<\/li>\n<\/ol>","protected":false},"excerpt":{"rendered":"<p>General Information The 40.5kV 630A\/1250A\u00a0indoor AC high-voltage vacuum circuit breaker is a new generation of 40.5kV combined vacuum circuit breaker (isolation, vacuum circuit breaker, Integrated grounding type), suitable for AC 50Hz\/60Hz, rated voltage 40.5kV power transmission and distribution network, widely used in wind power generation, solar power generation, energy storage power stations and urban distribution [&hellip;]<\/p>","protected":false},"featured_media":3130,"template":"","meta":{"site-sidebar-layout":"default","site-content-layout":"","ast-site-content-layout":"default","site-content-style":"default","site-sidebar-style":"default","ast-global-header-display":"","ast-banner-title-visibility":"","ast-main-header-display":"","ast-hfb-above-header-display":"","ast-hfb-below-header-display":"","ast-hfb-mobile-header-display":"","site-post-title":"","ast-breadcrumbs-content":"","ast-featured-img":"","footer-sml-layout":"","theme-transparent-header-meta":"default","adv-header-id-meta":"","stick-header-meta":"","header-above-stick-meta":"","header-main-stick-meta":"","header-below-stick-meta":"","astra-migrate-meta-layouts":"set","ast-page-background-enabled":"default","ast-page-background-meta":{"desktop":{"background-color":"","background-image":"","background-repeat":"repeat","background-position":"center center","background-size":"auto","background-attachment":"scroll","background-type":"","background-media":"","overlay-type":"","overlay-color":"","overlay-gradient":""},"tablet":{"background-color":"","background-image":"","background-repeat":"repeat","background-position":"center center","background-size":"auto","background-attachment":"scroll","background-type":"","background-media":"","overlay-type":"","overlay-color":"","overlay-gradient":""},"mobile":{"background-color":"","background-image":"","background-repeat":"repeat","background-position":"center center","background-size":"auto","background-attachment":"scroll","background-type":"","background-media":"","overlay-type":"","overlay-color":"","overlay-gradient":""}},"ast-content-background-meta":{"desktop":{"background-color":"var(--ast-global-color-5)","background-image":"","background-repeat":"repeat","background-position":"center center","background-size":"auto","background-attachment":"scroll","background-type":"","background-media":"","overlay-type":"","overlay-color":"","overlay-gradient":""},"tablet":{"background-color":"var(--ast-global-color-5)","background-image":"","background-repeat":"repeat","background-position":"center center","background-size":"auto","background-attachment":"scroll","background-type":"","background-media":"","overlay-type":"","overlay-color":"","overlay-gradient":""},"mobile":{"background-color":"var(--ast-global-color-5)","background-image":"","background-repeat":"repeat","background-position":"center center","background-size":"auto","background-attachment":"scroll","background-type":"","background-media":"","overlay-type":"","overlay-color":"","overlay-gradient":""}}},"product_cat":[59],"product_tag":[],"class_list":{"0":"post-3123","1":"product","2":"type-product","3":"status-publish","4":"has-post-thumbnail","6":"product_cat-40-5kv-630a-1250a-new-energy-vacuum-circuit-breaker-vcb","7":"desktop-align-left","8":"tablet-align-left","9":"mobile-align-left","11":"first","12":"instock","13":"shipping-taxable","14":"product-type-simple"},"_links":{"self":[{"href":"https:\/\/www.xminsulation.com\/pt\/wp-json\/wp\/v2\/product\/3123","targetHints":{"allow":["GET"]}}],"collection":[{"href":"https:\/\/www.xminsulation.com\/pt\/wp-json\/wp\/v2\/product"}],"about":[{"href":"https:\/\/www.xminsulation.com\/pt\/wp-json\/wp\/v2\/types\/product"}],"wp:featuredmedia":[{"embeddable":true,"href":"https:\/\/www.xminsulation.com\/pt\/wp-json\/wp\/v2\/media\/3130"}],"wp:attachment":[{"href":"https:\/\/www.xminsulation.com\/pt\/wp-json\/wp\/v2\/media?parent=3123"}],"wp:term":[{"taxonomy":"product_cat","embeddable":true,"href":"https:\/\/www.xminsulation.com\/pt\/wp-json\/wp\/v2\/product_cat?post=3123"},{"taxonomy":"product_tag","embeddable":true,"href":"https:\/\/www.xminsulation.com\/pt\/wp-json\/wp\/v2\/product_tag?post=3123"}],"curies":[{"name":"wp","href":"https:\/\/api.w.org\/{rel}","templated":true}]}}