{"id":2895,"date":"2024-05-13T11:18:40","date_gmt":"2024-05-13T03:18:40","guid":{"rendered":"http:\/\/ceshi.zptpu.com\/?post_type=product&#038;p=2895"},"modified":"2024-09-13T17:58:45","modified_gmt":"2024-09-13T09:58:45","slug":"10-24kv-outdoor-gis-switchgear-ring-main-unit-rmu","status":"publish","type":"product","link":"https:\/\/www.xminsulation.com\/pt\/product\/10-24kv-outdoor-gis-switchgear-ring-main-unit-rmu\/","title":{"rendered":"Painel de distribui\u00e7\u00e3o GIS externo 10-24kV - Unidade principal de anel RMU"},"content":{"rendered":"<p><img fetchpriority=\"high\" decoding=\"async\" class=\"alignnone wp-image-2896 size-full\" src=\"http:\/\/www.xminsulation.com\/wp-content\/uploads\/2024\/05\/\u56fe\u724713-6.png\" alt=\"\" width=\"1000\" height=\"1000\" srcset=\"https:\/\/www.xminsulation.com\/wp-content\/uploads\/2024\/05\/\u56fe\u724713-6.png 1000w, https:\/\/www.xminsulation.com\/wp-content\/uploads\/2024\/05\/\u56fe\u724713-6-300x300.png 300w, https:\/\/www.xminsulation.com\/wp-content\/uploads\/2024\/05\/\u56fe\u724713-6-150x150.png 150w, https:\/\/www.xminsulation.com\/wp-content\/uploads\/2024\/05\/\u56fe\u724713-6-768x768.png 768w, https:\/\/www.xminsulation.com\/wp-content\/uploads\/2024\/05\/\u56fe\u724713-6-12x12.png 12w, https:\/\/www.xminsulation.com\/wp-content\/uploads\/2024\/05\/\u56fe\u724713-6-600x600.png 600w, https:\/\/www.xminsulation.com\/wp-content\/uploads\/2024\/05\/\u56fe\u724713-6-100x100.png 100w\" sizes=\"(max-width: 1000px) 100vw, 1000px\" \/> <img decoding=\"async\" class=\"alignnone wp-image-2897 size-full\" src=\"http:\/\/www.xminsulation.com\/wp-content\/uploads\/2024\/05\/\u56fe\u724714-5.png\" alt=\"\" width=\"1000\" height=\"1000\" srcset=\"https:\/\/www.xminsulation.com\/wp-content\/uploads\/2024\/05\/\u56fe\u724714-5.png 1000w, https:\/\/www.xminsulation.com\/wp-content\/uploads\/2024\/05\/\u56fe\u724714-5-300x300.png 300w, https:\/\/www.xminsulation.com\/wp-content\/uploads\/2024\/05\/\u56fe\u724714-5-150x150.png 150w, https:\/\/www.xminsulation.com\/wp-content\/uploads\/2024\/05\/\u56fe\u724714-5-768x768.png 768w, https:\/\/www.xminsulation.com\/wp-content\/uploads\/2024\/05\/\u56fe\u724714-5-12x12.png 12w, https:\/\/www.xminsulation.com\/wp-content\/uploads\/2024\/05\/\u56fe\u724714-5-600x600.png 600w, https:\/\/www.xminsulation.com\/wp-content\/uploads\/2024\/05\/\u56fe\u724714-5-100x100.png 100w\" sizes=\"(max-width: 1000px) 100vw, 1000px\" \/><\/p>\n<div style=\"width: 1762px;\" class=\"wp-video\"><!--[if lt IE 9]><script>document.createElement('video');<\/script><![endif]-->\n<video class=\"wp-video-shortcode\" id=\"video-2895-1\" width=\"1762\" height=\"761\" preload=\"metadata\" controls=\"controls\"><source type=\"video\/mp4\" src=\"http:\/\/www.xminsulation.com\/wp-content\/uploads\/2024\/05\/\u89c6\u98911-\u7ecf\u6d4e\u578b\u7ad9\u7acb\u5f0f\u6237\u5916\u73af\u7f51\u67dc_20240521_11430525.mp4?_=1\" \/><a href=\"http:\/\/www.xminsulation.com\/wp-content\/uploads\/2024\/05\/\u89c6\u98911-\u7ecf\u6d4e\u578b\u7ad9\u7acb\u5f0f\u6237\u5916\u73af\u7f51\u67dc_20240521_11430525.mp4\">http:\/\/www.xminsulation.com\/wp-content\/uploads\/2024\/05\/\u89c6\u98911-\u7ecf\u6d4e\u578b\u7ad9\u7acb\u5f0f\u6237\u5916\u73af\u7f51\u67dc_20240521_11430525.mp4<\/a><\/video><\/div>\n<div style=\"width: 1762px;\" class=\"wp-video\"><video class=\"wp-video-shortcode\" id=\"video-2895-2\" width=\"1762\" height=\"761\" preload=\"metadata\" controls=\"controls\"><source type=\"video\/mp4\" src=\"http:\/\/www.xminsulation.com\/wp-content\/uploads\/2024\/05\/\u89c6\u98912-\u7ecf\u6d4e\u578b\u7ad9\u7acb\u5f0f\u6237\u5916\u73af\u7f51\u67dc_20240521_11453174.mp4?_=2\" \/><a href=\"http:\/\/www.xminsulation.com\/wp-content\/uploads\/2024\/05\/\u89c6\u98912-\u7ecf\u6d4e\u578b\u7ad9\u7acb\u5f0f\u6237\u5916\u73af\u7f51\u67dc_20240521_11453174.mp4\">http:\/\/www.xminsulation.com\/wp-content\/uploads\/2024\/05\/\u89c6\u98912-\u7ecf\u6d4e\u578b\u7ad9\u7acb\u5f0f\u6237\u5916\u73af\u7f51\u67dc_20240521_11453174.mp4<\/a><\/video><\/div>\n<h2><strong><b>Informa\u00e7\u00f5es gerais<\/b><\/strong><\/h2>\n<p>Entrada de cabos lateral e traseira RMU econ\u00f4mica, seus cabos entram e saem pela lateral e pela traseira, e n\u00e3o h\u00e1 entradas ou sa\u00eddas de cabos na parte frontal.<\/p>\n<p>\u00c9 totalmente \u00e0 prova de intemp\u00e9ries com IP54 para aplica\u00e7\u00f5es internas ou externas.<\/p>\n<p>\u00c9 uma unidade extens\u00edvel e altamente flex\u00edvel usada em uma ampla gama de aplica\u00e7\u00f5es, incluindo quadros de distribui\u00e7\u00e3o, subesta\u00e7\u00f5es transformadoras, redes de distribui\u00e7\u00e3o em anel e conex\u00f5es de alta tens\u00e3o para locais industriais e comerciais. As unidades s\u00e3o desenvolvidas para atender aos requisitos do cliente para conex\u00e3o, fornecimento, prote\u00e7\u00e3o e seccionaliza\u00e7\u00e3o.<\/p>\n<p>Isolamento em SF6 com prote\u00e7\u00e3o de disjuntor a v\u00e1cuo, termina\u00e7\u00e3o de cabo lateral e traseira, RMU com isolamento a g\u00e1s SF6.<\/p>\n<p>\u00c9 um sistema completamente selado com um tanque de a\u00e7o inoxid\u00e1vel contendo todas as partes energizadas e fun\u00e7\u00f5es de comuta\u00e7\u00e3o.<\/p>\n<p>Um tanque de a\u00e7o selado com condi\u00e7\u00f5es atmosf\u00e9ricas constantes garante um alto n\u00edvel de confiabilidade, bem como seguran\u00e7a do pessoal e um sistema praticamente livre de manuten\u00e7\u00e3o.<\/p>\n<p>Pode ser fornecido como uma configura\u00e7\u00e3o de 3 ou 4 vias com equipamento adicional de acordo com a especifica\u00e7\u00e3o do cliente. Pode ser combinado livremente de acordo com as configura\u00e7\u00f5es do cliente (como CVC, CCV, CVV, CFF, CCC, VVV, CCVV etc.). Eles s\u00e3o adequados para a maioria das aplica\u00e7\u00f5es de comuta\u00e7\u00e3o em redes de distribui\u00e7\u00e3o de 10\/24 kV.<\/p>\n<p>O conceito oferece uma escolha de combina\u00e7\u00e3o de interruptor-fus\u00edvel ou disjuntor com rel\u00e9 para prote\u00e7\u00e3o do transformador. Pode ser fornecido com uma unidade de controle remoto e monitoramento integrada.<\/p>\n<p>Este produto est\u00e1 em conformidade com as normas: IEC62271-200, IEC60420.<\/p>\n<h2><strong><b>Caracter\u00edsticas do produto<\/b><\/strong><\/h2>\n<ol>\n<li>Opera\u00e7\u00e3o totalmente intertravada com recurso de cadeado garante a seguran\u00e7a do operador e evita opera\u00e7\u00e3o incorreta.<\/li>\n<li>Tipo independente e montado em transformador.<\/li>\n<li>Pernas ajust\u00e1veis em a\u00e7o inoxid\u00e1vel.<\/li>\n<li>IP54 para instala\u00e7\u00e3o externa sem necessidade de quiosque.<\/li>\n<li>Todas as opera\u00e7\u00f5es s\u00e3o realizadas na parte frontal das unidades.<\/li>\n<li>Inclui op\u00e7\u00f5es totalmente extens\u00edveis e n\u00e3o extens\u00edveis para aplica\u00e7\u00f5es de distribui\u00e7\u00e3o secund\u00e1ria de at\u00e9 24 kV e classifica\u00e7\u00f5es de 630 A.<\/li>\n<li>Prote\u00e7\u00e3o interna contra arco, incluindo caixas de cabos. Extens\u00edvel de ambos os lados.<\/li>\n<li>Livre de manuten\u00e7\u00e3o e baixo impacto ambiental.<\/li>\n<li>P\u00e1ra-raios montados localmente.<\/li>\n<\/ol>\n<p><img decoding=\"async\" class=\"alignnone wp-image-2900 size-full\" src=\"http:\/\/www.xminsulation.com\/wp-content\/uploads\/2024\/05\/\u56fe\u724715-5.png\" alt=\"\" width=\"1432\" height=\"1320\" srcset=\"https:\/\/www.xminsulation.com\/wp-content\/uploads\/2024\/05\/\u56fe\u724715-5.png 1432w, https:\/\/www.xminsulation.com\/wp-content\/uploads\/2024\/05\/\u56fe\u724715-5-300x277.png 300w, https:\/\/www.xminsulation.com\/wp-content\/uploads\/2024\/05\/\u56fe\u724715-5-1024x944.png 1024w, https:\/\/www.xminsulation.com\/wp-content\/uploads\/2024\/05\/\u56fe\u724715-5-768x708.png 768w, https:\/\/www.xminsulation.com\/wp-content\/uploads\/2024\/05\/\u56fe\u724715-5-13x12.png 13w, https:\/\/www.xminsulation.com\/wp-content\/uploads\/2024\/05\/\u56fe\u724715-5-600x553.png 600w\" sizes=\"(max-width: 1432px) 100vw, 1432px\" \/><\/p>\n<h2><strong><b>Ambiente de servi\u00e7o<\/b><\/strong><\/h2>\n<p>1. Temperatura do ar: Temperatura m\u00e1xima: +45\u2103; Temperatura m\u00ednima: -20\u2103.<\/p>\n<p>2. Umidade: Umidade m\u00e9dia mensal 95%; Umidade m\u00e9dia di\u00e1ria 90%.<\/p>\n<p>3. Altitude acima do n\u00edvel do mar: Altitude m\u00e1xima de instala\u00e7\u00e3o: 2500m.<\/p>\n<p>4. Ar ambiente aparentemente n\u00e3o polu\u00eddo por gases corrosivos e inflam\u00e1veis, vapores etc.<\/p>\n<p>5. N\u00e3o fa\u00e7a sacudidas violentas com frequ\u00eancia.<\/p>\n<h2><strong><b>Tamanho do quadro de distribui\u00e7\u00e3o<\/b><\/strong><\/h2>\n<p><img loading=\"lazy\" decoding=\"async\" class=\"alignnone wp-image-2901 size-full\" src=\"http:\/\/www.xminsulation.com\/wp-content\/uploads\/2024\/05\/\u56fe\u724716-6.png\" alt=\"\" width=\"984\" height=\"771\" srcset=\"https:\/\/www.xminsulation.com\/wp-content\/uploads\/2024\/05\/\u56fe\u724716-6.png 984w, https:\/\/www.xminsulation.com\/wp-content\/uploads\/2024\/05\/\u56fe\u724716-6-300x235.png 300w, https:\/\/www.xminsulation.com\/wp-content\/uploads\/2024\/05\/\u56fe\u724716-6-768x602.png 768w, https:\/\/www.xminsulation.com\/wp-content\/uploads\/2024\/05\/\u56fe\u724716-6-15x12.png 15w, https:\/\/www.xminsulation.com\/wp-content\/uploads\/2024\/05\/\u56fe\u724716-6-600x470.png 600w\" sizes=\"(max-width: 984px) 100vw, 984px\" \/> <img loading=\"lazy\" decoding=\"async\" class=\"alignnone wp-image-2902 size-full\" src=\"http:\/\/www.xminsulation.com\/wp-content\/uploads\/2024\/05\/\u56fe\u724717-3.png\" alt=\"\" width=\"986\" height=\"818\" srcset=\"https:\/\/www.xminsulation.com\/wp-content\/uploads\/2024\/05\/\u56fe\u724717-3.png 986w, https:\/\/www.xminsulation.com\/wp-content\/uploads\/2024\/05\/\u56fe\u724717-3-300x249.png 300w, https:\/\/www.xminsulation.com\/wp-content\/uploads\/2024\/05\/\u56fe\u724717-3-768x637.png 768w, https:\/\/www.xminsulation.com\/wp-content\/uploads\/2024\/05\/\u56fe\u724717-3-14x12.png 14w, https:\/\/www.xminsulation.com\/wp-content\/uploads\/2024\/05\/\u56fe\u724717-3-600x498.png 600w\" sizes=\"(max-width: 986px) 100vw, 986px\" \/><\/p>\n<h2><strong><b>Tanque de g\u00e1s GIS<\/b><\/strong><\/h2>\n<p><strong><b> <img loading=\"lazy\" decoding=\"async\" class=\"alignnone wp-image-2903 size-full\" src=\"http:\/\/www.xminsulation.com\/wp-content\/uploads\/2024\/05\/\u56fe\u724718-5.png\" alt=\"\" width=\"1200\" height=\"1200\" srcset=\"https:\/\/www.xminsulation.com\/wp-content\/uploads\/2024\/05\/\u56fe\u724718-5.png 1200w, https:\/\/www.xminsulation.com\/wp-content\/uploads\/2024\/05\/\u56fe\u724718-5-300x300.png 300w, https:\/\/www.xminsulation.com\/wp-content\/uploads\/2024\/05\/\u56fe\u724718-5-1024x1024.png 1024w, https:\/\/www.xminsulation.com\/wp-content\/uploads\/2024\/05\/\u56fe\u724718-5-150x150.png 150w, https:\/\/www.xminsulation.com\/wp-content\/uploads\/2024\/05\/\u56fe\u724718-5-768x768.png 768w, https:\/\/www.xminsulation.com\/wp-content\/uploads\/2024\/05\/\u56fe\u724718-5-12x12.png 12w, https:\/\/www.xminsulation.com\/wp-content\/uploads\/2024\/05\/\u56fe\u724718-5-600x600.png 600w, https:\/\/www.xminsulation.com\/wp-content\/uploads\/2024\/05\/\u56fe\u724718-5-100x100.png 100w\" sizes=\"(max-width: 1200px) 100vw, 1200px\" \/> <img loading=\"lazy\" decoding=\"async\" class=\"alignnone wp-image-2904 size-full\" src=\"http:\/\/www.xminsulation.com\/wp-content\/uploads\/2024\/05\/\u56fe\u724719-4.png\" alt=\"\" width=\"1200\" height=\"1200\" srcset=\"https:\/\/www.xminsulation.com\/wp-content\/uploads\/2024\/05\/\u56fe\u724719-4.png 1200w, https:\/\/www.xminsulation.com\/wp-content\/uploads\/2024\/05\/\u56fe\u724719-4-300x300.png 300w, https:\/\/www.xminsulation.com\/wp-content\/uploads\/2024\/05\/\u56fe\u724719-4-1024x1024.png 1024w, https:\/\/www.xminsulation.com\/wp-content\/uploads\/2024\/05\/\u56fe\u724719-4-150x150.png 150w, https:\/\/www.xminsulation.com\/wp-content\/uploads\/2024\/05\/\u56fe\u724719-4-768x768.png 768w, https:\/\/www.xminsulation.com\/wp-content\/uploads\/2024\/05\/\u56fe\u724719-4-12x12.png 12w, https:\/\/www.xminsulation.com\/wp-content\/uploads\/2024\/05\/\u56fe\u724719-4-600x600.png 600w, https:\/\/www.xminsulation.com\/wp-content\/uploads\/2024\/05\/\u56fe\u724719-4-100x100.png 100w\" sizes=\"(max-width: 1200px) 100vw, 1200px\" \/> <img loading=\"lazy\" decoding=\"async\" class=\"alignnone wp-image-2905 size-full\" src=\"http:\/\/www.xminsulation.com\/wp-content\/uploads\/2024\/05\/\u56fe\u724720-6.png\" alt=\"\" width=\"1200\" height=\"1200\" srcset=\"https:\/\/www.xminsulation.com\/wp-content\/uploads\/2024\/05\/\u56fe\u724720-6.png 1200w, https:\/\/www.xminsulation.com\/wp-content\/uploads\/2024\/05\/\u56fe\u724720-6-300x300.png 300w, https:\/\/www.xminsulation.com\/wp-content\/uploads\/2024\/05\/\u56fe\u724720-6-1024x1024.png 1024w, https:\/\/www.xminsulation.com\/wp-content\/uploads\/2024\/05\/\u56fe\u724720-6-150x150.png 150w, https:\/\/www.xminsulation.com\/wp-content\/uploads\/2024\/05\/\u56fe\u724720-6-768x768.png 768w, https:\/\/www.xminsulation.com\/wp-content\/uploads\/2024\/05\/\u56fe\u724720-6-12x12.png 12w, https:\/\/www.xminsulation.com\/wp-content\/uploads\/2024\/05\/\u56fe\u724720-6-600x600.png 600w, https:\/\/www.xminsulation.com\/wp-content\/uploads\/2024\/05\/\u56fe\u724720-6-100x100.png 100w\" sizes=\"(max-width: 1200px) 100vw, 1200px\" \/><\/b><\/strong><\/p>\n<h2><strong><b>Diagrama de circuito do CVC<\/b><\/strong><\/h2>\n<p><strong><b> <img loading=\"lazy\" decoding=\"async\" class=\"alignnone wp-image-2906 size-full\" src=\"http:\/\/www.xminsulation.com\/wp-content\/uploads\/2024\/05\/\u56fe\u724721-5.png\" alt=\"\" width=\"1193\" height=\"896\" srcset=\"https:\/\/www.xminsulation.com\/wp-content\/uploads\/2024\/05\/\u56fe\u724721-5.png 1193w, https:\/\/www.xminsulation.com\/wp-content\/uploads\/2024\/05\/\u56fe\u724721-5-300x225.png 300w, https:\/\/www.xminsulation.com\/wp-content\/uploads\/2024\/05\/\u56fe\u724721-5-1024x769.png 1024w, https:\/\/www.xminsulation.com\/wp-content\/uploads\/2024\/05\/\u56fe\u724721-5-768x577.png 768w, https:\/\/www.xminsulation.com\/wp-content\/uploads\/2024\/05\/\u56fe\u724721-5-16x12.png 16w, https:\/\/www.xminsulation.com\/wp-content\/uploads\/2024\/05\/\u56fe\u724721-5-600x451.png 600w\" sizes=\"(max-width: 1193px) 100vw, 1193px\" \/><\/b><\/strong><\/p>\n<h2>\u25c6Personaliza\u00e7\u00e3o Especial<\/h2>\n<p>Os par\u00e2metros acima s\u00e3o dados t\u00edpicos; se os estilos existentes n\u00e3o atenderem \u00e0s suas demandas espec\u00edficas, entre em contato conosco para um design personalizado. Temos habilidades significativas de desenvolvimento e produ\u00e7\u00e3o de personaliza\u00e7\u00e3o personalizada, o que nos permite fornecer solu\u00e7\u00f5es personalizadas para clientes em todo o mundo.<\/p>\n<p>&nbsp;<\/p>","protected":false},"excerpt":{"rendered":"<p>General Information Cost-Effective Side &amp; Rear Cable Entry RMU, its cables enter and exit from the side and rear, and there are no cable entries or exits on the front. It is fully weatherproof with IP54 for outdoor or indoor applications. It is extensible and highly flexible unit used in a wide range of applications [&hellip;]<\/p>","protected":false},"featured_media":2907,"template":"","meta":{"site-sidebar-layout":"default","site-content-layout":"","ast-site-content-layout":"default","site-content-style":"default","site-sidebar-style":"default","ast-global-header-display":"","ast-banner-title-visibility":"","ast-main-header-display":"","ast-hfb-above-header-display":"","ast-hfb-below-header-display":"","ast-hfb-mobile-header-display":"","site-post-title":"","ast-breadcrumbs-content":"","ast-featured-img":"","footer-sml-layout":"","theme-transparent-header-meta":"default","adv-header-id-meta":"","stick-header-meta":"","header-above-stick-meta":"","header-main-stick-meta":"","header-below-stick-meta":"","astra-migrate-meta-layouts":"set","ast-page-background-enabled":"default","ast-page-background-meta":{"desktop":{"background-color":"","background-image":"","background-repeat":"repeat","background-position":"center center","background-size":"auto","background-attachment":"scroll","background-type":"","background-media":"","overlay-type":"","overlay-color":"","overlay-gradient":""},"tablet":{"background-color":"","background-image":"","background-repeat":"repeat","background-position":"center center","background-size":"auto","background-attachment":"scroll","background-type":"","background-media":"","overlay-type":"","overlay-color":"","overlay-gradient":""},"mobile":{"background-color":"","background-image":"","background-repeat":"repeat","background-position":"center center","background-size":"auto","background-attachment":"scroll","background-type":"","background-media":"","overlay-type":"","overlay-color":"","overlay-gradient":""}},"ast-content-background-meta":{"desktop":{"background-color":"var(--ast-global-color-5)","background-image":"","background-repeat":"repeat","background-position":"center center","background-size":"auto","background-attachment":"scroll","background-type":"","background-media":"","overlay-type":"","overlay-color":"","overlay-gradient":""},"tablet":{"background-color":"var(--ast-global-color-5)","background-image":"","background-repeat":"repeat","background-position":"center center","background-size":"auto","background-attachment":"scroll","background-type":"","background-media":"","overlay-type":"","overlay-color":"","overlay-gradient":""},"mobile":{"background-color":"var(--ast-global-color-5)","background-image":"","background-repeat":"repeat","background-position":"center center","background-size":"auto","background-attachment":"scroll","background-type":"","background-media":"","overlay-type":"","overlay-color":"","overlay-gradient":""}}},"product_cat":[34],"product_tag":[],"class_list":{"0":"post-2895","1":"product","2":"type-product","3":"status-publish","4":"has-post-thumbnail","6":"product_cat-10-40-5kv-sf6-gas-insulated-switchgear-gis-rmu","7":"desktop-align-left","8":"tablet-align-left","9":"mobile-align-left","11":"first","12":"instock","13":"shipping-taxable","14":"product-type-simple"},"_links":{"self":[{"href":"https:\/\/www.xminsulation.com\/pt\/wp-json\/wp\/v2\/product\/2895","targetHints":{"allow":["GET"]}}],"collection":[{"href":"https:\/\/www.xminsulation.com\/pt\/wp-json\/wp\/v2\/product"}],"about":[{"href":"https:\/\/www.xminsulation.com\/pt\/wp-json\/wp\/v2\/types\/product"}],"wp:featuredmedia":[{"embeddable":true,"href":"https:\/\/www.xminsulation.com\/pt\/wp-json\/wp\/v2\/media\/2907"}],"wp:attachment":[{"href":"https:\/\/www.xminsulation.com\/pt\/wp-json\/wp\/v2\/media?parent=2895"}],"wp:term":[{"taxonomy":"product_cat","embeddable":true,"href":"https:\/\/www.xminsulation.com\/pt\/wp-json\/wp\/v2\/product_cat?post=2895"},{"taxonomy":"product_tag","embeddable":true,"href":"https:\/\/www.xminsulation.com\/pt\/wp-json\/wp\/v2\/product_tag?post=2895"}],"curies":[{"name":"wp","href":"https:\/\/api.w.org\/{rel}","templated":true}]}}