{"id":2244,"date":"2024-05-17T17:57:37","date_gmt":"2024-05-17T09:57:37","guid":{"rendered":"http:\/\/www.xminsulation.com\/?post_type=product&#038;p=2244"},"modified":"2024-05-17T17:57:37","modified_gmt":"2024-05-17T09:57:37","slug":"12kv-intelligent-outdoor-pole-mounted-sf6-circuit-breaker","status":"publish","type":"product","link":"https:\/\/www.xminsulation.com\/pt\/product\/12kv-intelligent-outdoor-pole-mounted-sf6-circuit-breaker\/","title":{"rendered":"Disjuntor SF6 inteligente de 12 kV montado em poste externo"},"content":{"rendered":"<p><img fetchpriority=\"high\" decoding=\"async\" class=\"alignnone wp-image-2246 size-full\" src=\"http:\/\/www.xminsulation.com\/wp-content\/uploads\/2024\/05\/\u56fe\u7247152.png\" alt=\"\" width=\"1000\" height=\"750\" srcset=\"https:\/\/www.xminsulation.com\/wp-content\/uploads\/2024\/05\/\u56fe\u7247152.png 1000w, https:\/\/www.xminsulation.com\/wp-content\/uploads\/2024\/05\/\u56fe\u7247152-300x225.png 300w, https:\/\/www.xminsulation.com\/wp-content\/uploads\/2024\/05\/\u56fe\u7247152-768x576.png 768w, https:\/\/www.xminsulation.com\/wp-content\/uploads\/2024\/05\/\u56fe\u7247152-600x450.png 600w\" sizes=\"(max-width: 1000px) 100vw, 1000px\" \/> <img decoding=\"async\" class=\"alignnone wp-image-2247 size-full\" src=\"http:\/\/www.xminsulation.com\/wp-content\/uploads\/2024\/05\/\u56fe\u7247153-1.jpg\" alt=\"\" width=\"1000\" height=\"1000\" srcset=\"https:\/\/www.xminsulation.com\/wp-content\/uploads\/2024\/05\/\u56fe\u7247153-1.jpg 1000w, https:\/\/www.xminsulation.com\/wp-content\/uploads\/2024\/05\/\u56fe\u7247153-1-300x300.jpg 300w, https:\/\/www.xminsulation.com\/wp-content\/uploads\/2024\/05\/\u56fe\u7247153-1-150x150.jpg 150w, https:\/\/www.xminsulation.com\/wp-content\/uploads\/2024\/05\/\u56fe\u7247153-1-768x768.jpg 768w, https:\/\/www.xminsulation.com\/wp-content\/uploads\/2024\/05\/\u56fe\u7247153-1-600x600.jpg 600w, https:\/\/www.xminsulation.com\/wp-content\/uploads\/2024\/05\/\u56fe\u7247153-1-100x100.jpg 100w\" sizes=\"(max-width: 1000px) 100vw, 1000px\" \/> <img decoding=\"async\" class=\"alignnone wp-image-2248 size-full\" src=\"http:\/\/www.xminsulation.com\/wp-content\/uploads\/2024\/05\/\u56fe\u7247154-1.png\" alt=\"\" width=\"1000\" height=\"750\" srcset=\"https:\/\/www.xminsulation.com\/wp-content\/uploads\/2024\/05\/\u56fe\u7247154-1.png 1000w, https:\/\/www.xminsulation.com\/wp-content\/uploads\/2024\/05\/\u56fe\u7247154-1-300x225.png 300w, https:\/\/www.xminsulation.com\/wp-content\/uploads\/2024\/05\/\u56fe\u7247154-1-768x576.png 768w, https:\/\/www.xminsulation.com\/wp-content\/uploads\/2024\/05\/\u56fe\u7247154-1-600x450.png 600w\" sizes=\"(max-width: 1000px) 100vw, 1000px\" \/> <img loading=\"lazy\" decoding=\"async\" class=\"alignnone wp-image-2249 size-full\" src=\"http:\/\/www.xminsulation.com\/wp-content\/uploads\/2024\/05\/\u56fe\u7247155-1.png\" alt=\"\" width=\"1000\" height=\"568\" srcset=\"https:\/\/www.xminsulation.com\/wp-content\/uploads\/2024\/05\/\u56fe\u7247155-1.png 1000w, https:\/\/www.xminsulation.com\/wp-content\/uploads\/2024\/05\/\u56fe\u7247155-1-300x170.png 300w, https:\/\/www.xminsulation.com\/wp-content\/uploads\/2024\/05\/\u56fe\u7247155-1-768x436.png 768w, https:\/\/www.xminsulation.com\/wp-content\/uploads\/2024\/05\/\u56fe\u7247155-1-600x341.png 600w\" sizes=\"(max-width: 1000px) 100vw, 1000px\" \/> <img loading=\"lazy\" decoding=\"async\" class=\"alignnone wp-image-2250 size-full\" src=\"http:\/\/www.xminsulation.com\/wp-content\/uploads\/2024\/05\/\u56fe\u7247156-1.png\" alt=\"\" width=\"1000\" height=\"704\" srcset=\"https:\/\/www.xminsulation.com\/wp-content\/uploads\/2024\/05\/\u56fe\u7247156-1.png 1000w, https:\/\/www.xminsulation.com\/wp-content\/uploads\/2024\/05\/\u56fe\u7247156-1-300x211.png 300w, https:\/\/www.xminsulation.com\/wp-content\/uploads\/2024\/05\/\u56fe\u7247156-1-768x541.png 768w, https:\/\/www.xminsulation.com\/wp-content\/uploads\/2024\/05\/\u56fe\u7247156-1-600x422.png 600w\" sizes=\"(max-width: 1000px) 100vw, 1000px\" \/><\/p>\n<h2><strong><b>P<\/b><\/strong><strong><b>produto <\/b><\/strong><strong><b>D<\/b><\/strong><strong><b>descri\u00e7\u00e3o<\/b><\/strong><\/h2>\n<p>O disjuntor SF6 montado em poste IE-12kV\/630A \u00e9 um conjunto completo de produtos de interruptores montados em poste desenvolvidos de acordo com os padr\u00f5es de fus\u00e3o prim\u00e1ria e secund\u00e1ria. O interruptor tem uma estrutura compacta, layout razo\u00e1vel e fun\u00e7\u00f5es completas. Todos os indicadores atendem aos requisitos t\u00e9cnicos de fus\u00e3o prim\u00e1ria e secund\u00e1ria; transformadores de corrente de alta precis\u00e3o integrados, transformadores de corrente de sequ\u00eancia zero e sensores de tens\u00e3o de sequ\u00eancia zero t\u00eam as caracter\u00edsticas de ampla faixa de medi\u00e7\u00e3o, alta precis\u00e3o de medi\u00e7\u00e3o, confiabilidade est\u00e1vel e pequena perda de energia. As grandezas anal\u00f3gicas completas s\u00e3o convenientes para determinar com precis\u00e3o v\u00e1rias falhas de linha.<\/p>\n<p>O disjuntor SF6 montado em poste de 12kV-630A coopera com a FTU e tem fun\u00e7\u00f5es inteligentes como medi\u00e7\u00e3o, prote\u00e7\u00e3o, controle, sinaliza\u00e7\u00e3o, telecontrole e rede, monitoramento e diagn\u00f3stico online, julgamento preciso de pontos de aterramento, medi\u00e7\u00e3o de perda de linha e registro de falhas. \u00c9 adequado para linhas de distribui\u00e7\u00e3o a\u00e9reas de 12kV e linhas de deriva\u00e7\u00e3o do usu\u00e1rio. Ele pode separar rapidamente a se\u00e7\u00e3o de falha e isolar a falha dentro da se\u00e7\u00e3o de limite do usu\u00e1rio para evitar que as falhas do usu\u00e1rio se espalhem para toda a linha de distribui\u00e7\u00e3o e causem quedas de energia em larga escala.<\/p>\n<h2><strong><b>Primeiro e <\/b><\/strong><strong><b>S<\/b><\/strong><strong><b>segundo <\/b><\/strong><strong><b>F<\/b><\/strong><strong><b>uso <\/b><\/strong><strong><b>F<\/b><\/strong><strong><b>Recursos<\/b><\/strong><\/h2>\n<p>&nbsp;<\/p>\n<p><strong><b>SF6 prim\u00e1rio <\/b><\/strong><strong><b>C<\/b><\/strong><strong><b>circuito <\/b><\/strong><strong><b>B<\/b><\/strong><strong><b>reator <\/b><\/strong><strong><b>S<\/b><\/strong><strong><b>bruxa <\/b><\/strong><strong><b>P<\/b><\/strong><strong><b>arte:<\/b><\/strong><\/p>\n<ol>\n<li>Este produto tem vantagens significativas, como estrutura simples, excelente desempenho de extin\u00e7\u00e3o de arco e isolamento, baixa pot\u00eancia operacional, par\u00e2metros nominais elevados, longa vida \u00fatil el\u00e9trica e longo per\u00edodo sem manuten\u00e7\u00e3o.<\/li>\n<li>A caixa de distribui\u00e7\u00e3o \u00e9 feita de a\u00e7o inoxid\u00e1vel 304 para atender aos requisitos de resist\u00eancia \u00e0 corros\u00e3o para uso permanente.<\/li>\n<li>O circuito principal usa contatos de liga de cobre-tungst\u00eanio, e os dedos de contato adotam o tipo p\u00e9tala de ameixa de liga de cobre-tungst\u00eanio, que tem forte capacidade de interrup\u00e7\u00e3o, grande resist\u00eancia \u00e0 corrente, alta confiabilidade, grande dist\u00e2ncia de abertura do contato ao abrir e nenhuma corrente de fuga entre as fraturas.<\/li>\n<li>Equipado com um dispositivo de al\u00edvio de alta press\u00e3o, mesmo se ocorrer uma falha interna, a caixa n\u00e3o ser\u00e1 danificada devido a um aumento repentino na press\u00e3o do g\u00e1s na caixa.<\/li>\n<li>Instale um dispositivo de alarme de bloqueio de baixa press\u00e3o (opcional). Quando o disjuntor estiver sob press\u00e3o excessivamente baixa, o dispositivo de alarme de bloqueio de baixa press\u00e3o pode bloquear mecanicamente o mecanismo operacional e fornecer um contato auxiliar ao controlador, melhorando assim muito a efici\u00eancia de comuta\u00e7\u00e3o e a confiabilidade operacional.<\/li>\n<li>Ele tem linhas terminais de entrada e sa\u00edda e linhas de entrada e sa\u00edda de cabo isoladas. Linhas de entrada e sa\u00edda de cabo isoladas podem efetivamente evitar falhas de curto-circuito entre terminais de linha de entrada e sa\u00edda causadas por fatores externos.<\/li>\n<li>A tecnologia avan\u00e7ada de revestimento de porcelana para linhas de entrada e sa\u00edda pode ser usada para prevenir efetivamente a descarga corona durante a opera\u00e7\u00e3o do switch. Mangas isolantes org\u00e2nicas tamb\u00e9m podem ser fornecidas para prevenir completamente a ruptura de garrafas de porcelana causada por for\u00e7as externas e raios e rachaduras causadas por fatores de porcelana.<\/li>\n<li>Configurar dispositivo de prote\u00e7\u00e3o CT\/RVT: Para evitar sobrecorrente e circuito aberto de CT do dispositivo de medi\u00e7\u00e3o de corrente, o produto de sobretens\u00e3o do dispositivo de medi\u00e7\u00e3o de tens\u00e3o \u00e9 equipado com um m\u00f3dulo de prote\u00e7\u00e3o CT\/RVT.<\/li>\n<li>Configurar dispositivo de prote\u00e7\u00e3o do sensor de tens\u00e3o: evitar sobretens\u00e3o de sensores de tens\u00e3o de fase e tens\u00e3o de sequ\u00eancia zero.<\/li>\n<\/ol>\n<p>Tipo caixa de tr\u00eas n\u00edveis, estrutura simples e layout compacto.<\/p>\n<p><strong><b>Secund\u00e1rio <\/b><\/strong><strong><b>EU<\/b><\/strong><strong><b>inteligente <\/b><\/strong><strong><b>C<\/b><\/strong><strong><b>controlador <\/b><\/strong><strong><b>P<\/b><\/strong><strong><b>arte:<\/b><\/strong><\/p>\n<ol>\n<li>Em conformidade com a norma IEC 61850 para obter plug and play.<\/li>\n<li>Ele adota um processador de sinal digital de alto desempenho e uma matriz l\u00f3gica program\u00e1vel em campo de grande escala, possui poderosos recursos de processamento de dados em tempo real e ricos recursos de mem\u00f3ria e atende aos requisitos de aplica\u00e7\u00e3o de software de aplicativo avan\u00e7ado e comunica\u00e7\u00e3o, gerenciamento de sistema, intera\u00e7\u00e3o homem-computador e outras fun\u00e7\u00f5es.<\/li>\n<li>Pode ser configurado de forma flex\u00edvel de acordo com as necessidades para facilitar a realiza\u00e7\u00e3o de fun\u00e7\u00f5es de \u201cdois controles remotos\u201d ou \u201ctr\u00eas controles remotos\u201d.<\/li>\n<li>Estrutura modular e padronizada, utilizando barramento serial em tempo real de alta velocidade, expans\u00e3o flex\u00edvel e f\u00e1cil manuten\u00e7\u00e3o.<\/li>\n<li>Baseado no sistema operacional Linux em tempo real, ele adota uma estrutura de software hier\u00e1rquica e modular. Os aplicativos acessam recursos e dados subjacentes por meio de interfaces abertas, separam dados de aplicativos e oferecem suporte a carregamento e descarregamento din\u00e2micos de aplicativos. Os aplicativos s\u00e3o plug-and-play. Fornece uma plataforma de suporte unificada para v\u00e1rios aplicativos de rede de distribui\u00e7\u00e3o inteligente.<\/li>\n<li>Forne\u00e7a um ambiente de desenvolvimento de software semelhante ao de um PC, que pode facilmente abrir novos aplicativos e adicionar novas fun\u00e7\u00f5es.<\/li>\n<li>Design de redund\u00e2ncia de software e hardware, com forte toler\u00e2ncia a falhas, autodiagn\u00f3stico e recursos de autorrecupera\u00e7\u00e3o.<\/li>\n<li>A interface de comunica\u00e7\u00e3o \u00e9 padr\u00e3o e completa, atendendo \u00e0s necessidades de interconex\u00e3o local, manuten\u00e7\u00e3o local e comunica\u00e7\u00e3o remota.<\/li>\n<li>Chip de n\u00edvel industrial, adapt\u00e1vel a uma ampla faixa de temperaturas ambientes (-40~+85\u2103).<\/li>\n<li>Design estrutural exclusivo, com boa resist\u00eancia \u00e0 chuva, umidade, incrusta\u00e7\u00e3o, antivibra\u00e7\u00e3o, ventila\u00e7\u00e3o e capacidade de dissipa\u00e7\u00e3o de calor.<\/li>\n<li>Prote\u00e7\u00e3o rigorosa contra raios e design anti-interfer\u00eancia eletromagn\u00e9tica, a capacidade anti-interfer\u00eancia atende aos requisitos da norma IEC IV.<\/li>\n<\/ol>\n<h2><strong><b>produtos <\/b><\/strong><strong><b>Dimens\u00f5es<\/b><\/strong><\/h2>\n<p><img loading=\"lazy\" decoding=\"async\" class=\"alignnone wp-image-2251 size-large\" src=\"http:\/\/www.xminsulation.com\/wp-content\/uploads\/2024\/05\/\u56fe\u7247157-1-1024x810.png\" alt=\"\" width=\"1024\" height=\"810\" srcset=\"https:\/\/www.xminsulation.com\/wp-content\/uploads\/2024\/05\/\u56fe\u7247157-1-1024x810.png 1024w, https:\/\/www.xminsulation.com\/wp-content\/uploads\/2024\/05\/\u56fe\u7247157-1-300x237.png 300w, https:\/\/www.xminsulation.com\/wp-content\/uploads\/2024\/05\/\u56fe\u7247157-1-768x607.png 768w, https:\/\/www.xminsulation.com\/wp-content\/uploads\/2024\/05\/\u56fe\u7247157-1-1536x1214.png 1536w, https:\/\/www.xminsulation.com\/wp-content\/uploads\/2024\/05\/\u56fe\u7247157-1-600x474.png 600w, https:\/\/www.xminsulation.com\/wp-content\/uploads\/2024\/05\/\u56fe\u7247157-1.png 1538w\" sizes=\"(max-width: 1024px) 100vw, 1024px\" \/> <img loading=\"lazy\" decoding=\"async\" class=\"alignnone wp-image-2252 size-full\" src=\"http:\/\/www.xminsulation.com\/wp-content\/uploads\/2024\/05\/\u56fe\u7247158-1.png\" alt=\"\" width=\"784\" height=\"588\" srcset=\"https:\/\/www.xminsulation.com\/wp-content\/uploads\/2024\/05\/\u56fe\u7247158-1.png 784w, https:\/\/www.xminsulation.com\/wp-content\/uploads\/2024\/05\/\u56fe\u7247158-1-300x225.png 300w, https:\/\/www.xminsulation.com\/wp-content\/uploads\/2024\/05\/\u56fe\u7247158-1-768x576.png 768w, https:\/\/www.xminsulation.com\/wp-content\/uploads\/2024\/05\/\u56fe\u7247158-1-600x450.png 600w\" sizes=\"(max-width: 784px) 100vw, 784px\" \/> <img loading=\"lazy\" decoding=\"async\" class=\"alignnone wp-image-2253 size-full\" src=\"http:\/\/www.xminsulation.com\/wp-content\/uploads\/2024\/05\/\u56fe\u7247159-3.png\" alt=\"\" width=\"900\" height=\"846\" srcset=\"https:\/\/www.xminsulation.com\/wp-content\/uploads\/2024\/05\/\u56fe\u7247159-3.png 900w, https:\/\/www.xminsulation.com\/wp-content\/uploads\/2024\/05\/\u56fe\u7247159-3-300x282.png 300w, https:\/\/www.xminsulation.com\/wp-content\/uploads\/2024\/05\/\u56fe\u7247159-3-768x722.png 768w, https:\/\/www.xminsulation.com\/wp-content\/uploads\/2024\/05\/\u56fe\u7247159-3-600x564.png 600w\" sizes=\"(max-width: 900px) 100vw, 900px\" \/> <img loading=\"lazy\" decoding=\"async\" class=\"alignnone wp-image-2254 size-full\" src=\"http:\/\/www.xminsulation.com\/wp-content\/uploads\/2024\/05\/\u56fe\u7247160-1.png\" alt=\"\" width=\"900\" height=\"784\" srcset=\"https:\/\/www.xminsulation.com\/wp-content\/uploads\/2024\/05\/\u56fe\u7247160-1.png 900w, https:\/\/www.xminsulation.com\/wp-content\/uploads\/2024\/05\/\u56fe\u7247160-1-300x261.png 300w, https:\/\/www.xminsulation.com\/wp-content\/uploads\/2024\/05\/\u56fe\u7247160-1-768x669.png 768w, https:\/\/www.xminsulation.com\/wp-content\/uploads\/2024\/05\/\u56fe\u7247160-1-600x523.png 600w\" sizes=\"(max-width: 900px) 100vw, 900px\" \/> <img loading=\"lazy\" decoding=\"async\" class=\"alignnone wp-image-2255 size-full\" src=\"http:\/\/www.xminsulation.com\/wp-content\/uploads\/2024\/05\/\u56fe\u7247161-2.png\" alt=\"\" width=\"900\" height=\"764\" srcset=\"https:\/\/www.xminsulation.com\/wp-content\/uploads\/2024\/05\/\u56fe\u7247161-2.png 900w, https:\/\/www.xminsulation.com\/wp-content\/uploads\/2024\/05\/\u56fe\u7247161-2-300x255.png 300w, https:\/\/www.xminsulation.com\/wp-content\/uploads\/2024\/05\/\u56fe\u7247161-2-768x652.png 768w, https:\/\/www.xminsulation.com\/wp-content\/uploads\/2024\/05\/\u56fe\u7247161-2-600x509.png 600w\" sizes=\"(max-width: 900px) 100vw, 900px\" \/> <img loading=\"lazy\" decoding=\"async\" class=\"alignnone wp-image-2256 size-full\" src=\"http:\/\/www.xminsulation.com\/wp-content\/uploads\/2024\/05\/\u56fe\u7247162-1.png\" alt=\"\" width=\"754\" height=\"828\" srcset=\"https:\/\/www.xminsulation.com\/wp-content\/uploads\/2024\/05\/\u56fe\u7247162-1.png 754w, https:\/\/www.xminsulation.com\/wp-content\/uploads\/2024\/05\/\u56fe\u7247162-1-273x300.png 273w, https:\/\/www.xminsulation.com\/wp-content\/uploads\/2024\/05\/\u56fe\u7247162-1-600x659.png 600w\" sizes=\"(max-width: 754px) 100vw, 754px\" \/><\/p>\n<h2><strong><b>Instala\u00e7\u00e3o e ajuste<\/b><\/strong><\/h2>\n<ol>\n<li>Verifique se o modelo e as especifica\u00e7\u00f5es do disjuntor est\u00e3o de acordo com o contrato do pedido.<\/li>\n<li>Verifique se os documentos e anexos que acompanham est\u00e3o completos.<\/li>\n<li>Verifique se a superf\u00edcie do disjuntor est\u00e1 machucada e se as partes isolantes est\u00e3o danificadas ou rachadas.<\/li>\n<li>Verifique se a caixa est\u00e1 deformada e verifique sua veda\u00e7\u00e3o.<\/li>\n<li>Os fixadores est\u00e3o soltos?<\/li>\n<li>Opere o disjuntor manualmente ou eletricamente para fechar e abrir 10 vezes, e a abertura e o fechamento devem ser confi\u00e1veis.<\/li>\n<li>Verifique se o ponteiro do man\u00f4metro aponta para a \u00e1rea verde.<\/li>\n<li>Execute o teste de sobrecorrente e o valor de configura\u00e7\u00e3o de sobrecorrente dever\u00e1 atender aos requisitos.<\/li>\n<li>Quando o produto estiver danificado ou apresentar outros problemas, \u00e9 recomend\u00e1vel tirar fotos do dano no local e notificar o fabricante a tempo.<\/li>\n<li>Preste aten\u00e7\u00e3o \u00e0 seguran\u00e7a ao levantar. Voc\u00ea deve prender os quatro an\u00e9is de eleva\u00e7\u00e3o na caixa e levant\u00e1-la horizontalmente.<\/li>\n<li>Fixe o disjuntor no suporte de montagem com parafusos. A superf\u00edcie de montagem deve ser plana. Se os quatro pontos de montagem n\u00e3o estiverem no mesmo plano, arruelas devem ser adicionadas para ajustar e evitar que a estrutura geral do disjuntor seja deformada devido ao estresse.<\/li>\n<li>Quando o disjuntor \u00e9 conectado ao barramento, a extremidade de sa\u00edda do disjuntor n\u00e3o pode ser submetida a tens\u00e3o, press\u00e3o ou torque permanentes.<\/li>\n<li>Ap\u00f3s a instala\u00e7\u00e3o, o disjuntor deve ser inspecionado e limpo.<\/li>\n<\/ol>\n<h2><strong><b>M<\/b><\/strong><strong><b>manuten\u00e7\u00e3o<\/b><\/strong><\/h2>\n<ol>\n<li>O disjuntor deve ser inspecionado regularmente e a contamina\u00e7\u00e3o na superf\u00edcie das pe\u00e7as isolantes deve ser removida.<\/li>\n<li>Verifique regularmente se o ponteiro do man\u00f4metro est\u00e1 na \u00e1rea verde. Se o ponteiro do man\u00f4metro estiver pr\u00f3ximo da \u00e1rea vermelha, entre em contato com o fabricante para manuten\u00e7\u00e3o a tempo.<\/li>\n<li>Para locais com opera\u00e7\u00f5es frequentes, deve-se prestar aten\u00e7\u00e3o ao desgaste dos contatos, e o disjuntor n\u00e3o pode ser usado al\u00e9m dos tempos de interrup\u00e7\u00e3o de curto-circuito e da vida mec\u00e2nica permitidos.<\/li>\n<li>Coisas a serem observadas:<\/li>\n<li>Durante a manuten\u00e7\u00e3o, o disjuntor deve estar em estado de n\u00e3o armazenamento de energia e aberto, e todas as fontes de alimenta\u00e7\u00e3o devem ser desconectadas. Como as molas nos estados de armazenamento de energia e fechamento acumularam energia, se voc\u00ea n\u00e3o for cuidadoso durante a manuten\u00e7\u00e3o, o movimento do mecanismo pode machucar suas m\u00e3os.<\/li>\n<li>A manuten\u00e7\u00e3o deve ser realizada por profissionais.<\/li>\n<li>Ap\u00f3s a manuten\u00e7\u00e3o, especialmente ap\u00f3s a substitui\u00e7\u00e3o de pe\u00e7as ou reajuste, as caracter\u00edsticas mec\u00e2nicas do interruptor devem ser testadas para garantir que ele atenda \u00e0s condi\u00e7\u00f5es t\u00e9cnicas.<\/li>\n<\/ol>\n<h2><strong><b>Ilustra\u00e7\u00e3o da instala\u00e7\u00e3o<\/b><\/strong><\/h2>\n<p><img loading=\"lazy\" decoding=\"async\" class=\"alignnone wp-image-2257 size-full\" src=\"http:\/\/www.xminsulation.com\/wp-content\/uploads\/2024\/05\/\u56fe\u7247163-1.png\" alt=\"\" width=\"958\" height=\"1714\" srcset=\"https:\/\/www.xminsulation.com\/wp-content\/uploads\/2024\/05\/\u56fe\u7247163-1.png 958w, https:\/\/www.xminsulation.com\/wp-content\/uploads\/2024\/05\/\u56fe\u7247163-1-168x300.png 168w, https:\/\/www.xminsulation.com\/wp-content\/uploads\/2024\/05\/\u56fe\u7247163-1-572x1024.png 572w, https:\/\/www.xminsulation.com\/wp-content\/uploads\/2024\/05\/\u56fe\u7247163-1-768x1374.png 768w, https:\/\/www.xminsulation.com\/wp-content\/uploads\/2024\/05\/\u56fe\u7247163-1-859x1536.png 859w, https:\/\/www.xminsulation.com\/wp-content\/uploads\/2024\/05\/\u56fe\u7247163-1-600x1073.png 600w\" sizes=\"(max-width: 958px) 100vw, 958px\" \/><\/p>\n<h2>\u25c6Personaliza\u00e7\u00e3o Especial<\/h2>\n<p>Os par\u00e2metros acima s\u00e3o dados t\u00edpicos; se os estilos existentes n\u00e3o atenderem \u00e0s suas demandas espec\u00edficas, entre em contato conosco para um design personalizado. Temos habilidades significativas de desenvolvimento e produ\u00e7\u00e3o de personaliza\u00e7\u00e3o personalizada, o que nos permite fornecer solu\u00e7\u00f5es personalizadas para clientes em todo o mundo.<\/p>\n<p>&nbsp;<\/p>\n<p>&nbsp;<\/p>\n<p>&nbsp;<\/p>\n<p>&nbsp;<\/p>","protected":false},"excerpt":{"rendered":"<p>Product Description IE-12kV\/630A\u00a0pole-mounted SF6 circuit breaker is a complete set of pole-mounted switch products developed in accordance with primary and secondary fusion standards. The switch has a compact structure, reasonable layout, and complete functions. All indicators meet the primary and secondary fusion technical requirements; built-in high Precision current transformers, zero-sequence current transformers, and zero-sequence voltage [&hellip;]<\/p>","protected":false},"featured_media":2245,"template":"","meta":{"site-sidebar-layout":"default","site-content-layout":"","ast-site-content-layout":"default","site-content-style":"default","site-sidebar-style":"default","ast-global-header-display":"","ast-banner-title-visibility":"","ast-main-header-display":"","ast-hfb-above-header-display":"","ast-hfb-below-header-display":"","ast-hfb-mobile-header-display":"","site-post-title":"","ast-breadcrumbs-content":"","ast-featured-img":"","footer-sml-layout":"","theme-transparent-header-meta":"default","adv-header-id-meta":"","stick-header-meta":"","header-above-stick-meta":"","header-main-stick-meta":"","header-below-stick-meta":"","astra-migrate-meta-layouts":"set","ast-page-background-enabled":"default","ast-page-background-meta":{"desktop":{"background-color":"","background-image":"","background-repeat":"repeat","background-position":"center center","background-size":"auto","background-attachment":"scroll","background-type":"","background-media":"","overlay-type":"","overlay-color":"","overlay-gradient":""},"tablet":{"background-color":"","background-image":"","background-repeat":"repeat","background-position":"center center","background-size":"auto","background-attachment":"scroll","background-type":"","background-media":"","overlay-type":"","overlay-color":"","overlay-gradient":""},"mobile":{"background-color":"","background-image":"","background-repeat":"repeat","background-position":"center center","background-size":"auto","background-attachment":"scroll","background-type":"","background-media":"","overlay-type":"","overlay-color":"","overlay-gradient":""}},"ast-content-background-meta":{"desktop":{"background-color":"var(--ast-global-color-5)","background-image":"","background-repeat":"repeat","background-position":"center center","background-size":"auto","background-attachment":"scroll","background-type":"","background-media":"","overlay-type":"","overlay-color":"","overlay-gradient":""},"tablet":{"background-color":"var(--ast-global-color-5)","background-image":"","background-repeat":"repeat","background-position":"center center","background-size":"auto","background-attachment":"scroll","background-type":"","background-media":"","overlay-type":"","overlay-color":"","overlay-gradient":""},"mobile":{"background-color":"var(--ast-global-color-5)","background-image":"","background-repeat":"repeat","background-position":"center center","background-size":"auto","background-attachment":"scroll","background-type":"","background-media":"","overlay-type":"","overlay-color":"","overlay-gradient":""}}},"product_cat":[25],"product_tag":[],"class_list":{"0":"post-2244","1":"product","2":"type-product","3":"status-publish","4":"has-post-thumbnail","6":"product_cat-10-12kv-outdoor-intelligent-sf6-circuit-breaker","7":"desktop-align-left","8":"tablet-align-left","9":"mobile-align-left","11":"first","12":"instock","13":"shipping-taxable","14":"product-type-simple"},"_links":{"self":[{"href":"https:\/\/www.xminsulation.com\/pt\/wp-json\/wp\/v2\/product\/2244","targetHints":{"allow":["GET"]}}],"collection":[{"href":"https:\/\/www.xminsulation.com\/pt\/wp-json\/wp\/v2\/product"}],"about":[{"href":"https:\/\/www.xminsulation.com\/pt\/wp-json\/wp\/v2\/types\/product"}],"wp:featuredmedia":[{"embeddable":true,"href":"https:\/\/www.xminsulation.com\/pt\/wp-json\/wp\/v2\/media\/2245"}],"wp:attachment":[{"href":"https:\/\/www.xminsulation.com\/pt\/wp-json\/wp\/v2\/media?parent=2244"}],"wp:term":[{"taxonomy":"product_cat","embeddable":true,"href":"https:\/\/www.xminsulation.com\/pt\/wp-json\/wp\/v2\/product_cat?post=2244"},{"taxonomy":"product_tag","embeddable":true,"href":"https:\/\/www.xminsulation.com\/pt\/wp-json\/wp\/v2\/product_tag?post=2244"}],"curies":[{"name":"wp","href":"https:\/\/api.w.org\/{rel}","templated":true}]}}